{"id":4464,"date":"2024-09-04T08:00:34","date_gmt":"2024-09-04T08:00:34","guid":{"rendered":"https:\/\/nuevo-renacer.com\/?page_id=4464"},"modified":"2024-09-04T08:11:56","modified_gmt":"2024-09-04T08:11:56","slug":"el-deber","status":"publish","type":"page","link":"https:\/\/nuevo-renacer.com\/pt\/el-deber\/","title":{"rendered":"O dever"},"content":{"rendered":"<div class=\"wp-block-uagb-container uagb-block-60335df4 alignfull uagb-is-root-container\"><div class=\"uagb-container-inner-blocks-wrap\">\n<p class=\"has-black-color has-text-color has-link-color has-medium-font-size wp-elements-858f579b522f901d81df1e9dae410edf\"><strong>O dever<\/strong><\/p>\n<\/div><\/div>\n\n\n\n<div class=\"wp-block-uagb-container uagb-block-8b99482b alignfull uagb-is-root-container\"><div class=\"uagb-container-inner-blocks-wrap\">\n<figure class=\"wp-block-image size-large is-resized\"><img fetchpriority=\"high\" decoding=\"async\" width=\"1024\" height=\"576\" src=\"https:\/\/nuevo-renacer.com\/wp-content\/uploads\/2024\/09\/wp2268960-1024x576.jpg\" alt=\"\" class=\"wp-image-4466\" style=\"width:348px;height:auto\" srcset=\"https:\/\/nuevo-renacer.com\/wp-content\/uploads\/2024\/09\/wp2268960-1024x576.jpg 1024w, https:\/\/nuevo-renacer.com\/wp-content\/uploads\/2024\/09\/wp2268960-300x169.jpg 300w, https:\/\/nuevo-renacer.com\/wp-content\/uploads\/2024\/09\/wp2268960-768x432.jpg 768w, https:\/\/nuevo-renacer.com\/wp-content\/uploads\/2024\/09\/wp2268960-1536x864.jpg 1536w, https:\/\/nuevo-renacer.com\/wp-content\/uploads\/2024\/09\/wp2268960-18x10.jpg 18w, https:\/\/nuevo-renacer.com\/wp-content\/uploads\/2024\/09\/wp2268960.jpg 1920w\" sizes=\"(max-width: 1024px) 100vw, 1024px\" \/><\/figure>\n<\/div><\/div>\n\n\n\n<div class=\"wp-block-uagb-container uagb-block-c0505d80 alignfull uagb-is-root-container\"><div class=\"uagb-container-inner-blocks-wrap\">\n<p class=\"has-black-color has-text-color has-link-color has-small-font-size wp-elements-5f05d84e09059ad6e7ed1af5990df36d\">O dever \u00e9 o conjunto das prescri\u00e7\u00f5es da lei moral, a regra de conduta do homem em suas rela\u00e7\u00f5es com seus semelhantes e com todo o universo. Figura nobre e sagrada, ele paira sobre a humanidade, inspirando grandes sacrif\u00edcios, abnega\u00e7\u00f5es puras e belos entusiasmos. Sorridente para alguns, temeroso para outros, sempre inflex\u00edvel, ele se ergue diante de n\u00f3s e nos mostra a escada do progresso, cujos degraus se perdem em alturas imensur\u00e1veis.<\/p>\n\n\n\n<p class=\"has-black-color has-text-color has-link-color has-small-font-size wp-elements-5410bfb8292cee365849f0a267e45971\">O dever n\u00e3o \u00e9 o mesmo para todos. Ele varia de acordo com nossa condi\u00e7\u00e3o e nosso conhecimento. Quanto mais nos elevamos, mais grandeza, majestade e extens\u00e3o ele adquire aos nossos olhos. E sua adora\u00e7\u00e3o \u00e9 sempre doce e boa, e a submiss\u00e3o \u00e0s suas leis \u00e9 f\u00e9rtil em alegrias \u00edntimas que nada pode igualar.<\/p>\n\n\n\n<p class=\"has-black-color has-text-color has-link-color has-small-font-size wp-elements-00c864e4622eee6b03b900e7b1956862\">Por mais sombria que seja a condi\u00e7\u00e3o de um homem, por mais humilde que seja sua sorte, o dever domina e enobrece sua vida. A ele devemos essa serenidade de esp\u00edrito, essa calma interior, mais preciosa do que todos os bens da terra, que podemos saborear mesmo em meio ao sofrimento, e que nosso destino deve seguir sua linha rigorosa; mas sempre podemos, mesmo em meio \u00e0s tempestades, assegurar para n\u00f3s mesmos a paz de consci\u00eancia, a satisfa\u00e7\u00e3o que o cumprimento do dever traz para n\u00f3s mesmos.<\/p>\n\n\n\n<p class=\"has-black-color has-text-color has-link-color has-small-font-size wp-elements-6b2f173602b6574cace4896eebbbbec3\">O sentimento de dever est\u00e1 profundamente enraizado em todo esp\u00edrito elevado. Ele segue seu caminho sem esfor\u00e7o; por uma tend\u00eancia natural, o resultado do progresso adquirido, ele se afasta das coisas vis e direciona os impulsos de seu Ser para o bem. O dever ent\u00e3o se torna uma obriga\u00e7\u00e3o de todo momento, a pr\u00f3pria condi\u00e7\u00e3o da exist\u00eancia, um poder ao qual nos sentimos indissoluvelmente ligados, tanto na vida quanto na morte.<\/p>\n\n\n\n<p class=\"has-black-color has-text-color has-link-color has-small-font-size wp-elements-18a37a1e2e8d38563fa5a1154d7447d2\">O dever tem muitas formas. H\u00e1 o dever para com n\u00f3s mesmos, que consiste em nos respeitarmos, nos governarmos com sabedoria, em n\u00e3o faltarmos, em fazermos somente o que \u00e9 digno, \u00fatil e bom. H\u00e1 o dever profissional, que exige que cumpramos conscientemente as obriga\u00e7\u00f5es de nosso cargo. H\u00e1 o dever social, que nos convida a amar os homens, a trabalhar por eles, a servir fielmente nosso pa\u00eds e a humanidade. Existe o dever para com Deus. O dever n\u00e3o tem limites. Ele sempre pode ser melhorado e, na autoimola\u00e7\u00e3o, o Eu encontra o meio mais seguro de autoengrandecimento e autopurifica\u00e7\u00e3o.<\/p>\n\n\n\n<p class=\"has-black-color has-text-color has-link-color has-small-font-size wp-elements-c527fb31e39444ac7c8035e3b1e45fd3\">A honestidade \u00e9 a pr\u00f3pria ess\u00eancia do homem moral. Assim que se afasta dela, ele se torna infeliz. O homem honesto faz o bem pelo bem, sem buscar aprova\u00e7\u00e3o ou recompensa. Ignorando o \u00f3dio e a vingan\u00e7a, ele esquece as ofensas e perdoa seus inimigos. Ele \u00e9 gentil com todos e caridoso com os humildes. Em cada homem, ele v\u00ea um irm\u00e3o, independentemente de seu pa\u00eds e de sua f\u00e9. Cheio de toler\u00e2ncia, ele respeita as cren\u00e7as sinceras, perdoa as falhas dos outros, destaca suas virtudes e nunca murmura. Ele usa com modera\u00e7\u00e3o os bens que a vida lhe concede, dedica-os \u00e0 melhoria social e, na pobreza, n\u00e3o inveja ningu\u00e9m.<\/p>\n\n\n\n<p class=\"has-black-color has-text-color has-link-color has-small-font-size wp-elements-baec94e1fa4c9b8aadfe72423c8c328c\">A honestidade perante o mundo nem sempre \u00e9 honestidade de acordo com as leis divinas. A opini\u00e3o p\u00fablica tem seu valor; ela ado\u00e7a a pr\u00e1tica do bem, mas n\u00e3o pode ser considerada infal\u00edvel. O homem sensato n\u00e3o a despreza, sem d\u00favida; mas quando ela \u00e9 injusta ou insuficiente, ele a desconsidera e ajusta seu dever a uma regra mais segura. O m\u00e9rito e a virtude \u00e0s vezes s\u00e3o desconhecidos na Terra, e os julgamentos da multid\u00e3o s\u00e3o frequentemente influenciados por suas paix\u00f5es e interesses materiais. Acima de tudo, o homem honesto busca sua pr\u00f3pria avalia\u00e7\u00e3o e a aprova\u00e7\u00e3o de sua consci\u00eancia.<\/p>\n\n\n\n<p class=\"has-black-color has-text-color has-link-color has-small-font-size wp-elements-9b4fcd46b4aaedf8c61065ec9728e307\">Aquele que compreendeu todo o escopo moral do ensino esp\u00edrita tem uma concep\u00e7\u00e3o ainda mais elevada do dever. Ele sabe que a responsabilidade \u00e9 correlativa ao conhecimento; que a posse dos segredos de al\u00e9m-t\u00famulo imp\u00f5e a ele a obriga\u00e7\u00e3o de trabalhar com mais energia para a melhoria de si mesmo e de seus irm\u00e3os. As vozes do alto fizeram seus ecos vibrarem nele e despertaram for\u00e7as adormecidas na maioria dos homens, chamando-o poderosamente em sua marcha ascendente. Um ideal nobre ao mesmo tempo o estimula e o atormenta, e o torna alvo da zombaria dos \u00edmpios, mas ele n\u00e3o o trocaria por todos os tesouros de um imp\u00e9rio. A pr\u00e1tica da caridade se tornou f\u00e1cil para ele. Ela o ensinou a desenvolver sua sensibilidade e suas qualidades afetivas. Compassivo e bom, ele sofre por todos os males da humanidade; quer compartilhar com seus companheiros de infort\u00fanio as esperan\u00e7as que o sustentam; gostaria de enxugar todas as l\u00e1grimas, curar todas as feridas, suprimir toda a dor...<\/p>\n\n\n\n<p class=\"has-black-color has-text-color has-link-color has-small-font-size wp-elements-9c31219bac0eb9cd647ff266e5c882a5\">A pr\u00e1tica constante do dever leva \u00e0 perfei\u00e7\u00e3o. Para acelerar isso, devemos primeiro nos estudar cuidadosamente e submeter nossas a\u00e7\u00f5es a um julgamento escrupuloso. N\u00e3o se pode remediar o mal sem conhec\u00ea-lo.<\/p>\n\n\n\n<p class=\"has-black-color has-text-color has-link-color has-small-font-size wp-elements-4844fdf0cdef65cbd0bd8f24c8f5dc09\">Podemos at\u00e9 estudar a n\u00f3s mesmos em outros homens. Se algum v\u00edcio, se algum defeito desagrad\u00e1vel nos atingir neles, investiguemos cuidadosamente se existe um germe id\u00eantico em n\u00f3s e, se o descobrirmos, dediquemo-nos a arranc\u00e1-lo.<\/p>\n\n\n\n<p class=\"has-black-color has-text-color has-link-color has-small-font-size wp-elements-ae82c9f260e7c8a5bbf6cdc22ee5db43\">Consideremos nossa alma pelo que ela realmente \u00e9, ou seja, uma obra admir\u00e1vel, embora muito imperfeita, e observemos que \u00e9 nosso dever embelez\u00e1-la e adorn\u00e1-la sem cessar. Esse pensamento de nossa imperfei\u00e7\u00e3o nos tornar\u00e1 mais modestos e manter\u00e1 a presun\u00e7\u00e3o e a vaidade tola longe de n\u00f3s.<\/p>\n\n\n\n<p class=\"has-black-color has-text-color has-link-color has-small-font-size wp-elements-7d6b7df6a67180d4533410733aefe87b\">Vamos nos submeter a uma disciplina rigorosa. Assim como o arbusto recebe a forma e a dire\u00e7\u00e3o corretas, tamb\u00e9m podemos modificar as tend\u00eancias de nosso Ser moral. O h\u00e1bito do bem torna sua pr\u00e1tica confort\u00e1vel. Somente os primeiros esfor\u00e7os s\u00e3o dolorosos. Vamos aprender, antes de tudo, a dominar a n\u00f3s mesmos. As impress\u00f5es s\u00e3o ef\u00eameras e mut\u00e1veis; a vontade \u00e9 o fundo s\u00f3lido da alma. Aprendamos a governar essa vontade, a nos tornarmos mestres de nossas impress\u00f5es, a nunca sermos dominados por elas.<\/p>\n\n\n\n<p class=\"has-black-color has-text-color has-link-color has-small-font-size wp-elements-83a883e1e2039b6fc2dc7cee58620ea4\">O homem n\u00e3o deve se isolar de seus semelhantes. Mas \u00e9 importante que ele escolha suas rela\u00e7\u00f5es, seus amigos, que decida viver em um ambiente honesto e puro, onde s\u00f3 reinam boas influ\u00eancias, onde s\u00f3 h\u00e1 fluidos pac\u00edficos e ben\u00e9ficos.<\/p>\n\n\n\n<p class=\"has-black-color has-text-color has-link-color has-small-font-size wp-elements-ef05a2a6830a57707bd8e4121163ae2a\">Evitemos conversas fr\u00edvolas, conversas ociosas que levam \u00e0 cal\u00fania. Seja qual for o resultado, falemos sempre a verdade. Mergulhemos com frequ\u00eancia no estudo e no recolhimento. Dessa forma, a alma encontra nova for\u00e7a e nova luz. Que possamos dizer a n\u00f3s mesmos no final de cada dia: \u201cFiz um trabalho \u00fatil, tive sucesso, ajudei, consolei os infelizes, iluminei meus irm\u00e3os, trabalhei para torn\u00e1-los melhores, cumpri meu dever\u201d.<\/p>\n\n\n\n<p class=\"has-black-color has-text-color has-link-color has-small-font-size wp-elements-09dae45045db68bcba0af65ffd159c25\"><strong><em>Le\u00f3n Denis <\/em><\/strong>&#8211; <em>\u2013 O caminho reto \u2503 Conceito esp\u00edrita da lei moral<\/em><\/p>\n<\/div><\/div>","protected":false},"excerpt":{"rendered":"<p>El deber El deber es el conjunto de prescripciones de la ley moral, la regla de conducta del hombre en sus relaciones con sus semejantes y con el Universo entero. Noble y santa figura, se cierne por encima de la humanidad, inspira los grandes sacrificios, las puras abnegaciones y los hermosos entusiasmos. Sonriente para unos, [&hellip;]<\/p>","protected":false},"author":1,"featured_media":4466,"parent":0,"menu_order":0,"comment_status":"closed","ping_status":"closed","template":"","meta":{"_uag_custom_page_level_css":"","site-sidebar-layout":"default","site-content-layout":"","ast-site-content-layout":"default","site-content-style":"default","site-sidebar-style":"default","ast-global-header-display":"","ast-banner-title-visibility":"","ast-main-header-display":"","ast-hfb-above-header-display":"","ast-hfb-below-header-display":"","ast-hfb-mobile-header-display":"","site-post-title":"","ast-breadcrumbs-content":"","ast-featured-img":"","footer-sml-layout":"","theme-transparent-header-meta":"","adv-header-id-meta":"","stick-header-meta":"","header-above-stick-meta":"","header-main-stick-meta":"","header-below-stick-meta":"","astra-migrate-meta-layouts":"set","ast-page-background-enabled":"default","ast-page-background-meta":{"desktop":{"background-color":"var(--ast-global-color-4)","background-image":"","background-repeat":"repeat","background-position":"center center","background-size":"auto","background-attachment":"scroll","background-type":"","background-media":"","overlay-type":"","overlay-color":"","overlay-opacity":"","overlay-gradient":""},"tablet":{"background-color":"","background-image":"","background-repeat":"repeat","background-position":"center center","background-size":"auto","background-attachment":"scroll","background-type":"","background-media":"","overlay-type":"","overlay-color":"","overlay-opacity":"","overlay-gradient":""},"mobile":{"background-color":"","background-image":"","background-repeat":"repeat","background-position":"center center","background-size":"auto","background-attachment":"scroll","background-type":"","background-media":"","overlay-type":"","overlay-color":"","overlay-opacity":"","overlay-gradient":""}},"ast-content-background-meta":{"desktop":{"background-color":"var(--ast-global-color-5)","background-image":"","background-repeat":"repeat","background-position":"center center","background-size":"auto","background-attachment":"scroll","background-type":"","background-media":"","overlay-type":"","overlay-color":"","overlay-opacity":"","overlay-gradient":""},"tablet":{"background-color":"var(--ast-global-color-5)","background-image":"","background-repeat":"repeat","background-position":"center center","background-size":"auto","background-attachment":"scroll","background-type":"","background-media":"","overlay-type":"","overlay-color":"","overlay-opacity":"","overlay-gradient":""},"mobile":{"background-color":"var(--ast-global-color-5)","background-image":"","background-repeat":"repeat","background-position":"center center","background-size":"auto","background-attachment":"scroll","background-type":"","background-media":"","overlay-type":"","overlay-color":"","overlay-opacity":"","overlay-gradient":""}},"footnotes":""},"class_list":["post-4464","page","type-page","status-publish","has-post-thumbnail","hentry"],"yoast_head":"<!-- This site is optimized with the Yoast SEO Premium plugin v24.2 (Yoast SEO v24.6) - https:\/\/yoast.com\/wordpress\/plugins\/seo\/ -->\n<title>El deber - Uni\u00f3n Esp\u00edrita<\/title>\n<meta name=\"robots\" content=\"index, follow, max-snippet:-1, max-image-preview:large, max-video-preview:-1\" \/>\n<link rel=\"canonical\" href=\"https:\/\/nuevo-renacer.com\/pt\/el-deber\/\" \/>\n<meta property=\"og:locale\" content=\"pt_BR\" \/>\n<meta property=\"og:type\" content=\"article\" \/>\n<meta property=\"og:title\" content=\"El deber\" \/>\n<meta property=\"og:description\" content=\"El deber El deber es el conjunto de prescripciones de la ley moral, la regla de conducta del hombre en sus relaciones con sus semejantes y con el Universo entero. Noble y santa figura, se cierne por encima de la humanidad, inspira los grandes sacrificios, las puras abnegaciones y los hermosos entusiasmos. Sonriente para unos, [&hellip;]\" \/>\n<meta property=\"og:url\" content=\"https:\/\/nuevo-renacer.com\/pt\/el-deber\/\" \/>\n<meta property=\"og:site_name\" content=\"Uni\u00f3n Esp\u00edrita\" \/>\n<meta property=\"article:publisher\" content=\"https:\/\/www.facebook.com\/groups\/3431398063740829\" \/>\n<meta property=\"article:modified_time\" content=\"2024-09-04T08:11:56+00:00\" \/>\n<meta property=\"og:image\" content=\"https:\/\/nuevo-renacer.com\/wp-content\/uploads\/2024\/09\/wp2268960.jpg\" \/>\n\t<meta property=\"og:image:width\" content=\"1920\" \/>\n\t<meta property=\"og:image:height\" content=\"1080\" \/>\n\t<meta property=\"og:image:type\" content=\"image\/jpeg\" \/>\n<meta name=\"twitter:card\" content=\"summary_large_image\" \/>\n<meta name=\"twitter:label1\" content=\"Est. tempo de leitura\" \/>\n\t<meta name=\"twitter:data1\" content=\"6 minutos\" \/>\n<script type=\"application\/ld+json\" class=\"yoast-schema-graph\">{\"@context\":\"https:\/\/schema.org\",\"@graph\":[{\"@type\":\"WebPage\",\"@id\":\"https:\/\/nuevo-renacer.com\/el-deber\/\",\"url\":\"https:\/\/nuevo-renacer.com\/el-deber\/\",\"name\":\"El deber - Uni\u00f3n Esp\u00edrita\",\"isPartOf\":{\"@id\":\"https:\/\/nuevo-renacer.com\/#website\"},\"primaryImageOfPage\":{\"@id\":\"https:\/\/nuevo-renacer.com\/el-deber\/#primaryimage\"},\"image\":{\"@id\":\"https:\/\/nuevo-renacer.com\/el-deber\/#primaryimage\"},\"thumbnailUrl\":\"https:\/\/nuevo-renacer.com\/wp-content\/uploads\/2024\/09\/wp2268960.jpg\",\"datePublished\":\"2024-09-04T08:00:34+00:00\",\"dateModified\":\"2024-09-04T08:11:56+00:00\",\"breadcrumb\":{\"@id\":\"https:\/\/nuevo-renacer.com\/el-deber\/#breadcrumb\"},\"inLanguage\":\"pt-BR\",\"potentialAction\":[{\"@type\":\"ReadAction\",\"target\":[\"https:\/\/nuevo-renacer.com\/el-deber\/\"]}]},{\"@type\":\"ImageObject\",\"inLanguage\":\"pt-BR\",\"@id\":\"https:\/\/nuevo-renacer.com\/el-deber\/#primaryimage\",\"url\":\"https:\/\/nuevo-renacer.com\/wp-content\/uploads\/2024\/09\/wp2268960.jpg\",\"contentUrl\":\"https:\/\/nuevo-renacer.com\/wp-content\/uploads\/2024\/09\/wp2268960.jpg\",\"width\":1920,\"height\":1080},{\"@type\":\"BreadcrumbList\",\"@id\":\"https:\/\/nuevo-renacer.com\/el-deber\/#breadcrumb\",\"itemListElement\":[{\"@type\":\"ListItem\",\"position\":1,\"name\":\"Startseite\",\"item\":\"https:\/\/nuevo-renacer.com\/\"},{\"@type\":\"ListItem\",\"position\":2,\"name\":\"El deber\"}]},{\"@type\":\"WebSite\",\"@id\":\"https:\/\/nuevo-renacer.com\/#website\",\"url\":\"https:\/\/nuevo-renacer.com\/\",\"name\":\"Uni\u00f3n Esp\u00edrita\",\"description\":\"Nuevo Renacer\",\"publisher\":{\"@id\":\"https:\/\/nuevo-renacer.com\/#organization\"},\"potentialAction\":[{\"@type\":\"SearchAction\",\"target\":{\"@type\":\"EntryPoint\",\"urlTemplate\":\"https:\/\/nuevo-renacer.com\/?s={search_term_string}\"},\"query-input\":{\"@type\":\"PropertyValueSpecification\",\"valueRequired\":true,\"valueName\":\"search_term_string\"}}],\"inLanguage\":\"pt-BR\"},{\"@type\":\"Organization\",\"@id\":\"https:\/\/nuevo-renacer.com\/#organization\",\"name\":\"UFEC\",\"url\":\"https:\/\/nuevo-renacer.com\/\",\"logo\":{\"@type\":\"ImageObject\",\"inLanguage\":\"pt-BR\",\"@id\":\"https:\/\/nuevo-renacer.com\/#\/schema\/logo\/image\/\",\"url\":\"https:\/\/nuevo-renacer.com\/wp-content\/uploads\/2024\/05\/cropped-LOGO-TERMINADO1-3-3.png\",\"contentUrl\":\"https:\/\/nuevo-renacer.com\/wp-content\/uploads\/2024\/05\/cropped-LOGO-TERMINADO1-3-3.png\",\"width\":512,\"height\":512,\"caption\":\"UFEC\"},\"image\":{\"@id\":\"https:\/\/nuevo-renacer.com\/#\/schema\/logo\/image\/\"},\"sameAs\":[\"https:\/\/www.facebook.com\/groups\/3431398063740829\"]}]}<\/script>\n<!-- \/ Yoast SEO Premium plugin. -->","yoast_head_json":{"title":"El deber - Uni\u00f3n Esp\u00edrita","robots":{"index":"index","follow":"follow","max-snippet":"max-snippet:-1","max-image-preview":"max-image-preview:large","max-video-preview":"max-video-preview:-1"},"canonical":"https:\/\/nuevo-renacer.com\/pt\/el-deber\/","og_locale":"pt_BR","og_type":"article","og_title":"El deber","og_description":"El deber El deber es el conjunto de prescripciones de la ley moral, la regla de conducta del hombre en sus relaciones con sus semejantes y con el Universo entero. Noble y santa figura, se cierne por encima de la humanidad, inspira los grandes sacrificios, las puras abnegaciones y los hermosos entusiasmos. Sonriente para unos, [&hellip;]","og_url":"https:\/\/nuevo-renacer.com\/pt\/el-deber\/","og_site_name":"Uni\u00f3n Esp\u00edrita","article_publisher":"https:\/\/www.facebook.com\/groups\/3431398063740829","article_modified_time":"2024-09-04T08:11:56+00:00","og_image":[{"width":1920,"height":1080,"url":"https:\/\/nuevo-renacer.com\/wp-content\/uploads\/2024\/09\/wp2268960.jpg","type":"image\/jpeg"}],"twitter_card":"summary_large_image","twitter_misc":{"Est. tempo de leitura":"6 minutos"},"schema":{"@context":"https:\/\/schema.org","@graph":[{"@type":"WebPage","@id":"https:\/\/nuevo-renacer.com\/el-deber\/","url":"https:\/\/nuevo-renacer.com\/el-deber\/","name":"El deber - Uni\u00f3n Esp\u00edrita","isPartOf":{"@id":"https:\/\/nuevo-renacer.com\/#website"},"primaryImageOfPage":{"@id":"https:\/\/nuevo-renacer.com\/el-deber\/#primaryimage"},"image":{"@id":"https:\/\/nuevo-renacer.com\/el-deber\/#primaryimage"},"thumbnailUrl":"https:\/\/nuevo-renacer.com\/wp-content\/uploads\/2024\/09\/wp2268960.jpg","datePublished":"2024-09-04T08:00:34+00:00","dateModified":"2024-09-04T08:11:56+00:00","breadcrumb":{"@id":"https:\/\/nuevo-renacer.com\/el-deber\/#breadcrumb"},"inLanguage":"pt-BR","potentialAction":[{"@type":"ReadAction","target":["https:\/\/nuevo-renacer.com\/el-deber\/"]}]},{"@type":"ImageObject","inLanguage":"pt-BR","@id":"https:\/\/nuevo-renacer.com\/el-deber\/#primaryimage","url":"https:\/\/nuevo-renacer.com\/wp-content\/uploads\/2024\/09\/wp2268960.jpg","contentUrl":"https:\/\/nuevo-renacer.com\/wp-content\/uploads\/2024\/09\/wp2268960.jpg","width":1920,"height":1080},{"@type":"BreadcrumbList","@id":"https:\/\/nuevo-renacer.com\/el-deber\/#breadcrumb","itemListElement":[{"@type":"ListItem","position":1,"name":"Startseite","item":"https:\/\/nuevo-renacer.com\/"},{"@type":"ListItem","position":2,"name":"El deber"}]},{"@type":"WebSite","@id":"https:\/\/nuevo-renacer.com\/#website","url":"https:\/\/nuevo-renacer.com\/","name":"Uni\u00f3n Esp\u00edrita","description":"Nuevo Renacer","publisher":{"@id":"https:\/\/nuevo-renacer.com\/#organization"},"potentialAction":[{"@type":"SearchAction","target":{"@type":"EntryPoint","urlTemplate":"https:\/\/nuevo-renacer.com\/?s={search_term_string}"},"query-input":{"@type":"PropertyValueSpecification","valueRequired":true,"valueName":"search_term_string"}}],"inLanguage":"pt-BR"},{"@type":"Organization","@id":"https:\/\/nuevo-renacer.com\/#organization","name":"UFEC","url":"https:\/\/nuevo-renacer.com\/","logo":{"@type":"ImageObject","inLanguage":"pt-BR","@id":"https:\/\/nuevo-renacer.com\/#\/schema\/logo\/image\/","url":"https:\/\/nuevo-renacer.com\/wp-content\/uploads\/2024\/05\/cropped-LOGO-TERMINADO1-3-3.png","contentUrl":"https:\/\/nuevo-renacer.com\/wp-content\/uploads\/2024\/05\/cropped-LOGO-TERMINADO1-3-3.png","width":512,"height":512,"caption":"UFEC"},"image":{"@id":"https:\/\/nuevo-renacer.com\/#\/schema\/logo\/image\/"},"sameAs":["https:\/\/www.facebook.com\/groups\/3431398063740829"]}]}},"uagb_featured_image_src":{"full":["https:\/\/nuevo-renacer.com\/wp-content\/uploads\/2024\/09\/wp2268960.jpg",1920,1080,false],"thumbnail":["https:\/\/nuevo-renacer.com\/wp-content\/uploads\/2024\/09\/wp2268960-150x150.jpg",150,150,true],"medium":["https:\/\/nuevo-renacer.com\/wp-content\/uploads\/2024\/09\/wp2268960-300x169.jpg",300,169,true],"medium_large":["https:\/\/nuevo-renacer.com\/wp-content\/uploads\/2024\/09\/wp2268960-768x432.jpg",768,432,true],"large":["https:\/\/nuevo-renacer.com\/wp-content\/uploads\/2024\/09\/wp2268960-1024x576.jpg",1024,576,true],"1536x1536":["https:\/\/nuevo-renacer.com\/wp-content\/uploads\/2024\/09\/wp2268960-1536x864.jpg",1536,864,true],"2048x2048":["https:\/\/nuevo-renacer.com\/wp-content\/uploads\/2024\/09\/wp2268960.jpg",1920,1080,false],"trp-custom-language-flag":["https:\/\/nuevo-renacer.com\/wp-content\/uploads\/2024\/09\/wp2268960-18x10.jpg",18,10,true]},"uagb_author_info":{"display_name":"adbv0","author_link":"https:\/\/nuevo-renacer.com\/pt\/author\/adbv0\/"},"uagb_comment_info":0,"uagb_excerpt":"El deber El deber es el conjunto de prescripciones de la ley moral, la regla de conducta del hombre en sus relaciones con sus semejantes y con el Universo entero. Noble y santa figura, se cierne por encima de la humanidad, inspira los grandes sacrificios, las puras abnegaciones y los hermosos entusiasmos. Sonriente para unos,&hellip;","jetpack_sharing_enabled":true,"_links":{"self":[{"href":"https:\/\/nuevo-renacer.com\/pt\/wp-json\/wp\/v2\/pages\/4464","targetHints":{"allow":["GET"]}}],"collection":[{"href":"https:\/\/nuevo-renacer.com\/pt\/wp-json\/wp\/v2\/pages"}],"about":[{"href":"https:\/\/nuevo-renacer.com\/pt\/wp-json\/wp\/v2\/types\/page"}],"author":[{"embeddable":true,"href":"https:\/\/nuevo-renacer.com\/pt\/wp-json\/wp\/v2\/users\/1"}],"replies":[{"embeddable":true,"href":"https:\/\/nuevo-renacer.com\/pt\/wp-json\/wp\/v2\/comments?post=4464"}],"version-history":[{"count":3,"href":"https:\/\/nuevo-renacer.com\/pt\/wp-json\/wp\/v2\/pages\/4464\/revisions"}],"predecessor-version":[{"id":4470,"href":"https:\/\/nuevo-renacer.com\/pt\/wp-json\/wp\/v2\/pages\/4464\/revisions\/4470"}],"wp:featuredmedia":[{"embeddable":true,"href":"https:\/\/nuevo-renacer.com\/pt\/wp-json\/wp\/v2\/media\/4466"}],"wp:attachment":[{"href":"https:\/\/nuevo-renacer.com\/pt\/wp-json\/wp\/v2\/media?parent=4464"}],"curies":[{"name":"wp","href":"https:\/\/api.w.org\/{rel}","templated":true}]}}