{"id":4407,"date":"2024-09-03T08:15:39","date_gmt":"2024-09-03T08:15:39","guid":{"rendered":"https:\/\/nuevo-renacer.com\/?page_id=4407"},"modified":"2024-09-03T08:15:41","modified_gmt":"2024-09-03T08:15:41","slug":"juana-de-arco","status":"publish","type":"page","link":"https:\/\/nuevo-renacer.com\/pt\/juana-de-arco\/","title":{"rendered":"Joana D'Arc"},"content":{"rendered":"<div class=\"wp-block-uagb-container uagb-block-f4634d29 alignfull uagb-is-root-container\"><div class=\"uagb-container-inner-blocks-wrap\">\n<p class=\"has-black-color has-text-color has-link-color has-medium-font-size wp-elements-e80af57ebb19efe42e734ae1dd686d32\"><strong>Joana D'Arc<\/strong><\/p>\n<\/div><\/div>\n\n\n\n<div class=\"wp-block-uagb-container uagb-block-e1510548 alignfull uagb-is-root-container\"><div class=\"uagb-container-inner-blocks-wrap\">\n<figure class=\"wp-block-image size-full is-resized\"><img fetchpriority=\"high\" decoding=\"async\" width=\"550\" height=\"757\" src=\"https:\/\/nuevo-renacer.com\/wp-content\/uploads\/2024\/09\/los-ultimos-instantes-en-el-panteon-de-paris-se-exhibe-esta-pintura-en-la-que-jules-eugene-lenepveu-evoco-con-afan-realista-los-ultimos-minutos-de-la-vida-de-juana-de-arco-siglo-xix_b8cfd2e4_550x757.jpg\" alt=\"\" class=\"wp-image-4410\" style=\"width:251px;height:auto\" srcset=\"https:\/\/nuevo-renacer.com\/wp-content\/uploads\/2024\/09\/los-ultimos-instantes-en-el-panteon-de-paris-se-exhibe-esta-pintura-en-la-que-jules-eugene-lenepveu-evoco-con-afan-realista-los-ultimos-minutos-de-la-vida-de-juana-de-arco-siglo-xix_b8cfd2e4_550x757.jpg 550w, https:\/\/nuevo-renacer.com\/wp-content\/uploads\/2024\/09\/los-ultimos-instantes-en-el-panteon-de-paris-se-exhibe-esta-pintura-en-la-que-jules-eugene-lenepveu-evoco-con-afan-realista-los-ultimos-minutos-de-la-vida-de-juana-de-arco-siglo-xix_b8cfd2e4_550x757-218x300.jpg 218w, https:\/\/nuevo-renacer.com\/wp-content\/uploads\/2024\/09\/los-ultimos-instantes-en-el-panteon-de-paris-se-exhibe-esta-pintura-en-la-que-jules-eugene-lenepveu-evoco-con-afan-realista-los-ultimos-minutos-de-la-vida-de-juana-de-arco-siglo-xix_b8cfd2e4_550x757-9x12.jpg 9w\" sizes=\"(max-width: 550px) 100vw, 550px\" \/><\/figure>\n<\/div><\/div>\n\n\n\n<div class=\"wp-block-uagb-container uagb-block-1405f0fd alignfull uagb-is-root-container\"><div class=\"uagb-container-inner-blocks-wrap\">\n<p class=\"has-black-color has-text-color has-link-color has-small-font-size wp-elements-dee2990e251e549c01fdda1aebacb556\">A Fran\u00e7a era um pa\u00eds que se curvava ao poder ingl\u00eas. N\u00e3o era exatamente um pa\u00eds como o conhecemos hoje. Era formada por v\u00e1rios feudos. E foi em um vilarejo at\u00e9 ent\u00e3o desconhecido que, em 1412, nasceu uma menina que se tornaria uma famosa e c\u00e9lebre Domremy.<\/p>\n\n\n\n<p class=\"has-black-color has-text-color has-link-color has-small-font-size wp-elements-95fbad4078f72ed703a48dd3be00bdc8\">Filha de camponeses pobres, aprendeu a fiar l\u00e3 com sua m\u00e3e e cuidava do rebanho de ovelhas. Ela tinha tr\u00eas irm\u00e3os e uma irm\u00e3. Ela n\u00e3o aprendeu a ler nem a escrever, pois o trabalho logo tomou todas as suas horas. A aldeia era bastante remota e os rumores de guerra demoravam a chegar at\u00e9 ela. Finalmente, um dia, Joana D'Arc se deparou com os horrores da guerra quando as tropas inglesas se aproximaram e toda a fam\u00edlia teve de fugir e se esconder.<\/p>\n\n\n\n<p class=\"has-black-color has-text-color has-link-color has-small-font-size wp-elements-49e65a468bacf00abfda0806e559895b\">Aos 12 anos de idade, ele come\u00e7ou a ter vis\u00f5es. Era um dia de ver\u00e3o ao meio-dia. Joan estava orando no jardim perto de sua casa quando ouviu uma voz que lhe dizia para confiar no Senhor. A figura que ela viu foi identificada como o Arcanjo Miguel. As duas mensageiras espirituais que a acompanhavam, Catherine e Margaret, eram santas de acordo com a igreja que ela frequentava.<\/p>\n\n\n\n<p class=\"has-black-color has-text-color has-link-color has-small-font-size wp-elements-45202835b2936fd152d4bdcb99deb567\">Eles conversaram com ela sobre a situa\u00e7\u00e3o do pa\u00eds e lhe revelaram sua miss\u00e3o. Ela deveria vir em aux\u00edlio do Delfim e coro\u00e1-lo rei da Fran\u00e7a. Durante quatro anos, ela hesitou e a hist\u00f3ria de suas vis\u00f5es come\u00e7ou a se espalhar. Ao amanhecer em um dia de inverno, ela se levantou. Estava determinada. Fez uma pequena mala, um pequeno pacote, um bast\u00e3o de viagem, despediu-se de seus pais e partiu. Aquela aldeia de Lorraine nunca mais a veria.<\/p>\n\n\n\n<p class=\"has-black-color has-text-color has-link-color has-small-font-size wp-elements-108b590d61ed65ff22e7b08697bacc72\">Ela foi para Vaucouleurs, onde morava um de seus tios, que acreditou nela e a acompanhou at\u00e9 Chinon, ao Pal\u00e1cio Real. A situa\u00e7\u00e3o era muito s\u00e9ria. A Guerra dos Cem Anos estava em um ponto de inflex\u00e3o. O Delfim Carlos estava fraco demais para tomar uma decis\u00e3o. As for\u00e7as inglesas haviam tomado a maior parte do pa\u00eds e ele teve de enviar refor\u00e7os para Orleans. No entanto, ele tinha poucos soldados \u00e0 sua disposi\u00e7\u00e3o e nenhum l\u00edder para comand\u00e1-los.<\/p>\n\n\n\n<p class=\"has-black-color has-text-color has-link-color has-small-font-size wp-elements-1445048f9f24084bb64f8398636777d0\">Foi ent\u00e3o que Jeanne apareceu no pal\u00e1cio. A camponesa analfabeta havia viajado dez dias e dez noites para chegar a Chinon. Ela afirma que est\u00e1 sendo enviada por mensageiros celestiais. Ela deveria ver o Delfim e depois liderar o ex\u00e9rcito para libertar Orleans. Charles recebe a not\u00edcia com espanto e decide colocar a garota \u00e0 prova. Ele se esconde entre seus cortes\u00e3os, mas, assim que ela entra na sala, n\u00e3o hesita em se dirigir a ele e o cumprimenta como o leg\u00edtimo herdeiro do trono da Fran\u00e7a.<\/p>\n\n\n\n<p class=\"has-black-color has-text-color has-link-color has-small-font-size wp-elements-c87cae98a901f01fa8389d8425991c91\">Era um teste, \u00e9 claro. Afinal de contas, o boato que os ingleses estavam espalhando para desacreditar o herdeiro era de que ele n\u00e3o era o filho leg\u00edtimo do antigo rei Carlos VI. Ent\u00e3o, em uma entrevista particular, ele o lembrou das palavras da ora\u00e7\u00e3o que havia dirigido a Deus sozinho em seu orat\u00f3rio, pouco antes de chegar a Chinon.<\/p>\n\n\n\n<p class=\"has-black-color has-text-color has-link-color has-small-font-size wp-elements-36fb8c06857e19ae38e985a6fd6049cc\">Vozes a guiam em tudo. A espada que ela usar\u00e1 na batalha \u00e9 encontrada enterrada na igreja de Saint Catherine de Fierbois. As vozes a despertam quando ela est\u00e1 descansando em Orl\u00e9ans, sem saber do ataque perpetrado sem o seu consentimento. Seus guias espirituais lhe dizem que ela ser\u00e1 ferida em 7 de maio de 1429 e que n\u00e3o deve durar mais de um ano.<\/p>\n\n\n\n<p class=\"has-black-color has-text-color has-link-color has-small-font-size wp-elements-321b654ad54faefd93e43ee4166ee784\">Ent\u00e3o ele se apressa. Ele toma Orleans, pede ao Delfim que v\u00e1 para Reims e o Delfim \u00e9 coroado rei. Agora coroado, Charles n\u00e3o quer mais nada. Mas Joana sabe que sua miss\u00e3o ainda n\u00e3o terminou e continua suas batalhas. Vozes a avisam de sua pris\u00e3o e de seu tr\u00e1gico fim.<\/p>\n\n\n\n<p class=\"has-black-color has-text-color has-link-color has-small-font-size wp-elements-7e2ea1c20fd95e961495cefe6f7165d6\">Tra\u00edda, ela \u00e9 vendida aos ingleses, que a entregam ao Tribunal da Inquisi\u00e7\u00e3o. Todo o processo foi uma farsa. O acusado n\u00e3o tem direitos, nem mesmo um advogado de defesa. Apenas testemunhas de acusa\u00e7\u00e3o. Ela \u00e9 acusada de ser uma feiticeira e uma herege. Tudo \u00e9 apresentado como sacril\u00e9gio e imoralidade: o fato de ela usar roupas masculinas, de falar diretamente com os santos e desrespeitar a Igreja, de se associar a homens nos campos de batalha, de empunhar uma espada.<\/p>\n\n\n\n<p class=\"has-black-color has-text-color has-link-color has-small-font-size wp-elements-cc79eb5cd518f2a5b0199d9a390aba6c\">O objetivo era provar que Joana era uma enviada do dem\u00f4nio. Como resultado, o rei Carlos VII seria desmoralizado. Afinal de contas, que tipo de rei era aquele que se deixara enganar por uma bruxa? Durante seis meses, ela \u00e9 submetida a uma verdadeira tortura moral. Os interrogat\u00f3rios s\u00e3o longos e dolorosos. Finalmente, a execu\u00e7\u00e3o ocorreu na pra\u00e7a central de Roeun em 30 de maio de 1431.<\/p>\n\n\n\n<p class=\"has-black-color has-text-color has-link-color has-small-font-size wp-elements-d48b147fd6677ecdf019de552b629f26\">Seu cabelo \u00e9 raspado e, temendo a rea\u00e7\u00e3o das pessoas, 120 homens armados a escoltam at\u00e9 o local. Eles a amarram em um poste e acendem uma fogueira. Quando as chamas a envolvem e mordem sua carne, ela exclama: \u201cSim, minhas vozes vieram de Deus! Minhas vozes n\u00e3o me enganaram.<\/p>\n\n\n\n<p class=\"has-black-color has-text-color has-link-color has-small-font-size wp-elements-71892df3d16b27a5eb64e2d481a8351d\">Era uma prova inconfund\u00edvel da mediunidade que havia guiado sua jornada terrena.<\/p>\n\n\n\n<p class=\"has-black-color has-text-color has-link-color has-small-font-size wp-elements-bdeee566758dc731b15fe0534903d13e\">No cap\u00edtulo XXXI do Livro dos M\u00e9diuns, publicado em 1861, quando o Codificador reuniu as Disserta\u00e7\u00f5es Esp\u00edritas, ele atribuiu a Joana D'Arc o n\u00famero 12, onde ela se dirige especialmente aos m\u00e9diuns, exortando-os ao exerc\u00edcio da mediunidade.<\/p>\n\n\n\n<p class=\"has-black-color has-text-color has-link-color has-small-font-size wp-elements-b8e32b9b0d8631660e35c96558d09db7\">Ele tamb\u00e9m os aconselha a confiar em seu anjo da guarda e a lutar contra a pedra de trope\u00e7o da mediunidade, que \u00e9 o orgulho.<\/p>\n\n\n\n<p class=\"has-black-color has-text-color has-link-color has-small-font-size wp-elements-482787ad57489d79a4aadac756f6d681\">Conselhos que ela havia seguido muito bem em sua vida terrena como m\u00e9dium.<\/p>\n<\/div><\/div>","protected":false},"excerpt":{"rendered":"<p>Juana de Arco Francia fue un pa\u00eds que se dobleg\u00f3 ante el poder ingl\u00e9s. No era exactamente un pa\u00eds como se conoce hoy en d\u00eda. Estaba formado por varios feudos. Y fue en un pueblo ignorado hasta entonces donde, en 1412, naci\u00f3 una ni\u00f1a que se convertir\u00eda en una famosa y c\u00e9lebre Domremy. Hija de [&hellip;]<\/p>","protected":false},"author":1,"featured_media":4411,"parent":0,"menu_order":0,"comment_status":"closed","ping_status":"closed","template":"","meta":{"_uag_custom_page_level_css":"","site-sidebar-layout":"default","site-content-layout":"","ast-site-content-layout":"default","site-content-style":"default","site-sidebar-style":"default","ast-global-header-display":"","ast-banner-title-visibility":"","ast-main-header-display":"","ast-hfb-above-header-display":"","ast-hfb-below-header-display":"","ast-hfb-mobile-header-display":"","site-post-title":"","ast-breadcrumbs-content":"","ast-featured-img":"","footer-sml-layout":"","theme-transparent-header-meta":"","adv-header-id-meta":"","stick-header-meta":"","header-above-stick-meta":"","header-main-stick-meta":"","header-below-stick-meta":"","astra-migrate-meta-layouts":"set","ast-page-background-enabled":"default","ast-page-background-meta":{"desktop":{"background-color":"var(--ast-global-color-4)","background-image":"","background-repeat":"repeat","background-position":"center center","background-size":"auto","background-attachment":"scroll","background-type":"","background-media":"","overlay-type":"","overlay-color":"","overlay-opacity":"","overlay-gradient":""},"tablet":{"background-color":"","background-image":"","background-repeat":"repeat","background-position":"center center","background-size":"auto","background-attachment":"scroll","background-type":"","background-media":"","overlay-type":"","overlay-color":"","overlay-opacity":"","overlay-gradient":""},"mobile":{"background-color":"","background-image":"","background-repeat":"repeat","background-position":"center center","background-size":"auto","background-attachment":"scroll","background-type":"","background-media":"","overlay-type":"","overlay-color":"","overlay-opacity":"","overlay-gradient":""}},"ast-content-background-meta":{"desktop":{"background-color":"var(--ast-global-color-5)","background-image":"","background-repeat":"repeat","background-position":"center center","background-size":"auto","background-attachment":"scroll","background-type":"","background-media":"","overlay-type":"","overlay-color":"","overlay-opacity":"","overlay-gradient":""},"tablet":{"background-color":"var(--ast-global-color-5)","background-image":"","background-repeat":"repeat","background-position":"center center","background-size":"auto","background-attachment":"scroll","background-type":"","background-media":"","overlay-type":"","overlay-color":"","overlay-opacity":"","overlay-gradient":""},"mobile":{"background-color":"var(--ast-global-color-5)","background-image":"","background-repeat":"repeat","background-position":"center center","background-size":"auto","background-attachment":"scroll","background-type":"","background-media":"","overlay-type":"","overlay-color":"","overlay-opacity":"","overlay-gradient":""}},"footnotes":""},"class_list":["post-4407","page","type-page","status-publish","has-post-thumbnail","hentry"],"yoast_head":"<!-- This site is optimized with the Yoast SEO Premium plugin v24.2 (Yoast SEO v24.6) - https:\/\/yoast.com\/wordpress\/plugins\/seo\/ -->\n<title>Juana de Arco - Uni\u00f3n Esp\u00edrita<\/title>\n<meta name=\"robots\" content=\"index, follow, max-snippet:-1, max-image-preview:large, max-video-preview:-1\" \/>\n<link rel=\"canonical\" href=\"https:\/\/nuevo-renacer.com\/pt\/juana-de-arco\/\" \/>\n<meta property=\"og:locale\" content=\"pt_BR\" \/>\n<meta property=\"og:type\" content=\"article\" \/>\n<meta property=\"og:title\" content=\"Juana de Arco\" \/>\n<meta property=\"og:description\" content=\"Juana de Arco Francia fue un pa\u00eds que se dobleg\u00f3 ante el poder ingl\u00e9s. No era exactamente un pa\u00eds como se conoce hoy en d\u00eda. Estaba formado por varios feudos. Y fue en un pueblo ignorado hasta entonces donde, en 1412, naci\u00f3 una ni\u00f1a que se convertir\u00eda en una famosa y c\u00e9lebre Domremy. Hija de [&hellip;]\" \/>\n<meta property=\"og:url\" content=\"https:\/\/nuevo-renacer.com\/pt\/juana-de-arco\/\" \/>\n<meta property=\"og:site_name\" content=\"Uni\u00f3n Esp\u00edrita\" \/>\n<meta property=\"article:publisher\" content=\"https:\/\/www.facebook.com\/groups\/3431398063740829\" \/>\n<meta property=\"article:modified_time\" content=\"2024-09-03T08:15:41+00:00\" \/>\n<meta property=\"og:image\" content=\"https:\/\/nuevo-renacer.com\/wp-content\/uploads\/2024\/09\/que-le-pasaba-a-juana-de-arco.webp\" \/>\n\t<meta property=\"og:image:width\" content=\"1200\" \/>\n\t<meta property=\"og:image:height\" content=\"630\" \/>\n\t<meta property=\"og:image:type\" content=\"image\/webp\" \/>\n<meta name=\"twitter:card\" content=\"summary_large_image\" \/>\n<meta name=\"twitter:label1\" content=\"Est. tempo de leitura\" \/>\n\t<meta name=\"twitter:data1\" content=\"5 minutos\" \/>\n<script type=\"application\/ld+json\" class=\"yoast-schema-graph\">{\"@context\":\"https:\/\/schema.org\",\"@graph\":[{\"@type\":\"WebPage\",\"@id\":\"https:\/\/nuevo-renacer.com\/juana-de-arco\/\",\"url\":\"https:\/\/nuevo-renacer.com\/juana-de-arco\/\",\"name\":\"Juana de Arco - Uni\u00f3n Esp\u00edrita\",\"isPartOf\":{\"@id\":\"https:\/\/nuevo-renacer.com\/#website\"},\"primaryImageOfPage\":{\"@id\":\"https:\/\/nuevo-renacer.com\/juana-de-arco\/#primaryimage\"},\"image\":{\"@id\":\"https:\/\/nuevo-renacer.com\/juana-de-arco\/#primaryimage\"},\"thumbnailUrl\":\"https:\/\/nuevo-renacer.com\/wp-content\/uploads\/2024\/09\/que-le-pasaba-a-juana-de-arco.webp\",\"datePublished\":\"2024-09-03T08:15:39+00:00\",\"dateModified\":\"2024-09-03T08:15:41+00:00\",\"breadcrumb\":{\"@id\":\"https:\/\/nuevo-renacer.com\/juana-de-arco\/#breadcrumb\"},\"inLanguage\":\"pt-BR\",\"potentialAction\":[{\"@type\":\"ReadAction\",\"target\":[\"https:\/\/nuevo-renacer.com\/juana-de-arco\/\"]}]},{\"@type\":\"ImageObject\",\"inLanguage\":\"pt-BR\",\"@id\":\"https:\/\/nuevo-renacer.com\/juana-de-arco\/#primaryimage\",\"url\":\"https:\/\/nuevo-renacer.com\/wp-content\/uploads\/2024\/09\/que-le-pasaba-a-juana-de-arco.webp\",\"contentUrl\":\"https:\/\/nuevo-renacer.com\/wp-content\/uploads\/2024\/09\/que-le-pasaba-a-juana-de-arco.webp\",\"width\":1200,\"height\":630},{\"@type\":\"BreadcrumbList\",\"@id\":\"https:\/\/nuevo-renacer.com\/juana-de-arco\/#breadcrumb\",\"itemListElement\":[{\"@type\":\"ListItem\",\"position\":1,\"name\":\"Startseite\",\"item\":\"https:\/\/nuevo-renacer.com\/\"},{\"@type\":\"ListItem\",\"position\":2,\"name\":\"Juana de Arco\"}]},{\"@type\":\"WebSite\",\"@id\":\"https:\/\/nuevo-renacer.com\/#website\",\"url\":\"https:\/\/nuevo-renacer.com\/\",\"name\":\"Uni\u00f3n Esp\u00edrita\",\"description\":\"Nuevo Renacer\",\"publisher\":{\"@id\":\"https:\/\/nuevo-renacer.com\/#organization\"},\"potentialAction\":[{\"@type\":\"SearchAction\",\"target\":{\"@type\":\"EntryPoint\",\"urlTemplate\":\"https:\/\/nuevo-renacer.com\/?s={search_term_string}\"},\"query-input\":{\"@type\":\"PropertyValueSpecification\",\"valueRequired\":true,\"valueName\":\"search_term_string\"}}],\"inLanguage\":\"pt-BR\"},{\"@type\":\"Organization\",\"@id\":\"https:\/\/nuevo-renacer.com\/#organization\",\"name\":\"UFEC\",\"url\":\"https:\/\/nuevo-renacer.com\/\",\"logo\":{\"@type\":\"ImageObject\",\"inLanguage\":\"pt-BR\",\"@id\":\"https:\/\/nuevo-renacer.com\/#\/schema\/logo\/image\/\",\"url\":\"https:\/\/nuevo-renacer.com\/wp-content\/uploads\/2024\/05\/cropped-LOGO-TERMINADO1-3-3.png\",\"contentUrl\":\"https:\/\/nuevo-renacer.com\/wp-content\/uploads\/2024\/05\/cropped-LOGO-TERMINADO1-3-3.png\",\"width\":512,\"height\":512,\"caption\":\"UFEC\"},\"image\":{\"@id\":\"https:\/\/nuevo-renacer.com\/#\/schema\/logo\/image\/\"},\"sameAs\":[\"https:\/\/www.facebook.com\/groups\/3431398063740829\"]}]}<\/script>\n<!-- \/ Yoast SEO Premium plugin. -->","yoast_head_json":{"title":"Juana de Arco - Uni\u00f3n Esp\u00edrita","robots":{"index":"index","follow":"follow","max-snippet":"max-snippet:-1","max-image-preview":"max-image-preview:large","max-video-preview":"max-video-preview:-1"},"canonical":"https:\/\/nuevo-renacer.com\/pt\/juana-de-arco\/","og_locale":"pt_BR","og_type":"article","og_title":"Juana de Arco","og_description":"Juana de Arco Francia fue un pa\u00eds que se dobleg\u00f3 ante el poder ingl\u00e9s. No era exactamente un pa\u00eds como se conoce hoy en d\u00eda. Estaba formado por varios feudos. Y fue en un pueblo ignorado hasta entonces donde, en 1412, naci\u00f3 una ni\u00f1a que se convertir\u00eda en una famosa y c\u00e9lebre Domremy. Hija de [&hellip;]","og_url":"https:\/\/nuevo-renacer.com\/pt\/juana-de-arco\/","og_site_name":"Uni\u00f3n Esp\u00edrita","article_publisher":"https:\/\/www.facebook.com\/groups\/3431398063740829","article_modified_time":"2024-09-03T08:15:41+00:00","og_image":[{"width":1200,"height":630,"url":"https:\/\/nuevo-renacer.com\/wp-content\/uploads\/2024\/09\/que-le-pasaba-a-juana-de-arco.webp","type":"image\/webp"}],"twitter_card":"summary_large_image","twitter_misc":{"Est. tempo de leitura":"5 minutos"},"schema":{"@context":"https:\/\/schema.org","@graph":[{"@type":"WebPage","@id":"https:\/\/nuevo-renacer.com\/juana-de-arco\/","url":"https:\/\/nuevo-renacer.com\/juana-de-arco\/","name":"Juana de Arco - Uni\u00f3n Esp\u00edrita","isPartOf":{"@id":"https:\/\/nuevo-renacer.com\/#website"},"primaryImageOfPage":{"@id":"https:\/\/nuevo-renacer.com\/juana-de-arco\/#primaryimage"},"image":{"@id":"https:\/\/nuevo-renacer.com\/juana-de-arco\/#primaryimage"},"thumbnailUrl":"https:\/\/nuevo-renacer.com\/wp-content\/uploads\/2024\/09\/que-le-pasaba-a-juana-de-arco.webp","datePublished":"2024-09-03T08:15:39+00:00","dateModified":"2024-09-03T08:15:41+00:00","breadcrumb":{"@id":"https:\/\/nuevo-renacer.com\/juana-de-arco\/#breadcrumb"},"inLanguage":"pt-BR","potentialAction":[{"@type":"ReadAction","target":["https:\/\/nuevo-renacer.com\/juana-de-arco\/"]}]},{"@type":"ImageObject","inLanguage":"pt-BR","@id":"https:\/\/nuevo-renacer.com\/juana-de-arco\/#primaryimage","url":"https:\/\/nuevo-renacer.com\/wp-content\/uploads\/2024\/09\/que-le-pasaba-a-juana-de-arco.webp","contentUrl":"https:\/\/nuevo-renacer.com\/wp-content\/uploads\/2024\/09\/que-le-pasaba-a-juana-de-arco.webp","width":1200,"height":630},{"@type":"BreadcrumbList","@id":"https:\/\/nuevo-renacer.com\/juana-de-arco\/#breadcrumb","itemListElement":[{"@type":"ListItem","position":1,"name":"Startseite","item":"https:\/\/nuevo-renacer.com\/"},{"@type":"ListItem","position":2,"name":"Juana de Arco"}]},{"@type":"WebSite","@id":"https:\/\/nuevo-renacer.com\/#website","url":"https:\/\/nuevo-renacer.com\/","name":"Uni\u00f3n Esp\u00edrita","description":"Nuevo Renacer","publisher":{"@id":"https:\/\/nuevo-renacer.com\/#organization"},"potentialAction":[{"@type":"SearchAction","target":{"@type":"EntryPoint","urlTemplate":"https:\/\/nuevo-renacer.com\/?s={search_term_string}"},"query-input":{"@type":"PropertyValueSpecification","valueRequired":true,"valueName":"search_term_string"}}],"inLanguage":"pt-BR"},{"@type":"Organization","@id":"https:\/\/nuevo-renacer.com\/#organization","name":"UFEC","url":"https:\/\/nuevo-renacer.com\/","logo":{"@type":"ImageObject","inLanguage":"pt-BR","@id":"https:\/\/nuevo-renacer.com\/#\/schema\/logo\/image\/","url":"https:\/\/nuevo-renacer.com\/wp-content\/uploads\/2024\/05\/cropped-LOGO-TERMINADO1-3-3.png","contentUrl":"https:\/\/nuevo-renacer.com\/wp-content\/uploads\/2024\/05\/cropped-LOGO-TERMINADO1-3-3.png","width":512,"height":512,"caption":"UFEC"},"image":{"@id":"https:\/\/nuevo-renacer.com\/#\/schema\/logo\/image\/"},"sameAs":["https:\/\/www.facebook.com\/groups\/3431398063740829"]}]}},"uagb_featured_image_src":{"full":["https:\/\/nuevo-renacer.com\/wp-content\/uploads\/2024\/09\/que-le-pasaba-a-juana-de-arco.webp",1200,630,false],"thumbnail":["https:\/\/nuevo-renacer.com\/wp-content\/uploads\/2024\/09\/que-le-pasaba-a-juana-de-arco-150x150.webp",150,150,true],"medium":["https:\/\/nuevo-renacer.com\/wp-content\/uploads\/2024\/09\/que-le-pasaba-a-juana-de-arco-300x158.webp",300,158,true],"medium_large":["https:\/\/nuevo-renacer.com\/wp-content\/uploads\/2024\/09\/que-le-pasaba-a-juana-de-arco-768x403.webp",768,403,true],"large":["https:\/\/nuevo-renacer.com\/wp-content\/uploads\/2024\/09\/que-le-pasaba-a-juana-de-arco-1024x538.webp",1024,538,true],"1536x1536":["https:\/\/nuevo-renacer.com\/wp-content\/uploads\/2024\/09\/que-le-pasaba-a-juana-de-arco.webp",1200,630,false],"2048x2048":["https:\/\/nuevo-renacer.com\/wp-content\/uploads\/2024\/09\/que-le-pasaba-a-juana-de-arco.webp",1200,630,false],"trp-custom-language-flag":["https:\/\/nuevo-renacer.com\/wp-content\/uploads\/2024\/09\/que-le-pasaba-a-juana-de-arco-18x9.webp",18,9,true]},"uagb_author_info":{"display_name":"adbv0","author_link":"https:\/\/nuevo-renacer.com\/pt\/author\/adbv0\/"},"uagb_comment_info":0,"uagb_excerpt":"Juana de Arco Francia fue un pa\u00eds que se dobleg\u00f3 ante el poder ingl\u00e9s. No era exactamente un pa\u00eds como se conoce hoy en d\u00eda. Estaba formado por varios feudos. Y fue en un pueblo ignorado hasta entonces donde, en 1412, naci\u00f3 una ni\u00f1a que se convertir\u00eda en una famosa y c\u00e9lebre Domremy. Hija de&hellip;","jetpack_sharing_enabled":true,"_links":{"self":[{"href":"https:\/\/nuevo-renacer.com\/pt\/wp-json\/wp\/v2\/pages\/4407","targetHints":{"allow":["GET"]}}],"collection":[{"href":"https:\/\/nuevo-renacer.com\/pt\/wp-json\/wp\/v2\/pages"}],"about":[{"href":"https:\/\/nuevo-renacer.com\/pt\/wp-json\/wp\/v2\/types\/page"}],"author":[{"embeddable":true,"href":"https:\/\/nuevo-renacer.com\/pt\/wp-json\/wp\/v2\/users\/1"}],"replies":[{"embeddable":true,"href":"https:\/\/nuevo-renacer.com\/pt\/wp-json\/wp\/v2\/comments?post=4407"}],"version-history":[{"count":2,"href":"https:\/\/nuevo-renacer.com\/pt\/wp-json\/wp\/v2\/pages\/4407\/revisions"}],"predecessor-version":[{"id":4412,"href":"https:\/\/nuevo-renacer.com\/pt\/wp-json\/wp\/v2\/pages\/4407\/revisions\/4412"}],"wp:featuredmedia":[{"embeddable":true,"href":"https:\/\/nuevo-renacer.com\/pt\/wp-json\/wp\/v2\/media\/4411"}],"wp:attachment":[{"href":"https:\/\/nuevo-renacer.com\/pt\/wp-json\/wp\/v2\/media?parent=4407"}],"curies":[{"name":"wp","href":"https:\/\/api.w.org\/{rel}","templated":true}]}}