{"id":4341,"date":"2024-09-02T09:12:15","date_gmt":"2024-09-02T09:12:15","guid":{"rendered":"https:\/\/nuevo-renacer.com\/?page_id=4341"},"modified":"2024-09-02T09:53:31","modified_gmt":"2024-09-02T09:53:31","slug":"naturaleza-de-la-mediumnidad","status":"publish","type":"page","link":"https:\/\/nuevo-renacer.com\/pt\/naturaleza-de-la-mediumnidad\/","title":{"rendered":"Natureza da mediunidade"},"content":{"rendered":"<div class=\"wp-block-uagb-container uagb-block-a9a594c9 alignfull uagb-is-root-container\"><div class=\"uagb-container-inner-blocks-wrap\">\n<p class=\"has-black-color has-text-color has-link-color has-medium-font-size wp-elements-5fd7090b36474df8bbf9224f73d41831\"><strong>Natureza da mediunidade<\/strong><\/p>\n<\/div><\/div>\n\n\n\n<div class=\"wp-block-uagb-container uagb-block-78fb0c4c alignfull uagb-is-root-container\"><div class=\"uagb-container-inner-blocks-wrap\">\n<figure class=\"wp-block-image size-full is-resized\"><img decoding=\"async\" src=\"https:\/\/nuevo-renacer.com\/wp-content\/uploads\/2024\/09\/mediumnidad.jpg\" alt=\"\" class=\"wp-image-4350\" style=\"width:355px;height:auto\"\/><\/figure>\n<\/div><\/div>\n\n\n\n<div class=\"wp-block-uagb-container uagb-block-2afa1082 alignfull uagb-is-root-container\"><div class=\"uagb-container-inner-blocks-wrap\">\n<p class=\"has-black-color has-text-color has-link-color has-small-font-size wp-elements-d308725cb16192ef6a83d87110be03da\">A mediunidade \u00e9 denominada o conjunto das faculdades que permitem ao ser humano comunicar-se com o mundo invis\u00edvel. O m\u00e9dium desfruta antecipadamente dos meios de percep\u00e7\u00e3o e sensa\u00e7\u00e3o que pertencem mais \u00e0 vida do esp\u00edrito do que \u00e0 do homem. Portanto, \u00e9 seu privil\u00e9gio servir como um elo entre eles.<\/p>\n\n\n\n<p class=\"has-black-color has-text-color has-link-color has-small-font-size wp-elements-cb6b1ee940b4d3829f1fd15ef3b00f3d\">Devemos ver nesse estado o resultado da lei da evolu\u00e7\u00e3o, e n\u00e3o um efeito regressivo ou um defeito, como acreditam certos fisiologistas, que comparam os m\u00e9diuns aos hist\u00e9ricos e aos doentes. O erro deles decorre do fato de que a grande sensibilidade e impressionabilidade de certos indiv\u00edduos causam dist\u00farbios sensoriais e nervosos em seu organismo f\u00edsico; mas essas s\u00e3o exce\u00e7\u00f5es que seria errado generalizar, pois a grande maioria dos m\u00e9diuns est\u00e1 em boa sa\u00fade e em perfeito equil\u00edbrio mental.<\/p>\n\n\n\n<p class=\"has-black-color has-text-color has-link-color has-small-font-size wp-elements-6e3acb789ac3cba6af649725e44bfec1\">Toda a extens\u00e3o das percep\u00e7\u00f5es da alma \u00e9 uma prepara\u00e7\u00e3o para uma vida mais ampla e mais elevada, uma sa\u00edda aberta para um horizonte mais vasto. Desse ponto de vista, as mediunidades como um todo representam uma fase de transi\u00e7\u00e3o entre a vida terrena e a vida livre do espa\u00e7o.<\/p>\n\n\n\n<p class=\"has-black-color has-text-color has-link-color has-small-font-size wp-elements-2d99024d37b83889ee26b9340672785d\">O primeiro fen\u00f4meno desse tipo a atrair a aten\u00e7\u00e3o da humanidade foi a vis\u00e3o. Desde o in\u00edcio dos tempos, ela revelou a exist\u00eancia do mundo do al\u00e9m e a interven\u00e7\u00e3o das almas dos mortos entre n\u00f3s. Essas manifesta\u00e7\u00f5es, quando repetidas, deram origem ao culto dos esp\u00edritos, o ponto de partida e a base de todas as religi\u00f5es. Posteriormente, as rela\u00e7\u00f5es entre os habitantes da Terra e os habitantes do espa\u00e7o foram estabelecidas nas mais diversas e variadas formas, que se desenvolveram ao longo dos tempos sob diferentes nomes, mas todas baseadas em um \u00fanico princ\u00edpio. Por meio da mediunidade, sempre existiu um elo entre os dois mundos, um caminho tra\u00e7ado pelo qual a alma recebeu revela\u00e7\u00f5es gradualmente mais elevadas do bem e do dever, luzes cada vez mais v\u00edvidas sobre seus destinos imortais.<\/p>\n\n\n\n<p class=\"has-black-color has-text-color has-link-color has-small-font-size wp-elements-9d3827b569cded4d43035022135140ba\">Os grandes esp\u00edritos, como resultado de sua evolu\u00e7\u00e3o, adquirem um conhecimento progressivamente maior e se tornam instrutores, guias para os humanos cativos no campo... A autoridade e o prest\u00edgio de seus ensinamentos s\u00e3o ainda mais refor\u00e7ados pelas profecias e previs\u00f5es que os precedem ou acompanham.<\/p>\n\n\n\n<p class=\"has-black-color has-text-color has-link-color has-small-font-size wp-elements-7037bcd0d617c42757da532bb303b37b\">Em outros lugares, estudamos em detalhes os diferentes tipos de mediunidade e os fen\u00f4menos que eles produzem. Ali se pode ver como se estabelece a comunh\u00e3o entre os vivos e os mortos; como se constitui essa fronteira ideal onde as duas humanidades, uma vis\u00edvel e outra invis\u00edvel, s\u00e3o postas em contato; como, gra\u00e7as a essa penetra\u00e7\u00e3o, nosso conhecimento da vida futura, a no\u00e7\u00e3o que possu\u00edmos das leis morais que a regem, com todas as suas consequ\u00eancias e san\u00e7\u00f5es, se amplia e se torna mais precisa.<\/p>\n\n\n\n<p class=\"has-black-color has-text-color has-link-color has-small-font-size wp-elements-cd15ae040c520e234483fb015e114e1b\">Por todos os meios medi\u00fanicos, os esp\u00edritos superiores se esfor\u00e7am para atrair a alma humana das profundezas da mat\u00e9ria para as verdades elevadas e sublimes que governam o Universo, para que ela possa se imbuir dos objetivos elevados da vida e enfrentar a morte sem terror, para que aprenda a se desapegar dos bens transit\u00f3rios da terra e prefira os bens imperec\u00edveis do esp\u00edrito.<\/p>\n\n\n\n<p class=\"has-black-color has-text-color has-link-color has-small-font-size wp-elements-e3f82a71962baf3afa90e0fec58b11ae\">Os esp\u00edritos superiores s\u00e3o acompanhados pelas almas amorosas dos parentes falecidos, cuja solicitude continua a se estender sobre n\u00f3s e nos ajuda em nossas dolorosas lutas contra a adversidade e o mal. Assim, a mediunidade bem exercida torna-se uma fonte de luz e consolo. Por meio dela, as vozes do alto nos dizem:<\/p>\n\n\n\n<p class=\"has-black-color has-text-color has-link-color has-small-font-size wp-elements-8c443597ea6d2cab1d6ea0b97a1c3411\"><strong>\u00abEscuchad nuestras llamadas, vosotros que busc\u00e1is y llor\u00e1is; no est\u00e1is abandonados. Hemos sufrido para lograr establecer un medio de comunicaci\u00f3n entre vuestro mundo olvidadizo y nuestro inundo del recuerdo. La mediumnidad ya no se ver\u00e1 envilecida, menospreciada, maldita, porque los hombres no podr\u00e1n ya desconocerla. Ella es el \u00fanico lazo posible entre los vivos y nosotros, a quienes nos llam\u00e1is muertos. \u00a1Esperad: no dejaremos cerrarse la Puerta que hemos entreabierto para que en medio de vuestras dudas y vuestras inquietudes pudieseis entrever las claridades celestes!\u00bb<\/strong><\/p>\n\n\n\n<p class=\"has-black-color has-text-color has-link-color has-small-font-size wp-elements-14552d85bc61b320a3b207ddba9f284c\">Depois de mostrar o grande papel da mediunidade, vale a pena apontar as dificuldades encontradas em sua aplica\u00e7\u00e3o. Em primeiro lugar, diremos que os bons m\u00e9diuns s\u00e3o raros. Isso n\u00e3o se deve \u00e0 falta de faculdades not\u00e1veis, mas ao fato de que, muitas vezes, eles ficam sem utilidade pr\u00e1tica por falta de estudos s\u00e9rios e profundos. Muitos m\u00e9diuns se escondem em c\u00edrculos \u00edntimos, em reuni\u00f5es familiares, ao abrigo de exig\u00eancias exageradas e contatos desagrad\u00e1veis; quantas mo\u00e7as de organismo delicado, quantas senhoras que conhecemos, retra\u00eddas pelo medo da cr\u00edtica e das m\u00e1s l\u00ednguas, abafam e perdem belas faculdades medi\u00fanicas por n\u00e3o as usarem bem, com boa orienta\u00e7\u00e3o!<\/p>\n\n\n\n<p class=\"has-black-color has-text-color has-link-color has-small-font-size wp-elements-d19032e69ea739c0bbb84ef630b8991e\">Os advers\u00e1rios do Espiritismo sempre se empenharam em denegrir os m\u00e9diuns, acusando-os de fraude, tentando faz\u00ea-los passar por neur\u00f3ticos e se esfor\u00e7ando por todos os meios para desvi\u00e1-los de sua miss\u00e3o; sabendo que o m\u00e9dium \u00e9 a condi\u00e7\u00e3o essencial do fen\u00f4meno, eles esperam, assim, destruir o Espiritismo em seus pr\u00f3prios fundamentos. \u00c9 importante derrotarmos essa t\u00e1tica e, para isso, devemos encorajar e ajudar os m\u00e9diuns, cercando o exerc\u00edcio de suas faculdades com todas as precau\u00e7\u00f5es necess\u00e1rias.<\/p>\n\n\n\n<p class=\"has-black-color has-text-color has-link-color has-small-font-size wp-elements-3ea273c55b993d0f7dd0ee69cbd950e3\">A guerra ceifou milh\u00f5es de vidas em meio \u00e0 juventude e \u00e0 virilidade. Epidemias, flagelos de todos os tipos, deixaram enormes vazios no seio das fam\u00edlias. Todos esses in\u00fameros esp\u00edritos procuram se manifestar \u00e0queles que amaram na Terra, para provar-lhes seu afeto, sua ternura, para secar suas l\u00e1grimas, para aliviar suas tristezas. Por outro lado, m\u00e3es, vi\u00favas, noivas, \u00f3rf\u00e3os estendem as m\u00e3os e os pensamentos em dire\u00e7\u00e3o ao c\u00e9u, na expectativa ansiosa de not\u00edcias de seus mortos, ansiosos para obter provas de sua presen\u00e7a, testemunho de sua sobreviv\u00eancia.<\/p>\n\n\n\n<p class=\"has-black-color has-text-color has-link-color has-small-font-size wp-elements-c2e3b091d2f59773063f812edced6520\">Quase todo mundo possui faculdades latentes e desconhecidas que poderiam lhe permitir estabelecer rela\u00e7\u00f5es com seus entes queridos. Em todos os lugares h\u00e1 possibilidades de estabelecer um v\u00ednculo entre essas duas multid\u00f5es de seres que se buscam, se atraem e desejam fundir seus sentimentos e seus cora\u00e7\u00f5es em uma harmonia comum. Somente o espiritismo e a mediunidade podem realizar essa doce e santa comunh\u00e3o e trazer a todos a paz e a serenidade da alma que d\u00e3o for\u00e7a e convic\u00e7\u00e3o.<\/p>\n\n\n\n<p class=\"has-black-color has-text-color has-link-color has-small-font-size wp-elements-a6d0d54307c8cf1e9f7d138d04f00ece\">\u00c9 sobretudo entre essas v\u00edtimas da guerra cruel, no cora\u00e7\u00e3o do povo, entre os humildes, os pequenos, os modestos, que devemos buscar os recursos ps\u00edquicos que permitir\u00e3o aos nossos amigos do espa\u00e7o nos fornecer a prova da persist\u00eancia de sua vitalidade e o penhor de nossa futura reuni\u00e3o. Quantas faculdades dormem silenciosamente nas profundezas desses seres, esperando a hora de se abrir, de florescer, de produzir frutos de verdade e beleza moral!<\/p>\n\n\n\n<p class=\"has-black-color has-text-color has-link-color has-small-font-size wp-elements-e7c762bb62da69ddb06eaecd22b95e9a\">Nesse sentido, \u00e9 grande a tarefa que cabe aos esp\u00edritos iluminados, aos crentes abnegados, aos ap\u00f3stolos da grande doutrina. Seu dever \u00e9 livrar-se da indiferen\u00e7a de alguns, da apatia de outros, ir ao encontro de todos esses agentes obscuros da obra de renova\u00e7\u00e3o, instru\u00ed-los, colocar em a\u00e7\u00e3o os recursos ocultos e as riquezas insuspeitadas que eles possuem e conduzi-los ao fim designado. Para realizar essa tarefa, \u00e9 preciso ter conhecimento e f\u00e9. Gra\u00e7as a essa \u00faltima, e por meios semelhantes, os ap\u00f3stolos dos primeiros tempos crist\u00e3os realizaram os milagres ao seu redor e, com eles, o entusiasmo religioso que transformaria a face do globo.<\/p>\n\n\n\n<p class=\"has-black-color has-text-color has-link-color has-small-font-size wp-elements-307235a05a06523d66a13aac0dd49006\">Em nossos dias, n\u00e3o apenas a f\u00e9 ardente \u00e9 necess\u00e1ria, mas tamb\u00e9m o conhecimento das leis precisas que regem os mundos vis\u00edvel e invis\u00edvel, a fim de facilitar sua harmonia, sua interpreta\u00e7\u00e3o rec\u00edproca, separando da experimenta\u00e7\u00e3o os elementos de erro, perturba\u00e7\u00e3o e confus\u00e3o.<\/p>\n\n\n\n<p class=\"has-black-color has-text-color has-link-color has-small-font-size wp-elements-b4ed8cc84b7459f813065e7d0c733448\">Com o treinamento gradual, veremos o c\u00edrculo de percep\u00e7\u00f5es e sensa\u00e7\u00f5es ps\u00edquicas se ampliar, e a certeza mais imponente da perman\u00eancia do princ\u00edpio vital que nos anima se tornar\u00e1 evidente.<\/p>\n\n\n\n<p class=\"has-black-color has-text-color has-link-color has-small-font-size wp-elements-e0b369123209a776ed6fc553d11e02c2\">A alma humana aprender\u00e1 a conhecer as sombras e os esplendores do Al\u00e9m, e nesse conhecimento encontrar\u00e1 um al\u00edvio para suas tristezas e uma fonte de for\u00e7a no infort\u00fanio e diante da morte.<\/p>\n<\/div><\/div>\n\n\n\n<p class=\"has-black-color has-text-color has-link-color has-small-font-size wp-elements-fda5219e57c5e39af04793b491c56396\"><\/p>","protected":false},"excerpt":{"rendered":"<p>Naturaleza de la mediumnidad Se llama mediumnidad el conjunto de facultades que permiten al ser humano comunicarse con Mundo Invisible. El m\u00e9dium goza por anticipado de los medios de percepci\u00f3n y de sensaci\u00f3n que pertenecen m\u00e1s bien a la vida del esp\u00edritu que a la del hombre. Por eso tiene el privilegio de servir de [&hellip;]<\/p>","protected":false},"author":1,"featured_media":4352,"parent":0,"menu_order":0,"comment_status":"closed","ping_status":"closed","template":"","meta":{"_uag_custom_page_level_css":"","site-sidebar-layout":"default","site-content-layout":"","ast-site-content-layout":"default","site-content-style":"default","site-sidebar-style":"default","ast-global-header-display":"","ast-banner-title-visibility":"","ast-main-header-display":"","ast-hfb-above-header-display":"","ast-hfb-below-header-display":"","ast-hfb-mobile-header-display":"","site-post-title":"","ast-breadcrumbs-content":"","ast-featured-img":"","footer-sml-layout":"","theme-transparent-header-meta":"","adv-header-id-meta":"","stick-header-meta":"","header-above-stick-meta":"","header-main-stick-meta":"","header-below-stick-meta":"","astra-migrate-meta-layouts":"set","ast-page-background-enabled":"default","ast-page-background-meta":{"desktop":{"background-color":"var(--ast-global-color-4)","background-image":"","background-repeat":"repeat","background-position":"center center","background-size":"auto","background-attachment":"scroll","background-type":"","background-media":"","overlay-type":"","overlay-color":"","overlay-opacity":"","overlay-gradient":""},"tablet":{"background-color":"","background-image":"","background-repeat":"repeat","background-position":"center center","background-size":"auto","background-attachment":"scroll","background-type":"","background-media":"","overlay-type":"","overlay-color":"","overlay-opacity":"","overlay-gradient":""},"mobile":{"background-color":"","background-image":"","background-repeat":"repeat","background-position":"center center","background-size":"auto","background-attachment":"scroll","background-type":"","background-media":"","overlay-type":"","overlay-color":"","overlay-opacity":"","overlay-gradient":""}},"ast-content-background-meta":{"desktop":{"background-color":"var(--ast-global-color-5)","background-image":"","background-repeat":"repeat","background-position":"center center","background-size":"auto","background-attachment":"scroll","background-type":"","background-media":"","overlay-type":"","overlay-color":"","overlay-opacity":"","overlay-gradient":""},"tablet":{"background-color":"var(--ast-global-color-5)","background-image":"","background-repeat":"repeat","background-position":"center center","background-size":"auto","background-attachment":"scroll","background-type":"","background-media":"","overlay-type":"","overlay-color":"","overlay-opacity":"","overlay-gradient":""},"mobile":{"background-color":"var(--ast-global-color-5)","background-image":"","background-repeat":"repeat","background-position":"center center","background-size":"auto","background-attachment":"scroll","background-type":"","background-media":"","overlay-type":"","overlay-color":"","overlay-opacity":"","overlay-gradient":""}},"footnotes":""},"class_list":["post-4341","page","type-page","status-publish","has-post-thumbnail","hentry"],"yoast_head":"<!-- This site is optimized with the Yoast SEO Premium plugin v24.2 (Yoast SEO v24.6) - https:\/\/yoast.com\/wordpress\/plugins\/seo\/ -->\n<title>Naturaleza de la mediumnidad - Uni\u00f3n Esp\u00edrita<\/title>\n<meta name=\"robots\" content=\"index, follow, max-snippet:-1, max-image-preview:large, max-video-preview:-1\" \/>\n<link rel=\"canonical\" href=\"https:\/\/nuevo-renacer.com\/pt\/naturaleza-de-la-mediumnidad\/\" \/>\n<meta property=\"og:locale\" content=\"pt_BR\" \/>\n<meta property=\"og:type\" content=\"article\" \/>\n<meta property=\"og:title\" content=\"Naturaleza de la mediumnidad\" \/>\n<meta property=\"og:description\" content=\"Naturaleza de la mediumnidad Se llama mediumnidad el conjunto de facultades que permiten al ser humano comunicarse con Mundo Invisible. El m\u00e9dium goza por anticipado de los medios de percepci\u00f3n y de sensaci\u00f3n que pertenecen m\u00e1s bien a la vida del esp\u00edritu que a la del hombre. Por eso tiene el privilegio de servir de [&hellip;]\" \/>\n<meta property=\"og:url\" content=\"https:\/\/nuevo-renacer.com\/pt\/naturaleza-de-la-mediumnidad\/\" \/>\n<meta property=\"og:site_name\" content=\"Uni\u00f3n Esp\u00edrita\" \/>\n<meta property=\"article:publisher\" content=\"https:\/\/www.facebook.com\/groups\/3431398063740829\" \/>\n<meta property=\"article:modified_time\" content=\"2024-09-02T09:53:31+00:00\" \/>\n<meta property=\"og:image\" content=\"https:\/\/nuevo-renacer.com\/wp-content\/uploads\/2024\/09\/mediumnidad-1.jpg\" \/>\n\t<meta property=\"og:image:width\" content=\"1024\" \/>\n\t<meta property=\"og:image:height\" content=\"1024\" \/>\n\t<meta property=\"og:image:type\" content=\"image\/jpeg\" \/>\n<meta name=\"twitter:card\" content=\"summary_large_image\" \/>\n<meta name=\"twitter:label1\" content=\"Est. tempo de leitura\" \/>\n\t<meta name=\"twitter:data1\" content=\"7 minutos\" \/>\n<script type=\"application\/ld+json\" class=\"yoast-schema-graph\">{\"@context\":\"https:\/\/schema.org\",\"@graph\":[{\"@type\":\"WebPage\",\"@id\":\"https:\/\/nuevo-renacer.com\/naturaleza-de-la-mediumnidad\/\",\"url\":\"https:\/\/nuevo-renacer.com\/naturaleza-de-la-mediumnidad\/\",\"name\":\"Naturaleza de la mediumnidad - Uni\u00f3n Esp\u00edrita\",\"isPartOf\":{\"@id\":\"https:\/\/nuevo-renacer.com\/#website\"},\"primaryImageOfPage\":{\"@id\":\"https:\/\/nuevo-renacer.com\/naturaleza-de-la-mediumnidad\/#primaryimage\"},\"image\":{\"@id\":\"https:\/\/nuevo-renacer.com\/naturaleza-de-la-mediumnidad\/#primaryimage\"},\"thumbnailUrl\":\"https:\/\/nuevo-renacer.com\/wp-content\/uploads\/2024\/09\/mediumnidad-1.jpg\",\"datePublished\":\"2024-09-02T09:12:15+00:00\",\"dateModified\":\"2024-09-02T09:53:31+00:00\",\"breadcrumb\":{\"@id\":\"https:\/\/nuevo-renacer.com\/naturaleza-de-la-mediumnidad\/#breadcrumb\"},\"inLanguage\":\"pt-BR\",\"potentialAction\":[{\"@type\":\"ReadAction\",\"target\":[\"https:\/\/nuevo-renacer.com\/naturaleza-de-la-mediumnidad\/\"]}]},{\"@type\":\"ImageObject\",\"inLanguage\":\"pt-BR\",\"@id\":\"https:\/\/nuevo-renacer.com\/naturaleza-de-la-mediumnidad\/#primaryimage\",\"url\":\"https:\/\/nuevo-renacer.com\/wp-content\/uploads\/2024\/09\/mediumnidad-1.jpg\",\"contentUrl\":\"https:\/\/nuevo-renacer.com\/wp-content\/uploads\/2024\/09\/mediumnidad-1.jpg\",\"width\":1024,\"height\":1024},{\"@type\":\"BreadcrumbList\",\"@id\":\"https:\/\/nuevo-renacer.com\/naturaleza-de-la-mediumnidad\/#breadcrumb\",\"itemListElement\":[{\"@type\":\"ListItem\",\"position\":1,\"name\":\"Startseite\",\"item\":\"https:\/\/nuevo-renacer.com\/\"},{\"@type\":\"ListItem\",\"position\":2,\"name\":\"Naturaleza de la mediumnidad\"}]},{\"@type\":\"WebSite\",\"@id\":\"https:\/\/nuevo-renacer.com\/#website\",\"url\":\"https:\/\/nuevo-renacer.com\/\",\"name\":\"Uni\u00f3n Esp\u00edrita\",\"description\":\"Nuevo Renacer\",\"publisher\":{\"@id\":\"https:\/\/nuevo-renacer.com\/#organization\"},\"potentialAction\":[{\"@type\":\"SearchAction\",\"target\":{\"@type\":\"EntryPoint\",\"urlTemplate\":\"https:\/\/nuevo-renacer.com\/?s={search_term_string}\"},\"query-input\":{\"@type\":\"PropertyValueSpecification\",\"valueRequired\":true,\"valueName\":\"search_term_string\"}}],\"inLanguage\":\"pt-BR\"},{\"@type\":\"Organization\",\"@id\":\"https:\/\/nuevo-renacer.com\/#organization\",\"name\":\"UFEC\",\"url\":\"https:\/\/nuevo-renacer.com\/\",\"logo\":{\"@type\":\"ImageObject\",\"inLanguage\":\"pt-BR\",\"@id\":\"https:\/\/nuevo-renacer.com\/#\/schema\/logo\/image\/\",\"url\":\"https:\/\/nuevo-renacer.com\/wp-content\/uploads\/2024\/05\/cropped-LOGO-TERMINADO1-3-3.png\",\"contentUrl\":\"https:\/\/nuevo-renacer.com\/wp-content\/uploads\/2024\/05\/cropped-LOGO-TERMINADO1-3-3.png\",\"width\":512,\"height\":512,\"caption\":\"UFEC\"},\"image\":{\"@id\":\"https:\/\/nuevo-renacer.com\/#\/schema\/logo\/image\/\"},\"sameAs\":[\"https:\/\/www.facebook.com\/groups\/3431398063740829\"]}]}<\/script>\n<!-- \/ Yoast SEO Premium plugin. -->","yoast_head_json":{"title":"Naturaleza de la mediumnidad - Uni\u00f3n Esp\u00edrita","robots":{"index":"index","follow":"follow","max-snippet":"max-snippet:-1","max-image-preview":"max-image-preview:large","max-video-preview":"max-video-preview:-1"},"canonical":"https:\/\/nuevo-renacer.com\/pt\/naturaleza-de-la-mediumnidad\/","og_locale":"pt_BR","og_type":"article","og_title":"Naturaleza de la mediumnidad","og_description":"Naturaleza de la mediumnidad Se llama mediumnidad el conjunto de facultades que permiten al ser humano comunicarse con Mundo Invisible. El m\u00e9dium goza por anticipado de los medios de percepci\u00f3n y de sensaci\u00f3n que pertenecen m\u00e1s bien a la vida del esp\u00edritu que a la del hombre. Por eso tiene el privilegio de servir de [&hellip;]","og_url":"https:\/\/nuevo-renacer.com\/pt\/naturaleza-de-la-mediumnidad\/","og_site_name":"Uni\u00f3n Esp\u00edrita","article_publisher":"https:\/\/www.facebook.com\/groups\/3431398063740829","article_modified_time":"2024-09-02T09:53:31+00:00","og_image":[{"width":1024,"height":1024,"url":"https:\/\/nuevo-renacer.com\/wp-content\/uploads\/2024\/09\/mediumnidad-1.jpg","type":"image\/jpeg"}],"twitter_card":"summary_large_image","twitter_misc":{"Est. tempo de leitura":"7 minutos"},"schema":{"@context":"https:\/\/schema.org","@graph":[{"@type":"WebPage","@id":"https:\/\/nuevo-renacer.com\/naturaleza-de-la-mediumnidad\/","url":"https:\/\/nuevo-renacer.com\/naturaleza-de-la-mediumnidad\/","name":"Naturaleza de la mediumnidad - Uni\u00f3n Esp\u00edrita","isPartOf":{"@id":"https:\/\/nuevo-renacer.com\/#website"},"primaryImageOfPage":{"@id":"https:\/\/nuevo-renacer.com\/naturaleza-de-la-mediumnidad\/#primaryimage"},"image":{"@id":"https:\/\/nuevo-renacer.com\/naturaleza-de-la-mediumnidad\/#primaryimage"},"thumbnailUrl":"https:\/\/nuevo-renacer.com\/wp-content\/uploads\/2024\/09\/mediumnidad-1.jpg","datePublished":"2024-09-02T09:12:15+00:00","dateModified":"2024-09-02T09:53:31+00:00","breadcrumb":{"@id":"https:\/\/nuevo-renacer.com\/naturaleza-de-la-mediumnidad\/#breadcrumb"},"inLanguage":"pt-BR","potentialAction":[{"@type":"ReadAction","target":["https:\/\/nuevo-renacer.com\/naturaleza-de-la-mediumnidad\/"]}]},{"@type":"ImageObject","inLanguage":"pt-BR","@id":"https:\/\/nuevo-renacer.com\/naturaleza-de-la-mediumnidad\/#primaryimage","url":"https:\/\/nuevo-renacer.com\/wp-content\/uploads\/2024\/09\/mediumnidad-1.jpg","contentUrl":"https:\/\/nuevo-renacer.com\/wp-content\/uploads\/2024\/09\/mediumnidad-1.jpg","width":1024,"height":1024},{"@type":"BreadcrumbList","@id":"https:\/\/nuevo-renacer.com\/naturaleza-de-la-mediumnidad\/#breadcrumb","itemListElement":[{"@type":"ListItem","position":1,"name":"Startseite","item":"https:\/\/nuevo-renacer.com\/"},{"@type":"ListItem","position":2,"name":"Naturaleza de la mediumnidad"}]},{"@type":"WebSite","@id":"https:\/\/nuevo-renacer.com\/#website","url":"https:\/\/nuevo-renacer.com\/","name":"Uni\u00f3n Esp\u00edrita","description":"Nuevo Renacer","publisher":{"@id":"https:\/\/nuevo-renacer.com\/#organization"},"potentialAction":[{"@type":"SearchAction","target":{"@type":"EntryPoint","urlTemplate":"https:\/\/nuevo-renacer.com\/?s={search_term_string}"},"query-input":{"@type":"PropertyValueSpecification","valueRequired":true,"valueName":"search_term_string"}}],"inLanguage":"pt-BR"},{"@type":"Organization","@id":"https:\/\/nuevo-renacer.com\/#organization","name":"UFEC","url":"https:\/\/nuevo-renacer.com\/","logo":{"@type":"ImageObject","inLanguage":"pt-BR","@id":"https:\/\/nuevo-renacer.com\/#\/schema\/logo\/image\/","url":"https:\/\/nuevo-renacer.com\/wp-content\/uploads\/2024\/05\/cropped-LOGO-TERMINADO1-3-3.png","contentUrl":"https:\/\/nuevo-renacer.com\/wp-content\/uploads\/2024\/05\/cropped-LOGO-TERMINADO1-3-3.png","width":512,"height":512,"caption":"UFEC"},"image":{"@id":"https:\/\/nuevo-renacer.com\/#\/schema\/logo\/image\/"},"sameAs":["https:\/\/www.facebook.com\/groups\/3431398063740829"]}]}},"uagb_featured_image_src":{"full":["https:\/\/nuevo-renacer.com\/wp-content\/uploads\/2024\/09\/mediumnidad-1.jpg",1024,1024,false],"thumbnail":["https:\/\/nuevo-renacer.com\/wp-content\/uploads\/2024\/09\/mediumnidad-1-150x150.jpg",150,150,true],"medium":["https:\/\/nuevo-renacer.com\/wp-content\/uploads\/2024\/09\/mediumnidad-1-300x300.jpg",300,300,true],"medium_large":["https:\/\/nuevo-renacer.com\/wp-content\/uploads\/2024\/09\/mediumnidad-1-768x768.jpg",768,768,true],"large":["https:\/\/nuevo-renacer.com\/wp-content\/uploads\/2024\/09\/mediumnidad-1.jpg",1024,1024,false],"1536x1536":["https:\/\/nuevo-renacer.com\/wp-content\/uploads\/2024\/09\/mediumnidad-1.jpg",1024,1024,false],"2048x2048":["https:\/\/nuevo-renacer.com\/wp-content\/uploads\/2024\/09\/mediumnidad-1.jpg",1024,1024,false],"trp-custom-language-flag":["https:\/\/nuevo-renacer.com\/wp-content\/uploads\/2024\/09\/mediumnidad-1-12x12.jpg",12,12,true]},"uagb_author_info":{"display_name":"adbv0","author_link":"https:\/\/nuevo-renacer.com\/pt\/author\/adbv0\/"},"uagb_comment_info":0,"uagb_excerpt":"Naturaleza de la mediumnidad Se llama mediumnidad el conjunto de facultades que permiten al ser humano comunicarse con Mundo Invisible. El m\u00e9dium goza por anticipado de los medios de percepci\u00f3n y de sensaci\u00f3n que pertenecen m\u00e1s bien a la vida del esp\u00edritu que a la del hombre. Por eso tiene el privilegio de servir de&hellip;","jetpack_sharing_enabled":true,"_links":{"self":[{"href":"https:\/\/nuevo-renacer.com\/pt\/wp-json\/wp\/v2\/pages\/4341","targetHints":{"allow":["GET"]}}],"collection":[{"href":"https:\/\/nuevo-renacer.com\/pt\/wp-json\/wp\/v2\/pages"}],"about":[{"href":"https:\/\/nuevo-renacer.com\/pt\/wp-json\/wp\/v2\/types\/page"}],"author":[{"embeddable":true,"href":"https:\/\/nuevo-renacer.com\/pt\/wp-json\/wp\/v2\/users\/1"}],"replies":[{"embeddable":true,"href":"https:\/\/nuevo-renacer.com\/pt\/wp-json\/wp\/v2\/comments?post=4341"}],"version-history":[{"count":6,"href":"https:\/\/nuevo-renacer.com\/pt\/wp-json\/wp\/v2\/pages\/4341\/revisions"}],"predecessor-version":[{"id":4353,"href":"https:\/\/nuevo-renacer.com\/pt\/wp-json\/wp\/v2\/pages\/4341\/revisions\/4353"}],"wp:featuredmedia":[{"embeddable":true,"href":"https:\/\/nuevo-renacer.com\/pt\/wp-json\/wp\/v2\/media\/4352"}],"wp:attachment":[{"href":"https:\/\/nuevo-renacer.com\/pt\/wp-json\/wp\/v2\/media?parent=4341"}],"curies":[{"name":"wp","href":"https:\/\/api.w.org\/{rel}","templated":true}]}}