{"id":4321,"date":"2024-09-02T07:05:55","date_gmt":"2024-09-02T07:05:55","guid":{"rendered":"https:\/\/nuevo-renacer.com\/?page_id=4321"},"modified":"2025-11-20T10:25:20","modified_gmt":"2025-11-20T10:25:20","slug":"la-irresponsabilidad-y-sus-frutos","status":"publish","type":"page","link":"https:\/\/nuevo-renacer.com\/pt\/la-irresponsabilidad-y-sus-frutos\/","title":{"rendered":"Irresponsabilidade e seus frutos"},"content":{"rendered":"<div class=\"wp-block-uagb-container uagb-block-a6797f41 alignfull uagb-is-root-container\"><div class=\"uagb-container-inner-blocks-wrap\">\n<p class=\"has-black-color has-text-color has-link-color has-medium-font-size wp-elements-1a3c151f4b495a4706274d07e37a3387\"><strong>Irresponsabilidade e seus frutos<\/strong><\/p>\n<\/div><\/div>\n\n\n\n<div class=\"wp-block-uagb-container uagb-block-77d2a1f6 alignfull uagb-is-root-container\"><div class=\"uagb-container-inner-blocks-wrap\">\n<figure class=\"wp-block-image size-large is-resized\"><img fetchpriority=\"high\" decoding=\"async\" width=\"1024\" height=\"640\" src=\"https:\/\/nuevo-renacer.com\/wp-content\/uploads\/2024\/09\/ideogram-2-1024x640.jpg\" alt=\"\" class=\"wp-image-4323\" style=\"width:394px;height:auto\" srcset=\"https:\/\/nuevo-renacer.com\/wp-content\/uploads\/2024\/09\/ideogram-2-1024x640.jpg 1024w, https:\/\/nuevo-renacer.com\/wp-content\/uploads\/2024\/09\/ideogram-2-300x187.jpg 300w, https:\/\/nuevo-renacer.com\/wp-content\/uploads\/2024\/09\/ideogram-2-768x480.jpg 768w, https:\/\/nuevo-renacer.com\/wp-content\/uploads\/2024\/09\/ideogram-2-1536x960.jpg 1536w, https:\/\/nuevo-renacer.com\/wp-content\/uploads\/2024\/09\/ideogram-2-18x12.jpg 18w, https:\/\/nuevo-renacer.com\/wp-content\/uploads\/2024\/09\/ideogram-2.jpg 1546w\" sizes=\"(max-width: 1024px) 100vw, 1024px\" \/><\/figure>\n<\/div><\/div>\n\n\n\n<div class=\"wp-block-uagb-container uagb-block-23ecb1db alignfull uagb-is-root-container\"><div class=\"uagb-container-inner-blocks-wrap\">\n<p class=\"has-black-color has-text-color has-link-color has-small-font-size wp-elements-dc6f3d9937036c279e00352e7b8a6864\">A responsabilidade pelo que falamos e fazemos \u00e9 uma consequ\u00eancia direta do livre-arb\u00edtrio, a liberdade de escolha dada por Deus que se expande \u00e0 medida que evolu\u00edmos. Sendo assim, a irresponsabilidade n\u00e3o poderia ser propagada em nosso meio. Jornalistas, editores, meios de comunica\u00e7\u00e3o \u2013 mais do que qualquer outra pessoa \u2013 devem sempre ter esse fato em mente, com base no impacto que seu trabalho pode ter na sociedade.<\/p>\n\n\n\n<p class=\"has-black-color has-text-color has-link-color has-small-font-size wp-elements-bc9784acb9bba75cdf24b506723ef88a\">\u201cVivimos momentos dif\u00edciles en la actualidad del movimiento esp\u00edrita, pero los culpables de eso somos nosotros mismos.\u00bb<\/p>\n\n\n\n<p class=\"has-black-color has-text-color has-link-color has-small-font-size wp-elements-0a4538f7660105b2c49c89e671e8dafe\">Confundimos o significado da palavra toler\u00e2ncia. A toler\u00e2ncia, sem d\u00favida, \u00e9 nosso dever para com todas as pessoas, mas nunca para com os erros que elas cometem. Apontar o engano, o erro, o mal-entendido \u00e9 uma coisa boa que fazemos \u00e0 pessoa que comete um erro, porque, tendo sido advertida de seus erros, ela ser\u00e1 capaz de se elevar a um novo estado de compreens\u00e3o. \u00c9 claro que, ao fazer isso, n\u00e3o devemos expor ningu\u00e9m ao rid\u00edculo ou \u00e0 zombaria, pois isso feriria o princ\u00edpio da caridade, que \u00e9 um bem precioso que n\u00f3s, esp\u00edritas, n\u00e3o podemos ignorar.<\/p>\n\n\n\n<p class=\"has-black-color has-text-color has-link-color has-small-font-size wp-elements-4561ef181da7403902ec9951f8b4dfc7\">Nosso segundo erro \u00e9 a irresponsabilidade que tem levado muitas pessoas, n\u00e3o apenas m\u00e9diuns, a desconsiderar as bases fundamentais sobre as quais a Doutrina Esp\u00edrita foi codificada. Parece at\u00e9 que nos esquecemos da li\u00e7\u00e3o que Emmanuel deu a Chico Xavier nos prim\u00f3rdios de sua obra, t\u00e3o admirada pelos esp\u00edritas do Brasil. Era preciso, disse ele ao seu querido mentor, comparar os escritos medi\u00fanicos com a obra de Kardec e os ensinamentos de Jesus. Em caso de discord\u00e2ncia, o destino dos escritos seria a lata de lixo, mesmo que o autor da comunica\u00e7\u00e3o fosse ele pr\u00f3prio.<\/p>\n\n\n\n<p class=\"has-black-color has-text-color has-link-color has-small-font-size wp-elements-398fcc3033f368f6d4d48ec39a62b6b5\">Na obra principal dirigida aos m\u00e9diuns e dirigentes esp\u00edritas, Kardec inseriu duas li\u00e7\u00f5es essenciais, uma assinada por Erasto, outra por S\u00e3o Lu\u00eds, que ainda hoje s\u00e3o utilizadas. A primeira delas comp\u00f5e o item 230 de&nbsp;<em>O Livro dos M\u00e9diuns<\/em>:<\/p>\n\n\n\n<p class=\"has-black-color has-text-color has-link-color has-small-font-size wp-elements-76f260261cab10a8357a44c3b2c41669\">Na d\u00favida, abstenha-se, diz um de seus antigos prov\u00e9rbios. Portanto, admita apenas o que \u00e9, a seus olhos, manifestamente evidente. Assim que uma nova opini\u00e3o for apresentada, por mais duvidosa que lhe pare\u00e7a, submeta-a ao cadinho da raz\u00e3o e da l\u00f3gica e rejeite sem medo o que a raz\u00e3o e o bom senso rejeitarem. \u00c9 melhor repelir dez verdades do que admitir uma \u00fanica falsidade, uma \u00fanica teoria err\u00f4nea. De fato, com base em tal teoria, voc\u00ea poderia construir um sistema inteiro, que desmoronaria ao primeiro sopro de verdade, como um monumento constru\u00eddo sobre areias movedi\u00e7as, ao passo que, se voc\u00ea rejeitar algumas verdades hoje porque elas n\u00e3o lhe foram demonstradas de forma clara e l\u00f3gica, mais tarde um fato brutal ou uma demonstra\u00e7\u00e3o irrefut\u00e1vel lhe afirmar\u00e1 a autenticidade delas.<\/p>\n\n\n\n<p class=\"has-black-color has-text-color has-link-color has-small-font-size wp-elements-0cffcb5ec2b10118bf71074b1a34e9b3\">Lembrem-se, por\u00e9m, \u00f3 esp\u00edritas, de que, para Deus e para os bons esp\u00edritos, s\u00f3 h\u00e1 uma coisa imposs\u00edvel: a injusti\u00e7a e a iniquidade. O Espiritismo j\u00e1 est\u00e1 suficientemente difundido entre os homens e j\u00e1 moralizou suficientemente os adeptos sinceros de sua santa doutrina, de modo que os Esp\u00edritos n\u00e3o s\u00e3o mais obrigados a se servir de maus instrumentos, de m\u00e9diuns imperfeitos. Se, portanto, um m\u00e9dium, seja ele quem for, se tornar agora objeto de leg\u00edtima suspeita, por sua conduta, seus h\u00e1bitos, seu orgulho, sua falta de amor e de caridade, repelir, repelir suas comunica\u00e7\u00f5es, pois haver\u00e1 uma serpente escondida entre a grama.<\/p>\n\n\n\n<p class=\"has-black-color has-text-color has-link-color has-small-font-size wp-elements-d9150a898195891d9ccb638ad6d1ded2\">A segunda li\u00e7\u00e3o pode ser vista no item 266 do trabalho acima mencionado:<\/p>\n\n\n\n<p class=\"has-black-color has-text-color has-link-color has-small-font-size wp-elements-bb8323f9645b0cc129a504bfa3b98269\">Submetendo todas as comunica\u00e7\u00f5es a um exame escrupuloso, escrutinando e analisando o pensamento e as express\u00f5es, como se costuma fazer quando se trata de julgar uma obra liter\u00e1ria, e rejeitando, sem hesita\u00e7\u00e3o, tudo o que contraria a l\u00f3gica e o bom senso, tudo o que desmente o car\u00e1ter do Esp\u00edrito que se sup\u00f5e ser aquele que se manifesta, desencorajamos os Esp\u00edritos mentirosos, que acabar\u00e3o por se retirar, uma vez que estejam bem convencidos de que n\u00e3o conseguir\u00e3o enganar. Repetimos: esse meio \u00e9 \u00fanico, mas \u00e9 infal\u00edvel, pois nenhuma comunica\u00e7\u00e3o mal\u00e9fica resiste a uma cr\u00edtica rigorosa. Os bons Esp\u00edritos nunca se ofendem com isso, porque eles mesmos o aconselham e porque nada t\u00eam a temer do exame. Somente os maus formalizam e procuram evit\u00e1-la, porque todos t\u00eam a perder. Somente dessa forma eles provam o que s\u00e3o. Esse \u00e9 o conselho que S\u00e3o Lu\u00eds nos deu a esse respeito:&nbsp;<\/p>\n\n\n\n<p class=\"has-black-color has-text-color has-link-color has-small-font-size wp-elements-c2d5c4b8695300ad42617346ff9eb6c8\"><em>Qualquer que seja a confian\u00e7a leg\u00edtima inspirada pelos esp\u00edritos que presidem seu trabalho, h\u00e1 uma recomenda\u00e7\u00e3o que nunca \u00e9 demais repetir e que voc\u00ea deve ter sempre em mente quando estiver envolvido em seus estudos: \u00e9 a de pesar e meditar; \u00e9 a de submeter todas as comunica\u00e7\u00f5es que receber ao crivo da mais severa raz\u00e3o; \u00e9 a de nunca deixar de pedir as explica\u00e7\u00f5es necess\u00e1rias para formar uma opini\u00e3o segura, sempre que um ponto lhe parecer suspeito, duvidoso ou obscuro.<\/em><\/p>\n\n\n\n<p class=\"has-black-color has-text-color has-link-color has-small-font-size wp-elements-04d4f80964a11651effb739f05abfda8\">Herculano Pires, que, segundo Emmanuel e Chico Xavier, foi quem mais entendeu a obra de Kardec, nunca deixou de apontar os erros, fossem eles quais fossem, porque acima de tudo devemos preservar a Doutrina e n\u00e3o nos deixarmos usar para denegri-la.<\/p>\n<\/div><\/div>\n\n\n\n<div class=\"wp-block-uagb-container uagb-block-ffe1c91c alignfull uagb-is-root-container\"><div class=\"uagb-container-inner-blocks-wrap\"><\/div><\/div>\n\n\n\n<div class=\"wp-block-uagb-container uagb-block-047ca7e8 alignfull uagb-is-root-container\"><div class=\"uagb-container-inner-blocks-wrap\"><\/div><\/div>","protected":false},"excerpt":{"rendered":"<p>La irresponsabilidad y sus frutos La responsabilidad por lo que hablamos y hacemos es consecuencia directa del libre albedr\u00edo, esa libertad de elecci\u00f3n que Dios nos concedi\u00f3 y que se ampl\u00eda a medida que evolucionamos. A la vista de eso, la irresponsabilidad no podr\u00eda propagarse en nuestro medio. Periodistas, editores, m\u00e9diums \u2013 m\u00e1s que cualquier [&hellip;]<\/p>","protected":false},"author":1,"featured_media":4323,"parent":0,"menu_order":0,"comment_status":"closed","ping_status":"closed","template":"","meta":{"_uag_custom_page_level_css":"","site-sidebar-layout":"default","site-content-layout":"","ast-site-content-layout":"default","site-content-style":"default","site-sidebar-style":"default","ast-global-header-display":"","ast-banner-title-visibility":"","ast-main-header-display":"","ast-hfb-above-header-display":"","ast-hfb-below-header-display":"","ast-hfb-mobile-header-display":"","site-post-title":"","ast-breadcrumbs-content":"","ast-featured-img":"","footer-sml-layout":"","theme-transparent-header-meta":"","adv-header-id-meta":"","stick-header-meta":"","header-above-stick-meta":"","header-main-stick-meta":"","header-below-stick-meta":"","astra-migrate-meta-layouts":"set","ast-page-background-enabled":"default","ast-page-background-meta":{"desktop":{"background-color":"var(--ast-global-color-4)","background-image":"","background-repeat":"repeat","background-position":"center center","background-size":"auto","background-attachment":"scroll","background-type":"","background-media":"","overlay-type":"","overlay-color":"","overlay-opacity":"","overlay-gradient":""},"tablet":{"background-color":"","background-image":"","background-repeat":"repeat","background-position":"center center","background-size":"auto","background-attachment":"scroll","background-type":"","background-media":"","overlay-type":"","overlay-color":"","overlay-opacity":"","overlay-gradient":""},"mobile":{"background-color":"","background-image":"","background-repeat":"repeat","background-position":"center center","background-size":"auto","background-attachment":"scroll","background-type":"","background-media":"","overlay-type":"","overlay-color":"","overlay-opacity":"","overlay-gradient":""}},"ast-content-background-meta":{"desktop":{"background-color":"var(--ast-global-color-5)","background-image":"","background-repeat":"repeat","background-position":"center center","background-size":"auto","background-attachment":"scroll","background-type":"","background-media":"","overlay-type":"","overlay-color":"","overlay-opacity":"","overlay-gradient":""},"tablet":{"background-color":"var(--ast-global-color-5)","background-image":"","background-repeat":"repeat","background-position":"center center","background-size":"auto","background-attachment":"scroll","background-type":"","background-media":"","overlay-type":"","overlay-color":"","overlay-opacity":"","overlay-gradient":""},"mobile":{"background-color":"var(--ast-global-color-5)","background-image":"","background-repeat":"repeat","background-position":"center center","background-size":"auto","background-attachment":"scroll","background-type":"","background-media":"","overlay-type":"","overlay-color":"","overlay-opacity":"","overlay-gradient":""}},"footnotes":""},"class_list":["post-4321","page","type-page","status-publish","has-post-thumbnail","hentry"],"yoast_head":"<!-- This site is optimized with the Yoast SEO Premium plugin v24.2 (Yoast SEO v24.6) - https:\/\/yoast.com\/wordpress\/plugins\/seo\/ -->\n<title>La irresponsabilidad y sus frutos - Uni\u00f3n Esp\u00edrita<\/title>\n<meta name=\"robots\" content=\"index, follow, max-snippet:-1, max-image-preview:large, max-video-preview:-1\" \/>\n<link rel=\"canonical\" href=\"https:\/\/nuevo-renacer.com\/pt\/la-irresponsabilidad-y-sus-frutos\/\" \/>\n<meta property=\"og:locale\" content=\"pt_BR\" \/>\n<meta property=\"og:type\" content=\"article\" \/>\n<meta property=\"og:title\" content=\"La irresponsabilidad y sus frutos\" \/>\n<meta property=\"og:description\" content=\"La irresponsabilidad y sus frutos La responsabilidad por lo que hablamos y hacemos es consecuencia directa del libre albedr\u00edo, esa libertad de elecci\u00f3n que Dios nos concedi\u00f3 y que se ampl\u00eda a medida que evolucionamos. A la vista de eso, la irresponsabilidad no podr\u00eda propagarse en nuestro medio. Periodistas, editores, m\u00e9diums \u2013 m\u00e1s que cualquier [&hellip;]\" \/>\n<meta property=\"og:url\" content=\"https:\/\/nuevo-renacer.com\/pt\/la-irresponsabilidad-y-sus-frutos\/\" \/>\n<meta property=\"og:site_name\" content=\"Uni\u00f3n Esp\u00edrita\" \/>\n<meta property=\"article:publisher\" content=\"https:\/\/www.facebook.com\/groups\/3431398063740829\" \/>\n<meta property=\"article:modified_time\" content=\"2025-11-20T10:25:20+00:00\" \/>\n<meta property=\"og:image\" content=\"https:\/\/nuevo-renacer.com\/wp-content\/uploads\/2024\/09\/ideogram-2.jpg\" \/>\n\t<meta property=\"og:image:width\" content=\"1546\" \/>\n\t<meta property=\"og:image:height\" content=\"966\" \/>\n\t<meta property=\"og:image:type\" content=\"image\/jpeg\" \/>\n<meta name=\"twitter:card\" content=\"summary_large_image\" \/>\n<meta name=\"twitter:label1\" content=\"Est. tempo de leitura\" \/>\n\t<meta name=\"twitter:data1\" content=\"6 minutos\" \/>\n<script type=\"application\/ld+json\" class=\"yoast-schema-graph\">{\"@context\":\"https:\/\/schema.org\",\"@graph\":[{\"@type\":\"WebPage\",\"@id\":\"https:\/\/nuevo-renacer.com\/la-irresponsabilidad-y-sus-frutos\/\",\"url\":\"https:\/\/nuevo-renacer.com\/la-irresponsabilidad-y-sus-frutos\/\",\"name\":\"La irresponsabilidad y sus frutos - Uni\u00f3n Esp\u00edrita\",\"isPartOf\":{\"@id\":\"https:\/\/nuevo-renacer.com\/#website\"},\"primaryImageOfPage\":{\"@id\":\"https:\/\/nuevo-renacer.com\/la-irresponsabilidad-y-sus-frutos\/#primaryimage\"},\"image\":{\"@id\":\"https:\/\/nuevo-renacer.com\/la-irresponsabilidad-y-sus-frutos\/#primaryimage\"},\"thumbnailUrl\":\"https:\/\/nuevo-renacer.com\/wp-content\/uploads\/2024\/09\/ideogram-2.jpg\",\"datePublished\":\"2024-09-02T07:05:55+00:00\",\"dateModified\":\"2025-11-20T10:25:20+00:00\",\"breadcrumb\":{\"@id\":\"https:\/\/nuevo-renacer.com\/la-irresponsabilidad-y-sus-frutos\/#breadcrumb\"},\"inLanguage\":\"pt-BR\",\"potentialAction\":[{\"@type\":\"ReadAction\",\"target\":[\"https:\/\/nuevo-renacer.com\/la-irresponsabilidad-y-sus-frutos\/\"]}]},{\"@type\":\"ImageObject\",\"inLanguage\":\"pt-BR\",\"@id\":\"https:\/\/nuevo-renacer.com\/la-irresponsabilidad-y-sus-frutos\/#primaryimage\",\"url\":\"https:\/\/nuevo-renacer.com\/wp-content\/uploads\/2024\/09\/ideogram-2.jpg\",\"contentUrl\":\"https:\/\/nuevo-renacer.com\/wp-content\/uploads\/2024\/09\/ideogram-2.jpg\",\"width\":1546,\"height\":966},{\"@type\":\"BreadcrumbList\",\"@id\":\"https:\/\/nuevo-renacer.com\/la-irresponsabilidad-y-sus-frutos\/#breadcrumb\",\"itemListElement\":[{\"@type\":\"ListItem\",\"position\":1,\"name\":\"Startseite\",\"item\":\"https:\/\/nuevo-renacer.com\/\"},{\"@type\":\"ListItem\",\"position\":2,\"name\":\"La irresponsabilidad y sus frutos\"}]},{\"@type\":\"WebSite\",\"@id\":\"https:\/\/nuevo-renacer.com\/#website\",\"url\":\"https:\/\/nuevo-renacer.com\/\",\"name\":\"Uni\u00f3n Esp\u00edrita\",\"description\":\"Nuevo Renacer\",\"publisher\":{\"@id\":\"https:\/\/nuevo-renacer.com\/#organization\"},\"potentialAction\":[{\"@type\":\"SearchAction\",\"target\":{\"@type\":\"EntryPoint\",\"urlTemplate\":\"https:\/\/nuevo-renacer.com\/?s={search_term_string}\"},\"query-input\":{\"@type\":\"PropertyValueSpecification\",\"valueRequired\":true,\"valueName\":\"search_term_string\"}}],\"inLanguage\":\"pt-BR\"},{\"@type\":\"Organization\",\"@id\":\"https:\/\/nuevo-renacer.com\/#organization\",\"name\":\"UFEC\",\"url\":\"https:\/\/nuevo-renacer.com\/\",\"logo\":{\"@type\":\"ImageObject\",\"inLanguage\":\"pt-BR\",\"@id\":\"https:\/\/nuevo-renacer.com\/#\/schema\/logo\/image\/\",\"url\":\"https:\/\/nuevo-renacer.com\/wp-content\/uploads\/2024\/05\/cropped-LOGO-TERMINADO1-3-3.png\",\"contentUrl\":\"https:\/\/nuevo-renacer.com\/wp-content\/uploads\/2024\/05\/cropped-LOGO-TERMINADO1-3-3.png\",\"width\":512,\"height\":512,\"caption\":\"UFEC\"},\"image\":{\"@id\":\"https:\/\/nuevo-renacer.com\/#\/schema\/logo\/image\/\"},\"sameAs\":[\"https:\/\/www.facebook.com\/groups\/3431398063740829\"]}]}<\/script>\n<!-- \/ Yoast SEO Premium plugin. -->","yoast_head_json":{"title":"La irresponsabilidad y sus frutos - Uni\u00f3n Esp\u00edrita","robots":{"index":"index","follow":"follow","max-snippet":"max-snippet:-1","max-image-preview":"max-image-preview:large","max-video-preview":"max-video-preview:-1"},"canonical":"https:\/\/nuevo-renacer.com\/pt\/la-irresponsabilidad-y-sus-frutos\/","og_locale":"pt_BR","og_type":"article","og_title":"La irresponsabilidad y sus frutos","og_description":"La irresponsabilidad y sus frutos La responsabilidad por lo que hablamos y hacemos es consecuencia directa del libre albedr\u00edo, esa libertad de elecci\u00f3n que Dios nos concedi\u00f3 y que se ampl\u00eda a medida que evolucionamos. A la vista de eso, la irresponsabilidad no podr\u00eda propagarse en nuestro medio. Periodistas, editores, m\u00e9diums \u2013 m\u00e1s que cualquier [&hellip;]","og_url":"https:\/\/nuevo-renacer.com\/pt\/la-irresponsabilidad-y-sus-frutos\/","og_site_name":"Uni\u00f3n Esp\u00edrita","article_publisher":"https:\/\/www.facebook.com\/groups\/3431398063740829","article_modified_time":"2025-11-20T10:25:20+00:00","og_image":[{"width":1546,"height":966,"url":"https:\/\/nuevo-renacer.com\/wp-content\/uploads\/2024\/09\/ideogram-2.jpg","type":"image\/jpeg"}],"twitter_card":"summary_large_image","twitter_misc":{"Est. tempo de leitura":"6 minutos"},"schema":{"@context":"https:\/\/schema.org","@graph":[{"@type":"WebPage","@id":"https:\/\/nuevo-renacer.com\/la-irresponsabilidad-y-sus-frutos\/","url":"https:\/\/nuevo-renacer.com\/la-irresponsabilidad-y-sus-frutos\/","name":"La irresponsabilidad y sus frutos - Uni\u00f3n Esp\u00edrita","isPartOf":{"@id":"https:\/\/nuevo-renacer.com\/#website"},"primaryImageOfPage":{"@id":"https:\/\/nuevo-renacer.com\/la-irresponsabilidad-y-sus-frutos\/#primaryimage"},"image":{"@id":"https:\/\/nuevo-renacer.com\/la-irresponsabilidad-y-sus-frutos\/#primaryimage"},"thumbnailUrl":"https:\/\/nuevo-renacer.com\/wp-content\/uploads\/2024\/09\/ideogram-2.jpg","datePublished":"2024-09-02T07:05:55+00:00","dateModified":"2025-11-20T10:25:20+00:00","breadcrumb":{"@id":"https:\/\/nuevo-renacer.com\/la-irresponsabilidad-y-sus-frutos\/#breadcrumb"},"inLanguage":"pt-BR","potentialAction":[{"@type":"ReadAction","target":["https:\/\/nuevo-renacer.com\/la-irresponsabilidad-y-sus-frutos\/"]}]},{"@type":"ImageObject","inLanguage":"pt-BR","@id":"https:\/\/nuevo-renacer.com\/la-irresponsabilidad-y-sus-frutos\/#primaryimage","url":"https:\/\/nuevo-renacer.com\/wp-content\/uploads\/2024\/09\/ideogram-2.jpg","contentUrl":"https:\/\/nuevo-renacer.com\/wp-content\/uploads\/2024\/09\/ideogram-2.jpg","width":1546,"height":966},{"@type":"BreadcrumbList","@id":"https:\/\/nuevo-renacer.com\/la-irresponsabilidad-y-sus-frutos\/#breadcrumb","itemListElement":[{"@type":"ListItem","position":1,"name":"Startseite","item":"https:\/\/nuevo-renacer.com\/"},{"@type":"ListItem","position":2,"name":"La irresponsabilidad y sus frutos"}]},{"@type":"WebSite","@id":"https:\/\/nuevo-renacer.com\/#website","url":"https:\/\/nuevo-renacer.com\/","name":"Uni\u00f3n Esp\u00edrita","description":"Nuevo Renacer","publisher":{"@id":"https:\/\/nuevo-renacer.com\/#organization"},"potentialAction":[{"@type":"SearchAction","target":{"@type":"EntryPoint","urlTemplate":"https:\/\/nuevo-renacer.com\/?s={search_term_string}"},"query-input":{"@type":"PropertyValueSpecification","valueRequired":true,"valueName":"search_term_string"}}],"inLanguage":"pt-BR"},{"@type":"Organization","@id":"https:\/\/nuevo-renacer.com\/#organization","name":"UFEC","url":"https:\/\/nuevo-renacer.com\/","logo":{"@type":"ImageObject","inLanguage":"pt-BR","@id":"https:\/\/nuevo-renacer.com\/#\/schema\/logo\/image\/","url":"https:\/\/nuevo-renacer.com\/wp-content\/uploads\/2024\/05\/cropped-LOGO-TERMINADO1-3-3.png","contentUrl":"https:\/\/nuevo-renacer.com\/wp-content\/uploads\/2024\/05\/cropped-LOGO-TERMINADO1-3-3.png","width":512,"height":512,"caption":"UFEC"},"image":{"@id":"https:\/\/nuevo-renacer.com\/#\/schema\/logo\/image\/"},"sameAs":["https:\/\/www.facebook.com\/groups\/3431398063740829"]}]}},"uagb_featured_image_src":{"full":["https:\/\/nuevo-renacer.com\/wp-content\/uploads\/2024\/09\/ideogram-2.jpg",1546,966,false],"thumbnail":["https:\/\/nuevo-renacer.com\/wp-content\/uploads\/2024\/09\/ideogram-2-150x150.jpg",150,150,true],"medium":["https:\/\/nuevo-renacer.com\/wp-content\/uploads\/2024\/09\/ideogram-2-300x187.jpg",300,187,true],"medium_large":["https:\/\/nuevo-renacer.com\/wp-content\/uploads\/2024\/09\/ideogram-2-768x480.jpg",768,480,true],"large":["https:\/\/nuevo-renacer.com\/wp-content\/uploads\/2024\/09\/ideogram-2-1024x640.jpg",1024,640,true],"1536x1536":["https:\/\/nuevo-renacer.com\/wp-content\/uploads\/2024\/09\/ideogram-2-1536x960.jpg",1536,960,true],"2048x2048":["https:\/\/nuevo-renacer.com\/wp-content\/uploads\/2024\/09\/ideogram-2.jpg",1546,966,false],"trp-custom-language-flag":["https:\/\/nuevo-renacer.com\/wp-content\/uploads\/2024\/09\/ideogram-2-18x12.jpg",18,12,true]},"uagb_author_info":{"display_name":"adbv0","author_link":"https:\/\/nuevo-renacer.com\/pt\/author\/adbv0\/"},"uagb_comment_info":0,"uagb_excerpt":"La irresponsabilidad y sus frutos La responsabilidad por lo que hablamos y hacemos es consecuencia directa del libre albedr\u00edo, esa libertad de elecci\u00f3n que Dios nos concedi\u00f3 y que se ampl\u00eda a medida que evolucionamos. A la vista de eso, la irresponsabilidad no podr\u00eda propagarse en nuestro medio. Periodistas, editores, m\u00e9diums \u2013 m\u00e1s que cualquier&hellip;","jetpack_sharing_enabled":true,"_links":{"self":[{"href":"https:\/\/nuevo-renacer.com\/pt\/wp-json\/wp\/v2\/pages\/4321","targetHints":{"allow":["GET"]}}],"collection":[{"href":"https:\/\/nuevo-renacer.com\/pt\/wp-json\/wp\/v2\/pages"}],"about":[{"href":"https:\/\/nuevo-renacer.com\/pt\/wp-json\/wp\/v2\/types\/page"}],"author":[{"embeddable":true,"href":"https:\/\/nuevo-renacer.com\/pt\/wp-json\/wp\/v2\/users\/1"}],"replies":[{"embeddable":true,"href":"https:\/\/nuevo-renacer.com\/pt\/wp-json\/wp\/v2\/comments?post=4321"}],"version-history":[{"count":14,"href":"https:\/\/nuevo-renacer.com\/pt\/wp-json\/wp\/v2\/pages\/4321\/revisions"}],"predecessor-version":[{"id":8704,"href":"https:\/\/nuevo-renacer.com\/pt\/wp-json\/wp\/v2\/pages\/4321\/revisions\/8704"}],"wp:featuredmedia":[{"embeddable":true,"href":"https:\/\/nuevo-renacer.com\/pt\/wp-json\/wp\/v2\/media\/4323"}],"wp:attachment":[{"href":"https:\/\/nuevo-renacer.com\/pt\/wp-json\/wp\/v2\/media?parent=4321"}],"curies":[{"name":"wp","href":"https:\/\/api.w.org\/{rel}","templated":true}]}}