{"id":4156,"date":"2024-08-27T12:14:43","date_gmt":"2024-08-27T12:14:43","guid":{"rendered":"https:\/\/ufec-mundial.com\/?page_id=4156"},"modified":"2025-01-03T12:51:30","modified_gmt":"2025-01-03T12:51:30","slug":"phillis-wheatley","status":"publish","type":"page","link":"https:\/\/nuevo-renacer.com\/pt\/phillis-wheatley\/","title":{"rendered":"Phillis Wheatley"},"content":{"rendered":"<div class=\"wp-block-uagb-container uagb-block-8ad90be7 alignfull uagb-is-root-container\"><div class=\"uagb-container-inner-blocks-wrap\">\n<p class=\"has-black-color has-text-color has-link-color has-medium-font-size wp-elements-9cb6edabd3c1904eeca27db4aa5de16e\"><strong>Phillis Wheatley<\/strong> <strong>\u2013 Ela era mulher, negra, escrava, mas era uma poeta.<\/strong><\/p>\n<\/div><\/div>\n\n\n\n<div class=\"wp-block-uagb-container uagb-block-241082c4 alignfull uagb-is-root-container\"><div class=\"uagb-container-inner-blocks-wrap\">\n<figure class=\"wp-block-image size-full is-resized\"><img fetchpriority=\"high\" decoding=\"async\" width=\"220\" height=\"305\" src=\"https:\/\/ufec-mundial.com\/wp-content\/uploads\/2024\/08\/Phyllis_Wheatley_Waters-1.jpg\" alt=\"\" class=\"wp-image-4158\" style=\"width:279px;height:auto\" srcset=\"https:\/\/nuevo-renacer.com\/wp-content\/uploads\/2024\/08\/Phyllis_Wheatley_Waters-1.jpg 220w, https:\/\/nuevo-renacer.com\/wp-content\/uploads\/2024\/08\/Phyllis_Wheatley_Waters-1-216x300.jpg 216w, https:\/\/nuevo-renacer.com\/wp-content\/uploads\/2024\/08\/Phyllis_Wheatley_Waters-1-9x12.jpg 9w\" sizes=\"(max-width: 220px) 100vw, 220px\" \/><\/figure>\n<\/div><\/div>\n\n\n\n<div class=\"wp-block-uagb-container uagb-block-d852808b alignfull uagb-is-root-container\"><div class=\"uagb-container-inner-blocks-wrap\">\n<p class=\"has-black-color has-text-color has-link-color has-small-font-size wp-elements-245ab23b90b43c1075d8efe145b4694c\">Phillis Wheatley (1753 - 5 de dezembro de 1784) foi a primeira escritora afro-americana a publicar um livro nos Estados Unidos. Sua obra Poems on Various Subjects foi publicada em 1773, dois anos antes do in\u00edcio da Guerra Revolucion\u00e1ria Americana, e \u00e9 considerada um dos primeiros exemplos de literatura de g\u00eanero afro-americana.<br>Nascida no que viria a ser o Senegal, mais tarde estabelecida no que viria a ser a G\u00e2mbia, ela foi capturada e escravizada quando tinha sete anos de idade. Ela foi levada para a Am\u00e9rica por volta de 1760.<\/p>\n\n\n\n<p class=\"has-black-color has-text-color has-link-color has-small-font-size wp-elements-8088719c154274ba23564b19205a1c19\">Em Boston, os comerciantes de escravos o colocaram \u00e0 venda:<br><strong>-Ela tem sete anos e ser\u00e1 uma boa \u00e9gua!<\/strong><br>Muitas m\u00e3os a apalpavam, nua.<\/p>\n\n\n\n<p class=\"has-black-color has-text-color has-link-color has-small-font-size wp-elements-8ae0d509816c326f6b173015ba3191d9\">Por fim, John e Susannah Wheatley, de Boston, Massachusetts, compraram-na e a educaram. Era uma fam\u00edlia de comerciantes que se certificou de que a garota intelectualmente talentosa recebesse uma boa educa\u00e7\u00e3o, incluindo estudos de latim, grego, mitologia e hist\u00f3ria. Ela logo dominaria o ingl\u00eas, tendo seu primeiro poema publicado por volta de 1767, aos 13 anos de idade, no Newport Mercury.<br>Ela foi batizada de Phillips, em homenagem ao navio que a trouxe, e Wheatley, em homenagem ao sobrenome dos compradores.<br><br>Aos treze anos de idade, ela j\u00e1 escrevia poemas em um idioma que n\u00e3o era o seu. Ningu\u00e9m acreditava que ela fosse a autora.<\/p>\n\n\n\n<p class=\"has-black-color has-text-color has-link-color has-small-font-size wp-elements-2a8347377341ecb2a06ae744c83b083e\">Aos 20 anos de idade, Wheatley teve que defender sua capacidade liter\u00e1ria nos tribunais. Ela foi examinada por um grupo de intelectuais de Boston, incluindo John Erving, o reverendo Charles Chauncey, John Hancock, Thomas Hutchinson, o governador de Massachusetts, e seu vice-governador Andrew Oliver. Ele teve que recitar textos de Virg\u00edlio e Milton e algumas passagens da B\u00edblia, e tamb\u00e9m teve que jurar que os poemas que havia escrito n\u00e3o haviam sido plagiados. De uma cadeira, ela fez seu longo exame, at\u00e9 que o tribunal a aceitou: ela era uma mulher, era negra, era escrava, mas era uma poeta.<\/p>\n\n\n\n<p class=\"has-black-color has-text-color has-link-color has-small-font-size wp-elements-2165828529a1c780cf6e86e93d2c1ee6\">Eles conclu\u00edram que ela era a autora dos poemas que lhe foram atribu\u00eddos e assinaram um certificado que foi publicado no pref\u00e1cio de seu livro Poems on Various Subjects, Religious and Moral, publicado em Aldgate, Londres, em 1773.<\/p>\n\n\n\n<p class=\"has-black-color has-text-color has-link-color has-small-font-size wp-elements-dc71b136eb6059e3903a2fc1f1325706\">Esse foi o primeiro reconhecimento na hist\u00f3ria dos Estados Unidos da igualdade intelectual entre negros e brancos. Um fato que parece insignificante hoje em dia, mas que na \u00e9poca foi uma revela\u00e7\u00e3o, e a fa\u00edsca que deu origem a uma infinidade de reivindica\u00e7\u00f5es que pediam nada mais do que algo que caiu sob seu pr\u00f3prio peso, o reconhecimento dos mesmos direitos que, como pessoa, lhes correspondiam.<br>George Washington admirava sua poesia, chegando a se referir a ela como seu \u201cgrande g\u00eanio po\u00e9tico\u201d. E se ela era frequentemente caracterizada por seu conte\u00fado crist\u00e3o, isso se deve ao fato de ter se convertido a essa f\u00e9 por meio de John e Susannah Wheatley, seus compradores.<\/p>\n\n\n\n<p class=\"has-black-color has-text-color has-link-color has-small-font-size wp-elements-83d967eb07a142991cd70aa8d83da671\">Phillis tornou-se uma escritora conhecida. Ela viajou para a Inglaterra em 1773 com Nathaniel Wheatley e l\u00e1 conheceu v\u00e1rias pessoas not\u00e1veis, como Benjamin Franklin, o conde de Darthmouth e o prefeito de Londres. Al\u00e9m disso, ele recebeu uma c\u00f3pia de Paradise Lost, de John Milton, a tradu\u00e7\u00e3o de Dom Quixote, de Smollett, e Selina Hastings, condessa de Huntingdon e famosa mission\u00e1ria abolicionista, demonstrou seu apoio para que ele continuasse a publicar poemas. Nesse mesmo ano, Phillis Wheatley retornou aos Estados Unidos, onde comprou sua liberdade e publicou Poems of a Various Subjects, Religion and Moral.<\/p>\n\n\n\n<p class=\"has-black-color has-text-color has-link-color has-small-font-size wp-elements-224a1d0c8a3820a40d9d66376ba2fafb\">Ap\u00f3s a morte de John e Susannah Wheatley, Phillis se casou com um liberto negro chamado John Peters. Depois que o marido a abandonou, ela realizou tarefas dom\u00e9sticas como empregada. Nem o trabalho \u00e1rduo nem sua habilidade art\u00edstica lhe trariam prosperidade, o que levou \u00e0 sua morte precoce aos 31 anos de idade, atingida pela pobreza, e \u00e0 morte de seu terceiro filho poucas horas depois.<br>Muitos de seus poemas s\u00e3o dedicados a personalidades famosas. Ele raramente menciona sua pr\u00f3pria situa\u00e7\u00e3o nos poemas que escreve. Um dos poucos que tratam da escravid\u00e3o \u00e9 \u201cOn being brought from Africa to America\u201d:<\/p>\n\n\n\n<p class=\"has-black-color has-text-color has-link-color has-medium-font-size wp-elements-63dba12d72d9336c1b9b76653e50a2e0\"><strong>Sobre ser trazido da \u00c1frica para a Am\u00e9rica<\/strong><\/p>\n\n\n\n<p class=\"has-black-color has-text-color has-link-color has-small-font-size wp-elements-cddd7c28794b0fbf643e2fceb0bc9f40\"><strong>Foi a gra\u00e7a que me tirou de minha terra pag\u00e3,<br>ensinou minha alma ignorante a entender<br>que existe um Deus, que tamb\u00e9m existe um Salvador:<br>Antes, eu n\u00e3o buscava nem conhecia a reden\u00e7\u00e3o.<br>Alguns veem nossa ra\u00e7a negra com desd\u00e9m,<br>\u00abSua cor \u00e9 um marco diab\u00f3lico.\u00bb<br>Lembre-se, crist\u00e3os, negros, tanto quanto Caim,<br>Eles podem ser refinados e se juntar ao trem angelical.<\/strong><\/p>\n\n\n\n<p class=\"has-black-color has-text-color has-link-color has-medium-font-size wp-elements-9a222677c8bb8a47d679d11d87d066e8\"><strong>Imagina\u00e7\u00e3o<\/strong><\/p>\n\n\n\n<p class=\"has-black-color has-text-color has-link-color has-small-font-size wp-elements-41ffa5a64500e779ca668ff8496649d6\"><strong>Imagina\u00e7\u00e3o! quem poderia cantar seu poder?<br>E quem descreveria a velocidade de sua carreira?<br>Voando pelo ar para encontrar a morada radiante,<br>O pal\u00e1cio emp\u00edreo do Deus trovejante,<br>Em suas asas, superamos o vento,<br>E deixamos o universo em movimento para tr\u00e1s.<br>De estrela em estrela, o olho mental vagueia,<br>Ele mede os c\u00e9us e percorre as regi\u00f5es superiores;<br>Ali, em um panorama, abra\u00e7amos o magn\u00edfico todo,<br>Ou, com novos mundos, surpreendemos a alma infinita.<br>Seus poemas s\u00e3o uma ode cont\u00ednua \u00e0 morte, que era, em \u00faltima an\u00e1lise, onde ela depositava suas esperan\u00e7as de verdadeira liberdade e de um mundo melhor.<\/strong><\/p>\n\n\n\n<p class=\"has-black-color has-text-color has-link-color has-small-font-size wp-elements-20c130d724e9b6005db04bba0c62b7bf\"><strong>Veja seu irm\u00e3o com os mortos!<br>Da escravid\u00e3o libertada, o esp\u00edrito exultante voa.<br>Sorria no t\u00famulo e acalme a dor furiosa.<br>Nas regi\u00f5es mais abertas, fixa seu olhar de desejo<\/strong><\/p>\n\n\n\n<p class=\"has-black-color has-text-color has-link-color has-small-font-size wp-elements-913a49af18c7899c380ae93bcf62ed2f\">Hist\u00f3rias como essa mostram que nossa genialidade n\u00e3o est\u00e1 restrita \u00e0 nossa origem, ao local onde nascemos, e que, independentemente das dificuldades pelas quais passamos, ou gra\u00e7as a elas, o ser milenar que existe em n\u00f3s brota, evidenciando sutilmente a realidade da reencarna\u00e7\u00e3o.<\/p>\n\n\n\n<p class=\"has-black-color has-text-color has-link-color has-small-font-size wp-elements-76bc2c06c03774ed9eb1964482536279\">Era mulher, era negra, era escrava, mas era poeta...<\/p>\n<\/div><\/div>\n\n\n\n<div class=\"wp-block-uagb-container uagb-block-183781b1 alignfull uagb-is-root-container\"><div class=\"uagb-container-inner-blocks-wrap\"><\/div><\/div>\n\n\n\n<div class=\"wp-block-uagb-container uagb-block-19e7a0f9 alignfull uagb-is-root-container\"><div class=\"uagb-container-inner-blocks-wrap\"><\/div><\/div>","protected":false},"excerpt":{"rendered":"<p>Phillis Wheatley &#8211; Era mujer, era negra, era esclava, pero era poeta Phillis Wheatley (1753 &#8211; 5 de diciembre de 1784), fue la primera escritora afroamericana en publicar un libro en los Estados Unidos. Su obra Poems on Various Subjects (Poemas sobre Varios Asuntos) fue publicada en 1773, dos a\u00f1os antes de que comenzara la [&hellip;]<\/p>","protected":false},"author":1,"featured_media":4150,"parent":0,"menu_order":0,"comment_status":"closed","ping_status":"closed","template":"","meta":{"_uag_custom_page_level_css":"","site-sidebar-layout":"default","site-content-layout":"","ast-site-content-layout":"default","site-content-style":"default","site-sidebar-style":"default","ast-global-header-display":"","ast-banner-title-visibility":"","ast-main-header-display":"","ast-hfb-above-header-display":"","ast-hfb-below-header-display":"","ast-hfb-mobile-header-display":"","site-post-title":"","ast-breadcrumbs-content":"","ast-featured-img":"","footer-sml-layout":"","theme-transparent-header-meta":"","adv-header-id-meta":"","stick-header-meta":"","header-above-stick-meta":"","header-main-stick-meta":"","header-below-stick-meta":"","astra-migrate-meta-layouts":"set","ast-page-background-enabled":"default","ast-page-background-meta":{"desktop":{"background-color":"var(--ast-global-color-4)","background-image":"","background-repeat":"repeat","background-position":"center center","background-size":"auto","background-attachment":"scroll","background-type":"","background-media":"","overlay-type":"","overlay-color":"","overlay-opacity":"","overlay-gradient":""},"tablet":{"background-color":"","background-image":"","background-repeat":"repeat","background-position":"center center","background-size":"auto","background-attachment":"scroll","background-type":"","background-media":"","overlay-type":"","overlay-color":"","overlay-opacity":"","overlay-gradient":""},"mobile":{"background-color":"","background-image":"","background-repeat":"repeat","background-position":"center center","background-size":"auto","background-attachment":"scroll","background-type":"","background-media":"","overlay-type":"","overlay-color":"","overlay-opacity":"","overlay-gradient":""}},"ast-content-background-meta":{"desktop":{"background-color":"var(--ast-global-color-5)","background-image":"","background-repeat":"repeat","background-position":"center center","background-size":"auto","background-attachment":"scroll","background-type":"","background-media":"","overlay-type":"","overlay-color":"","overlay-opacity":"","overlay-gradient":""},"tablet":{"background-color":"var(--ast-global-color-5)","background-image":"","background-repeat":"repeat","background-position":"center center","background-size":"auto","background-attachment":"scroll","background-type":"","background-media":"","overlay-type":"","overlay-color":"","overlay-opacity":"","overlay-gradient":""},"mobile":{"background-color":"var(--ast-global-color-5)","background-image":"","background-repeat":"repeat","background-position":"center center","background-size":"auto","background-attachment":"scroll","background-type":"","background-media":"","overlay-type":"","overlay-color":"","overlay-opacity":"","overlay-gradient":""}},"footnotes":""},"class_list":["post-4156","page","type-page","status-publish","has-post-thumbnail","hentry"],"yoast_head":"<!-- This site is optimized with the Yoast SEO Premium plugin v24.2 (Yoast SEO v24.6) - https:\/\/yoast.com\/wordpress\/plugins\/seo\/ -->\n<title>Phillis Wheatley - Uni\u00f3n Esp\u00edrita<\/title>\n<meta name=\"robots\" content=\"index, follow, max-snippet:-1, max-image-preview:large, max-video-preview:-1\" \/>\n<link rel=\"canonical\" href=\"https:\/\/nuevo-renacer.com\/pt\/phillis-wheatley\/\" \/>\n<meta property=\"og:locale\" content=\"pt_BR\" \/>\n<meta property=\"og:type\" content=\"article\" \/>\n<meta property=\"og:title\" content=\"Phillis Wheatley\" \/>\n<meta property=\"og:description\" content=\"Phillis Wheatley &#8211; Era mujer, era negra, era esclava, pero era poeta Phillis Wheatley (1753 &#8211; 5 de diciembre de 1784), fue la primera escritora afroamericana en publicar un libro en los Estados Unidos. Su obra Poems on Various Subjects (Poemas sobre Varios Asuntos) fue publicada en 1773, dos a\u00f1os antes de que comenzara la [&hellip;]\" \/>\n<meta property=\"og:url\" content=\"https:\/\/nuevo-renacer.com\/pt\/phillis-wheatley\/\" \/>\n<meta property=\"og:site_name\" content=\"Uni\u00f3n Esp\u00edrita\" \/>\n<meta property=\"article:publisher\" content=\"https:\/\/www.facebook.com\/groups\/3431398063740829\" \/>\n<meta property=\"article:modified_time\" content=\"2025-01-03T12:51:30+00:00\" \/>\n<meta property=\"og:image\" content=\"https:\/\/nuevo-renacer.com\/wp-content\/uploads\/2024\/08\/Phyllis_Wheatley_Waters.jpg\" \/>\n\t<meta property=\"og:image:width\" content=\"220\" \/>\n\t<meta property=\"og:image:height\" content=\"305\" \/>\n\t<meta property=\"og:image:type\" content=\"image\/jpeg\" \/>\n<meta name=\"twitter:card\" content=\"summary_large_image\" \/>\n<meta name=\"twitter:label1\" content=\"Est. tempo de leitura\" \/>\n\t<meta name=\"twitter:data1\" content=\"5 minutos\" \/>\n<script type=\"application\/ld+json\" class=\"yoast-schema-graph\">{\"@context\":\"https:\/\/schema.org\",\"@graph\":[{\"@type\":\"WebPage\",\"@id\":\"https:\/\/nuevo-renacer.com\/phillis-wheatley\/\",\"url\":\"https:\/\/nuevo-renacer.com\/phillis-wheatley\/\",\"name\":\"Phillis Wheatley - Uni\u00f3n Esp\u00edrita\",\"isPartOf\":{\"@id\":\"https:\/\/nuevo-renacer.com\/#website\"},\"primaryImageOfPage\":{\"@id\":\"https:\/\/nuevo-renacer.com\/phillis-wheatley\/#primaryimage\"},\"image\":{\"@id\":\"https:\/\/nuevo-renacer.com\/phillis-wheatley\/#primaryimage\"},\"thumbnailUrl\":\"https:\/\/nuevo-renacer.com\/wp-content\/uploads\/2024\/08\/Phyllis_Wheatley_Waters.jpg\",\"datePublished\":\"2024-08-27T12:14:43+00:00\",\"dateModified\":\"2025-01-03T12:51:30+00:00\",\"breadcrumb\":{\"@id\":\"https:\/\/nuevo-renacer.com\/phillis-wheatley\/#breadcrumb\"},\"inLanguage\":\"pt-BR\",\"potentialAction\":[{\"@type\":\"ReadAction\",\"target\":[\"https:\/\/nuevo-renacer.com\/phillis-wheatley\/\"]}]},{\"@type\":\"ImageObject\",\"inLanguage\":\"pt-BR\",\"@id\":\"https:\/\/nuevo-renacer.com\/phillis-wheatley\/#primaryimage\",\"url\":\"https:\/\/nuevo-renacer.com\/wp-content\/uploads\/2024\/08\/Phyllis_Wheatley_Waters.jpg\",\"contentUrl\":\"https:\/\/nuevo-renacer.com\/wp-content\/uploads\/2024\/08\/Phyllis_Wheatley_Waters.jpg\",\"width\":220,\"height\":305},{\"@type\":\"BreadcrumbList\",\"@id\":\"https:\/\/nuevo-renacer.com\/phillis-wheatley\/#breadcrumb\",\"itemListElement\":[{\"@type\":\"ListItem\",\"position\":1,\"name\":\"Startseite\",\"item\":\"https:\/\/nuevo-renacer.com\/\"},{\"@type\":\"ListItem\",\"position\":2,\"name\":\"Phillis Wheatley\"}]},{\"@type\":\"WebSite\",\"@id\":\"https:\/\/nuevo-renacer.com\/#website\",\"url\":\"https:\/\/nuevo-renacer.com\/\",\"name\":\"Uni\u00f3n Esp\u00edrita\",\"description\":\"Nuevo Renacer\",\"publisher\":{\"@id\":\"https:\/\/nuevo-renacer.com\/#organization\"},\"potentialAction\":[{\"@type\":\"SearchAction\",\"target\":{\"@type\":\"EntryPoint\",\"urlTemplate\":\"https:\/\/nuevo-renacer.com\/?s={search_term_string}\"},\"query-input\":{\"@type\":\"PropertyValueSpecification\",\"valueRequired\":true,\"valueName\":\"search_term_string\"}}],\"inLanguage\":\"pt-BR\"},{\"@type\":\"Organization\",\"@id\":\"https:\/\/nuevo-renacer.com\/#organization\",\"name\":\"UFEC\",\"url\":\"https:\/\/nuevo-renacer.com\/\",\"logo\":{\"@type\":\"ImageObject\",\"inLanguage\":\"pt-BR\",\"@id\":\"https:\/\/nuevo-renacer.com\/#\/schema\/logo\/image\/\",\"url\":\"https:\/\/nuevo-renacer.com\/wp-content\/uploads\/2024\/05\/cropped-LOGO-TERMINADO1-3-3.png\",\"contentUrl\":\"https:\/\/nuevo-renacer.com\/wp-content\/uploads\/2024\/05\/cropped-LOGO-TERMINADO1-3-3.png\",\"width\":512,\"height\":512,\"caption\":\"UFEC\"},\"image\":{\"@id\":\"https:\/\/nuevo-renacer.com\/#\/schema\/logo\/image\/\"},\"sameAs\":[\"https:\/\/www.facebook.com\/groups\/3431398063740829\"]}]}<\/script>\n<!-- \/ Yoast SEO Premium plugin. -->","yoast_head_json":{"title":"Phillis Wheatley - Uni\u00f3n Esp\u00edrita","robots":{"index":"index","follow":"follow","max-snippet":"max-snippet:-1","max-image-preview":"max-image-preview:large","max-video-preview":"max-video-preview:-1"},"canonical":"https:\/\/nuevo-renacer.com\/pt\/phillis-wheatley\/","og_locale":"pt_BR","og_type":"article","og_title":"Phillis Wheatley","og_description":"Phillis Wheatley &#8211; Era mujer, era negra, era esclava, pero era poeta Phillis Wheatley (1753 &#8211; 5 de diciembre de 1784), fue la primera escritora afroamericana en publicar un libro en los Estados Unidos. Su obra Poems on Various Subjects (Poemas sobre Varios Asuntos) fue publicada en 1773, dos a\u00f1os antes de que comenzara la [&hellip;]","og_url":"https:\/\/nuevo-renacer.com\/pt\/phillis-wheatley\/","og_site_name":"Uni\u00f3n Esp\u00edrita","article_publisher":"https:\/\/www.facebook.com\/groups\/3431398063740829","article_modified_time":"2025-01-03T12:51:30+00:00","og_image":[{"width":220,"height":305,"url":"https:\/\/nuevo-renacer.com\/wp-content\/uploads\/2024\/08\/Phyllis_Wheatley_Waters.jpg","type":"image\/jpeg"}],"twitter_card":"summary_large_image","twitter_misc":{"Est. tempo de leitura":"5 minutos"},"schema":{"@context":"https:\/\/schema.org","@graph":[{"@type":"WebPage","@id":"https:\/\/nuevo-renacer.com\/phillis-wheatley\/","url":"https:\/\/nuevo-renacer.com\/phillis-wheatley\/","name":"Phillis Wheatley - Uni\u00f3n Esp\u00edrita","isPartOf":{"@id":"https:\/\/nuevo-renacer.com\/#website"},"primaryImageOfPage":{"@id":"https:\/\/nuevo-renacer.com\/phillis-wheatley\/#primaryimage"},"image":{"@id":"https:\/\/nuevo-renacer.com\/phillis-wheatley\/#primaryimage"},"thumbnailUrl":"https:\/\/nuevo-renacer.com\/wp-content\/uploads\/2024\/08\/Phyllis_Wheatley_Waters.jpg","datePublished":"2024-08-27T12:14:43+00:00","dateModified":"2025-01-03T12:51:30+00:00","breadcrumb":{"@id":"https:\/\/nuevo-renacer.com\/phillis-wheatley\/#breadcrumb"},"inLanguage":"pt-BR","potentialAction":[{"@type":"ReadAction","target":["https:\/\/nuevo-renacer.com\/phillis-wheatley\/"]}]},{"@type":"ImageObject","inLanguage":"pt-BR","@id":"https:\/\/nuevo-renacer.com\/phillis-wheatley\/#primaryimage","url":"https:\/\/nuevo-renacer.com\/wp-content\/uploads\/2024\/08\/Phyllis_Wheatley_Waters.jpg","contentUrl":"https:\/\/nuevo-renacer.com\/wp-content\/uploads\/2024\/08\/Phyllis_Wheatley_Waters.jpg","width":220,"height":305},{"@type":"BreadcrumbList","@id":"https:\/\/nuevo-renacer.com\/phillis-wheatley\/#breadcrumb","itemListElement":[{"@type":"ListItem","position":1,"name":"Startseite","item":"https:\/\/nuevo-renacer.com\/"},{"@type":"ListItem","position":2,"name":"Phillis Wheatley"}]},{"@type":"WebSite","@id":"https:\/\/nuevo-renacer.com\/#website","url":"https:\/\/nuevo-renacer.com\/","name":"Uni\u00f3n Esp\u00edrita","description":"Nuevo Renacer","publisher":{"@id":"https:\/\/nuevo-renacer.com\/#organization"},"potentialAction":[{"@type":"SearchAction","target":{"@type":"EntryPoint","urlTemplate":"https:\/\/nuevo-renacer.com\/?s={search_term_string}"},"query-input":{"@type":"PropertyValueSpecification","valueRequired":true,"valueName":"search_term_string"}}],"inLanguage":"pt-BR"},{"@type":"Organization","@id":"https:\/\/nuevo-renacer.com\/#organization","name":"UFEC","url":"https:\/\/nuevo-renacer.com\/","logo":{"@type":"ImageObject","inLanguage":"pt-BR","@id":"https:\/\/nuevo-renacer.com\/#\/schema\/logo\/image\/","url":"https:\/\/nuevo-renacer.com\/wp-content\/uploads\/2024\/05\/cropped-LOGO-TERMINADO1-3-3.png","contentUrl":"https:\/\/nuevo-renacer.com\/wp-content\/uploads\/2024\/05\/cropped-LOGO-TERMINADO1-3-3.png","width":512,"height":512,"caption":"UFEC"},"image":{"@id":"https:\/\/nuevo-renacer.com\/#\/schema\/logo\/image\/"},"sameAs":["https:\/\/www.facebook.com\/groups\/3431398063740829"]}]}},"uagb_featured_image_src":{"full":["https:\/\/nuevo-renacer.com\/wp-content\/uploads\/2024\/08\/Phyllis_Wheatley_Waters.jpg",220,305,false],"thumbnail":["https:\/\/nuevo-renacer.com\/wp-content\/uploads\/2024\/08\/Phyllis_Wheatley_Waters-150x150.jpg",150,150,true],"medium":["https:\/\/nuevo-renacer.com\/wp-content\/uploads\/2024\/08\/Phyllis_Wheatley_Waters-216x300.jpg",216,300,true],"medium_large":["https:\/\/nuevo-renacer.com\/wp-content\/uploads\/2024\/08\/Phyllis_Wheatley_Waters.jpg",220,305,false],"large":["https:\/\/nuevo-renacer.com\/wp-content\/uploads\/2024\/08\/Phyllis_Wheatley_Waters.jpg",220,305,false],"1536x1536":["https:\/\/nuevo-renacer.com\/wp-content\/uploads\/2024\/08\/Phyllis_Wheatley_Waters.jpg",220,305,false],"2048x2048":["https:\/\/nuevo-renacer.com\/wp-content\/uploads\/2024\/08\/Phyllis_Wheatley_Waters.jpg",220,305,false],"trp-custom-language-flag":["https:\/\/nuevo-renacer.com\/wp-content\/uploads\/2024\/08\/Phyllis_Wheatley_Waters-9x12.jpg",9,12,true]},"uagb_author_info":{"display_name":"adbv0","author_link":"https:\/\/nuevo-renacer.com\/pt\/author\/adbv0\/"},"uagb_comment_info":0,"uagb_excerpt":"Phillis Wheatley &#8211; Era mujer, era negra, era esclava, pero era poeta Phillis Wheatley (1753 &#8211; 5 de diciembre de 1784), fue la primera escritora afroamericana en publicar un libro en los Estados Unidos. Su obra Poems on Various Subjects (Poemas sobre Varios Asuntos) fue publicada en 1773, dos a\u00f1os antes de que comenzara la&hellip;","jetpack_sharing_enabled":true,"_links":{"self":[{"href":"https:\/\/nuevo-renacer.com\/pt\/wp-json\/wp\/v2\/pages\/4156","targetHints":{"allow":["GET"]}}],"collection":[{"href":"https:\/\/nuevo-renacer.com\/pt\/wp-json\/wp\/v2\/pages"}],"about":[{"href":"https:\/\/nuevo-renacer.com\/pt\/wp-json\/wp\/v2\/types\/page"}],"author":[{"embeddable":true,"href":"https:\/\/nuevo-renacer.com\/pt\/wp-json\/wp\/v2\/users\/1"}],"replies":[{"embeddable":true,"href":"https:\/\/nuevo-renacer.com\/pt\/wp-json\/wp\/v2\/comments?post=4156"}],"version-history":[{"count":9,"href":"https:\/\/nuevo-renacer.com\/pt\/wp-json\/wp\/v2\/pages\/4156\/revisions"}],"predecessor-version":[{"id":6658,"href":"https:\/\/nuevo-renacer.com\/pt\/wp-json\/wp\/v2\/pages\/4156\/revisions\/6658"}],"wp:featuredmedia":[{"embeddable":true,"href":"https:\/\/nuevo-renacer.com\/pt\/wp-json\/wp\/v2\/media\/4150"}],"wp:attachment":[{"href":"https:\/\/nuevo-renacer.com\/pt\/wp-json\/wp\/v2\/media?parent=4156"}],"curies":[{"name":"wp","href":"https:\/\/api.w.org\/{rel}","templated":true}]}}