{"id":4059,"date":"2024-07-19T06:24:47","date_gmt":"2024-07-19T06:24:47","guid":{"rendered":"https:\/\/ufec-mundial.com\/?page_id=4059"},"modified":"2024-07-19T06:24:49","modified_gmt":"2024-07-19T06:24:49","slug":"el-espirita-y-la-humanidad","status":"publish","type":"page","link":"https:\/\/nuevo-renacer.com\/pt\/el-espirita-y-la-humanidad\/","title":{"rendered":"O Esp\u00edrita e a Humanidade"},"content":{"rendered":"<div class=\"wp-block-uagb-container uagb-block-7b123576 alignfull uagb-is-root-container\"><div class=\"uagb-container-inner-blocks-wrap\">\n<p class=\"has-black-color has-text-color has-link-color has-medium-font-size wp-elements-2cffe69f8a11fd6c294ac188e194be5d\"><strong>O Esp\u00edrita e a Humanidade<\/strong><\/p>\n<\/div><\/div>\n\n\n\n<div class=\"wp-block-uagb-container uagb-block-e84ca2a8 alignfull uagb-is-root-container\"><div class=\"uagb-container-inner-blocks-wrap\">\n<figure class=\"wp-block-image size-full is-resized\"><img fetchpriority=\"high\" decoding=\"async\" width=\"1284\" height=\"705\" src=\"https:\/\/ufec-mundial.com\/wp-content\/uploads\/2024\/07\/Design-ohne-Titel-3.png\" alt=\"\" class=\"wp-image-4063\" style=\"width:468px;height:auto\" srcset=\"https:\/\/nuevo-renacer.com\/wp-content\/uploads\/2024\/07\/Design-ohne-Titel-3.png 1284w, https:\/\/nuevo-renacer.com\/wp-content\/uploads\/2024\/07\/Design-ohne-Titel-3-300x165.png 300w, https:\/\/nuevo-renacer.com\/wp-content\/uploads\/2024\/07\/Design-ohne-Titel-3-768x422.png 768w, https:\/\/nuevo-renacer.com\/wp-content\/uploads\/2024\/07\/Design-ohne-Titel-3-1024x562.png 1024w, https:\/\/nuevo-renacer.com\/wp-content\/uploads\/2024\/07\/Design-ohne-Titel-3-18x10.png 18w\" sizes=\"(max-width: 1284px) 100vw, 1284px\" \/><\/figure>\n<\/div><\/div>\n\n\n\n<div class=\"wp-block-uagb-container uagb-block-c616f5e3 alignfull uagb-is-root-container\"><div class=\"uagb-container-inner-blocks-wrap\">\n<p class=\"has-black-color has-text-color has-link-color has-small-font-size wp-elements-e253fe823993daa4c2c62767a30e2724\">N\u00e3o se deve esquecer que um dos primeiros mandamentos da Lei \u00e9: Amar\u00e1s o teu pr\u00f3ximo como a ti mesmo. Embora seja muito dif\u00edcil praticar esse mandamento ao p\u00e9 da letra, n\u00e3o \u00e9 menos verdade que os esp\u00edritas s\u00e3o obrigados a praticar a caridade para com seus semelhantes. Ora, se temos de ser indulgentes, benevolentes entre n\u00f3s, e se temos de ajudar, fechar os olhos e at\u00e9 perdoar, n\u00e3o devemos fazer menos pela humanidade. Os n\u00e3o esp\u00edritas \u00e0s vezes se envolvem em brigas, brigas, brigas, brigas, brigas e, n\u00e3o raro, s\u00e3o abusivos uns com os outros.<\/p>\n\n\n\n<p class=\"has-black-color has-text-color has-link-color has-small-font-size wp-elements-599f93f9547b434e65f1c8e7f790d524\">Precisamos nos afastar de tudo isso. Se, com boas maneiras, pudermos colocar as coisas em seu devido lugar, devemos fazer isso. Mas se, portanto, tivermos de nos afastar das regras prescritas, \u00e9 prefer\u00edvel ficar em sil\u00eancio, buscando a melhor maneira de sair da dificuldade. E se, apesar disso, de nossa prud\u00eancia e de nosso amor, n\u00e3o conseguirmos nos livrar, devemos sofrer pacientemente a ira da ignor\u00e2ncia e da m\u00e1-f\u00e9. Devemos perdoar sem reservas, do fundo de nossa alma, e retribuir o mal com o bem, sempre que poss\u00edvel.<\/p>\n\n\n\n<p class=\"has-black-color has-text-color has-link-color has-small-font-size wp-elements-6259ef62cc4a1c98d14f1cd1b8673507\">\u00c9 por isso que n\u00e3o podemos nos esquecer da figura do Mestre e Senhor. Ele \u00e9 o modelo, a verdade e a vida. O que Ele disse quando o insultaram, apostataram, maltrataram e cuspiram nele? Nada. Ent\u00e3o, se Ele, que era t\u00e3o elevado e t\u00e3o capaz, fez exatamente o que ensinou, devemos fazer o contr\u00e1rio? Ai do esp\u00edrita que tem a oportunidade de devolver o bem em troca do mal e n\u00e3o o faz! Ai do esp\u00edrita que pode perdoar e n\u00e3o perdoa! Pois chegar\u00e1 o dia em que ele exclamar\u00e1: \u201cDe que me serviu saber o que eu sabia e ter me chamado de esp\u00edrita? Seria melhor que eu n\u00e3o soubesse nada, para n\u00e3o arcar com t\u00e3o grande responsabilidade! (... A Humanidade geme, chora, se desespera, porque sofre muito; o ego\u00edsmo consome tudo, as v\u00edtimas do mal se sucedem, as religi\u00f5es se desviaram do caminho, os homens de bem, intermedi\u00e1rios entre a Humanidade e a Provid\u00eancia, s\u00e3o escassos; Os esp\u00edritas s\u00e3o encarregados de trazer a luz, pois sabem por que a Humanidade sofre, por que chora, por que se desespera; sacrifiquemo-nos, ent\u00e3o, para poder explicar-lhe a causa de seus sofrimentos, de suas l\u00e1grimas, de seu desespero; procedamos de modo a demonstrar que a dor purifica, eleva, santifica, exalta, e assim cumpriremos nossa miss\u00e3o.<\/p>\n\n\n\n<p class=\"has-black-color has-text-color has-link-color has-small-font-size wp-elements-893ca5daf45714db3ca64ef14f74dedd\">O esp\u00edrita que deseja fazer muito pelos seus semelhantes n\u00e3o deve perder de vista o Senhor quando estava sendo flagelado amarrado \u00e0 coluna, quando foi coroado de espinhos, quando carregava a cruz, quando consumava o Seu sacrif\u00edcio, a fim de saber imit\u00e1-Lo pelos Seus atos de amor \u00e0 Humanidade, de Sua abnega\u00e7\u00e3o e sacrif\u00edcio. Voc\u00eas s\u00e3o o sal da terra; se o sal perde o sabor, com que deve ser salgado?<\/p>\n<\/div><\/div>","protected":false},"excerpt":{"rendered":"<p>El Esp\u00edrita y la Humanidad No se debe olvidar que uno de los primeros mandamientos de la Ley es: Amar\u00e1s al pr\u00f3jimo como a ti mismo. Si bien que es muy dif\u00edcil practicar este mandamiento al pie de la letra, no es menos verdad que los esp\u00edritas est\u00e1n obligados a practicar la caridad con sus [&hellip;]<\/p>","protected":false},"author":1,"featured_media":4063,"parent":0,"menu_order":0,"comment_status":"closed","ping_status":"closed","template":"","meta":{"_uag_custom_page_level_css":"","site-sidebar-layout":"default","site-content-layout":"","ast-site-content-layout":"default","site-content-style":"default","site-sidebar-style":"default","ast-global-header-display":"","ast-banner-title-visibility":"","ast-main-header-display":"","ast-hfb-above-header-display":"","ast-hfb-below-header-display":"","ast-hfb-mobile-header-display":"","site-post-title":"","ast-breadcrumbs-content":"","ast-featured-img":"","footer-sml-layout":"","theme-transparent-header-meta":"","adv-header-id-meta":"","stick-header-meta":"","header-above-stick-meta":"","header-main-stick-meta":"","header-below-stick-meta":"","astra-migrate-meta-layouts":"set","ast-page-background-enabled":"default","ast-page-background-meta":{"desktop":{"background-color":"var(--ast-global-color-4)","background-image":"","background-repeat":"repeat","background-position":"center center","background-size":"auto","background-attachment":"scroll","background-type":"","background-media":"","overlay-type":"","overlay-color":"","overlay-opacity":"","overlay-gradient":""},"tablet":{"background-color":"","background-image":"","background-repeat":"repeat","background-position":"center center","background-size":"auto","background-attachment":"scroll","background-type":"","background-media":"","overlay-type":"","overlay-color":"","overlay-opacity":"","overlay-gradient":""},"mobile":{"background-color":"","background-image":"","background-repeat":"repeat","background-position":"center center","background-size":"auto","background-attachment":"scroll","background-type":"","background-media":"","overlay-type":"","overlay-color":"","overlay-opacity":"","overlay-gradient":""}},"ast-content-background-meta":{"desktop":{"background-color":"var(--ast-global-color-5)","background-image":"","background-repeat":"repeat","background-position":"center center","background-size":"auto","background-attachment":"scroll","background-type":"","background-media":"","overlay-type":"","overlay-color":"","overlay-opacity":"","overlay-gradient":""},"tablet":{"background-color":"var(--ast-global-color-5)","background-image":"","background-repeat":"repeat","background-position":"center center","background-size":"auto","background-attachment":"scroll","background-type":"","background-media":"","overlay-type":"","overlay-color":"","overlay-opacity":"","overlay-gradient":""},"mobile":{"background-color":"var(--ast-global-color-5)","background-image":"","background-repeat":"repeat","background-position":"center center","background-size":"auto","background-attachment":"scroll","background-type":"","background-media":"","overlay-type":"","overlay-color":"","overlay-opacity":"","overlay-gradient":""}},"footnotes":""},"class_list":["post-4059","page","type-page","status-publish","has-post-thumbnail","hentry"],"yoast_head":"<!-- This site is optimized with the Yoast SEO Premium plugin v24.2 (Yoast SEO v24.6) - https:\/\/yoast.com\/wordpress\/plugins\/seo\/ -->\n<title>El Esp\u00edrita y la Humanidad - Uni\u00f3n Esp\u00edrita<\/title>\n<meta name=\"robots\" content=\"index, follow, max-snippet:-1, max-image-preview:large, max-video-preview:-1\" \/>\n<link rel=\"canonical\" href=\"https:\/\/nuevo-renacer.com\/pt\/el-espirita-y-la-humanidad\/\" \/>\n<meta property=\"og:locale\" content=\"pt_BR\" \/>\n<meta property=\"og:type\" content=\"article\" \/>\n<meta property=\"og:title\" content=\"El Esp\u00edrita y la Humanidad\" \/>\n<meta property=\"og:description\" content=\"El Esp\u00edrita y la Humanidad No se debe olvidar que uno de los primeros mandamientos de la Ley es: Amar\u00e1s al pr\u00f3jimo como a ti mismo. Si bien que es muy dif\u00edcil practicar este mandamiento al pie de la letra, no es menos verdad que los esp\u00edritas est\u00e1n obligados a practicar la caridad con sus [&hellip;]\" \/>\n<meta property=\"og:url\" content=\"https:\/\/nuevo-renacer.com\/pt\/el-espirita-y-la-humanidad\/\" \/>\n<meta property=\"og:site_name\" content=\"Uni\u00f3n Esp\u00edrita\" \/>\n<meta property=\"article:publisher\" content=\"https:\/\/www.facebook.com\/groups\/3431398063740829\" \/>\n<meta property=\"article:modified_time\" content=\"2024-07-19T06:24:49+00:00\" \/>\n<meta property=\"og:image\" content=\"https:\/\/nuevo-renacer.com\/wp-content\/uploads\/2024\/07\/Design-ohne-Titel-3.png\" \/>\n\t<meta property=\"og:image:width\" content=\"1284\" \/>\n\t<meta property=\"og:image:height\" content=\"705\" \/>\n\t<meta property=\"og:image:type\" content=\"image\/png\" \/>\n<meta name=\"twitter:card\" content=\"summary_large_image\" \/>\n<meta name=\"twitter:label1\" content=\"Est. tempo de leitura\" \/>\n\t<meta name=\"twitter:data1\" content=\"3 minutos\" \/>\n<script type=\"application\/ld+json\" class=\"yoast-schema-graph\">{\"@context\":\"https:\/\/schema.org\",\"@graph\":[{\"@type\":\"WebPage\",\"@id\":\"https:\/\/nuevo-renacer.com\/el-espirita-y-la-humanidad\/\",\"url\":\"https:\/\/nuevo-renacer.com\/el-espirita-y-la-humanidad\/\",\"name\":\"El Esp\u00edrita y la Humanidad - Uni\u00f3n Esp\u00edrita\",\"isPartOf\":{\"@id\":\"https:\/\/nuevo-renacer.com\/#website\"},\"primaryImageOfPage\":{\"@id\":\"https:\/\/nuevo-renacer.com\/el-espirita-y-la-humanidad\/#primaryimage\"},\"image\":{\"@id\":\"https:\/\/nuevo-renacer.com\/el-espirita-y-la-humanidad\/#primaryimage\"},\"thumbnailUrl\":\"https:\/\/nuevo-renacer.com\/wp-content\/uploads\/2024\/07\/Design-ohne-Titel-3.png\",\"datePublished\":\"2024-07-19T06:24:47+00:00\",\"dateModified\":\"2024-07-19T06:24:49+00:00\",\"breadcrumb\":{\"@id\":\"https:\/\/nuevo-renacer.com\/el-espirita-y-la-humanidad\/#breadcrumb\"},\"inLanguage\":\"pt-BR\",\"potentialAction\":[{\"@type\":\"ReadAction\",\"target\":[\"https:\/\/nuevo-renacer.com\/el-espirita-y-la-humanidad\/\"]}]},{\"@type\":\"ImageObject\",\"inLanguage\":\"pt-BR\",\"@id\":\"https:\/\/nuevo-renacer.com\/el-espirita-y-la-humanidad\/#primaryimage\",\"url\":\"https:\/\/nuevo-renacer.com\/wp-content\/uploads\/2024\/07\/Design-ohne-Titel-3.png\",\"contentUrl\":\"https:\/\/nuevo-renacer.com\/wp-content\/uploads\/2024\/07\/Design-ohne-Titel-3.png\",\"width\":1284,\"height\":705},{\"@type\":\"BreadcrumbList\",\"@id\":\"https:\/\/nuevo-renacer.com\/el-espirita-y-la-humanidad\/#breadcrumb\",\"itemListElement\":[{\"@type\":\"ListItem\",\"position\":1,\"name\":\"Startseite\",\"item\":\"https:\/\/nuevo-renacer.com\/\"},{\"@type\":\"ListItem\",\"position\":2,\"name\":\"El Esp\u00edrita y la Humanidad\"}]},{\"@type\":\"WebSite\",\"@id\":\"https:\/\/nuevo-renacer.com\/#website\",\"url\":\"https:\/\/nuevo-renacer.com\/\",\"name\":\"Uni\u00f3n Esp\u00edrita\",\"description\":\"Nuevo Renacer\",\"publisher\":{\"@id\":\"https:\/\/nuevo-renacer.com\/#organization\"},\"potentialAction\":[{\"@type\":\"SearchAction\",\"target\":{\"@type\":\"EntryPoint\",\"urlTemplate\":\"https:\/\/nuevo-renacer.com\/?s={search_term_string}\"},\"query-input\":{\"@type\":\"PropertyValueSpecification\",\"valueRequired\":true,\"valueName\":\"search_term_string\"}}],\"inLanguage\":\"pt-BR\"},{\"@type\":\"Organization\",\"@id\":\"https:\/\/nuevo-renacer.com\/#organization\",\"name\":\"UFEC\",\"url\":\"https:\/\/nuevo-renacer.com\/\",\"logo\":{\"@type\":\"ImageObject\",\"inLanguage\":\"pt-BR\",\"@id\":\"https:\/\/nuevo-renacer.com\/#\/schema\/logo\/image\/\",\"url\":\"https:\/\/nuevo-renacer.com\/wp-content\/uploads\/2024\/05\/cropped-LOGO-TERMINADO1-3-3.png\",\"contentUrl\":\"https:\/\/nuevo-renacer.com\/wp-content\/uploads\/2024\/05\/cropped-LOGO-TERMINADO1-3-3.png\",\"width\":512,\"height\":512,\"caption\":\"UFEC\"},\"image\":{\"@id\":\"https:\/\/nuevo-renacer.com\/#\/schema\/logo\/image\/\"},\"sameAs\":[\"https:\/\/www.facebook.com\/groups\/3431398063740829\"]}]}<\/script>\n<!-- \/ Yoast SEO Premium plugin. -->","yoast_head_json":{"title":"El Esp\u00edrita y la Humanidad - Uni\u00f3n Esp\u00edrita","robots":{"index":"index","follow":"follow","max-snippet":"max-snippet:-1","max-image-preview":"max-image-preview:large","max-video-preview":"max-video-preview:-1"},"canonical":"https:\/\/nuevo-renacer.com\/pt\/el-espirita-y-la-humanidad\/","og_locale":"pt_BR","og_type":"article","og_title":"El Esp\u00edrita y la Humanidad","og_description":"El Esp\u00edrita y la Humanidad No se debe olvidar que uno de los primeros mandamientos de la Ley es: Amar\u00e1s al pr\u00f3jimo como a ti mismo. Si bien que es muy dif\u00edcil practicar este mandamiento al pie de la letra, no es menos verdad que los esp\u00edritas est\u00e1n obligados a practicar la caridad con sus [&hellip;]","og_url":"https:\/\/nuevo-renacer.com\/pt\/el-espirita-y-la-humanidad\/","og_site_name":"Uni\u00f3n Esp\u00edrita","article_publisher":"https:\/\/www.facebook.com\/groups\/3431398063740829","article_modified_time":"2024-07-19T06:24:49+00:00","og_image":[{"width":1284,"height":705,"url":"https:\/\/nuevo-renacer.com\/wp-content\/uploads\/2024\/07\/Design-ohne-Titel-3.png","type":"image\/png"}],"twitter_card":"summary_large_image","twitter_misc":{"Est. tempo de leitura":"3 minutos"},"schema":{"@context":"https:\/\/schema.org","@graph":[{"@type":"WebPage","@id":"https:\/\/nuevo-renacer.com\/el-espirita-y-la-humanidad\/","url":"https:\/\/nuevo-renacer.com\/el-espirita-y-la-humanidad\/","name":"El Esp\u00edrita y la Humanidad - Uni\u00f3n Esp\u00edrita","isPartOf":{"@id":"https:\/\/nuevo-renacer.com\/#website"},"primaryImageOfPage":{"@id":"https:\/\/nuevo-renacer.com\/el-espirita-y-la-humanidad\/#primaryimage"},"image":{"@id":"https:\/\/nuevo-renacer.com\/el-espirita-y-la-humanidad\/#primaryimage"},"thumbnailUrl":"https:\/\/nuevo-renacer.com\/wp-content\/uploads\/2024\/07\/Design-ohne-Titel-3.png","datePublished":"2024-07-19T06:24:47+00:00","dateModified":"2024-07-19T06:24:49+00:00","breadcrumb":{"@id":"https:\/\/nuevo-renacer.com\/el-espirita-y-la-humanidad\/#breadcrumb"},"inLanguage":"pt-BR","potentialAction":[{"@type":"ReadAction","target":["https:\/\/nuevo-renacer.com\/el-espirita-y-la-humanidad\/"]}]},{"@type":"ImageObject","inLanguage":"pt-BR","@id":"https:\/\/nuevo-renacer.com\/el-espirita-y-la-humanidad\/#primaryimage","url":"https:\/\/nuevo-renacer.com\/wp-content\/uploads\/2024\/07\/Design-ohne-Titel-3.png","contentUrl":"https:\/\/nuevo-renacer.com\/wp-content\/uploads\/2024\/07\/Design-ohne-Titel-3.png","width":1284,"height":705},{"@type":"BreadcrumbList","@id":"https:\/\/nuevo-renacer.com\/el-espirita-y-la-humanidad\/#breadcrumb","itemListElement":[{"@type":"ListItem","position":1,"name":"Startseite","item":"https:\/\/nuevo-renacer.com\/"},{"@type":"ListItem","position":2,"name":"El Esp\u00edrita y la Humanidad"}]},{"@type":"WebSite","@id":"https:\/\/nuevo-renacer.com\/#website","url":"https:\/\/nuevo-renacer.com\/","name":"Uni\u00f3n Esp\u00edrita","description":"Nuevo Renacer","publisher":{"@id":"https:\/\/nuevo-renacer.com\/#organization"},"potentialAction":[{"@type":"SearchAction","target":{"@type":"EntryPoint","urlTemplate":"https:\/\/nuevo-renacer.com\/?s={search_term_string}"},"query-input":{"@type":"PropertyValueSpecification","valueRequired":true,"valueName":"search_term_string"}}],"inLanguage":"pt-BR"},{"@type":"Organization","@id":"https:\/\/nuevo-renacer.com\/#organization","name":"UFEC","url":"https:\/\/nuevo-renacer.com\/","logo":{"@type":"ImageObject","inLanguage":"pt-BR","@id":"https:\/\/nuevo-renacer.com\/#\/schema\/logo\/image\/","url":"https:\/\/nuevo-renacer.com\/wp-content\/uploads\/2024\/05\/cropped-LOGO-TERMINADO1-3-3.png","contentUrl":"https:\/\/nuevo-renacer.com\/wp-content\/uploads\/2024\/05\/cropped-LOGO-TERMINADO1-3-3.png","width":512,"height":512,"caption":"UFEC"},"image":{"@id":"https:\/\/nuevo-renacer.com\/#\/schema\/logo\/image\/"},"sameAs":["https:\/\/www.facebook.com\/groups\/3431398063740829"]}]}},"uagb_featured_image_src":{"full":["https:\/\/nuevo-renacer.com\/wp-content\/uploads\/2024\/07\/Design-ohne-Titel-3.png",1284,705,false],"thumbnail":["https:\/\/nuevo-renacer.com\/wp-content\/uploads\/2024\/07\/Design-ohne-Titel-3-150x150.png",150,150,true],"medium":["https:\/\/nuevo-renacer.com\/wp-content\/uploads\/2024\/07\/Design-ohne-Titel-3-300x165.png",300,165,true],"medium_large":["https:\/\/nuevo-renacer.com\/wp-content\/uploads\/2024\/07\/Design-ohne-Titel-3-768x422.png",768,422,true],"large":["https:\/\/nuevo-renacer.com\/wp-content\/uploads\/2024\/07\/Design-ohne-Titel-3-1024x562.png",1024,562,true],"1536x1536":["https:\/\/nuevo-renacer.com\/wp-content\/uploads\/2024\/07\/Design-ohne-Titel-3.png",1284,705,false],"2048x2048":["https:\/\/nuevo-renacer.com\/wp-content\/uploads\/2024\/07\/Design-ohne-Titel-3.png",1284,705,false],"trp-custom-language-flag":["https:\/\/nuevo-renacer.com\/wp-content\/uploads\/2024\/07\/Design-ohne-Titel-3-18x10.png",18,10,true]},"uagb_author_info":{"display_name":"adbv0","author_link":"https:\/\/nuevo-renacer.com\/pt\/author\/adbv0\/"},"uagb_comment_info":0,"uagb_excerpt":"El Esp\u00edrita y la Humanidad No se debe olvidar que uno de los primeros mandamientos de la Ley es: Amar\u00e1s al pr\u00f3jimo como a ti mismo. Si bien que es muy dif\u00edcil practicar este mandamiento al pie de la letra, no es menos verdad que los esp\u00edritas est\u00e1n obligados a practicar la caridad con sus&hellip;","jetpack_sharing_enabled":true,"_links":{"self":[{"href":"https:\/\/nuevo-renacer.com\/pt\/wp-json\/wp\/v2\/pages\/4059","targetHints":{"allow":["GET"]}}],"collection":[{"href":"https:\/\/nuevo-renacer.com\/pt\/wp-json\/wp\/v2\/pages"}],"about":[{"href":"https:\/\/nuevo-renacer.com\/pt\/wp-json\/wp\/v2\/types\/page"}],"author":[{"embeddable":true,"href":"https:\/\/nuevo-renacer.com\/pt\/wp-json\/wp\/v2\/users\/1"}],"replies":[{"embeddable":true,"href":"https:\/\/nuevo-renacer.com\/pt\/wp-json\/wp\/v2\/comments?post=4059"}],"version-history":[{"count":2,"href":"https:\/\/nuevo-renacer.com\/pt\/wp-json\/wp\/v2\/pages\/4059\/revisions"}],"predecessor-version":[{"id":4064,"href":"https:\/\/nuevo-renacer.com\/pt\/wp-json\/wp\/v2\/pages\/4059\/revisions\/4064"}],"wp:featuredmedia":[{"embeddable":true,"href":"https:\/\/nuevo-renacer.com\/pt\/wp-json\/wp\/v2\/media\/4063"}],"wp:attachment":[{"href":"https:\/\/nuevo-renacer.com\/pt\/wp-json\/wp\/v2\/media?parent=4059"}],"curies":[{"name":"wp","href":"https:\/\/api.w.org\/{rel}","templated":true}]}}