{"id":4053,"date":"2024-07-19T05:52:11","date_gmt":"2024-07-19T05:52:11","guid":{"rendered":"https:\/\/ufec-mundial.com\/?page_id=4053"},"modified":"2024-07-19T05:52:12","modified_gmt":"2024-07-19T05:52:12","slug":"como-lograremos-ser-bienaventurados","status":"publish","type":"page","link":"https:\/\/nuevo-renacer.com\/pt\/como-lograremos-ser-bienaventurados\/","title":{"rendered":"Como podemos ser aben\u00e7oados?"},"content":{"rendered":"<div class=\"wp-block-uagb-container uagb-block-c3830de0 alignfull uagb-is-root-container\"><div class=\"uagb-container-inner-blocks-wrap\">\n<p class=\"has-black-color has-text-color has-link-color has-medium-font-size wp-elements-d3f75370c1711ead84c9d93811be09c8\"><strong>Como podemos ser aben\u00e7oados?<\/strong><\/p>\n<\/div><\/div>\n\n\n\n<div class=\"wp-block-uagb-container uagb-block-bc3ff565 alignfull uagb-is-root-container\"><div class=\"uagb-container-inner-blocks-wrap\">\n<figure class=\"wp-block-image size-full is-resized\"><img fetchpriority=\"high\" decoding=\"async\" width=\"1125\" height=\"1046\" src=\"https:\/\/ufec-mundial.com\/wp-content\/uploads\/2024\/07\/400645926_7109491882404566_6709214791623379716_n.jpg\" alt=\"\" class=\"wp-image-4055\" style=\"width:382px;height:auto\" srcset=\"https:\/\/nuevo-renacer.com\/wp-content\/uploads\/2024\/07\/400645926_7109491882404566_6709214791623379716_n.jpg 1125w, https:\/\/nuevo-renacer.com\/wp-content\/uploads\/2024\/07\/400645926_7109491882404566_6709214791623379716_n-300x279.jpg 300w, https:\/\/nuevo-renacer.com\/wp-content\/uploads\/2024\/07\/400645926_7109491882404566_6709214791623379716_n-768x714.jpg 768w, https:\/\/nuevo-renacer.com\/wp-content\/uploads\/2024\/07\/400645926_7109491882404566_6709214791623379716_n-1024x952.jpg 1024w, https:\/\/nuevo-renacer.com\/wp-content\/uploads\/2024\/07\/400645926_7109491882404566_6709214791623379716_n-13x12.jpg 13w\" sizes=\"(max-width: 1125px) 100vw, 1125px\" \/><\/figure>\n<\/div><\/div>\n\n\n\n<div class=\"wp-block-uagb-container uagb-block-d9de15f2 alignfull uagb-is-root-container\"><div class=\"uagb-container-inner-blocks-wrap\">\n<p class=\"has-black-color has-text-color has-link-color has-small-font-size wp-elements-8b781d83a11176c1a41175d3abb33ebc\">E Jesus, vendo a grande multid\u00e3o, subiu ao monte e, sentando-se, aproximaram-se dele os seus disc\u00edpulos, e ele os ensinava, dizendo<\/p>\n\n\n\n<p class=\"has-black-color has-text-color has-link-color has-small-font-size wp-elements-c2140c508f360dd37c4083acddc30e62\">1. \u00abBem-aventurados os pobres de esp\u00edrito, porque deles \u00e9 o reino dos c\u00e9us\u00bb. O Reino dos C\u00e9us pertence aos pobres de esp\u00edrito, porque Deus n\u00e3o quer os orgulhosos. Ser orgulhoso implica arrog\u00e2ncia, vaidade e autoestima excessiva, que \u00e0s vezes \u00e9 dissimulada pelo fato de ter nascido de causas nobres e virtuosas; esse comportamento dificulta nosso acesso ao Pai. Por essa raz\u00e3o, Jesus chama todos os que n\u00e3o s\u00e3o orgulhosos de pobres de esp\u00edrito.<\/p>\n\n\n\n<p class=\"has-black-color has-text-color has-link-color has-small-font-size wp-elements-16c0879141f332be42a6dc9d2afd6037\">2. \u00abBem-aventurados os mansos, porque possuir\u00e3o a terra\u00bb. Ser manso \u00e9 ser gentil, benevolente, piedoso, d\u00f3cil e ameno; ser violento, por outro lado, \u00e9 ter um temperamento explosivo ou impetuoso e ser facilmente levado pela raiva. Sabemos que os violentos ter\u00e3o de encarnar em mundos inferiores at\u00e9 se tornarem mansos; portanto, descartemos qualquer tra\u00e7o de viol\u00eancia. N\u00e3o nos esque\u00e7amos de que, pouco a pouco, os maus ser\u00e3o expulsos da Terra e somente os bons encarnar\u00e3o aqui.<\/p>\n\n\n\n<p class=\"has-black-color has-text-color has-link-color has-small-font-size wp-elements-0aeab66a51655eb6a3065310054c30f9\">3. \u00abBem-aventurados os que choram, porque ser\u00e3o consolados\u00bb. A Terra \u00e9 um mundo de expia\u00e7\u00f5es e prova\u00e7\u00f5es, por isso h\u00e1 tanto sofrimento. Nesse sentido, aqueles que sofrem, suportam, toleram ou suportam suas prova\u00e7\u00f5es; eles corrigem com sua dor, tristeza, pesar ou afli\u00e7\u00e3o os erros do passado. Aqueles que corrigem seus erros satisfazem a justi\u00e7a divina. Portanto, n\u00e3o percamos de vista o fato de que, quando nos livrarmos de nossos erros, deixaremos de sofrer e receberemos suaves consola\u00e7\u00f5es no mundo espiritual. N\u00e3o \u00e9 \u00e0 toa que Jesus disse que aqueles que choram ser\u00e3o consolados.<\/p>\n\n\n\n<p class=\"has-black-color has-text-color has-link-color has-small-font-size wp-elements-d2bf9ce69f42fdf8dbd6b8c8d5cd9ed5\">4. \u00abBem-aventurados os que t\u00eam fome e sede de justi\u00e7a, porque eles ser\u00e3o fartos\u00bb. A justi\u00e7a divina \u00e9 inabal\u00e1vel. No devido tempo, ela compensa os justos ou inocentes, os simples e aqueles que n\u00e3o prejudicam os outros; no entanto, ela pune os culpados ou aqueles que deliberadamente prejudicam os outros. \u00c9 por isso que Jesus disse que o Pai levar\u00e1 em conta todos aqueles que pedem justi\u00e7a e retid\u00e3o e, dessa forma, seus desejos pelo reino do bem ser\u00e3o plenamente satisfeitos.<\/p>\n\n\n\n<p class=\"has-black-color has-text-color has-link-color has-small-font-size wp-elements-f9c0d5450bdacd5d1515f5fa96722840\">5. \u00abBem-aventurados os misericordiosos, porque eles alcan\u00e7ar\u00e3o miseric\u00f3rdia\u00bb. Os misericordiosos s\u00e3o felizes porque usam de miseric\u00f3rdia para com o pr\u00f3ximo. Quem trata seu pr\u00f3ximo com miseric\u00f3rdia \u00e9 movido pelos trabalhos, mis\u00e9rias e adversidades que ele sofre. Portanto, se quisermos alcan\u00e7ar a miseric\u00f3rdia divina, demonstremos fraternidade e caridade para com todos.<\/p>\n\n\n\n<p class=\"has-black-color has-text-color has-link-color has-small-font-size wp-elements-5a03de3632a311f151d1def320d9be6d\">6. \u00abBem-aventurados os puros de cora\u00e7\u00e3o, porque ver\u00e3o a Deus\u00bb. Sabemos que Deus \u00e9 um esp\u00edrito puro. Para que possamos ver Deus, \u00e9 necess\u00e1rio que tamb\u00e9m sejamos puros, honestos, livres e isentos de imperfei\u00e7\u00f5es morais. Estamos cientes de que alcan\u00e7aremos tal condi\u00e7\u00e3o se continuarmos a estudar e praticar os ensinamentos divinos, o que, com o tempo, implicar\u00e1 em nosso progresso espiritual e moral; somente assim o Pai nos considerar\u00e1 pessoas puras e de cora\u00e7\u00e3o limpo.<\/p>\n\n\n\n<p class=\"has-black-color has-text-color has-link-color has-small-font-size wp-elements-62db944091f539e0fd397f5f63a57987\">7. \u00abBem-aventurados os pacificadores, porque eles ser\u00e3o chamados Filhos de Deus\u00bb. Pac\u00edficos s\u00e3o aqueles que n\u00e3o prejudicam ningu\u00e9m, nem por palavras nem por a\u00e7\u00f5es, que s\u00e3o serenos e n\u00e3o provocam contendas ou disc\u00f3rdias. Quando o Espiritismo trabalha pela paz e tranquilidade de seu ambiente, ele se torna uma pessoa feliz porque vive em completa harmonia com os outros; e em vista de tal curso de a\u00e7\u00e3o, Jesus o considerar\u00e1 um verdadeiro filho de Deus.<\/p>\n<\/div><\/div>","protected":false},"excerpt":{"rendered":"<p>\u00bfC\u00f3mo lograremos ser bienaventurados? Y viendo Jes\u00fas a la gran multitud, subi\u00f3 el monte y despu\u00e9s de sentarse llegaron hasta \u00c9l sus disc\u00edpulos y \u00c9l les ense\u00f1aba diciendo: 1. \u00abBienaventurados los pobres de Esp\u00edritu; porque de ellos es el Reino de los Cielos\u00bb. El Reino de los Cielos es de los pobres de Esp\u00edritus, porque [&hellip;]<\/p>","protected":false},"author":1,"featured_media":4055,"parent":0,"menu_order":0,"comment_status":"closed","ping_status":"closed","template":"","meta":{"_uag_custom_page_level_css":"","site-sidebar-layout":"default","site-content-layout":"","ast-site-content-layout":"default","site-content-style":"default","site-sidebar-style":"default","ast-global-header-display":"","ast-banner-title-visibility":"","ast-main-header-display":"","ast-hfb-above-header-display":"","ast-hfb-below-header-display":"","ast-hfb-mobile-header-display":"","site-post-title":"","ast-breadcrumbs-content":"","ast-featured-img":"","footer-sml-layout":"","theme-transparent-header-meta":"","adv-header-id-meta":"","stick-header-meta":"","header-above-stick-meta":"","header-main-stick-meta":"","header-below-stick-meta":"","astra-migrate-meta-layouts":"set","ast-page-background-enabled":"default","ast-page-background-meta":{"desktop":{"background-color":"var(--ast-global-color-4)","background-image":"","background-repeat":"repeat","background-position":"center center","background-size":"auto","background-attachment":"scroll","background-type":"","background-media":"","overlay-type":"","overlay-color":"","overlay-opacity":"","overlay-gradient":""},"tablet":{"background-color":"","background-image":"","background-repeat":"repeat","background-position":"center center","background-size":"auto","background-attachment":"scroll","background-type":"","background-media":"","overlay-type":"","overlay-color":"","overlay-opacity":"","overlay-gradient":""},"mobile":{"background-color":"","background-image":"","background-repeat":"repeat","background-position":"center center","background-size":"auto","background-attachment":"scroll","background-type":"","background-media":"","overlay-type":"","overlay-color":"","overlay-opacity":"","overlay-gradient":""}},"ast-content-background-meta":{"desktop":{"background-color":"var(--ast-global-color-5)","background-image":"","background-repeat":"repeat","background-position":"center center","background-size":"auto","background-attachment":"scroll","background-type":"","background-media":"","overlay-type":"","overlay-color":"","overlay-opacity":"","overlay-gradient":""},"tablet":{"background-color":"var(--ast-global-color-5)","background-image":"","background-repeat":"repeat","background-position":"center center","background-size":"auto","background-attachment":"scroll","background-type":"","background-media":"","overlay-type":"","overlay-color":"","overlay-opacity":"","overlay-gradient":""},"mobile":{"background-color":"var(--ast-global-color-5)","background-image":"","background-repeat":"repeat","background-position":"center center","background-size":"auto","background-attachment":"scroll","background-type":"","background-media":"","overlay-type":"","overlay-color":"","overlay-opacity":"","overlay-gradient":""}},"footnotes":""},"class_list":["post-4053","page","type-page","status-publish","has-post-thumbnail","hentry"],"yoast_head":"<!-- This site is optimized with the Yoast SEO Premium plugin v24.2 (Yoast SEO v24.6) - https:\/\/yoast.com\/wordpress\/plugins\/seo\/ -->\n<title>\u00bfC\u00f3mo lograremos ser bienaventurados? - Uni\u00f3n Esp\u00edrita<\/title>\n<meta name=\"robots\" content=\"index, follow, max-snippet:-1, max-image-preview:large, max-video-preview:-1\" \/>\n<link rel=\"canonical\" href=\"https:\/\/nuevo-renacer.com\/pt\/como-lograremos-ser-bienaventurados\/\" \/>\n<meta property=\"og:locale\" content=\"pt_BR\" \/>\n<meta property=\"og:type\" content=\"article\" \/>\n<meta property=\"og:title\" content=\"\u00bfC\u00f3mo lograremos ser bienaventurados?\" \/>\n<meta property=\"og:description\" content=\"\u00bfC\u00f3mo lograremos ser bienaventurados? Y viendo Jes\u00fas a la gran multitud, subi\u00f3 el monte y despu\u00e9s de sentarse llegaron hasta \u00c9l sus disc\u00edpulos y \u00c9l les ense\u00f1aba diciendo: 1. \u00abBienaventurados los pobres de Esp\u00edritu; porque de ellos es el Reino de los Cielos\u00bb. El Reino de los Cielos es de los pobres de Esp\u00edritus, porque [&hellip;]\" \/>\n<meta property=\"og:url\" content=\"https:\/\/nuevo-renacer.com\/pt\/como-lograremos-ser-bienaventurados\/\" \/>\n<meta property=\"og:site_name\" content=\"Uni\u00f3n Esp\u00edrita\" \/>\n<meta property=\"article:publisher\" content=\"https:\/\/www.facebook.com\/groups\/3431398063740829\" \/>\n<meta property=\"article:modified_time\" content=\"2024-07-19T05:52:12+00:00\" \/>\n<meta property=\"og:image\" content=\"https:\/\/nuevo-renacer.com\/wp-content\/uploads\/2024\/07\/400645926_7109491882404566_6709214791623379716_n.jpg\" \/>\n\t<meta property=\"og:image:width\" content=\"1125\" \/>\n\t<meta property=\"og:image:height\" content=\"1046\" \/>\n\t<meta property=\"og:image:type\" content=\"image\/jpeg\" \/>\n<meta name=\"twitter:card\" content=\"summary_large_image\" \/>\n<meta name=\"twitter:label1\" content=\"Est. tempo de leitura\" \/>\n\t<meta name=\"twitter:data1\" content=\"3 minutos\" \/>\n<script type=\"application\/ld+json\" class=\"yoast-schema-graph\">{\"@context\":\"https:\/\/schema.org\",\"@graph\":[{\"@type\":\"WebPage\",\"@id\":\"https:\/\/nuevo-renacer.com\/como-lograremos-ser-bienaventurados\/\",\"url\":\"https:\/\/nuevo-renacer.com\/como-lograremos-ser-bienaventurados\/\",\"name\":\"\u00bfC\u00f3mo lograremos ser bienaventurados? - Uni\u00f3n Esp\u00edrita\",\"isPartOf\":{\"@id\":\"https:\/\/nuevo-renacer.com\/#website\"},\"primaryImageOfPage\":{\"@id\":\"https:\/\/nuevo-renacer.com\/como-lograremos-ser-bienaventurados\/#primaryimage\"},\"image\":{\"@id\":\"https:\/\/nuevo-renacer.com\/como-lograremos-ser-bienaventurados\/#primaryimage\"},\"thumbnailUrl\":\"https:\/\/nuevo-renacer.com\/wp-content\/uploads\/2024\/07\/400645926_7109491882404566_6709214791623379716_n.jpg\",\"datePublished\":\"2024-07-19T05:52:11+00:00\",\"dateModified\":\"2024-07-19T05:52:12+00:00\",\"breadcrumb\":{\"@id\":\"https:\/\/nuevo-renacer.com\/como-lograremos-ser-bienaventurados\/#breadcrumb\"},\"inLanguage\":\"pt-BR\",\"potentialAction\":[{\"@type\":\"ReadAction\",\"target\":[\"https:\/\/nuevo-renacer.com\/como-lograremos-ser-bienaventurados\/\"]}]},{\"@type\":\"ImageObject\",\"inLanguage\":\"pt-BR\",\"@id\":\"https:\/\/nuevo-renacer.com\/como-lograremos-ser-bienaventurados\/#primaryimage\",\"url\":\"https:\/\/nuevo-renacer.com\/wp-content\/uploads\/2024\/07\/400645926_7109491882404566_6709214791623379716_n.jpg\",\"contentUrl\":\"https:\/\/nuevo-renacer.com\/wp-content\/uploads\/2024\/07\/400645926_7109491882404566_6709214791623379716_n.jpg\",\"width\":1125,\"height\":1046},{\"@type\":\"BreadcrumbList\",\"@id\":\"https:\/\/nuevo-renacer.com\/como-lograremos-ser-bienaventurados\/#breadcrumb\",\"itemListElement\":[{\"@type\":\"ListItem\",\"position\":1,\"name\":\"Startseite\",\"item\":\"https:\/\/nuevo-renacer.com\/\"},{\"@type\":\"ListItem\",\"position\":2,\"name\":\"\u00bfC\u00f3mo lograremos ser bienaventurados?\"}]},{\"@type\":\"WebSite\",\"@id\":\"https:\/\/nuevo-renacer.com\/#website\",\"url\":\"https:\/\/nuevo-renacer.com\/\",\"name\":\"Uni\u00f3n Esp\u00edrita\",\"description\":\"Nuevo Renacer\",\"publisher\":{\"@id\":\"https:\/\/nuevo-renacer.com\/#organization\"},\"potentialAction\":[{\"@type\":\"SearchAction\",\"target\":{\"@type\":\"EntryPoint\",\"urlTemplate\":\"https:\/\/nuevo-renacer.com\/?s={search_term_string}\"},\"query-input\":{\"@type\":\"PropertyValueSpecification\",\"valueRequired\":true,\"valueName\":\"search_term_string\"}}],\"inLanguage\":\"pt-BR\"},{\"@type\":\"Organization\",\"@id\":\"https:\/\/nuevo-renacer.com\/#organization\",\"name\":\"UFEC\",\"url\":\"https:\/\/nuevo-renacer.com\/\",\"logo\":{\"@type\":\"ImageObject\",\"inLanguage\":\"pt-BR\",\"@id\":\"https:\/\/nuevo-renacer.com\/#\/schema\/logo\/image\/\",\"url\":\"https:\/\/nuevo-renacer.com\/wp-content\/uploads\/2024\/05\/cropped-LOGO-TERMINADO1-3-3.png\",\"contentUrl\":\"https:\/\/nuevo-renacer.com\/wp-content\/uploads\/2024\/05\/cropped-LOGO-TERMINADO1-3-3.png\",\"width\":512,\"height\":512,\"caption\":\"UFEC\"},\"image\":{\"@id\":\"https:\/\/nuevo-renacer.com\/#\/schema\/logo\/image\/\"},\"sameAs\":[\"https:\/\/www.facebook.com\/groups\/3431398063740829\"]}]}<\/script>\n<!-- \/ Yoast SEO Premium plugin. -->","yoast_head_json":{"title":"\u00bfC\u00f3mo lograremos ser bienaventurados? - Uni\u00f3n Esp\u00edrita","robots":{"index":"index","follow":"follow","max-snippet":"max-snippet:-1","max-image-preview":"max-image-preview:large","max-video-preview":"max-video-preview:-1"},"canonical":"https:\/\/nuevo-renacer.com\/pt\/como-lograremos-ser-bienaventurados\/","og_locale":"pt_BR","og_type":"article","og_title":"\u00bfC\u00f3mo lograremos ser bienaventurados?","og_description":"\u00bfC\u00f3mo lograremos ser bienaventurados? Y viendo Jes\u00fas a la gran multitud, subi\u00f3 el monte y despu\u00e9s de sentarse llegaron hasta \u00c9l sus disc\u00edpulos y \u00c9l les ense\u00f1aba diciendo: 1. \u00abBienaventurados los pobres de Esp\u00edritu; porque de ellos es el Reino de los Cielos\u00bb. El Reino de los Cielos es de los pobres de Esp\u00edritus, porque [&hellip;]","og_url":"https:\/\/nuevo-renacer.com\/pt\/como-lograremos-ser-bienaventurados\/","og_site_name":"Uni\u00f3n Esp\u00edrita","article_publisher":"https:\/\/www.facebook.com\/groups\/3431398063740829","article_modified_time":"2024-07-19T05:52:12+00:00","og_image":[{"width":1125,"height":1046,"url":"https:\/\/nuevo-renacer.com\/wp-content\/uploads\/2024\/07\/400645926_7109491882404566_6709214791623379716_n.jpg","type":"image\/jpeg"}],"twitter_card":"summary_large_image","twitter_misc":{"Est. tempo de leitura":"3 minutos"},"schema":{"@context":"https:\/\/schema.org","@graph":[{"@type":"WebPage","@id":"https:\/\/nuevo-renacer.com\/como-lograremos-ser-bienaventurados\/","url":"https:\/\/nuevo-renacer.com\/como-lograremos-ser-bienaventurados\/","name":"\u00bfC\u00f3mo lograremos ser bienaventurados? - Uni\u00f3n Esp\u00edrita","isPartOf":{"@id":"https:\/\/nuevo-renacer.com\/#website"},"primaryImageOfPage":{"@id":"https:\/\/nuevo-renacer.com\/como-lograremos-ser-bienaventurados\/#primaryimage"},"image":{"@id":"https:\/\/nuevo-renacer.com\/como-lograremos-ser-bienaventurados\/#primaryimage"},"thumbnailUrl":"https:\/\/nuevo-renacer.com\/wp-content\/uploads\/2024\/07\/400645926_7109491882404566_6709214791623379716_n.jpg","datePublished":"2024-07-19T05:52:11+00:00","dateModified":"2024-07-19T05:52:12+00:00","breadcrumb":{"@id":"https:\/\/nuevo-renacer.com\/como-lograremos-ser-bienaventurados\/#breadcrumb"},"inLanguage":"pt-BR","potentialAction":[{"@type":"ReadAction","target":["https:\/\/nuevo-renacer.com\/como-lograremos-ser-bienaventurados\/"]}]},{"@type":"ImageObject","inLanguage":"pt-BR","@id":"https:\/\/nuevo-renacer.com\/como-lograremos-ser-bienaventurados\/#primaryimage","url":"https:\/\/nuevo-renacer.com\/wp-content\/uploads\/2024\/07\/400645926_7109491882404566_6709214791623379716_n.jpg","contentUrl":"https:\/\/nuevo-renacer.com\/wp-content\/uploads\/2024\/07\/400645926_7109491882404566_6709214791623379716_n.jpg","width":1125,"height":1046},{"@type":"BreadcrumbList","@id":"https:\/\/nuevo-renacer.com\/como-lograremos-ser-bienaventurados\/#breadcrumb","itemListElement":[{"@type":"ListItem","position":1,"name":"Startseite","item":"https:\/\/nuevo-renacer.com\/"},{"@type":"ListItem","position":2,"name":"\u00bfC\u00f3mo lograremos ser bienaventurados?"}]},{"@type":"WebSite","@id":"https:\/\/nuevo-renacer.com\/#website","url":"https:\/\/nuevo-renacer.com\/","name":"Uni\u00f3n Esp\u00edrita","description":"Nuevo Renacer","publisher":{"@id":"https:\/\/nuevo-renacer.com\/#organization"},"potentialAction":[{"@type":"SearchAction","target":{"@type":"EntryPoint","urlTemplate":"https:\/\/nuevo-renacer.com\/?s={search_term_string}"},"query-input":{"@type":"PropertyValueSpecification","valueRequired":true,"valueName":"search_term_string"}}],"inLanguage":"pt-BR"},{"@type":"Organization","@id":"https:\/\/nuevo-renacer.com\/#organization","name":"UFEC","url":"https:\/\/nuevo-renacer.com\/","logo":{"@type":"ImageObject","inLanguage":"pt-BR","@id":"https:\/\/nuevo-renacer.com\/#\/schema\/logo\/image\/","url":"https:\/\/nuevo-renacer.com\/wp-content\/uploads\/2024\/05\/cropped-LOGO-TERMINADO1-3-3.png","contentUrl":"https:\/\/nuevo-renacer.com\/wp-content\/uploads\/2024\/05\/cropped-LOGO-TERMINADO1-3-3.png","width":512,"height":512,"caption":"UFEC"},"image":{"@id":"https:\/\/nuevo-renacer.com\/#\/schema\/logo\/image\/"},"sameAs":["https:\/\/www.facebook.com\/groups\/3431398063740829"]}]}},"uagb_featured_image_src":{"full":["https:\/\/nuevo-renacer.com\/wp-content\/uploads\/2024\/07\/400645926_7109491882404566_6709214791623379716_n.jpg",1125,1046,false],"thumbnail":["https:\/\/nuevo-renacer.com\/wp-content\/uploads\/2024\/07\/400645926_7109491882404566_6709214791623379716_n-150x150.jpg",150,150,true],"medium":["https:\/\/nuevo-renacer.com\/wp-content\/uploads\/2024\/07\/400645926_7109491882404566_6709214791623379716_n-300x279.jpg",300,279,true],"medium_large":["https:\/\/nuevo-renacer.com\/wp-content\/uploads\/2024\/07\/400645926_7109491882404566_6709214791623379716_n-768x714.jpg",768,714,true],"large":["https:\/\/nuevo-renacer.com\/wp-content\/uploads\/2024\/07\/400645926_7109491882404566_6709214791623379716_n-1024x952.jpg",1024,952,true],"1536x1536":["https:\/\/nuevo-renacer.com\/wp-content\/uploads\/2024\/07\/400645926_7109491882404566_6709214791623379716_n.jpg",1125,1046,false],"2048x2048":["https:\/\/nuevo-renacer.com\/wp-content\/uploads\/2024\/07\/400645926_7109491882404566_6709214791623379716_n.jpg",1125,1046,false],"trp-custom-language-flag":["https:\/\/nuevo-renacer.com\/wp-content\/uploads\/2024\/07\/400645926_7109491882404566_6709214791623379716_n-13x12.jpg",13,12,true]},"uagb_author_info":{"display_name":"adbv0","author_link":"https:\/\/nuevo-renacer.com\/pt\/author\/adbv0\/"},"uagb_comment_info":0,"uagb_excerpt":"\u00bfC\u00f3mo lograremos ser bienaventurados? Y viendo Jes\u00fas a la gran multitud, subi\u00f3 el monte y despu\u00e9s de sentarse llegaron hasta \u00c9l sus disc\u00edpulos y \u00c9l les ense\u00f1aba diciendo: 1. \u00abBienaventurados los pobres de Esp\u00edritu; porque de ellos es el Reino de los Cielos\u00bb. El Reino de los Cielos es de los pobres de Esp\u00edritus, porque&hellip;","jetpack_sharing_enabled":true,"_links":{"self":[{"href":"https:\/\/nuevo-renacer.com\/pt\/wp-json\/wp\/v2\/pages\/4053","targetHints":{"allow":["GET"]}}],"collection":[{"href":"https:\/\/nuevo-renacer.com\/pt\/wp-json\/wp\/v2\/pages"}],"about":[{"href":"https:\/\/nuevo-renacer.com\/pt\/wp-json\/wp\/v2\/types\/page"}],"author":[{"embeddable":true,"href":"https:\/\/nuevo-renacer.com\/pt\/wp-json\/wp\/v2\/users\/1"}],"replies":[{"embeddable":true,"href":"https:\/\/nuevo-renacer.com\/pt\/wp-json\/wp\/v2\/comments?post=4053"}],"version-history":[{"count":1,"href":"https:\/\/nuevo-renacer.com\/pt\/wp-json\/wp\/v2\/pages\/4053\/revisions"}],"predecessor-version":[{"id":4056,"href":"https:\/\/nuevo-renacer.com\/pt\/wp-json\/wp\/v2\/pages\/4053\/revisions\/4056"}],"wp:featuredmedia":[{"embeddable":true,"href":"https:\/\/nuevo-renacer.com\/pt\/wp-json\/wp\/v2\/media\/4055"}],"wp:attachment":[{"href":"https:\/\/nuevo-renacer.com\/pt\/wp-json\/wp\/v2\/media?parent=4053"}],"curies":[{"name":"wp","href":"https:\/\/api.w.org\/{rel}","templated":true}]}}