{"id":4021,"date":"2024-07-18T10:34:49","date_gmt":"2024-07-18T10:34:49","guid":{"rendered":"https:\/\/ufec-mundial.com\/?page_id=4021"},"modified":"2024-07-18T10:40:38","modified_gmt":"2024-07-18T10:40:38","slug":"influencias-espirituales","status":"publish","type":"page","link":"https:\/\/nuevo-renacer.com\/pt\/influencias-espirituales\/","title":{"rendered":"Influ\u00eancias espirituais"},"content":{"rendered":"<div class=\"wp-block-uagb-container uagb-block-29346cad alignfull uagb-is-root-container\"><div class=\"uagb-container-inner-blocks-wrap\">\n<p class=\"has-black-color has-text-color has-link-color has-medium-font-size wp-elements-0382b94ed58e370d12d396a0b08b76db\"><strong>Influ\u00eancias espirituais<\/strong><\/p>\n<\/div><\/div>\n\n\n\n<div class=\"wp-block-uagb-container uagb-block-1ae25de6 alignfull uagb-is-root-container\"><div class=\"uagb-container-inner-blocks-wrap\">\n<figure class=\"wp-block-image size-full is-resized\"><img fetchpriority=\"high\" decoding=\"async\" width=\"1024\" height=\"1024\" src=\"https:\/\/ufec-mundial.com\/wp-content\/uploads\/2024\/07\/present-in-nol.jpg\" alt=\"\" class=\"wp-image-4024\" style=\"width:376px;height:auto\" srcset=\"https:\/\/nuevo-renacer.com\/wp-content\/uploads\/2024\/07\/present-in-nol.jpg 1024w, https:\/\/nuevo-renacer.com\/wp-content\/uploads\/2024\/07\/present-in-nol-150x150.jpg 150w, https:\/\/nuevo-renacer.com\/wp-content\/uploads\/2024\/07\/present-in-nol-300x300.jpg 300w, https:\/\/nuevo-renacer.com\/wp-content\/uploads\/2024\/07\/present-in-nol-768x768.jpg 768w, https:\/\/nuevo-renacer.com\/wp-content\/uploads\/2024\/07\/present-in-nol-12x12.jpg 12w\" sizes=\"(max-width: 1024px) 100vw, 1024px\" \/><\/figure>\n<\/div><\/div>\n\n\n\n<div class=\"wp-block-uagb-container uagb-block-9a7bf73b alignfull uagb-is-root-container\"><div class=\"uagb-container-inner-blocks-wrap\">\n<p class=\"has-black-color has-text-color has-link-color has-small-font-size wp-elements-2666fd4eb8ac5c6a0b1eb5485d186c02\"><strong>Em geral, as pessoas t\u00eam dificuldade em manter a estabilidade emocional. Elas variam muito, da tristeza \u00e0 alegria, da depress\u00e3o \u00e0 euforia, do bom humor ao des\u00e2nimo. Essas emo\u00e7\u00f5es nem sempre est\u00e3o associadas \u00e0 vida cotidiana. Isso tem algo a ver com a mediunidade?<\/strong><\/p>\n\n\n\n<p class=\"has-black-color has-text-color has-link-color has-small-font-size wp-elements-b8dc3038410f1047125d1f43d837da6d\">&nbsp;N\u00e3o h\u00e1 d\u00favida quanto a isso! Isso (psicose man\u00edaco-depressiva), uma diversifica\u00e7\u00e3o inexplic\u00e1vel de estados emocionais, est\u00e1 associado \u00e0 natureza dos esp\u00edritos que se aproximam de n\u00f3s, das influ\u00eancias que sofremos.<\/p>\n\n\n\n<p class=\"has-black-color has-text-color has-link-color has-small-font-size wp-elements-fad7adc57476f6b63c22a5facad25197\"><strong>As almas dos mortos?<\/strong><\/p>\n\n\n\n<p class=\"has-black-color has-text-color has-link-color has-small-font-size wp-elements-d2edc368eda52d7369a3051aed18022e\">Sim, homens desencarnados, livres da mat\u00e9ria, mas aprisionados pelo interesse humano. Eles permanecem entre n\u00f3s e nos influenciam, motivam e at\u00e9 nos dirigem. Na quest\u00e3o 459 de O Livro dos Esp\u00edritos, os mentores espirituais que responderam a Kardec relatam que essa influ\u00eancia \u00e9 t\u00e3o intensa que n\u00e3o \u00e9 incomum que eles nos dirijam.<\/p>\n\n\n\n<p class=\"has-black-color has-text-color has-link-color has-small-font-size wp-elements-22ad0dae4db42d4020437ee0d29df8fe\"><strong>Por que eles fazem isso? Qual \u00e9 o objetivo deles?<\/strong><\/p>\n\n\n\n<p class=\"has-black-color has-text-color has-link-color has-small-font-size wp-elements-f9b415bde9efc1acd54a6eb65bc24b9a\">Os motivos desses esp\u00edritos est\u00e3o de acordo com sua pr\u00f3pria condi\u00e7\u00e3o. H\u00e1 aqueles que est\u00e3o perplexos e querem ajuda; h\u00e1 aqueles que sentem prazer em amarrar os encarnados; h\u00e1 aqueles que exercem vingan\u00e7a; h\u00e1 aqueles que s\u00e3o apegados aos v\u00edcios e desejam intermedi\u00e1rios para se satisfazerem....<\/p>\n\n\n\n<p class=\"has-black-color has-text-color has-link-color has-small-font-size wp-elements-bd32bf54f16cfed2457f41f1f3c1b537\">\u00bf<strong>Como podemos distinguir nosso pensamento daquele que \u00e9 inspirado por um desencarnado?<\/strong><\/p>\n\n\n\n<p class=\"has-black-color has-text-color has-link-color has-small-font-size wp-elements-fee7a187f0be04bcdf6da477cb5bd027\">Em princ\u00edpio, \u00e9 dif\u00edcil, porque o fluxo mental dos esp\u00edritos com os quais nos associamos \u00e9 expresso em nossas mentes como nossos pensamentos, algo de nossa intimidade.<\/p>\n\n\n\n<p class=\"has-black-color has-text-color has-link-color has-small-font-size wp-elements-25a54593ede603c99e096b1594f5427a\"><strong>Isso significa que tanto os pensamentos quanto as emo\u00e7\u00f5es podem simplesmente refletir o que est\u00e1 acontecendo com o Esp\u00edrito que se aproxima?<\/strong><\/p>\n\n\n\n<p class=\"has-black-color has-text-color has-link-color has-small-font-size wp-elements-cd4c6b7205c470c2138dc45a5485c291\">Exatamente, mas a quest\u00e3o da sintonia precisa ser considerada. Em geral, essas entidades s\u00e3o compat\u00edveis com nosso modo de ser, tend\u00eancias e ideias.<\/p>\n\n\n\n<p class=\"has-black-color has-text-color has-link-color has-small-font-size wp-elements-c38f67d2baa382752ffd7e3035c81856\"><strong>De acordo com esse princ\u00edpio, seria poss\u00edvel, por exemplo, que um esp\u00edrito levasse ao suic\u00eddio algu\u00e9m que nunca teve a inten\u00e7\u00e3o de tomar a iniciativa?<\/strong><\/p>\n\n\n\n<p class=\"has-black-color has-text-color has-link-color has-small-font-size wp-elements-7acd1c80314ae3a825f0311ee0fe70b2\">Sim, se o desencarnado conseguir induzir na pessoa o desejo de se matar, ela certamente simpatizar\u00e1 com essa ideia, admitir\u00e1 e aceitar\u00e1 o fato.<\/p>\n\n\n\n<p class=\"has-black-color has-text-color has-link-color has-small-font-size wp-elements-34ab789d86a3cf76877871b3948d4da5\"><strong>Como podemos superar essas influ\u00eancias negativas, permitindo-nos receber apenas boas influ\u00eancias?<\/strong><\/p>\n\n\n\n<p class=\"has-black-color has-text-color has-link-color has-small-font-size wp-elements-c6d7c6b2a19d415cddfdbd17fdcdf43c\">Na quest\u00e3o 469 de O Livro dos Esp\u00edritos, Kardec faz a mesma pergunta. O mentor proclama, incisivamente: Praticando o Bem e depositando sua confian\u00e7a em Deus... Temos a\u00ed uma b\u00fassola preciosa para nos libertar das influ\u00eancias negativas.<\/p>\n\n\n\n<p class=\"has-black-color has-text-color has-link-color has-small-font-size wp-elements-f186c349bc91178c58dd1cf8655f030b\"><strong>Como isso funciona?<\/strong><\/p>\n\n\n\n<p class=\"has-black-color has-text-color has-link-color has-small-font-size wp-elements-00eae23053346140ce03cdf8c34faf45\">A confian\u00e7a em Deus sustenta o equil\u00edbrio das emo\u00e7\u00f5es em situa\u00e7\u00f5es dif\u00edceis, evitando os estados depressivos que nos tornam vulner\u00e1veis a influ\u00eancias inferiores; a pr\u00e1tica do Bem nos coloca em sintonia com as fontes da Vida, fortalecendo a prote\u00e7\u00e3o infal\u00edvel dos benfeitores espirituais.<\/p>\n<\/div><\/div>","protected":false},"excerpt":{"rendered":"<p>Influencias Espirituales Generalmente las personas tienen dificultades para mantener la estabilidad emocional. Var\u00edan mucho, de la tristeza a la alegr\u00eda, de la depresi\u00f3n a la euforia, del buen \u00e1nimo al desaliento. No siempre esas emociones est\u00e1n asociadas al d\u00eda a d\u00eda. \u00bfTienen algo que ver con la mediumnidad? &nbsp;\u00a1Sin duda! Esa (psicosis maniaco-depresiva), es una [&hellip;]<\/p>","protected":false},"author":1,"featured_media":4024,"parent":0,"menu_order":0,"comment_status":"closed","ping_status":"closed","template":"","meta":{"_uag_custom_page_level_css":"","site-sidebar-layout":"default","site-content-layout":"","ast-site-content-layout":"default","site-content-style":"default","site-sidebar-style":"default","ast-global-header-display":"","ast-banner-title-visibility":"","ast-main-header-display":"","ast-hfb-above-header-display":"","ast-hfb-below-header-display":"","ast-hfb-mobile-header-display":"","site-post-title":"","ast-breadcrumbs-content":"","ast-featured-img":"","footer-sml-layout":"","theme-transparent-header-meta":"","adv-header-id-meta":"","stick-header-meta":"","header-above-stick-meta":"","header-main-stick-meta":"","header-below-stick-meta":"","astra-migrate-meta-layouts":"set","ast-page-background-enabled":"default","ast-page-background-meta":{"desktop":{"background-color":"var(--ast-global-color-4)","background-image":"","background-repeat":"repeat","background-position":"center center","background-size":"auto","background-attachment":"scroll","background-type":"","background-media":"","overlay-type":"","overlay-color":"","overlay-opacity":"","overlay-gradient":""},"tablet":{"background-color":"","background-image":"","background-repeat":"repeat","background-position":"center center","background-size":"auto","background-attachment":"scroll","background-type":"","background-media":"","overlay-type":"","overlay-color":"","overlay-opacity":"","overlay-gradient":""},"mobile":{"background-color":"","background-image":"","background-repeat":"repeat","background-position":"center center","background-size":"auto","background-attachment":"scroll","background-type":"","background-media":"","overlay-type":"","overlay-color":"","overlay-opacity":"","overlay-gradient":""}},"ast-content-background-meta":{"desktop":{"background-color":"var(--ast-global-color-5)","background-image":"","background-repeat":"repeat","background-position":"center center","background-size":"auto","background-attachment":"scroll","background-type":"","background-media":"","overlay-type":"","overlay-color":"","overlay-opacity":"","overlay-gradient":""},"tablet":{"background-color":"var(--ast-global-color-5)","background-image":"","background-repeat":"repeat","background-position":"center center","background-size":"auto","background-attachment":"scroll","background-type":"","background-media":"","overlay-type":"","overlay-color":"","overlay-opacity":"","overlay-gradient":""},"mobile":{"background-color":"var(--ast-global-color-5)","background-image":"","background-repeat":"repeat","background-position":"center center","background-size":"auto","background-attachment":"scroll","background-type":"","background-media":"","overlay-type":"","overlay-color":"","overlay-opacity":"","overlay-gradient":""}},"footnotes":""},"class_list":["post-4021","page","type-page","status-publish","has-post-thumbnail","hentry"],"yoast_head":"<!-- This site is optimized with the Yoast SEO Premium plugin v24.2 (Yoast SEO v24.6) - https:\/\/yoast.com\/wordpress\/plugins\/seo\/ -->\n<title>Influencias Espirituales - Uni\u00f3n Esp\u00edrita<\/title>\n<meta name=\"robots\" content=\"index, follow, max-snippet:-1, max-image-preview:large, max-video-preview:-1\" \/>\n<link rel=\"canonical\" href=\"https:\/\/nuevo-renacer.com\/pt\/influencias-espirituales\/\" \/>\n<meta property=\"og:locale\" content=\"pt_BR\" \/>\n<meta property=\"og:type\" content=\"article\" \/>\n<meta property=\"og:title\" content=\"Influencias Espirituales\" \/>\n<meta property=\"og:description\" content=\"Influencias Espirituales Generalmente las personas tienen dificultades para mantener la estabilidad emocional. Var\u00edan mucho, de la tristeza a la alegr\u00eda, de la depresi\u00f3n a la euforia, del buen \u00e1nimo al desaliento. No siempre esas emociones est\u00e1n asociadas al d\u00eda a d\u00eda. \u00bfTienen algo que ver con la mediumnidad? &nbsp;\u00a1Sin duda! Esa (psicosis maniaco-depresiva), es una [&hellip;]\" \/>\n<meta property=\"og:url\" content=\"https:\/\/nuevo-renacer.com\/pt\/influencias-espirituales\/\" \/>\n<meta property=\"og:site_name\" content=\"Uni\u00f3n Esp\u00edrita\" \/>\n<meta property=\"article:publisher\" content=\"https:\/\/www.facebook.com\/groups\/3431398063740829\" \/>\n<meta property=\"article:modified_time\" content=\"2024-07-18T10:40:38+00:00\" \/>\n<meta property=\"og:image\" content=\"https:\/\/nuevo-renacer.com\/wp-content\/uploads\/2024\/07\/present-in-nol.jpg\" \/>\n\t<meta property=\"og:image:width\" content=\"1024\" \/>\n\t<meta property=\"og:image:height\" content=\"1024\" \/>\n\t<meta property=\"og:image:type\" content=\"image\/jpeg\" \/>\n<meta name=\"twitter:card\" content=\"summary_large_image\" \/>\n<meta name=\"twitter:label1\" content=\"Est. tempo de leitura\" \/>\n\t<meta name=\"twitter:data1\" content=\"2 minutos\" \/>\n<script type=\"application\/ld+json\" class=\"yoast-schema-graph\">{\"@context\":\"https:\/\/schema.org\",\"@graph\":[{\"@type\":\"WebPage\",\"@id\":\"https:\/\/nuevo-renacer.com\/influencias-espirituales\/\",\"url\":\"https:\/\/nuevo-renacer.com\/influencias-espirituales\/\",\"name\":\"Influencias Espirituales - Uni\u00f3n Esp\u00edrita\",\"isPartOf\":{\"@id\":\"https:\/\/nuevo-renacer.com\/#website\"},\"primaryImageOfPage\":{\"@id\":\"https:\/\/nuevo-renacer.com\/influencias-espirituales\/#primaryimage\"},\"image\":{\"@id\":\"https:\/\/nuevo-renacer.com\/influencias-espirituales\/#primaryimage\"},\"thumbnailUrl\":\"https:\/\/nuevo-renacer.com\/wp-content\/uploads\/2024\/07\/present-in-nol.jpg\",\"datePublished\":\"2024-07-18T10:34:49+00:00\",\"dateModified\":\"2024-07-18T10:40:38+00:00\",\"breadcrumb\":{\"@id\":\"https:\/\/nuevo-renacer.com\/influencias-espirituales\/#breadcrumb\"},\"inLanguage\":\"pt-BR\",\"potentialAction\":[{\"@type\":\"ReadAction\",\"target\":[\"https:\/\/nuevo-renacer.com\/influencias-espirituales\/\"]}]},{\"@type\":\"ImageObject\",\"inLanguage\":\"pt-BR\",\"@id\":\"https:\/\/nuevo-renacer.com\/influencias-espirituales\/#primaryimage\",\"url\":\"https:\/\/nuevo-renacer.com\/wp-content\/uploads\/2024\/07\/present-in-nol.jpg\",\"contentUrl\":\"https:\/\/nuevo-renacer.com\/wp-content\/uploads\/2024\/07\/present-in-nol.jpg\",\"width\":1024,\"height\":1024},{\"@type\":\"BreadcrumbList\",\"@id\":\"https:\/\/nuevo-renacer.com\/influencias-espirituales\/#breadcrumb\",\"itemListElement\":[{\"@type\":\"ListItem\",\"position\":1,\"name\":\"Startseite\",\"item\":\"https:\/\/nuevo-renacer.com\/\"},{\"@type\":\"ListItem\",\"position\":2,\"name\":\"Influencias Espirituales\"}]},{\"@type\":\"WebSite\",\"@id\":\"https:\/\/nuevo-renacer.com\/#website\",\"url\":\"https:\/\/nuevo-renacer.com\/\",\"name\":\"Uni\u00f3n Esp\u00edrita\",\"description\":\"Nuevo Renacer\",\"publisher\":{\"@id\":\"https:\/\/nuevo-renacer.com\/#organization\"},\"potentialAction\":[{\"@type\":\"SearchAction\",\"target\":{\"@type\":\"EntryPoint\",\"urlTemplate\":\"https:\/\/nuevo-renacer.com\/?s={search_term_string}\"},\"query-input\":{\"@type\":\"PropertyValueSpecification\",\"valueRequired\":true,\"valueName\":\"search_term_string\"}}],\"inLanguage\":\"pt-BR\"},{\"@type\":\"Organization\",\"@id\":\"https:\/\/nuevo-renacer.com\/#organization\",\"name\":\"UFEC\",\"url\":\"https:\/\/nuevo-renacer.com\/\",\"logo\":{\"@type\":\"ImageObject\",\"inLanguage\":\"pt-BR\",\"@id\":\"https:\/\/nuevo-renacer.com\/#\/schema\/logo\/image\/\",\"url\":\"https:\/\/nuevo-renacer.com\/wp-content\/uploads\/2024\/05\/cropped-LOGO-TERMINADO1-3-3.png\",\"contentUrl\":\"https:\/\/nuevo-renacer.com\/wp-content\/uploads\/2024\/05\/cropped-LOGO-TERMINADO1-3-3.png\",\"width\":512,\"height\":512,\"caption\":\"UFEC\"},\"image\":{\"@id\":\"https:\/\/nuevo-renacer.com\/#\/schema\/logo\/image\/\"},\"sameAs\":[\"https:\/\/www.facebook.com\/groups\/3431398063740829\"]}]}<\/script>\n<!-- \/ Yoast SEO Premium plugin. -->","yoast_head_json":{"title":"Influencias Espirituales - Uni\u00f3n Esp\u00edrita","robots":{"index":"index","follow":"follow","max-snippet":"max-snippet:-1","max-image-preview":"max-image-preview:large","max-video-preview":"max-video-preview:-1"},"canonical":"https:\/\/nuevo-renacer.com\/pt\/influencias-espirituales\/","og_locale":"pt_BR","og_type":"article","og_title":"Influencias Espirituales","og_description":"Influencias Espirituales Generalmente las personas tienen dificultades para mantener la estabilidad emocional. Var\u00edan mucho, de la tristeza a la alegr\u00eda, de la depresi\u00f3n a la euforia, del buen \u00e1nimo al desaliento. No siempre esas emociones est\u00e1n asociadas al d\u00eda a d\u00eda. \u00bfTienen algo que ver con la mediumnidad? &nbsp;\u00a1Sin duda! Esa (psicosis maniaco-depresiva), es una [&hellip;]","og_url":"https:\/\/nuevo-renacer.com\/pt\/influencias-espirituales\/","og_site_name":"Uni\u00f3n Esp\u00edrita","article_publisher":"https:\/\/www.facebook.com\/groups\/3431398063740829","article_modified_time":"2024-07-18T10:40:38+00:00","og_image":[{"width":1024,"height":1024,"url":"https:\/\/nuevo-renacer.com\/wp-content\/uploads\/2024\/07\/present-in-nol.jpg","type":"image\/jpeg"}],"twitter_card":"summary_large_image","twitter_misc":{"Est. tempo de leitura":"2 minutos"},"schema":{"@context":"https:\/\/schema.org","@graph":[{"@type":"WebPage","@id":"https:\/\/nuevo-renacer.com\/influencias-espirituales\/","url":"https:\/\/nuevo-renacer.com\/influencias-espirituales\/","name":"Influencias Espirituales - Uni\u00f3n Esp\u00edrita","isPartOf":{"@id":"https:\/\/nuevo-renacer.com\/#website"},"primaryImageOfPage":{"@id":"https:\/\/nuevo-renacer.com\/influencias-espirituales\/#primaryimage"},"image":{"@id":"https:\/\/nuevo-renacer.com\/influencias-espirituales\/#primaryimage"},"thumbnailUrl":"https:\/\/nuevo-renacer.com\/wp-content\/uploads\/2024\/07\/present-in-nol.jpg","datePublished":"2024-07-18T10:34:49+00:00","dateModified":"2024-07-18T10:40:38+00:00","breadcrumb":{"@id":"https:\/\/nuevo-renacer.com\/influencias-espirituales\/#breadcrumb"},"inLanguage":"pt-BR","potentialAction":[{"@type":"ReadAction","target":["https:\/\/nuevo-renacer.com\/influencias-espirituales\/"]}]},{"@type":"ImageObject","inLanguage":"pt-BR","@id":"https:\/\/nuevo-renacer.com\/influencias-espirituales\/#primaryimage","url":"https:\/\/nuevo-renacer.com\/wp-content\/uploads\/2024\/07\/present-in-nol.jpg","contentUrl":"https:\/\/nuevo-renacer.com\/wp-content\/uploads\/2024\/07\/present-in-nol.jpg","width":1024,"height":1024},{"@type":"BreadcrumbList","@id":"https:\/\/nuevo-renacer.com\/influencias-espirituales\/#breadcrumb","itemListElement":[{"@type":"ListItem","position":1,"name":"Startseite","item":"https:\/\/nuevo-renacer.com\/"},{"@type":"ListItem","position":2,"name":"Influencias Espirituales"}]},{"@type":"WebSite","@id":"https:\/\/nuevo-renacer.com\/#website","url":"https:\/\/nuevo-renacer.com\/","name":"Uni\u00f3n Esp\u00edrita","description":"Nuevo Renacer","publisher":{"@id":"https:\/\/nuevo-renacer.com\/#organization"},"potentialAction":[{"@type":"SearchAction","target":{"@type":"EntryPoint","urlTemplate":"https:\/\/nuevo-renacer.com\/?s={search_term_string}"},"query-input":{"@type":"PropertyValueSpecification","valueRequired":true,"valueName":"search_term_string"}}],"inLanguage":"pt-BR"},{"@type":"Organization","@id":"https:\/\/nuevo-renacer.com\/#organization","name":"UFEC","url":"https:\/\/nuevo-renacer.com\/","logo":{"@type":"ImageObject","inLanguage":"pt-BR","@id":"https:\/\/nuevo-renacer.com\/#\/schema\/logo\/image\/","url":"https:\/\/nuevo-renacer.com\/wp-content\/uploads\/2024\/05\/cropped-LOGO-TERMINADO1-3-3.png","contentUrl":"https:\/\/nuevo-renacer.com\/wp-content\/uploads\/2024\/05\/cropped-LOGO-TERMINADO1-3-3.png","width":512,"height":512,"caption":"UFEC"},"image":{"@id":"https:\/\/nuevo-renacer.com\/#\/schema\/logo\/image\/"},"sameAs":["https:\/\/www.facebook.com\/groups\/3431398063740829"]}]}},"uagb_featured_image_src":{"full":["https:\/\/nuevo-renacer.com\/wp-content\/uploads\/2024\/07\/present-in-nol.jpg",1024,1024,false],"thumbnail":["https:\/\/nuevo-renacer.com\/wp-content\/uploads\/2024\/07\/present-in-nol-150x150.jpg",150,150,true],"medium":["https:\/\/nuevo-renacer.com\/wp-content\/uploads\/2024\/07\/present-in-nol-300x300.jpg",300,300,true],"medium_large":["https:\/\/nuevo-renacer.com\/wp-content\/uploads\/2024\/07\/present-in-nol-768x768.jpg",768,768,true],"large":["https:\/\/nuevo-renacer.com\/wp-content\/uploads\/2024\/07\/present-in-nol.jpg",1024,1024,false],"1536x1536":["https:\/\/nuevo-renacer.com\/wp-content\/uploads\/2024\/07\/present-in-nol.jpg",1024,1024,false],"2048x2048":["https:\/\/nuevo-renacer.com\/wp-content\/uploads\/2024\/07\/present-in-nol.jpg",1024,1024,false],"trp-custom-language-flag":["https:\/\/nuevo-renacer.com\/wp-content\/uploads\/2024\/07\/present-in-nol-12x12.jpg",12,12,true]},"uagb_author_info":{"display_name":"adbv0","author_link":"https:\/\/nuevo-renacer.com\/pt\/author\/adbv0\/"},"uagb_comment_info":0,"uagb_excerpt":"Influencias Espirituales Generalmente las personas tienen dificultades para mantener la estabilidad emocional. Var\u00edan mucho, de la tristeza a la alegr\u00eda, de la depresi\u00f3n a la euforia, del buen \u00e1nimo al desaliento. No siempre esas emociones est\u00e1n asociadas al d\u00eda a d\u00eda. \u00bfTienen algo que ver con la mediumnidad? &nbsp;\u00a1Sin duda! Esa (psicosis maniaco-depresiva), es una&hellip;","jetpack_sharing_enabled":true,"_links":{"self":[{"href":"https:\/\/nuevo-renacer.com\/pt\/wp-json\/wp\/v2\/pages\/4021","targetHints":{"allow":["GET"]}}],"collection":[{"href":"https:\/\/nuevo-renacer.com\/pt\/wp-json\/wp\/v2\/pages"}],"about":[{"href":"https:\/\/nuevo-renacer.com\/pt\/wp-json\/wp\/v2\/types\/page"}],"author":[{"embeddable":true,"href":"https:\/\/nuevo-renacer.com\/pt\/wp-json\/wp\/v2\/users\/1"}],"replies":[{"embeddable":true,"href":"https:\/\/nuevo-renacer.com\/pt\/wp-json\/wp\/v2\/comments?post=4021"}],"version-history":[{"count":3,"href":"https:\/\/nuevo-renacer.com\/pt\/wp-json\/wp\/v2\/pages\/4021\/revisions"}],"predecessor-version":[{"id":4026,"href":"https:\/\/nuevo-renacer.com\/pt\/wp-json\/wp\/v2\/pages\/4021\/revisions\/4026"}],"wp:featuredmedia":[{"embeddable":true,"href":"https:\/\/nuevo-renacer.com\/pt\/wp-json\/wp\/v2\/media\/4024"}],"wp:attachment":[{"href":"https:\/\/nuevo-renacer.com\/pt\/wp-json\/wp\/v2\/media?parent=4021"}],"curies":[{"name":"wp","href":"https:\/\/api.w.org\/{rel}","templated":true}]}}