{"id":4015,"date":"2024-07-18T10:10:20","date_gmt":"2024-07-18T10:10:20","guid":{"rendered":"https:\/\/ufec-mundial.com\/?page_id=4015"},"modified":"2024-07-18T10:14:22","modified_gmt":"2024-07-18T10:14:22","slug":"casamiento","status":"publish","type":"page","link":"https:\/\/nuevo-renacer.com\/pt\/casamiento\/","title":{"rendered":"Casamento"},"content":{"rendered":"<div class=\"wp-block-uagb-container uagb-block-33305a38 alignfull uagb-is-root-container\"><div class=\"uagb-container-inner-blocks-wrap\">\n<p class=\"has-black-color has-text-color has-link-color has-medium-font-size wp-elements-63d2957ef5a5f79559ba5afb53ed3574\"><strong>Casamento<\/strong><\/p>\n<\/div><\/div>\n\n\n\n<div class=\"wp-block-uagb-container uagb-block-03373349 alignfull uagb-is-root-container\"><div class=\"uagb-container-inner-blocks-wrap\">\n<figure class=\"wp-block-image size-full is-resized\"><img fetchpriority=\"high\" decoding=\"async\" width=\"626\" height=\"626\" src=\"https:\/\/ufec-mundial.com\/wp-content\/uploads\/2024\/07\/448154796_7983836344970111_6208603129206741217_n.jpg\" alt=\"\" class=\"wp-image-4016\" style=\"width:321px;height:auto\" srcset=\"https:\/\/nuevo-renacer.com\/wp-content\/uploads\/2024\/07\/448154796_7983836344970111_6208603129206741217_n.jpg 626w, https:\/\/nuevo-renacer.com\/wp-content\/uploads\/2024\/07\/448154796_7983836344970111_6208603129206741217_n-150x150.jpg 150w, https:\/\/nuevo-renacer.com\/wp-content\/uploads\/2024\/07\/448154796_7983836344970111_6208603129206741217_n-300x300.jpg 300w, https:\/\/nuevo-renacer.com\/wp-content\/uploads\/2024\/07\/448154796_7983836344970111_6208603129206741217_n-12x12.jpg 12w\" sizes=\"(max-width: 626px) 100vw, 626px\" \/><\/figure>\n<\/div><\/div>\n\n\n\n<div class=\"wp-block-uagb-container uagb-block-1a4a2a5c alignfull uagb-is-root-container\"><div class=\"uagb-container-inner-blocks-wrap\">\n<p class=\"has-black-color has-text-color has-link-color has-small-font-size wp-elements-c8c24fba372c70e2b2b73f7bab6836e5\"><strong>O casamento foi planejado no Al\u00e9m?<\/strong><\/p>\n\n\n\n<p class=\"has-black-color has-text-color has-link-color has-small-font-size wp-elements-ae1c205080a2c4131723546d969fa756\">Em geral, a uni\u00e3o matrimonial envolve uma harmoniza\u00e7\u00e3o que envolve n\u00e3o apenas o casal, mas tamb\u00e9m os esp\u00edritos que reencarnar\u00e3o como filhos. Obviamente, \u00e9 necess\u00e1rio um planejamento.<\/p>\n\n\n\n<p class=\"has-black-color has-text-color has-link-color has-small-font-size wp-elements-3ef8fd3c70d465ff4d59c40bb98ee484\">&nbsp;<strong>Isso \u00e9 feito pelas pr\u00f3prias partes interessadas?<\/strong><\/p>\n\n\n\n<p class=\"has-black-color has-text-color has-link-color has-small-font-size wp-elements-fba8716425c627e88775cbed261fcba2\">Idealmente, tendemos a levar mais a s\u00e9rio os compromissos que assumimos por nossa pr\u00f3pria iniciativa. Nem sempre, por\u00e9m, os reencarnantes t\u00eam maturidade e discernimento suficientes para isso. O planejamento \u00e9 feito pelos mentores espirituais.<\/p>\n\n\n\n<p class=\"has-black-color has-text-color has-link-color has-small-font-size wp-elements-9fc10fcd385a4c58aeac63cb4ad0ef44\"><strong>Um poss\u00edvel segundo casamento ou um casamento posterior tamb\u00e9m est\u00e1 planejado?<\/strong><\/p>\n\n\n\n<p class=\"has-black-color has-text-color has-link-color has-small-font-size wp-elements-d8cceaf11e7da214f5fa60d373928cde\">Quando os parceiros na vida conjugal se separam de forma irrevers\u00edvel, devido a conflitos insuper\u00e1veis, \u00e9 justo que procurem recompor sua vida afetiva buscando uma nova experi\u00eancia. Se houver seriedade de inten\u00e7\u00e3o e n\u00e3o apenas o exerc\u00edcio da promiscuidade sexual, t\u00e3o predominante nos dias de hoje, os mentores espirituais podem ajud\u00e1-los nesse prop\u00f3sito, orientando uma nova uni\u00e3o.<\/p>\n\n\n\n<p class=\"has-black-color has-text-color has-link-color has-small-font-size wp-elements-24645ecec5d3350627de903467928a20\">&nbsp;<strong>Se ocorrer uma sequ\u00eancia de erros, sempre haver\u00e1 novos planos?<\/strong><\/p>\n\n\n\n<p class=\"has-black-color has-text-color has-link-color has-small-font-size wp-elements-393f1ba1cd53524b60abd89110d507e6\">Os mentores tentam nos ajudar mostrando-nos o caminho, mas nunca s\u00e3o coniventes com nossos erros. Uma sucess\u00e3o de uni\u00f5es indica uma incapacidade de fazer concess\u00f5es e de viver juntos. Nesses casos, \u00e9 natural que eles se afastem, removendo os escudos de sua prote\u00e7\u00e3o para que o mentorado possa aprender com seus pr\u00f3prios erros.<\/p>\n\n\n\n<p class=\"has-black-color has-text-color has-link-color has-small-font-size wp-elements-3056abd94ea3dda2214a238289f5ec0d\"><strong>Idealmente, portanto, dever\u00edamos \u201csuportar\u201d o c\u00f4njuge para merecer o apoio da espiritualidade?<\/strong><\/p>\n\n\n\n<p class=\"has-black-color has-text-color has-link-color has-small-font-size wp-elements-93e561adf4d6151613980a13ddd47d9e\">Esse talvez seja o maior erro. As pessoas \u201csuportam\u201d seus c\u00f4njuges por amor aos filhos ou por respeito \u00e0 religi\u00e3o, esquecendo-se de que est\u00e3o juntos para se harmonizar, aprendendo a viver juntos como irm\u00e3os e irm\u00e3s. Isso implica mudar o pronome no verbo da a\u00e7\u00e3o conjugal: da primeira pessoa do singular, eu posso, eu quero, eu fa\u00e7o, para a primeira pessoa do plural: n\u00f3s podemos, n\u00f3s queremos, n\u00f3s fazemos. Cultivar o individualismo no casamento \u00e9 conden\u00e1-lo ao fracasso.<\/p>\n\n\n\n<p class=\"has-black-color has-text-color has-link-color has-small-font-size wp-elements-f96ae4d3de7f390a6bc0a18c2a149905\"><strong>Isso seria suficiente para ser feliz no casamento?<\/strong><\/p>\n\n\n\n<p class=\"has-black-color has-text-color has-link-color has-small-font-size wp-elements-db4fcd0fb4699b2965d9277b33da3dc0\">H\u00e1 algo mais. As pessoas est\u00e3o esperando que o casamento seja bem-sucedido para serem felizes, sem entender que precisam ser felizes para que o casamento seja bem-sucedido. Um cora\u00e7\u00e3o amargurado, um car\u00e1ter impertinente, uma voca\u00e7\u00e3o para a agressividade, todas essas coisas diminuem a exist\u00eancia e nos tornam incapazes de viver juntos, especialmente no lar.<\/p>\n\n\n\n<p class=\"has-black-color has-text-color has-link-color has-small-font-size wp-elements-a7683fba9c0edba2ac6f1b89b320629f\"><strong>E como ser feliz para que o casamento seja bem-sucedido?<\/strong><\/p>\n\n\n\n<p class=\"has-black-color has-text-color has-link-color has-small-font-size wp-elements-1eaaa2b8a54f4fd1f163308b9af260aa\">Devemos sempre ter em mente que a felicidade n\u00e3o est\u00e1 subordinada \u00e0 satisfa\u00e7\u00e3o de nossos desejos diante da Vida, mas ao esfor\u00e7o para entender o que ela espera de n\u00f3s. N\u00e3o \u00e9 preciso muito para fazer isso. Basta observar a li\u00e7\u00e3o fundamental de Jesus: fazer aos outros o bem que desejamos que eles nos fa\u00e7am. Isso funciona admiravelmente quando se trata de harmonizar as pessoas, especialmente no lar.<\/p>\n\n\n\n<p class=\"has-black-color has-text-color has-link-color has-small-font-size wp-elements-61a921b50d087c8496a0fdc2553a7bab\">\u00a0<strong>Sabemos que na espiritualidade tendemos a conviver com os esp\u00edritos que marcaram nossa vida afetiva, o c\u00f4njuge, os pais e os filhos. Ent\u00e3o, com quem est\u00e1 o homem que j\u00e1 se casou quatro ou cinco vezes?<\/strong><\/p>\n\n\n\n<p class=\"has-black-color has-text-color has-link-color has-small-font-size wp-elements-708e7b3fdc3554f34e0cb91e32dc7199\">Com ningu\u00e9m. Ele provavelmente far\u00e1 uma parada purificadora no umbral, uma regi\u00e3o de sofrimento no mundo espiritual, um purgat\u00f3rio onde ter\u00e1 a oportunidade de meditar sobre sua frivolidade.<\/p>\n<\/div><\/div>","protected":false},"excerpt":{"rendered":"<p>Casamiento \u00bfEl casamiento est\u00e1 planeado en el M\u00e1s All\u00e1? Generalmente la uni\u00f3n matrimonial implica una armonizaci\u00f3n que envuelve tan s\u00f3lo a la pareja, pero tambi\u00e9n los Esp\u00edritus que reencarnar\u00e1n como hijos. Obviamente, es preciso planear. &nbsp;\u00bfLo hacen los propios interesados? Ser\u00eda lo ideal, ya que tendemos a encarar con mayor seriedad los compromisos que asumimos [&hellip;]<\/p>","protected":false},"author":1,"featured_media":4016,"parent":0,"menu_order":0,"comment_status":"closed","ping_status":"closed","template":"","meta":{"_uag_custom_page_level_css":"","site-sidebar-layout":"default","site-content-layout":"","ast-site-content-layout":"default","site-content-style":"default","site-sidebar-style":"default","ast-global-header-display":"","ast-banner-title-visibility":"","ast-main-header-display":"","ast-hfb-above-header-display":"","ast-hfb-below-header-display":"","ast-hfb-mobile-header-display":"","site-post-title":"","ast-breadcrumbs-content":"","ast-featured-img":"","footer-sml-layout":"","theme-transparent-header-meta":"","adv-header-id-meta":"","stick-header-meta":"","header-above-stick-meta":"","header-main-stick-meta":"","header-below-stick-meta":"","astra-migrate-meta-layouts":"set","ast-page-background-enabled":"default","ast-page-background-meta":{"desktop":{"background-color":"var(--ast-global-color-4)","background-image":"","background-repeat":"repeat","background-position":"center center","background-size":"auto","background-attachment":"scroll","background-type":"","background-media":"","overlay-type":"","overlay-color":"","overlay-opacity":"","overlay-gradient":""},"tablet":{"background-color":"","background-image":"","background-repeat":"repeat","background-position":"center center","background-size":"auto","background-attachment":"scroll","background-type":"","background-media":"","overlay-type":"","overlay-color":"","overlay-opacity":"","overlay-gradient":""},"mobile":{"background-color":"","background-image":"","background-repeat":"repeat","background-position":"center center","background-size":"auto","background-attachment":"scroll","background-type":"","background-media":"","overlay-type":"","overlay-color":"","overlay-opacity":"","overlay-gradient":""}},"ast-content-background-meta":{"desktop":{"background-color":"var(--ast-global-color-5)","background-image":"","background-repeat":"repeat","background-position":"center center","background-size":"auto","background-attachment":"scroll","background-type":"","background-media":"","overlay-type":"","overlay-color":"","overlay-opacity":"","overlay-gradient":""},"tablet":{"background-color":"var(--ast-global-color-5)","background-image":"","background-repeat":"repeat","background-position":"center center","background-size":"auto","background-attachment":"scroll","background-type":"","background-media":"","overlay-type":"","overlay-color":"","overlay-opacity":"","overlay-gradient":""},"mobile":{"background-color":"var(--ast-global-color-5)","background-image":"","background-repeat":"repeat","background-position":"center center","background-size":"auto","background-attachment":"scroll","background-type":"","background-media":"","overlay-type":"","overlay-color":"","overlay-opacity":"","overlay-gradient":""}},"footnotes":""},"class_list":["post-4015","page","type-page","status-publish","has-post-thumbnail","hentry"],"yoast_head":"<!-- This site is optimized with the Yoast SEO Premium plugin v24.2 (Yoast SEO v24.6) - https:\/\/yoast.com\/wordpress\/plugins\/seo\/ -->\n<title>Casamiento - Uni\u00f3n Esp\u00edrita<\/title>\n<meta name=\"robots\" content=\"index, follow, max-snippet:-1, max-image-preview:large, max-video-preview:-1\" \/>\n<link rel=\"canonical\" href=\"https:\/\/nuevo-renacer.com\/pt\/casamiento\/\" \/>\n<meta property=\"og:locale\" content=\"pt_BR\" \/>\n<meta property=\"og:type\" content=\"article\" \/>\n<meta property=\"og:title\" content=\"Casamiento\" \/>\n<meta property=\"og:description\" content=\"Casamiento \u00bfEl casamiento est\u00e1 planeado en el M\u00e1s All\u00e1? Generalmente la uni\u00f3n matrimonial implica una armonizaci\u00f3n que envuelve tan s\u00f3lo a la pareja, pero tambi\u00e9n los Esp\u00edritus que reencarnar\u00e1n como hijos. Obviamente, es preciso planear. &nbsp;\u00bfLo hacen los propios interesados? Ser\u00eda lo ideal, ya que tendemos a encarar con mayor seriedad los compromisos que asumimos [&hellip;]\" \/>\n<meta property=\"og:url\" content=\"https:\/\/nuevo-renacer.com\/pt\/casamiento\/\" \/>\n<meta property=\"og:site_name\" content=\"Uni\u00f3n Esp\u00edrita\" \/>\n<meta property=\"article:publisher\" content=\"https:\/\/www.facebook.com\/groups\/3431398063740829\" \/>\n<meta property=\"article:modified_time\" content=\"2024-07-18T10:14:22+00:00\" \/>\n<meta property=\"og:image\" content=\"https:\/\/nuevo-renacer.com\/wp-content\/uploads\/2024\/07\/448154796_7983836344970111_6208603129206741217_n.jpg\" \/>\n\t<meta property=\"og:image:width\" content=\"626\" \/>\n\t<meta property=\"og:image:height\" content=\"626\" \/>\n\t<meta property=\"og:image:type\" content=\"image\/jpeg\" \/>\n<meta name=\"twitter:card\" content=\"summary_large_image\" \/>\n<meta name=\"twitter:label1\" content=\"Est. tempo de leitura\" \/>\n\t<meta name=\"twitter:data1\" content=\"3 minutos\" \/>\n<script type=\"application\/ld+json\" class=\"yoast-schema-graph\">{\"@context\":\"https:\/\/schema.org\",\"@graph\":[{\"@type\":\"WebPage\",\"@id\":\"https:\/\/nuevo-renacer.com\/casamiento\/\",\"url\":\"https:\/\/nuevo-renacer.com\/casamiento\/\",\"name\":\"Casamiento - Uni\u00f3n Esp\u00edrita\",\"isPartOf\":{\"@id\":\"https:\/\/nuevo-renacer.com\/#website\"},\"primaryImageOfPage\":{\"@id\":\"https:\/\/nuevo-renacer.com\/casamiento\/#primaryimage\"},\"image\":{\"@id\":\"https:\/\/nuevo-renacer.com\/casamiento\/#primaryimage\"},\"thumbnailUrl\":\"https:\/\/nuevo-renacer.com\/wp-content\/uploads\/2024\/07\/448154796_7983836344970111_6208603129206741217_n.jpg\",\"datePublished\":\"2024-07-18T10:10:20+00:00\",\"dateModified\":\"2024-07-18T10:14:22+00:00\",\"breadcrumb\":{\"@id\":\"https:\/\/nuevo-renacer.com\/casamiento\/#breadcrumb\"},\"inLanguage\":\"pt-BR\",\"potentialAction\":[{\"@type\":\"ReadAction\",\"target\":[\"https:\/\/nuevo-renacer.com\/casamiento\/\"]}]},{\"@type\":\"ImageObject\",\"inLanguage\":\"pt-BR\",\"@id\":\"https:\/\/nuevo-renacer.com\/casamiento\/#primaryimage\",\"url\":\"https:\/\/nuevo-renacer.com\/wp-content\/uploads\/2024\/07\/448154796_7983836344970111_6208603129206741217_n.jpg\",\"contentUrl\":\"https:\/\/nuevo-renacer.com\/wp-content\/uploads\/2024\/07\/448154796_7983836344970111_6208603129206741217_n.jpg\",\"width\":626,\"height\":626},{\"@type\":\"BreadcrumbList\",\"@id\":\"https:\/\/nuevo-renacer.com\/casamiento\/#breadcrumb\",\"itemListElement\":[{\"@type\":\"ListItem\",\"position\":1,\"name\":\"Startseite\",\"item\":\"https:\/\/nuevo-renacer.com\/\"},{\"@type\":\"ListItem\",\"position\":2,\"name\":\"Casamiento\"}]},{\"@type\":\"WebSite\",\"@id\":\"https:\/\/nuevo-renacer.com\/#website\",\"url\":\"https:\/\/nuevo-renacer.com\/\",\"name\":\"Uni\u00f3n Esp\u00edrita\",\"description\":\"Nuevo Renacer\",\"publisher\":{\"@id\":\"https:\/\/nuevo-renacer.com\/#organization\"},\"potentialAction\":[{\"@type\":\"SearchAction\",\"target\":{\"@type\":\"EntryPoint\",\"urlTemplate\":\"https:\/\/nuevo-renacer.com\/?s={search_term_string}\"},\"query-input\":{\"@type\":\"PropertyValueSpecification\",\"valueRequired\":true,\"valueName\":\"search_term_string\"}}],\"inLanguage\":\"pt-BR\"},{\"@type\":\"Organization\",\"@id\":\"https:\/\/nuevo-renacer.com\/#organization\",\"name\":\"UFEC\",\"url\":\"https:\/\/nuevo-renacer.com\/\",\"logo\":{\"@type\":\"ImageObject\",\"inLanguage\":\"pt-BR\",\"@id\":\"https:\/\/nuevo-renacer.com\/#\/schema\/logo\/image\/\",\"url\":\"https:\/\/nuevo-renacer.com\/wp-content\/uploads\/2024\/05\/cropped-LOGO-TERMINADO1-3-3.png\",\"contentUrl\":\"https:\/\/nuevo-renacer.com\/wp-content\/uploads\/2024\/05\/cropped-LOGO-TERMINADO1-3-3.png\",\"width\":512,\"height\":512,\"caption\":\"UFEC\"},\"image\":{\"@id\":\"https:\/\/nuevo-renacer.com\/#\/schema\/logo\/image\/\"},\"sameAs\":[\"https:\/\/www.facebook.com\/groups\/3431398063740829\"]}]}<\/script>\n<!-- \/ Yoast SEO Premium plugin. -->","yoast_head_json":{"title":"Casamiento - Uni\u00f3n Esp\u00edrita","robots":{"index":"index","follow":"follow","max-snippet":"max-snippet:-1","max-image-preview":"max-image-preview:large","max-video-preview":"max-video-preview:-1"},"canonical":"https:\/\/nuevo-renacer.com\/pt\/casamiento\/","og_locale":"pt_BR","og_type":"article","og_title":"Casamiento","og_description":"Casamiento \u00bfEl casamiento est\u00e1 planeado en el M\u00e1s All\u00e1? Generalmente la uni\u00f3n matrimonial implica una armonizaci\u00f3n que envuelve tan s\u00f3lo a la pareja, pero tambi\u00e9n los Esp\u00edritus que reencarnar\u00e1n como hijos. Obviamente, es preciso planear. &nbsp;\u00bfLo hacen los propios interesados? Ser\u00eda lo ideal, ya que tendemos a encarar con mayor seriedad los compromisos que asumimos [&hellip;]","og_url":"https:\/\/nuevo-renacer.com\/pt\/casamiento\/","og_site_name":"Uni\u00f3n Esp\u00edrita","article_publisher":"https:\/\/www.facebook.com\/groups\/3431398063740829","article_modified_time":"2024-07-18T10:14:22+00:00","og_image":[{"width":626,"height":626,"url":"https:\/\/nuevo-renacer.com\/wp-content\/uploads\/2024\/07\/448154796_7983836344970111_6208603129206741217_n.jpg","type":"image\/jpeg"}],"twitter_card":"summary_large_image","twitter_misc":{"Est. tempo de leitura":"3 minutos"},"schema":{"@context":"https:\/\/schema.org","@graph":[{"@type":"WebPage","@id":"https:\/\/nuevo-renacer.com\/casamiento\/","url":"https:\/\/nuevo-renacer.com\/casamiento\/","name":"Casamiento - Uni\u00f3n Esp\u00edrita","isPartOf":{"@id":"https:\/\/nuevo-renacer.com\/#website"},"primaryImageOfPage":{"@id":"https:\/\/nuevo-renacer.com\/casamiento\/#primaryimage"},"image":{"@id":"https:\/\/nuevo-renacer.com\/casamiento\/#primaryimage"},"thumbnailUrl":"https:\/\/nuevo-renacer.com\/wp-content\/uploads\/2024\/07\/448154796_7983836344970111_6208603129206741217_n.jpg","datePublished":"2024-07-18T10:10:20+00:00","dateModified":"2024-07-18T10:14:22+00:00","breadcrumb":{"@id":"https:\/\/nuevo-renacer.com\/casamiento\/#breadcrumb"},"inLanguage":"pt-BR","potentialAction":[{"@type":"ReadAction","target":["https:\/\/nuevo-renacer.com\/casamiento\/"]}]},{"@type":"ImageObject","inLanguage":"pt-BR","@id":"https:\/\/nuevo-renacer.com\/casamiento\/#primaryimage","url":"https:\/\/nuevo-renacer.com\/wp-content\/uploads\/2024\/07\/448154796_7983836344970111_6208603129206741217_n.jpg","contentUrl":"https:\/\/nuevo-renacer.com\/wp-content\/uploads\/2024\/07\/448154796_7983836344970111_6208603129206741217_n.jpg","width":626,"height":626},{"@type":"BreadcrumbList","@id":"https:\/\/nuevo-renacer.com\/casamiento\/#breadcrumb","itemListElement":[{"@type":"ListItem","position":1,"name":"Startseite","item":"https:\/\/nuevo-renacer.com\/"},{"@type":"ListItem","position":2,"name":"Casamiento"}]},{"@type":"WebSite","@id":"https:\/\/nuevo-renacer.com\/#website","url":"https:\/\/nuevo-renacer.com\/","name":"Uni\u00f3n Esp\u00edrita","description":"Nuevo Renacer","publisher":{"@id":"https:\/\/nuevo-renacer.com\/#organization"},"potentialAction":[{"@type":"SearchAction","target":{"@type":"EntryPoint","urlTemplate":"https:\/\/nuevo-renacer.com\/?s={search_term_string}"},"query-input":{"@type":"PropertyValueSpecification","valueRequired":true,"valueName":"search_term_string"}}],"inLanguage":"pt-BR"},{"@type":"Organization","@id":"https:\/\/nuevo-renacer.com\/#organization","name":"UFEC","url":"https:\/\/nuevo-renacer.com\/","logo":{"@type":"ImageObject","inLanguage":"pt-BR","@id":"https:\/\/nuevo-renacer.com\/#\/schema\/logo\/image\/","url":"https:\/\/nuevo-renacer.com\/wp-content\/uploads\/2024\/05\/cropped-LOGO-TERMINADO1-3-3.png","contentUrl":"https:\/\/nuevo-renacer.com\/wp-content\/uploads\/2024\/05\/cropped-LOGO-TERMINADO1-3-3.png","width":512,"height":512,"caption":"UFEC"},"image":{"@id":"https:\/\/nuevo-renacer.com\/#\/schema\/logo\/image\/"},"sameAs":["https:\/\/www.facebook.com\/groups\/3431398063740829"]}]}},"uagb_featured_image_src":{"full":["https:\/\/nuevo-renacer.com\/wp-content\/uploads\/2024\/07\/448154796_7983836344970111_6208603129206741217_n.jpg",626,626,false],"thumbnail":["https:\/\/nuevo-renacer.com\/wp-content\/uploads\/2024\/07\/448154796_7983836344970111_6208603129206741217_n-150x150.jpg",150,150,true],"medium":["https:\/\/nuevo-renacer.com\/wp-content\/uploads\/2024\/07\/448154796_7983836344970111_6208603129206741217_n-300x300.jpg",300,300,true],"medium_large":["https:\/\/nuevo-renacer.com\/wp-content\/uploads\/2024\/07\/448154796_7983836344970111_6208603129206741217_n.jpg",626,626,false],"large":["https:\/\/nuevo-renacer.com\/wp-content\/uploads\/2024\/07\/448154796_7983836344970111_6208603129206741217_n.jpg",626,626,false],"1536x1536":["https:\/\/nuevo-renacer.com\/wp-content\/uploads\/2024\/07\/448154796_7983836344970111_6208603129206741217_n.jpg",626,626,false],"2048x2048":["https:\/\/nuevo-renacer.com\/wp-content\/uploads\/2024\/07\/448154796_7983836344970111_6208603129206741217_n.jpg",626,626,false],"trp-custom-language-flag":["https:\/\/nuevo-renacer.com\/wp-content\/uploads\/2024\/07\/448154796_7983836344970111_6208603129206741217_n-12x12.jpg",12,12,true]},"uagb_author_info":{"display_name":"adbv0","author_link":"https:\/\/nuevo-renacer.com\/pt\/author\/adbv0\/"},"uagb_comment_info":0,"uagb_excerpt":"Casamiento \u00bfEl casamiento est\u00e1 planeado en el M\u00e1s All\u00e1? Generalmente la uni\u00f3n matrimonial implica una armonizaci\u00f3n que envuelve tan s\u00f3lo a la pareja, pero tambi\u00e9n los Esp\u00edritus que reencarnar\u00e1n como hijos. Obviamente, es preciso planear. &nbsp;\u00bfLo hacen los propios interesados? Ser\u00eda lo ideal, ya que tendemos a encarar con mayor seriedad los compromisos que asumimos&hellip;","jetpack_sharing_enabled":true,"_links":{"self":[{"href":"https:\/\/nuevo-renacer.com\/pt\/wp-json\/wp\/v2\/pages\/4015","targetHints":{"allow":["GET"]}}],"collection":[{"href":"https:\/\/nuevo-renacer.com\/pt\/wp-json\/wp\/v2\/pages"}],"about":[{"href":"https:\/\/nuevo-renacer.com\/pt\/wp-json\/wp\/v2\/types\/page"}],"author":[{"embeddable":true,"href":"https:\/\/nuevo-renacer.com\/pt\/wp-json\/wp\/v2\/users\/1"}],"replies":[{"embeddable":true,"href":"https:\/\/nuevo-renacer.com\/pt\/wp-json\/wp\/v2\/comments?post=4015"}],"version-history":[{"count":2,"href":"https:\/\/nuevo-renacer.com\/pt\/wp-json\/wp\/v2\/pages\/4015\/revisions"}],"predecessor-version":[{"id":4018,"href":"https:\/\/nuevo-renacer.com\/pt\/wp-json\/wp\/v2\/pages\/4015\/revisions\/4018"}],"wp:featuredmedia":[{"embeddable":true,"href":"https:\/\/nuevo-renacer.com\/pt\/wp-json\/wp\/v2\/media\/4016"}],"wp:attachment":[{"href":"https:\/\/nuevo-renacer.com\/pt\/wp-json\/wp\/v2\/media?parent=4015"}],"curies":[{"name":"wp","href":"https:\/\/api.w.org\/{rel}","templated":true}]}}