{"id":4003,"date":"2024-07-18T07:26:09","date_gmt":"2024-07-18T07:26:09","guid":{"rendered":"https:\/\/ufec-mundial.com\/?page_id=4003"},"modified":"2024-07-18T07:29:24","modified_gmt":"2024-07-18T07:29:24","slug":"los-muertos-son-los-invisibles-pero-no-los-ausentes","status":"publish","type":"page","link":"https:\/\/nuevo-renacer.com\/pt\/los-muertos-son-los-invisibles-pero-no-los-ausentes\/","title":{"rendered":"Os mortos s\u00e3o os invis\u00edveis, mas n\u00e3o os ausentes"},"content":{"rendered":"<div class=\"wp-block-uagb-container uagb-block-509c5750 alignfull uagb-is-root-container\"><div class=\"uagb-container-inner-blocks-wrap\">\n<p class=\"has-black-color has-text-color has-link-color has-medium-font-size wp-elements-fdfe249e89a36fcbcb0ff11f86ba6800\"><strong>Os mortos s\u00e3o os invis\u00edveis, mas n\u00e3o os ausentes<\/strong><\/p>\n<\/div><\/div>\n\n\n\n<div class=\"wp-block-uagb-container uagb-block-af6aa265 alignfull uagb-is-root-container\"><div class=\"uagb-container-inner-blocks-wrap\">\n<figure class=\"wp-block-image size-full\"><img fetchpriority=\"high\" decoding=\"async\" width=\"410\" height=\"410\" src=\"https:\/\/ufec-mundial.com\/wp-content\/uploads\/2024\/07\/440889529_7788030851217329_6529675823081718258_n.jpg\" alt=\"\" class=\"wp-image-4007\" srcset=\"https:\/\/nuevo-renacer.com\/wp-content\/uploads\/2024\/07\/440889529_7788030851217329_6529675823081718258_n.jpg 410w, https:\/\/nuevo-renacer.com\/wp-content\/uploads\/2024\/07\/440889529_7788030851217329_6529675823081718258_n-150x150.jpg 150w, https:\/\/nuevo-renacer.com\/wp-content\/uploads\/2024\/07\/440889529_7788030851217329_6529675823081718258_n-300x300.jpg 300w, https:\/\/nuevo-renacer.com\/wp-content\/uploads\/2024\/07\/440889529_7788030851217329_6529675823081718258_n-12x12.jpg 12w\" sizes=\"(max-width: 410px) 100vw, 410px\" \/><\/figure>\n<\/div><\/div>\n\n\n\n<div class=\"wp-block-uagb-container uagb-block-539f0cda alignfull uagb-is-root-container\"><div class=\"uagb-container-inner-blocks-wrap\">\n<p class=\"has-black-color has-text-color has-link-color has-small-font-size wp-elements-aa6f7f9b00bf73fcf2ad2204a9a47a57\">De fato. Mas como voc\u00ea pode ter uma ideia diferente ou um pensamento errado, n\u00f3s o convidamos a refletir sobre o seguinte: Se voc\u00ea acredita na exist\u00eancia de Deus, o Criador de tudo o que existe e fonte de sabedoria, bondade e justi\u00e7a, por que encara esse processo natural da vida, \u201cerroneamente chamado de morte\u201d, como um mal para quem parte e como uma perda irrepar\u00e1vel para quem fica? Ser\u00e1 que talvez seja porque voc\u00ea tem uma ideia mais obscura do que ela realmente \u00e9 e n\u00e3o tem conhecimento verdadeiro de sua proje\u00e7\u00e3o espiritual? Imagine, s\u00f3 por um segundo, que as pessoas s\u00e3o como um carro, que tamb\u00e9m \u00e9 composto de duas partes: uma essencial, o motor, equivalente ao Esp\u00edrito, e uma secund\u00e1ria, a carroceria, equivalente ao corpo f\u00edsico.<\/p>\n\n\n\n<p class=\"has-black-color has-text-color has-link-color has-small-font-size wp-elements-c548229e436f7aa86e367729cc646816\">O esp\u00edrito \u00e9 feito de natureza divina e \u00e9 \u201cIMORTAL\u201d. Dele extra\u00edmos os pequenos ou grandes valores espirituais (de acordo com o grau de evolu\u00e7\u00e3o alcan\u00e7ado) em \u201cexperi\u00eancia cont\u00ednua\u201d e \u201cavan\u00e7o crescente\u201d, tais como: Sentimentos, intelig\u00eancia, vontade, racioc\u00ednio, solidariedade. A parte secund\u00e1ria, embora indispens\u00e1vel, corresponde ao corpo f\u00edsico e \u00e9 a ferramenta ou instrumento a servi\u00e7o do Esp\u00edrito. Ao contr\u00e1rio deste \u00faltimo, o corpo \u00e9 mortal, ou seja, tem um per\u00edodo de exist\u00eancia como tudo o que \u00e9 feito de subst\u00e2ncias materiais. Ele tamb\u00e9m representa a \u201cfor\u00e7a\u201d que \u00e9 a heran\u00e7a do irracional e que, no entanto, alguns homens adotam para redimir seus problemas, descendo inconscientemente ao n\u00edvel do irracional.<\/p>\n\n\n\n<p class=\"has-black-color has-text-color has-link-color has-small-font-size wp-elements-6bd1511dd051bf8fc472a24154ca5bff\">Nosso Planeta \u00e9 a morada \u201csem fronteiras nem discrimina\u00e7\u00e3o de ra\u00e7a, cor ou nacionalidade\u201d que nos abriga a todos temporariamente, embora tenhamos vindo a este Mundo muitas vezes, em diferentes reencarna\u00e7\u00f5es e em diferentes \u00e9pocas da hist\u00f3ria da humanidade. Com que finalidade? Para \u201caprender\u201d, para \u201cganhar experi\u00eancia\u201d, para nos aperfei\u00e7oarmos e, assim, evoluirmos. A soma dos resultados, ou seja, o positivo em termos de solidariedade e o aprimoramento de nossa moralidade, de nosso ser. Nossa personalidade nos preparar\u00e1 para avan\u00e7ar na dire\u00e7\u00e3o de outros mundos ou planos de exist\u00eancias mais felizes, ainda n\u00e3o compreendidos por alguns seres humanos.<\/p>\n\n\n\n<p class=\"has-black-color has-text-color has-link-color has-small-font-size wp-elements-d79894c3643620e085a61205cd9f40c7\">Por outro lado, a soma do negativo em atos e a\u00e7\u00f5es imorais, embora n\u00e3o sejam regressivos, embora estejam estagnados, lhe deixar\u00e1 a experi\u00eancia e o ensinamento, mas para apagar aquelas \u201cmanchas morais\u201d que por ignor\u00e2ncia deixou gravadas em seu Esp\u00edrito, talvez precise pass\u00e1-las pelo \u201ccadinho da dor\u201d, semelhante \u00e0 a\u00e7\u00e3o do cirurgi\u00e3o, quando tem de remover um tumor maligno. Por exemplo. Esse tumor s\u00e3o os destinos dolorosos e angustiantes, como nascer cego, surdo, mudo, inv\u00e1lido, doen\u00e7as incur\u00e1veis, acidentes, etc.<\/p>\n\n\n\n<p class=\"has-black-color has-text-color has-link-color has-small-font-size wp-elements-40e773c6f5b5155d986748a2a01e9f14\">O Esp\u00edrito encerrado no corpo \u00e9 como um prisioneiro dentro de sua cela, e a janela da cela \u00e9 como os cinco sentidos do corpo por meio dos quais o Esp\u00edrito se comunica com o exterior. Quando chega o momento de o corpo \u201cpartir\u201d ou \u201cmorrer\u201d, o corpo se desintegra, pois \u00e9 feito de subst\u00e2ncias materiais, e o esp\u00edrito recupera sua liberdade. O processo que ocorre nesse momento \u00e9 muito semelhante \u00e0 transforma\u00e7\u00e3o que ocorre quando o verme, sin\u00f4nimo de corpo, morre, e sua ess\u00eancia interior, o esp\u00edrito, torna-se uma borboleta e voa para longe de sua c\u00e9lula.<\/p>\n\n\n\n<p class=\"has-black-color has-text-color has-link-color has-small-font-size wp-elements-6464372251b570317d4c939af853d74d\">O Esp\u00edrito vem do \u201cMundo Espiritual\u201d e nasce em nosso \u201cMundo Material\u201d. Depois de completar sua exist\u00eancia aqui, ele retorna ao \u201cMundo Espiritual\u201d.<\/p>\n<\/div><\/div>","protected":false},"excerpt":{"rendered":"<p>Los muertos son los invisibles, pero no los ausentes En efecto. Pero como quiz\u00e1s Ud. Tenga una idea diferente o un pensamiento equivocado, lo invitamos a reflexionar sobre lo siguiente: Si Ud. Cree en la existencia de Dios Creador de todo lo que existe y fuente de sabidur\u00eda, de bondad y de justicia \u00bfporqu\u00e9 mira [&hellip;]<\/p>","protected":false},"author":1,"featured_media":4007,"parent":0,"menu_order":0,"comment_status":"closed","ping_status":"closed","template":"","meta":{"_uag_custom_page_level_css":"","site-sidebar-layout":"default","site-content-layout":"","ast-site-content-layout":"default","site-content-style":"default","site-sidebar-style":"default","ast-global-header-display":"","ast-banner-title-visibility":"","ast-main-header-display":"","ast-hfb-above-header-display":"","ast-hfb-below-header-display":"","ast-hfb-mobile-header-display":"","site-post-title":"","ast-breadcrumbs-content":"","ast-featured-img":"","footer-sml-layout":"","theme-transparent-header-meta":"","adv-header-id-meta":"","stick-header-meta":"","header-above-stick-meta":"","header-main-stick-meta":"","header-below-stick-meta":"","astra-migrate-meta-layouts":"set","ast-page-background-enabled":"default","ast-page-background-meta":{"desktop":{"background-color":"var(--ast-global-color-4)","background-image":"","background-repeat":"repeat","background-position":"center center","background-size":"auto","background-attachment":"scroll","background-type":"","background-media":"","overlay-type":"","overlay-color":"","overlay-opacity":"","overlay-gradient":""},"tablet":{"background-color":"","background-image":"","background-repeat":"repeat","background-position":"center center","background-size":"auto","background-attachment":"scroll","background-type":"","background-media":"","overlay-type":"","overlay-color":"","overlay-opacity":"","overlay-gradient":""},"mobile":{"background-color":"","background-image":"","background-repeat":"repeat","background-position":"center center","background-size":"auto","background-attachment":"scroll","background-type":"","background-media":"","overlay-type":"","overlay-color":"","overlay-opacity":"","overlay-gradient":""}},"ast-content-background-meta":{"desktop":{"background-color":"var(--ast-global-color-5)","background-image":"","background-repeat":"repeat","background-position":"center center","background-size":"auto","background-attachment":"scroll","background-type":"","background-media":"","overlay-type":"","overlay-color":"","overlay-opacity":"","overlay-gradient":""},"tablet":{"background-color":"var(--ast-global-color-5)","background-image":"","background-repeat":"repeat","background-position":"center center","background-size":"auto","background-attachment":"scroll","background-type":"","background-media":"","overlay-type":"","overlay-color":"","overlay-opacity":"","overlay-gradient":""},"mobile":{"background-color":"var(--ast-global-color-5)","background-image":"","background-repeat":"repeat","background-position":"center center","background-size":"auto","background-attachment":"scroll","background-type":"","background-media":"","overlay-type":"","overlay-color":"","overlay-opacity":"","overlay-gradient":""}},"footnotes":""},"class_list":["post-4003","page","type-page","status-publish","has-post-thumbnail","hentry"],"yoast_head":"<!-- This site is optimized with the Yoast SEO Premium plugin v24.2 (Yoast SEO v24.6) - https:\/\/yoast.com\/wordpress\/plugins\/seo\/ -->\n<title>Los muertos son los invisibles, pero no los ausentes - Uni\u00f3n Esp\u00edrita<\/title>\n<meta name=\"robots\" content=\"index, follow, max-snippet:-1, max-image-preview:large, max-video-preview:-1\" \/>\n<link rel=\"canonical\" href=\"https:\/\/nuevo-renacer.com\/pt\/los-muertos-son-los-invisibles-pero-no-los-ausentes\/\" \/>\n<meta property=\"og:locale\" content=\"pt_BR\" \/>\n<meta property=\"og:type\" content=\"article\" \/>\n<meta property=\"og:title\" content=\"Los muertos son los invisibles, pero no los ausentes\" \/>\n<meta property=\"og:description\" content=\"Los muertos son los invisibles, pero no los ausentes En efecto. Pero como quiz\u00e1s Ud. Tenga una idea diferente o un pensamiento equivocado, lo invitamos a reflexionar sobre lo siguiente: Si Ud. Cree en la existencia de Dios Creador de todo lo que existe y fuente de sabidur\u00eda, de bondad y de justicia \u00bfporqu\u00e9 mira [&hellip;]\" \/>\n<meta property=\"og:url\" content=\"https:\/\/nuevo-renacer.com\/pt\/los-muertos-son-los-invisibles-pero-no-los-ausentes\/\" \/>\n<meta property=\"og:site_name\" content=\"Uni\u00f3n Esp\u00edrita\" \/>\n<meta property=\"article:publisher\" content=\"https:\/\/www.facebook.com\/groups\/3431398063740829\" \/>\n<meta property=\"article:modified_time\" content=\"2024-07-18T07:29:24+00:00\" \/>\n<meta property=\"og:image\" content=\"https:\/\/nuevo-renacer.com\/wp-content\/uploads\/2024\/07\/440889529_7788030851217329_6529675823081718258_n.jpg\" \/>\n\t<meta property=\"og:image:width\" content=\"410\" \/>\n\t<meta property=\"og:image:height\" content=\"410\" \/>\n\t<meta property=\"og:image:type\" content=\"image\/jpeg\" \/>\n<meta name=\"twitter:card\" content=\"summary_large_image\" \/>\n<meta name=\"twitter:label1\" content=\"Est. tempo de leitura\" \/>\n\t<meta name=\"twitter:data1\" content=\"3 minutos\" \/>\n<script type=\"application\/ld+json\" class=\"yoast-schema-graph\">{\"@context\":\"https:\/\/schema.org\",\"@graph\":[{\"@type\":\"WebPage\",\"@id\":\"https:\/\/nuevo-renacer.com\/los-muertos-son-los-invisibles-pero-no-los-ausentes\/\",\"url\":\"https:\/\/nuevo-renacer.com\/los-muertos-son-los-invisibles-pero-no-los-ausentes\/\",\"name\":\"Los muertos son los invisibles, pero no los ausentes - Uni\u00f3n Esp\u00edrita\",\"isPartOf\":{\"@id\":\"https:\/\/nuevo-renacer.com\/#website\"},\"primaryImageOfPage\":{\"@id\":\"https:\/\/nuevo-renacer.com\/los-muertos-son-los-invisibles-pero-no-los-ausentes\/#primaryimage\"},\"image\":{\"@id\":\"https:\/\/nuevo-renacer.com\/los-muertos-son-los-invisibles-pero-no-los-ausentes\/#primaryimage\"},\"thumbnailUrl\":\"https:\/\/nuevo-renacer.com\/wp-content\/uploads\/2024\/07\/440889529_7788030851217329_6529675823081718258_n.jpg\",\"datePublished\":\"2024-07-18T07:26:09+00:00\",\"dateModified\":\"2024-07-18T07:29:24+00:00\",\"breadcrumb\":{\"@id\":\"https:\/\/nuevo-renacer.com\/los-muertos-son-los-invisibles-pero-no-los-ausentes\/#breadcrumb\"},\"inLanguage\":\"pt-BR\",\"potentialAction\":[{\"@type\":\"ReadAction\",\"target\":[\"https:\/\/nuevo-renacer.com\/los-muertos-son-los-invisibles-pero-no-los-ausentes\/\"]}]},{\"@type\":\"ImageObject\",\"inLanguage\":\"pt-BR\",\"@id\":\"https:\/\/nuevo-renacer.com\/los-muertos-son-los-invisibles-pero-no-los-ausentes\/#primaryimage\",\"url\":\"https:\/\/nuevo-renacer.com\/wp-content\/uploads\/2024\/07\/440889529_7788030851217329_6529675823081718258_n.jpg\",\"contentUrl\":\"https:\/\/nuevo-renacer.com\/wp-content\/uploads\/2024\/07\/440889529_7788030851217329_6529675823081718258_n.jpg\",\"width\":410,\"height\":410},{\"@type\":\"BreadcrumbList\",\"@id\":\"https:\/\/nuevo-renacer.com\/los-muertos-son-los-invisibles-pero-no-los-ausentes\/#breadcrumb\",\"itemListElement\":[{\"@type\":\"ListItem\",\"position\":1,\"name\":\"Startseite\",\"item\":\"https:\/\/nuevo-renacer.com\/\"},{\"@type\":\"ListItem\",\"position\":2,\"name\":\"Los muertos son los invisibles, pero no los ausentes\"}]},{\"@type\":\"WebSite\",\"@id\":\"https:\/\/nuevo-renacer.com\/#website\",\"url\":\"https:\/\/nuevo-renacer.com\/\",\"name\":\"Uni\u00f3n Esp\u00edrita\",\"description\":\"Nuevo Renacer\",\"publisher\":{\"@id\":\"https:\/\/nuevo-renacer.com\/#organization\"},\"potentialAction\":[{\"@type\":\"SearchAction\",\"target\":{\"@type\":\"EntryPoint\",\"urlTemplate\":\"https:\/\/nuevo-renacer.com\/?s={search_term_string}\"},\"query-input\":{\"@type\":\"PropertyValueSpecification\",\"valueRequired\":true,\"valueName\":\"search_term_string\"}}],\"inLanguage\":\"pt-BR\"},{\"@type\":\"Organization\",\"@id\":\"https:\/\/nuevo-renacer.com\/#organization\",\"name\":\"UFEC\",\"url\":\"https:\/\/nuevo-renacer.com\/\",\"logo\":{\"@type\":\"ImageObject\",\"inLanguage\":\"pt-BR\",\"@id\":\"https:\/\/nuevo-renacer.com\/#\/schema\/logo\/image\/\",\"url\":\"https:\/\/nuevo-renacer.com\/wp-content\/uploads\/2024\/05\/cropped-LOGO-TERMINADO1-3-3.png\",\"contentUrl\":\"https:\/\/nuevo-renacer.com\/wp-content\/uploads\/2024\/05\/cropped-LOGO-TERMINADO1-3-3.png\",\"width\":512,\"height\":512,\"caption\":\"UFEC\"},\"image\":{\"@id\":\"https:\/\/nuevo-renacer.com\/#\/schema\/logo\/image\/\"},\"sameAs\":[\"https:\/\/www.facebook.com\/groups\/3431398063740829\"]}]}<\/script>\n<!-- \/ Yoast SEO Premium plugin. -->","yoast_head_json":{"title":"Los muertos son los invisibles, pero no los ausentes - Uni\u00f3n Esp\u00edrita","robots":{"index":"index","follow":"follow","max-snippet":"max-snippet:-1","max-image-preview":"max-image-preview:large","max-video-preview":"max-video-preview:-1"},"canonical":"https:\/\/nuevo-renacer.com\/pt\/los-muertos-son-los-invisibles-pero-no-los-ausentes\/","og_locale":"pt_BR","og_type":"article","og_title":"Los muertos son los invisibles, pero no los ausentes","og_description":"Los muertos son los invisibles, pero no los ausentes En efecto. Pero como quiz\u00e1s Ud. Tenga una idea diferente o un pensamiento equivocado, lo invitamos a reflexionar sobre lo siguiente: Si Ud. Cree en la existencia de Dios Creador de todo lo que existe y fuente de sabidur\u00eda, de bondad y de justicia \u00bfporqu\u00e9 mira [&hellip;]","og_url":"https:\/\/nuevo-renacer.com\/pt\/los-muertos-son-los-invisibles-pero-no-los-ausentes\/","og_site_name":"Uni\u00f3n Esp\u00edrita","article_publisher":"https:\/\/www.facebook.com\/groups\/3431398063740829","article_modified_time":"2024-07-18T07:29:24+00:00","og_image":[{"width":410,"height":410,"url":"https:\/\/nuevo-renacer.com\/wp-content\/uploads\/2024\/07\/440889529_7788030851217329_6529675823081718258_n.jpg","type":"image\/jpeg"}],"twitter_card":"summary_large_image","twitter_misc":{"Est. tempo de leitura":"3 minutos"},"schema":{"@context":"https:\/\/schema.org","@graph":[{"@type":"WebPage","@id":"https:\/\/nuevo-renacer.com\/los-muertos-son-los-invisibles-pero-no-los-ausentes\/","url":"https:\/\/nuevo-renacer.com\/los-muertos-son-los-invisibles-pero-no-los-ausentes\/","name":"Los muertos son los invisibles, pero no los ausentes - Uni\u00f3n Esp\u00edrita","isPartOf":{"@id":"https:\/\/nuevo-renacer.com\/#website"},"primaryImageOfPage":{"@id":"https:\/\/nuevo-renacer.com\/los-muertos-son-los-invisibles-pero-no-los-ausentes\/#primaryimage"},"image":{"@id":"https:\/\/nuevo-renacer.com\/los-muertos-son-los-invisibles-pero-no-los-ausentes\/#primaryimage"},"thumbnailUrl":"https:\/\/nuevo-renacer.com\/wp-content\/uploads\/2024\/07\/440889529_7788030851217329_6529675823081718258_n.jpg","datePublished":"2024-07-18T07:26:09+00:00","dateModified":"2024-07-18T07:29:24+00:00","breadcrumb":{"@id":"https:\/\/nuevo-renacer.com\/los-muertos-son-los-invisibles-pero-no-los-ausentes\/#breadcrumb"},"inLanguage":"pt-BR","potentialAction":[{"@type":"ReadAction","target":["https:\/\/nuevo-renacer.com\/los-muertos-son-los-invisibles-pero-no-los-ausentes\/"]}]},{"@type":"ImageObject","inLanguage":"pt-BR","@id":"https:\/\/nuevo-renacer.com\/los-muertos-son-los-invisibles-pero-no-los-ausentes\/#primaryimage","url":"https:\/\/nuevo-renacer.com\/wp-content\/uploads\/2024\/07\/440889529_7788030851217329_6529675823081718258_n.jpg","contentUrl":"https:\/\/nuevo-renacer.com\/wp-content\/uploads\/2024\/07\/440889529_7788030851217329_6529675823081718258_n.jpg","width":410,"height":410},{"@type":"BreadcrumbList","@id":"https:\/\/nuevo-renacer.com\/los-muertos-son-los-invisibles-pero-no-los-ausentes\/#breadcrumb","itemListElement":[{"@type":"ListItem","position":1,"name":"Startseite","item":"https:\/\/nuevo-renacer.com\/"},{"@type":"ListItem","position":2,"name":"Los muertos son los invisibles, pero no los ausentes"}]},{"@type":"WebSite","@id":"https:\/\/nuevo-renacer.com\/#website","url":"https:\/\/nuevo-renacer.com\/","name":"Uni\u00f3n Esp\u00edrita","description":"Nuevo Renacer","publisher":{"@id":"https:\/\/nuevo-renacer.com\/#organization"},"potentialAction":[{"@type":"SearchAction","target":{"@type":"EntryPoint","urlTemplate":"https:\/\/nuevo-renacer.com\/?s={search_term_string}"},"query-input":{"@type":"PropertyValueSpecification","valueRequired":true,"valueName":"search_term_string"}}],"inLanguage":"pt-BR"},{"@type":"Organization","@id":"https:\/\/nuevo-renacer.com\/#organization","name":"UFEC","url":"https:\/\/nuevo-renacer.com\/","logo":{"@type":"ImageObject","inLanguage":"pt-BR","@id":"https:\/\/nuevo-renacer.com\/#\/schema\/logo\/image\/","url":"https:\/\/nuevo-renacer.com\/wp-content\/uploads\/2024\/05\/cropped-LOGO-TERMINADO1-3-3.png","contentUrl":"https:\/\/nuevo-renacer.com\/wp-content\/uploads\/2024\/05\/cropped-LOGO-TERMINADO1-3-3.png","width":512,"height":512,"caption":"UFEC"},"image":{"@id":"https:\/\/nuevo-renacer.com\/#\/schema\/logo\/image\/"},"sameAs":["https:\/\/www.facebook.com\/groups\/3431398063740829"]}]}},"uagb_featured_image_src":{"full":["https:\/\/nuevo-renacer.com\/wp-content\/uploads\/2024\/07\/440889529_7788030851217329_6529675823081718258_n.jpg",410,410,false],"thumbnail":["https:\/\/nuevo-renacer.com\/wp-content\/uploads\/2024\/07\/440889529_7788030851217329_6529675823081718258_n-150x150.jpg",150,150,true],"medium":["https:\/\/nuevo-renacer.com\/wp-content\/uploads\/2024\/07\/440889529_7788030851217329_6529675823081718258_n-300x300.jpg",300,300,true],"medium_large":["https:\/\/nuevo-renacer.com\/wp-content\/uploads\/2024\/07\/440889529_7788030851217329_6529675823081718258_n.jpg",410,410,false],"large":["https:\/\/nuevo-renacer.com\/wp-content\/uploads\/2024\/07\/440889529_7788030851217329_6529675823081718258_n.jpg",410,410,false],"1536x1536":["https:\/\/nuevo-renacer.com\/wp-content\/uploads\/2024\/07\/440889529_7788030851217329_6529675823081718258_n.jpg",410,410,false],"2048x2048":["https:\/\/nuevo-renacer.com\/wp-content\/uploads\/2024\/07\/440889529_7788030851217329_6529675823081718258_n.jpg",410,410,false],"trp-custom-language-flag":["https:\/\/nuevo-renacer.com\/wp-content\/uploads\/2024\/07\/440889529_7788030851217329_6529675823081718258_n-12x12.jpg",12,12,true]},"uagb_author_info":{"display_name":"adbv0","author_link":"https:\/\/nuevo-renacer.com\/pt\/author\/adbv0\/"},"uagb_comment_info":0,"uagb_excerpt":"Los muertos son los invisibles, pero no los ausentes En efecto. Pero como quiz\u00e1s Ud. Tenga una idea diferente o un pensamiento equivocado, lo invitamos a reflexionar sobre lo siguiente: Si Ud. Cree en la existencia de Dios Creador de todo lo que existe y fuente de sabidur\u00eda, de bondad y de justicia \u00bfporqu\u00e9 mira&hellip;","jetpack_sharing_enabled":true,"_links":{"self":[{"href":"https:\/\/nuevo-renacer.com\/pt\/wp-json\/wp\/v2\/pages\/4003","targetHints":{"allow":["GET"]}}],"collection":[{"href":"https:\/\/nuevo-renacer.com\/pt\/wp-json\/wp\/v2\/pages"}],"about":[{"href":"https:\/\/nuevo-renacer.com\/pt\/wp-json\/wp\/v2\/types\/page"}],"author":[{"embeddable":true,"href":"https:\/\/nuevo-renacer.com\/pt\/wp-json\/wp\/v2\/users\/1"}],"replies":[{"embeddable":true,"href":"https:\/\/nuevo-renacer.com\/pt\/wp-json\/wp\/v2\/comments?post=4003"}],"version-history":[{"count":5,"href":"https:\/\/nuevo-renacer.com\/pt\/wp-json\/wp\/v2\/pages\/4003\/revisions"}],"predecessor-version":[{"id":4009,"href":"https:\/\/nuevo-renacer.com\/pt\/wp-json\/wp\/v2\/pages\/4003\/revisions\/4009"}],"wp:featuredmedia":[{"embeddable":true,"href":"https:\/\/nuevo-renacer.com\/pt\/wp-json\/wp\/v2\/media\/4007"}],"wp:attachment":[{"href":"https:\/\/nuevo-renacer.com\/pt\/wp-json\/wp\/v2\/media?parent=4003"}],"curies":[{"name":"wp","href":"https:\/\/api.w.org\/{rel}","templated":true}]}}