{"id":3994,"date":"2024-07-18T06:52:54","date_gmt":"2024-07-18T06:52:54","guid":{"rendered":"https:\/\/ufec-mundial.com\/?page_id=3994"},"modified":"2024-07-18T07:57:59","modified_gmt":"2024-07-18T07:57:59","slug":"libre-albedrio","status":"publish","type":"page","link":"https:\/\/nuevo-renacer.com\/pt\/libre-albedrio\/","title":{"rendered":"Livre arb\u00edtrio"},"content":{"rendered":"<div class=\"wp-block-uagb-container uagb-block-35c4ef19 alignfull uagb-is-root-container\"><div class=\"uagb-container-inner-blocks-wrap\">\n<p class=\"has-black-color has-text-color has-link-color has-medium-font-size wp-elements-e59aefe511fc8ad8253bf0c46e4d5cf1\"><strong>Livre arb\u00edtrio<\/strong><\/p>\n<\/div><\/div>\n\n\n\n<div class=\"wp-block-uagb-container uagb-block-a7e8c91f alignfull uagb-is-root-container\"><div class=\"uagb-container-inner-blocks-wrap\">\n<figure class=\"wp-block-image size-full is-resized\"><img fetchpriority=\"high\" decoding=\"async\" width=\"800\" height=\"533\" src=\"https:\/\/ufec-mundial.com\/wp-content\/uploads\/2024\/07\/432507314_7588096671210749_3919689605892319500_n.jpg\" alt=\"\" class=\"wp-image-3995\" style=\"width:458px;height:auto\" srcset=\"https:\/\/nuevo-renacer.com\/wp-content\/uploads\/2024\/07\/432507314_7588096671210749_3919689605892319500_n.jpg 800w, https:\/\/nuevo-renacer.com\/wp-content\/uploads\/2024\/07\/432507314_7588096671210749_3919689605892319500_n-300x200.jpg 300w, https:\/\/nuevo-renacer.com\/wp-content\/uploads\/2024\/07\/432507314_7588096671210749_3919689605892319500_n-768x512.jpg 768w, https:\/\/nuevo-renacer.com\/wp-content\/uploads\/2024\/07\/432507314_7588096671210749_3919689605892319500_n-18x12.jpg 18w\" sizes=\"(max-width: 800px) 100vw, 800px\" \/><\/figure>\n<\/div><\/div>\n\n\n\n<div class=\"wp-block-uagb-container uagb-block-3d51dddc alignfull uagb-is-root-container\"><div class=\"uagb-container-inner-blocks-wrap\">\n<p class=\"has-black-color has-text-color has-link-color has-small-font-size wp-elements-40d2f0be66aa7bd7056a5a6b7d4da4eb\"><strong>El hombre, \u00bftiene el libre albedr\u00edo de sus actos?<\/strong><\/p>\n\n\n\n<p class=\"has-black-color has-text-color has-link-color has-small-font-size wp-elements-288ff4e5d1becada27264f5705c983a7\">\u201cDado que tiene la libertad de pensar, tiene la de obrar. Sin libre albedr\u00edo, el hombre ser\u00eda una m\u00e1quina.\u201d<\/p>\n\n\n\n<p class=\"has-black-color has-text-color has-link-color has-small-font-size wp-elements-27907a812b9e22c739e782a7454fd06c\"><strong>El hombre, \u00bfgoza de libre albedr\u00edo desde el nacimiento?<\/strong><\/p>\n\n\n\n<p class=\"has-black-color has-text-color has-link-color has-small-font-size wp-elements-0d239ea82ec8e6470545c992a7213c31\">\u201cTiene la libertad de obrar tan pronto como tiene voluntad de hacer. En las primeras etapas de la vida, la libertad es casi nula. Se desarrolla y cambia de objeto junto con las facultades. Dado que el ni\u00f1o tiene pensamientos acordes con las necesidades propias de su edad, aplica su libre albedr\u00edo a las cosas que necesita.\u201d<\/p>\n\n\n\n<p class=\"has-black-color has-text-color has-link-color has-small-font-size wp-elements-d484506bfe77d0f1e70dc064e65e1037\"><strong>Las predisposiciones instintivas que el hombre trae al nacer, \u00bfno son un obst\u00e1culo para el ejercicio del libre albedr\u00edo?<\/strong><\/p>\n\n\n\n<p class=\"has-black-color has-text-color has-link-color has-small-font-size wp-elements-d1eca96f507e8830dbb1439b94b57f7a\">\u201cLas predisposiciones instintivas son las del Esp\u00edritu antes de su encarnaci\u00f3n. Seg\u00fan sea \u00e9l m\u00e1s o menos adelantado, pueden incitarlo a cometer actos reprensibles, y en eso ser\u00e1 secundado por los Esp\u00edritus que simpatizan con esas disposiciones. Sin embargo, no hay incitaci\u00f3n que sea irresistible cuando se tiene la voluntad de resistir. Recordad que querer es poder.\u201d<\/p>\n\n\n\n<p class=\"has-black-color has-text-color has-link-color has-small-font-size wp-elements-749c919631b845b1d70817429cb4996a\"><strong>La organizaci\u00f3n, \u00bfinfluye en los actos de la vida? Si ejerce una influencia, \u00bflo hace a expensas del libre albedr\u00edo?<\/strong><\/p>\n\n\n\n<p class=\"has-black-color has-text-color has-link-color has-small-font-size wp-elements-a773536fbe720fe32b31b0bb06acd524\">\u201cNo cabe duda de que la materia ejerce una influencia en el Esp\u00edritu y puede obstaculizar sus manifestaciones. Por eso, en los mundos donde los cuerpos son menos materiales que en la Tierra, las facultades se desarrollan con mayor libertad. Con todo, el instrumento no confiere la facultad. Por lo dem\u00e1s, aqu\u00ed es preciso distinguir las facultades morales de las intelectuales. Si un hombre tiene un instinto homicida, con toda seguridad es su propio Esp\u00edritu el que lo posee y el que se lo confiere, pero no sus \u00f3rganos. Aquel que anula su pensamiento para ocuparse s\u00f3lo de la materia, se vuelve semejante al animal, y peor a\u00fan, porque ya no piensa en precaverse contra el mal, y en esto comete una falta, puesto que obra as\u00ed por su voluntad.\u201d<\/p>\n\n\n\n<p class=\"has-black-color has-text-color has-link-color has-small-font-size wp-elements-c99719f7b0bc80f941ade6b91869858c\"><strong>La perturbaci\u00f3n de las facultades, \u00bfquita al hombre el libre albedr\u00edo?<\/strong><\/p>\n\n\n\n<p class=\"has-black-color has-text-color has-link-color has-small-font-size wp-elements-69d97cfc79f03ca3a1ec05358bfa182d\">\u201cAquel cuya inteligencia se encuentra perturbada por alguna causa, ya no es due\u00f1o de su pensamiento y, por consiguiente, no tiene libertad. Esa perturbaci\u00f3n suele ser un castigo para el Esp\u00edritu, que en una existencia anterior ha sido vano y orgulloso, y emple\u00f3 mal sus facultades. Entonces podr\u00e1 renacer en el cuerpo de un idiota, as\u00ed como el d\u00e9spota en el de un esclavo y el mal rico en el de un mendigo. No obstante, el Esp\u00edritu sufre con esa coacci\u00f3n, de la que tiene perfecta conciencia. En eso radica la acci\u00f3n de la materia.\u201d<\/p>\n\n\n\n<p class=\"has-black-color has-text-color has-link-color has-small-font-size wp-elements-df0d276b85c614414c25e16f60c03821\"><strong>La perturbaci\u00f3n de las facultades intelectuales a causa de la embriaguez, \u00bfexcusa los actos reprensibles?<\/strong><\/p>\n\n\n\n<p class=\"has-black-color has-text-color has-link-color has-small-font-size wp-elements-00fb3e0bce02ce44406f45db2de978e5\">\u201cNo, porque el ebrio se ha privado voluntariamente de la raz\u00f3n para satisfacer pasiones brutales. En vez de una falta, comete dos.\u201d<\/p>\n\n\n\n<p class=\"has-black-color has-text-color has-link-color has-small-font-size wp-elements-f20aac39d779dd45b1c4429d832a0488\"><strong>En el hombre en estado salvaje, \u00bfcu\u00e1l es la facultad dominante: el instinto o el libre albedr\u00edo?<\/strong><\/p>\n\n\n\n<p class=\"has-black-color has-text-color has-link-color has-small-font-size wp-elements-7e55147080baf9bd6e6e70dc32a4c8c8\">\u201cEl instinto, lo que no le impide que obre con completa libertad en algunas cosas. Con todo, as\u00ed como el ni\u00f1o, aplica esa libertad a sus necesidades, y ella se desarrolla con la inteligencia. Por consiguiente, t\u00fa, que eres m\u00e1s instruido que un salvaje, eres tambi\u00e9n m\u00e1s responsable que \u00e9l por lo que haces.\u201d<\/p>\n\n\n\n<p class=\"has-black-color has-text-color has-link-color has-small-font-size wp-elements-a45458c9ba749929687fd7d26124cc69\"><strong>La posici\u00f3n social, \u00bfno es a veces un obst\u00e1culo para la completa libertad de acci\u00f3n?<\/strong><\/p>\n\n\n\n<p class=\"has-black-color has-text-color has-link-color has-small-font-size wp-elements-36555ef5064cdddc8138bd1e19aaaac2\">\u201cEl mundo tiene, sin duda, sus exigencias. Dios es justo: toma en cuenta todo, pero os deja la responsabilidad de los escasos esfuerzos que hac\u00e9is para superar los obst\u00e1culos.\u201d<\/p>\n<\/div><\/div>","protected":false},"excerpt":{"rendered":"<p>Libre albedr\u00edo El hombre, \u00bftiene el libre albedr\u00edo de sus actos? \u201cDado que tiene la libertad de pensar, tiene la de obrar. Sin libre albedr\u00edo, el hombre ser\u00eda una m\u00e1quina.\u201d El hombre, \u00bfgoza de libre albedr\u00edo desde el nacimiento? \u201cTiene la libertad de obrar tan pronto como tiene voluntad de hacer. En las primeras etapas [&hellip;]<\/p>","protected":false},"author":1,"featured_media":3995,"parent":0,"menu_order":0,"comment_status":"closed","ping_status":"closed","template":"","meta":{"_uag_custom_page_level_css":"","site-sidebar-layout":"default","site-content-layout":"","ast-site-content-layout":"default","site-content-style":"default","site-sidebar-style":"default","ast-global-header-display":"","ast-banner-title-visibility":"","ast-main-header-display":"","ast-hfb-above-header-display":"","ast-hfb-below-header-display":"","ast-hfb-mobile-header-display":"","site-post-title":"","ast-breadcrumbs-content":"","ast-featured-img":"","footer-sml-layout":"","theme-transparent-header-meta":"","adv-header-id-meta":"","stick-header-meta":"","header-above-stick-meta":"","header-main-stick-meta":"","header-below-stick-meta":"","astra-migrate-meta-layouts":"set","ast-page-background-enabled":"default","ast-page-background-meta":{"desktop":{"background-color":"var(--ast-global-color-4)","background-image":"","background-repeat":"repeat","background-position":"center center","background-size":"auto","background-attachment":"scroll","background-type":"","background-media":"","overlay-type":"","overlay-color":"","overlay-opacity":"","overlay-gradient":""},"tablet":{"background-color":"","background-image":"","background-repeat":"repeat","background-position":"center center","background-size":"auto","background-attachment":"scroll","background-type":"","background-media":"","overlay-type":"","overlay-color":"","overlay-opacity":"","overlay-gradient":""},"mobile":{"background-color":"","background-image":"","background-repeat":"repeat","background-position":"center center","background-size":"auto","background-attachment":"scroll","background-type":"","background-media":"","overlay-type":"","overlay-color":"","overlay-opacity":"","overlay-gradient":""}},"ast-content-background-meta":{"desktop":{"background-color":"var(--ast-global-color-5)","background-image":"","background-repeat":"repeat","background-position":"center center","background-size":"auto","background-attachment":"scroll","background-type":"","background-media":"","overlay-type":"","overlay-color":"","overlay-opacity":"","overlay-gradient":""},"tablet":{"background-color":"var(--ast-global-color-5)","background-image":"","background-repeat":"repeat","background-position":"center center","background-size":"auto","background-attachment":"scroll","background-type":"","background-media":"","overlay-type":"","overlay-color":"","overlay-opacity":"","overlay-gradient":""},"mobile":{"background-color":"var(--ast-global-color-5)","background-image":"","background-repeat":"repeat","background-position":"center center","background-size":"auto","background-attachment":"scroll","background-type":"","background-media":"","overlay-type":"","overlay-color":"","overlay-opacity":"","overlay-gradient":""}},"footnotes":""},"class_list":["post-3994","page","type-page","status-publish","has-post-thumbnail","hentry"],"yoast_head":"<!-- This site is optimized with the Yoast SEO Premium plugin v24.2 (Yoast SEO v24.6) - https:\/\/yoast.com\/wordpress\/plugins\/seo\/ -->\n<title>Libre albedr\u00edo - Uni\u00f3n Esp\u00edrita<\/title>\n<meta name=\"robots\" content=\"index, follow, max-snippet:-1, max-image-preview:large, max-video-preview:-1\" \/>\n<link rel=\"canonical\" href=\"https:\/\/nuevo-renacer.com\/pt\/libre-albedrio\/\" \/>\n<meta property=\"og:locale\" content=\"pt_BR\" \/>\n<meta property=\"og:type\" content=\"article\" \/>\n<meta property=\"og:title\" content=\"Libre albedr\u00edo\" \/>\n<meta property=\"og:description\" content=\"Libre albedr\u00edo El hombre, \u00bftiene el libre albedr\u00edo de sus actos? \u201cDado que tiene la libertad de pensar, tiene la de obrar. Sin libre albedr\u00edo, el hombre ser\u00eda una m\u00e1quina.\u201d El hombre, \u00bfgoza de libre albedr\u00edo desde el nacimiento? \u201cTiene la libertad de obrar tan pronto como tiene voluntad de hacer. En las primeras etapas [&hellip;]\" \/>\n<meta property=\"og:url\" content=\"https:\/\/nuevo-renacer.com\/pt\/libre-albedrio\/\" \/>\n<meta property=\"og:site_name\" content=\"Uni\u00f3n Esp\u00edrita\" \/>\n<meta property=\"article:publisher\" content=\"https:\/\/www.facebook.com\/groups\/3431398063740829\" \/>\n<meta property=\"article:modified_time\" content=\"2024-07-18T07:57:59+00:00\" \/>\n<meta property=\"og:image\" content=\"https:\/\/nuevo-renacer.com\/wp-content\/uploads\/2024\/07\/432507314_7588096671210749_3919689605892319500_n.jpg\" \/>\n\t<meta property=\"og:image:width\" content=\"800\" \/>\n\t<meta property=\"og:image:height\" content=\"533\" \/>\n\t<meta property=\"og:image:type\" content=\"image\/jpeg\" \/>\n<meta name=\"twitter:card\" content=\"summary_large_image\" \/>\n<meta name=\"twitter:label1\" content=\"Est. tempo de leitura\" \/>\n\t<meta name=\"twitter:data1\" content=\"3 minutos\" \/>\n<script type=\"application\/ld+json\" class=\"yoast-schema-graph\">{\"@context\":\"https:\/\/schema.org\",\"@graph\":[{\"@type\":\"WebPage\",\"@id\":\"https:\/\/nuevo-renacer.com\/libre-albedrio\/\",\"url\":\"https:\/\/nuevo-renacer.com\/libre-albedrio\/\",\"name\":\"Libre albedr\u00edo - Uni\u00f3n Esp\u00edrita\",\"isPartOf\":{\"@id\":\"https:\/\/nuevo-renacer.com\/#website\"},\"primaryImageOfPage\":{\"@id\":\"https:\/\/nuevo-renacer.com\/libre-albedrio\/#primaryimage\"},\"image\":{\"@id\":\"https:\/\/nuevo-renacer.com\/libre-albedrio\/#primaryimage\"},\"thumbnailUrl\":\"https:\/\/nuevo-renacer.com\/wp-content\/uploads\/2024\/07\/432507314_7588096671210749_3919689605892319500_n.jpg\",\"datePublished\":\"2024-07-18T06:52:54+00:00\",\"dateModified\":\"2024-07-18T07:57:59+00:00\",\"breadcrumb\":{\"@id\":\"https:\/\/nuevo-renacer.com\/libre-albedrio\/#breadcrumb\"},\"inLanguage\":\"pt-BR\",\"potentialAction\":[{\"@type\":\"ReadAction\",\"target\":[\"https:\/\/nuevo-renacer.com\/libre-albedrio\/\"]}]},{\"@type\":\"ImageObject\",\"inLanguage\":\"pt-BR\",\"@id\":\"https:\/\/nuevo-renacer.com\/libre-albedrio\/#primaryimage\",\"url\":\"https:\/\/nuevo-renacer.com\/wp-content\/uploads\/2024\/07\/432507314_7588096671210749_3919689605892319500_n.jpg\",\"contentUrl\":\"https:\/\/nuevo-renacer.com\/wp-content\/uploads\/2024\/07\/432507314_7588096671210749_3919689605892319500_n.jpg\",\"width\":800,\"height\":533},{\"@type\":\"BreadcrumbList\",\"@id\":\"https:\/\/nuevo-renacer.com\/libre-albedrio\/#breadcrumb\",\"itemListElement\":[{\"@type\":\"ListItem\",\"position\":1,\"name\":\"Startseite\",\"item\":\"https:\/\/nuevo-renacer.com\/\"},{\"@type\":\"ListItem\",\"position\":2,\"name\":\"Libre albedr\u00edo\"}]},{\"@type\":\"WebSite\",\"@id\":\"https:\/\/nuevo-renacer.com\/#website\",\"url\":\"https:\/\/nuevo-renacer.com\/\",\"name\":\"Uni\u00f3n Esp\u00edrita\",\"description\":\"Nuevo Renacer\",\"publisher\":{\"@id\":\"https:\/\/nuevo-renacer.com\/#organization\"},\"potentialAction\":[{\"@type\":\"SearchAction\",\"target\":{\"@type\":\"EntryPoint\",\"urlTemplate\":\"https:\/\/nuevo-renacer.com\/?s={search_term_string}\"},\"query-input\":{\"@type\":\"PropertyValueSpecification\",\"valueRequired\":true,\"valueName\":\"search_term_string\"}}],\"inLanguage\":\"pt-BR\"},{\"@type\":\"Organization\",\"@id\":\"https:\/\/nuevo-renacer.com\/#organization\",\"name\":\"UFEC\",\"url\":\"https:\/\/nuevo-renacer.com\/\",\"logo\":{\"@type\":\"ImageObject\",\"inLanguage\":\"pt-BR\",\"@id\":\"https:\/\/nuevo-renacer.com\/#\/schema\/logo\/image\/\",\"url\":\"https:\/\/nuevo-renacer.com\/wp-content\/uploads\/2024\/05\/cropped-LOGO-TERMINADO1-3-3.png\",\"contentUrl\":\"https:\/\/nuevo-renacer.com\/wp-content\/uploads\/2024\/05\/cropped-LOGO-TERMINADO1-3-3.png\",\"width\":512,\"height\":512,\"caption\":\"UFEC\"},\"image\":{\"@id\":\"https:\/\/nuevo-renacer.com\/#\/schema\/logo\/image\/\"},\"sameAs\":[\"https:\/\/www.facebook.com\/groups\/3431398063740829\"]}]}<\/script>\n<!-- \/ Yoast SEO Premium plugin. -->","yoast_head_json":{"title":"Libre albedr\u00edo - Uni\u00f3n Esp\u00edrita","robots":{"index":"index","follow":"follow","max-snippet":"max-snippet:-1","max-image-preview":"max-image-preview:large","max-video-preview":"max-video-preview:-1"},"canonical":"https:\/\/nuevo-renacer.com\/pt\/libre-albedrio\/","og_locale":"pt_BR","og_type":"article","og_title":"Libre albedr\u00edo","og_description":"Libre albedr\u00edo El hombre, \u00bftiene el libre albedr\u00edo de sus actos? \u201cDado que tiene la libertad de pensar, tiene la de obrar. Sin libre albedr\u00edo, el hombre ser\u00eda una m\u00e1quina.\u201d El hombre, \u00bfgoza de libre albedr\u00edo desde el nacimiento? \u201cTiene la libertad de obrar tan pronto como tiene voluntad de hacer. En las primeras etapas [&hellip;]","og_url":"https:\/\/nuevo-renacer.com\/pt\/libre-albedrio\/","og_site_name":"Uni\u00f3n Esp\u00edrita","article_publisher":"https:\/\/www.facebook.com\/groups\/3431398063740829","article_modified_time":"2024-07-18T07:57:59+00:00","og_image":[{"width":800,"height":533,"url":"https:\/\/nuevo-renacer.com\/wp-content\/uploads\/2024\/07\/432507314_7588096671210749_3919689605892319500_n.jpg","type":"image\/jpeg"}],"twitter_card":"summary_large_image","twitter_misc":{"Est. tempo de leitura":"3 minutos"},"schema":{"@context":"https:\/\/schema.org","@graph":[{"@type":"WebPage","@id":"https:\/\/nuevo-renacer.com\/libre-albedrio\/","url":"https:\/\/nuevo-renacer.com\/libre-albedrio\/","name":"Libre albedr\u00edo - Uni\u00f3n Esp\u00edrita","isPartOf":{"@id":"https:\/\/nuevo-renacer.com\/#website"},"primaryImageOfPage":{"@id":"https:\/\/nuevo-renacer.com\/libre-albedrio\/#primaryimage"},"image":{"@id":"https:\/\/nuevo-renacer.com\/libre-albedrio\/#primaryimage"},"thumbnailUrl":"https:\/\/nuevo-renacer.com\/wp-content\/uploads\/2024\/07\/432507314_7588096671210749_3919689605892319500_n.jpg","datePublished":"2024-07-18T06:52:54+00:00","dateModified":"2024-07-18T07:57:59+00:00","breadcrumb":{"@id":"https:\/\/nuevo-renacer.com\/libre-albedrio\/#breadcrumb"},"inLanguage":"pt-BR","potentialAction":[{"@type":"ReadAction","target":["https:\/\/nuevo-renacer.com\/libre-albedrio\/"]}]},{"@type":"ImageObject","inLanguage":"pt-BR","@id":"https:\/\/nuevo-renacer.com\/libre-albedrio\/#primaryimage","url":"https:\/\/nuevo-renacer.com\/wp-content\/uploads\/2024\/07\/432507314_7588096671210749_3919689605892319500_n.jpg","contentUrl":"https:\/\/nuevo-renacer.com\/wp-content\/uploads\/2024\/07\/432507314_7588096671210749_3919689605892319500_n.jpg","width":800,"height":533},{"@type":"BreadcrumbList","@id":"https:\/\/nuevo-renacer.com\/libre-albedrio\/#breadcrumb","itemListElement":[{"@type":"ListItem","position":1,"name":"Startseite","item":"https:\/\/nuevo-renacer.com\/"},{"@type":"ListItem","position":2,"name":"Libre albedr\u00edo"}]},{"@type":"WebSite","@id":"https:\/\/nuevo-renacer.com\/#website","url":"https:\/\/nuevo-renacer.com\/","name":"Uni\u00f3n Esp\u00edrita","description":"Nuevo Renacer","publisher":{"@id":"https:\/\/nuevo-renacer.com\/#organization"},"potentialAction":[{"@type":"SearchAction","target":{"@type":"EntryPoint","urlTemplate":"https:\/\/nuevo-renacer.com\/?s={search_term_string}"},"query-input":{"@type":"PropertyValueSpecification","valueRequired":true,"valueName":"search_term_string"}}],"inLanguage":"pt-BR"},{"@type":"Organization","@id":"https:\/\/nuevo-renacer.com\/#organization","name":"UFEC","url":"https:\/\/nuevo-renacer.com\/","logo":{"@type":"ImageObject","inLanguage":"pt-BR","@id":"https:\/\/nuevo-renacer.com\/#\/schema\/logo\/image\/","url":"https:\/\/nuevo-renacer.com\/wp-content\/uploads\/2024\/05\/cropped-LOGO-TERMINADO1-3-3.png","contentUrl":"https:\/\/nuevo-renacer.com\/wp-content\/uploads\/2024\/05\/cropped-LOGO-TERMINADO1-3-3.png","width":512,"height":512,"caption":"UFEC"},"image":{"@id":"https:\/\/nuevo-renacer.com\/#\/schema\/logo\/image\/"},"sameAs":["https:\/\/www.facebook.com\/groups\/3431398063740829"]}]}},"uagb_featured_image_src":{"full":["https:\/\/nuevo-renacer.com\/wp-content\/uploads\/2024\/07\/432507314_7588096671210749_3919689605892319500_n.jpg",800,533,false],"thumbnail":["https:\/\/nuevo-renacer.com\/wp-content\/uploads\/2024\/07\/432507314_7588096671210749_3919689605892319500_n-150x150.jpg",150,150,true],"medium":["https:\/\/nuevo-renacer.com\/wp-content\/uploads\/2024\/07\/432507314_7588096671210749_3919689605892319500_n-300x200.jpg",300,200,true],"medium_large":["https:\/\/nuevo-renacer.com\/wp-content\/uploads\/2024\/07\/432507314_7588096671210749_3919689605892319500_n-768x512.jpg",768,512,true],"large":["https:\/\/nuevo-renacer.com\/wp-content\/uploads\/2024\/07\/432507314_7588096671210749_3919689605892319500_n.jpg",800,533,false],"1536x1536":["https:\/\/nuevo-renacer.com\/wp-content\/uploads\/2024\/07\/432507314_7588096671210749_3919689605892319500_n.jpg",800,533,false],"2048x2048":["https:\/\/nuevo-renacer.com\/wp-content\/uploads\/2024\/07\/432507314_7588096671210749_3919689605892319500_n.jpg",800,533,false],"trp-custom-language-flag":["https:\/\/nuevo-renacer.com\/wp-content\/uploads\/2024\/07\/432507314_7588096671210749_3919689605892319500_n-18x12.jpg",18,12,true]},"uagb_author_info":{"display_name":"adbv0","author_link":"https:\/\/nuevo-renacer.com\/pt\/author\/adbv0\/"},"uagb_comment_info":0,"uagb_excerpt":"Libre albedr\u00edo El hombre, \u00bftiene el libre albedr\u00edo de sus actos? \u201cDado que tiene la libertad de pensar, tiene la de obrar. Sin libre albedr\u00edo, el hombre ser\u00eda una m\u00e1quina.\u201d El hombre, \u00bfgoza de libre albedr\u00edo desde el nacimiento? \u201cTiene la libertad de obrar tan pronto como tiene voluntad de hacer. En las primeras etapas&hellip;","jetpack_sharing_enabled":true,"_links":{"self":[{"href":"https:\/\/nuevo-renacer.com\/pt\/wp-json\/wp\/v2\/pages\/3994","targetHints":{"allow":["GET"]}}],"collection":[{"href":"https:\/\/nuevo-renacer.com\/pt\/wp-json\/wp\/v2\/pages"}],"about":[{"href":"https:\/\/nuevo-renacer.com\/pt\/wp-json\/wp\/v2\/types\/page"}],"author":[{"embeddable":true,"href":"https:\/\/nuevo-renacer.com\/pt\/wp-json\/wp\/v2\/users\/1"}],"replies":[{"embeddable":true,"href":"https:\/\/nuevo-renacer.com\/pt\/wp-json\/wp\/v2\/comments?post=3994"}],"version-history":[{"count":2,"href":"https:\/\/nuevo-renacer.com\/pt\/wp-json\/wp\/v2\/pages\/3994\/revisions"}],"predecessor-version":[{"id":4013,"href":"https:\/\/nuevo-renacer.com\/pt\/wp-json\/wp\/v2\/pages\/3994\/revisions\/4013"}],"wp:featuredmedia":[{"embeddable":true,"href":"https:\/\/nuevo-renacer.com\/pt\/wp-json\/wp\/v2\/media\/3995"}],"wp:attachment":[{"href":"https:\/\/nuevo-renacer.com\/pt\/wp-json\/wp\/v2\/media?parent=3994"}],"curies":[{"name":"wp","href":"https:\/\/api.w.org\/{rel}","templated":true}]}}