{"id":3980,"date":"2024-07-18T06:14:01","date_gmt":"2024-07-18T06:14:01","guid":{"rendered":"https:\/\/ufec-mundial.com\/?page_id=3980"},"modified":"2024-07-18T06:15:53","modified_gmt":"2024-07-18T06:15:53","slug":"por-que-no-recordamos-nuestras-vidas-pasadas","status":"publish","type":"page","link":"https:\/\/nuevo-renacer.com\/pt\/por-que-no-recordamos-nuestras-vidas-pasadas\/","title":{"rendered":"Por que n\u00e3o nos lembramos de nossas vidas passadas?"},"content":{"rendered":"<div class=\"wp-block-uagb-container uagb-block-ec69ee4d alignfull uagb-is-root-container\"><div class=\"uagb-container-inner-blocks-wrap\">\n<p class=\"has-black-color has-text-color has-link-color has-medium-font-size wp-elements-ebf775aa2bb44041f3b2fc4939ba54f3\"><strong>Por que n\u00e3o nos lembramos de nossas vidas passadas?<\/strong><\/p>\n<\/div><\/div>\n\n\n\n<div class=\"wp-block-uagb-container uagb-block-4ed2f70d alignfull uagb-is-root-container\"><div class=\"uagb-container-inner-blocks-wrap\">\n<figure class=\"wp-block-image size-full is-resized\"><img fetchpriority=\"high\" decoding=\"async\" width=\"736\" height=\"414\" src=\"https:\/\/ufec-mundial.com\/wp-content\/uploads\/2024\/07\/7ef8dfc8471d1481b1a578e723d75237.jpg\" alt=\"\" class=\"wp-image-3983\" style=\"width:489px;height:auto\" srcset=\"https:\/\/nuevo-renacer.com\/wp-content\/uploads\/2024\/07\/7ef8dfc8471d1481b1a578e723d75237.jpg 736w, https:\/\/nuevo-renacer.com\/wp-content\/uploads\/2024\/07\/7ef8dfc8471d1481b1a578e723d75237-300x169.jpg 300w, https:\/\/nuevo-renacer.com\/wp-content\/uploads\/2024\/07\/7ef8dfc8471d1481b1a578e723d75237-18x10.jpg 18w\" sizes=\"(max-width: 736px) 100vw, 736px\" \/><\/figure>\n<\/div><\/div>\n\n\n\n<div class=\"wp-block-uagb-container uagb-block-d0588c2a alignfull uagb-is-root-container\"><div class=\"uagb-container-inner-blocks-wrap\">\n<p class=\"has-black-color has-text-color has-link-color has-small-font-size wp-elements-ee3da2df5ddcef638fd6035cc9b1ad7a\">N\u00e3o nos lembramos de vidas passadas, e \u00e9 a\u00ed que reside a sabedoria de Deus. Se nos lembr\u00e1ssemos do mal que fizemos aos outros, ou do sofrimento pelo qual passamos, dos inimigos que nos prejudicaram ou a quem prejudicamos, n\u00e3o poder\u00edamos viver entre eles hoje. Pois muitas vezes os inimigos do passado s\u00e3o hoje nossos filhos, nossos irm\u00e3os, nossos pais, nossos amigos que agora est\u00e3o conosco para se reconciliarem conosco.<\/p>\n\n\n\n<p class=\"has-black-color has-text-color has-link-color has-small-font-size wp-elements-d6bd17873322338018e2d6a23e59eb21\">\u00c9 por isso que a reencarna\u00e7\u00e3o existe. Certamente, hoje corrigimos erros que cometemos em rela\u00e7\u00e3o a algu\u00e9m, sofremos as consequ\u00eancias de crimes cometidos ou at\u00e9 mesmo recebemos apoio daqueles que nos magoaram no passado. Da\u00ed a import\u00e2ncia da fam\u00edlia, onde os la\u00e7os rompidos em vidas anteriores s\u00e3o frequentemente renovados.<\/p>\n\n\n\n<p class=\"has-black-color has-text-color has-link-color has-small-font-size wp-elements-878223caa3dcdb46ca47601ba18c156c\">A reencarna\u00e7\u00e3o \u00e9, portanto, uma oportunidade de fazer as pazes, mas tamb\u00e9m de trabalhar para o bem dos outros e acelerar nosso desenvolvimento espiritual. Quando reencarnamos, trazemos conosco um \u201cplano de vida\u201d, compromissos com a espiritualidade e com n\u00f3s mesmos para reparar erros e fazer o m\u00e1ximo de bem poss\u00edvel.<\/p>\n\n\n\n<p class=\"has-black-color has-text-color has-link-color has-small-font-size wp-elements-47ea142ebb6f99a34d719d3f66e00e67\">\u201cQuando as prova\u00e7\u00f5es o afligirem, que Deus lhe d\u00ea paz. Quando o cansa\u00e7o pesar sobre voc\u00ea, que Deus o mantenha em paz. Quando voc\u00ea n\u00e3o tiver esperan\u00e7a, que Deus lhe d\u00ea paz. Quando algu\u00e9m o ofender ou ferir, que Deus o renove em paz. Sobre a escurid\u00e3o da noite, que o c\u00e9u brilhe em paz. Ame, sirva e confie.\u201d<\/p>\n\n\n\n<p class=\"has-black-color has-text-color has-link-color has-small-font-size wp-elements-c111c422733b8bbfd19dfef998ada031\">Que Deus o mantenha em paz.<\/p>\n\n\n\n<p class=\"has-black-color has-text-color has-link-color has-small-font-size wp-elements-9b4d20ce254e201ba920d42ab0a116df\"><em>Esp\u00edrito Emanuel<\/em><\/p>\n<\/div><\/div>","protected":false},"excerpt":{"rendered":"<p>\u00bfPor qu\u00e9 no recordamos nuestras vidas pasadas? No recordamos las vidas pasadas, y ah\u00ed reside la sabidur\u00eda de Dios. Si record\u00e1ramos el mal que hemos hecho a los dem\u00e1s, o el sufrimiento por el que hemos pasado, los enemigos que nos han hecho da\u00f1o o a los que hemos hecho da\u00f1o, hoy no podr\u00edamos vivir [&hellip;]<\/p>","protected":false},"author":1,"featured_media":3983,"parent":0,"menu_order":0,"comment_status":"closed","ping_status":"closed","template":"","meta":{"_uag_custom_page_level_css":"","site-sidebar-layout":"default","site-content-layout":"","ast-site-content-layout":"default","site-content-style":"default","site-sidebar-style":"default","ast-global-header-display":"","ast-banner-title-visibility":"","ast-main-header-display":"","ast-hfb-above-header-display":"","ast-hfb-below-header-display":"","ast-hfb-mobile-header-display":"","site-post-title":"","ast-breadcrumbs-content":"","ast-featured-img":"","footer-sml-layout":"","theme-transparent-header-meta":"","adv-header-id-meta":"","stick-header-meta":"","header-above-stick-meta":"","header-main-stick-meta":"","header-below-stick-meta":"","astra-migrate-meta-layouts":"set","ast-page-background-enabled":"default","ast-page-background-meta":{"desktop":{"background-color":"var(--ast-global-color-4)","background-image":"","background-repeat":"repeat","background-position":"center center","background-size":"auto","background-attachment":"scroll","background-type":"","background-media":"","overlay-type":"","overlay-color":"","overlay-opacity":"","overlay-gradient":""},"tablet":{"background-color":"","background-image":"","background-repeat":"repeat","background-position":"center center","background-size":"auto","background-attachment":"scroll","background-type":"","background-media":"","overlay-type":"","overlay-color":"","overlay-opacity":"","overlay-gradient":""},"mobile":{"background-color":"","background-image":"","background-repeat":"repeat","background-position":"center center","background-size":"auto","background-attachment":"scroll","background-type":"","background-media":"","overlay-type":"","overlay-color":"","overlay-opacity":"","overlay-gradient":""}},"ast-content-background-meta":{"desktop":{"background-color":"var(--ast-global-color-5)","background-image":"","background-repeat":"repeat","background-position":"center center","background-size":"auto","background-attachment":"scroll","background-type":"","background-media":"","overlay-type":"","overlay-color":"","overlay-opacity":"","overlay-gradient":""},"tablet":{"background-color":"var(--ast-global-color-5)","background-image":"","background-repeat":"repeat","background-position":"center center","background-size":"auto","background-attachment":"scroll","background-type":"","background-media":"","overlay-type":"","overlay-color":"","overlay-opacity":"","overlay-gradient":""},"mobile":{"background-color":"var(--ast-global-color-5)","background-image":"","background-repeat":"repeat","background-position":"center center","background-size":"auto","background-attachment":"scroll","background-type":"","background-media":"","overlay-type":"","overlay-color":"","overlay-opacity":"","overlay-gradient":""}},"footnotes":""},"class_list":["post-3980","page","type-page","status-publish","has-post-thumbnail","hentry"],"yoast_head":"<!-- This site is optimized with the Yoast SEO Premium plugin v24.2 (Yoast SEO v24.6) - https:\/\/yoast.com\/wordpress\/plugins\/seo\/ -->\n<title>\u00bfPor qu\u00e9 no recordamos nuestras vidas pasadas? - Uni\u00f3n Esp\u00edrita<\/title>\n<meta name=\"robots\" content=\"index, follow, max-snippet:-1, max-image-preview:large, max-video-preview:-1\" \/>\n<link rel=\"canonical\" href=\"https:\/\/nuevo-renacer.com\/pt\/por-que-no-recordamos-nuestras-vidas-pasadas\/\" \/>\n<meta property=\"og:locale\" content=\"pt_BR\" \/>\n<meta property=\"og:type\" content=\"article\" \/>\n<meta property=\"og:title\" content=\"\u00bfPor qu\u00e9 no recordamos nuestras vidas pasadas?\" \/>\n<meta property=\"og:description\" content=\"\u00bfPor qu\u00e9 no recordamos nuestras vidas pasadas? No recordamos las vidas pasadas, y ah\u00ed reside la sabidur\u00eda de Dios. Si record\u00e1ramos el mal que hemos hecho a los dem\u00e1s, o el sufrimiento por el que hemos pasado, los enemigos que nos han hecho da\u00f1o o a los que hemos hecho da\u00f1o, hoy no podr\u00edamos vivir [&hellip;]\" \/>\n<meta property=\"og:url\" content=\"https:\/\/nuevo-renacer.com\/pt\/por-que-no-recordamos-nuestras-vidas-pasadas\/\" \/>\n<meta property=\"og:site_name\" content=\"Uni\u00f3n Esp\u00edrita\" \/>\n<meta property=\"article:publisher\" content=\"https:\/\/www.facebook.com\/groups\/3431398063740829\" \/>\n<meta property=\"article:modified_time\" content=\"2024-07-18T06:15:53+00:00\" \/>\n<meta property=\"og:image\" content=\"https:\/\/nuevo-renacer.com\/wp-content\/uploads\/2024\/07\/7ef8dfc8471d1481b1a578e723d75237.jpg\" \/>\n\t<meta property=\"og:image:width\" content=\"736\" \/>\n\t<meta property=\"og:image:height\" content=\"414\" \/>\n\t<meta property=\"og:image:type\" content=\"image\/jpeg\" \/>\n<meta name=\"twitter:card\" content=\"summary_large_image\" \/>\n<meta name=\"twitter:label1\" content=\"Est. tempo de leitura\" \/>\n\t<meta name=\"twitter:data1\" content=\"1 minuto\" \/>\n<script type=\"application\/ld+json\" class=\"yoast-schema-graph\">{\"@context\":\"https:\/\/schema.org\",\"@graph\":[{\"@type\":\"WebPage\",\"@id\":\"https:\/\/nuevo-renacer.com\/por-que-no-recordamos-nuestras-vidas-pasadas\/\",\"url\":\"https:\/\/nuevo-renacer.com\/por-que-no-recordamos-nuestras-vidas-pasadas\/\",\"name\":\"\u00bfPor qu\u00e9 no recordamos nuestras vidas pasadas? - Uni\u00f3n Esp\u00edrita\",\"isPartOf\":{\"@id\":\"https:\/\/nuevo-renacer.com\/#website\"},\"primaryImageOfPage\":{\"@id\":\"https:\/\/nuevo-renacer.com\/por-que-no-recordamos-nuestras-vidas-pasadas\/#primaryimage\"},\"image\":{\"@id\":\"https:\/\/nuevo-renacer.com\/por-que-no-recordamos-nuestras-vidas-pasadas\/#primaryimage\"},\"thumbnailUrl\":\"https:\/\/nuevo-renacer.com\/wp-content\/uploads\/2024\/07\/7ef8dfc8471d1481b1a578e723d75237.jpg\",\"datePublished\":\"2024-07-18T06:14:01+00:00\",\"dateModified\":\"2024-07-18T06:15:53+00:00\",\"breadcrumb\":{\"@id\":\"https:\/\/nuevo-renacer.com\/por-que-no-recordamos-nuestras-vidas-pasadas\/#breadcrumb\"},\"inLanguage\":\"pt-BR\",\"potentialAction\":[{\"@type\":\"ReadAction\",\"target\":[\"https:\/\/nuevo-renacer.com\/por-que-no-recordamos-nuestras-vidas-pasadas\/\"]}]},{\"@type\":\"ImageObject\",\"inLanguage\":\"pt-BR\",\"@id\":\"https:\/\/nuevo-renacer.com\/por-que-no-recordamos-nuestras-vidas-pasadas\/#primaryimage\",\"url\":\"https:\/\/nuevo-renacer.com\/wp-content\/uploads\/2024\/07\/7ef8dfc8471d1481b1a578e723d75237.jpg\",\"contentUrl\":\"https:\/\/nuevo-renacer.com\/wp-content\/uploads\/2024\/07\/7ef8dfc8471d1481b1a578e723d75237.jpg\",\"width\":736,\"height\":414},{\"@type\":\"BreadcrumbList\",\"@id\":\"https:\/\/nuevo-renacer.com\/por-que-no-recordamos-nuestras-vidas-pasadas\/#breadcrumb\",\"itemListElement\":[{\"@type\":\"ListItem\",\"position\":1,\"name\":\"Startseite\",\"item\":\"https:\/\/nuevo-renacer.com\/\"},{\"@type\":\"ListItem\",\"position\":2,\"name\":\"\u00bfPor qu\u00e9 no recordamos nuestras vidas pasadas?\"}]},{\"@type\":\"WebSite\",\"@id\":\"https:\/\/nuevo-renacer.com\/#website\",\"url\":\"https:\/\/nuevo-renacer.com\/\",\"name\":\"Uni\u00f3n Esp\u00edrita\",\"description\":\"Nuevo Renacer\",\"publisher\":{\"@id\":\"https:\/\/nuevo-renacer.com\/#organization\"},\"potentialAction\":[{\"@type\":\"SearchAction\",\"target\":{\"@type\":\"EntryPoint\",\"urlTemplate\":\"https:\/\/nuevo-renacer.com\/?s={search_term_string}\"},\"query-input\":{\"@type\":\"PropertyValueSpecification\",\"valueRequired\":true,\"valueName\":\"search_term_string\"}}],\"inLanguage\":\"pt-BR\"},{\"@type\":\"Organization\",\"@id\":\"https:\/\/nuevo-renacer.com\/#organization\",\"name\":\"UFEC\",\"url\":\"https:\/\/nuevo-renacer.com\/\",\"logo\":{\"@type\":\"ImageObject\",\"inLanguage\":\"pt-BR\",\"@id\":\"https:\/\/nuevo-renacer.com\/#\/schema\/logo\/image\/\",\"url\":\"https:\/\/nuevo-renacer.com\/wp-content\/uploads\/2024\/05\/cropped-LOGO-TERMINADO1-3-3.png\",\"contentUrl\":\"https:\/\/nuevo-renacer.com\/wp-content\/uploads\/2024\/05\/cropped-LOGO-TERMINADO1-3-3.png\",\"width\":512,\"height\":512,\"caption\":\"UFEC\"},\"image\":{\"@id\":\"https:\/\/nuevo-renacer.com\/#\/schema\/logo\/image\/\"},\"sameAs\":[\"https:\/\/www.facebook.com\/groups\/3431398063740829\"]}]}<\/script>\n<!-- \/ Yoast SEO Premium plugin. -->","yoast_head_json":{"title":"\u00bfPor qu\u00e9 no recordamos nuestras vidas pasadas? - Uni\u00f3n Esp\u00edrita","robots":{"index":"index","follow":"follow","max-snippet":"max-snippet:-1","max-image-preview":"max-image-preview:large","max-video-preview":"max-video-preview:-1"},"canonical":"https:\/\/nuevo-renacer.com\/pt\/por-que-no-recordamos-nuestras-vidas-pasadas\/","og_locale":"pt_BR","og_type":"article","og_title":"\u00bfPor qu\u00e9 no recordamos nuestras vidas pasadas?","og_description":"\u00bfPor qu\u00e9 no recordamos nuestras vidas pasadas? No recordamos las vidas pasadas, y ah\u00ed reside la sabidur\u00eda de Dios. Si record\u00e1ramos el mal que hemos hecho a los dem\u00e1s, o el sufrimiento por el que hemos pasado, los enemigos que nos han hecho da\u00f1o o a los que hemos hecho da\u00f1o, hoy no podr\u00edamos vivir [&hellip;]","og_url":"https:\/\/nuevo-renacer.com\/pt\/por-que-no-recordamos-nuestras-vidas-pasadas\/","og_site_name":"Uni\u00f3n Esp\u00edrita","article_publisher":"https:\/\/www.facebook.com\/groups\/3431398063740829","article_modified_time":"2024-07-18T06:15:53+00:00","og_image":[{"width":736,"height":414,"url":"https:\/\/nuevo-renacer.com\/wp-content\/uploads\/2024\/07\/7ef8dfc8471d1481b1a578e723d75237.jpg","type":"image\/jpeg"}],"twitter_card":"summary_large_image","twitter_misc":{"Est. tempo de leitura":"1 minuto"},"schema":{"@context":"https:\/\/schema.org","@graph":[{"@type":"WebPage","@id":"https:\/\/nuevo-renacer.com\/por-que-no-recordamos-nuestras-vidas-pasadas\/","url":"https:\/\/nuevo-renacer.com\/por-que-no-recordamos-nuestras-vidas-pasadas\/","name":"\u00bfPor qu\u00e9 no recordamos nuestras vidas pasadas? - Uni\u00f3n Esp\u00edrita","isPartOf":{"@id":"https:\/\/nuevo-renacer.com\/#website"},"primaryImageOfPage":{"@id":"https:\/\/nuevo-renacer.com\/por-que-no-recordamos-nuestras-vidas-pasadas\/#primaryimage"},"image":{"@id":"https:\/\/nuevo-renacer.com\/por-que-no-recordamos-nuestras-vidas-pasadas\/#primaryimage"},"thumbnailUrl":"https:\/\/nuevo-renacer.com\/wp-content\/uploads\/2024\/07\/7ef8dfc8471d1481b1a578e723d75237.jpg","datePublished":"2024-07-18T06:14:01+00:00","dateModified":"2024-07-18T06:15:53+00:00","breadcrumb":{"@id":"https:\/\/nuevo-renacer.com\/por-que-no-recordamos-nuestras-vidas-pasadas\/#breadcrumb"},"inLanguage":"pt-BR","potentialAction":[{"@type":"ReadAction","target":["https:\/\/nuevo-renacer.com\/por-que-no-recordamos-nuestras-vidas-pasadas\/"]}]},{"@type":"ImageObject","inLanguage":"pt-BR","@id":"https:\/\/nuevo-renacer.com\/por-que-no-recordamos-nuestras-vidas-pasadas\/#primaryimage","url":"https:\/\/nuevo-renacer.com\/wp-content\/uploads\/2024\/07\/7ef8dfc8471d1481b1a578e723d75237.jpg","contentUrl":"https:\/\/nuevo-renacer.com\/wp-content\/uploads\/2024\/07\/7ef8dfc8471d1481b1a578e723d75237.jpg","width":736,"height":414},{"@type":"BreadcrumbList","@id":"https:\/\/nuevo-renacer.com\/por-que-no-recordamos-nuestras-vidas-pasadas\/#breadcrumb","itemListElement":[{"@type":"ListItem","position":1,"name":"Startseite","item":"https:\/\/nuevo-renacer.com\/"},{"@type":"ListItem","position":2,"name":"\u00bfPor qu\u00e9 no recordamos nuestras vidas pasadas?"}]},{"@type":"WebSite","@id":"https:\/\/nuevo-renacer.com\/#website","url":"https:\/\/nuevo-renacer.com\/","name":"Uni\u00f3n Esp\u00edrita","description":"Nuevo Renacer","publisher":{"@id":"https:\/\/nuevo-renacer.com\/#organization"},"potentialAction":[{"@type":"SearchAction","target":{"@type":"EntryPoint","urlTemplate":"https:\/\/nuevo-renacer.com\/?s={search_term_string}"},"query-input":{"@type":"PropertyValueSpecification","valueRequired":true,"valueName":"search_term_string"}}],"inLanguage":"pt-BR"},{"@type":"Organization","@id":"https:\/\/nuevo-renacer.com\/#organization","name":"UFEC","url":"https:\/\/nuevo-renacer.com\/","logo":{"@type":"ImageObject","inLanguage":"pt-BR","@id":"https:\/\/nuevo-renacer.com\/#\/schema\/logo\/image\/","url":"https:\/\/nuevo-renacer.com\/wp-content\/uploads\/2024\/05\/cropped-LOGO-TERMINADO1-3-3.png","contentUrl":"https:\/\/nuevo-renacer.com\/wp-content\/uploads\/2024\/05\/cropped-LOGO-TERMINADO1-3-3.png","width":512,"height":512,"caption":"UFEC"},"image":{"@id":"https:\/\/nuevo-renacer.com\/#\/schema\/logo\/image\/"},"sameAs":["https:\/\/www.facebook.com\/groups\/3431398063740829"]}]}},"uagb_featured_image_src":{"full":["https:\/\/nuevo-renacer.com\/wp-content\/uploads\/2024\/07\/7ef8dfc8471d1481b1a578e723d75237.jpg",736,414,false],"thumbnail":["https:\/\/nuevo-renacer.com\/wp-content\/uploads\/2024\/07\/7ef8dfc8471d1481b1a578e723d75237-150x150.jpg",150,150,true],"medium":["https:\/\/nuevo-renacer.com\/wp-content\/uploads\/2024\/07\/7ef8dfc8471d1481b1a578e723d75237-300x169.jpg",300,169,true],"medium_large":["https:\/\/nuevo-renacer.com\/wp-content\/uploads\/2024\/07\/7ef8dfc8471d1481b1a578e723d75237.jpg",736,414,false],"large":["https:\/\/nuevo-renacer.com\/wp-content\/uploads\/2024\/07\/7ef8dfc8471d1481b1a578e723d75237.jpg",736,414,false],"1536x1536":["https:\/\/nuevo-renacer.com\/wp-content\/uploads\/2024\/07\/7ef8dfc8471d1481b1a578e723d75237.jpg",736,414,false],"2048x2048":["https:\/\/nuevo-renacer.com\/wp-content\/uploads\/2024\/07\/7ef8dfc8471d1481b1a578e723d75237.jpg",736,414,false],"trp-custom-language-flag":["https:\/\/nuevo-renacer.com\/wp-content\/uploads\/2024\/07\/7ef8dfc8471d1481b1a578e723d75237-18x10.jpg",18,10,true]},"uagb_author_info":{"display_name":"adbv0","author_link":"https:\/\/nuevo-renacer.com\/pt\/author\/adbv0\/"},"uagb_comment_info":0,"uagb_excerpt":"\u00bfPor qu\u00e9 no recordamos nuestras vidas pasadas? No recordamos las vidas pasadas, y ah\u00ed reside la sabidur\u00eda de Dios. Si record\u00e1ramos el mal que hemos hecho a los dem\u00e1s, o el sufrimiento por el que hemos pasado, los enemigos que nos han hecho da\u00f1o o a los que hemos hecho da\u00f1o, hoy no podr\u00edamos vivir&hellip;","jetpack_sharing_enabled":true,"_links":{"self":[{"href":"https:\/\/nuevo-renacer.com\/pt\/wp-json\/wp\/v2\/pages\/3980","targetHints":{"allow":["GET"]}}],"collection":[{"href":"https:\/\/nuevo-renacer.com\/pt\/wp-json\/wp\/v2\/pages"}],"about":[{"href":"https:\/\/nuevo-renacer.com\/pt\/wp-json\/wp\/v2\/types\/page"}],"author":[{"embeddable":true,"href":"https:\/\/nuevo-renacer.com\/pt\/wp-json\/wp\/v2\/users\/1"}],"replies":[{"embeddable":true,"href":"https:\/\/nuevo-renacer.com\/pt\/wp-json\/wp\/v2\/comments?post=3980"}],"version-history":[{"count":3,"href":"https:\/\/nuevo-renacer.com\/pt\/wp-json\/wp\/v2\/pages\/3980\/revisions"}],"predecessor-version":[{"id":3985,"href":"https:\/\/nuevo-renacer.com\/pt\/wp-json\/wp\/v2\/pages\/3980\/revisions\/3985"}],"wp:featuredmedia":[{"embeddable":true,"href":"https:\/\/nuevo-renacer.com\/pt\/wp-json\/wp\/v2\/media\/3983"}],"wp:attachment":[{"href":"https:\/\/nuevo-renacer.com\/pt\/wp-json\/wp\/v2\/media?parent=3980"}],"curies":[{"name":"wp","href":"https:\/\/api.w.org\/{rel}","templated":true}]}}