{"id":3949,"date":"2024-07-17T09:19:50","date_gmt":"2024-07-17T09:19:50","guid":{"rendered":"https:\/\/ufec-mundial.com\/?page_id=3949"},"modified":"2024-07-17T09:19:53","modified_gmt":"2024-07-17T09:19:53","slug":"lazaro-luiz-zamenhof","status":"publish","type":"page","link":"https:\/\/nuevo-renacer.com\/pt\/lazaro-luiz-zamenhof\/","title":{"rendered":"L\u00e1zaro Luiz Zamenhof"},"content":{"rendered":"<div class=\"wp-block-uagb-container uagb-block-a34e48a2 alignfull uagb-is-root-container\"><div class=\"uagb-container-inner-blocks-wrap\">\n<p class=\"has-black-color has-text-color has-link-color has-medium-font-size wp-elements-d4e41a2b43a03df6b2bbdb496301b3c0\"><strong>L\u00e1zaro Luiz Zamenhof<\/strong><\/p>\n<\/div><\/div>\n\n\n\n<div class=\"wp-block-uagb-container uagb-block-18a90863 alignfull uagb-is-root-container\"><div class=\"uagb-container-inner-blocks-wrap\">\n<figure class=\"wp-block-image size-full is-resized\"><img fetchpriority=\"high\" decoding=\"async\" width=\"427\" height=\"599\" src=\"https:\/\/ufec-mundial.com\/wp-content\/uploads\/2024\/07\/427px-1908-kl-t-zamenhof.jpg\" alt=\"\" class=\"wp-image-3951\" style=\"width:232px;height:auto\" srcset=\"https:\/\/nuevo-renacer.com\/wp-content\/uploads\/2024\/07\/427px-1908-kl-t-zamenhof.jpg 427w, https:\/\/nuevo-renacer.com\/wp-content\/uploads\/2024\/07\/427px-1908-kl-t-zamenhof-214x300.jpg 214w, https:\/\/nuevo-renacer.com\/wp-content\/uploads\/2024\/07\/427px-1908-kl-t-zamenhof-9x12.jpg 9w\" sizes=\"(max-width: 427px) 100vw, 427px\" \/><\/figure>\n<\/div><\/div>\n\n\n\n<div class=\"wp-block-uagb-container uagb-block-f082a313 alignfull uagb-is-root-container\"><div class=\"uagb-container-inner-blocks-wrap\">\n<p class=\"has-black-color has-text-color has-link-color has-small-font-size wp-elements-06145272d7092ef308f4d2583063442b\">L\u00e1zaro Luiz Zamenhof (ou Ludwik Lejzer Zamenhof) nasceu em 15 de dezembro de 1859 em Bialystok, Pol\u00f4nia. Ele era filho de Rosalia e Mark Zamenhof, um perspicaz professor de geografia e l\u00ednguas modernas. A hist\u00f3ria da vida do menino L\u00e1zaro, a cidade onde ele nasceu e o momento hist\u00f3rico s\u00e3o cruciais para desencadear algumas reflex\u00f5es que culminariam na cria\u00e7\u00e3o do Esperanto.<\/p>\n\n\n\n<p class=\"has-black-color has-text-color has-link-color has-small-font-size wp-elements-c27f78fbc14348c0728dbec0a3f1463c\">Bialystok, ent\u00e3o anexada ao Imp\u00e9rio Russo, era uma cidade dilacerada por diferen\u00e7as pol\u00edticas, religiosas e lingu\u00edsticas; quatro idiomas eram falados ali: polon\u00eas, i\u00eddiche, russo e alem\u00e3o, e o menino L\u00e1zaro testemunhou discuss\u00f5es e disputas que muitas vezes terminavam em l\u00e1grimas, sangue e at\u00e9 mortes violentas. Essa terr\u00edvel impress\u00e3o nunca desapareceria de sua mente, por isso, desde a inf\u00e2ncia, ele acalentou o sonho de criar um idioma por meio do qual os habitantes de sua cidade e o mundo inteiro pudessem se entender.<\/p>\n\n\n\n<p class=\"has-black-color has-text-color has-link-color has-small-font-size wp-elements-f29f72885fe07dda78e287292143872a\">Ele aprendeu v\u00e1rios idiomas (al\u00e9m dos quatro idiomas de sua cidade natal): latim, hebraico, franc\u00eas, grego e italiano, entre outros. Em 1878, ele escreveu \u201cLingve Universala\u201d, que se tornaria o predecessor do Esperanto.<\/p>\n\n\n\n<p class=\"has-black-color has-text-color has-link-color has-small-font-size wp-elements-cd7a783692a22428038306fc45dba0dc\">A fam\u00edlia de Zamenhof mudou-se para Vars\u00f3via e, depois de terminar a escola, ele foi enviado a Moscou para estudar medicina. Enquanto estava fora, seu pai, preocupado com o futuro do filho, queimou seus manuscritos sobre o idioma internacional.<\/p>\n\n\n\n<p class=\"has-black-color has-text-color has-link-color has-small-font-size wp-elements-5b513e80da288b85df158ffc73b412ba\">Ao retornar \u00e0 casa de seu pai e perceber o que havia acontecido, L\u00e1zaro come\u00e7ou a reconstruir pacientemente todo o seu projeto. Somente ap\u00f3s exaustivos experimentos e testes meticulosos da gram\u00e1tica e do vocabul\u00e1rio, que ele havia experimentado e testado intensamente, \u00e9 que ele considerou seu trabalho pronto. Ele traduziu para o esperanto grandes obras da literatura mundial, entre elas a B\u00edblia (Antigo Testamento) e o Hamlet de Shakespeare. Na \u00e9poca, ele tinha 28 anos de idade.<\/p>\n\n\n\n<p class=\"has-black-color has-text-color has-link-color has-small-font-size wp-elements-4fdbf1e9155b8182157d4a841dc77cc0\">Em 26 de julho de 1887, com o apoio financeiro de seu futuro sogro, Zamenhof lan\u00e7ou o esperanto no mundo com uma pequena gram\u00e1tica em russo, \u201cLingvo Internacia\u201d, escrita por \u201cDoktoro Esperanto\u201d (um pseud\u00f4nimo que, na nova l\u00edngua, significa \u201cm\u00e9dico que tem esperan\u00e7a\u201d). Por fim, o pseud\u00f4nimo passou a ser usado para o pr\u00f3prio idioma: Esperanto.<\/p>\n\n\n\n<p class=\"has-black-color has-text-color has-link-color has-small-font-size wp-elements-eb0627df64565f55cec5e7eaa910dc61\">Sem abandonar sua profiss\u00e3o, como oftalmologista, L\u00e1zaro trabalhou arduamente para tornar o idioma internacional conhecido. Foi somente depois de terminar e publicar seu trabalho que ele decidiu se casar. Em 9 de agosto de 1887, ele se casou com Klara Silbernik, com quem teve tr\u00eas filhos: Lidia, Adam e Sophia.<\/p>\n\n\n\n<p class=\"has-black-color has-text-color has-link-color has-small-font-size wp-elements-23ef5223ce256e7d1dcd01af811a66e4\">Em agosto de 1905, Zamenhof viu seu ideal se tornar realidade no Primeiro Congresso Universal de Esperanto, em Boulogne-sur-Mer, na Fran\u00e7a, onde centenas de pessoas de v\u00e1rios pa\u00edses se reuniram para se comunicar em uma \u00fanica l\u00edngua durante os seis dias do evento. O criador da L\u00edngua da Fraternidade tamb\u00e9m participou de outros oito congressos universais, discursando em quase todos eles, sempre viajando por conta pr\u00f3pria, com dificuldades, mas nunca se aproveitando de seu prest\u00edgio.<\/p>\n\n\n\n<p class=\"has-black-color has-text-color has-link-color has-small-font-size wp-elements-3fd8b217f8015c975f51221d262bbdf0\">Em 1914, a eclos\u00e3o da Primeira Guerra Mundial interrompeu a difus\u00e3o do esperanto por algum tempo. Abalado e sofrendo de problemas card\u00edacos, Zamenhof morreu tr\u00eas anos depois, em 14 de abril de 1917, em Vars\u00f3via, na Pol\u00f4nia.<\/p>\n\n\n\n<p class=\"has-black-color has-text-color has-link-color has-small-font-size wp-elements-575b06b6ddfcf2a82c16cb3df5afb42d\">L\u00e1zaro Luiz Zamenhof foi um homem dotado de extraordin\u00e1ria for\u00e7a de vontade para difundir seu ideal humanista. Foi um verdadeiro universalista, pacifista e pensador que lutou contra o sectarismo. Sua vida foi tecida de sacrif\u00edcios, abnega\u00e7\u00e3o e devo\u00e7\u00e3o; era um homem extremamente solid\u00e1rio, que cultivava a toler\u00e2ncia e a bondade para com todos, nunca perdendo uma oportunidade de ser caridoso. Por isso, a UNESCO o reconheceu com m\u00e9rito como um \u201cbenfeitor da humanidade\u201d, um esp\u00edrito que legou \u00e0 fam\u00edlia humana o instrumento ideal para a comunica\u00e7\u00e3o entre seus membros e para seu progresso baseado na fraternidade universal.<\/p>\n<\/div><\/div>","protected":false},"excerpt":{"rendered":"<p>L\u00e1zaro Luiz Zamenhof L\u00e1zaro Luiz Zamenhof (o Ludwik Lejzer Zamenhof) naci\u00f3 el 15 de diciembre de 1859 en Bialystok, Polonia. Era hijo de Rosal\u00eda y Marcos Zamenhof, un perspicaz profesor de geograf\u00eda y lenguas modernas. La historia de la vida del ni\u00f1o L\u00e1zaro, la ciudad donde naci\u00f3 y el momento hist\u00f3rico son cruciales para desencadenar [&hellip;]<\/p>","protected":false},"author":1,"featured_media":3951,"parent":0,"menu_order":0,"comment_status":"closed","ping_status":"closed","template":"","meta":{"_uag_custom_page_level_css":"","site-sidebar-layout":"default","site-content-layout":"","ast-site-content-layout":"default","site-content-style":"default","site-sidebar-style":"default","ast-global-header-display":"","ast-banner-title-visibility":"","ast-main-header-display":"","ast-hfb-above-header-display":"","ast-hfb-below-header-display":"","ast-hfb-mobile-header-display":"","site-post-title":"","ast-breadcrumbs-content":"","ast-featured-img":"","footer-sml-layout":"","theme-transparent-header-meta":"","adv-header-id-meta":"","stick-header-meta":"","header-above-stick-meta":"","header-main-stick-meta":"","header-below-stick-meta":"","astra-migrate-meta-layouts":"set","ast-page-background-enabled":"default","ast-page-background-meta":{"desktop":{"background-color":"var(--ast-global-color-4)","background-image":"","background-repeat":"repeat","background-position":"center center","background-size":"auto","background-attachment":"scroll","background-type":"","background-media":"","overlay-type":"","overlay-color":"","overlay-opacity":"","overlay-gradient":""},"tablet":{"background-color":"","background-image":"","background-repeat":"repeat","background-position":"center center","background-size":"auto","background-attachment":"scroll","background-type":"","background-media":"","overlay-type":"","overlay-color":"","overlay-opacity":"","overlay-gradient":""},"mobile":{"background-color":"","background-image":"","background-repeat":"repeat","background-position":"center center","background-size":"auto","background-attachment":"scroll","background-type":"","background-media":"","overlay-type":"","overlay-color":"","overlay-opacity":"","overlay-gradient":""}},"ast-content-background-meta":{"desktop":{"background-color":"var(--ast-global-color-5)","background-image":"","background-repeat":"repeat","background-position":"center center","background-size":"auto","background-attachment":"scroll","background-type":"","background-media":"","overlay-type":"","overlay-color":"","overlay-opacity":"","overlay-gradient":""},"tablet":{"background-color":"var(--ast-global-color-5)","background-image":"","background-repeat":"repeat","background-position":"center center","background-size":"auto","background-attachment":"scroll","background-type":"","background-media":"","overlay-type":"","overlay-color":"","overlay-opacity":"","overlay-gradient":""},"mobile":{"background-color":"var(--ast-global-color-5)","background-image":"","background-repeat":"repeat","background-position":"center center","background-size":"auto","background-attachment":"scroll","background-type":"","background-media":"","overlay-type":"","overlay-color":"","overlay-opacity":"","overlay-gradient":""}},"footnotes":""},"class_list":["post-3949","page","type-page","status-publish","has-post-thumbnail","hentry"],"yoast_head":"<!-- This site is optimized with the Yoast SEO Premium plugin v24.2 (Yoast SEO v24.6) - https:\/\/yoast.com\/wordpress\/plugins\/seo\/ -->\n<title>L\u00e1zaro Luiz Zamenhof - Uni\u00f3n Esp\u00edrita<\/title>\n<meta name=\"robots\" content=\"index, follow, max-snippet:-1, max-image-preview:large, max-video-preview:-1\" \/>\n<link rel=\"canonical\" href=\"https:\/\/nuevo-renacer.com\/pt\/lazaro-luiz-zamenhof\/\" \/>\n<meta property=\"og:locale\" content=\"pt_BR\" \/>\n<meta property=\"og:type\" content=\"article\" \/>\n<meta property=\"og:title\" content=\"L\u00e1zaro Luiz Zamenhof\" \/>\n<meta property=\"og:description\" content=\"L\u00e1zaro Luiz Zamenhof L\u00e1zaro Luiz Zamenhof (o Ludwik Lejzer Zamenhof) naci\u00f3 el 15 de diciembre de 1859 en Bialystok, Polonia. Era hijo de Rosal\u00eda y Marcos Zamenhof, un perspicaz profesor de geograf\u00eda y lenguas modernas. La historia de la vida del ni\u00f1o L\u00e1zaro, la ciudad donde naci\u00f3 y el momento hist\u00f3rico son cruciales para desencadenar [&hellip;]\" \/>\n<meta property=\"og:url\" content=\"https:\/\/nuevo-renacer.com\/pt\/lazaro-luiz-zamenhof\/\" \/>\n<meta property=\"og:site_name\" content=\"Uni\u00f3n Esp\u00edrita\" \/>\n<meta property=\"article:publisher\" content=\"https:\/\/www.facebook.com\/groups\/3431398063740829\" \/>\n<meta property=\"article:modified_time\" content=\"2024-07-17T09:19:53+00:00\" \/>\n<meta property=\"og:image\" content=\"https:\/\/nuevo-renacer.com\/wp-content\/uploads\/2024\/07\/427px-1908-kl-t-zamenhof.jpg\" \/>\n\t<meta property=\"og:image:width\" content=\"427\" \/>\n\t<meta property=\"og:image:height\" content=\"599\" \/>\n\t<meta property=\"og:image:type\" content=\"image\/jpeg\" \/>\n<meta name=\"twitter:card\" content=\"summary_large_image\" \/>\n<meta name=\"twitter:label1\" content=\"Est. tempo de leitura\" \/>\n\t<meta name=\"twitter:data1\" content=\"3 minutos\" \/>\n<script type=\"application\/ld+json\" class=\"yoast-schema-graph\">{\"@context\":\"https:\/\/schema.org\",\"@graph\":[{\"@type\":\"WebPage\",\"@id\":\"https:\/\/nuevo-renacer.com\/lazaro-luiz-zamenhof\/\",\"url\":\"https:\/\/nuevo-renacer.com\/lazaro-luiz-zamenhof\/\",\"name\":\"L\u00e1zaro Luiz Zamenhof - Uni\u00f3n Esp\u00edrita\",\"isPartOf\":{\"@id\":\"https:\/\/nuevo-renacer.com\/#website\"},\"primaryImageOfPage\":{\"@id\":\"https:\/\/nuevo-renacer.com\/lazaro-luiz-zamenhof\/#primaryimage\"},\"image\":{\"@id\":\"https:\/\/nuevo-renacer.com\/lazaro-luiz-zamenhof\/#primaryimage\"},\"thumbnailUrl\":\"https:\/\/nuevo-renacer.com\/wp-content\/uploads\/2024\/07\/427px-1908-kl-t-zamenhof.jpg\",\"datePublished\":\"2024-07-17T09:19:50+00:00\",\"dateModified\":\"2024-07-17T09:19:53+00:00\",\"breadcrumb\":{\"@id\":\"https:\/\/nuevo-renacer.com\/lazaro-luiz-zamenhof\/#breadcrumb\"},\"inLanguage\":\"pt-BR\",\"potentialAction\":[{\"@type\":\"ReadAction\",\"target\":[\"https:\/\/nuevo-renacer.com\/lazaro-luiz-zamenhof\/\"]}]},{\"@type\":\"ImageObject\",\"inLanguage\":\"pt-BR\",\"@id\":\"https:\/\/nuevo-renacer.com\/lazaro-luiz-zamenhof\/#primaryimage\",\"url\":\"https:\/\/nuevo-renacer.com\/wp-content\/uploads\/2024\/07\/427px-1908-kl-t-zamenhof.jpg\",\"contentUrl\":\"https:\/\/nuevo-renacer.com\/wp-content\/uploads\/2024\/07\/427px-1908-kl-t-zamenhof.jpg\",\"width\":427,\"height\":599},{\"@type\":\"BreadcrumbList\",\"@id\":\"https:\/\/nuevo-renacer.com\/lazaro-luiz-zamenhof\/#breadcrumb\",\"itemListElement\":[{\"@type\":\"ListItem\",\"position\":1,\"name\":\"Startseite\",\"item\":\"https:\/\/nuevo-renacer.com\/\"},{\"@type\":\"ListItem\",\"position\":2,\"name\":\"L\u00e1zaro Luiz Zamenhof\"}]},{\"@type\":\"WebSite\",\"@id\":\"https:\/\/nuevo-renacer.com\/#website\",\"url\":\"https:\/\/nuevo-renacer.com\/\",\"name\":\"Uni\u00f3n Esp\u00edrita\",\"description\":\"Nuevo Renacer\",\"publisher\":{\"@id\":\"https:\/\/nuevo-renacer.com\/#organization\"},\"potentialAction\":[{\"@type\":\"SearchAction\",\"target\":{\"@type\":\"EntryPoint\",\"urlTemplate\":\"https:\/\/nuevo-renacer.com\/?s={search_term_string}\"},\"query-input\":{\"@type\":\"PropertyValueSpecification\",\"valueRequired\":true,\"valueName\":\"search_term_string\"}}],\"inLanguage\":\"pt-BR\"},{\"@type\":\"Organization\",\"@id\":\"https:\/\/nuevo-renacer.com\/#organization\",\"name\":\"UFEC\",\"url\":\"https:\/\/nuevo-renacer.com\/\",\"logo\":{\"@type\":\"ImageObject\",\"inLanguage\":\"pt-BR\",\"@id\":\"https:\/\/nuevo-renacer.com\/#\/schema\/logo\/image\/\",\"url\":\"https:\/\/nuevo-renacer.com\/wp-content\/uploads\/2024\/05\/cropped-LOGO-TERMINADO1-3-3.png\",\"contentUrl\":\"https:\/\/nuevo-renacer.com\/wp-content\/uploads\/2024\/05\/cropped-LOGO-TERMINADO1-3-3.png\",\"width\":512,\"height\":512,\"caption\":\"UFEC\"},\"image\":{\"@id\":\"https:\/\/nuevo-renacer.com\/#\/schema\/logo\/image\/\"},\"sameAs\":[\"https:\/\/www.facebook.com\/groups\/3431398063740829\"]}]}<\/script>\n<!-- \/ Yoast SEO Premium plugin. -->","yoast_head_json":{"title":"L\u00e1zaro Luiz Zamenhof - Uni\u00f3n Esp\u00edrita","robots":{"index":"index","follow":"follow","max-snippet":"max-snippet:-1","max-image-preview":"max-image-preview:large","max-video-preview":"max-video-preview:-1"},"canonical":"https:\/\/nuevo-renacer.com\/pt\/lazaro-luiz-zamenhof\/","og_locale":"pt_BR","og_type":"article","og_title":"L\u00e1zaro Luiz Zamenhof","og_description":"L\u00e1zaro Luiz Zamenhof L\u00e1zaro Luiz Zamenhof (o Ludwik Lejzer Zamenhof) naci\u00f3 el 15 de diciembre de 1859 en Bialystok, Polonia. Era hijo de Rosal\u00eda y Marcos Zamenhof, un perspicaz profesor de geograf\u00eda y lenguas modernas. La historia de la vida del ni\u00f1o L\u00e1zaro, la ciudad donde naci\u00f3 y el momento hist\u00f3rico son cruciales para desencadenar [&hellip;]","og_url":"https:\/\/nuevo-renacer.com\/pt\/lazaro-luiz-zamenhof\/","og_site_name":"Uni\u00f3n Esp\u00edrita","article_publisher":"https:\/\/www.facebook.com\/groups\/3431398063740829","article_modified_time":"2024-07-17T09:19:53+00:00","og_image":[{"width":427,"height":599,"url":"https:\/\/nuevo-renacer.com\/wp-content\/uploads\/2024\/07\/427px-1908-kl-t-zamenhof.jpg","type":"image\/jpeg"}],"twitter_card":"summary_large_image","twitter_misc":{"Est. tempo de leitura":"3 minutos"},"schema":{"@context":"https:\/\/schema.org","@graph":[{"@type":"WebPage","@id":"https:\/\/nuevo-renacer.com\/lazaro-luiz-zamenhof\/","url":"https:\/\/nuevo-renacer.com\/lazaro-luiz-zamenhof\/","name":"L\u00e1zaro Luiz Zamenhof - Uni\u00f3n Esp\u00edrita","isPartOf":{"@id":"https:\/\/nuevo-renacer.com\/#website"},"primaryImageOfPage":{"@id":"https:\/\/nuevo-renacer.com\/lazaro-luiz-zamenhof\/#primaryimage"},"image":{"@id":"https:\/\/nuevo-renacer.com\/lazaro-luiz-zamenhof\/#primaryimage"},"thumbnailUrl":"https:\/\/nuevo-renacer.com\/wp-content\/uploads\/2024\/07\/427px-1908-kl-t-zamenhof.jpg","datePublished":"2024-07-17T09:19:50+00:00","dateModified":"2024-07-17T09:19:53+00:00","breadcrumb":{"@id":"https:\/\/nuevo-renacer.com\/lazaro-luiz-zamenhof\/#breadcrumb"},"inLanguage":"pt-BR","potentialAction":[{"@type":"ReadAction","target":["https:\/\/nuevo-renacer.com\/lazaro-luiz-zamenhof\/"]}]},{"@type":"ImageObject","inLanguage":"pt-BR","@id":"https:\/\/nuevo-renacer.com\/lazaro-luiz-zamenhof\/#primaryimage","url":"https:\/\/nuevo-renacer.com\/wp-content\/uploads\/2024\/07\/427px-1908-kl-t-zamenhof.jpg","contentUrl":"https:\/\/nuevo-renacer.com\/wp-content\/uploads\/2024\/07\/427px-1908-kl-t-zamenhof.jpg","width":427,"height":599},{"@type":"BreadcrumbList","@id":"https:\/\/nuevo-renacer.com\/lazaro-luiz-zamenhof\/#breadcrumb","itemListElement":[{"@type":"ListItem","position":1,"name":"Startseite","item":"https:\/\/nuevo-renacer.com\/"},{"@type":"ListItem","position":2,"name":"L\u00e1zaro Luiz Zamenhof"}]},{"@type":"WebSite","@id":"https:\/\/nuevo-renacer.com\/#website","url":"https:\/\/nuevo-renacer.com\/","name":"Uni\u00f3n Esp\u00edrita","description":"Nuevo Renacer","publisher":{"@id":"https:\/\/nuevo-renacer.com\/#organization"},"potentialAction":[{"@type":"SearchAction","target":{"@type":"EntryPoint","urlTemplate":"https:\/\/nuevo-renacer.com\/?s={search_term_string}"},"query-input":{"@type":"PropertyValueSpecification","valueRequired":true,"valueName":"search_term_string"}}],"inLanguage":"pt-BR"},{"@type":"Organization","@id":"https:\/\/nuevo-renacer.com\/#organization","name":"UFEC","url":"https:\/\/nuevo-renacer.com\/","logo":{"@type":"ImageObject","inLanguage":"pt-BR","@id":"https:\/\/nuevo-renacer.com\/#\/schema\/logo\/image\/","url":"https:\/\/nuevo-renacer.com\/wp-content\/uploads\/2024\/05\/cropped-LOGO-TERMINADO1-3-3.png","contentUrl":"https:\/\/nuevo-renacer.com\/wp-content\/uploads\/2024\/05\/cropped-LOGO-TERMINADO1-3-3.png","width":512,"height":512,"caption":"UFEC"},"image":{"@id":"https:\/\/nuevo-renacer.com\/#\/schema\/logo\/image\/"},"sameAs":["https:\/\/www.facebook.com\/groups\/3431398063740829"]}]}},"uagb_featured_image_src":{"full":["https:\/\/nuevo-renacer.com\/wp-content\/uploads\/2024\/07\/427px-1908-kl-t-zamenhof.jpg",427,599,false],"thumbnail":["https:\/\/nuevo-renacer.com\/wp-content\/uploads\/2024\/07\/427px-1908-kl-t-zamenhof-150x150.jpg",150,150,true],"medium":["https:\/\/nuevo-renacer.com\/wp-content\/uploads\/2024\/07\/427px-1908-kl-t-zamenhof-214x300.jpg",214,300,true],"medium_large":["https:\/\/nuevo-renacer.com\/wp-content\/uploads\/2024\/07\/427px-1908-kl-t-zamenhof.jpg",427,599,false],"large":["https:\/\/nuevo-renacer.com\/wp-content\/uploads\/2024\/07\/427px-1908-kl-t-zamenhof.jpg",427,599,false],"1536x1536":["https:\/\/nuevo-renacer.com\/wp-content\/uploads\/2024\/07\/427px-1908-kl-t-zamenhof.jpg",427,599,false],"2048x2048":["https:\/\/nuevo-renacer.com\/wp-content\/uploads\/2024\/07\/427px-1908-kl-t-zamenhof.jpg",427,599,false],"trp-custom-language-flag":["https:\/\/nuevo-renacer.com\/wp-content\/uploads\/2024\/07\/427px-1908-kl-t-zamenhof-9x12.jpg",9,12,true]},"uagb_author_info":{"display_name":"adbv0","author_link":"https:\/\/nuevo-renacer.com\/pt\/author\/adbv0\/"},"uagb_comment_info":0,"uagb_excerpt":"L\u00e1zaro Luiz Zamenhof L\u00e1zaro Luiz Zamenhof (o Ludwik Lejzer Zamenhof) naci\u00f3 el 15 de diciembre de 1859 en Bialystok, Polonia. Era hijo de Rosal\u00eda y Marcos Zamenhof, un perspicaz profesor de geograf\u00eda y lenguas modernas. La historia de la vida del ni\u00f1o L\u00e1zaro, la ciudad donde naci\u00f3 y el momento hist\u00f3rico son cruciales para desencadenar&hellip;","jetpack_sharing_enabled":true,"_links":{"self":[{"href":"https:\/\/nuevo-renacer.com\/pt\/wp-json\/wp\/v2\/pages\/3949","targetHints":{"allow":["GET"]}}],"collection":[{"href":"https:\/\/nuevo-renacer.com\/pt\/wp-json\/wp\/v2\/pages"}],"about":[{"href":"https:\/\/nuevo-renacer.com\/pt\/wp-json\/wp\/v2\/types\/page"}],"author":[{"embeddable":true,"href":"https:\/\/nuevo-renacer.com\/pt\/wp-json\/wp\/v2\/users\/1"}],"replies":[{"embeddable":true,"href":"https:\/\/nuevo-renacer.com\/pt\/wp-json\/wp\/v2\/comments?post=3949"}],"version-history":[{"count":2,"href":"https:\/\/nuevo-renacer.com\/pt\/wp-json\/wp\/v2\/pages\/3949\/revisions"}],"predecessor-version":[{"id":3952,"href":"https:\/\/nuevo-renacer.com\/pt\/wp-json\/wp\/v2\/pages\/3949\/revisions\/3952"}],"wp:featuredmedia":[{"embeddable":true,"href":"https:\/\/nuevo-renacer.com\/pt\/wp-json\/wp\/v2\/media\/3951"}],"wp:attachment":[{"href":"https:\/\/nuevo-renacer.com\/pt\/wp-json\/wp\/v2\/media?parent=3949"}],"curies":[{"name":"wp","href":"https:\/\/api.w.org\/{rel}","templated":true}]}}