{"id":3928,"date":"2024-07-17T08:15:01","date_gmt":"2024-07-17T08:15:01","guid":{"rendered":"https:\/\/ufec-mundial.com\/?page_id=3928"},"modified":"2024-07-17T08:15:05","modified_gmt":"2024-07-17T08:15:05","slug":"amelia-rodrigues","status":"publish","type":"page","link":"https:\/\/nuevo-renacer.com\/pt\/amelia-rodrigues\/","title":{"rendered":"Am\u00e9lia Rodrigues"},"content":{"rendered":"<div class=\"wp-block-uagb-container uagb-block-a180046c alignfull uagb-is-root-container\"><div class=\"uagb-container-inner-blocks-wrap\">\n<p class=\"has-medium-font-size\"><strong>Am\u00e9lia Rodrigues<\/strong><\/p>\n<\/div><\/div>\n\n\n\n<div class=\"wp-block-uagb-container uagb-block-ff4656c6 alignfull uagb-is-root-container\"><div class=\"uagb-container-inner-blocks-wrap\">\n<figure class=\"wp-block-image size-full is-resized\"><img fetchpriority=\"high\" decoding=\"async\" width=\"500\" height=\"708\" src=\"https:\/\/ufec-mundial.com\/wp-content\/uploads\/2024\/07\/foto_amelia.jpg\" alt=\"\" class=\"wp-image-3930\" style=\"width:253px;height:auto\" srcset=\"https:\/\/nuevo-renacer.com\/wp-content\/uploads\/2024\/07\/foto_amelia.jpg 500w, https:\/\/nuevo-renacer.com\/wp-content\/uploads\/2024\/07\/foto_amelia-212x300.jpg 212w, https:\/\/nuevo-renacer.com\/wp-content\/uploads\/2024\/07\/foto_amelia-8x12.jpg 8w\" sizes=\"(max-width: 500px) 100vw, 500px\" \/><\/figure>\n<\/div><\/div>\n\n\n\n<div class=\"wp-block-uagb-container uagb-block-4b0a6c6a alignfull uagb-is-root-container\"><div class=\"uagb-container-inner-blocks-wrap\">\n<p class=\"has-black-color has-text-color has-link-color has-small-font-size wp-elements-b5fcdfa9c71f33b14813c0db3a8236b6\">Am\u00e9lia Augusta do Sacramento Rodrigues nasceu em 26 de maio de 1861 na Fazenda Campos, localizada na freguesia de Oliveira dos Campinhos, no munic\u00edpio de Santo Amaro da Purifica\u00e7\u00e3o, no estado da Bahia. Filha de F\u00e9lix Rodrigues e de Dona Maria Raquelina Rodrigues, desde a inf\u00e2ncia demonstrou elevada condi\u00e7\u00e3o espiritual, tendo come\u00e7ado a escrever poesias aos 12 anos de idade.<\/p>\n\n\n\n<p class=\"has-black-color has-text-color has-link-color has-small-font-size wp-elements-da12c4fcab1d5d83057709500f41f396\">Estudou com o C\u00f4nego Alexandrino do Prado e foi aluna dos professores Ant\u00f4nio de Ara\u00fajo Gomes de S\u00e1 e Manuel Rodrigues M. de Almeida. Sua voca\u00e7\u00e3o para o ensino era inata. Matriculou-se na escola da professora C\u00e2ndida \u00c1lvares dos Santos e come\u00e7ou a lecionar no Arraial da Lapa.<\/p>\n\n\n\n<p class=\"has-black-color has-text-color has-link-color has-small-font-size wp-elements-6dfafabafa4f18973f99a416d05e7489\">Alguns anos depois, candidatou-se a uma vaga em Santo Amaro da Purifica\u00e7\u00e3o. Ela foi bem-sucedida e lecionou l\u00e1 por oito anos consecutivos. Em 1891, gra\u00e7as \u00e0 sua habilidade pedag\u00f3gica e ao seu amor pela causa da educa\u00e7\u00e3o, foi transferida para Salvador e designada para a Escola Central no bairro de Santo Ant\u00f4nio.<\/p>\n\n\n\n<p class=\"has-black-color has-text-color has-link-color has-small-font-size wp-elements-acce882e50dc1ecd23561d145673aaf5\">Em 1905, um de seus alunos, ainda adolescente, foi selecionado para ensinar ingl\u00eas usando o sistema do fil\u00f3sofo Spencer. Am\u00e9lia Rodrigues n\u00e3o apenas o ajudou a entender o pensamento do fil\u00f3sofo, mas complementou seu aprendizado. Ela lhe disse: \u201cOs jovens precisam de educa\u00e7\u00e3o moral, que \u00e9 o princ\u00edpio fundamental da disciplina social; sem apelar para o cora\u00e7\u00e3o, educar \u00e9 formar no homem as for\u00e7as mais duradouras da ordem social\u201d.<\/p>\n\n\n\n<p class=\"has-black-color has-text-color has-link-color has-small-font-size wp-elements-ff0861bf0f8cfdc4edff976834c58410\">O pensamento de Am\u00e9lia Rodrigues coincide com o de F\u00e9nelon em O Evangelho segundo o Espiritismo: \u201cEducar \u00e9 formar homens de bem, n\u00e3o apenas instru\u00ed-los\u201d. Not\u00e1vel professora, foi tamb\u00e9m poetisa em\u00e9rita, al\u00e9m de aclamada escritora e dramaturga, ou seja, leg\u00edtima expoente cultural das Letras Baianas. Entre as pe\u00e7as que escreveu est\u00e3o \u201cFausta\u201d e \u201cLa Natividad\u201d. Tamb\u00e9m escreveu literatura infantil, obras did\u00e1ticas e romances.<\/p>\n\n\n\n<p class=\"has-black-color has-text-color has-link-color has-small-font-size wp-elements-e1ff88375c7faa9a100d89886f505475\">Quando ele se aposentou, teve dificuldade para descansar. Seu ideal de ensinar ainda estava vivo. Quando recuperou suas energias, voltou a ensinar com mais for\u00e7a ainda e fundou a Escola Infantil Maria Auxiliadora, que mais tarde se tornou a \u201cA\u00e7\u00e3o para os Expostos\u201d.<\/p>\n\n\n\n<p class=\"has-black-color has-text-color has-link-color has-small-font-size wp-elements-4fe3ed9fa0b265721c70ab0b074c1b93\">Al\u00e9m de mostrar claramente sua ideologia abolicionista, aproveitando o tempo dispon\u00edvel, dedicou-se \u00e0 literatura e ao jornalismo, colaborando em publica\u00e7\u00f5es religiosas, entre elas \u201cO Mensageiro da F\u00e9\u201d. Em seguida, na revista A Paladina e, posteriormente, em A Voz.<\/p>\n\n\n\n<p class=\"has-black-color has-text-color has-link-color has-small-font-size wp-elements-b85cf98a0b79ed9a0b0fe9e19c8c9f9f\">Am\u00e9lia Rodrigues faleceu em 22 de agosto de 1926, aos 65 anos, em Salvador, deixando sua marca de trabalho inigual\u00e1vel na Educa\u00e7\u00e3o, Literatura e Assist\u00eancia Social.<\/p>\n\n\n\n<p class=\"has-black-color has-text-color has-link-color has-small-font-size wp-elements-93c4bbd0d92320c24f51eed143f3b89c\">No Plano Espiritual, continuou seu trabalho esclarecedor e educativo, baseado no Evangelho de Jesus, fonte de inspira\u00e7\u00e3o de suas obras quando encarnada. Encontrou na Espiritualidade - a seara infinita da imortalidade - maior expans\u00e3o para seu esp\u00edrito, sedento de conhecimento e faminto de amor, dando vaz\u00e3o aos seus mais nobres desejos.<\/p>\n\n\n\n<p class=\"has-black-color has-text-color has-link-color has-small-font-size wp-elements-882663872711125ce1ffbdd8c7ec926b\">Aprofundou-se na mensagem de Jesus e atualmente integra a falange de Joanna de \u00c2ngelis, mentora de Divaldo Pereira Franco. Por meio da psicografia do abnegado m\u00e9dium, tem contribu\u00eddo com p\u00e1ginas de intraduz\u00edvel beleza, abordando os mais variados temas do Evangelho - seu assunto predileto -, de onde extrai li\u00e7\u00f5es edificantes para os que se encontram cansados e sobrecarregados, necessitados de orienta\u00e7\u00e3o e consolo.<\/p>\n\n\n\n<p class=\"has-black-color has-text-color has-link-color has-small-font-size wp-elements-ba27b46bc42d2c36af0979233543d501\">Atrav\u00e9s da psicografia de Divaldo, Am\u00e9lia Rodrigues trouxe as seguintes obras: At\u00e9 o Fim dos Tempos; H\u00e1 Flores no Caminho; Luz do Mundo; O Semeador (para crian\u00e7as); Nos Caminhos de Jesus; Prim\u00edcias do Reino; Quando a Primavera Voltar; e O Trigo de Deus.<\/p>\n<\/div><\/div>","protected":false},"excerpt":{"rendered":"<p>Am\u00e9lia Rodrigues Am\u00e9lia Augusta do Sacramento Rodrigues naci\u00f3 el 26 de mayo de 1861 en Fazenda Campos, situada en la parroquia de Oliveira dos Campinhos, en el municipio de Santo Amaro da Purifica\u00e7\u00e3o, en el estado de Bah\u00eda. Hija de F\u00e9lix Rodrigues y de do\u00f1a Maria Raquelina Rodrigues, ya desde la infancia mostr\u00f3 una elevada [&hellip;]<\/p>","protected":false},"author":1,"featured_media":3930,"parent":0,"menu_order":0,"comment_status":"closed","ping_status":"closed","template":"","meta":{"_uag_custom_page_level_css":"","site-sidebar-layout":"default","site-content-layout":"","ast-site-content-layout":"default","site-content-style":"default","site-sidebar-style":"default","ast-global-header-display":"","ast-banner-title-visibility":"","ast-main-header-display":"","ast-hfb-above-header-display":"","ast-hfb-below-header-display":"","ast-hfb-mobile-header-display":"","site-post-title":"","ast-breadcrumbs-content":"","ast-featured-img":"","footer-sml-layout":"","theme-transparent-header-meta":"","adv-header-id-meta":"","stick-header-meta":"","header-above-stick-meta":"","header-main-stick-meta":"","header-below-stick-meta":"","astra-migrate-meta-layouts":"set","ast-page-background-enabled":"default","ast-page-background-meta":{"desktop":{"background-color":"var(--ast-global-color-4)","background-image":"","background-repeat":"repeat","background-position":"center center","background-size":"auto","background-attachment":"scroll","background-type":"","background-media":"","overlay-type":"","overlay-color":"","overlay-opacity":"","overlay-gradient":""},"tablet":{"background-color":"","background-image":"","background-repeat":"repeat","background-position":"center center","background-size":"auto","background-attachment":"scroll","background-type":"","background-media":"","overlay-type":"","overlay-color":"","overlay-opacity":"","overlay-gradient":""},"mobile":{"background-color":"","background-image":"","background-repeat":"repeat","background-position":"center center","background-size":"auto","background-attachment":"scroll","background-type":"","background-media":"","overlay-type":"","overlay-color":"","overlay-opacity":"","overlay-gradient":""}},"ast-content-background-meta":{"desktop":{"background-color":"var(--ast-global-color-5)","background-image":"","background-repeat":"repeat","background-position":"center center","background-size":"auto","background-attachment":"scroll","background-type":"","background-media":"","overlay-type":"","overlay-color":"","overlay-opacity":"","overlay-gradient":""},"tablet":{"background-color":"var(--ast-global-color-5)","background-image":"","background-repeat":"repeat","background-position":"center center","background-size":"auto","background-attachment":"scroll","background-type":"","background-media":"","overlay-type":"","overlay-color":"","overlay-opacity":"","overlay-gradient":""},"mobile":{"background-color":"var(--ast-global-color-5)","background-image":"","background-repeat":"repeat","background-position":"center center","background-size":"auto","background-attachment":"scroll","background-type":"","background-media":"","overlay-type":"","overlay-color":"","overlay-opacity":"","overlay-gradient":""}},"footnotes":""},"class_list":["post-3928","page","type-page","status-publish","has-post-thumbnail","hentry"],"yoast_head":"<!-- This site is optimized with the Yoast SEO Premium plugin v24.2 (Yoast SEO v24.6) - https:\/\/yoast.com\/wordpress\/plugins\/seo\/ -->\n<title>Am\u00e9lia Rodrigues - Uni\u00f3n Esp\u00edrita<\/title>\n<meta name=\"robots\" content=\"index, follow, max-snippet:-1, max-image-preview:large, max-video-preview:-1\" \/>\n<link rel=\"canonical\" href=\"https:\/\/nuevo-renacer.com\/pt\/amelia-rodrigues\/\" \/>\n<meta property=\"og:locale\" content=\"pt_BR\" \/>\n<meta property=\"og:type\" content=\"article\" \/>\n<meta property=\"og:title\" content=\"Am\u00e9lia Rodrigues\" \/>\n<meta property=\"og:description\" content=\"Am\u00e9lia Rodrigues Am\u00e9lia Augusta do Sacramento Rodrigues naci\u00f3 el 26 de mayo de 1861 en Fazenda Campos, situada en la parroquia de Oliveira dos Campinhos, en el municipio de Santo Amaro da Purifica\u00e7\u00e3o, en el estado de Bah\u00eda. Hija de F\u00e9lix Rodrigues y de do\u00f1a Maria Raquelina Rodrigues, ya desde la infancia mostr\u00f3 una elevada [&hellip;]\" \/>\n<meta property=\"og:url\" content=\"https:\/\/nuevo-renacer.com\/pt\/amelia-rodrigues\/\" \/>\n<meta property=\"og:site_name\" content=\"Uni\u00f3n Esp\u00edrita\" \/>\n<meta property=\"article:publisher\" content=\"https:\/\/www.facebook.com\/groups\/3431398063740829\" \/>\n<meta property=\"article:modified_time\" content=\"2024-07-17T08:15:05+00:00\" \/>\n<meta property=\"og:image\" content=\"https:\/\/nuevo-renacer.com\/wp-content\/uploads\/2024\/07\/foto_amelia.jpg\" \/>\n\t<meta property=\"og:image:width\" content=\"500\" \/>\n\t<meta property=\"og:image:height\" content=\"708\" \/>\n\t<meta property=\"og:image:type\" content=\"image\/jpeg\" \/>\n<meta name=\"twitter:card\" content=\"summary_large_image\" \/>\n<meta name=\"twitter:label1\" content=\"Est. tempo de leitura\" \/>\n\t<meta name=\"twitter:data1\" content=\"3 minutos\" \/>\n<script type=\"application\/ld+json\" class=\"yoast-schema-graph\">{\"@context\":\"https:\/\/schema.org\",\"@graph\":[{\"@type\":\"WebPage\",\"@id\":\"https:\/\/nuevo-renacer.com\/de\/amelia-rodrigues\/\",\"url\":\"https:\/\/nuevo-renacer.com\/de\/amelia-rodrigues\/\",\"name\":\"Am\u00e9lia Rodrigues - Uni\u00f3n Esp\u00edrita\",\"isPartOf\":{\"@id\":\"https:\/\/nuevo-renacer.com\/#website\"},\"primaryImageOfPage\":{\"@id\":\"https:\/\/nuevo-renacer.com\/de\/amelia-rodrigues\/#primaryimage\"},\"image\":{\"@id\":\"https:\/\/nuevo-renacer.com\/de\/amelia-rodrigues\/#primaryimage\"},\"thumbnailUrl\":\"https:\/\/nuevo-renacer.com\/wp-content\/uploads\/2024\/07\/foto_amelia.jpg\",\"datePublished\":\"2024-07-17T08:15:01+00:00\",\"dateModified\":\"2024-07-17T08:15:05+00:00\",\"breadcrumb\":{\"@id\":\"https:\/\/nuevo-renacer.com\/de\/amelia-rodrigues\/#breadcrumb\"},\"inLanguage\":\"pt-BR\",\"potentialAction\":[{\"@type\":\"ReadAction\",\"target\":[\"https:\/\/nuevo-renacer.com\/de\/amelia-rodrigues\/\"]}]},{\"@type\":\"ImageObject\",\"inLanguage\":\"pt-BR\",\"@id\":\"https:\/\/nuevo-renacer.com\/de\/amelia-rodrigues\/#primaryimage\",\"url\":\"https:\/\/nuevo-renacer.com\/wp-content\/uploads\/2024\/07\/foto_amelia.jpg\",\"contentUrl\":\"https:\/\/nuevo-renacer.com\/wp-content\/uploads\/2024\/07\/foto_amelia.jpg\",\"width\":500,\"height\":708},{\"@type\":\"BreadcrumbList\",\"@id\":\"https:\/\/nuevo-renacer.com\/de\/amelia-rodrigues\/#breadcrumb\",\"itemListElement\":[{\"@type\":\"ListItem\",\"position\":1,\"name\":\"Startseite\",\"item\":\"https:\/\/nuevo-renacer.com\/\"},{\"@type\":\"ListItem\",\"position\":2,\"name\":\"Am\u00e9lia Rodrigues\"}]},{\"@type\":\"WebSite\",\"@id\":\"https:\/\/nuevo-renacer.com\/#website\",\"url\":\"https:\/\/nuevo-renacer.com\/\",\"name\":\"Uni\u00f3n Esp\u00edrita\",\"description\":\"Nuevo Renacer\",\"publisher\":{\"@id\":\"https:\/\/nuevo-renacer.com\/#organization\"},\"potentialAction\":[{\"@type\":\"SearchAction\",\"target\":{\"@type\":\"EntryPoint\",\"urlTemplate\":\"https:\/\/nuevo-renacer.com\/?s={search_term_string}\"},\"query-input\":{\"@type\":\"PropertyValueSpecification\",\"valueRequired\":true,\"valueName\":\"search_term_string\"}}],\"inLanguage\":\"pt-BR\"},{\"@type\":\"Organization\",\"@id\":\"https:\/\/nuevo-renacer.com\/#organization\",\"name\":\"UFEC\",\"url\":\"https:\/\/nuevo-renacer.com\/\",\"logo\":{\"@type\":\"ImageObject\",\"inLanguage\":\"pt-BR\",\"@id\":\"https:\/\/nuevo-renacer.com\/#\/schema\/logo\/image\/\",\"url\":\"https:\/\/nuevo-renacer.com\/wp-content\/uploads\/2024\/05\/cropped-LOGO-TERMINADO1-3-3.png\",\"contentUrl\":\"https:\/\/nuevo-renacer.com\/wp-content\/uploads\/2024\/05\/cropped-LOGO-TERMINADO1-3-3.png\",\"width\":512,\"height\":512,\"caption\":\"UFEC\"},\"image\":{\"@id\":\"https:\/\/nuevo-renacer.com\/#\/schema\/logo\/image\/\"},\"sameAs\":[\"https:\/\/www.facebook.com\/groups\/3431398063740829\"]}]}<\/script>\n<!-- \/ Yoast SEO Premium plugin. -->","yoast_head_json":{"title":"Am\u00e9lia Rodrigues - Uni\u00f3n Esp\u00edrita","robots":{"index":"index","follow":"follow","max-snippet":"max-snippet:-1","max-image-preview":"max-image-preview:large","max-video-preview":"max-video-preview:-1"},"canonical":"https:\/\/nuevo-renacer.com\/pt\/amelia-rodrigues\/","og_locale":"pt_BR","og_type":"article","og_title":"Am\u00e9lia Rodrigues","og_description":"Am\u00e9lia Rodrigues Am\u00e9lia Augusta do Sacramento Rodrigues naci\u00f3 el 26 de mayo de 1861 en Fazenda Campos, situada en la parroquia de Oliveira dos Campinhos, en el municipio de Santo Amaro da Purifica\u00e7\u00e3o, en el estado de Bah\u00eda. Hija de F\u00e9lix Rodrigues y de do\u00f1a Maria Raquelina Rodrigues, ya desde la infancia mostr\u00f3 una elevada [&hellip;]","og_url":"https:\/\/nuevo-renacer.com\/pt\/amelia-rodrigues\/","og_site_name":"Uni\u00f3n Esp\u00edrita","article_publisher":"https:\/\/www.facebook.com\/groups\/3431398063740829","article_modified_time":"2024-07-17T08:15:05+00:00","og_image":[{"width":500,"height":708,"url":"https:\/\/nuevo-renacer.com\/wp-content\/uploads\/2024\/07\/foto_amelia.jpg","type":"image\/jpeg"}],"twitter_card":"summary_large_image","twitter_misc":{"Est. tempo de leitura":"3 minutos"},"schema":{"@context":"https:\/\/schema.org","@graph":[{"@type":"WebPage","@id":"https:\/\/nuevo-renacer.com\/de\/amelia-rodrigues\/","url":"https:\/\/nuevo-renacer.com\/de\/amelia-rodrigues\/","name":"Am\u00e9lia Rodrigues - Uni\u00f3n Esp\u00edrita","isPartOf":{"@id":"https:\/\/nuevo-renacer.com\/#website"},"primaryImageOfPage":{"@id":"https:\/\/nuevo-renacer.com\/de\/amelia-rodrigues\/#primaryimage"},"image":{"@id":"https:\/\/nuevo-renacer.com\/de\/amelia-rodrigues\/#primaryimage"},"thumbnailUrl":"https:\/\/nuevo-renacer.com\/wp-content\/uploads\/2024\/07\/foto_amelia.jpg","datePublished":"2024-07-17T08:15:01+00:00","dateModified":"2024-07-17T08:15:05+00:00","breadcrumb":{"@id":"https:\/\/nuevo-renacer.com\/de\/amelia-rodrigues\/#breadcrumb"},"inLanguage":"pt-BR","potentialAction":[{"@type":"ReadAction","target":["https:\/\/nuevo-renacer.com\/de\/amelia-rodrigues\/"]}]},{"@type":"ImageObject","inLanguage":"pt-BR","@id":"https:\/\/nuevo-renacer.com\/de\/amelia-rodrigues\/#primaryimage","url":"https:\/\/nuevo-renacer.com\/wp-content\/uploads\/2024\/07\/foto_amelia.jpg","contentUrl":"https:\/\/nuevo-renacer.com\/wp-content\/uploads\/2024\/07\/foto_amelia.jpg","width":500,"height":708},{"@type":"BreadcrumbList","@id":"https:\/\/nuevo-renacer.com\/de\/amelia-rodrigues\/#breadcrumb","itemListElement":[{"@type":"ListItem","position":1,"name":"Startseite","item":"https:\/\/nuevo-renacer.com\/"},{"@type":"ListItem","position":2,"name":"Am\u00e9lia Rodrigues"}]},{"@type":"WebSite","@id":"https:\/\/nuevo-renacer.com\/#website","url":"https:\/\/nuevo-renacer.com\/","name":"Uni\u00f3n Esp\u00edrita","description":"Nuevo Renacer","publisher":{"@id":"https:\/\/nuevo-renacer.com\/#organization"},"potentialAction":[{"@type":"SearchAction","target":{"@type":"EntryPoint","urlTemplate":"https:\/\/nuevo-renacer.com\/?s={search_term_string}"},"query-input":{"@type":"PropertyValueSpecification","valueRequired":true,"valueName":"search_term_string"}}],"inLanguage":"pt-BR"},{"@type":"Organization","@id":"https:\/\/nuevo-renacer.com\/#organization","name":"UFEC","url":"https:\/\/nuevo-renacer.com\/","logo":{"@type":"ImageObject","inLanguage":"pt-BR","@id":"https:\/\/nuevo-renacer.com\/#\/schema\/logo\/image\/","url":"https:\/\/nuevo-renacer.com\/wp-content\/uploads\/2024\/05\/cropped-LOGO-TERMINADO1-3-3.png","contentUrl":"https:\/\/nuevo-renacer.com\/wp-content\/uploads\/2024\/05\/cropped-LOGO-TERMINADO1-3-3.png","width":512,"height":512,"caption":"UFEC"},"image":{"@id":"https:\/\/nuevo-renacer.com\/#\/schema\/logo\/image\/"},"sameAs":["https:\/\/www.facebook.com\/groups\/3431398063740829"]}]}},"uagb_featured_image_src":{"full":["https:\/\/nuevo-renacer.com\/wp-content\/uploads\/2024\/07\/foto_amelia.jpg",500,708,false],"thumbnail":["https:\/\/nuevo-renacer.com\/wp-content\/uploads\/2024\/07\/foto_amelia-150x150.jpg",150,150,true],"medium":["https:\/\/nuevo-renacer.com\/wp-content\/uploads\/2024\/07\/foto_amelia-212x300.jpg",212,300,true],"medium_large":["https:\/\/nuevo-renacer.com\/wp-content\/uploads\/2024\/07\/foto_amelia.jpg",500,708,false],"large":["https:\/\/nuevo-renacer.com\/wp-content\/uploads\/2024\/07\/foto_amelia.jpg",500,708,false],"1536x1536":["https:\/\/nuevo-renacer.com\/wp-content\/uploads\/2024\/07\/foto_amelia.jpg",500,708,false],"2048x2048":["https:\/\/nuevo-renacer.com\/wp-content\/uploads\/2024\/07\/foto_amelia.jpg",500,708,false],"trp-custom-language-flag":["https:\/\/nuevo-renacer.com\/wp-content\/uploads\/2024\/07\/foto_amelia-8x12.jpg",8,12,true]},"uagb_author_info":{"display_name":"adbv0","author_link":"https:\/\/nuevo-renacer.com\/pt\/author\/adbv0\/"},"uagb_comment_info":0,"uagb_excerpt":"Am\u00e9lia Rodrigues Am\u00e9lia Augusta do Sacramento Rodrigues naci\u00f3 el 26 de mayo de 1861 en Fazenda Campos, situada en la parroquia de Oliveira dos Campinhos, en el municipio de Santo Amaro da Purifica\u00e7\u00e3o, en el estado de Bah\u00eda. Hija de F\u00e9lix Rodrigues y de do\u00f1a Maria Raquelina Rodrigues, ya desde la infancia mostr\u00f3 una elevada&hellip;","jetpack_sharing_enabled":true,"_links":{"self":[{"href":"https:\/\/nuevo-renacer.com\/pt\/wp-json\/wp\/v2\/pages\/3928","targetHints":{"allow":["GET"]}}],"collection":[{"href":"https:\/\/nuevo-renacer.com\/pt\/wp-json\/wp\/v2\/pages"}],"about":[{"href":"https:\/\/nuevo-renacer.com\/pt\/wp-json\/wp\/v2\/types\/page"}],"author":[{"embeddable":true,"href":"https:\/\/nuevo-renacer.com\/pt\/wp-json\/wp\/v2\/users\/1"}],"replies":[{"embeddable":true,"href":"https:\/\/nuevo-renacer.com\/pt\/wp-json\/wp\/v2\/comments?post=3928"}],"version-history":[{"count":2,"href":"https:\/\/nuevo-renacer.com\/pt\/wp-json\/wp\/v2\/pages\/3928\/revisions"}],"predecessor-version":[{"id":3931,"href":"https:\/\/nuevo-renacer.com\/pt\/wp-json\/wp\/v2\/pages\/3928\/revisions\/3931"}],"wp:featuredmedia":[{"embeddable":true,"href":"https:\/\/nuevo-renacer.com\/pt\/wp-json\/wp\/v2\/media\/3930"}],"wp:attachment":[{"href":"https:\/\/nuevo-renacer.com\/pt\/wp-json\/wp\/v2\/media?parent=3928"}],"curies":[{"name":"wp","href":"https:\/\/api.w.org\/{rel}","templated":true}]}}