{"id":3905,"date":"2024-07-17T06:30:45","date_gmt":"2024-07-17T06:30:45","guid":{"rendered":"https:\/\/ufec-mundial.com\/?page_id=3905"},"modified":"2024-12-18T12:33:30","modified_gmt":"2024-12-18T12:33:30","slug":"los-limites-de-la-encarnacion","status":"publish","type":"page","link":"https:\/\/nuevo-renacer.com\/pt\/los-limites-de-la-encarnacion\/","title":{"rendered":"Os limites da encarna\u00e7\u00e3o"},"content":{"rendered":"<div class=\"wp-block-uagb-container uagb-block-9d4d2d3e alignfull uagb-is-root-container\"><div class=\"uagb-container-inner-blocks-wrap\">\n<p class=\"has-black-color has-text-color has-link-color has-medium-font-size wp-elements-caec781c4e2850f313d2acc21e2cca51\"><strong>Os limites da encarna\u00e7\u00e3o<\/strong><\/p>\n<\/div><\/div>\n\n\n\n<div class=\"wp-block-uagb-container uagb-block-fc223291 alignfull uagb-is-root-container\"><div class=\"uagb-container-inner-blocks-wrap\">\n<figure class=\"wp-block-image size-full is-resized\"><img fetchpriority=\"high\" decoding=\"async\" width=\"417\" height=\"555\" src=\"https:\/\/ufec-mundial.com\/wp-content\/uploads\/2024\/07\/440775468_7783319901688424_3283729513240695314_n.jpg\" alt=\"\" class=\"wp-image-3907\" style=\"width:338px;height:auto\" srcset=\"https:\/\/nuevo-renacer.com\/wp-content\/uploads\/2024\/07\/440775468_7783319901688424_3283729513240695314_n.jpg 417w, https:\/\/nuevo-renacer.com\/wp-content\/uploads\/2024\/07\/440775468_7783319901688424_3283729513240695314_n-225x300.jpg 225w, https:\/\/nuevo-renacer.com\/wp-content\/uploads\/2024\/07\/440775468_7783319901688424_3283729513240695314_n-9x12.jpg 9w\" sizes=\"(max-width: 417px) 100vw, 417px\" \/><\/figure>\n<\/div><\/div>\n\n\n\n<div class=\"wp-block-uagb-container uagb-block-1626c704 alignfull uagb-is-root-container\"><div class=\"uagb-container-inner-blocks-wrap\">\n<p class=\"has-black-color has-text-color has-link-color has-small-font-size wp-elements-70370c225cc574c09568ea647fd5ff94\">Quais s\u00e3o os limites da encarna\u00e7\u00e3o? Quando falamos do inv\u00f3lucro que forma o corpo do esp\u00edrito, a encarna\u00e7\u00e3o n\u00e3o tem limites exatamente definidos, pois a materialidade desse inv\u00f3lucro diminui \u00e0 medida que o esp\u00edrito se purifica.<\/p>\n\n\n\n<p class=\"has-black-color has-text-color has-link-color has-small-font-size wp-elements-0c6c206a6d70bff1dc6bb0a1e0040e58\">Em alguns mundos mais avan\u00e7ados que a Terra, esse corpo \u00e9 menos compacto, menos pesado e menos denso e, portanto, menos sujeito a vicissitudes. Em um n\u00edvel mais elevado, ele \u00e9 perme\u00e1vel e quase fluido. De n\u00edvel em n\u00edvel, ele se desmaterializa e acaba se fundindo com o perisp\u00edrito.<\/p>\n\n\n\n<p class=\"has-black-color has-text-color has-link-color has-small-font-size wp-elements-97f3b6d8b980f9ded54f6fa74ff1152c\">De acordo com o mundo em que tem de viver, o esp\u00edrito adota o inv\u00f3lucro que corresponde \u00e0 natureza desse mundo. O perisp\u00edrito tamb\u00e9m passa por uma transforma\u00e7\u00e3o gradual. Ele se torna cada vez mais et\u00e9reo at\u00e9 atingir a pureza completa que caracteriza os esp\u00edritos puros.<\/p>\n\n\n\n<p class=\"has-black-color has-text-color has-link-color has-small-font-size wp-elements-19dc9a9ca8b6ffefb90f6cc3e34dd36e\">Embora existam mundos especiais destinados \u00e0 resid\u00eancia de esp\u00edritos altamente desenvolvidos, eles n\u00e3o est\u00e3o sujeitos a eles, como acontece nos mundos inferiores. O estado de desapego em que se encontram lhes permite ir aonde as tarefas que lhes foram confiadas os chamam.<\/p>\n\n\n\n<p class=\"has-black-color has-text-color has-link-color has-small-font-size wp-elements-6396dd5d1f082d8ee5c7a2faab2401bf\">Se considerarmos a encarna\u00e7\u00e3o do ponto de vista material, como ela ocorre na Terra, podemos dizer que ela est\u00e1 confinada aos mundos inferiores. Portanto, cabe ao esp\u00edrito se libertar dela mais ou menos rapidamente por meio do trabalho de purifica\u00e7\u00e3o.<\/p>\n\n\n\n<p class=\"has-black-color has-text-color has-link-color has-small-font-size wp-elements-f3e6a7e218a2708077e2ad8d29ac8c2d\">Deve-se ter em mente tamb\u00e9m que, no estado errante, ou seja, no intervalo das exist\u00eancias corp\u00f3reas, a situa\u00e7\u00e3o do esp\u00edrito est\u00e1 relacionada \u00e0 natureza do mundo ao qual seu grau de progresso o vincula. Assim, na imperman\u00eancia, o esp\u00edrito \u00e9 mais ou menos feliz, livre e iluminado, de acordo com sua maior ou menor desmaterializa\u00e7\u00e3o.<\/p>\n<\/div><\/div>\n\n\n\n<div class=\"wp-block-uagb-container uagb-block-2f4343e6 alignfull uagb-is-root-container\"><div class=\"uagb-container-inner-blocks-wrap\"><\/div><\/div>\n\n\n\n<div class=\"wp-block-uagb-container uagb-block-89752397 alignfull uagb-is-root-container\"><div class=\"uagb-container-inner-blocks-wrap\"><\/div><\/div>","protected":false},"excerpt":{"rendered":"<p>Los l\u00edmites de la encarnaci\u00f3n \u00bfCu\u00e1les son los l\u00edmites de la encarnaci\u00f3n? Cuando hablamos de la envoltura que forma el cuerpo del esp\u00edritu, la encarnaci\u00f3n no tiene l\u00edmites exactamente definidos, pues la materialidad de esta envoltura disminuye a medida que el esp\u00edritu se purifica. En algunos mundos m\u00e1s avanzados que la Tierra, este cuerpo es [&hellip;]<\/p>","protected":false},"author":1,"featured_media":3907,"parent":0,"menu_order":0,"comment_status":"closed","ping_status":"closed","template":"","meta":{"_uag_custom_page_level_css":"","site-sidebar-layout":"default","site-content-layout":"","ast-site-content-layout":"default","site-content-style":"default","site-sidebar-style":"default","ast-global-header-display":"","ast-banner-title-visibility":"","ast-main-header-display":"","ast-hfb-above-header-display":"","ast-hfb-below-header-display":"","ast-hfb-mobile-header-display":"","site-post-title":"","ast-breadcrumbs-content":"","ast-featured-img":"","footer-sml-layout":"","theme-transparent-header-meta":"","adv-header-id-meta":"","stick-header-meta":"","header-above-stick-meta":"","header-main-stick-meta":"","header-below-stick-meta":"","astra-migrate-meta-layouts":"set","ast-page-background-enabled":"default","ast-page-background-meta":{"desktop":{"background-color":"var(--ast-global-color-4)","background-image":"","background-repeat":"repeat","background-position":"center center","background-size":"auto","background-attachment":"scroll","background-type":"","background-media":"","overlay-type":"","overlay-color":"","overlay-opacity":"","overlay-gradient":""},"tablet":{"background-color":"","background-image":"","background-repeat":"repeat","background-position":"center center","background-size":"auto","background-attachment":"scroll","background-type":"","background-media":"","overlay-type":"","overlay-color":"","overlay-opacity":"","overlay-gradient":""},"mobile":{"background-color":"","background-image":"","background-repeat":"repeat","background-position":"center center","background-size":"auto","background-attachment":"scroll","background-type":"","background-media":"","overlay-type":"","overlay-color":"","overlay-opacity":"","overlay-gradient":""}},"ast-content-background-meta":{"desktop":{"background-color":"var(--ast-global-color-5)","background-image":"","background-repeat":"repeat","background-position":"center center","background-size":"auto","background-attachment":"scroll","background-type":"","background-media":"","overlay-type":"","overlay-color":"","overlay-opacity":"","overlay-gradient":""},"tablet":{"background-color":"var(--ast-global-color-5)","background-image":"","background-repeat":"repeat","background-position":"center center","background-size":"auto","background-attachment":"scroll","background-type":"","background-media":"","overlay-type":"","overlay-color":"","overlay-opacity":"","overlay-gradient":""},"mobile":{"background-color":"var(--ast-global-color-5)","background-image":"","background-repeat":"repeat","background-position":"center center","background-size":"auto","background-attachment":"scroll","background-type":"","background-media":"","overlay-type":"","overlay-color":"","overlay-opacity":"","overlay-gradient":""}},"footnotes":""},"class_list":["post-3905","page","type-page","status-publish","has-post-thumbnail","hentry"],"yoast_head":"<!-- This site is optimized with the Yoast SEO Premium plugin v24.2 (Yoast SEO v24.6) - https:\/\/yoast.com\/wordpress\/plugins\/seo\/ -->\n<title>Los l\u00edmites de la encarnaci\u00f3n - Uni\u00f3n Esp\u00edrita<\/title>\n<meta name=\"robots\" content=\"index, follow, max-snippet:-1, max-image-preview:large, max-video-preview:-1\" \/>\n<link rel=\"canonical\" href=\"https:\/\/nuevo-renacer.com\/pt\/los-limites-de-la-encarnacion\/\" \/>\n<meta property=\"og:locale\" content=\"pt_BR\" \/>\n<meta property=\"og:type\" content=\"article\" \/>\n<meta property=\"og:title\" content=\"Los l\u00edmites de la encarnaci\u00f3n\" \/>\n<meta property=\"og:description\" content=\"Los l\u00edmites de la encarnaci\u00f3n \u00bfCu\u00e1les son los l\u00edmites de la encarnaci\u00f3n? Cuando hablamos de la envoltura que forma el cuerpo del esp\u00edritu, la encarnaci\u00f3n no tiene l\u00edmites exactamente definidos, pues la materialidad de esta envoltura disminuye a medida que el esp\u00edritu se purifica. En algunos mundos m\u00e1s avanzados que la Tierra, este cuerpo es [&hellip;]\" \/>\n<meta property=\"og:url\" content=\"https:\/\/nuevo-renacer.com\/pt\/los-limites-de-la-encarnacion\/\" \/>\n<meta property=\"og:site_name\" content=\"Uni\u00f3n Esp\u00edrita\" \/>\n<meta property=\"article:publisher\" content=\"https:\/\/www.facebook.com\/groups\/3431398063740829\" \/>\n<meta property=\"article:modified_time\" content=\"2024-12-18T12:33:30+00:00\" \/>\n<meta property=\"og:image\" content=\"https:\/\/nuevo-renacer.com\/wp-content\/uploads\/2024\/07\/440775468_7783319901688424_3283729513240695314_n.jpg\" \/>\n\t<meta property=\"og:image:width\" content=\"417\" \/>\n\t<meta property=\"og:image:height\" content=\"555\" \/>\n\t<meta property=\"og:image:type\" content=\"image\/jpeg\" \/>\n<meta name=\"twitter:card\" content=\"summary_large_image\" \/>\n<meta name=\"twitter:label1\" content=\"Est. tempo de leitura\" \/>\n\t<meta name=\"twitter:data1\" content=\"2 minutos\" \/>\n<script type=\"application\/ld+json\" class=\"yoast-schema-graph\">{\"@context\":\"https:\/\/schema.org\",\"@graph\":[{\"@type\":\"WebPage\",\"@id\":\"https:\/\/nuevo-renacer.com\/los-limites-de-la-encarnacion\/\",\"url\":\"https:\/\/nuevo-renacer.com\/los-limites-de-la-encarnacion\/\",\"name\":\"Los l\u00edmites de la encarnaci\u00f3n - Uni\u00f3n Esp\u00edrita\",\"isPartOf\":{\"@id\":\"https:\/\/nuevo-renacer.com\/#website\"},\"primaryImageOfPage\":{\"@id\":\"https:\/\/nuevo-renacer.com\/los-limites-de-la-encarnacion\/#primaryimage\"},\"image\":{\"@id\":\"https:\/\/nuevo-renacer.com\/los-limites-de-la-encarnacion\/#primaryimage\"},\"thumbnailUrl\":\"https:\/\/nuevo-renacer.com\/wp-content\/uploads\/2024\/07\/440775468_7783319901688424_3283729513240695314_n.jpg\",\"datePublished\":\"2024-07-17T06:30:45+00:00\",\"dateModified\":\"2024-12-18T12:33:30+00:00\",\"breadcrumb\":{\"@id\":\"https:\/\/nuevo-renacer.com\/los-limites-de-la-encarnacion\/#breadcrumb\"},\"inLanguage\":\"pt-BR\",\"potentialAction\":[{\"@type\":\"ReadAction\",\"target\":[\"https:\/\/nuevo-renacer.com\/los-limites-de-la-encarnacion\/\"]}]},{\"@type\":\"ImageObject\",\"inLanguage\":\"pt-BR\",\"@id\":\"https:\/\/nuevo-renacer.com\/los-limites-de-la-encarnacion\/#primaryimage\",\"url\":\"https:\/\/nuevo-renacer.com\/wp-content\/uploads\/2024\/07\/440775468_7783319901688424_3283729513240695314_n.jpg\",\"contentUrl\":\"https:\/\/nuevo-renacer.com\/wp-content\/uploads\/2024\/07\/440775468_7783319901688424_3283729513240695314_n.jpg\",\"width\":417,\"height\":555},{\"@type\":\"BreadcrumbList\",\"@id\":\"https:\/\/nuevo-renacer.com\/los-limites-de-la-encarnacion\/#breadcrumb\",\"itemListElement\":[{\"@type\":\"ListItem\",\"position\":1,\"name\":\"Startseite\",\"item\":\"https:\/\/nuevo-renacer.com\/\"},{\"@type\":\"ListItem\",\"position\":2,\"name\":\"Los l\u00edmites de la encarnaci\u00f3n\"}]},{\"@type\":\"WebSite\",\"@id\":\"https:\/\/nuevo-renacer.com\/#website\",\"url\":\"https:\/\/nuevo-renacer.com\/\",\"name\":\"Uni\u00f3n Esp\u00edrita\",\"description\":\"Nuevo Renacer\",\"publisher\":{\"@id\":\"https:\/\/nuevo-renacer.com\/#organization\"},\"potentialAction\":[{\"@type\":\"SearchAction\",\"target\":{\"@type\":\"EntryPoint\",\"urlTemplate\":\"https:\/\/nuevo-renacer.com\/?s={search_term_string}\"},\"query-input\":{\"@type\":\"PropertyValueSpecification\",\"valueRequired\":true,\"valueName\":\"search_term_string\"}}],\"inLanguage\":\"pt-BR\"},{\"@type\":\"Organization\",\"@id\":\"https:\/\/nuevo-renacer.com\/#organization\",\"name\":\"UFEC\",\"url\":\"https:\/\/nuevo-renacer.com\/\",\"logo\":{\"@type\":\"ImageObject\",\"inLanguage\":\"pt-BR\",\"@id\":\"https:\/\/nuevo-renacer.com\/#\/schema\/logo\/image\/\",\"url\":\"https:\/\/nuevo-renacer.com\/wp-content\/uploads\/2024\/05\/cropped-LOGO-TERMINADO1-3-3.png\",\"contentUrl\":\"https:\/\/nuevo-renacer.com\/wp-content\/uploads\/2024\/05\/cropped-LOGO-TERMINADO1-3-3.png\",\"width\":512,\"height\":512,\"caption\":\"UFEC\"},\"image\":{\"@id\":\"https:\/\/nuevo-renacer.com\/#\/schema\/logo\/image\/\"},\"sameAs\":[\"https:\/\/www.facebook.com\/groups\/3431398063740829\"]}]}<\/script>\n<!-- \/ Yoast SEO Premium plugin. -->","yoast_head_json":{"title":"Los l\u00edmites de la encarnaci\u00f3n - Uni\u00f3n Esp\u00edrita","robots":{"index":"index","follow":"follow","max-snippet":"max-snippet:-1","max-image-preview":"max-image-preview:large","max-video-preview":"max-video-preview:-1"},"canonical":"https:\/\/nuevo-renacer.com\/pt\/los-limites-de-la-encarnacion\/","og_locale":"pt_BR","og_type":"article","og_title":"Los l\u00edmites de la encarnaci\u00f3n","og_description":"Los l\u00edmites de la encarnaci\u00f3n \u00bfCu\u00e1les son los l\u00edmites de la encarnaci\u00f3n? Cuando hablamos de la envoltura que forma el cuerpo del esp\u00edritu, la encarnaci\u00f3n no tiene l\u00edmites exactamente definidos, pues la materialidad de esta envoltura disminuye a medida que el esp\u00edritu se purifica. En algunos mundos m\u00e1s avanzados que la Tierra, este cuerpo es [&hellip;]","og_url":"https:\/\/nuevo-renacer.com\/pt\/los-limites-de-la-encarnacion\/","og_site_name":"Uni\u00f3n Esp\u00edrita","article_publisher":"https:\/\/www.facebook.com\/groups\/3431398063740829","article_modified_time":"2024-12-18T12:33:30+00:00","og_image":[{"width":417,"height":555,"url":"https:\/\/nuevo-renacer.com\/wp-content\/uploads\/2024\/07\/440775468_7783319901688424_3283729513240695314_n.jpg","type":"image\/jpeg"}],"twitter_card":"summary_large_image","twitter_misc":{"Est. tempo de leitura":"2 minutos"},"schema":{"@context":"https:\/\/schema.org","@graph":[{"@type":"WebPage","@id":"https:\/\/nuevo-renacer.com\/los-limites-de-la-encarnacion\/","url":"https:\/\/nuevo-renacer.com\/los-limites-de-la-encarnacion\/","name":"Los l\u00edmites de la encarnaci\u00f3n - Uni\u00f3n Esp\u00edrita","isPartOf":{"@id":"https:\/\/nuevo-renacer.com\/#website"},"primaryImageOfPage":{"@id":"https:\/\/nuevo-renacer.com\/los-limites-de-la-encarnacion\/#primaryimage"},"image":{"@id":"https:\/\/nuevo-renacer.com\/los-limites-de-la-encarnacion\/#primaryimage"},"thumbnailUrl":"https:\/\/nuevo-renacer.com\/wp-content\/uploads\/2024\/07\/440775468_7783319901688424_3283729513240695314_n.jpg","datePublished":"2024-07-17T06:30:45+00:00","dateModified":"2024-12-18T12:33:30+00:00","breadcrumb":{"@id":"https:\/\/nuevo-renacer.com\/los-limites-de-la-encarnacion\/#breadcrumb"},"inLanguage":"pt-BR","potentialAction":[{"@type":"ReadAction","target":["https:\/\/nuevo-renacer.com\/los-limites-de-la-encarnacion\/"]}]},{"@type":"ImageObject","inLanguage":"pt-BR","@id":"https:\/\/nuevo-renacer.com\/los-limites-de-la-encarnacion\/#primaryimage","url":"https:\/\/nuevo-renacer.com\/wp-content\/uploads\/2024\/07\/440775468_7783319901688424_3283729513240695314_n.jpg","contentUrl":"https:\/\/nuevo-renacer.com\/wp-content\/uploads\/2024\/07\/440775468_7783319901688424_3283729513240695314_n.jpg","width":417,"height":555},{"@type":"BreadcrumbList","@id":"https:\/\/nuevo-renacer.com\/los-limites-de-la-encarnacion\/#breadcrumb","itemListElement":[{"@type":"ListItem","position":1,"name":"Startseite","item":"https:\/\/nuevo-renacer.com\/"},{"@type":"ListItem","position":2,"name":"Los l\u00edmites de la encarnaci\u00f3n"}]},{"@type":"WebSite","@id":"https:\/\/nuevo-renacer.com\/#website","url":"https:\/\/nuevo-renacer.com\/","name":"Uni\u00f3n Esp\u00edrita","description":"Nuevo Renacer","publisher":{"@id":"https:\/\/nuevo-renacer.com\/#organization"},"potentialAction":[{"@type":"SearchAction","target":{"@type":"EntryPoint","urlTemplate":"https:\/\/nuevo-renacer.com\/?s={search_term_string}"},"query-input":{"@type":"PropertyValueSpecification","valueRequired":true,"valueName":"search_term_string"}}],"inLanguage":"pt-BR"},{"@type":"Organization","@id":"https:\/\/nuevo-renacer.com\/#organization","name":"UFEC","url":"https:\/\/nuevo-renacer.com\/","logo":{"@type":"ImageObject","inLanguage":"pt-BR","@id":"https:\/\/nuevo-renacer.com\/#\/schema\/logo\/image\/","url":"https:\/\/nuevo-renacer.com\/wp-content\/uploads\/2024\/05\/cropped-LOGO-TERMINADO1-3-3.png","contentUrl":"https:\/\/nuevo-renacer.com\/wp-content\/uploads\/2024\/05\/cropped-LOGO-TERMINADO1-3-3.png","width":512,"height":512,"caption":"UFEC"},"image":{"@id":"https:\/\/nuevo-renacer.com\/#\/schema\/logo\/image\/"},"sameAs":["https:\/\/www.facebook.com\/groups\/3431398063740829"]}]}},"uagb_featured_image_src":{"full":["https:\/\/nuevo-renacer.com\/wp-content\/uploads\/2024\/07\/440775468_7783319901688424_3283729513240695314_n.jpg",417,555,false],"thumbnail":["https:\/\/nuevo-renacer.com\/wp-content\/uploads\/2024\/07\/440775468_7783319901688424_3283729513240695314_n-150x150.jpg",150,150,true],"medium":["https:\/\/nuevo-renacer.com\/wp-content\/uploads\/2024\/07\/440775468_7783319901688424_3283729513240695314_n-225x300.jpg",225,300,true],"medium_large":["https:\/\/nuevo-renacer.com\/wp-content\/uploads\/2024\/07\/440775468_7783319901688424_3283729513240695314_n.jpg",417,555,false],"large":["https:\/\/nuevo-renacer.com\/wp-content\/uploads\/2024\/07\/440775468_7783319901688424_3283729513240695314_n.jpg",417,555,false],"1536x1536":["https:\/\/nuevo-renacer.com\/wp-content\/uploads\/2024\/07\/440775468_7783319901688424_3283729513240695314_n.jpg",417,555,false],"2048x2048":["https:\/\/nuevo-renacer.com\/wp-content\/uploads\/2024\/07\/440775468_7783319901688424_3283729513240695314_n.jpg",417,555,false],"trp-custom-language-flag":["https:\/\/nuevo-renacer.com\/wp-content\/uploads\/2024\/07\/440775468_7783319901688424_3283729513240695314_n-9x12.jpg",9,12,true]},"uagb_author_info":{"display_name":"adbv0","author_link":"https:\/\/nuevo-renacer.com\/pt\/author\/adbv0\/"},"uagb_comment_info":0,"uagb_excerpt":"Los l\u00edmites de la encarnaci\u00f3n \u00bfCu\u00e1les son los l\u00edmites de la encarnaci\u00f3n? Cuando hablamos de la envoltura que forma el cuerpo del esp\u00edritu, la encarnaci\u00f3n no tiene l\u00edmites exactamente definidos, pues la materialidad de esta envoltura disminuye a medida que el esp\u00edritu se purifica. En algunos mundos m\u00e1s avanzados que la Tierra, este cuerpo es&hellip;","jetpack_sharing_enabled":true,"_links":{"self":[{"href":"https:\/\/nuevo-renacer.com\/pt\/wp-json\/wp\/v2\/pages\/3905","targetHints":{"allow":["GET"]}}],"collection":[{"href":"https:\/\/nuevo-renacer.com\/pt\/wp-json\/wp\/v2\/pages"}],"about":[{"href":"https:\/\/nuevo-renacer.com\/pt\/wp-json\/wp\/v2\/types\/page"}],"author":[{"embeddable":true,"href":"https:\/\/nuevo-renacer.com\/pt\/wp-json\/wp\/v2\/users\/1"}],"replies":[{"embeddable":true,"href":"https:\/\/nuevo-renacer.com\/pt\/wp-json\/wp\/v2\/comments?post=3905"}],"version-history":[{"count":3,"href":"https:\/\/nuevo-renacer.com\/pt\/wp-json\/wp\/v2\/pages\/3905\/revisions"}],"predecessor-version":[{"id":6561,"href":"https:\/\/nuevo-renacer.com\/pt\/wp-json\/wp\/v2\/pages\/3905\/revisions\/6561"}],"wp:featuredmedia":[{"embeddable":true,"href":"https:\/\/nuevo-renacer.com\/pt\/wp-json\/wp\/v2\/media\/3907"}],"wp:attachment":[{"href":"https:\/\/nuevo-renacer.com\/pt\/wp-json\/wp\/v2\/media?parent=3905"}],"curies":[{"name":"wp","href":"https:\/\/api.w.org\/{rel}","templated":true}]}}