{"id":3883,"date":"2024-07-16T13:23:19","date_gmt":"2024-07-16T13:23:19","guid":{"rendered":"https:\/\/ufec-mundial.com\/?page_id=3883"},"modified":"2024-07-16T13:23:22","modified_gmt":"2024-07-16T13:23:22","slug":"no-os-olvideis-del-projimo","status":"publish","type":"page","link":"https:\/\/nuevo-renacer.com\/pt\/no-os-olvideis-del-projimo\/","title":{"rendered":"N\u00e3o se esque\u00e7a de seu pr\u00f3ximo"},"content":{"rendered":"<div class=\"wp-block-uagb-container uagb-block-ad51c05d alignfull uagb-is-root-container\"><div class=\"uagb-container-inner-blocks-wrap\">\n<p class=\"has-black-color has-text-color has-link-color has-medium-font-size wp-elements-8362b2475011629b231858556d5f84c8\"><strong>N\u00e3o se esque\u00e7a de seu pr\u00f3ximo<\/strong><\/p>\n<\/div><\/div>\n\n\n\n<div class=\"wp-block-uagb-container uagb-block-40eeb480 alignfull uagb-is-root-container\"><div class=\"uagb-container-inner-blocks-wrap\">\n<figure class=\"wp-block-image size-full is-resized\"><img fetchpriority=\"high\" decoding=\"async\" width=\"404\" height=\"480\" src=\"https:\/\/ufec-mundial.com\/wp-content\/uploads\/2024\/07\/35b7cc775a2a3683095b0e3fb44deb74.jpg\" alt=\"\" class=\"wp-image-3884\" style=\"width:364px;height:auto\" srcset=\"https:\/\/nuevo-renacer.com\/wp-content\/uploads\/2024\/07\/35b7cc775a2a3683095b0e3fb44deb74.jpg 404w, https:\/\/nuevo-renacer.com\/wp-content\/uploads\/2024\/07\/35b7cc775a2a3683095b0e3fb44deb74-253x300.jpg 253w, https:\/\/nuevo-renacer.com\/wp-content\/uploads\/2024\/07\/35b7cc775a2a3683095b0e3fb44deb74-10x12.jpg 10w\" sizes=\"(max-width: 404px) 100vw, 404px\" \/><\/figure>\n<\/div><\/div>\n\n\n\n<div class=\"wp-block-uagb-container uagb-block-34ecf07c alignfull uagb-is-root-container\"><div class=\"uagb-container-inner-blocks-wrap\">\n<p class=\"has-black-color has-text-color has-link-color has-small-font-size wp-elements-2a355ccfbab24292731459d7b48f4b4b\">N\u00e3o seja obstinado pelo ego\u00edsmo. O ego\u00edsmo causa sofrimento, que se reflete no corpo f\u00edsico, que sofre com a concentra\u00e7\u00e3o de elementos corrosivos. Seu pr\u00f3ximo, a quem Jesus tanto amou, precisa de voc\u00ea tanto quanto voc\u00ea precisa dele. Essa troca \u00e9 a vida de todos n\u00f3s, unindo-nos \u00e0 vida de Deus.<\/p>\n\n\n\n<p class=\"has-black-color has-text-color has-link-color has-small-font-size wp-elements-f9f16ba37e96078963e206bb1a04940a\">N\u00e3o se esque\u00e7a de seu pr\u00f3ximo apesar de suas obriga\u00e7\u00f5es, pois quando n\u00e3o tentamos amar algu\u00e9m, inventamos desculpas de toda ordem e nos distanciamos de mil maneiras e por meio de v\u00e1rios disfarces. Lembremo-nos do que disse o Divino Mestre, reduzindo os dez mandamentos a apenas dois: amar a Deus sobre todas as coisas e ao pr\u00f3ximo como a n\u00f3s mesmos. E o ego\u00edsmo, na forma de amor-pr\u00f3prio, nos induz a esquecer o pr\u00f3ximo, aqueles que convivem conosco na grande jornada evolutiva.<\/p>\n\n\n\n<p class=\"has-black-color has-text-color has-link-color has-small-font-size wp-elements-df26b6926ed09a7e12ffa9d4eeb2ea55\">Se quiser saber quem \u00e9 o seu pr\u00f3ximo, observe a si mesmo, pois ele \u00e9 a sua continua\u00e7\u00e3o, que se estende ao infinito. Procurem se dedicar mais aos seus semelhantes, prestar mais aten\u00e7\u00e3o ao que eles representam, ao que falam, fazem ou escrevem para voc\u00eas, pois podem aprender muito com eles, por meio da troca de experi\u00eancias.<\/p>\n\n\n\n<p class=\"has-black-color has-text-color has-link-color has-small-font-size wp-elements-4401c5263037883e3ea95852e85f669b\">Sejamos fi\u00e9is \u00e0s leis do Senhor, comungando com as leis do amor e estando na atmosfera da caridade, que o bem-estar se aproximar\u00e1 de n\u00f3s, como uma for\u00e7a divina, na express\u00e3o divina de todas as coisas. Voc\u00ea j\u00e1 observou, meu irm\u00e3o, o quanto o seu pr\u00f3ximo o serve? Em todas as ruas, voc\u00ea pode ver as m\u00e3os dele nos ajudando a ajudar, nos ajudando a servir, nos ajudando a compreender. Esse pr\u00f3ximo merece nosso respeito, nossa estima e nosso amor. Todos juntos formaremos a grande corrente de vida que sustenta a grande esperan\u00e7a de um mundo melhor.<\/p>\n\n\n\n<p class=\"has-black-color has-text-color has-link-color has-small-font-size wp-elements-83d960fc6bf4e81b6e361c6155d1b3df\">O interesse excessivo que voc\u00eas t\u00eam em si mesmos, dedicando todo o seu tempo \u00e0 sua pr\u00f3pria causa, ao seu pr\u00f3prio sustento, aos seus pr\u00f3prios cuidados, sem pensar nos outros, leva-os \u00e0s profundezas do orgulho e da vaidade e faz com que se esque\u00e7am de que h\u00e1 outras pessoas vivendo no mesmo mundo em que voc\u00eas vivem. Saiam de dentro de si mesmos, nem que seja por alguns instantes, e observem o que est\u00e1 acontecendo ao seu redor, as dificuldades de seus companheiros de jornada, e ajudem-nos com suas possibilidades, compreendendo-os com discernimento e confortando-os com conhecimento.<\/p>\n\n\n\n<p class=\"has-black-color has-text-color has-link-color has-small-font-size wp-elements-8d416aeba9364c8a2d15042e667b9365\">Voc\u00ea n\u00e3o deve acumular sabedoria de forma ego\u00edsta. N\u00e3o devem desperdi\u00e7ar o excesso de for\u00e7a, nem reprimir o dom do amor e da gentileza que adquiriram. Esse estoque de ilumina\u00e7\u00e3o deve ser usado para o benef\u00edcio de seus semelhantes, pois quanto mais voc\u00ea der, mais ter\u00e1 para seu benef\u00edcio, para o suplemento universal. E aquele que se esquece de seus semelhantes, atrofia os valores do cora\u00e7\u00e3o e adoece por falta de troca dos tesouros divinos. Ajustem-se \u00e0 lei, e ela se ajustar\u00e1 a voc\u00eas, para o bem que devem fazer.<\/p>\n\n\n\n<p class=\"has-black-color has-text-color has-link-color has-small-font-size wp-elements-22ffb57aa63509881c4d51ab16f1aa2e\">Sei que voc\u00ea busca sa\u00fade. Pois \u00e9 nela que a harmonia permanece, a harmonia nascida do dever cumprido, da alegria de ser \u00fatil \u00e0s criaturas de Deus.<\/p>\n\n\n\n<p class=\"has-black-color has-text-color has-link-color has-small-font-size wp-elements-bf619d5bad2d7cd64ed9b2dd043183ee\">Trabalhemos com m\u00e3os dispostas e nos esforcemos para compreender nosso pr\u00f3ximo em todos os momentos, e Deus far\u00e1 o resto que est\u00e1 al\u00e9m de nosso alcance.<\/p>\n\n\n\n<p class=\"has-black-color has-text-color has-link-color has-small-font-size wp-elements-e27f6129083944b68478da306cfd78bb\">Lembremos de nosso pr\u00f3ximo, assim como cuidamos de n\u00f3s mesmos, enquanto ele estiver em nosso caminho e Jesus estiver sorrindo em nossos cora\u00e7\u00f5es.<\/p>\n<\/div><\/div>","protected":false},"excerpt":{"rendered":"<p>No os olvid\u00e9is del pr\u00f3jimo No se\u00e1is obstinados en el ego\u00edsmo. El ego\u00edsmo hace sufrir, con reflejos en el cuerpo f\u00edsico, que padece con la concentraci\u00f3n de elementos corrosivos. El pr\u00f3jimo, que Jes\u00fas tanto amaba, precisa de vosotros, tanto como precis\u00e1is de \u00e9l. Ese intercambio es la vida de todos nosotros, uni\u00e9ndonos con la vida [&hellip;]<\/p>","protected":false},"author":1,"featured_media":3884,"parent":0,"menu_order":0,"comment_status":"closed","ping_status":"closed","template":"","meta":{"_uag_custom_page_level_css":"","site-sidebar-layout":"default","site-content-layout":"","ast-site-content-layout":"default","site-content-style":"default","site-sidebar-style":"default","ast-global-header-display":"","ast-banner-title-visibility":"","ast-main-header-display":"","ast-hfb-above-header-display":"","ast-hfb-below-header-display":"","ast-hfb-mobile-header-display":"","site-post-title":"disabled","ast-breadcrumbs-content":"","ast-featured-img":"","footer-sml-layout":"","theme-transparent-header-meta":"","adv-header-id-meta":"","stick-header-meta":"","header-above-stick-meta":"","header-main-stick-meta":"","header-below-stick-meta":"","astra-migrate-meta-layouts":"set","ast-page-background-enabled":"default","ast-page-background-meta":{"desktop":{"background-color":"var(--ast-global-color-4)","background-image":"","background-repeat":"repeat","background-position":"center center","background-size":"auto","background-attachment":"scroll","background-type":"","background-media":"","overlay-type":"","overlay-color":"","overlay-opacity":"","overlay-gradient":""},"tablet":{"background-color":"","background-image":"","background-repeat":"repeat","background-position":"center center","background-size":"auto","background-attachment":"scroll","background-type":"","background-media":"","overlay-type":"","overlay-color":"","overlay-opacity":"","overlay-gradient":""},"mobile":{"background-color":"","background-image":"","background-repeat":"repeat","background-position":"center center","background-size":"auto","background-attachment":"scroll","background-type":"","background-media":"","overlay-type":"","overlay-color":"","overlay-opacity":"","overlay-gradient":""}},"ast-content-background-meta":{"desktop":{"background-color":"var(--ast-global-color-5)","background-image":"","background-repeat":"repeat","background-position":"center center","background-size":"auto","background-attachment":"scroll","background-type":"","background-media":"","overlay-type":"","overlay-color":"","overlay-opacity":"","overlay-gradient":""},"tablet":{"background-color":"var(--ast-global-color-5)","background-image":"","background-repeat":"repeat","background-position":"center center","background-size":"auto","background-attachment":"scroll","background-type":"","background-media":"","overlay-type":"","overlay-color":"","overlay-opacity":"","overlay-gradient":""},"mobile":{"background-color":"var(--ast-global-color-5)","background-image":"","background-repeat":"repeat","background-position":"center center","background-size":"auto","background-attachment":"scroll","background-type":"","background-media":"","overlay-type":"","overlay-color":"","overlay-opacity":"","overlay-gradient":""}},"footnotes":""},"class_list":["post-3883","page","type-page","status-publish","has-post-thumbnail","hentry"],"yoast_head":"<!-- This site is optimized with the Yoast SEO Premium plugin v24.2 (Yoast SEO v24.6) - https:\/\/yoast.com\/wordpress\/plugins\/seo\/ -->\n<title>No os olvid\u00e9is del pr\u00f3jimo - Uni\u00f3n Esp\u00edrita<\/title>\n<meta name=\"robots\" content=\"index, follow, max-snippet:-1, max-image-preview:large, max-video-preview:-1\" \/>\n<link rel=\"canonical\" href=\"https:\/\/nuevo-renacer.com\/pt\/no-os-olvideis-del-projimo\/\" \/>\n<meta property=\"og:locale\" content=\"pt_BR\" \/>\n<meta property=\"og:type\" content=\"article\" \/>\n<meta property=\"og:title\" content=\"No os olvid\u00e9is del pr\u00f3jimo\" \/>\n<meta property=\"og:description\" content=\"No os olvid\u00e9is del pr\u00f3jimo No se\u00e1is obstinados en el ego\u00edsmo. El ego\u00edsmo hace sufrir, con reflejos en el cuerpo f\u00edsico, que padece con la concentraci\u00f3n de elementos corrosivos. El pr\u00f3jimo, que Jes\u00fas tanto amaba, precisa de vosotros, tanto como precis\u00e1is de \u00e9l. Ese intercambio es la vida de todos nosotros, uni\u00e9ndonos con la vida [&hellip;]\" \/>\n<meta property=\"og:url\" content=\"https:\/\/nuevo-renacer.com\/pt\/no-os-olvideis-del-projimo\/\" \/>\n<meta property=\"og:site_name\" content=\"Uni\u00f3n Esp\u00edrita\" \/>\n<meta property=\"article:publisher\" content=\"https:\/\/www.facebook.com\/groups\/3431398063740829\" \/>\n<meta property=\"article:modified_time\" content=\"2024-07-16T13:23:22+00:00\" \/>\n<meta property=\"og:image\" content=\"https:\/\/nuevo-renacer.com\/wp-content\/uploads\/2024\/07\/35b7cc775a2a3683095b0e3fb44deb74.jpg\" \/>\n\t<meta property=\"og:image:width\" content=\"404\" \/>\n\t<meta property=\"og:image:height\" content=\"480\" \/>\n\t<meta property=\"og:image:type\" content=\"image\/jpeg\" \/>\n<meta name=\"twitter:card\" content=\"summary_large_image\" \/>\n<meta name=\"twitter:label1\" content=\"Est. tempo de leitura\" \/>\n\t<meta name=\"twitter:data1\" content=\"3 minutos\" \/>\n<script type=\"application\/ld+json\" class=\"yoast-schema-graph\">{\"@context\":\"https:\/\/schema.org\",\"@graph\":[{\"@type\":\"WebPage\",\"@id\":\"https:\/\/nuevo-renacer.com\/no-os-olvideis-del-projimo\/\",\"url\":\"https:\/\/nuevo-renacer.com\/no-os-olvideis-del-projimo\/\",\"name\":\"No os olvid\u00e9is del pr\u00f3jimo - Uni\u00f3n Esp\u00edrita\",\"isPartOf\":{\"@id\":\"https:\/\/nuevo-renacer.com\/#website\"},\"primaryImageOfPage\":{\"@id\":\"https:\/\/nuevo-renacer.com\/no-os-olvideis-del-projimo\/#primaryimage\"},\"image\":{\"@id\":\"https:\/\/nuevo-renacer.com\/no-os-olvideis-del-projimo\/#primaryimage\"},\"thumbnailUrl\":\"https:\/\/nuevo-renacer.com\/wp-content\/uploads\/2024\/07\/35b7cc775a2a3683095b0e3fb44deb74.jpg\",\"datePublished\":\"2024-07-16T13:23:19+00:00\",\"dateModified\":\"2024-07-16T13:23:22+00:00\",\"breadcrumb\":{\"@id\":\"https:\/\/nuevo-renacer.com\/no-os-olvideis-del-projimo\/#breadcrumb\"},\"inLanguage\":\"pt-BR\",\"potentialAction\":[{\"@type\":\"ReadAction\",\"target\":[\"https:\/\/nuevo-renacer.com\/no-os-olvideis-del-projimo\/\"]}]},{\"@type\":\"ImageObject\",\"inLanguage\":\"pt-BR\",\"@id\":\"https:\/\/nuevo-renacer.com\/no-os-olvideis-del-projimo\/#primaryimage\",\"url\":\"https:\/\/nuevo-renacer.com\/wp-content\/uploads\/2024\/07\/35b7cc775a2a3683095b0e3fb44deb74.jpg\",\"contentUrl\":\"https:\/\/nuevo-renacer.com\/wp-content\/uploads\/2024\/07\/35b7cc775a2a3683095b0e3fb44deb74.jpg\",\"width\":404,\"height\":480},{\"@type\":\"BreadcrumbList\",\"@id\":\"https:\/\/nuevo-renacer.com\/no-os-olvideis-del-projimo\/#breadcrumb\",\"itemListElement\":[{\"@type\":\"ListItem\",\"position\":1,\"name\":\"Startseite\",\"item\":\"https:\/\/nuevo-renacer.com\/\"},{\"@type\":\"ListItem\",\"position\":2,\"name\":\"No os olvid\u00e9is del pr\u00f3jimo\"}]},{\"@type\":\"WebSite\",\"@id\":\"https:\/\/nuevo-renacer.com\/#website\",\"url\":\"https:\/\/nuevo-renacer.com\/\",\"name\":\"Uni\u00f3n Esp\u00edrita\",\"description\":\"Nuevo Renacer\",\"publisher\":{\"@id\":\"https:\/\/nuevo-renacer.com\/#organization\"},\"potentialAction\":[{\"@type\":\"SearchAction\",\"target\":{\"@type\":\"EntryPoint\",\"urlTemplate\":\"https:\/\/nuevo-renacer.com\/?s={search_term_string}\"},\"query-input\":{\"@type\":\"PropertyValueSpecification\",\"valueRequired\":true,\"valueName\":\"search_term_string\"}}],\"inLanguage\":\"pt-BR\"},{\"@type\":\"Organization\",\"@id\":\"https:\/\/nuevo-renacer.com\/#organization\",\"name\":\"UFEC\",\"url\":\"https:\/\/nuevo-renacer.com\/\",\"logo\":{\"@type\":\"ImageObject\",\"inLanguage\":\"pt-BR\",\"@id\":\"https:\/\/nuevo-renacer.com\/#\/schema\/logo\/image\/\",\"url\":\"https:\/\/nuevo-renacer.com\/wp-content\/uploads\/2024\/05\/cropped-LOGO-TERMINADO1-3-3.png\",\"contentUrl\":\"https:\/\/nuevo-renacer.com\/wp-content\/uploads\/2024\/05\/cropped-LOGO-TERMINADO1-3-3.png\",\"width\":512,\"height\":512,\"caption\":\"UFEC\"},\"image\":{\"@id\":\"https:\/\/nuevo-renacer.com\/#\/schema\/logo\/image\/\"},\"sameAs\":[\"https:\/\/www.facebook.com\/groups\/3431398063740829\"]}]}<\/script>\n<!-- \/ Yoast SEO Premium plugin. -->","yoast_head_json":{"title":"No os olvid\u00e9is del pr\u00f3jimo - Uni\u00f3n Esp\u00edrita","robots":{"index":"index","follow":"follow","max-snippet":"max-snippet:-1","max-image-preview":"max-image-preview:large","max-video-preview":"max-video-preview:-1"},"canonical":"https:\/\/nuevo-renacer.com\/pt\/no-os-olvideis-del-projimo\/","og_locale":"pt_BR","og_type":"article","og_title":"No os olvid\u00e9is del pr\u00f3jimo","og_description":"No os olvid\u00e9is del pr\u00f3jimo No se\u00e1is obstinados en el ego\u00edsmo. El ego\u00edsmo hace sufrir, con reflejos en el cuerpo f\u00edsico, que padece con la concentraci\u00f3n de elementos corrosivos. El pr\u00f3jimo, que Jes\u00fas tanto amaba, precisa de vosotros, tanto como precis\u00e1is de \u00e9l. Ese intercambio es la vida de todos nosotros, uni\u00e9ndonos con la vida [&hellip;]","og_url":"https:\/\/nuevo-renacer.com\/pt\/no-os-olvideis-del-projimo\/","og_site_name":"Uni\u00f3n Esp\u00edrita","article_publisher":"https:\/\/www.facebook.com\/groups\/3431398063740829","article_modified_time":"2024-07-16T13:23:22+00:00","og_image":[{"width":404,"height":480,"url":"https:\/\/nuevo-renacer.com\/wp-content\/uploads\/2024\/07\/35b7cc775a2a3683095b0e3fb44deb74.jpg","type":"image\/jpeg"}],"twitter_card":"summary_large_image","twitter_misc":{"Est. tempo de leitura":"3 minutos"},"schema":{"@context":"https:\/\/schema.org","@graph":[{"@type":"WebPage","@id":"https:\/\/nuevo-renacer.com\/no-os-olvideis-del-projimo\/","url":"https:\/\/nuevo-renacer.com\/no-os-olvideis-del-projimo\/","name":"No os olvid\u00e9is del pr\u00f3jimo - Uni\u00f3n Esp\u00edrita","isPartOf":{"@id":"https:\/\/nuevo-renacer.com\/#website"},"primaryImageOfPage":{"@id":"https:\/\/nuevo-renacer.com\/no-os-olvideis-del-projimo\/#primaryimage"},"image":{"@id":"https:\/\/nuevo-renacer.com\/no-os-olvideis-del-projimo\/#primaryimage"},"thumbnailUrl":"https:\/\/nuevo-renacer.com\/wp-content\/uploads\/2024\/07\/35b7cc775a2a3683095b0e3fb44deb74.jpg","datePublished":"2024-07-16T13:23:19+00:00","dateModified":"2024-07-16T13:23:22+00:00","breadcrumb":{"@id":"https:\/\/nuevo-renacer.com\/no-os-olvideis-del-projimo\/#breadcrumb"},"inLanguage":"pt-BR","potentialAction":[{"@type":"ReadAction","target":["https:\/\/nuevo-renacer.com\/no-os-olvideis-del-projimo\/"]}]},{"@type":"ImageObject","inLanguage":"pt-BR","@id":"https:\/\/nuevo-renacer.com\/no-os-olvideis-del-projimo\/#primaryimage","url":"https:\/\/nuevo-renacer.com\/wp-content\/uploads\/2024\/07\/35b7cc775a2a3683095b0e3fb44deb74.jpg","contentUrl":"https:\/\/nuevo-renacer.com\/wp-content\/uploads\/2024\/07\/35b7cc775a2a3683095b0e3fb44deb74.jpg","width":404,"height":480},{"@type":"BreadcrumbList","@id":"https:\/\/nuevo-renacer.com\/no-os-olvideis-del-projimo\/#breadcrumb","itemListElement":[{"@type":"ListItem","position":1,"name":"Startseite","item":"https:\/\/nuevo-renacer.com\/"},{"@type":"ListItem","position":2,"name":"No os olvid\u00e9is del pr\u00f3jimo"}]},{"@type":"WebSite","@id":"https:\/\/nuevo-renacer.com\/#website","url":"https:\/\/nuevo-renacer.com\/","name":"Uni\u00f3n Esp\u00edrita","description":"Nuevo Renacer","publisher":{"@id":"https:\/\/nuevo-renacer.com\/#organization"},"potentialAction":[{"@type":"SearchAction","target":{"@type":"EntryPoint","urlTemplate":"https:\/\/nuevo-renacer.com\/?s={search_term_string}"},"query-input":{"@type":"PropertyValueSpecification","valueRequired":true,"valueName":"search_term_string"}}],"inLanguage":"pt-BR"},{"@type":"Organization","@id":"https:\/\/nuevo-renacer.com\/#organization","name":"UFEC","url":"https:\/\/nuevo-renacer.com\/","logo":{"@type":"ImageObject","inLanguage":"pt-BR","@id":"https:\/\/nuevo-renacer.com\/#\/schema\/logo\/image\/","url":"https:\/\/nuevo-renacer.com\/wp-content\/uploads\/2024\/05\/cropped-LOGO-TERMINADO1-3-3.png","contentUrl":"https:\/\/nuevo-renacer.com\/wp-content\/uploads\/2024\/05\/cropped-LOGO-TERMINADO1-3-3.png","width":512,"height":512,"caption":"UFEC"},"image":{"@id":"https:\/\/nuevo-renacer.com\/#\/schema\/logo\/image\/"},"sameAs":["https:\/\/www.facebook.com\/groups\/3431398063740829"]}]}},"uagb_featured_image_src":{"full":["https:\/\/nuevo-renacer.com\/wp-content\/uploads\/2024\/07\/35b7cc775a2a3683095b0e3fb44deb74.jpg",404,480,false],"thumbnail":["https:\/\/nuevo-renacer.com\/wp-content\/uploads\/2024\/07\/35b7cc775a2a3683095b0e3fb44deb74-150x150.jpg",150,150,true],"medium":["https:\/\/nuevo-renacer.com\/wp-content\/uploads\/2024\/07\/35b7cc775a2a3683095b0e3fb44deb74-253x300.jpg",253,300,true],"medium_large":["https:\/\/nuevo-renacer.com\/wp-content\/uploads\/2024\/07\/35b7cc775a2a3683095b0e3fb44deb74.jpg",404,480,false],"large":["https:\/\/nuevo-renacer.com\/wp-content\/uploads\/2024\/07\/35b7cc775a2a3683095b0e3fb44deb74.jpg",404,480,false],"1536x1536":["https:\/\/nuevo-renacer.com\/wp-content\/uploads\/2024\/07\/35b7cc775a2a3683095b0e3fb44deb74.jpg",404,480,false],"2048x2048":["https:\/\/nuevo-renacer.com\/wp-content\/uploads\/2024\/07\/35b7cc775a2a3683095b0e3fb44deb74.jpg",404,480,false],"trp-custom-language-flag":["https:\/\/nuevo-renacer.com\/wp-content\/uploads\/2024\/07\/35b7cc775a2a3683095b0e3fb44deb74-10x12.jpg",10,12,true]},"uagb_author_info":{"display_name":"adbv0","author_link":"https:\/\/nuevo-renacer.com\/pt\/author\/adbv0\/"},"uagb_comment_info":0,"uagb_excerpt":"No os olvid\u00e9is del pr\u00f3jimo No se\u00e1is obstinados en el ego\u00edsmo. El ego\u00edsmo hace sufrir, con reflejos en el cuerpo f\u00edsico, que padece con la concentraci\u00f3n de elementos corrosivos. El pr\u00f3jimo, que Jes\u00fas tanto amaba, precisa de vosotros, tanto como precis\u00e1is de \u00e9l. Ese intercambio es la vida de todos nosotros, uni\u00e9ndonos con la vida&hellip;","jetpack_sharing_enabled":true,"_links":{"self":[{"href":"https:\/\/nuevo-renacer.com\/pt\/wp-json\/wp\/v2\/pages\/3883","targetHints":{"allow":["GET"]}}],"collection":[{"href":"https:\/\/nuevo-renacer.com\/pt\/wp-json\/wp\/v2\/pages"}],"about":[{"href":"https:\/\/nuevo-renacer.com\/pt\/wp-json\/wp\/v2\/types\/page"}],"author":[{"embeddable":true,"href":"https:\/\/nuevo-renacer.com\/pt\/wp-json\/wp\/v2\/users\/1"}],"replies":[{"embeddable":true,"href":"https:\/\/nuevo-renacer.com\/pt\/wp-json\/wp\/v2\/comments?post=3883"}],"version-history":[{"count":1,"href":"https:\/\/nuevo-renacer.com\/pt\/wp-json\/wp\/v2\/pages\/3883\/revisions"}],"predecessor-version":[{"id":3885,"href":"https:\/\/nuevo-renacer.com\/pt\/wp-json\/wp\/v2\/pages\/3883\/revisions\/3885"}],"wp:featuredmedia":[{"embeddable":true,"href":"https:\/\/nuevo-renacer.com\/pt\/wp-json\/wp\/v2\/media\/3884"}],"wp:attachment":[{"href":"https:\/\/nuevo-renacer.com\/pt\/wp-json\/wp\/v2\/media?parent=3883"}],"curies":[{"name":"wp","href":"https:\/\/api.w.org\/{rel}","templated":true}]}}