{"id":3872,"date":"2024-07-16T12:40:52","date_gmt":"2024-07-16T12:40:52","guid":{"rendered":"https:\/\/ufec-mundial.com\/?page_id=3872"},"modified":"2024-07-16T12:40:55","modified_gmt":"2024-07-16T12:40:55","slug":"buscar-la-perfeccion","status":"publish","type":"page","link":"https:\/\/nuevo-renacer.com\/pt\/buscar-la-perfeccion\/","title":{"rendered":"Buscando a perfei\u00e7\u00e3o"},"content":{"rendered":"<div class=\"wp-block-uagb-container uagb-block-99ddfb64 alignfull uagb-is-root-container\"><div class=\"uagb-container-inner-blocks-wrap\">\n<p class=\"has-black-color has-text-color has-link-color has-medium-font-size wp-elements-efd4008642adf64e61fd9c352b8c787e\"><strong>Buscando a perfei\u00e7\u00e3o<\/strong><\/p>\n<\/div><\/div>\n\n\n\n<div class=\"wp-block-uagb-container uagb-block-d889a4ed alignfull uagb-is-root-container\"><div class=\"uagb-container-inner-blocks-wrap\">\n<figure class=\"wp-block-image size-full is-resized\"><img fetchpriority=\"high\" decoding=\"async\" width=\"595\" height=\"360\" src=\"https:\/\/ufec-mundial.com\/wp-content\/uploads\/2024\/07\/360_F_588784873_LtvDnU9RqBQnBOW2mgKcph0HBGzzxON0.jpg\" alt=\"\" class=\"wp-image-3873\" style=\"width:407px;height:auto\" srcset=\"https:\/\/nuevo-renacer.com\/wp-content\/uploads\/2024\/07\/360_F_588784873_LtvDnU9RqBQnBOW2mgKcph0HBGzzxON0.jpg 595w, https:\/\/nuevo-renacer.com\/wp-content\/uploads\/2024\/07\/360_F_588784873_LtvDnU9RqBQnBOW2mgKcph0HBGzzxON0-300x182.jpg 300w, https:\/\/nuevo-renacer.com\/wp-content\/uploads\/2024\/07\/360_F_588784873_LtvDnU9RqBQnBOW2mgKcph0HBGzzxON0-18x12.jpg 18w\" sizes=\"(max-width: 595px) 100vw, 595px\" \/><\/figure>\n<\/div><\/div>\n\n\n\n<div class=\"wp-block-uagb-container uagb-block-d1f28f7b alignfull uagb-is-root-container\"><div class=\"uagb-container-inner-blocks-wrap\">\n<p class=\"has-black-color has-text-color has-link-color has-small-font-size wp-elements-045876123eaaaa55f7278458f92b9c08\">A perfei\u00e7\u00e3o \u00e9 a beleza que aparece no que fazemos com o objetivo de fazer o melhor.<\/p>\n\n\n\n<p class=\"has-black-color has-text-color has-link-color has-small-font-size wp-elements-191acc8defc6bb80b59d4b098da0c07a\">Devemos buscar a perfei\u00e7\u00e3o em tudo o que fazemos, em tudo o que falamos ou escrevemos. Ela come\u00e7a em um simples ato de nossa vida e brilha na gl\u00f3ria da alma que alcan\u00e7ou a plenitude do amor. Por causa da m\u00e1 vontade de nossas defici\u00eancias, \u00e9 de boa vontade que pensemos na perfei\u00e7\u00e3o todos os dias, desde as primeiras realiza\u00e7\u00f5es em casa at\u00e9 as principais decis\u00f5es que temos de tomar em nossos deveres di\u00e1rios.<\/p>\n\n\n\n<p class=\"has-black-color has-text-color has-link-color has-small-font-size wp-elements-919bfcd46b6ce34971bc8d63a834f145\">Os esp\u00edritos superiores levam isso a s\u00e9rio, buscando meios infinitos para fazer sempre o melhor, porque sentem e veem refletido na cria\u00e7\u00e3o de Deus tudo em perfeita ordem. A harmonia divina canta, desde o conhecimento do \u00e1tomo at\u00e9 o concerto dos mundos que circulam no universo. Mesmo que nossos pensamentos surjam em nosso mundo mental, desordenados como geralmente s\u00e3o, \u00e9 nosso dever nos esfor\u00e7armos para modificar as ideias.<\/p>\n\n\n\n<p class=\"has-black-color has-text-color has-link-color has-small-font-size wp-elements-12fda21c68d0fd5579f9cb06bc53ece0\">Pensar na perfei\u00e7\u00e3o \u00e9 o primeiro passo, e trabalhar na maturidade dos pensamentos \u00e9 o come\u00e7o de qu\u00e3o belo pode ser nosso mundo interno e externo. Os grandes g\u00eanios da humanidade deixaram seus tra\u00e7os de luz na hist\u00f3ria por amarem a perfei\u00e7\u00e3o. Eles se esfor\u00e7aram constantemente para fazer tudo dentro da ordem do universo e foi isso que os levou \u00e0 admira\u00e7\u00e3o e ao respeito de todos.<\/p>\n\n\n\n<p class=\"has-black-color has-text-color has-link-color has-small-font-size wp-elements-f4a7cfeb528cdc16ae399f016d2f90ba\">Todos n\u00f3s temos ao nosso redor uma atmosfera espiritual, cuja luz ou escurid\u00e3o depende de n\u00f3s, do que nos propomos a fazer na vida. E, se come\u00e7armos a pensar em fazer tudo com cuidado, criaremos essa for\u00e7a positiva que nos cerca e nos ajuda na seguran\u00e7a daquilo que desejamos ser. Comece com o simples asseio matinal, fazendo-o bem feito, sem exagerar com o dedo do fanatismo, e ent\u00e3o a perfei\u00e7\u00e3o se seguir\u00e1 automaticamente em tudo o que voc\u00ea fizer.<\/p>\n\n\n\n<p class=\"has-black-color has-text-color has-link-color has-small-font-size wp-elements-15547e84290811e258638131033f1ee7\">Voc\u00ea n\u00e3o pode negligenciar sua alimenta\u00e7\u00e3o, suas roupas e seu abrigo, sem que o lixo e os res\u00edduos o acompanhem, para atrapalhar seu trabalho. At\u00e9 mesmo seus gestos podem ser perfeitos. Tudo o que parte para o Belo agrada e se alegra por onde andamos; e a maior perfei\u00e7\u00e3o, \u00e9 bom lembrar, est\u00e1 na perfeita simplicidade. \u00c9 por isso que Cristo conquistou cora\u00e7\u00f5es e permaneceu inesquec\u00edvel na hist\u00f3ria de todos os povos, e \u00e9 por isso que nossa admira\u00e7\u00e3o por Ele cresce quanto mais O conhecemos. Ele \u00e9 o molde da verdadeira perfei\u00e7\u00e3o e nos deixou um forte incentivo quando disse: \u201cSede perfeitos como vosso Pai celestial \u00e9 perfeito\u201d.<\/p>\n\n\n\n<p class=\"has-black-color has-text-color has-link-color has-small-font-size wp-elements-7923a7d354e00b052ea68ea35da2da45\">Comece a analisar as coisas todos os dias, que uma vis\u00e3o maior se abrir\u00e1 em seus sentimentos e, por meio dela, voc\u00ea sentir\u00e1 a perfei\u00e7\u00e3o de Deus em tudo o que suas m\u00e3os tocarem. Queremos lhe dizer que sa\u00fade \u00e9 sin\u00f4nimo de perfei\u00e7\u00e3o. Se voc\u00ea deseja o equil\u00edbrio org\u00e2nico e ps\u00edquico, inicie a busca por esse grande atributo, fazendo tudo bem feito, e conquistar\u00e1 a palma da nossa verdadeira felicidade.<\/p>\n\n\n\n<p class=\"has-black-color has-text-color has-link-color has-small-font-size wp-elements-0404854e5b02a66c719a0b43d556472d\">Trabalhe pelas coisas da terra, sem se esquecer dos c\u00e9us. Vamos repetir para que fique claro: cuidado com o excesso de cuidado; a obstina\u00e7\u00e3o \u00e9 um campo aberto para o desequil\u00edbrio e foge de nossas m\u00e3os, nessa hora, a beleza daquilo que buscamos.<\/p>\n\n\n\n<p class=\"has-black-color has-text-color has-link-color has-small-font-size wp-elements-253b889ffcf3332c67047b4fe440073f\">Se voc\u00ea busca sa\u00fade, \u00e9 necess\u00e1rio que tenha bom senso em primeiro lugar.<\/p>\n<\/div><\/div>","protected":false},"excerpt":{"rendered":"<p>Buscar la perfecci\u00f3n La perfecci\u00f3n es la belleza que aparece en aquello que hacemos con el inter\u00e9s de hacer lo mejor. Debemos buscar la perfecci\u00f3n en todo lo que hacemos, en todo lo que hablamos o escribimos. Ella comienza en un simple acto de nuestra vida y resplandece en la gloria del alma que consigui\u00f3 [&hellip;]<\/p>","protected":false},"author":1,"featured_media":3873,"parent":0,"menu_order":0,"comment_status":"closed","ping_status":"closed","template":"","meta":{"_uag_custom_page_level_css":"","site-sidebar-layout":"default","site-content-layout":"","ast-site-content-layout":"default","site-content-style":"default","site-sidebar-style":"default","ast-global-header-display":"","ast-banner-title-visibility":"","ast-main-header-display":"","ast-hfb-above-header-display":"","ast-hfb-below-header-display":"","ast-hfb-mobile-header-display":"","site-post-title":"disabled","ast-breadcrumbs-content":"","ast-featured-img":"","footer-sml-layout":"","theme-transparent-header-meta":"","adv-header-id-meta":"","stick-header-meta":"","header-above-stick-meta":"","header-main-stick-meta":"","header-below-stick-meta":"","astra-migrate-meta-layouts":"set","ast-page-background-enabled":"default","ast-page-background-meta":{"desktop":{"background-color":"var(--ast-global-color-4)","background-image":"","background-repeat":"repeat","background-position":"center center","background-size":"auto","background-attachment":"scroll","background-type":"","background-media":"","overlay-type":"","overlay-color":"","overlay-opacity":"","overlay-gradient":""},"tablet":{"background-color":"","background-image":"","background-repeat":"repeat","background-position":"center center","background-size":"auto","background-attachment":"scroll","background-type":"","background-media":"","overlay-type":"","overlay-color":"","overlay-opacity":"","overlay-gradient":""},"mobile":{"background-color":"","background-image":"","background-repeat":"repeat","background-position":"center center","background-size":"auto","background-attachment":"scroll","background-type":"","background-media":"","overlay-type":"","overlay-color":"","overlay-opacity":"","overlay-gradient":""}},"ast-content-background-meta":{"desktop":{"background-color":"var(--ast-global-color-5)","background-image":"","background-repeat":"repeat","background-position":"center center","background-size":"auto","background-attachment":"scroll","background-type":"","background-media":"","overlay-type":"","overlay-color":"","overlay-opacity":"","overlay-gradient":""},"tablet":{"background-color":"var(--ast-global-color-5)","background-image":"","background-repeat":"repeat","background-position":"center center","background-size":"auto","background-attachment":"scroll","background-type":"","background-media":"","overlay-type":"","overlay-color":"","overlay-opacity":"","overlay-gradient":""},"mobile":{"background-color":"var(--ast-global-color-5)","background-image":"","background-repeat":"repeat","background-position":"center center","background-size":"auto","background-attachment":"scroll","background-type":"","background-media":"","overlay-type":"","overlay-color":"","overlay-opacity":"","overlay-gradient":""}},"footnotes":""},"class_list":["post-3872","page","type-page","status-publish","has-post-thumbnail","hentry"],"yoast_head":"<!-- This site is optimized with the Yoast SEO Premium plugin v24.2 (Yoast SEO v24.6) - https:\/\/yoast.com\/wordpress\/plugins\/seo\/ -->\n<title>Buscar la perfecci\u00f3n - Uni\u00f3n Esp\u00edrita<\/title>\n<meta name=\"robots\" content=\"index, follow, max-snippet:-1, max-image-preview:large, max-video-preview:-1\" \/>\n<link rel=\"canonical\" href=\"https:\/\/nuevo-renacer.com\/pt\/buscar-la-perfeccion\/\" \/>\n<meta property=\"og:locale\" content=\"pt_BR\" \/>\n<meta property=\"og:type\" content=\"article\" \/>\n<meta property=\"og:title\" content=\"Buscar la perfecci\u00f3n\" \/>\n<meta property=\"og:description\" content=\"Buscar la perfecci\u00f3n La perfecci\u00f3n es la belleza que aparece en aquello que hacemos con el inter\u00e9s de hacer lo mejor. Debemos buscar la perfecci\u00f3n en todo lo que hacemos, en todo lo que hablamos o escribimos. Ella comienza en un simple acto de nuestra vida y resplandece en la gloria del alma que consigui\u00f3 [&hellip;]\" \/>\n<meta property=\"og:url\" content=\"https:\/\/nuevo-renacer.com\/pt\/buscar-la-perfeccion\/\" \/>\n<meta property=\"og:site_name\" content=\"Uni\u00f3n Esp\u00edrita\" \/>\n<meta property=\"article:publisher\" content=\"https:\/\/www.facebook.com\/groups\/3431398063740829\" \/>\n<meta property=\"article:modified_time\" content=\"2024-07-16T12:40:55+00:00\" \/>\n<meta property=\"og:image\" content=\"https:\/\/nuevo-renacer.com\/wp-content\/uploads\/2024\/07\/360_F_588784873_LtvDnU9RqBQnBOW2mgKcph0HBGzzxON0.jpg\" \/>\n\t<meta property=\"og:image:width\" content=\"595\" \/>\n\t<meta property=\"og:image:height\" content=\"360\" \/>\n\t<meta property=\"og:image:type\" content=\"image\/jpeg\" \/>\n<meta name=\"twitter:card\" content=\"summary_large_image\" \/>\n<meta name=\"twitter:label1\" content=\"Est. tempo de leitura\" \/>\n\t<meta name=\"twitter:data1\" content=\"3 minutos\" \/>\n<script type=\"application\/ld+json\" class=\"yoast-schema-graph\">{\"@context\":\"https:\/\/schema.org\",\"@graph\":[{\"@type\":\"WebPage\",\"@id\":\"https:\/\/nuevo-renacer.com\/buscar-la-perfeccion\/\",\"url\":\"https:\/\/nuevo-renacer.com\/buscar-la-perfeccion\/\",\"name\":\"Buscar la perfecci\u00f3n - Uni\u00f3n Esp\u00edrita\",\"isPartOf\":{\"@id\":\"https:\/\/nuevo-renacer.com\/#website\"},\"primaryImageOfPage\":{\"@id\":\"https:\/\/nuevo-renacer.com\/buscar-la-perfeccion\/#primaryimage\"},\"image\":{\"@id\":\"https:\/\/nuevo-renacer.com\/buscar-la-perfeccion\/#primaryimage\"},\"thumbnailUrl\":\"https:\/\/nuevo-renacer.com\/wp-content\/uploads\/2024\/07\/360_F_588784873_LtvDnU9RqBQnBOW2mgKcph0HBGzzxON0.jpg\",\"datePublished\":\"2024-07-16T12:40:52+00:00\",\"dateModified\":\"2024-07-16T12:40:55+00:00\",\"breadcrumb\":{\"@id\":\"https:\/\/nuevo-renacer.com\/buscar-la-perfeccion\/#breadcrumb\"},\"inLanguage\":\"pt-BR\",\"potentialAction\":[{\"@type\":\"ReadAction\",\"target\":[\"https:\/\/nuevo-renacer.com\/buscar-la-perfeccion\/\"]}]},{\"@type\":\"ImageObject\",\"inLanguage\":\"pt-BR\",\"@id\":\"https:\/\/nuevo-renacer.com\/buscar-la-perfeccion\/#primaryimage\",\"url\":\"https:\/\/nuevo-renacer.com\/wp-content\/uploads\/2024\/07\/360_F_588784873_LtvDnU9RqBQnBOW2mgKcph0HBGzzxON0.jpg\",\"contentUrl\":\"https:\/\/nuevo-renacer.com\/wp-content\/uploads\/2024\/07\/360_F_588784873_LtvDnU9RqBQnBOW2mgKcph0HBGzzxON0.jpg\",\"width\":595,\"height\":360},{\"@type\":\"BreadcrumbList\",\"@id\":\"https:\/\/nuevo-renacer.com\/buscar-la-perfeccion\/#breadcrumb\",\"itemListElement\":[{\"@type\":\"ListItem\",\"position\":1,\"name\":\"Startseite\",\"item\":\"https:\/\/nuevo-renacer.com\/\"},{\"@type\":\"ListItem\",\"position\":2,\"name\":\"Buscar la perfecci\u00f3n\"}]},{\"@type\":\"WebSite\",\"@id\":\"https:\/\/nuevo-renacer.com\/#website\",\"url\":\"https:\/\/nuevo-renacer.com\/\",\"name\":\"Uni\u00f3n Esp\u00edrita\",\"description\":\"Nuevo Renacer\",\"publisher\":{\"@id\":\"https:\/\/nuevo-renacer.com\/#organization\"},\"potentialAction\":[{\"@type\":\"SearchAction\",\"target\":{\"@type\":\"EntryPoint\",\"urlTemplate\":\"https:\/\/nuevo-renacer.com\/?s={search_term_string}\"},\"query-input\":{\"@type\":\"PropertyValueSpecification\",\"valueRequired\":true,\"valueName\":\"search_term_string\"}}],\"inLanguage\":\"pt-BR\"},{\"@type\":\"Organization\",\"@id\":\"https:\/\/nuevo-renacer.com\/#organization\",\"name\":\"UFEC\",\"url\":\"https:\/\/nuevo-renacer.com\/\",\"logo\":{\"@type\":\"ImageObject\",\"inLanguage\":\"pt-BR\",\"@id\":\"https:\/\/nuevo-renacer.com\/#\/schema\/logo\/image\/\",\"url\":\"https:\/\/nuevo-renacer.com\/wp-content\/uploads\/2024\/05\/cropped-LOGO-TERMINADO1-3-3.png\",\"contentUrl\":\"https:\/\/nuevo-renacer.com\/wp-content\/uploads\/2024\/05\/cropped-LOGO-TERMINADO1-3-3.png\",\"width\":512,\"height\":512,\"caption\":\"UFEC\"},\"image\":{\"@id\":\"https:\/\/nuevo-renacer.com\/#\/schema\/logo\/image\/\"},\"sameAs\":[\"https:\/\/www.facebook.com\/groups\/3431398063740829\"]}]}<\/script>\n<!-- \/ Yoast SEO Premium plugin. -->","yoast_head_json":{"title":"Buscar la perfecci\u00f3n - Uni\u00f3n Esp\u00edrita","robots":{"index":"index","follow":"follow","max-snippet":"max-snippet:-1","max-image-preview":"max-image-preview:large","max-video-preview":"max-video-preview:-1"},"canonical":"https:\/\/nuevo-renacer.com\/pt\/buscar-la-perfeccion\/","og_locale":"pt_BR","og_type":"article","og_title":"Buscar la perfecci\u00f3n","og_description":"Buscar la perfecci\u00f3n La perfecci\u00f3n es la belleza que aparece en aquello que hacemos con el inter\u00e9s de hacer lo mejor. Debemos buscar la perfecci\u00f3n en todo lo que hacemos, en todo lo que hablamos o escribimos. Ella comienza en un simple acto de nuestra vida y resplandece en la gloria del alma que consigui\u00f3 [&hellip;]","og_url":"https:\/\/nuevo-renacer.com\/pt\/buscar-la-perfeccion\/","og_site_name":"Uni\u00f3n Esp\u00edrita","article_publisher":"https:\/\/www.facebook.com\/groups\/3431398063740829","article_modified_time":"2024-07-16T12:40:55+00:00","og_image":[{"width":595,"height":360,"url":"https:\/\/nuevo-renacer.com\/wp-content\/uploads\/2024\/07\/360_F_588784873_LtvDnU9RqBQnBOW2mgKcph0HBGzzxON0.jpg","type":"image\/jpeg"}],"twitter_card":"summary_large_image","twitter_misc":{"Est. tempo de leitura":"3 minutos"},"schema":{"@context":"https:\/\/schema.org","@graph":[{"@type":"WebPage","@id":"https:\/\/nuevo-renacer.com\/buscar-la-perfeccion\/","url":"https:\/\/nuevo-renacer.com\/buscar-la-perfeccion\/","name":"Buscar la perfecci\u00f3n - Uni\u00f3n Esp\u00edrita","isPartOf":{"@id":"https:\/\/nuevo-renacer.com\/#website"},"primaryImageOfPage":{"@id":"https:\/\/nuevo-renacer.com\/buscar-la-perfeccion\/#primaryimage"},"image":{"@id":"https:\/\/nuevo-renacer.com\/buscar-la-perfeccion\/#primaryimage"},"thumbnailUrl":"https:\/\/nuevo-renacer.com\/wp-content\/uploads\/2024\/07\/360_F_588784873_LtvDnU9RqBQnBOW2mgKcph0HBGzzxON0.jpg","datePublished":"2024-07-16T12:40:52+00:00","dateModified":"2024-07-16T12:40:55+00:00","breadcrumb":{"@id":"https:\/\/nuevo-renacer.com\/buscar-la-perfeccion\/#breadcrumb"},"inLanguage":"pt-BR","potentialAction":[{"@type":"ReadAction","target":["https:\/\/nuevo-renacer.com\/buscar-la-perfeccion\/"]}]},{"@type":"ImageObject","inLanguage":"pt-BR","@id":"https:\/\/nuevo-renacer.com\/buscar-la-perfeccion\/#primaryimage","url":"https:\/\/nuevo-renacer.com\/wp-content\/uploads\/2024\/07\/360_F_588784873_LtvDnU9RqBQnBOW2mgKcph0HBGzzxON0.jpg","contentUrl":"https:\/\/nuevo-renacer.com\/wp-content\/uploads\/2024\/07\/360_F_588784873_LtvDnU9RqBQnBOW2mgKcph0HBGzzxON0.jpg","width":595,"height":360},{"@type":"BreadcrumbList","@id":"https:\/\/nuevo-renacer.com\/buscar-la-perfeccion\/#breadcrumb","itemListElement":[{"@type":"ListItem","position":1,"name":"Startseite","item":"https:\/\/nuevo-renacer.com\/"},{"@type":"ListItem","position":2,"name":"Buscar la perfecci\u00f3n"}]},{"@type":"WebSite","@id":"https:\/\/nuevo-renacer.com\/#website","url":"https:\/\/nuevo-renacer.com\/","name":"Uni\u00f3n Esp\u00edrita","description":"Nuevo Renacer","publisher":{"@id":"https:\/\/nuevo-renacer.com\/#organization"},"potentialAction":[{"@type":"SearchAction","target":{"@type":"EntryPoint","urlTemplate":"https:\/\/nuevo-renacer.com\/?s={search_term_string}"},"query-input":{"@type":"PropertyValueSpecification","valueRequired":true,"valueName":"search_term_string"}}],"inLanguage":"pt-BR"},{"@type":"Organization","@id":"https:\/\/nuevo-renacer.com\/#organization","name":"UFEC","url":"https:\/\/nuevo-renacer.com\/","logo":{"@type":"ImageObject","inLanguage":"pt-BR","@id":"https:\/\/nuevo-renacer.com\/#\/schema\/logo\/image\/","url":"https:\/\/nuevo-renacer.com\/wp-content\/uploads\/2024\/05\/cropped-LOGO-TERMINADO1-3-3.png","contentUrl":"https:\/\/nuevo-renacer.com\/wp-content\/uploads\/2024\/05\/cropped-LOGO-TERMINADO1-3-3.png","width":512,"height":512,"caption":"UFEC"},"image":{"@id":"https:\/\/nuevo-renacer.com\/#\/schema\/logo\/image\/"},"sameAs":["https:\/\/www.facebook.com\/groups\/3431398063740829"]}]}},"uagb_featured_image_src":{"full":["https:\/\/nuevo-renacer.com\/wp-content\/uploads\/2024\/07\/360_F_588784873_LtvDnU9RqBQnBOW2mgKcph0HBGzzxON0.jpg",595,360,false],"thumbnail":["https:\/\/nuevo-renacer.com\/wp-content\/uploads\/2024\/07\/360_F_588784873_LtvDnU9RqBQnBOW2mgKcph0HBGzzxON0-150x150.jpg",150,150,true],"medium":["https:\/\/nuevo-renacer.com\/wp-content\/uploads\/2024\/07\/360_F_588784873_LtvDnU9RqBQnBOW2mgKcph0HBGzzxON0-300x182.jpg",300,182,true],"medium_large":["https:\/\/nuevo-renacer.com\/wp-content\/uploads\/2024\/07\/360_F_588784873_LtvDnU9RqBQnBOW2mgKcph0HBGzzxON0.jpg",595,360,false],"large":["https:\/\/nuevo-renacer.com\/wp-content\/uploads\/2024\/07\/360_F_588784873_LtvDnU9RqBQnBOW2mgKcph0HBGzzxON0.jpg",595,360,false],"1536x1536":["https:\/\/nuevo-renacer.com\/wp-content\/uploads\/2024\/07\/360_F_588784873_LtvDnU9RqBQnBOW2mgKcph0HBGzzxON0.jpg",595,360,false],"2048x2048":["https:\/\/nuevo-renacer.com\/wp-content\/uploads\/2024\/07\/360_F_588784873_LtvDnU9RqBQnBOW2mgKcph0HBGzzxON0.jpg",595,360,false],"trp-custom-language-flag":["https:\/\/nuevo-renacer.com\/wp-content\/uploads\/2024\/07\/360_F_588784873_LtvDnU9RqBQnBOW2mgKcph0HBGzzxON0-18x12.jpg",18,12,true]},"uagb_author_info":{"display_name":"adbv0","author_link":"https:\/\/nuevo-renacer.com\/pt\/author\/adbv0\/"},"uagb_comment_info":0,"uagb_excerpt":"Buscar la perfecci\u00f3n La perfecci\u00f3n es la belleza que aparece en aquello que hacemos con el inter\u00e9s de hacer lo mejor. Debemos buscar la perfecci\u00f3n en todo lo que hacemos, en todo lo que hablamos o escribimos. Ella comienza en un simple acto de nuestra vida y resplandece en la gloria del alma que consigui\u00f3&hellip;","jetpack_sharing_enabled":true,"_links":{"self":[{"href":"https:\/\/nuevo-renacer.com\/pt\/wp-json\/wp\/v2\/pages\/3872","targetHints":{"allow":["GET"]}}],"collection":[{"href":"https:\/\/nuevo-renacer.com\/pt\/wp-json\/wp\/v2\/pages"}],"about":[{"href":"https:\/\/nuevo-renacer.com\/pt\/wp-json\/wp\/v2\/types\/page"}],"author":[{"embeddable":true,"href":"https:\/\/nuevo-renacer.com\/pt\/wp-json\/wp\/v2\/users\/1"}],"replies":[{"embeddable":true,"href":"https:\/\/nuevo-renacer.com\/pt\/wp-json\/wp\/v2\/comments?post=3872"}],"version-history":[{"count":1,"href":"https:\/\/nuevo-renacer.com\/pt\/wp-json\/wp\/v2\/pages\/3872\/revisions"}],"predecessor-version":[{"id":3874,"href":"https:\/\/nuevo-renacer.com\/pt\/wp-json\/wp\/v2\/pages\/3872\/revisions\/3874"}],"wp:featuredmedia":[{"embeddable":true,"href":"https:\/\/nuevo-renacer.com\/pt\/wp-json\/wp\/v2\/media\/3873"}],"wp:attachment":[{"href":"https:\/\/nuevo-renacer.com\/pt\/wp-json\/wp\/v2\/media?parent=3872"}],"curies":[{"name":"wp","href":"https:\/\/api.w.org\/{rel}","templated":true}]}}