{"id":3853,"date":"2024-07-16T11:14:23","date_gmt":"2024-07-16T11:14:23","guid":{"rendered":"https:\/\/ufec-mundial.com\/?page_id=3853"},"modified":"2024-07-16T11:14:25","modified_gmt":"2024-07-16T11:14:25","slug":"psiquiatria-y-espiritismo","status":"publish","type":"page","link":"https:\/\/nuevo-renacer.com\/pt\/psiquiatria-y-espiritismo\/","title":{"rendered":"Psiquiatria e esp\u00edrita"},"content":{"rendered":"<div class=\"wp-block-uagb-container uagb-block-3ecbc24a alignfull uagb-is-root-container\"><div class=\"uagb-container-inner-blocks-wrap\">\n<p class=\"has-black-color has-text-color has-link-color has-medium-font-size wp-elements-244678b169cdd51dce1c0b216ed3fab4\"><strong>Psiquiatria e esp\u00edrita<\/strong><\/p>\n<\/div><\/div>\n\n\n\n<div class=\"wp-block-uagb-container uagb-block-64cd3451 alignfull uagb-is-root-container\"><div class=\"uagb-container-inner-blocks-wrap\">\n<figure class=\"wp-block-image size-full is-resized\"><img fetchpriority=\"high\" decoding=\"async\" width=\"626\" height=\"416\" src=\"https:\/\/ufec-mundial.com\/wp-content\/uploads\/2024\/07\/447968129_7965176216836124_410702528150355634_n.jpg\" alt=\"\" class=\"wp-image-3854\" style=\"width:427px;height:auto\" srcset=\"https:\/\/nuevo-renacer.com\/wp-content\/uploads\/2024\/07\/447968129_7965176216836124_410702528150355634_n.jpg 626w, https:\/\/nuevo-renacer.com\/wp-content\/uploads\/2024\/07\/447968129_7965176216836124_410702528150355634_n-300x199.jpg 300w, https:\/\/nuevo-renacer.com\/wp-content\/uploads\/2024\/07\/447968129_7965176216836124_410702528150355634_n-18x12.jpg 18w\" sizes=\"(max-width: 626px) 100vw, 626px\" \/><\/figure>\n<\/div><\/div>\n\n\n\n<div class=\"wp-block-uagb-container uagb-block-a8062a64 alignfull uagb-is-root-container\"><div class=\"uagb-container-inner-blocks-wrap\">\n<p class=\"has-small-font-size\">A psiquiatria \u00e9 o campo da medicina que mais entra em conflito com a esp\u00edrita. E \u00e9 o campo em que os esp\u00edritas s\u00e3o mais ativos e bem-sucedidos. A raz\u00e3o \u00e9 \u00f3bvia. A maioria dos psicopatas \u00e9 simplesmente possu\u00edda; e o que est\u00e1 al\u00e9m da rotina nos psicopatas de origem psicol\u00f3gica, educacional, neurol\u00f3gica ou cerebral est\u00e1 igualmente infestado de esp\u00edritos inferiores. A esse respeito, n\u00e3o h\u00e1 d\u00favida para os esp\u00edritas praticantes e, especialmente, para os psiquiatras espiritualistas. Por essa raz\u00e3o, \u00e9 grande o n\u00famero de cl\u00ednicas psiqui\u00e1tricas esp\u00edritas no Brasil. Somente no estado de S\u00e3o Paulo, h\u00e1 trinta e cinco desses estabelecimentos em funcionamento, e v\u00e1rios outros est\u00e3o planejados ou em constru\u00e7\u00e3o.<\/p>\n\n\n\n<p class=\"has-black-color has-text-color has-link-color has-small-font-size wp-elements-642ecbbfe554b816bd176f3b02b290d0\">A equipe m\u00e9dica desses centros nem sempre \u00e9 esp\u00edrita, mas geralmente \u00e9 composta por uma maioria de m\u00e9dicos n\u00e3o esp\u00edritas. As autoridades oficiais colocam obst\u00e1culos ao tratamento m\u00e9dico n\u00e3o convencional nesses centros; mas os esp\u00edritas enfrentam todas as dificuldades e, al\u00e9m disso, continuam a construir novos hospitais porque sentem uma grande responsabilidade por esse problema, pois s\u00e3o os \u00fanicos que realmente o conhecem em sua maior profundidade. \u00c9 sua tarefa fazer algo pelos milh\u00f5es de v\u00edtimas que receberam tratamento inadequado, no todo ou em parte.<\/p>\n\n\n\n<p class=\"has-black-color has-text-color has-link-color has-small-font-size wp-elements-136305a6626f5d12c5d5aaa719da3622\">Esses hospitais formaram uma associa\u00e7\u00e3o para lutar melhor por seus direitos e manter rela\u00e7\u00f5es mais frequentes e eficazes entre si. Essa rede hospitalar especializada ajudou o governo estadual durante a crise do Juqueri (Hospital Franco da Rocha, na capital), participando da distribui\u00e7\u00e3o do n\u00famero excessivo de pacientes que transformou o Juqueri no que as pessoas chamavam de caldeir\u00e3o do diabo.<\/p>\n\n\n\n<p class=\"has-black-color has-text-color has-link-color has-small-font-size wp-elements-6453227cb261d945f9b81d0665deef54\">O Hospital Esp\u00edrita de Amparo estava em constru\u00e7\u00e3o quando um renomado m\u00e9dico e escritor publicou um artigo no jornal Ultima Hora se manifestando contra o projeto, alegando que os esp\u00edritas se interessavam pela causa por uma quest\u00e3o de consci\u00eancia, pois produziam loucos e se sentiam obrigados a ajud\u00e1-los. Um jornalista e psic\u00f3logo esp\u00edrita respondeu no Associated Newspapers que os esp\u00edritas estavam interessados na causa porque a medicina n\u00e3o podia curar os doentes mentais. O princ\u00edpio esp\u00edrita da caridade os obrigava a fazer isso. O hospital foi constru\u00eddo e outros logo se seguiram.<\/p>\n\n\n\n<p class=\"has-black-color has-text-color has-link-color has-small-font-size wp-elements-b7baf331084286693441028e5413f88d\">A cal\u00fania de que os esp\u00edritas fazem loucos come\u00e7ou com as campanhas clericais e m\u00e9dicas contra a doutrina. Kardec abordou essa quest\u00e3o apontando o absurdo dessa acusa\u00e7\u00e3o e lembrando que o mito do dem\u00f4nio produziu mais loucos no mundo ao longo dos s\u00e9culos do que se pode imaginar. Ele ressaltou que o tratamento m\u00e9dico sempre se mostrou inadequado pela simples raz\u00e3o de que a ci\u00eancia se recusava a reconhecer os sinais de possess\u00e3o.<\/p>\n\n\n\n<p class=\"has-black-color has-text-color has-link-color has-small-font-size wp-elements-1cb48ec403502533d9da9aa1f1768207\">Ele se referiu \u00e0 predisposi\u00e7\u00e3o de certas pessoas \u00e0 loucura, que levou \u00e0 perda da raz\u00e3o em pessoas do mundo todo que se dedicam ao estudo da m\u00fasica, da matem\u00e1tica, da teologia ou de outras disciplinas culturais. Ainda mais porque, de acordo com o professor, h\u00e1 um certo grau de loucura em todos n\u00f3s, que pode ser desencadeado por qualquer tipo de excita\u00e7\u00e3o. Como exemplo, ele citou os casos de possess\u00e3o individual e coletiva que ocorrem com assustadora frequ\u00eancia em comunidades religiosas e afirmou que o espiritismo \u00e9 a melhor e mais eficaz preven\u00e7\u00e3o contra v\u00e1rios tipos de loucura.<\/p>\n\n\n\n<p class=\"has-black-color has-text-color has-link-color has-small-font-size wp-elements-d66d94c9761a13b4a01c967b07d3ef48\">Atualmente, est\u00e1 cientificamente comprovado que esse grau de loucura pode ser desencadeado pela excita\u00e7\u00e3o telep\u00e1tica, tanto por seres encarnados quanto por esp\u00edritos desencarnados. H\u00e1 alguns anos, o m\u00e9dico psicanalista Jean Herenwald dedicou um livro a essa quest\u00e3o intitulado \u201cTelepathy and Interpersonal Relations\u201d (Telepatia e rela\u00e7\u00f5es interpessoais), no qual ele cita casos impressionantes de sua pr\u00f3pria cl\u00ednica. Pesquisas americanas, brit\u00e2nicas, francesas e sovi\u00e9ticas forneceram provas irrefut\u00e1veis dessa realidade.<\/p>\n\n\n\n<p class=\"has-black-color has-text-color has-link-color has-small-font-size wp-elements-a26993b85b82262686ae0c4bf209d604\">Whately Carrington, da Universidade de Cambridge, examinou os fatos em profundidade. A esp\u00edrita n\u00e3o tem a inten\u00e7\u00e3o de combater a psiquiatria nem de negar suas realiza\u00e7\u00f5es ou as da psicoterapia em geral, mas oferece claramente novas perspectivas a esse campo especializado de tratamento para avan\u00e7ar na pesquisa etiol\u00f3gica e curativa cientificamente comprovada. Ele revela aos psicoterapeutas a face oculta da realidade psicopatol\u00f3gica, assim como os astronautas mostraram aos astr\u00f4nomos a face oculta da lua.<\/p>\n\n\n\n<p class=\"has-black-color has-text-color has-link-color has-small-font-size wp-elements-b5a294ad0cb7a6d7f7ba0772a163deea\">Os m\u00e9todos de tratamento esp\u00edrita provaram sua efic\u00e1cia e continuam a faz\u00ea-lo diariamente em todo o mundo. A esp\u00edrita oferece \u00e0 psiquiatria uma contribui\u00e7\u00e3o te\u00f3rica e pr\u00e1tica abrangente que a psiquiatria n\u00e3o pode rejeitar com base em suposi\u00e7\u00f5es e preconceitos de um passado h\u00e1 muito ultrapassado.<\/p>\n<\/div><\/div>","protected":false},"excerpt":{"rendered":"<p>Psiquiatr\u00eda y Espiritismo La psiquiatr\u00eda es el campo de la medicina que est\u00e1 m\u00e1s en conflicto con el espiritismo. Y es el campo en el que los espiritistas son m\u00e1s activos y tienen m\u00e1s \u00e9xito. La raz\u00f3n es obvia. La mayor\u00eda de los psic\u00f3patas est\u00e1n simplemente pose\u00eddos; y lo que va m\u00e1s all\u00e1 de la [&hellip;]<\/p>","protected":false},"author":1,"featured_media":3854,"parent":0,"menu_order":0,"comment_status":"closed","ping_status":"closed","template":"","meta":{"_uag_custom_page_level_css":"","site-sidebar-layout":"default","site-content-layout":"","ast-site-content-layout":"default","site-content-style":"default","site-sidebar-style":"default","ast-global-header-display":"","ast-banner-title-visibility":"","ast-main-header-display":"","ast-hfb-above-header-display":"","ast-hfb-below-header-display":"","ast-hfb-mobile-header-display":"","site-post-title":"disabled","ast-breadcrumbs-content":"","ast-featured-img":"","footer-sml-layout":"","theme-transparent-header-meta":"","adv-header-id-meta":"","stick-header-meta":"","header-above-stick-meta":"","header-main-stick-meta":"","header-below-stick-meta":"","astra-migrate-meta-layouts":"set","ast-page-background-enabled":"default","ast-page-background-meta":{"desktop":{"background-color":"var(--ast-global-color-4)","background-image":"","background-repeat":"repeat","background-position":"center center","background-size":"auto","background-attachment":"scroll","background-type":"","background-media":"","overlay-type":"","overlay-color":"","overlay-opacity":"","overlay-gradient":""},"tablet":{"background-color":"","background-image":"","background-repeat":"repeat","background-position":"center center","background-size":"auto","background-attachment":"scroll","background-type":"","background-media":"","overlay-type":"","overlay-color":"","overlay-opacity":"","overlay-gradient":""},"mobile":{"background-color":"","background-image":"","background-repeat":"repeat","background-position":"center center","background-size":"auto","background-attachment":"scroll","background-type":"","background-media":"","overlay-type":"","overlay-color":"","overlay-opacity":"","overlay-gradient":""}},"ast-content-background-meta":{"desktop":{"background-color":"var(--ast-global-color-5)","background-image":"","background-repeat":"repeat","background-position":"center center","background-size":"auto","background-attachment":"scroll","background-type":"","background-media":"","overlay-type":"","overlay-color":"","overlay-opacity":"","overlay-gradient":""},"tablet":{"background-color":"var(--ast-global-color-5)","background-image":"","background-repeat":"repeat","background-position":"center center","background-size":"auto","background-attachment":"scroll","background-type":"","background-media":"","overlay-type":"","overlay-color":"","overlay-opacity":"","overlay-gradient":""},"mobile":{"background-color":"var(--ast-global-color-5)","background-image":"","background-repeat":"repeat","background-position":"center center","background-size":"auto","background-attachment":"scroll","background-type":"","background-media":"","overlay-type":"","overlay-color":"","overlay-opacity":"","overlay-gradient":""}},"footnotes":""},"class_list":["post-3853","page","type-page","status-publish","has-post-thumbnail","hentry"],"yoast_head":"<!-- This site is optimized with the Yoast SEO Premium plugin v24.2 (Yoast SEO v24.6) - https:\/\/yoast.com\/wordpress\/plugins\/seo\/ -->\n<title>Psiquiatr\u00eda y Espiritismo - Uni\u00f3n Esp\u00edrita<\/title>\n<meta name=\"robots\" content=\"index, follow, max-snippet:-1, max-image-preview:large, max-video-preview:-1\" \/>\n<link rel=\"canonical\" href=\"https:\/\/nuevo-renacer.com\/pt\/psiquiatria-y-espiritismo\/\" \/>\n<meta property=\"og:locale\" content=\"pt_BR\" \/>\n<meta property=\"og:type\" content=\"article\" \/>\n<meta property=\"og:title\" content=\"Psiquiatr\u00eda y Espiritismo\" \/>\n<meta property=\"og:description\" content=\"Psiquiatr\u00eda y Espiritismo La psiquiatr\u00eda es el campo de la medicina que est\u00e1 m\u00e1s en conflicto con el espiritismo. Y es el campo en el que los espiritistas son m\u00e1s activos y tienen m\u00e1s \u00e9xito. La raz\u00f3n es obvia. La mayor\u00eda de los psic\u00f3patas est\u00e1n simplemente pose\u00eddos; y lo que va m\u00e1s all\u00e1 de la [&hellip;]\" \/>\n<meta property=\"og:url\" content=\"https:\/\/nuevo-renacer.com\/pt\/psiquiatria-y-espiritismo\/\" \/>\n<meta property=\"og:site_name\" content=\"Uni\u00f3n Esp\u00edrita\" \/>\n<meta property=\"article:publisher\" content=\"https:\/\/www.facebook.com\/groups\/3431398063740829\" \/>\n<meta property=\"article:modified_time\" content=\"2024-07-16T11:14:25+00:00\" \/>\n<meta property=\"og:image\" content=\"https:\/\/nuevo-renacer.com\/wp-content\/uploads\/2024\/07\/447968129_7965176216836124_410702528150355634_n.jpg\" \/>\n\t<meta property=\"og:image:width\" content=\"626\" \/>\n\t<meta property=\"og:image:height\" content=\"416\" \/>\n\t<meta property=\"og:image:type\" content=\"image\/jpeg\" \/>\n<meta name=\"twitter:card\" content=\"summary_large_image\" \/>\n<meta name=\"twitter:label1\" content=\"Est. tempo de leitura\" \/>\n\t<meta name=\"twitter:data1\" content=\"4 minutos\" \/>\n<script type=\"application\/ld+json\" class=\"yoast-schema-graph\">{\"@context\":\"https:\/\/schema.org\",\"@graph\":[{\"@type\":\"WebPage\",\"@id\":\"https:\/\/nuevo-renacer.com\/psiquiatria-y-espiritismo\/\",\"url\":\"https:\/\/nuevo-renacer.com\/psiquiatria-y-espiritismo\/\",\"name\":\"Psiquiatr\u00eda y Espiritismo - Uni\u00f3n Esp\u00edrita\",\"isPartOf\":{\"@id\":\"https:\/\/nuevo-renacer.com\/#website\"},\"primaryImageOfPage\":{\"@id\":\"https:\/\/nuevo-renacer.com\/psiquiatria-y-espiritismo\/#primaryimage\"},\"image\":{\"@id\":\"https:\/\/nuevo-renacer.com\/psiquiatria-y-espiritismo\/#primaryimage\"},\"thumbnailUrl\":\"https:\/\/nuevo-renacer.com\/wp-content\/uploads\/2024\/07\/447968129_7965176216836124_410702528150355634_n.jpg\",\"datePublished\":\"2024-07-16T11:14:23+00:00\",\"dateModified\":\"2024-07-16T11:14:25+00:00\",\"breadcrumb\":{\"@id\":\"https:\/\/nuevo-renacer.com\/psiquiatria-y-espiritismo\/#breadcrumb\"},\"inLanguage\":\"pt-BR\",\"potentialAction\":[{\"@type\":\"ReadAction\",\"target\":[\"https:\/\/nuevo-renacer.com\/psiquiatria-y-espiritismo\/\"]}]},{\"@type\":\"ImageObject\",\"inLanguage\":\"pt-BR\",\"@id\":\"https:\/\/nuevo-renacer.com\/psiquiatria-y-espiritismo\/#primaryimage\",\"url\":\"https:\/\/nuevo-renacer.com\/wp-content\/uploads\/2024\/07\/447968129_7965176216836124_410702528150355634_n.jpg\",\"contentUrl\":\"https:\/\/nuevo-renacer.com\/wp-content\/uploads\/2024\/07\/447968129_7965176216836124_410702528150355634_n.jpg\",\"width\":626,\"height\":416},{\"@type\":\"BreadcrumbList\",\"@id\":\"https:\/\/nuevo-renacer.com\/psiquiatria-y-espiritismo\/#breadcrumb\",\"itemListElement\":[{\"@type\":\"ListItem\",\"position\":1,\"name\":\"Startseite\",\"item\":\"https:\/\/nuevo-renacer.com\/\"},{\"@type\":\"ListItem\",\"position\":2,\"name\":\"Psiquiatr\u00eda y Espiritismo\"}]},{\"@type\":\"WebSite\",\"@id\":\"https:\/\/nuevo-renacer.com\/#website\",\"url\":\"https:\/\/nuevo-renacer.com\/\",\"name\":\"Uni\u00f3n Esp\u00edrita\",\"description\":\"Nuevo Renacer\",\"publisher\":{\"@id\":\"https:\/\/nuevo-renacer.com\/#organization\"},\"potentialAction\":[{\"@type\":\"SearchAction\",\"target\":{\"@type\":\"EntryPoint\",\"urlTemplate\":\"https:\/\/nuevo-renacer.com\/?s={search_term_string}\"},\"query-input\":{\"@type\":\"PropertyValueSpecification\",\"valueRequired\":true,\"valueName\":\"search_term_string\"}}],\"inLanguage\":\"pt-BR\"},{\"@type\":\"Organization\",\"@id\":\"https:\/\/nuevo-renacer.com\/#organization\",\"name\":\"UFEC\",\"url\":\"https:\/\/nuevo-renacer.com\/\",\"logo\":{\"@type\":\"ImageObject\",\"inLanguage\":\"pt-BR\",\"@id\":\"https:\/\/nuevo-renacer.com\/#\/schema\/logo\/image\/\",\"url\":\"https:\/\/nuevo-renacer.com\/wp-content\/uploads\/2024\/05\/cropped-LOGO-TERMINADO1-3-3.png\",\"contentUrl\":\"https:\/\/nuevo-renacer.com\/wp-content\/uploads\/2024\/05\/cropped-LOGO-TERMINADO1-3-3.png\",\"width\":512,\"height\":512,\"caption\":\"UFEC\"},\"image\":{\"@id\":\"https:\/\/nuevo-renacer.com\/#\/schema\/logo\/image\/\"},\"sameAs\":[\"https:\/\/www.facebook.com\/groups\/3431398063740829\"]}]}<\/script>\n<!-- \/ Yoast SEO Premium plugin. -->","yoast_head_json":{"title":"Psiquiatr\u00eda y Espiritismo - Uni\u00f3n Esp\u00edrita","robots":{"index":"index","follow":"follow","max-snippet":"max-snippet:-1","max-image-preview":"max-image-preview:large","max-video-preview":"max-video-preview:-1"},"canonical":"https:\/\/nuevo-renacer.com\/pt\/psiquiatria-y-espiritismo\/","og_locale":"pt_BR","og_type":"article","og_title":"Psiquiatr\u00eda y Espiritismo","og_description":"Psiquiatr\u00eda y Espiritismo La psiquiatr\u00eda es el campo de la medicina que est\u00e1 m\u00e1s en conflicto con el espiritismo. Y es el campo en el que los espiritistas son m\u00e1s activos y tienen m\u00e1s \u00e9xito. La raz\u00f3n es obvia. La mayor\u00eda de los psic\u00f3patas est\u00e1n simplemente pose\u00eddos; y lo que va m\u00e1s all\u00e1 de la [&hellip;]","og_url":"https:\/\/nuevo-renacer.com\/pt\/psiquiatria-y-espiritismo\/","og_site_name":"Uni\u00f3n Esp\u00edrita","article_publisher":"https:\/\/www.facebook.com\/groups\/3431398063740829","article_modified_time":"2024-07-16T11:14:25+00:00","og_image":[{"width":626,"height":416,"url":"https:\/\/nuevo-renacer.com\/wp-content\/uploads\/2024\/07\/447968129_7965176216836124_410702528150355634_n.jpg","type":"image\/jpeg"}],"twitter_card":"summary_large_image","twitter_misc":{"Est. tempo de leitura":"4 minutos"},"schema":{"@context":"https:\/\/schema.org","@graph":[{"@type":"WebPage","@id":"https:\/\/nuevo-renacer.com\/psiquiatria-y-espiritismo\/","url":"https:\/\/nuevo-renacer.com\/psiquiatria-y-espiritismo\/","name":"Psiquiatr\u00eda y Espiritismo - Uni\u00f3n Esp\u00edrita","isPartOf":{"@id":"https:\/\/nuevo-renacer.com\/#website"},"primaryImageOfPage":{"@id":"https:\/\/nuevo-renacer.com\/psiquiatria-y-espiritismo\/#primaryimage"},"image":{"@id":"https:\/\/nuevo-renacer.com\/psiquiatria-y-espiritismo\/#primaryimage"},"thumbnailUrl":"https:\/\/nuevo-renacer.com\/wp-content\/uploads\/2024\/07\/447968129_7965176216836124_410702528150355634_n.jpg","datePublished":"2024-07-16T11:14:23+00:00","dateModified":"2024-07-16T11:14:25+00:00","breadcrumb":{"@id":"https:\/\/nuevo-renacer.com\/psiquiatria-y-espiritismo\/#breadcrumb"},"inLanguage":"pt-BR","potentialAction":[{"@type":"ReadAction","target":["https:\/\/nuevo-renacer.com\/psiquiatria-y-espiritismo\/"]}]},{"@type":"ImageObject","inLanguage":"pt-BR","@id":"https:\/\/nuevo-renacer.com\/psiquiatria-y-espiritismo\/#primaryimage","url":"https:\/\/nuevo-renacer.com\/wp-content\/uploads\/2024\/07\/447968129_7965176216836124_410702528150355634_n.jpg","contentUrl":"https:\/\/nuevo-renacer.com\/wp-content\/uploads\/2024\/07\/447968129_7965176216836124_410702528150355634_n.jpg","width":626,"height":416},{"@type":"BreadcrumbList","@id":"https:\/\/nuevo-renacer.com\/psiquiatria-y-espiritismo\/#breadcrumb","itemListElement":[{"@type":"ListItem","position":1,"name":"Startseite","item":"https:\/\/nuevo-renacer.com\/"},{"@type":"ListItem","position":2,"name":"Psiquiatr\u00eda y Espiritismo"}]},{"@type":"WebSite","@id":"https:\/\/nuevo-renacer.com\/#website","url":"https:\/\/nuevo-renacer.com\/","name":"Uni\u00f3n Esp\u00edrita","description":"Nuevo Renacer","publisher":{"@id":"https:\/\/nuevo-renacer.com\/#organization"},"potentialAction":[{"@type":"SearchAction","target":{"@type":"EntryPoint","urlTemplate":"https:\/\/nuevo-renacer.com\/?s={search_term_string}"},"query-input":{"@type":"PropertyValueSpecification","valueRequired":true,"valueName":"search_term_string"}}],"inLanguage":"pt-BR"},{"@type":"Organization","@id":"https:\/\/nuevo-renacer.com\/#organization","name":"UFEC","url":"https:\/\/nuevo-renacer.com\/","logo":{"@type":"ImageObject","inLanguage":"pt-BR","@id":"https:\/\/nuevo-renacer.com\/#\/schema\/logo\/image\/","url":"https:\/\/nuevo-renacer.com\/wp-content\/uploads\/2024\/05\/cropped-LOGO-TERMINADO1-3-3.png","contentUrl":"https:\/\/nuevo-renacer.com\/wp-content\/uploads\/2024\/05\/cropped-LOGO-TERMINADO1-3-3.png","width":512,"height":512,"caption":"UFEC"},"image":{"@id":"https:\/\/nuevo-renacer.com\/#\/schema\/logo\/image\/"},"sameAs":["https:\/\/www.facebook.com\/groups\/3431398063740829"]}]}},"uagb_featured_image_src":{"full":["https:\/\/nuevo-renacer.com\/wp-content\/uploads\/2024\/07\/447968129_7965176216836124_410702528150355634_n.jpg",626,416,false],"thumbnail":["https:\/\/nuevo-renacer.com\/wp-content\/uploads\/2024\/07\/447968129_7965176216836124_410702528150355634_n-150x150.jpg",150,150,true],"medium":["https:\/\/nuevo-renacer.com\/wp-content\/uploads\/2024\/07\/447968129_7965176216836124_410702528150355634_n-300x199.jpg",300,199,true],"medium_large":["https:\/\/nuevo-renacer.com\/wp-content\/uploads\/2024\/07\/447968129_7965176216836124_410702528150355634_n.jpg",626,416,false],"large":["https:\/\/nuevo-renacer.com\/wp-content\/uploads\/2024\/07\/447968129_7965176216836124_410702528150355634_n.jpg",626,416,false],"1536x1536":["https:\/\/nuevo-renacer.com\/wp-content\/uploads\/2024\/07\/447968129_7965176216836124_410702528150355634_n.jpg",626,416,false],"2048x2048":["https:\/\/nuevo-renacer.com\/wp-content\/uploads\/2024\/07\/447968129_7965176216836124_410702528150355634_n.jpg",626,416,false],"trp-custom-language-flag":["https:\/\/nuevo-renacer.com\/wp-content\/uploads\/2024\/07\/447968129_7965176216836124_410702528150355634_n-18x12.jpg",18,12,true]},"uagb_author_info":{"display_name":"adbv0","author_link":"https:\/\/nuevo-renacer.com\/pt\/author\/adbv0\/"},"uagb_comment_info":0,"uagb_excerpt":"Psiquiatr\u00eda y Espiritismo La psiquiatr\u00eda es el campo de la medicina que est\u00e1 m\u00e1s en conflicto con el espiritismo. Y es el campo en el que los espiritistas son m\u00e1s activos y tienen m\u00e1s \u00e9xito. La raz\u00f3n es obvia. La mayor\u00eda de los psic\u00f3patas est\u00e1n simplemente pose\u00eddos; y lo que va m\u00e1s all\u00e1 de la&hellip;","jetpack_sharing_enabled":true,"_links":{"self":[{"href":"https:\/\/nuevo-renacer.com\/pt\/wp-json\/wp\/v2\/pages\/3853","targetHints":{"allow":["GET"]}}],"collection":[{"href":"https:\/\/nuevo-renacer.com\/pt\/wp-json\/wp\/v2\/pages"}],"about":[{"href":"https:\/\/nuevo-renacer.com\/pt\/wp-json\/wp\/v2\/types\/page"}],"author":[{"embeddable":true,"href":"https:\/\/nuevo-renacer.com\/pt\/wp-json\/wp\/v2\/users\/1"}],"replies":[{"embeddable":true,"href":"https:\/\/nuevo-renacer.com\/pt\/wp-json\/wp\/v2\/comments?post=3853"}],"version-history":[{"count":1,"href":"https:\/\/nuevo-renacer.com\/pt\/wp-json\/wp\/v2\/pages\/3853\/revisions"}],"predecessor-version":[{"id":3855,"href":"https:\/\/nuevo-renacer.com\/pt\/wp-json\/wp\/v2\/pages\/3853\/revisions\/3855"}],"wp:featuredmedia":[{"embeddable":true,"href":"https:\/\/nuevo-renacer.com\/pt\/wp-json\/wp\/v2\/media\/3854"}],"wp:attachment":[{"href":"https:\/\/nuevo-renacer.com\/pt\/wp-json\/wp\/v2\/media?parent=3853"}],"curies":[{"name":"wp","href":"https:\/\/api.w.org\/{rel}","templated":true}]}}