{"id":3847,"date":"2024-07-16T10:53:38","date_gmt":"2024-07-16T10:53:38","guid":{"rendered":"https:\/\/ufec-mundial.com\/?page_id=3847"},"modified":"2024-07-16T10:53:41","modified_gmt":"2024-07-16T10:53:41","slug":"las-guerras","status":"publish","type":"page","link":"https:\/\/nuevo-renacer.com\/pt\/las-guerras\/","title":{"rendered":"As guerras"},"content":{"rendered":"<div class=\"wp-block-uagb-container uagb-block-619f0544 alignfull uagb-is-root-container\"><div class=\"uagb-container-inner-blocks-wrap\">\n<p class=\"has-black-color has-text-color has-link-color has-medium-font-size wp-elements-6cb0d9505d9f48bf377e4d6c2b2c90e0\"><strong>As guerras<\/strong><\/p>\n<\/div><\/div>\n\n\n\n<div class=\"wp-block-uagb-container uagb-block-ecfc577b alignfull uagb-is-root-container\"><div class=\"uagb-container-inner-blocks-wrap\">\n<figure class=\"wp-block-image size-full is-resized\"><img fetchpriority=\"high\" decoding=\"async\" width=\"626\" height=\"351\" src=\"https:\/\/ufec-mundial.com\/wp-content\/uploads\/2024\/07\/medium-shot-soldier-war-zone_23-2150804357.avif\" alt=\"\" class=\"wp-image-3849\" style=\"width:382px;height:auto\"\/><\/figure>\n<\/div><\/div>\n\n\n\n<div class=\"wp-block-uagb-container uagb-block-52651a7f alignfull uagb-is-root-container\"><div class=\"uagb-container-inner-blocks-wrap\">\n<p class=\"has-black-color has-text-color has-link-color has-small-font-size wp-elements-84b89acb587821a62b9c5a0740067119\">A tremenda luta entre na\u00e7\u00f5es e ra\u00e7as e as revoltas no mundo representam os problemas mais s\u00e9rios. Diante desse grande drama, a mente humana inquieta faz mil perguntas a si mesma. E h\u00e1 momentos em que a d\u00favida, a ansiedade e o pessimismo dominam as mentes mais resolutas. Ser\u00e1 que o progresso \u00e9 apenas uma ilus\u00e3o? Ser\u00e1 que a civiliza\u00e7\u00e3o afundar\u00e1 na mar\u00e9 crescente de paix\u00f5es brutais? Ser\u00e1 que os esfor\u00e7os milenares por justi\u00e7a, solidariedade e paz na harmonia social ser\u00e3o em v\u00e3o? Ser\u00e1 que as ideias da arte e o g\u00eanio do homem, frutos do trabalho \u00e1rduo e imenso de milh\u00f5es de mentes e dos pobres, ser\u00e3o devastados pela tempestade?<\/p>\n\n\n\n<p class=\"has-black-color has-text-color has-link-color has-small-font-size wp-elements-0ed4874101a4d9895fda295f9a1d3afd\">O pensador espiritual explora esse abismo do mal sem vertigem. Do caos dos acontecimentos, ele extrai a grande lei que governa tudo. Acima de tudo, ele se lembra de que nosso planeta \u00e9 uma morada muito subordinada, um laborat\u00f3rio no qual as almas ainda jovens, com suas aspira\u00e7\u00f5es confusas e paix\u00f5es desorganizadas, s\u00e3o esbo\u00e7adas.<\/p>\n\n\n\n<p class=\"has-black-color has-text-color has-link-color has-small-font-size wp-elements-a2241113f7d18845feb0a32ad4c94e76\">O significado mais profundo da vida aparece para o pensador esp\u00edrita com as necessidades dif\u00edceis que s\u00e3o inerentes a ela: \u00c9 a realiza\u00e7\u00e3o das qualidades e dos poderes que est\u00e3o dentro de cada ser. L\u00e1grimas, medos e l\u00e1grimas s\u00e3o necess\u00e1rios para trazer \u00e0 luz as energias que dormem inconsciente e silenciosamente na escurid\u00e3o da alma. N\u00e3o pode haver grandeza sem sofrimento, nem exalta\u00e7\u00e3o sem prova\u00e7\u00f5es.<\/p>\n\n\n\n<p class=\"has-black-color has-text-color has-link-color has-small-font-size wp-elements-3abc835888153bb7c37a9505155ff240\">Se o homem na Terra estivesse livre das vicissitudes do destino, sem as duras li\u00e7\u00f5es da adversidade, ele poderia temperar seu car\u00e1ter, desenvolver sua experi\u00eancia, apreciar as riquezas ocultas de sua alma? Uma vez que o mal \u00e9 um destino em nosso mundo, n\u00e3o h\u00e1 responsabilidade para os perversos? Acreditar que n\u00e3o h\u00e1 seria um erro fatal: em sua ignor\u00e2ncia e cegueira, o homem semeia o mal, e as consequ\u00eancias disso pesam sobre ele mesmo e sobre todos os que participam de seus males. Como est\u00e1 acontecendo neste momento.<\/p>\n\n\n\n<p class=\"has-black-color has-text-color has-link-color has-small-font-size wp-elements-bba97c4fa302a69909104eeb6aa19104\">Mas (como todo esp\u00edrita sabe), a morte \u00e9 apenas uma apar\u00eancia: quando a alma se livra de seu inv\u00f3lucro material, ela recebe uma for\u00e7a maior, uma percep\u00e7\u00e3o mais justa das coisas, e o ser se encontra ainda mais vivo no al\u00e9m. A dor purifica a mente, nenhuma dor \u00e9 perdida, nenhuma prova\u00e7\u00e3o permanece sem compensa\u00e7\u00e3o. Aqueles que morreram por seu pa\u00eds colhem os frutos de seu sacrif\u00edcio, e os sofrimentos daqueles que sobreviveram transmitem ao seu perisp\u00edrito tra\u00e7os de luz e germes de felicidade futura.<\/p>\n\n\n\n<p class=\"has-black-color has-text-color has-link-color has-small-font-size wp-elements-27aad5ef1b795bf52e17832d8db012f2\">Quanto ao progresso moral, ele \u00e9 lento e pouco percept\u00edvel na Terra, pois a popula\u00e7\u00e3o mundial est\u00e1 crescendo constantemente com seres de mundos inferiores ao nosso. E os esp\u00edritos que avan\u00e7am entre n\u00f3s at\u00e9 certo ponto podem evoluir com proveito para humanidades melhores. Consequentemente, o n\u00edvel geral dificilmente varia e as qualidades morais do indiv\u00edduo permanecem raras e ocultas.<\/p>\n\n\n\n<p class=\"has-black-color has-text-color has-link-color has-small-font-size wp-elements-7333ca275a4015a1fc775aa6a31191ac\">Nos mundos mais desenvolvidos, entre humanidades superiores \u00e0 nossa, as cat\u00e1strofes n\u00e3o t\u00eam mais o direito de existir. A guerra n\u00e3o existe l\u00e1, pois a sabedoria do esp\u00edrito p\u00f4s fim a todas as causas de conflito. Aqueles que habitam as esferas ousadas, iluminados pelas verdades eternas e possuidores dos poderes da mente e do cora\u00e7\u00e3o, n\u00e3o precisam mais desses terr\u00edveis estimulantes para despertar e cultivar os tesouros ocultos da alma. Na grande escala da evolu\u00e7\u00e3o, as causas da dor diminuem com a eleva\u00e7\u00e3o do esp\u00edrito, \u00e0 medida que se tornam cada vez menos necess\u00e1rias para uma ascens\u00e3o que funcione livremente em meio \u00e0 paz e \u00e0 luz.<\/p>\n\n\n\n<p class=\"has-black-color has-text-color has-link-color has-small-font-size wp-elements-142185666b126bc44feabf21f737db7e\">O sofrimento \u00e9 o grande educador de indiv\u00edduos e na\u00e7\u00f5es. Quando ambos se desviam do caminho reto e caem na sensualidade e na decad\u00eancia moral, o sofrimento os traz de volta ao caminho do bem com seu aguilh\u00e3o. Precisamos sofrer para desenvolver em n\u00f3s mesmos a sensibilidade e a vida. Essa \u00e9 uma lei s\u00e9ria e rigorosa que \u00e9 frut\u00edfera em seus resultados. Devemos sofrer para sentir e amar, para crescer e ascender. Somente a dor p\u00f5e fim \u00e0 f\u00faria da paix\u00e3o, desperta em n\u00f3s pensamentos profundos, revela \u00e0s almas as coisas maiores, mais belas e mais nobres do universo: piedade, amor e bondade....<\/p>\n<\/div><\/div>","protected":false},"excerpt":{"rendered":"<p>Las Guerras La tremenda lucha entre naciones y razas y las convulsiones que vive el mundo plantean los problemas m\u00e1s graves. Ante el gran drama que se presenta, la inquieta mente humana se hace mil preguntas. Y hay momentos en que la duda, la ansiedad y el pesimismo abruman a las mentes m\u00e1s decididas. \u00bfEs [&hellip;]<\/p>","protected":false},"author":1,"featured_media":3849,"parent":0,"menu_order":0,"comment_status":"closed","ping_status":"closed","template":"","meta":{"_uag_custom_page_level_css":"","site-sidebar-layout":"default","site-content-layout":"","ast-site-content-layout":"default","site-content-style":"default","site-sidebar-style":"default","ast-global-header-display":"","ast-banner-title-visibility":"","ast-main-header-display":"","ast-hfb-above-header-display":"","ast-hfb-below-header-display":"","ast-hfb-mobile-header-display":"","site-post-title":"disabled","ast-breadcrumbs-content":"","ast-featured-img":"","footer-sml-layout":"","theme-transparent-header-meta":"","adv-header-id-meta":"","stick-header-meta":"","header-above-stick-meta":"","header-main-stick-meta":"","header-below-stick-meta":"","astra-migrate-meta-layouts":"set","ast-page-background-enabled":"default","ast-page-background-meta":{"desktop":{"background-color":"var(--ast-global-color-4)","background-image":"","background-repeat":"repeat","background-position":"center center","background-size":"auto","background-attachment":"scroll","background-type":"","background-media":"","overlay-type":"","overlay-color":"","overlay-opacity":"","overlay-gradient":""},"tablet":{"background-color":"","background-image":"","background-repeat":"repeat","background-position":"center center","background-size":"auto","background-attachment":"scroll","background-type":"","background-media":"","overlay-type":"","overlay-color":"","overlay-opacity":"","overlay-gradient":""},"mobile":{"background-color":"","background-image":"","background-repeat":"repeat","background-position":"center center","background-size":"auto","background-attachment":"scroll","background-type":"","background-media":"","overlay-type":"","overlay-color":"","overlay-opacity":"","overlay-gradient":""}},"ast-content-background-meta":{"desktop":{"background-color":"var(--ast-global-color-5)","background-image":"","background-repeat":"repeat","background-position":"center center","background-size":"auto","background-attachment":"scroll","background-type":"","background-media":"","overlay-type":"","overlay-color":"","overlay-opacity":"","overlay-gradient":""},"tablet":{"background-color":"var(--ast-global-color-5)","background-image":"","background-repeat":"repeat","background-position":"center center","background-size":"auto","background-attachment":"scroll","background-type":"","background-media":"","overlay-type":"","overlay-color":"","overlay-opacity":"","overlay-gradient":""},"mobile":{"background-color":"var(--ast-global-color-5)","background-image":"","background-repeat":"repeat","background-position":"center center","background-size":"auto","background-attachment":"scroll","background-type":"","background-media":"","overlay-type":"","overlay-color":"","overlay-opacity":"","overlay-gradient":""}},"footnotes":""},"class_list":["post-3847","page","type-page","status-publish","has-post-thumbnail","hentry"],"yoast_head":"<!-- This site is optimized with the Yoast SEO Premium plugin v24.2 (Yoast SEO v24.6) - https:\/\/yoast.com\/wordpress\/plugins\/seo\/ -->\n<title>Las Guerras - Uni\u00f3n Esp\u00edrita<\/title>\n<meta name=\"robots\" content=\"index, follow, max-snippet:-1, max-image-preview:large, max-video-preview:-1\" \/>\n<link rel=\"canonical\" href=\"https:\/\/nuevo-renacer.com\/pt\/las-guerras\/\" \/>\n<meta property=\"og:locale\" content=\"pt_BR\" \/>\n<meta property=\"og:type\" content=\"article\" \/>\n<meta property=\"og:title\" content=\"Las Guerras\" \/>\n<meta property=\"og:description\" content=\"Las Guerras La tremenda lucha entre naciones y razas y las convulsiones que vive el mundo plantean los problemas m\u00e1s graves. Ante el gran drama que se presenta, la inquieta mente humana se hace mil preguntas. Y hay momentos en que la duda, la ansiedad y el pesimismo abruman a las mentes m\u00e1s decididas. \u00bfEs [&hellip;]\" \/>\n<meta property=\"og:url\" content=\"https:\/\/nuevo-renacer.com\/pt\/las-guerras\/\" \/>\n<meta property=\"og:site_name\" content=\"Uni\u00f3n Esp\u00edrita\" \/>\n<meta property=\"article:publisher\" content=\"https:\/\/www.facebook.com\/groups\/3431398063740829\" \/>\n<meta property=\"article:modified_time\" content=\"2024-07-16T10:53:41+00:00\" \/>\n<meta name=\"twitter:card\" content=\"summary_large_image\" \/>\n<meta name=\"twitter:label1\" content=\"Est. tempo de leitura\" \/>\n\t<meta name=\"twitter:data1\" content=\"4 minutos\" \/>\n<script type=\"application\/ld+json\" class=\"yoast-schema-graph\">{\"@context\":\"https:\/\/schema.org\",\"@graph\":[{\"@type\":\"WebPage\",\"@id\":\"https:\/\/nuevo-renacer.com\/las-guerras\/\",\"url\":\"https:\/\/nuevo-renacer.com\/las-guerras\/\",\"name\":\"Las Guerras - Uni\u00f3n Esp\u00edrita\",\"isPartOf\":{\"@id\":\"https:\/\/nuevo-renacer.com\/#website\"},\"primaryImageOfPage\":{\"@id\":\"https:\/\/nuevo-renacer.com\/las-guerras\/#primaryimage\"},\"image\":{\"@id\":\"https:\/\/nuevo-renacer.com\/las-guerras\/#primaryimage\"},\"thumbnailUrl\":\"https:\/\/nuevo-renacer.com\/wp-content\/uploads\/2024\/07\/medium-shot-soldier-war-zone_23-2150804357.avif\",\"datePublished\":\"2024-07-16T10:53:38+00:00\",\"dateModified\":\"2024-07-16T10:53:41+00:00\",\"breadcrumb\":{\"@id\":\"https:\/\/nuevo-renacer.com\/las-guerras\/#breadcrumb\"},\"inLanguage\":\"pt-BR\",\"potentialAction\":[{\"@type\":\"ReadAction\",\"target\":[\"https:\/\/nuevo-renacer.com\/las-guerras\/\"]}]},{\"@type\":\"ImageObject\",\"inLanguage\":\"pt-BR\",\"@id\":\"https:\/\/nuevo-renacer.com\/las-guerras\/#primaryimage\",\"url\":\"https:\/\/nuevo-renacer.com\/wp-content\/uploads\/2024\/07\/medium-shot-soldier-war-zone_23-2150804357.avif\",\"contentUrl\":\"https:\/\/nuevo-renacer.com\/wp-content\/uploads\/2024\/07\/medium-shot-soldier-war-zone_23-2150804357.avif\",\"width\":626,\"height\":351},{\"@type\":\"BreadcrumbList\",\"@id\":\"https:\/\/nuevo-renacer.com\/las-guerras\/#breadcrumb\",\"itemListElement\":[{\"@type\":\"ListItem\",\"position\":1,\"name\":\"Startseite\",\"item\":\"https:\/\/nuevo-renacer.com\/\"},{\"@type\":\"ListItem\",\"position\":2,\"name\":\"Las Guerras\"}]},{\"@type\":\"WebSite\",\"@id\":\"https:\/\/nuevo-renacer.com\/#website\",\"url\":\"https:\/\/nuevo-renacer.com\/\",\"name\":\"Uni\u00f3n Esp\u00edrita\",\"description\":\"Nuevo Renacer\",\"publisher\":{\"@id\":\"https:\/\/nuevo-renacer.com\/#organization\"},\"potentialAction\":[{\"@type\":\"SearchAction\",\"target\":{\"@type\":\"EntryPoint\",\"urlTemplate\":\"https:\/\/nuevo-renacer.com\/?s={search_term_string}\"},\"query-input\":{\"@type\":\"PropertyValueSpecification\",\"valueRequired\":true,\"valueName\":\"search_term_string\"}}],\"inLanguage\":\"pt-BR\"},{\"@type\":\"Organization\",\"@id\":\"https:\/\/nuevo-renacer.com\/#organization\",\"name\":\"UFEC\",\"url\":\"https:\/\/nuevo-renacer.com\/\",\"logo\":{\"@type\":\"ImageObject\",\"inLanguage\":\"pt-BR\",\"@id\":\"https:\/\/nuevo-renacer.com\/#\/schema\/logo\/image\/\",\"url\":\"https:\/\/nuevo-renacer.com\/wp-content\/uploads\/2024\/05\/cropped-LOGO-TERMINADO1-3-3.png\",\"contentUrl\":\"https:\/\/nuevo-renacer.com\/wp-content\/uploads\/2024\/05\/cropped-LOGO-TERMINADO1-3-3.png\",\"width\":512,\"height\":512,\"caption\":\"UFEC\"},\"image\":{\"@id\":\"https:\/\/nuevo-renacer.com\/#\/schema\/logo\/image\/\"},\"sameAs\":[\"https:\/\/www.facebook.com\/groups\/3431398063740829\"]}]}<\/script>\n<!-- \/ Yoast SEO Premium plugin. -->","yoast_head_json":{"title":"Las Guerras - Uni\u00f3n Esp\u00edrita","robots":{"index":"index","follow":"follow","max-snippet":"max-snippet:-1","max-image-preview":"max-image-preview:large","max-video-preview":"max-video-preview:-1"},"canonical":"https:\/\/nuevo-renacer.com\/pt\/las-guerras\/","og_locale":"pt_BR","og_type":"article","og_title":"Las Guerras","og_description":"Las Guerras La tremenda lucha entre naciones y razas y las convulsiones que vive el mundo plantean los problemas m\u00e1s graves. Ante el gran drama que se presenta, la inquieta mente humana se hace mil preguntas. Y hay momentos en que la duda, la ansiedad y el pesimismo abruman a las mentes m\u00e1s decididas. \u00bfEs [&hellip;]","og_url":"https:\/\/nuevo-renacer.com\/pt\/las-guerras\/","og_site_name":"Uni\u00f3n Esp\u00edrita","article_publisher":"https:\/\/www.facebook.com\/groups\/3431398063740829","article_modified_time":"2024-07-16T10:53:41+00:00","twitter_card":"summary_large_image","twitter_misc":{"Est. tempo de leitura":"4 minutos"},"schema":{"@context":"https:\/\/schema.org","@graph":[{"@type":"WebPage","@id":"https:\/\/nuevo-renacer.com\/las-guerras\/","url":"https:\/\/nuevo-renacer.com\/las-guerras\/","name":"Las Guerras - Uni\u00f3n Esp\u00edrita","isPartOf":{"@id":"https:\/\/nuevo-renacer.com\/#website"},"primaryImageOfPage":{"@id":"https:\/\/nuevo-renacer.com\/las-guerras\/#primaryimage"},"image":{"@id":"https:\/\/nuevo-renacer.com\/las-guerras\/#primaryimage"},"thumbnailUrl":"https:\/\/nuevo-renacer.com\/wp-content\/uploads\/2024\/07\/medium-shot-soldier-war-zone_23-2150804357.avif","datePublished":"2024-07-16T10:53:38+00:00","dateModified":"2024-07-16T10:53:41+00:00","breadcrumb":{"@id":"https:\/\/nuevo-renacer.com\/las-guerras\/#breadcrumb"},"inLanguage":"pt-BR","potentialAction":[{"@type":"ReadAction","target":["https:\/\/nuevo-renacer.com\/las-guerras\/"]}]},{"@type":"ImageObject","inLanguage":"pt-BR","@id":"https:\/\/nuevo-renacer.com\/las-guerras\/#primaryimage","url":"https:\/\/nuevo-renacer.com\/wp-content\/uploads\/2024\/07\/medium-shot-soldier-war-zone_23-2150804357.avif","contentUrl":"https:\/\/nuevo-renacer.com\/wp-content\/uploads\/2024\/07\/medium-shot-soldier-war-zone_23-2150804357.avif","width":626,"height":351},{"@type":"BreadcrumbList","@id":"https:\/\/nuevo-renacer.com\/las-guerras\/#breadcrumb","itemListElement":[{"@type":"ListItem","position":1,"name":"Startseite","item":"https:\/\/nuevo-renacer.com\/"},{"@type":"ListItem","position":2,"name":"Las Guerras"}]},{"@type":"WebSite","@id":"https:\/\/nuevo-renacer.com\/#website","url":"https:\/\/nuevo-renacer.com\/","name":"Uni\u00f3n Esp\u00edrita","description":"Nuevo Renacer","publisher":{"@id":"https:\/\/nuevo-renacer.com\/#organization"},"potentialAction":[{"@type":"SearchAction","target":{"@type":"EntryPoint","urlTemplate":"https:\/\/nuevo-renacer.com\/?s={search_term_string}"},"query-input":{"@type":"PropertyValueSpecification","valueRequired":true,"valueName":"search_term_string"}}],"inLanguage":"pt-BR"},{"@type":"Organization","@id":"https:\/\/nuevo-renacer.com\/#organization","name":"UFEC","url":"https:\/\/nuevo-renacer.com\/","logo":{"@type":"ImageObject","inLanguage":"pt-BR","@id":"https:\/\/nuevo-renacer.com\/#\/schema\/logo\/image\/","url":"https:\/\/nuevo-renacer.com\/wp-content\/uploads\/2024\/05\/cropped-LOGO-TERMINADO1-3-3.png","contentUrl":"https:\/\/nuevo-renacer.com\/wp-content\/uploads\/2024\/05\/cropped-LOGO-TERMINADO1-3-3.png","width":512,"height":512,"caption":"UFEC"},"image":{"@id":"https:\/\/nuevo-renacer.com\/#\/schema\/logo\/image\/"},"sameAs":["https:\/\/www.facebook.com\/groups\/3431398063740829"]}]}},"uagb_featured_image_src":{"full":["https:\/\/nuevo-renacer.com\/wp-content\/uploads\/2024\/07\/medium-shot-soldier-war-zone_23-2150804357.avif",626,351,false],"thumbnail":["https:\/\/nuevo-renacer.com\/wp-content\/uploads\/2024\/07\/medium-shot-soldier-war-zone_23-2150804357.avif",150,84,false],"medium":["https:\/\/nuevo-renacer.com\/wp-content\/uploads\/2024\/07\/medium-shot-soldier-war-zone_23-2150804357.avif",300,168,false],"medium_large":["https:\/\/nuevo-renacer.com\/wp-content\/uploads\/2024\/07\/medium-shot-soldier-war-zone_23-2150804357.avif",626,351,false],"large":["https:\/\/nuevo-renacer.com\/wp-content\/uploads\/2024\/07\/medium-shot-soldier-war-zone_23-2150804357.avif",626,351,false],"1536x1536":["https:\/\/nuevo-renacer.com\/wp-content\/uploads\/2024\/07\/medium-shot-soldier-war-zone_23-2150804357.avif",626,351,false],"2048x2048":["https:\/\/nuevo-renacer.com\/wp-content\/uploads\/2024\/07\/medium-shot-soldier-war-zone_23-2150804357.avif",626,351,false],"trp-custom-language-flag":["https:\/\/nuevo-renacer.com\/wp-content\/uploads\/2024\/07\/medium-shot-soldier-war-zone_23-2150804357.avif",18,10,false]},"uagb_author_info":{"display_name":"adbv0","author_link":"https:\/\/nuevo-renacer.com\/pt\/author\/adbv0\/"},"uagb_comment_info":0,"uagb_excerpt":"Las Guerras La tremenda lucha entre naciones y razas y las convulsiones que vive el mundo plantean los problemas m\u00e1s graves. Ante el gran drama que se presenta, la inquieta mente humana se hace mil preguntas. Y hay momentos en que la duda, la ansiedad y el pesimismo abruman a las mentes m\u00e1s decididas. \u00bfEs&hellip;","jetpack_sharing_enabled":true,"_links":{"self":[{"href":"https:\/\/nuevo-renacer.com\/pt\/wp-json\/wp\/v2\/pages\/3847","targetHints":{"allow":["GET"]}}],"collection":[{"href":"https:\/\/nuevo-renacer.com\/pt\/wp-json\/wp\/v2\/pages"}],"about":[{"href":"https:\/\/nuevo-renacer.com\/pt\/wp-json\/wp\/v2\/types\/page"}],"author":[{"embeddable":true,"href":"https:\/\/nuevo-renacer.com\/pt\/wp-json\/wp\/v2\/users\/1"}],"replies":[{"embeddable":true,"href":"https:\/\/nuevo-renacer.com\/pt\/wp-json\/wp\/v2\/comments?post=3847"}],"version-history":[{"count":1,"href":"https:\/\/nuevo-renacer.com\/pt\/wp-json\/wp\/v2\/pages\/3847\/revisions"}],"predecessor-version":[{"id":3850,"href":"https:\/\/nuevo-renacer.com\/pt\/wp-json\/wp\/v2\/pages\/3847\/revisions\/3850"}],"wp:featuredmedia":[{"embeddable":true,"href":"https:\/\/nuevo-renacer.com\/pt\/wp-json\/wp\/v2\/media\/3849"}],"wp:attachment":[{"href":"https:\/\/nuevo-renacer.com\/pt\/wp-json\/wp\/v2\/media?parent=3847"}],"curies":[{"name":"wp","href":"https:\/\/api.w.org\/{rel}","templated":true}]}}