{"id":3840,"date":"2024-07-16T09:11:25","date_gmt":"2024-07-16T09:11:25","guid":{"rendered":"https:\/\/ufec-mundial.com\/?page_id=3840"},"modified":"2024-07-16T09:11:27","modified_gmt":"2024-07-16T09:11:27","slug":"atributos-de-la-divinidad","status":"publish","type":"page","link":"https:\/\/nuevo-renacer.com\/pt\/atributos-de-la-divinidad\/","title":{"rendered":"Atributos da Divindade"},"content":{"rendered":"<div class=\"wp-block-uagb-container uagb-block-7c80131f alignfull uagb-is-root-container\"><div class=\"uagb-container-inner-blocks-wrap\">\n<p class=\"has-black-color has-text-color has-link-color has-medium-font-size wp-elements-8c1f8b264968ce7d57ba4d4138db81f6\"><strong>Atributos da Divindade<\/strong><\/p>\n<\/div><\/div>\n\n\n\n<div class=\"wp-block-uagb-container uagb-block-6a98fe8a alignfull uagb-is-root-container\"><div class=\"uagb-container-inner-blocks-wrap\">\n<figure class=\"wp-block-image size-full is-resized\"><img fetchpriority=\"high\" decoding=\"async\" width=\"575\" height=\"385\" src=\"https:\/\/ufec-mundial.com\/wp-content\/uploads\/2024\/07\/The_Bible_Denies_the_Divinity_of_Jesus_part_1_of_7_001.jpg\" alt=\"\" class=\"wp-image-3841\" style=\"width:438px;height:auto\" srcset=\"https:\/\/nuevo-renacer.com\/wp-content\/uploads\/2024\/07\/The_Bible_Denies_the_Divinity_of_Jesus_part_1_of_7_001.jpg 575w, https:\/\/nuevo-renacer.com\/wp-content\/uploads\/2024\/07\/The_Bible_Denies_the_Divinity_of_Jesus_part_1_of_7_001-300x201.jpg 300w, https:\/\/nuevo-renacer.com\/wp-content\/uploads\/2024\/07\/The_Bible_Denies_the_Divinity_of_Jesus_part_1_of_7_001-18x12.jpg 18w\" sizes=\"(max-width: 575px) 100vw, 575px\" \/><\/figure>\n<\/div><\/div>\n\n\n\n<div class=\"wp-block-uagb-container uagb-block-fbfd99f8 alignfull uagb-is-root-container\"><div class=\"uagb-container-inner-blocks-wrap\">\n<p class=\"has-black-color has-text-color has-link-color has-small-font-size wp-elements-f200a288ae518604be20012ef0cf1ac8\"><strong>O homem pode compreender a natureza \u00edntima de Deus?<\/strong><\/p>\n\n\n\n<p class=\"has-black-color has-text-color has-link-color has-small-font-size wp-elements-ed0613f969919f9725b74a70c27b13ef\">&nbsp;\u201cN\u00e3o; falta-lhe um sentido.\u201d<\/p>\n\n\n\n<p class=\"has-black-color has-text-color has-link-color has-small-font-size wp-elements-f12c14795143dd958d1bda6e089097d2\"><strong>Ser\u00e1 que algum dia ser\u00e1 dado ao homem entender o mist\u00e9rio da Divindade?<\/strong><\/p>\n\n\n\n<p class=\"has-black-color has-text-color has-link-color has-small-font-size wp-elements-cfcb4ca4990c5c92717a6028b4215f2b\">&nbsp;\u201cQuando seu esp\u00edrito n\u00e3o estiver mais obscurecido pela mat\u00e9ria e, por sua perfei\u00e7\u00e3o, tiver se aproximado do Divino, ent\u00e3o ele o ver\u00e1 e o compreender\u00e1.\u201d<\/p>\n\n\n\n<p class=\"has-black-color has-text-color has-link-color has-small-font-size wp-elements-dfbbb8316dedcea72fb5ea1df7bd358f\">Devido \u00e0 inferioridade de suas faculdades, o homem \u00e9 incapaz de compreender a natureza interior de Deus. Na inf\u00e2ncia da humanidade, ele freq\u00fcentemente O confunde com a criatura, cujas imperfei\u00e7\u00f5es ele atribui a Ele. Mas \u00e0 medida que o senso moral se desenvolve nele, seu pensamento penetra mais profundamente nas profundezas das coisas, e ele forma uma ideia de Deus que \u00e9 mais justa e mais de acordo com a raz\u00e3o sadia, embora seja sempre incompleta.<\/p>\n\n\n\n<p class=\"has-black-color has-text-color has-link-color has-small-font-size wp-elements-d78197d99836efc2fee4e9465b41d453\"><strong>Se n\u00e3o podemos entender a natureza \u00edntima de Deus, podemos ter uma ideia de algumas de suas perfei\u00e7\u00f5es?<\/strong><\/p>\n\n\n\n<p class=\"has-black-color has-text-color has-link-color has-small-font-size wp-elements-732a6a1e892a5b823f05dbfe83fbffe6\">\u201cDe alguns, sim. O homem as compreende melhor quando se eleva acima da mat\u00e9ria; ele as vislumbra no pensamento.\u201d<\/p>\n\n\n\n<p class=\"has-black-color has-text-color has-link-color has-small-font-size wp-elements-bc9d6e5fcd57861d43421258a3310e42\"><strong>Quando dizemos que Deus \u00e9 eterno, infinito, imut\u00e1vel, imaterial, \u00fanico, todo-poderoso, soberanamente justo e bom, n\u00e3o temos uma vis\u00e3o completa de seus atributos?<\/strong><\/p>\n\n\n\n<p class=\"has-black-color has-text-color has-link-color has-small-font-size wp-elements-c822d189375f6205f9b48891b9424968\">\u201cDo seu ponto de vista, sim, pois voc\u00eas acreditam que s\u00e3o abrangentes. No entanto, saibam que h\u00e1 coisas acima da intelig\u00eancia do mais inteligente dos homens, para as quais sua linguagem, limitada a suas ideias e sensa\u00e7\u00f5es, n\u00e3o tem express\u00e3o. A raz\u00e3o lhe diz, de fato, que Deus deve ter essas perfei\u00e7\u00f5es em um grau supremo, pois se lhe faltasse uma delas, ou se n\u00e3o as possu\u00edsse em um grau infinito, Ele n\u00e3o seria superior a todos e, portanto, n\u00e3o seria Deus. Para estar acima de todas as coisas, Deus n\u00e3o deve sofrer nenhuma vicissitude, nem ter nenhuma das imperfei\u00e7\u00f5es que a imagina\u00e7\u00e3o possa conceber.\u201d<\/p>\n\n\n\n<p class=\"has-black-color has-text-color has-link-color has-small-font-size wp-elements-fa955f4d15d292a9f1bd8c68f8f9d9fe\">Deus \u00e9 eterno. Se Ele tivesse tido um in\u00edcio, teria surgido do nada, ou teria sido criado por um ser anterior. Assim, de grau em grau, voltamos ao infinito e \u00e0 eternidade. Ela \u00e9 imut\u00e1vel. Se estivesse sujeito a mudan\u00e7as, as leis que regem o universo n\u00e3o teriam estabilidade. \u00c9 imaterial. Isso significa que sua natureza \u00e9 diferente de tudo o que chamamos de mat\u00e9ria. Caso contr\u00e1rio, n\u00e3o seria imut\u00e1vel, pois estaria sujeito \u00e0s transforma\u00e7\u00f5es da mat\u00e9ria. Ele \u00e9 \u00fanico. Se houvesse muitos Deuses, n\u00e3o haveria unidade de prop\u00f3sito ou unidade de poder na ordena\u00e7\u00e3o do universo. Ele \u00e9 todo-poderoso. Porque Ele \u00e9 \u00fanico. Se Ele n\u00e3o tivesse poder soberano, haveria algo mais poderoso do que Ele ou t\u00e3o poderoso quanto Ele. Ele n\u00e3o teria feito todas as coisas, e as que Ele n\u00e3o tivesse feito seriam obra de outro Deus. Ele \u00e9 soberanamente justo e bom. A sabedoria providencial das leis divinas \u00e9 revelada nas menores coisas, assim como nas maiores. Essa sabedoria n\u00e3o deixa espa\u00e7o para d\u00favidas quanto \u00e0 sua justi\u00e7a e bondade.<\/p>\n<\/div><\/div>","protected":false},"excerpt":{"rendered":"<p>Atributos de la Divinidad El hombre, \u00bfpuede comprender la naturaleza \u00edntima de Dios? &nbsp;\u201cNo; le falta un sentido.\u201d \u00bfSer\u00e1 alg\u00fan d\u00eda dado al hombre comprender el misterio de la Divinidad? &nbsp;\u201cCuando su esp\u00edritu ya no est\u00e9 oscurecido por la materia y, por su perfecci\u00f3n, se haya acercado a la Divinidad, entonces la ver\u00e1 y la [&hellip;]<\/p>","protected":false},"author":1,"featured_media":3841,"parent":0,"menu_order":0,"comment_status":"closed","ping_status":"closed","template":"","meta":{"_uag_custom_page_level_css":"","site-sidebar-layout":"default","site-content-layout":"","ast-site-content-layout":"default","site-content-style":"default","site-sidebar-style":"default","ast-global-header-display":"","ast-banner-title-visibility":"","ast-main-header-display":"","ast-hfb-above-header-display":"","ast-hfb-below-header-display":"","ast-hfb-mobile-header-display":"","site-post-title":"disabled","ast-breadcrumbs-content":"","ast-featured-img":"","footer-sml-layout":"","theme-transparent-header-meta":"","adv-header-id-meta":"","stick-header-meta":"","header-above-stick-meta":"","header-main-stick-meta":"","header-below-stick-meta":"","astra-migrate-meta-layouts":"set","ast-page-background-enabled":"default","ast-page-background-meta":{"desktop":{"background-color":"var(--ast-global-color-4)","background-image":"","background-repeat":"repeat","background-position":"center center","background-size":"auto","background-attachment":"scroll","background-type":"","background-media":"","overlay-type":"","overlay-color":"","overlay-opacity":"","overlay-gradient":""},"tablet":{"background-color":"","background-image":"","background-repeat":"repeat","background-position":"center center","background-size":"auto","background-attachment":"scroll","background-type":"","background-media":"","overlay-type":"","overlay-color":"","overlay-opacity":"","overlay-gradient":""},"mobile":{"background-color":"","background-image":"","background-repeat":"repeat","background-position":"center center","background-size":"auto","background-attachment":"scroll","background-type":"","background-media":"","overlay-type":"","overlay-color":"","overlay-opacity":"","overlay-gradient":""}},"ast-content-background-meta":{"desktop":{"background-color":"var(--ast-global-color-5)","background-image":"","background-repeat":"repeat","background-position":"center center","background-size":"auto","background-attachment":"scroll","background-type":"","background-media":"","overlay-type":"","overlay-color":"","overlay-opacity":"","overlay-gradient":""},"tablet":{"background-color":"var(--ast-global-color-5)","background-image":"","background-repeat":"repeat","background-position":"center center","background-size":"auto","background-attachment":"scroll","background-type":"","background-media":"","overlay-type":"","overlay-color":"","overlay-opacity":"","overlay-gradient":""},"mobile":{"background-color":"var(--ast-global-color-5)","background-image":"","background-repeat":"repeat","background-position":"center center","background-size":"auto","background-attachment":"scroll","background-type":"","background-media":"","overlay-type":"","overlay-color":"","overlay-opacity":"","overlay-gradient":""}},"footnotes":""},"class_list":["post-3840","page","type-page","status-publish","has-post-thumbnail","hentry"],"yoast_head":"<!-- This site is optimized with the Yoast SEO Premium plugin v24.2 (Yoast SEO v24.6) - https:\/\/yoast.com\/wordpress\/plugins\/seo\/ -->\n<title>Atributos de la Divinidad - Uni\u00f3n Esp\u00edrita<\/title>\n<meta name=\"robots\" content=\"index, follow, max-snippet:-1, max-image-preview:large, max-video-preview:-1\" \/>\n<link rel=\"canonical\" href=\"https:\/\/nuevo-renacer.com\/pt\/atributos-de-la-divinidad\/\" \/>\n<meta property=\"og:locale\" content=\"pt_BR\" \/>\n<meta property=\"og:type\" content=\"article\" \/>\n<meta property=\"og:title\" content=\"Atributos de la Divinidad\" \/>\n<meta property=\"og:description\" content=\"Atributos de la Divinidad El hombre, \u00bfpuede comprender la naturaleza \u00edntima de Dios? &nbsp;\u201cNo; le falta un sentido.\u201d \u00bfSer\u00e1 alg\u00fan d\u00eda dado al hombre comprender el misterio de la Divinidad? &nbsp;\u201cCuando su esp\u00edritu ya no est\u00e9 oscurecido por la materia y, por su perfecci\u00f3n, se haya acercado a la Divinidad, entonces la ver\u00e1 y la [&hellip;]\" \/>\n<meta property=\"og:url\" content=\"https:\/\/nuevo-renacer.com\/pt\/atributos-de-la-divinidad\/\" \/>\n<meta property=\"og:site_name\" content=\"Uni\u00f3n Esp\u00edrita\" \/>\n<meta property=\"article:publisher\" content=\"https:\/\/www.facebook.com\/groups\/3431398063740829\" \/>\n<meta property=\"article:modified_time\" content=\"2024-07-16T09:11:27+00:00\" \/>\n<meta property=\"og:image\" content=\"https:\/\/nuevo-renacer.com\/wp-content\/uploads\/2024\/07\/The_Bible_Denies_the_Divinity_of_Jesus_part_1_of_7_001.jpg\" \/>\n\t<meta property=\"og:image:width\" content=\"575\" \/>\n\t<meta property=\"og:image:height\" content=\"385\" \/>\n\t<meta property=\"og:image:type\" content=\"image\/jpeg\" \/>\n<meta name=\"twitter:card\" content=\"summary_large_image\" \/>\n<meta name=\"twitter:label1\" content=\"Est. tempo de leitura\" \/>\n\t<meta name=\"twitter:data1\" content=\"3 minutos\" \/>\n<script type=\"application\/ld+json\" class=\"yoast-schema-graph\">{\"@context\":\"https:\/\/schema.org\",\"@graph\":[{\"@type\":\"WebPage\",\"@id\":\"https:\/\/nuevo-renacer.com\/de\/atributos-de-la-divinidad\/\",\"url\":\"https:\/\/nuevo-renacer.com\/de\/atributos-de-la-divinidad\/\",\"name\":\"Atributos de la Divinidad - Uni\u00f3n Esp\u00edrita\",\"isPartOf\":{\"@id\":\"https:\/\/nuevo-renacer.com\/#website\"},\"primaryImageOfPage\":{\"@id\":\"https:\/\/nuevo-renacer.com\/de\/atributos-de-la-divinidad\/#primaryimage\"},\"image\":{\"@id\":\"https:\/\/nuevo-renacer.com\/de\/atributos-de-la-divinidad\/#primaryimage\"},\"thumbnailUrl\":\"https:\/\/nuevo-renacer.com\/wp-content\/uploads\/2024\/07\/The_Bible_Denies_the_Divinity_of_Jesus_part_1_of_7_001.jpg\",\"datePublished\":\"2024-07-16T09:11:25+00:00\",\"dateModified\":\"2024-07-16T09:11:27+00:00\",\"breadcrumb\":{\"@id\":\"https:\/\/nuevo-renacer.com\/de\/atributos-de-la-divinidad\/#breadcrumb\"},\"inLanguage\":\"pt-BR\",\"potentialAction\":[{\"@type\":\"ReadAction\",\"target\":[\"https:\/\/nuevo-renacer.com\/de\/atributos-de-la-divinidad\/\"]}]},{\"@type\":\"ImageObject\",\"inLanguage\":\"pt-BR\",\"@id\":\"https:\/\/nuevo-renacer.com\/de\/atributos-de-la-divinidad\/#primaryimage\",\"url\":\"https:\/\/nuevo-renacer.com\/wp-content\/uploads\/2024\/07\/The_Bible_Denies_the_Divinity_of_Jesus_part_1_of_7_001.jpg\",\"contentUrl\":\"https:\/\/nuevo-renacer.com\/wp-content\/uploads\/2024\/07\/The_Bible_Denies_the_Divinity_of_Jesus_part_1_of_7_001.jpg\",\"width\":575,\"height\":385},{\"@type\":\"BreadcrumbList\",\"@id\":\"https:\/\/nuevo-renacer.com\/de\/atributos-de-la-divinidad\/#breadcrumb\",\"itemListElement\":[{\"@type\":\"ListItem\",\"position\":1,\"name\":\"Startseite\",\"item\":\"https:\/\/nuevo-renacer.com\/\"},{\"@type\":\"ListItem\",\"position\":2,\"name\":\"Atributos de la Divinidad\"}]},{\"@type\":\"WebSite\",\"@id\":\"https:\/\/nuevo-renacer.com\/#website\",\"url\":\"https:\/\/nuevo-renacer.com\/\",\"name\":\"Uni\u00f3n Esp\u00edrita\",\"description\":\"Nuevo Renacer\",\"publisher\":{\"@id\":\"https:\/\/nuevo-renacer.com\/#organization\"},\"potentialAction\":[{\"@type\":\"SearchAction\",\"target\":{\"@type\":\"EntryPoint\",\"urlTemplate\":\"https:\/\/nuevo-renacer.com\/?s={search_term_string}\"},\"query-input\":{\"@type\":\"PropertyValueSpecification\",\"valueRequired\":true,\"valueName\":\"search_term_string\"}}],\"inLanguage\":\"pt-BR\"},{\"@type\":\"Organization\",\"@id\":\"https:\/\/nuevo-renacer.com\/#organization\",\"name\":\"UFEC\",\"url\":\"https:\/\/nuevo-renacer.com\/\",\"logo\":{\"@type\":\"ImageObject\",\"inLanguage\":\"pt-BR\",\"@id\":\"https:\/\/nuevo-renacer.com\/#\/schema\/logo\/image\/\",\"url\":\"https:\/\/nuevo-renacer.com\/wp-content\/uploads\/2024\/05\/cropped-LOGO-TERMINADO1-3-3.png\",\"contentUrl\":\"https:\/\/nuevo-renacer.com\/wp-content\/uploads\/2024\/05\/cropped-LOGO-TERMINADO1-3-3.png\",\"width\":512,\"height\":512,\"caption\":\"UFEC\"},\"image\":{\"@id\":\"https:\/\/nuevo-renacer.com\/#\/schema\/logo\/image\/\"},\"sameAs\":[\"https:\/\/www.facebook.com\/groups\/3431398063740829\"]}]}<\/script>\n<!-- \/ Yoast SEO Premium plugin. -->","yoast_head_json":{"title":"Atributos de la Divinidad - Uni\u00f3n Esp\u00edrita","robots":{"index":"index","follow":"follow","max-snippet":"max-snippet:-1","max-image-preview":"max-image-preview:large","max-video-preview":"max-video-preview:-1"},"canonical":"https:\/\/nuevo-renacer.com\/pt\/atributos-de-la-divinidad\/","og_locale":"pt_BR","og_type":"article","og_title":"Atributos de la Divinidad","og_description":"Atributos de la Divinidad El hombre, \u00bfpuede comprender la naturaleza \u00edntima de Dios? &nbsp;\u201cNo; le falta un sentido.\u201d \u00bfSer\u00e1 alg\u00fan d\u00eda dado al hombre comprender el misterio de la Divinidad? &nbsp;\u201cCuando su esp\u00edritu ya no est\u00e9 oscurecido por la materia y, por su perfecci\u00f3n, se haya acercado a la Divinidad, entonces la ver\u00e1 y la [&hellip;]","og_url":"https:\/\/nuevo-renacer.com\/pt\/atributos-de-la-divinidad\/","og_site_name":"Uni\u00f3n Esp\u00edrita","article_publisher":"https:\/\/www.facebook.com\/groups\/3431398063740829","article_modified_time":"2024-07-16T09:11:27+00:00","og_image":[{"width":575,"height":385,"url":"https:\/\/nuevo-renacer.com\/wp-content\/uploads\/2024\/07\/The_Bible_Denies_the_Divinity_of_Jesus_part_1_of_7_001.jpg","type":"image\/jpeg"}],"twitter_card":"summary_large_image","twitter_misc":{"Est. tempo de leitura":"3 minutos"},"schema":{"@context":"https:\/\/schema.org","@graph":[{"@type":"WebPage","@id":"https:\/\/nuevo-renacer.com\/de\/atributos-de-la-divinidad\/","url":"https:\/\/nuevo-renacer.com\/de\/atributos-de-la-divinidad\/","name":"Atributos de la Divinidad - Uni\u00f3n Esp\u00edrita","isPartOf":{"@id":"https:\/\/nuevo-renacer.com\/#website"},"primaryImageOfPage":{"@id":"https:\/\/nuevo-renacer.com\/de\/atributos-de-la-divinidad\/#primaryimage"},"image":{"@id":"https:\/\/nuevo-renacer.com\/de\/atributos-de-la-divinidad\/#primaryimage"},"thumbnailUrl":"https:\/\/nuevo-renacer.com\/wp-content\/uploads\/2024\/07\/The_Bible_Denies_the_Divinity_of_Jesus_part_1_of_7_001.jpg","datePublished":"2024-07-16T09:11:25+00:00","dateModified":"2024-07-16T09:11:27+00:00","breadcrumb":{"@id":"https:\/\/nuevo-renacer.com\/de\/atributos-de-la-divinidad\/#breadcrumb"},"inLanguage":"pt-BR","potentialAction":[{"@type":"ReadAction","target":["https:\/\/nuevo-renacer.com\/de\/atributos-de-la-divinidad\/"]}]},{"@type":"ImageObject","inLanguage":"pt-BR","@id":"https:\/\/nuevo-renacer.com\/de\/atributos-de-la-divinidad\/#primaryimage","url":"https:\/\/nuevo-renacer.com\/wp-content\/uploads\/2024\/07\/The_Bible_Denies_the_Divinity_of_Jesus_part_1_of_7_001.jpg","contentUrl":"https:\/\/nuevo-renacer.com\/wp-content\/uploads\/2024\/07\/The_Bible_Denies_the_Divinity_of_Jesus_part_1_of_7_001.jpg","width":575,"height":385},{"@type":"BreadcrumbList","@id":"https:\/\/nuevo-renacer.com\/de\/atributos-de-la-divinidad\/#breadcrumb","itemListElement":[{"@type":"ListItem","position":1,"name":"Startseite","item":"https:\/\/nuevo-renacer.com\/"},{"@type":"ListItem","position":2,"name":"Atributos de la Divinidad"}]},{"@type":"WebSite","@id":"https:\/\/nuevo-renacer.com\/#website","url":"https:\/\/nuevo-renacer.com\/","name":"Uni\u00f3n Esp\u00edrita","description":"Nuevo Renacer","publisher":{"@id":"https:\/\/nuevo-renacer.com\/#organization"},"potentialAction":[{"@type":"SearchAction","target":{"@type":"EntryPoint","urlTemplate":"https:\/\/nuevo-renacer.com\/?s={search_term_string}"},"query-input":{"@type":"PropertyValueSpecification","valueRequired":true,"valueName":"search_term_string"}}],"inLanguage":"pt-BR"},{"@type":"Organization","@id":"https:\/\/nuevo-renacer.com\/#organization","name":"UFEC","url":"https:\/\/nuevo-renacer.com\/","logo":{"@type":"ImageObject","inLanguage":"pt-BR","@id":"https:\/\/nuevo-renacer.com\/#\/schema\/logo\/image\/","url":"https:\/\/nuevo-renacer.com\/wp-content\/uploads\/2024\/05\/cropped-LOGO-TERMINADO1-3-3.png","contentUrl":"https:\/\/nuevo-renacer.com\/wp-content\/uploads\/2024\/05\/cropped-LOGO-TERMINADO1-3-3.png","width":512,"height":512,"caption":"UFEC"},"image":{"@id":"https:\/\/nuevo-renacer.com\/#\/schema\/logo\/image\/"},"sameAs":["https:\/\/www.facebook.com\/groups\/3431398063740829"]}]}},"uagb_featured_image_src":{"full":["https:\/\/nuevo-renacer.com\/wp-content\/uploads\/2024\/07\/The_Bible_Denies_the_Divinity_of_Jesus_part_1_of_7_001.jpg",575,385,false],"thumbnail":["https:\/\/nuevo-renacer.com\/wp-content\/uploads\/2024\/07\/The_Bible_Denies_the_Divinity_of_Jesus_part_1_of_7_001-150x150.jpg",150,150,true],"medium":["https:\/\/nuevo-renacer.com\/wp-content\/uploads\/2024\/07\/The_Bible_Denies_the_Divinity_of_Jesus_part_1_of_7_001-300x201.jpg",300,201,true],"medium_large":["https:\/\/nuevo-renacer.com\/wp-content\/uploads\/2024\/07\/The_Bible_Denies_the_Divinity_of_Jesus_part_1_of_7_001.jpg",575,385,false],"large":["https:\/\/nuevo-renacer.com\/wp-content\/uploads\/2024\/07\/The_Bible_Denies_the_Divinity_of_Jesus_part_1_of_7_001.jpg",575,385,false],"1536x1536":["https:\/\/nuevo-renacer.com\/wp-content\/uploads\/2024\/07\/The_Bible_Denies_the_Divinity_of_Jesus_part_1_of_7_001.jpg",575,385,false],"2048x2048":["https:\/\/nuevo-renacer.com\/wp-content\/uploads\/2024\/07\/The_Bible_Denies_the_Divinity_of_Jesus_part_1_of_7_001.jpg",575,385,false],"trp-custom-language-flag":["https:\/\/nuevo-renacer.com\/wp-content\/uploads\/2024\/07\/The_Bible_Denies_the_Divinity_of_Jesus_part_1_of_7_001-18x12.jpg",18,12,true]},"uagb_author_info":{"display_name":"adbv0","author_link":"https:\/\/nuevo-renacer.com\/pt\/author\/adbv0\/"},"uagb_comment_info":0,"uagb_excerpt":"Atributos de la Divinidad El hombre, \u00bfpuede comprender la naturaleza \u00edntima de Dios? &nbsp;\u201cNo; le falta un sentido.\u201d \u00bfSer\u00e1 alg\u00fan d\u00eda dado al hombre comprender el misterio de la Divinidad? &nbsp;\u201cCuando su esp\u00edritu ya no est\u00e9 oscurecido por la materia y, por su perfecci\u00f3n, se haya acercado a la Divinidad, entonces la ver\u00e1 y la&hellip;","jetpack_sharing_enabled":true,"_links":{"self":[{"href":"https:\/\/nuevo-renacer.com\/pt\/wp-json\/wp\/v2\/pages\/3840","targetHints":{"allow":["GET"]}}],"collection":[{"href":"https:\/\/nuevo-renacer.com\/pt\/wp-json\/wp\/v2\/pages"}],"about":[{"href":"https:\/\/nuevo-renacer.com\/pt\/wp-json\/wp\/v2\/types\/page"}],"author":[{"embeddable":true,"href":"https:\/\/nuevo-renacer.com\/pt\/wp-json\/wp\/v2\/users\/1"}],"replies":[{"embeddable":true,"href":"https:\/\/nuevo-renacer.com\/pt\/wp-json\/wp\/v2\/comments?post=3840"}],"version-history":[{"count":1,"href":"https:\/\/nuevo-renacer.com\/pt\/wp-json\/wp\/v2\/pages\/3840\/revisions"}],"predecessor-version":[{"id":3842,"href":"https:\/\/nuevo-renacer.com\/pt\/wp-json\/wp\/v2\/pages\/3840\/revisions\/3842"}],"wp:featuredmedia":[{"embeddable":true,"href":"https:\/\/nuevo-renacer.com\/pt\/wp-json\/wp\/v2\/media\/3841"}],"wp:attachment":[{"href":"https:\/\/nuevo-renacer.com\/pt\/wp-json\/wp\/v2\/media?parent=3840"}],"curies":[{"name":"wp","href":"https:\/\/api.w.org\/{rel}","templated":true}]}}