{"id":3824,"date":"2024-07-16T07:43:04","date_gmt":"2024-07-16T07:43:04","guid":{"rendered":"https:\/\/ufec-mundial.com\/?page_id=3824"},"modified":"2025-05-23T09:42:27","modified_gmt":"2025-05-23T09:42:27","slug":"una-mirada-consoladora-a-la-depresion","status":"publish","type":"page","link":"https:\/\/nuevo-renacer.com\/pt\/una-mirada-consoladora-a-la-depresion\/","title":{"rendered":"Um olhar reconfortante sobre a depress\u00e3o"},"content":{"rendered":"<div class=\"wp-block-uagb-container uagb-block-6d2a2975 alignfull uagb-is-root-container\"><div class=\"uagb-container-inner-blocks-wrap\">\n<p class=\"has-black-color has-text-color has-link-color has-medium-font-size wp-elements-ff5d12c74633d9908723d4b0ce5d092b\"><strong>Um olhar reconfortante sobre a depress\u00e3o<\/strong><\/p>\n<\/div><\/div>\n\n\n\n<div class=\"wp-block-uagb-container uagb-block-a9fae335 alignfull uagb-is-root-container\"><div class=\"uagb-container-inner-blocks-wrap\">\n<figure class=\"wp-block-image size-full is-resized\"><img fetchpriority=\"high\" decoding=\"async\" width=\"626\" height=\"417\" src=\"https:\/\/nuevo-renacer.com\/wp-content\/uploads\/2024\/07\/depression-abstract-background_982005-26827.avif\" alt=\"\" class=\"wp-image-3825\" style=\"width:290px;height:auto\"\/><\/figure>\n<\/div><\/div>\n\n\n\n<div class=\"wp-block-uagb-container uagb-block-7c190c4b alignfull uagb-is-root-container\"><div class=\"uagb-container-inner-blocks-wrap\">\n<p class=\"has-black-color has-text-color has-link-color has-small-font-size wp-elements-07488a44c00cab4932efbb1a0cb06f68\">H\u00e1 muitos preconceitos contra pessoas que sofrem de transtornos mentais. A depress\u00e3o \u00e9 um deles. \u00c9 uma doen\u00e7a que requer tratamento m\u00e9dico e n\u00e3o tem cura. Uma pessoa deprimida tem per\u00edodos de altos e baixos em sua vida di\u00e1ria. O ideal \u00e9 que o tratamento seja realizado de forma multidisciplinar. Terapia com um psic\u00f3logo, acompanhamento com um psiquiatra - porque h\u00e1 casos de medica\u00e7\u00e3o -, atividade f\u00edsica regular, alimenta\u00e7\u00e3o saud\u00e1vel e uma rede de apoio generosa. Entretanto, nem todo mundo tem todo esse acesso. \u00c0s vezes, a pessoa tem condi\u00e7\u00f5es financeiras, plano de sa\u00fade, mas o contexto familiar n\u00e3o ajuda. H\u00e1 casos em que a pessoa \u00e9 adulta e a depress\u00e3o pode ser incapacitante, causando afastamento do trabalho e impossibilitando-a de custear um tratamento adequado.<\/p>\n\n\n\n<p class=\"has-black-color has-text-color has-link-color has-small-font-size wp-elements-960bc9ac4e8b6414b1c3aae3b88d59d2\"><strong>Como a Doutrina Esp\u00edrita pode confortar uma pessoa com depress\u00e3o?<\/strong><\/p>\n\n\n\n<p class=\"has-black-color has-text-color has-link-color has-small-font-size wp-elements-e4e789dc4fb14725670b5f3c97336fdd\">Em primeiro lugar, \u00e9 importante mencionar que ir a um centro esp\u00edrita apenas para entender por que se est\u00e1 deprimido pode levar \u00e0 frustra\u00e7\u00e3o. Em uma situa\u00e7\u00e3o em que estamos sofrendo \u2013 e essa dor est\u00e1 na alma \u2013 o b\u00e1lsamo \u00e9 diferente. Talvez por isso as pessoas procurem um centro esp\u00edrita. No entanto, a Doutrina Esp\u00edrita busca remover o v\u00e9u da vitimiza\u00e7\u00e3o e a externaliza\u00e7\u00e3o da culpa. Os infort\u00fanios da vida n\u00e3o s\u00e3o penit\u00eancias eternas. Quando olhamos para a depress\u00e3o com um olhar de miseric\u00f3rdia, n\u00f3s a vemos como um deserto que atravessa nossa alma. E quem quer contemplar o vazio? Quem quer ver o reflexo t\u00eanue da alma? \u00c0s vezes, metaforicamente, precisamos preparar um caf\u00e9 da tarde para a depress\u00e3o, puxar uma cadeira para ela se sentar, fazer um bolo, colocar a mesa com nossa melhor toalha e conversar.<\/p>\n\n\n\n<p class=\"has-black-color has-text-color has-link-color has-small-font-size wp-elements-999cb4ff2cbb8ffddb56e05c611659a7\">La doctrina esp\u00edrita no fomenta la huida ni glorifica el problema. \u00bfCu\u00e1l es el camino del medio? El autoconocimiento a trav\u00e9s de la reforma \u00edntima. Si no puede hacerlo solo, el Centro Esp\u00edrita puede serle de gran ayuda. De hecho, un Centro Esp\u00edrita ofrece tratamiento espiritual. Pero antes, una conversaci\u00f3n fraterna y asesoramiento con el fin de disciplinar su asistencia para asistir a las conferencias y recibir el beneficio del pase. Se recomienda el estudio en grupo de las obras espiritistas. La literatura esp\u00edrita es vasta, con obras que tratan de la depresi\u00f3n. Sin embargo, est\u00e1 claro que es necesario un movimiento. Buscar la mejora. El papel del Espiritismo no es se\u00f1alar culpables o inocentes, v\u00edctimas o verdugos. No hay lugar para juicios. \u00abProponer una cura, o al menos ponerse a disposici\u00f3n del progreso, es tambi\u00e9n descubrirse de nuevo, conocer y desvelar territorios a\u00fan desconocidos dentro de uno mismo.<\/p>\n\n\n\n<p class=\"has-black-color has-text-color has-link-color has-small-font-size wp-elements-342d0f3d6005125239a43763ac21befe\"><strong>O que fazer em momentos de reca\u00edda, quando a depress\u00e3o parece mais forte do que a vontade de lutar?<\/strong><\/p>\n\n\n\n<p class=\"has-black-color has-text-color has-link-color has-small-font-size wp-elements-9d49ba19aa100c9b7b7f5d62081a2140\">A ora\u00e7\u00e3o \u00e9 recomendada. A ora\u00e7\u00e3o \u00e9 a ajuda da alma para o c\u00e9u. O ser humano tem dentro de si uma rede invis\u00edvel que o conecta com o Criador. Essa comunica\u00e7\u00e3o \u00e9 livre e direta. E se ainda assim voc\u00ea n\u00e3o se sentir merecedor, pode recorrer aos Bons Esp\u00edritos para que intercedam por voc\u00ea. Ningu\u00e9m fica sem apoio.<\/p>\n\n\n\n<p class=\"has-black-color has-text-color has-link-color has-small-font-size wp-elements-33ea7d0c09d55207646106a8a24ccd89\">As leituras esp\u00edritas s\u00e3o esclarecedoras. O autor Rossano Sobrinho, em seu livro O prisioneiro das trevas, aborda exatamente esse assunto. De forma simples, ele nos mostra que, infelizmente, quando permitimos que o Esp\u00edrito seja dominado pelo corpo, \u00e9 ladeira abaixo, mas se permitirmos que o corpo seja comandado pelo Esp\u00edrito, realinharemos o caminho para a autoilumina\u00e7\u00e3o.<\/p>\n\n\n\n<div class=\"wp-block-group is-layout-constrained wp-block-group-is-layout-constrained\">\n<p class=\"has-black-color has-text-color has-link-color has-small-font-size wp-elements-6167cab77730af84b4427348dd9c1d36\">Continuando com o tema da depress\u00e3o, o autor ensina:<\/p>\n\n\n\n<p class=\"has-black-color has-text-color has-link-color has-small-font-size wp-elements-466e6a0b99cce5b6f978e24c813d93c3\">\u00abDesde un punto de vista psicoespiritual, un depresivo es alguien atrapado en el pasado, en pensamientos tortuosos, a menudo repetitivos, en angustiosas dudas, inseguridades, fobias, traumas y apegos. Quien vive en el pasado pierde su conexi\u00f3n con la vida, que s\u00f3lo se realiza en el ahora, en el momento presente\u00bb<\/p>\n<\/div>\n\n\n\n<p class=\"has-black-color has-text-color has-link-color has-small-font-size wp-elements-d85be8859650a44b06a6fd2ed28407cd\">A depress\u00e3o \u00e9 dif\u00edcil de ser tratada, por isso a Doutrina Esp\u00edrita n\u00e3o descarta em nenhum momento o atendimento m\u00e9dico ou as pr\u00e1ticas terap\u00eauticas. A proposta \u00e9 conectar-se com Deus, conhecer o Evangelho de Jesus, que veio \u00e0 Terra especialmente para os doentes, os aflitos e os cansados. Jesus \u00e9 o modelo de ser humano enviado pelo Criador e experimentou o amor, a caridade, a amizade, a trai\u00e7\u00e3o e a morte em nosso planeta. Quando Jesus diz que venceu o mundo, ele venceu a materialidade. Ele provou ser nosso Esp\u00edrito liberado e eterno. Temos de aprender a confiar no Mestre.<\/p>\n\n\n\n<p class=\"has-black-color has-text-color has-link-color has-small-font-size wp-elements-e45afda9f69974e675589782aa1f7946\">Suas palavras s\u00e3o para que tomemos nossa cruz e caminhemos com Ele. \u00c9 Dele o convite do Serm\u00e3o da Montanha para que encontremos Nele o ponto de apoio nas adversidades da vida. Tomemos posse da paz do Mestre Nazareno.<\/p>\n<\/div><\/div>\n\n\n\n<div class=\"wp-block-uagb-container uagb-block-99711a6d alignfull uagb-is-root-container\"><div class=\"uagb-container-inner-blocks-wrap\"><\/div><\/div>\n\n\n\n<div class=\"wp-block-uagb-container uagb-block-e2122781 alignfull uagb-is-root-container\"><div class=\"uagb-container-inner-blocks-wrap\"><\/div><\/div>","protected":false},"excerpt":{"rendered":"<p>Una mirada consoladora a la depresi\u00f3n Hay muchos prejuicios contra las personas que sufren trastornos mentales. La depresi\u00f3n es uno de ellos. Es una enfermedad que requiere tratamiento m\u00e9dico y no tiene cura. Una persona deprimida tiene periodos de altibajos en su vida diaria. Lo ideal es que el tratamiento se lleve a cabo de [&hellip;]<\/p>","protected":false},"author":1,"featured_media":3825,"parent":0,"menu_order":0,"comment_status":"closed","ping_status":"closed","template":"","meta":{"_uag_custom_page_level_css":"","site-sidebar-layout":"default","site-content-layout":"","ast-site-content-layout":"default","site-content-style":"default","site-sidebar-style":"default","ast-global-header-display":"","ast-banner-title-visibility":"","ast-main-header-display":"","ast-hfb-above-header-display":"","ast-hfb-below-header-display":"","ast-hfb-mobile-header-display":"","site-post-title":"disabled","ast-breadcrumbs-content":"","ast-featured-img":"","footer-sml-layout":"","theme-transparent-header-meta":"","adv-header-id-meta":"","stick-header-meta":"","header-above-stick-meta":"","header-main-stick-meta":"","header-below-stick-meta":"","astra-migrate-meta-layouts":"set","ast-page-background-enabled":"default","ast-page-background-meta":{"desktop":{"background-color":"var(--ast-global-color-4)","background-image":"","background-repeat":"repeat","background-position":"center center","background-size":"auto","background-attachment":"scroll","background-type":"","background-media":"","overlay-type":"","overlay-color":"","overlay-opacity":"","overlay-gradient":""},"tablet":{"background-color":"","background-image":"","background-repeat":"repeat","background-position":"center center","background-size":"auto","background-attachment":"scroll","background-type":"","background-media":"","overlay-type":"","overlay-color":"","overlay-opacity":"","overlay-gradient":""},"mobile":{"background-color":"","background-image":"","background-repeat":"repeat","background-position":"center center","background-size":"auto","background-attachment":"scroll","background-type":"","background-media":"","overlay-type":"","overlay-color":"","overlay-opacity":"","overlay-gradient":""}},"ast-content-background-meta":{"desktop":{"background-color":"var(--ast-global-color-5)","background-image":"","background-repeat":"repeat","background-position":"center center","background-size":"auto","background-attachment":"scroll","background-type":"","background-media":"","overlay-type":"","overlay-color":"","overlay-opacity":"","overlay-gradient":""},"tablet":{"background-color":"var(--ast-global-color-5)","background-image":"","background-repeat":"repeat","background-position":"center center","background-size":"auto","background-attachment":"scroll","background-type":"","background-media":"","overlay-type":"","overlay-color":"","overlay-opacity":"","overlay-gradient":""},"mobile":{"background-color":"var(--ast-global-color-5)","background-image":"","background-repeat":"repeat","background-position":"center center","background-size":"auto","background-attachment":"scroll","background-type":"","background-media":"","overlay-type":"","overlay-color":"","overlay-opacity":"","overlay-gradient":""}},"footnotes":""},"class_list":["post-3824","page","type-page","status-publish","has-post-thumbnail","hentry"],"yoast_head":"<!-- This site is optimized with the Yoast SEO Premium plugin v24.2 (Yoast SEO v24.6) - https:\/\/yoast.com\/wordpress\/plugins\/seo\/ -->\n<title>Una mirada consoladora a la depresi\u00f3n - Uni\u00f3n Esp\u00edrita<\/title>\n<meta name=\"robots\" content=\"index, follow, max-snippet:-1, max-image-preview:large, max-video-preview:-1\" \/>\n<link rel=\"canonical\" href=\"https:\/\/nuevo-renacer.com\/pt\/una-mirada-consoladora-a-la-depresion\/\" \/>\n<meta property=\"og:locale\" content=\"pt_BR\" \/>\n<meta property=\"og:type\" content=\"article\" \/>\n<meta property=\"og:title\" content=\"Una mirada consoladora a la depresi\u00f3n\" \/>\n<meta property=\"og:description\" content=\"Una mirada consoladora a la depresi\u00f3n Hay muchos prejuicios contra las personas que sufren trastornos mentales. La depresi\u00f3n es uno de ellos. Es una enfermedad que requiere tratamiento m\u00e9dico y no tiene cura. Una persona deprimida tiene periodos de altibajos en su vida diaria. Lo ideal es que el tratamiento se lleve a cabo de [&hellip;]\" \/>\n<meta property=\"og:url\" content=\"https:\/\/nuevo-renacer.com\/pt\/una-mirada-consoladora-a-la-depresion\/\" \/>\n<meta property=\"og:site_name\" content=\"Uni\u00f3n Esp\u00edrita\" \/>\n<meta property=\"article:publisher\" content=\"https:\/\/www.facebook.com\/groups\/3431398063740829\" \/>\n<meta property=\"article:modified_time\" content=\"2025-05-23T09:42:27+00:00\" \/>\n<meta name=\"twitter:card\" content=\"summary_large_image\" \/>\n<meta name=\"twitter:label1\" content=\"Est. tempo de leitura\" \/>\n\t<meta name=\"twitter:data1\" content=\"5 minutos\" \/>\n<script type=\"application\/ld+json\" class=\"yoast-schema-graph\">{\"@context\":\"https:\/\/schema.org\",\"@graph\":[{\"@type\":\"WebPage\",\"@id\":\"https:\/\/nuevo-renacer.com\/una-mirada-consoladora-a-la-depresion\/\",\"url\":\"https:\/\/nuevo-renacer.com\/una-mirada-consoladora-a-la-depresion\/\",\"name\":\"Una mirada consoladora a la depresi\u00f3n - Uni\u00f3n Esp\u00edrita\",\"isPartOf\":{\"@id\":\"https:\/\/nuevo-renacer.com\/#website\"},\"primaryImageOfPage\":{\"@id\":\"https:\/\/nuevo-renacer.com\/una-mirada-consoladora-a-la-depresion\/#primaryimage\"},\"image\":{\"@id\":\"https:\/\/nuevo-renacer.com\/una-mirada-consoladora-a-la-depresion\/#primaryimage\"},\"thumbnailUrl\":\"https:\/\/nuevo-renacer.com\/wp-content\/uploads\/2024\/07\/depression-abstract-background_982005-26827.avif\",\"datePublished\":\"2024-07-16T07:43:04+00:00\",\"dateModified\":\"2025-05-23T09:42:27+00:00\",\"breadcrumb\":{\"@id\":\"https:\/\/nuevo-renacer.com\/una-mirada-consoladora-a-la-depresion\/#breadcrumb\"},\"inLanguage\":\"pt-BR\",\"potentialAction\":[{\"@type\":\"ReadAction\",\"target\":[\"https:\/\/nuevo-renacer.com\/una-mirada-consoladora-a-la-depresion\/\"]}]},{\"@type\":\"ImageObject\",\"inLanguage\":\"pt-BR\",\"@id\":\"https:\/\/nuevo-renacer.com\/una-mirada-consoladora-a-la-depresion\/#primaryimage\",\"url\":\"https:\/\/nuevo-renacer.com\/wp-content\/uploads\/2024\/07\/depression-abstract-background_982005-26827.avif\",\"contentUrl\":\"https:\/\/nuevo-renacer.com\/wp-content\/uploads\/2024\/07\/depression-abstract-background_982005-26827.avif\",\"width\":626,\"height\":417},{\"@type\":\"BreadcrumbList\",\"@id\":\"https:\/\/nuevo-renacer.com\/una-mirada-consoladora-a-la-depresion\/#breadcrumb\",\"itemListElement\":[{\"@type\":\"ListItem\",\"position\":1,\"name\":\"Startseite\",\"item\":\"https:\/\/nuevo-renacer.com\/\"},{\"@type\":\"ListItem\",\"position\":2,\"name\":\"Una mirada consoladora a la depresi\u00f3n\"}]},{\"@type\":\"WebSite\",\"@id\":\"https:\/\/nuevo-renacer.com\/#website\",\"url\":\"https:\/\/nuevo-renacer.com\/\",\"name\":\"Uni\u00f3n Esp\u00edrita\",\"description\":\"Nuevo Renacer\",\"publisher\":{\"@id\":\"https:\/\/nuevo-renacer.com\/#organization\"},\"potentialAction\":[{\"@type\":\"SearchAction\",\"target\":{\"@type\":\"EntryPoint\",\"urlTemplate\":\"https:\/\/nuevo-renacer.com\/?s={search_term_string}\"},\"query-input\":{\"@type\":\"PropertyValueSpecification\",\"valueRequired\":true,\"valueName\":\"search_term_string\"}}],\"inLanguage\":\"pt-BR\"},{\"@type\":\"Organization\",\"@id\":\"https:\/\/nuevo-renacer.com\/#organization\",\"name\":\"UFEC\",\"url\":\"https:\/\/nuevo-renacer.com\/\",\"logo\":{\"@type\":\"ImageObject\",\"inLanguage\":\"pt-BR\",\"@id\":\"https:\/\/nuevo-renacer.com\/#\/schema\/logo\/image\/\",\"url\":\"https:\/\/nuevo-renacer.com\/wp-content\/uploads\/2024\/05\/cropped-LOGO-TERMINADO1-3-3.png\",\"contentUrl\":\"https:\/\/nuevo-renacer.com\/wp-content\/uploads\/2024\/05\/cropped-LOGO-TERMINADO1-3-3.png\",\"width\":512,\"height\":512,\"caption\":\"UFEC\"},\"image\":{\"@id\":\"https:\/\/nuevo-renacer.com\/#\/schema\/logo\/image\/\"},\"sameAs\":[\"https:\/\/www.facebook.com\/groups\/3431398063740829\"]}]}<\/script>\n<!-- \/ Yoast SEO Premium plugin. -->","yoast_head_json":{"title":"Una mirada consoladora a la depresi\u00f3n - Uni\u00f3n Esp\u00edrita","robots":{"index":"index","follow":"follow","max-snippet":"max-snippet:-1","max-image-preview":"max-image-preview:large","max-video-preview":"max-video-preview:-1"},"canonical":"https:\/\/nuevo-renacer.com\/pt\/una-mirada-consoladora-a-la-depresion\/","og_locale":"pt_BR","og_type":"article","og_title":"Una mirada consoladora a la depresi\u00f3n","og_description":"Una mirada consoladora a la depresi\u00f3n Hay muchos prejuicios contra las personas que sufren trastornos mentales. La depresi\u00f3n es uno de ellos. Es una enfermedad que requiere tratamiento m\u00e9dico y no tiene cura. Una persona deprimida tiene periodos de altibajos en su vida diaria. Lo ideal es que el tratamiento se lleve a cabo de [&hellip;]","og_url":"https:\/\/nuevo-renacer.com\/pt\/una-mirada-consoladora-a-la-depresion\/","og_site_name":"Uni\u00f3n Esp\u00edrita","article_publisher":"https:\/\/www.facebook.com\/groups\/3431398063740829","article_modified_time":"2025-05-23T09:42:27+00:00","twitter_card":"summary_large_image","twitter_misc":{"Est. tempo de leitura":"5 minutos"},"schema":{"@context":"https:\/\/schema.org","@graph":[{"@type":"WebPage","@id":"https:\/\/nuevo-renacer.com\/una-mirada-consoladora-a-la-depresion\/","url":"https:\/\/nuevo-renacer.com\/una-mirada-consoladora-a-la-depresion\/","name":"Una mirada consoladora a la depresi\u00f3n - Uni\u00f3n Esp\u00edrita","isPartOf":{"@id":"https:\/\/nuevo-renacer.com\/#website"},"primaryImageOfPage":{"@id":"https:\/\/nuevo-renacer.com\/una-mirada-consoladora-a-la-depresion\/#primaryimage"},"image":{"@id":"https:\/\/nuevo-renacer.com\/una-mirada-consoladora-a-la-depresion\/#primaryimage"},"thumbnailUrl":"https:\/\/nuevo-renacer.com\/wp-content\/uploads\/2024\/07\/depression-abstract-background_982005-26827.avif","datePublished":"2024-07-16T07:43:04+00:00","dateModified":"2025-05-23T09:42:27+00:00","breadcrumb":{"@id":"https:\/\/nuevo-renacer.com\/una-mirada-consoladora-a-la-depresion\/#breadcrumb"},"inLanguage":"pt-BR","potentialAction":[{"@type":"ReadAction","target":["https:\/\/nuevo-renacer.com\/una-mirada-consoladora-a-la-depresion\/"]}]},{"@type":"ImageObject","inLanguage":"pt-BR","@id":"https:\/\/nuevo-renacer.com\/una-mirada-consoladora-a-la-depresion\/#primaryimage","url":"https:\/\/nuevo-renacer.com\/wp-content\/uploads\/2024\/07\/depression-abstract-background_982005-26827.avif","contentUrl":"https:\/\/nuevo-renacer.com\/wp-content\/uploads\/2024\/07\/depression-abstract-background_982005-26827.avif","width":626,"height":417},{"@type":"BreadcrumbList","@id":"https:\/\/nuevo-renacer.com\/una-mirada-consoladora-a-la-depresion\/#breadcrumb","itemListElement":[{"@type":"ListItem","position":1,"name":"Startseite","item":"https:\/\/nuevo-renacer.com\/"},{"@type":"ListItem","position":2,"name":"Una mirada consoladora a la depresi\u00f3n"}]},{"@type":"WebSite","@id":"https:\/\/nuevo-renacer.com\/#website","url":"https:\/\/nuevo-renacer.com\/","name":"Uni\u00f3n Esp\u00edrita","description":"Nuevo Renacer","publisher":{"@id":"https:\/\/nuevo-renacer.com\/#organization"},"potentialAction":[{"@type":"SearchAction","target":{"@type":"EntryPoint","urlTemplate":"https:\/\/nuevo-renacer.com\/?s={search_term_string}"},"query-input":{"@type":"PropertyValueSpecification","valueRequired":true,"valueName":"search_term_string"}}],"inLanguage":"pt-BR"},{"@type":"Organization","@id":"https:\/\/nuevo-renacer.com\/#organization","name":"UFEC","url":"https:\/\/nuevo-renacer.com\/","logo":{"@type":"ImageObject","inLanguage":"pt-BR","@id":"https:\/\/nuevo-renacer.com\/#\/schema\/logo\/image\/","url":"https:\/\/nuevo-renacer.com\/wp-content\/uploads\/2024\/05\/cropped-LOGO-TERMINADO1-3-3.png","contentUrl":"https:\/\/nuevo-renacer.com\/wp-content\/uploads\/2024\/05\/cropped-LOGO-TERMINADO1-3-3.png","width":512,"height":512,"caption":"UFEC"},"image":{"@id":"https:\/\/nuevo-renacer.com\/#\/schema\/logo\/image\/"},"sameAs":["https:\/\/www.facebook.com\/groups\/3431398063740829"]}]}},"uagb_featured_image_src":{"full":["https:\/\/nuevo-renacer.com\/wp-content\/uploads\/2024\/07\/depression-abstract-background_982005-26827.avif",626,417,false],"thumbnail":["https:\/\/nuevo-renacer.com\/wp-content\/uploads\/2024\/07\/depression-abstract-background_982005-26827.avif",150,100,false],"medium":["https:\/\/nuevo-renacer.com\/wp-content\/uploads\/2024\/07\/depression-abstract-background_982005-26827.avif",300,200,false],"medium_large":["https:\/\/nuevo-renacer.com\/wp-content\/uploads\/2024\/07\/depression-abstract-background_982005-26827.avif",626,417,false],"large":["https:\/\/nuevo-renacer.com\/wp-content\/uploads\/2024\/07\/depression-abstract-background_982005-26827.avif",626,417,false],"1536x1536":["https:\/\/nuevo-renacer.com\/wp-content\/uploads\/2024\/07\/depression-abstract-background_982005-26827.avif",626,417,false],"2048x2048":["https:\/\/nuevo-renacer.com\/wp-content\/uploads\/2024\/07\/depression-abstract-background_982005-26827.avif",626,417,false],"trp-custom-language-flag":["https:\/\/nuevo-renacer.com\/wp-content\/uploads\/2024\/07\/depression-abstract-background_982005-26827.avif",18,12,false]},"uagb_author_info":{"display_name":"adbv0","author_link":"https:\/\/nuevo-renacer.com\/pt\/author\/adbv0\/"},"uagb_comment_info":0,"uagb_excerpt":"Una mirada consoladora a la depresi\u00f3n Hay muchos prejuicios contra las personas que sufren trastornos mentales. La depresi\u00f3n es uno de ellos. Es una enfermedad que requiere tratamiento m\u00e9dico y no tiene cura. Una persona deprimida tiene periodos de altibajos en su vida diaria. Lo ideal es que el tratamiento se lleve a cabo de&hellip;","jetpack_sharing_enabled":true,"_links":{"self":[{"href":"https:\/\/nuevo-renacer.com\/pt\/wp-json\/wp\/v2\/pages\/3824","targetHints":{"allow":["GET"]}}],"collection":[{"href":"https:\/\/nuevo-renacer.com\/pt\/wp-json\/wp\/v2\/pages"}],"about":[{"href":"https:\/\/nuevo-renacer.com\/pt\/wp-json\/wp\/v2\/types\/page"}],"author":[{"embeddable":true,"href":"https:\/\/nuevo-renacer.com\/pt\/wp-json\/wp\/v2\/users\/1"}],"replies":[{"embeddable":true,"href":"https:\/\/nuevo-renacer.com\/pt\/wp-json\/wp\/v2\/comments?post=3824"}],"version-history":[{"count":5,"href":"https:\/\/nuevo-renacer.com\/pt\/wp-json\/wp\/v2\/pages\/3824\/revisions"}],"predecessor-version":[{"id":8180,"href":"https:\/\/nuevo-renacer.com\/pt\/wp-json\/wp\/v2\/pages\/3824\/revisions\/8180"}],"wp:featuredmedia":[{"embeddable":true,"href":"https:\/\/nuevo-renacer.com\/pt\/wp-json\/wp\/v2\/media\/3825"}],"wp:attachment":[{"href":"https:\/\/nuevo-renacer.com\/pt\/wp-json\/wp\/v2\/media?parent=3824"}],"curies":[{"name":"wp","href":"https:\/\/api.w.org\/{rel}","templated":true}]}}