{"id":3819,"date":"2024-07-16T07:16:45","date_gmt":"2024-07-16T07:16:45","guid":{"rendered":"https:\/\/ufec-mundial.com\/?page_id=3819"},"modified":"2024-07-16T07:24:05","modified_gmt":"2024-07-16T07:24:05","slug":"si-dios-es-bueno-por-que-existe-el-mal","status":"publish","type":"page","link":"https:\/\/nuevo-renacer.com\/pt\/si-dios-es-bueno-por-que-existe-el-mal\/","title":{"rendered":"Se Deus \u00e9 bom, por que existe o mal?"},"content":{"rendered":"<div class=\"wp-block-uagb-container uagb-block-e4fc4373 alignfull uagb-is-root-container\"><div class=\"uagb-container-inner-blocks-wrap\">\n<p class=\"has-medium-font-size\"><strong>Se Deus \u00e9 bom, por que existe o mal?<\/strong><\/p>\n<\/div><\/div>\n\n\n\n<div class=\"wp-block-uagb-container uagb-block-1b9c89c4 alignfull uagb-is-root-container\"><div class=\"uagb-container-inner-blocks-wrap\">\n<figure class=\"wp-block-image size-large is-resized\"><img fetchpriority=\"high\" decoding=\"async\" width=\"1024\" height=\"576\" src=\"https:\/\/ufec-mundial.com\/wp-content\/uploads\/2024\/07\/waldbrand-albanien-100-1024x576.jpg\" alt=\"\" class=\"wp-image-3820\" style=\"width:425px;height:auto\" srcset=\"https:\/\/nuevo-renacer.com\/wp-content\/uploads\/2024\/07\/waldbrand-albanien-100-1024x576.jpg 1024w, https:\/\/nuevo-renacer.com\/wp-content\/uploads\/2024\/07\/waldbrand-albanien-100-300x169.jpg 300w, https:\/\/nuevo-renacer.com\/wp-content\/uploads\/2024\/07\/waldbrand-albanien-100-768x432.jpg 768w, https:\/\/nuevo-renacer.com\/wp-content\/uploads\/2024\/07\/waldbrand-albanien-100-1536x864.jpg 1536w, https:\/\/nuevo-renacer.com\/wp-content\/uploads\/2024\/07\/waldbrand-albanien-100-18x10.jpg 18w, https:\/\/nuevo-renacer.com\/wp-content\/uploads\/2024\/07\/waldbrand-albanien-100.jpg 1920w\" sizes=\"(max-width: 1024px) 100vw, 1024px\" \/><\/figure>\n<\/div><\/div>\n\n\n\n<div class=\"wp-block-uagb-container uagb-block-6b3eae72 alignfull uagb-is-root-container\"><div class=\"uagb-container-inner-blocks-wrap\">\n<p class=\"has-black-color has-text-color has-link-color has-small-font-size wp-elements-db28fa057b98db5ee969c8bf58f819e2\">Um observador pessimista poderia interpretar a resposta \u00e0 primeira pergunta de \u201cO Livro dos Esp\u00edritos\u201d, dada pelos guias da humanidade a Allan Kardec, que diz: \u201cDeus \u00e9 a intelig\u00eancia suprema, a causa primeira de todas as coisas\u201d, e concluir que Deus \u00e9 tamb\u00e9m o criador do mal. Ele poderia argumentar que o mal predomina na humanidade, evidenciado pelas constantes guerras, extremismos terroristas, caos, corrup\u00e7\u00e3o, neglig\u00eancia social e doen\u00e7as recorrentes, entre outros males. Ele poderia argumentar que o mal predomina na humanidade, evidenciado pelas constantes guerras, extremismo terrorista, caos, fome, corrup\u00e7\u00e3o, neglig\u00eancia social e doen\u00e7as recorrentes, entre outros males. Essa percep\u00e7\u00e3o o faria imaginar um Deus que tem prazer no sofrimento humano.<\/p>\n\n\n\n<p class=\"has-black-color has-text-color has-link-color has-small-font-size wp-elements-6bee049bdbba34b125142e16d9171048\">O dilema da exist\u00eancia do mal tem sido um t\u00f3pico recorrente na filosofia. Sua coexist\u00eancia com a dor levou a vis\u00f5es materialistas que, ao priorizarem o prazer e o individualismo, levaram muitos c\u00e9ticos a questionar a exist\u00eancia de um Deus benevolente. Essas vis\u00f5es simplistas alimentaram mitos de entidades malignas em conflito com o Criador.<\/p>\n\n\n\n<p class=\"has-black-color has-text-color has-link-color has-small-font-size wp-elements-cdf6140e768e5cc591e7f3208a6f447a\">Conforme declarado em \u201cG\u00eanesis\u201d, cap\u00edtulo III, h\u00e1 duas interpreta\u00e7\u00f5es: uma entidade maligna no n\u00edvel de Deus ou uma entidade inferior. A primeira prop\u00f5e um conflito eterno entre duas for\u00e7as, criando desordem no equil\u00edbrio universal. Essa cren\u00e7a perpetuou figuras como Satan\u00e1s e fomentou religi\u00f5es baseadas no medo. A segunda teoria apresenta esse ser maligno como uma cria\u00e7\u00e3o de Deus, o que contradiz o atributo divino de bondade infinita.<\/p>\n\n\n\n<p class=\"has-black-color has-text-color has-link-color has-small-font-size wp-elements-de213313a9457cef9a5fac27a2481a3a\">Al\u00e9m dessas interpreta\u00e7\u00f5es, a doutrina espiritista classifica o mal em f\u00edsico e moral. O primeiro inclui as calamidades naturais, independentes da vontade humana. Se entendermos que Deus \u00e9 justo e benevolente, podemos ver o mal como parte de nosso processo evolutivo, remanescente de nossos est\u00e1gios primitivos. O psiquiatra Carl Gustav Jung se refere a isso como nossa \u201csombra\u201d, e em \u201cO Livro dos Esp\u00edritos\u201d, o orgulho e o ego\u00edsmo s\u00e3o mencionados como impedimentos ao progresso moral.<\/p>\n\n\n\n<p class=\"has-black-color has-text-color has-link-color has-small-font-size wp-elements-72652a7d274893fc103844157bce50a2\">Ao reconhecer que as leis divinas est\u00e3o inscritas em nossa consci\u00eancia, podemos aspirar a segui-las e honr\u00e1-las. Ignor\u00e1-las leva \u00e0 dor, que na verdade s\u00e3o li\u00e7\u00f5es evolutivas. \u00c9 o nosso livre-arb\u00edtrio que determina nosso caminho. A Lei Divina n\u00e3o propaga o mal, mas o emprega como um mecanismo corretivo.<\/p>\n\n\n\n<p class=\"has-black-color has-text-color has-link-color has-small-font-size wp-elements-b0c655233bdd1f492dc43f3309828e15\">A aspira\u00e7\u00e3o ao crescimento moral transcende as religi\u00f5es; \u00e9 um desejo humano inato. A harmonia pessoal e coletiva antecipa um mundo em que o mal \u00e9 uma li\u00e7\u00e3o do passado e os esp\u00edritos benevolentes reencarnam para promover o bem como norma.<\/p>\n\n\n\n<p class=\"has-black-color has-text-color has-link-color has-small-font-size wp-elements-bd1f20c919fb4f276d35e573027aae3c\">Deus, em Sua infinita bondade, busca apenas o bem. O ser humano abriga a raiz do mal, mas tamb\u00e9m possui o livre-arb\u00edtrio e a orienta\u00e7\u00e3o das Leis Divinas, o que lhe permite super\u00e1-lo, se assim o desejar.<\/p>\n<\/div><\/div>","protected":false},"excerpt":{"rendered":"<p>Si Dios es bueno, \u00bfPor qu\u00e9 existe el mal? Un observador pesimista podr\u00eda interpretar la respuesta a la primera pregunta de \u201cEl Libro de los Esp\u00edritus\u201d, entregada por los gu\u00edas de la humanidad a Allan Kardec, que dice: \u201cDios es la inteligencia suprema, causa primera de todas las cosas\u201d, y concluir\u00eda que Dios tambi\u00e9n es [&hellip;]<\/p>","protected":false},"author":1,"featured_media":3820,"parent":0,"menu_order":0,"comment_status":"closed","ping_status":"closed","template":"","meta":{"_uag_custom_page_level_css":"","site-sidebar-layout":"default","site-content-layout":"","ast-site-content-layout":"default","site-content-style":"default","site-sidebar-style":"default","ast-global-header-display":"","ast-banner-title-visibility":"","ast-main-header-display":"","ast-hfb-above-header-display":"","ast-hfb-below-header-display":"","ast-hfb-mobile-header-display":"","site-post-title":"disabled","ast-breadcrumbs-content":"","ast-featured-img":"","footer-sml-layout":"","theme-transparent-header-meta":"","adv-header-id-meta":"","stick-header-meta":"","header-above-stick-meta":"","header-main-stick-meta":"","header-below-stick-meta":"","astra-migrate-meta-layouts":"set","ast-page-background-enabled":"default","ast-page-background-meta":{"desktop":{"background-color":"var(--ast-global-color-4)","background-image":"","background-repeat":"repeat","background-position":"center center","background-size":"auto","background-attachment":"scroll","background-type":"","background-media":"","overlay-type":"","overlay-color":"","overlay-opacity":"","overlay-gradient":""},"tablet":{"background-color":"","background-image":"","background-repeat":"repeat","background-position":"center center","background-size":"auto","background-attachment":"scroll","background-type":"","background-media":"","overlay-type":"","overlay-color":"","overlay-opacity":"","overlay-gradient":""},"mobile":{"background-color":"","background-image":"","background-repeat":"repeat","background-position":"center center","background-size":"auto","background-attachment":"scroll","background-type":"","background-media":"","overlay-type":"","overlay-color":"","overlay-opacity":"","overlay-gradient":""}},"ast-content-background-meta":{"desktop":{"background-color":"var(--ast-global-color-5)","background-image":"","background-repeat":"repeat","background-position":"center center","background-size":"auto","background-attachment":"scroll","background-type":"","background-media":"","overlay-type":"","overlay-color":"","overlay-opacity":"","overlay-gradient":""},"tablet":{"background-color":"var(--ast-global-color-5)","background-image":"","background-repeat":"repeat","background-position":"center center","background-size":"auto","background-attachment":"scroll","background-type":"","background-media":"","overlay-type":"","overlay-color":"","overlay-opacity":"","overlay-gradient":""},"mobile":{"background-color":"var(--ast-global-color-5)","background-image":"","background-repeat":"repeat","background-position":"center center","background-size":"auto","background-attachment":"scroll","background-type":"","background-media":"","overlay-type":"","overlay-color":"","overlay-opacity":"","overlay-gradient":""}},"footnotes":""},"class_list":["post-3819","page","type-page","status-publish","has-post-thumbnail","hentry"],"yoast_head":"<!-- This site is optimized with the Yoast SEO Premium plugin v24.2 (Yoast SEO v24.6) - https:\/\/yoast.com\/wordpress\/plugins\/seo\/ -->\n<title>Si Dios es bueno, \u00bfPor qu\u00e9 existe el mal? - Uni\u00f3n Esp\u00edrita<\/title>\n<meta name=\"robots\" content=\"index, follow, max-snippet:-1, max-image-preview:large, max-video-preview:-1\" \/>\n<link rel=\"canonical\" href=\"https:\/\/nuevo-renacer.com\/pt\/si-dios-es-bueno-por-que-existe-el-mal\/\" \/>\n<meta property=\"og:locale\" content=\"pt_BR\" \/>\n<meta property=\"og:type\" content=\"article\" \/>\n<meta property=\"og:title\" content=\"Si Dios es bueno, \u00bfPor qu\u00e9 existe el mal?\" \/>\n<meta property=\"og:description\" content=\"Si Dios es bueno, \u00bfPor qu\u00e9 existe el mal? Un observador pesimista podr\u00eda interpretar la respuesta a la primera pregunta de \u201cEl Libro de los Esp\u00edritus\u201d, entregada por los gu\u00edas de la humanidad a Allan Kardec, que dice: \u201cDios es la inteligencia suprema, causa primera de todas las cosas\u201d, y concluir\u00eda que Dios tambi\u00e9n es [&hellip;]\" \/>\n<meta property=\"og:url\" content=\"https:\/\/nuevo-renacer.com\/pt\/si-dios-es-bueno-por-que-existe-el-mal\/\" \/>\n<meta property=\"og:site_name\" content=\"Uni\u00f3n Esp\u00edrita\" \/>\n<meta property=\"article:publisher\" content=\"https:\/\/www.facebook.com\/groups\/3431398063740829\" \/>\n<meta property=\"article:modified_time\" content=\"2024-07-16T07:24:05+00:00\" \/>\n<meta property=\"og:image\" content=\"https:\/\/nuevo-renacer.com\/wp-content\/uploads\/2024\/07\/waldbrand-albanien-100.jpg\" \/>\n\t<meta property=\"og:image:width\" content=\"1920\" \/>\n\t<meta property=\"og:image:height\" content=\"1080\" \/>\n\t<meta property=\"og:image:type\" content=\"image\/jpeg\" \/>\n<meta name=\"twitter:card\" content=\"summary_large_image\" \/>\n<meta name=\"twitter:label1\" content=\"Est. tempo de leitura\" \/>\n\t<meta name=\"twitter:data1\" content=\"2 minutos\" \/>\n<script type=\"application\/ld+json\" class=\"yoast-schema-graph\">{\"@context\":\"https:\/\/schema.org\",\"@graph\":[{\"@type\":\"WebPage\",\"@id\":\"https:\/\/nuevo-renacer.com\/si-dios-es-bueno-por-que-existe-el-mal\/\",\"url\":\"https:\/\/nuevo-renacer.com\/si-dios-es-bueno-por-que-existe-el-mal\/\",\"name\":\"Si Dios es bueno, \u00bfPor qu\u00e9 existe el mal? - Uni\u00f3n Esp\u00edrita\",\"isPartOf\":{\"@id\":\"https:\/\/nuevo-renacer.com\/#website\"},\"primaryImageOfPage\":{\"@id\":\"https:\/\/nuevo-renacer.com\/si-dios-es-bueno-por-que-existe-el-mal\/#primaryimage\"},\"image\":{\"@id\":\"https:\/\/nuevo-renacer.com\/si-dios-es-bueno-por-que-existe-el-mal\/#primaryimage\"},\"thumbnailUrl\":\"https:\/\/nuevo-renacer.com\/wp-content\/uploads\/2024\/07\/waldbrand-albanien-100.jpg\",\"datePublished\":\"2024-07-16T07:16:45+00:00\",\"dateModified\":\"2024-07-16T07:24:05+00:00\",\"breadcrumb\":{\"@id\":\"https:\/\/nuevo-renacer.com\/si-dios-es-bueno-por-que-existe-el-mal\/#breadcrumb\"},\"inLanguage\":\"pt-BR\",\"potentialAction\":[{\"@type\":\"ReadAction\",\"target\":[\"https:\/\/nuevo-renacer.com\/si-dios-es-bueno-por-que-existe-el-mal\/\"]}]},{\"@type\":\"ImageObject\",\"inLanguage\":\"pt-BR\",\"@id\":\"https:\/\/nuevo-renacer.com\/si-dios-es-bueno-por-que-existe-el-mal\/#primaryimage\",\"url\":\"https:\/\/nuevo-renacer.com\/wp-content\/uploads\/2024\/07\/waldbrand-albanien-100.jpg\",\"contentUrl\":\"https:\/\/nuevo-renacer.com\/wp-content\/uploads\/2024\/07\/waldbrand-albanien-100.jpg\",\"width\":1920,\"height\":1080},{\"@type\":\"BreadcrumbList\",\"@id\":\"https:\/\/nuevo-renacer.com\/si-dios-es-bueno-por-que-existe-el-mal\/#breadcrumb\",\"itemListElement\":[{\"@type\":\"ListItem\",\"position\":1,\"name\":\"Startseite\",\"item\":\"https:\/\/nuevo-renacer.com\/\"},{\"@type\":\"ListItem\",\"position\":2,\"name\":\"Si Dios es bueno, \u00bfPor qu\u00e9 existe el mal?\"}]},{\"@type\":\"WebSite\",\"@id\":\"https:\/\/nuevo-renacer.com\/#website\",\"url\":\"https:\/\/nuevo-renacer.com\/\",\"name\":\"Uni\u00f3n Esp\u00edrita\",\"description\":\"Nuevo Renacer\",\"publisher\":{\"@id\":\"https:\/\/nuevo-renacer.com\/#organization\"},\"potentialAction\":[{\"@type\":\"SearchAction\",\"target\":{\"@type\":\"EntryPoint\",\"urlTemplate\":\"https:\/\/nuevo-renacer.com\/?s={search_term_string}\"},\"query-input\":{\"@type\":\"PropertyValueSpecification\",\"valueRequired\":true,\"valueName\":\"search_term_string\"}}],\"inLanguage\":\"pt-BR\"},{\"@type\":\"Organization\",\"@id\":\"https:\/\/nuevo-renacer.com\/#organization\",\"name\":\"UFEC\",\"url\":\"https:\/\/nuevo-renacer.com\/\",\"logo\":{\"@type\":\"ImageObject\",\"inLanguage\":\"pt-BR\",\"@id\":\"https:\/\/nuevo-renacer.com\/#\/schema\/logo\/image\/\",\"url\":\"https:\/\/nuevo-renacer.com\/wp-content\/uploads\/2024\/05\/cropped-LOGO-TERMINADO1-3-3.png\",\"contentUrl\":\"https:\/\/nuevo-renacer.com\/wp-content\/uploads\/2024\/05\/cropped-LOGO-TERMINADO1-3-3.png\",\"width\":512,\"height\":512,\"caption\":\"UFEC\"},\"image\":{\"@id\":\"https:\/\/nuevo-renacer.com\/#\/schema\/logo\/image\/\"},\"sameAs\":[\"https:\/\/www.facebook.com\/groups\/3431398063740829\"]}]}<\/script>\n<!-- \/ Yoast SEO Premium plugin. -->","yoast_head_json":{"title":"Si Dios es bueno, \u00bfPor qu\u00e9 existe el mal? - Uni\u00f3n Esp\u00edrita","robots":{"index":"index","follow":"follow","max-snippet":"max-snippet:-1","max-image-preview":"max-image-preview:large","max-video-preview":"max-video-preview:-1"},"canonical":"https:\/\/nuevo-renacer.com\/pt\/si-dios-es-bueno-por-que-existe-el-mal\/","og_locale":"pt_BR","og_type":"article","og_title":"Si Dios es bueno, \u00bfPor qu\u00e9 existe el mal?","og_description":"Si Dios es bueno, \u00bfPor qu\u00e9 existe el mal? Un observador pesimista podr\u00eda interpretar la respuesta a la primera pregunta de \u201cEl Libro de los Esp\u00edritus\u201d, entregada por los gu\u00edas de la humanidad a Allan Kardec, que dice: \u201cDios es la inteligencia suprema, causa primera de todas las cosas\u201d, y concluir\u00eda que Dios tambi\u00e9n es [&hellip;]","og_url":"https:\/\/nuevo-renacer.com\/pt\/si-dios-es-bueno-por-que-existe-el-mal\/","og_site_name":"Uni\u00f3n Esp\u00edrita","article_publisher":"https:\/\/www.facebook.com\/groups\/3431398063740829","article_modified_time":"2024-07-16T07:24:05+00:00","og_image":[{"width":1920,"height":1080,"url":"https:\/\/nuevo-renacer.com\/wp-content\/uploads\/2024\/07\/waldbrand-albanien-100.jpg","type":"image\/jpeg"}],"twitter_card":"summary_large_image","twitter_misc":{"Est. tempo de leitura":"2 minutos"},"schema":{"@context":"https:\/\/schema.org","@graph":[{"@type":"WebPage","@id":"https:\/\/nuevo-renacer.com\/si-dios-es-bueno-por-que-existe-el-mal\/","url":"https:\/\/nuevo-renacer.com\/si-dios-es-bueno-por-que-existe-el-mal\/","name":"Si Dios es bueno, \u00bfPor qu\u00e9 existe el mal? - Uni\u00f3n Esp\u00edrita","isPartOf":{"@id":"https:\/\/nuevo-renacer.com\/#website"},"primaryImageOfPage":{"@id":"https:\/\/nuevo-renacer.com\/si-dios-es-bueno-por-que-existe-el-mal\/#primaryimage"},"image":{"@id":"https:\/\/nuevo-renacer.com\/si-dios-es-bueno-por-que-existe-el-mal\/#primaryimage"},"thumbnailUrl":"https:\/\/nuevo-renacer.com\/wp-content\/uploads\/2024\/07\/waldbrand-albanien-100.jpg","datePublished":"2024-07-16T07:16:45+00:00","dateModified":"2024-07-16T07:24:05+00:00","breadcrumb":{"@id":"https:\/\/nuevo-renacer.com\/si-dios-es-bueno-por-que-existe-el-mal\/#breadcrumb"},"inLanguage":"pt-BR","potentialAction":[{"@type":"ReadAction","target":["https:\/\/nuevo-renacer.com\/si-dios-es-bueno-por-que-existe-el-mal\/"]}]},{"@type":"ImageObject","inLanguage":"pt-BR","@id":"https:\/\/nuevo-renacer.com\/si-dios-es-bueno-por-que-existe-el-mal\/#primaryimage","url":"https:\/\/nuevo-renacer.com\/wp-content\/uploads\/2024\/07\/waldbrand-albanien-100.jpg","contentUrl":"https:\/\/nuevo-renacer.com\/wp-content\/uploads\/2024\/07\/waldbrand-albanien-100.jpg","width":1920,"height":1080},{"@type":"BreadcrumbList","@id":"https:\/\/nuevo-renacer.com\/si-dios-es-bueno-por-que-existe-el-mal\/#breadcrumb","itemListElement":[{"@type":"ListItem","position":1,"name":"Startseite","item":"https:\/\/nuevo-renacer.com\/"},{"@type":"ListItem","position":2,"name":"Si Dios es bueno, \u00bfPor qu\u00e9 existe el mal?"}]},{"@type":"WebSite","@id":"https:\/\/nuevo-renacer.com\/#website","url":"https:\/\/nuevo-renacer.com\/","name":"Uni\u00f3n Esp\u00edrita","description":"Nuevo Renacer","publisher":{"@id":"https:\/\/nuevo-renacer.com\/#organization"},"potentialAction":[{"@type":"SearchAction","target":{"@type":"EntryPoint","urlTemplate":"https:\/\/nuevo-renacer.com\/?s={search_term_string}"},"query-input":{"@type":"PropertyValueSpecification","valueRequired":true,"valueName":"search_term_string"}}],"inLanguage":"pt-BR"},{"@type":"Organization","@id":"https:\/\/nuevo-renacer.com\/#organization","name":"UFEC","url":"https:\/\/nuevo-renacer.com\/","logo":{"@type":"ImageObject","inLanguage":"pt-BR","@id":"https:\/\/nuevo-renacer.com\/#\/schema\/logo\/image\/","url":"https:\/\/nuevo-renacer.com\/wp-content\/uploads\/2024\/05\/cropped-LOGO-TERMINADO1-3-3.png","contentUrl":"https:\/\/nuevo-renacer.com\/wp-content\/uploads\/2024\/05\/cropped-LOGO-TERMINADO1-3-3.png","width":512,"height":512,"caption":"UFEC"},"image":{"@id":"https:\/\/nuevo-renacer.com\/#\/schema\/logo\/image\/"},"sameAs":["https:\/\/www.facebook.com\/groups\/3431398063740829"]}]}},"uagb_featured_image_src":{"full":["https:\/\/nuevo-renacer.com\/wp-content\/uploads\/2024\/07\/waldbrand-albanien-100.jpg",1920,1080,false],"thumbnail":["https:\/\/nuevo-renacer.com\/wp-content\/uploads\/2024\/07\/waldbrand-albanien-100-150x150.jpg",150,150,true],"medium":["https:\/\/nuevo-renacer.com\/wp-content\/uploads\/2024\/07\/waldbrand-albanien-100-300x169.jpg",300,169,true],"medium_large":["https:\/\/nuevo-renacer.com\/wp-content\/uploads\/2024\/07\/waldbrand-albanien-100-768x432.jpg",768,432,true],"large":["https:\/\/nuevo-renacer.com\/wp-content\/uploads\/2024\/07\/waldbrand-albanien-100-1024x576.jpg",1024,576,true],"1536x1536":["https:\/\/nuevo-renacer.com\/wp-content\/uploads\/2024\/07\/waldbrand-albanien-100-1536x864.jpg",1536,864,true],"2048x2048":["https:\/\/nuevo-renacer.com\/wp-content\/uploads\/2024\/07\/waldbrand-albanien-100.jpg",1920,1080,false],"trp-custom-language-flag":["https:\/\/nuevo-renacer.com\/wp-content\/uploads\/2024\/07\/waldbrand-albanien-100-18x10.jpg",18,10,true]},"uagb_author_info":{"display_name":"adbv0","author_link":"https:\/\/nuevo-renacer.com\/pt\/author\/adbv0\/"},"uagb_comment_info":0,"uagb_excerpt":"Si Dios es bueno, \u00bfPor qu\u00e9 existe el mal? Un observador pesimista podr\u00eda interpretar la respuesta a la primera pregunta de \u201cEl Libro de los Esp\u00edritus\u201d, entregada por los gu\u00edas de la humanidad a Allan Kardec, que dice: \u201cDios es la inteligencia suprema, causa primera de todas las cosas\u201d, y concluir\u00eda que Dios tambi\u00e9n es&hellip;","jetpack_sharing_enabled":true,"_links":{"self":[{"href":"https:\/\/nuevo-renacer.com\/pt\/wp-json\/wp\/v2\/pages\/3819","targetHints":{"allow":["GET"]}}],"collection":[{"href":"https:\/\/nuevo-renacer.com\/pt\/wp-json\/wp\/v2\/pages"}],"about":[{"href":"https:\/\/nuevo-renacer.com\/pt\/wp-json\/wp\/v2\/types\/page"}],"author":[{"embeddable":true,"href":"https:\/\/nuevo-renacer.com\/pt\/wp-json\/wp\/v2\/users\/1"}],"replies":[{"embeddable":true,"href":"https:\/\/nuevo-renacer.com\/pt\/wp-json\/wp\/v2\/comments?post=3819"}],"version-history":[{"count":1,"href":"https:\/\/nuevo-renacer.com\/pt\/wp-json\/wp\/v2\/pages\/3819\/revisions"}],"predecessor-version":[{"id":3821,"href":"https:\/\/nuevo-renacer.com\/pt\/wp-json\/wp\/v2\/pages\/3819\/revisions\/3821"}],"wp:featuredmedia":[{"embeddable":true,"href":"https:\/\/nuevo-renacer.com\/pt\/wp-json\/wp\/v2\/media\/3820"}],"wp:attachment":[{"href":"https:\/\/nuevo-renacer.com\/pt\/wp-json\/wp\/v2\/media?parent=3819"}],"curies":[{"name":"wp","href":"https:\/\/api.w.org\/{rel}","templated":true}]}}