{"id":3781,"date":"2024-07-15T09:28:21","date_gmt":"2024-07-15T09:28:21","guid":{"rendered":"https:\/\/ufec-mundial.com\/?page_id=3781"},"modified":"2024-07-15T09:28:23","modified_gmt":"2024-07-15T09:28:23","slug":"me-puedo-reencarnar-en-un-animal-como-dicen-algunas-religiones","status":"publish","type":"page","link":"https:\/\/nuevo-renacer.com\/pt\/me-puedo-reencarnar-en-un-animal-como-dicen-algunas-religiones\/","title":{"rendered":"Posso reencarnar como um animal, como dizem algumas religi\u00f5es?"},"content":{"rendered":"<div class=\"wp-block-uagb-container uagb-block-bf693db3 alignfull uagb-is-root-container\"><div class=\"uagb-container-inner-blocks-wrap\">\n<p class=\"has-black-color has-text-color has-link-color has-medium-font-size wp-elements-29bc8b483d7e4f2b9dd048f34dabfdf2\"><strong>Posso reencarnar como um animal, como dizem algumas religi\u00f5es?<\/strong><\/p>\n<\/div><\/div>\n\n\n\n<div class=\"wp-block-uagb-container uagb-block-08994f9e alignfull uagb-is-root-container\"><div class=\"uagb-container-inner-blocks-wrap\">\n<figure class=\"wp-block-image size-full\"><img fetchpriority=\"high\" decoding=\"async\" width=\"540\" height=\"360\" src=\"https:\/\/ufec-mundial.com\/wp-content\/uploads\/2024\/07\/360_F_568198305_QNmh0dG9SBdkN9307LGaiwfv2NusB2u7.webp\" alt=\"\" class=\"wp-image-3782\" srcset=\"https:\/\/nuevo-renacer.com\/wp-content\/uploads\/2024\/07\/360_F_568198305_QNmh0dG9SBdkN9307LGaiwfv2NusB2u7.webp 540w, https:\/\/nuevo-renacer.com\/wp-content\/uploads\/2024\/07\/360_F_568198305_QNmh0dG9SBdkN9307LGaiwfv2NusB2u7-300x200.webp 300w, https:\/\/nuevo-renacer.com\/wp-content\/uploads\/2024\/07\/360_F_568198305_QNmh0dG9SBdkN9307LGaiwfv2NusB2u7-18x12.webp 18w\" sizes=\"(max-width: 540px) 100vw, 540px\" \/><\/figure>\n<\/div><\/div>\n\n\n\n<div class=\"wp-block-uagb-container uagb-block-537638e3 alignfull uagb-is-root-container\"><div class=\"uagb-container-inner-blocks-wrap\">\n<p class=\"has-black-color has-text-color has-link-color has-small-font-size wp-elements-8031f9d9b5c25d5d7265e5a297fe3803\">N\u00e3o, h\u00e1 uma lei progressiva e, embora nosso esp\u00edrito tenha sido desenvolvido em reinos inferiores, n\u00e3o retornamos a eles.<\/p>\n\n\n\n<p class=\"has-black-color has-text-color has-link-color has-small-font-size wp-elements-03de017edf8237102f76330d9b7895e7\"><em>\u00abA alma dorme no mineral, sonha no vegetal, move-se no animal e desperta no homem\u00bb<\/em>, disse L\u00e9on Denis.<\/p>\n\n\n\n<p class=\"has-black-color has-text-color has-link-color has-small-font-size wp-elements-14043bd6cd0c22dd2b984672099ab35d\">O Livro dos Esp\u00edritos, nas quest\u00f5es 607 e 609, explica que o Esp\u00edrito prov\u00e9m do princ\u00edpio inteligente que se elabora nesses reinos inferiores e que, nas primeiras encarna\u00e7\u00f5es como Esp\u00edrito, conserva vest\u00edgios dessa animalidade. O princ\u00edpio inteligente para se tornar esp\u00edrito passa por outras esp\u00e9cies, por outras formas e vidas que ainda estamos longe de conhecer, porque h\u00e1 elos perdidos, pe\u00e7as faltantes nesse quebra-cabe\u00e7a evolutivo, que n\u00e3o existem hoje porque deram lugar a outras pela sele\u00e7\u00e3o natural, e porque essa evolu\u00e7\u00e3o n\u00e3o ocorre apenas neste planeta.<\/p>\n\n\n\n<p class=\"has-black-color has-text-color has-link-color has-small-font-size wp-elements-a4bcf5ae9ef1070539037fa2243ef2b1\">Levando em conta apenas o nosso planeta e o que a Ci\u00eancia diz hoje, h\u00e1 uma evidente evolu\u00e7\u00e3o biol\u00f3gica, uma sele\u00e7\u00e3o natural, \u00e9 o que se conhece hoje como a teoria sint\u00e9tica que agrupa as teorias de Darwin e Wallace com as de Mendel. E o que o Espiritismo diz \u00e9 que o princ\u00edpio inteligente \u00e9 elaborado nessas e em outras diferentes esp\u00e9cies deste e de outros mundos, que tamb\u00e9m s\u00e3o habitados em diferentes processos evolutivos, como os que o nosso planeta sofreu desde a c\u00e9lula procari\u00f3tica. H\u00e1, portanto, uma evolu\u00e7\u00e3o f\u00edsica sujeita \u00e0s leis f\u00edsicas e uma evolu\u00e7\u00e3o espiritual que usa essa evolu\u00e7\u00e3o f\u00edsica para fazer evoluir o princ\u00edpio inteligente, finitamente o Esp\u00edrito, por meio da reencarna\u00e7\u00e3o.<\/p>\n\n\n\n<p class=\"has-black-color has-text-color has-link-color has-small-font-size wp-elements-bed89291df1c128032abb2c9014adf2a\">Muitas religi\u00f5es t\u00eam e tiveram a reencarna\u00e7\u00e3o como um de seus princ\u00edpios fundamentais, embora sob aspectos err\u00f4neos, como a metempsicose (que seria a possibilidade de encarnar em animais). Outras religi\u00f5es s\u00f3 tiveram a reencarna\u00e7\u00e3o em seus prim\u00f3rdios, sendo erradicada posteriormente, como \u00e9 o caso do cristianismo.<\/p>\n<\/div><\/div>","protected":false},"excerpt":{"rendered":"<p>\u00bfMe puedo reencarnar en un animal como dicen algunas religiones? \u00a1No!, \u00a1hay una ley progresiva!, y si bien nuestro Esp\u00edritu se ha elaborado en reinos inferiores, no volvemos a ellos. \u00abEl alma duerme en el mineral, sue\u00f1a en el vegetal, se mueve en el animal y despierta en el hombre\u00bb, dec\u00eda L\u00e9on Denis. El Libro [&hellip;]<\/p>","protected":false},"author":1,"featured_media":3782,"parent":0,"menu_order":0,"comment_status":"closed","ping_status":"closed","template":"","meta":{"_uag_custom_page_level_css":"","site-sidebar-layout":"default","site-content-layout":"","ast-site-content-layout":"default","site-content-style":"default","site-sidebar-style":"default","ast-global-header-display":"","ast-banner-title-visibility":"","ast-main-header-display":"","ast-hfb-above-header-display":"","ast-hfb-below-header-display":"","ast-hfb-mobile-header-display":"","site-post-title":"disabled","ast-breadcrumbs-content":"","ast-featured-img":"","footer-sml-layout":"","theme-transparent-header-meta":"","adv-header-id-meta":"","stick-header-meta":"","header-above-stick-meta":"","header-main-stick-meta":"","header-below-stick-meta":"","astra-migrate-meta-layouts":"set","ast-page-background-enabled":"default","ast-page-background-meta":{"desktop":{"background-color":"var(--ast-global-color-4)","background-image":"","background-repeat":"repeat","background-position":"center center","background-size":"auto","background-attachment":"scroll","background-type":"","background-media":"","overlay-type":"","overlay-color":"","overlay-opacity":"","overlay-gradient":""},"tablet":{"background-color":"","background-image":"","background-repeat":"repeat","background-position":"center center","background-size":"auto","background-attachment":"scroll","background-type":"","background-media":"","overlay-type":"","overlay-color":"","overlay-opacity":"","overlay-gradient":""},"mobile":{"background-color":"","background-image":"","background-repeat":"repeat","background-position":"center center","background-size":"auto","background-attachment":"scroll","background-type":"","background-media":"","overlay-type":"","overlay-color":"","overlay-opacity":"","overlay-gradient":""}},"ast-content-background-meta":{"desktop":{"background-color":"var(--ast-global-color-5)","background-image":"","background-repeat":"repeat","background-position":"center center","background-size":"auto","background-attachment":"scroll","background-type":"","background-media":"","overlay-type":"","overlay-color":"","overlay-opacity":"","overlay-gradient":""},"tablet":{"background-color":"var(--ast-global-color-5)","background-image":"","background-repeat":"repeat","background-position":"center center","background-size":"auto","background-attachment":"scroll","background-type":"","background-media":"","overlay-type":"","overlay-color":"","overlay-opacity":"","overlay-gradient":""},"mobile":{"background-color":"var(--ast-global-color-5)","background-image":"","background-repeat":"repeat","background-position":"center center","background-size":"auto","background-attachment":"scroll","background-type":"","background-media":"","overlay-type":"","overlay-color":"","overlay-opacity":"","overlay-gradient":""}},"footnotes":""},"class_list":["post-3781","page","type-page","status-publish","has-post-thumbnail","hentry"],"yoast_head":"<!-- This site is optimized with the Yoast SEO Premium plugin v24.2 (Yoast SEO v24.6) - https:\/\/yoast.com\/wordpress\/plugins\/seo\/ -->\n<title>\u00bfMe puedo reencarnar en un animal como dicen algunas religiones? - Uni\u00f3n Esp\u00edrita<\/title>\n<meta name=\"robots\" content=\"index, follow, max-snippet:-1, max-image-preview:large, max-video-preview:-1\" \/>\n<link rel=\"canonical\" href=\"https:\/\/nuevo-renacer.com\/pt\/me-puedo-reencarnar-en-un-animal-como-dicen-algunas-religiones\/\" \/>\n<meta property=\"og:locale\" content=\"pt_BR\" \/>\n<meta property=\"og:type\" content=\"article\" \/>\n<meta property=\"og:title\" content=\"\u00bfMe puedo reencarnar en un animal como dicen algunas religiones?\" \/>\n<meta property=\"og:description\" content=\"\u00bfMe puedo reencarnar en un animal como dicen algunas religiones? \u00a1No!, \u00a1hay una ley progresiva!, y si bien nuestro Esp\u00edritu se ha elaborado en reinos inferiores, no volvemos a ellos. \u00abEl alma duerme en el mineral, sue\u00f1a en el vegetal, se mueve en el animal y despierta en el hombre\u00bb, dec\u00eda L\u00e9on Denis. El Libro [&hellip;]\" \/>\n<meta property=\"og:url\" content=\"https:\/\/nuevo-renacer.com\/pt\/me-puedo-reencarnar-en-un-animal-como-dicen-algunas-religiones\/\" \/>\n<meta property=\"og:site_name\" content=\"Uni\u00f3n Esp\u00edrita\" \/>\n<meta property=\"article:publisher\" content=\"https:\/\/www.facebook.com\/groups\/3431398063740829\" \/>\n<meta property=\"article:modified_time\" content=\"2024-07-15T09:28:23+00:00\" \/>\n<meta property=\"og:image\" content=\"https:\/\/nuevo-renacer.com\/wp-content\/uploads\/2024\/07\/360_F_568198305_QNmh0dG9SBdkN9307LGaiwfv2NusB2u7.webp\" \/>\n\t<meta property=\"og:image:width\" content=\"540\" \/>\n\t<meta property=\"og:image:height\" content=\"360\" \/>\n\t<meta property=\"og:image:type\" content=\"image\/webp\" \/>\n<meta name=\"twitter:card\" content=\"summary_large_image\" \/>\n<meta name=\"twitter:label1\" content=\"Est. tempo de leitura\" \/>\n\t<meta name=\"twitter:data1\" content=\"2 minutos\" \/>\n<script type=\"application\/ld+json\" class=\"yoast-schema-graph\">{\"@context\":\"https:\/\/schema.org\",\"@graph\":[{\"@type\":\"WebPage\",\"@id\":\"https:\/\/nuevo-renacer.com\/me-puedo-reencarnar-en-un-animal-como-dicen-algunas-religiones\/\",\"url\":\"https:\/\/nuevo-renacer.com\/me-puedo-reencarnar-en-un-animal-como-dicen-algunas-religiones\/\",\"name\":\"\u00bfMe puedo reencarnar en un animal como dicen algunas religiones? - Uni\u00f3n Esp\u00edrita\",\"isPartOf\":{\"@id\":\"https:\/\/nuevo-renacer.com\/#website\"},\"primaryImageOfPage\":{\"@id\":\"https:\/\/nuevo-renacer.com\/me-puedo-reencarnar-en-un-animal-como-dicen-algunas-religiones\/#primaryimage\"},\"image\":{\"@id\":\"https:\/\/nuevo-renacer.com\/me-puedo-reencarnar-en-un-animal-como-dicen-algunas-religiones\/#primaryimage\"},\"thumbnailUrl\":\"https:\/\/nuevo-renacer.com\/wp-content\/uploads\/2024\/07\/360_F_568198305_QNmh0dG9SBdkN9307LGaiwfv2NusB2u7.webp\",\"datePublished\":\"2024-07-15T09:28:21+00:00\",\"dateModified\":\"2024-07-15T09:28:23+00:00\",\"breadcrumb\":{\"@id\":\"https:\/\/nuevo-renacer.com\/me-puedo-reencarnar-en-un-animal-como-dicen-algunas-religiones\/#breadcrumb\"},\"inLanguage\":\"pt-BR\",\"potentialAction\":[{\"@type\":\"ReadAction\",\"target\":[\"https:\/\/nuevo-renacer.com\/me-puedo-reencarnar-en-un-animal-como-dicen-algunas-religiones\/\"]}]},{\"@type\":\"ImageObject\",\"inLanguage\":\"pt-BR\",\"@id\":\"https:\/\/nuevo-renacer.com\/me-puedo-reencarnar-en-un-animal-como-dicen-algunas-religiones\/#primaryimage\",\"url\":\"https:\/\/nuevo-renacer.com\/wp-content\/uploads\/2024\/07\/360_F_568198305_QNmh0dG9SBdkN9307LGaiwfv2NusB2u7.webp\",\"contentUrl\":\"https:\/\/nuevo-renacer.com\/wp-content\/uploads\/2024\/07\/360_F_568198305_QNmh0dG9SBdkN9307LGaiwfv2NusB2u7.webp\",\"width\":540,\"height\":360},{\"@type\":\"BreadcrumbList\",\"@id\":\"https:\/\/nuevo-renacer.com\/me-puedo-reencarnar-en-un-animal-como-dicen-algunas-religiones\/#breadcrumb\",\"itemListElement\":[{\"@type\":\"ListItem\",\"position\":1,\"name\":\"Startseite\",\"item\":\"https:\/\/nuevo-renacer.com\/\"},{\"@type\":\"ListItem\",\"position\":2,\"name\":\"\u00bfMe puedo reencarnar en un animal como dicen algunas religiones?\"}]},{\"@type\":\"WebSite\",\"@id\":\"https:\/\/nuevo-renacer.com\/#website\",\"url\":\"https:\/\/nuevo-renacer.com\/\",\"name\":\"Uni\u00f3n Esp\u00edrita\",\"description\":\"Nuevo Renacer\",\"publisher\":{\"@id\":\"https:\/\/nuevo-renacer.com\/#organization\"},\"potentialAction\":[{\"@type\":\"SearchAction\",\"target\":{\"@type\":\"EntryPoint\",\"urlTemplate\":\"https:\/\/nuevo-renacer.com\/?s={search_term_string}\"},\"query-input\":{\"@type\":\"PropertyValueSpecification\",\"valueRequired\":true,\"valueName\":\"search_term_string\"}}],\"inLanguage\":\"pt-BR\"},{\"@type\":\"Organization\",\"@id\":\"https:\/\/nuevo-renacer.com\/#organization\",\"name\":\"UFEC\",\"url\":\"https:\/\/nuevo-renacer.com\/\",\"logo\":{\"@type\":\"ImageObject\",\"inLanguage\":\"pt-BR\",\"@id\":\"https:\/\/nuevo-renacer.com\/#\/schema\/logo\/image\/\",\"url\":\"https:\/\/nuevo-renacer.com\/wp-content\/uploads\/2024\/05\/cropped-LOGO-TERMINADO1-3-3.png\",\"contentUrl\":\"https:\/\/nuevo-renacer.com\/wp-content\/uploads\/2024\/05\/cropped-LOGO-TERMINADO1-3-3.png\",\"width\":512,\"height\":512,\"caption\":\"UFEC\"},\"image\":{\"@id\":\"https:\/\/nuevo-renacer.com\/#\/schema\/logo\/image\/\"},\"sameAs\":[\"https:\/\/www.facebook.com\/groups\/3431398063740829\"]}]}<\/script>\n<!-- \/ Yoast SEO Premium plugin. -->","yoast_head_json":{"title":"\u00bfMe puedo reencarnar en un animal como dicen algunas religiones? - Uni\u00f3n Esp\u00edrita","robots":{"index":"index","follow":"follow","max-snippet":"max-snippet:-1","max-image-preview":"max-image-preview:large","max-video-preview":"max-video-preview:-1"},"canonical":"https:\/\/nuevo-renacer.com\/pt\/me-puedo-reencarnar-en-un-animal-como-dicen-algunas-religiones\/","og_locale":"pt_BR","og_type":"article","og_title":"\u00bfMe puedo reencarnar en un animal como dicen algunas religiones?","og_description":"\u00bfMe puedo reencarnar en un animal como dicen algunas religiones? \u00a1No!, \u00a1hay una ley progresiva!, y si bien nuestro Esp\u00edritu se ha elaborado en reinos inferiores, no volvemos a ellos. \u00abEl alma duerme en el mineral, sue\u00f1a en el vegetal, se mueve en el animal y despierta en el hombre\u00bb, dec\u00eda L\u00e9on Denis. El Libro [&hellip;]","og_url":"https:\/\/nuevo-renacer.com\/pt\/me-puedo-reencarnar-en-un-animal-como-dicen-algunas-religiones\/","og_site_name":"Uni\u00f3n Esp\u00edrita","article_publisher":"https:\/\/www.facebook.com\/groups\/3431398063740829","article_modified_time":"2024-07-15T09:28:23+00:00","og_image":[{"width":540,"height":360,"url":"https:\/\/nuevo-renacer.com\/wp-content\/uploads\/2024\/07\/360_F_568198305_QNmh0dG9SBdkN9307LGaiwfv2NusB2u7.webp","type":"image\/webp"}],"twitter_card":"summary_large_image","twitter_misc":{"Est. tempo de leitura":"2 minutos"},"schema":{"@context":"https:\/\/schema.org","@graph":[{"@type":"WebPage","@id":"https:\/\/nuevo-renacer.com\/me-puedo-reencarnar-en-un-animal-como-dicen-algunas-religiones\/","url":"https:\/\/nuevo-renacer.com\/me-puedo-reencarnar-en-un-animal-como-dicen-algunas-religiones\/","name":"\u00bfMe puedo reencarnar en un animal como dicen algunas religiones? - Uni\u00f3n Esp\u00edrita","isPartOf":{"@id":"https:\/\/nuevo-renacer.com\/#website"},"primaryImageOfPage":{"@id":"https:\/\/nuevo-renacer.com\/me-puedo-reencarnar-en-un-animal-como-dicen-algunas-religiones\/#primaryimage"},"image":{"@id":"https:\/\/nuevo-renacer.com\/me-puedo-reencarnar-en-un-animal-como-dicen-algunas-religiones\/#primaryimage"},"thumbnailUrl":"https:\/\/nuevo-renacer.com\/wp-content\/uploads\/2024\/07\/360_F_568198305_QNmh0dG9SBdkN9307LGaiwfv2NusB2u7.webp","datePublished":"2024-07-15T09:28:21+00:00","dateModified":"2024-07-15T09:28:23+00:00","breadcrumb":{"@id":"https:\/\/nuevo-renacer.com\/me-puedo-reencarnar-en-un-animal-como-dicen-algunas-religiones\/#breadcrumb"},"inLanguage":"pt-BR","potentialAction":[{"@type":"ReadAction","target":["https:\/\/nuevo-renacer.com\/me-puedo-reencarnar-en-un-animal-como-dicen-algunas-religiones\/"]}]},{"@type":"ImageObject","inLanguage":"pt-BR","@id":"https:\/\/nuevo-renacer.com\/me-puedo-reencarnar-en-un-animal-como-dicen-algunas-religiones\/#primaryimage","url":"https:\/\/nuevo-renacer.com\/wp-content\/uploads\/2024\/07\/360_F_568198305_QNmh0dG9SBdkN9307LGaiwfv2NusB2u7.webp","contentUrl":"https:\/\/nuevo-renacer.com\/wp-content\/uploads\/2024\/07\/360_F_568198305_QNmh0dG9SBdkN9307LGaiwfv2NusB2u7.webp","width":540,"height":360},{"@type":"BreadcrumbList","@id":"https:\/\/nuevo-renacer.com\/me-puedo-reencarnar-en-un-animal-como-dicen-algunas-religiones\/#breadcrumb","itemListElement":[{"@type":"ListItem","position":1,"name":"Startseite","item":"https:\/\/nuevo-renacer.com\/"},{"@type":"ListItem","position":2,"name":"\u00bfMe puedo reencarnar en un animal como dicen algunas religiones?"}]},{"@type":"WebSite","@id":"https:\/\/nuevo-renacer.com\/#website","url":"https:\/\/nuevo-renacer.com\/","name":"Uni\u00f3n Esp\u00edrita","description":"Nuevo Renacer","publisher":{"@id":"https:\/\/nuevo-renacer.com\/#organization"},"potentialAction":[{"@type":"SearchAction","target":{"@type":"EntryPoint","urlTemplate":"https:\/\/nuevo-renacer.com\/?s={search_term_string}"},"query-input":{"@type":"PropertyValueSpecification","valueRequired":true,"valueName":"search_term_string"}}],"inLanguage":"pt-BR"},{"@type":"Organization","@id":"https:\/\/nuevo-renacer.com\/#organization","name":"UFEC","url":"https:\/\/nuevo-renacer.com\/","logo":{"@type":"ImageObject","inLanguage":"pt-BR","@id":"https:\/\/nuevo-renacer.com\/#\/schema\/logo\/image\/","url":"https:\/\/nuevo-renacer.com\/wp-content\/uploads\/2024\/05\/cropped-LOGO-TERMINADO1-3-3.png","contentUrl":"https:\/\/nuevo-renacer.com\/wp-content\/uploads\/2024\/05\/cropped-LOGO-TERMINADO1-3-3.png","width":512,"height":512,"caption":"UFEC"},"image":{"@id":"https:\/\/nuevo-renacer.com\/#\/schema\/logo\/image\/"},"sameAs":["https:\/\/www.facebook.com\/groups\/3431398063740829"]}]}},"uagb_featured_image_src":{"full":["https:\/\/nuevo-renacer.com\/wp-content\/uploads\/2024\/07\/360_F_568198305_QNmh0dG9SBdkN9307LGaiwfv2NusB2u7.webp",540,360,false],"thumbnail":["https:\/\/nuevo-renacer.com\/wp-content\/uploads\/2024\/07\/360_F_568198305_QNmh0dG9SBdkN9307LGaiwfv2NusB2u7-150x150.webp",150,150,true],"medium":["https:\/\/nuevo-renacer.com\/wp-content\/uploads\/2024\/07\/360_F_568198305_QNmh0dG9SBdkN9307LGaiwfv2NusB2u7-300x200.webp",300,200,true],"medium_large":["https:\/\/nuevo-renacer.com\/wp-content\/uploads\/2024\/07\/360_F_568198305_QNmh0dG9SBdkN9307LGaiwfv2NusB2u7.webp",540,360,false],"large":["https:\/\/nuevo-renacer.com\/wp-content\/uploads\/2024\/07\/360_F_568198305_QNmh0dG9SBdkN9307LGaiwfv2NusB2u7.webp",540,360,false],"1536x1536":["https:\/\/nuevo-renacer.com\/wp-content\/uploads\/2024\/07\/360_F_568198305_QNmh0dG9SBdkN9307LGaiwfv2NusB2u7.webp",540,360,false],"2048x2048":["https:\/\/nuevo-renacer.com\/wp-content\/uploads\/2024\/07\/360_F_568198305_QNmh0dG9SBdkN9307LGaiwfv2NusB2u7.webp",540,360,false],"trp-custom-language-flag":["https:\/\/nuevo-renacer.com\/wp-content\/uploads\/2024\/07\/360_F_568198305_QNmh0dG9SBdkN9307LGaiwfv2NusB2u7-18x12.webp",18,12,true]},"uagb_author_info":{"display_name":"adbv0","author_link":"https:\/\/nuevo-renacer.com\/pt\/author\/adbv0\/"},"uagb_comment_info":0,"uagb_excerpt":"\u00bfMe puedo reencarnar en un animal como dicen algunas religiones? \u00a1No!, \u00a1hay una ley progresiva!, y si bien nuestro Esp\u00edritu se ha elaborado en reinos inferiores, no volvemos a ellos. \u00abEl alma duerme en el mineral, sue\u00f1a en el vegetal, se mueve en el animal y despierta en el hombre\u00bb, dec\u00eda L\u00e9on Denis. El Libro&hellip;","jetpack_sharing_enabled":true,"_links":{"self":[{"href":"https:\/\/nuevo-renacer.com\/pt\/wp-json\/wp\/v2\/pages\/3781","targetHints":{"allow":["GET"]}}],"collection":[{"href":"https:\/\/nuevo-renacer.com\/pt\/wp-json\/wp\/v2\/pages"}],"about":[{"href":"https:\/\/nuevo-renacer.com\/pt\/wp-json\/wp\/v2\/types\/page"}],"author":[{"embeddable":true,"href":"https:\/\/nuevo-renacer.com\/pt\/wp-json\/wp\/v2\/users\/1"}],"replies":[{"embeddable":true,"href":"https:\/\/nuevo-renacer.com\/pt\/wp-json\/wp\/v2\/comments?post=3781"}],"version-history":[{"count":1,"href":"https:\/\/nuevo-renacer.com\/pt\/wp-json\/wp\/v2\/pages\/3781\/revisions"}],"predecessor-version":[{"id":3783,"href":"https:\/\/nuevo-renacer.com\/pt\/wp-json\/wp\/v2\/pages\/3781\/revisions\/3783"}],"wp:featuredmedia":[{"embeddable":true,"href":"https:\/\/nuevo-renacer.com\/pt\/wp-json\/wp\/v2\/media\/3782"}],"wp:attachment":[{"href":"https:\/\/nuevo-renacer.com\/pt\/wp-json\/wp\/v2\/media?parent=3781"}],"curies":[{"name":"wp","href":"https:\/\/api.w.org\/{rel}","templated":true}]}}