{"id":3768,"date":"2024-07-15T08:50:31","date_gmt":"2024-07-15T08:50:31","guid":{"rendered":"https:\/\/ufec-mundial.com\/?page_id=3768"},"modified":"2024-07-15T08:50:34","modified_gmt":"2024-07-15T08:50:34","slug":"es-lo-mismo-un-espirita-o-espiritista-que-un-medium","status":"publish","type":"page","link":"https:\/\/nuevo-renacer.com\/pt\/es-lo-mismo-un-espirita-o-espiritista-que-un-medium\/","title":{"rendered":"Um esp\u00edrita ou espiritista o mesmo que um m\u00e9dium?"},"content":{"rendered":"<div class=\"wp-block-uagb-container uagb-block-1ce28c1f alignfull uagb-is-root-container\"><div class=\"uagb-container-inner-blocks-wrap\">\n<p class=\"has-black-color has-text-color has-link-color has-medium-font-size wp-elements-9f965536128e81cfe8f793c50251a978\"><strong>Um esp\u00edrita ou espiritista o mesmo que um m\u00e9dium?<\/strong><\/p>\n<\/div><\/div>\n\n\n\n<div class=\"wp-block-uagb-container uagb-block-8b0f8686 alignfull uagb-is-root-container\"><div class=\"uagb-container-inner-blocks-wrap\">\n<figure class=\"wp-block-image size-full is-resized\"><img fetchpriority=\"high\" decoding=\"async\" width=\"1024\" height=\"1024\" src=\"https:\/\/ufec-mundial.com\/wp-content\/uploads\/2024\/07\/Imagen-destacada.jpeg\" alt=\"\" class=\"wp-image-3770\" style=\"width:396px;height:auto\" srcset=\"https:\/\/nuevo-renacer.com\/wp-content\/uploads\/2024\/07\/Imagen-destacada.jpeg 1024w, https:\/\/nuevo-renacer.com\/wp-content\/uploads\/2024\/07\/Imagen-destacada-150x150.jpeg 150w, https:\/\/nuevo-renacer.com\/wp-content\/uploads\/2024\/07\/Imagen-destacada-300x300.jpeg 300w, https:\/\/nuevo-renacer.com\/wp-content\/uploads\/2024\/07\/Imagen-destacada-768x768.jpeg 768w, https:\/\/nuevo-renacer.com\/wp-content\/uploads\/2024\/07\/Imagen-destacada-12x12.jpeg 12w\" sizes=\"(max-width: 1024px) 100vw, 1024px\" \/><\/figure>\n<\/div><\/div>\n\n\n\n<div class=\"wp-block-uagb-container uagb-block-0a5b272a alignfull uagb-is-root-container\"><div class=\"uagb-container-inner-blocks-wrap\">\n<p class=\"has-black-color has-text-color has-link-color has-small-font-size wp-elements-949401aa4e553e7eb3c0d151f096baa7\">N\u00e3o, m\u00e9dium \u00e9 todo aquele que tem a faculdade de se comunicar com os esp\u00edritos ou perceber a realidade espiritual. J\u00e1 o esp\u00edrita \u00e9 aquele que segue e estuda a filosofia esp\u00edrita e que pode ou n\u00e3o ser m\u00e9dium.<\/p>\n\n\n\n<p class=\"has-black-color has-text-color has-link-color has-small-font-size wp-elements-0271a5ce68eb277c26d2d696b48232c7\">O Espiritismo n\u00e3o faz de algu\u00e9m um m\u00e9dium, o que depende de condi\u00e7\u00f5es e predisposi\u00e7\u00f5es org\u00e2nicas. Nem o Espiritismo nem ningu\u00e9m pode fazer com que se desenvolva o que n\u00e3o se tem. Pode, no entanto, ajudar em sua eclos\u00e3o e desenvolvimento posterior. E \u00e9 especialmente nas informa\u00e7\u00f5es esp\u00edritas que podemos encontrar todos os elementos necess\u00e1rios para seu bom uso. H\u00e1 aqueles que se dizem esp\u00edritas quando querem dizer m\u00e9diuns, que se anunciam como tal e na realidade n\u00e3o sabem o significado da palavra esp\u00edrita ou o que ela implica. Geralmente s\u00e3o esses que, sem conhecimento e muitas vezes sem mediunidade de qualquer esp\u00e9cie, se aproveitam da ignor\u00e2ncia e da boa vontade das pessoas para obter lucro.<\/p>\n\n\n\n<p class=\"has-black-color has-text-color has-link-color has-small-font-size wp-elements-b1c97c93e541269e02fe0cc27ec00941\">Nem um verdadeiro esp\u00edrita nem um bom m\u00e9dium usar\u00e3o seu conhecimento ou suas faculdades para qualquer coisa que n\u00e3o seja ajuda desinteressada. Houve m\u00e9diuns em todas as \u00e9pocas da humanidade, mas n\u00e3o esp\u00edritas. Antes do Espiritismo, que surgiu em 1857 com a publica\u00e7\u00e3o de O Livro dos Esp\u00edritos, n\u00e3o podia haver esp\u00edritas, pois n\u00e3o existia o Espiritismo nem o termo esp\u00edrita.<\/p>\n\n\n\n<p class=\"has-black-color has-text-color has-link-color has-small-font-size wp-elements-859cdf9193fb3c84ee0869b5491f41c9\">Em conclus\u00e3o, pode haver esp\u00edritas que n\u00e3o sejam m\u00e9diuns? Sim, pode haver m\u00e9diuns que n\u00e3o sejam esp\u00edritas ou espiritistas? Evidentemente, mas \u00e9 dentro do conhecimento esp\u00edritas que se encontram as melhores diretrizes para orientar corretamente a mediunidade. Em suma, um m\u00e9dium que n\u00e3o conhece nem estudou o Espiritismo nunca deve ser chamado de esp\u00edrita.<\/p>\n<\/div><\/div>","protected":false},"excerpt":{"rendered":"<p>\u00bfEs lo mismo un esp\u00edrita o espiritista que un m\u00e9dium? No, m\u00e9dium es todo aquel que tiene la facultad de comunicaci\u00f3n con los esp\u00edritus o percibe la realidad espiritual. Mientras que esp\u00edrita o espiritista es el que sigue y estudia la filosof\u00eda esp\u00edrita y que puede o no ser m\u00e9dium. El Espiritismo no hace a [&hellip;]<\/p>","protected":false},"author":1,"featured_media":3770,"parent":0,"menu_order":0,"comment_status":"closed","ping_status":"closed","template":"","meta":{"_uag_custom_page_level_css":"","site-sidebar-layout":"default","site-content-layout":"","ast-site-content-layout":"default","site-content-style":"default","site-sidebar-style":"default","ast-global-header-display":"","ast-banner-title-visibility":"","ast-main-header-display":"","ast-hfb-above-header-display":"","ast-hfb-below-header-display":"","ast-hfb-mobile-header-display":"","site-post-title":"disabled","ast-breadcrumbs-content":"","ast-featured-img":"","footer-sml-layout":"","theme-transparent-header-meta":"","adv-header-id-meta":"","stick-header-meta":"","header-above-stick-meta":"","header-main-stick-meta":"","header-below-stick-meta":"","astra-migrate-meta-layouts":"set","ast-page-background-enabled":"default","ast-page-background-meta":{"desktop":{"background-color":"var(--ast-global-color-4)","background-image":"","background-repeat":"repeat","background-position":"center center","background-size":"auto","background-attachment":"scroll","background-type":"","background-media":"","overlay-type":"","overlay-color":"","overlay-opacity":"","overlay-gradient":""},"tablet":{"background-color":"","background-image":"","background-repeat":"repeat","background-position":"center center","background-size":"auto","background-attachment":"scroll","background-type":"","background-media":"","overlay-type":"","overlay-color":"","overlay-opacity":"","overlay-gradient":""},"mobile":{"background-color":"","background-image":"","background-repeat":"repeat","background-position":"center center","background-size":"auto","background-attachment":"scroll","background-type":"","background-media":"","overlay-type":"","overlay-color":"","overlay-opacity":"","overlay-gradient":""}},"ast-content-background-meta":{"desktop":{"background-color":"var(--ast-global-color-5)","background-image":"","background-repeat":"repeat","background-position":"center center","background-size":"auto","background-attachment":"scroll","background-type":"","background-media":"","overlay-type":"","overlay-color":"","overlay-opacity":"","overlay-gradient":""},"tablet":{"background-color":"var(--ast-global-color-5)","background-image":"","background-repeat":"repeat","background-position":"center center","background-size":"auto","background-attachment":"scroll","background-type":"","background-media":"","overlay-type":"","overlay-color":"","overlay-opacity":"","overlay-gradient":""},"mobile":{"background-color":"var(--ast-global-color-5)","background-image":"","background-repeat":"repeat","background-position":"center center","background-size":"auto","background-attachment":"scroll","background-type":"","background-media":"","overlay-type":"","overlay-color":"","overlay-opacity":"","overlay-gradient":""}},"footnotes":""},"class_list":["post-3768","page","type-page","status-publish","has-post-thumbnail","hentry"],"yoast_head":"<!-- This site is optimized with the Yoast SEO Premium plugin v24.2 (Yoast SEO v24.6) - https:\/\/yoast.com\/wordpress\/plugins\/seo\/ -->\n<title>\u00bfEs lo mismo un esp\u00edrita o espiritista que un m\u00e9dium? - Uni\u00f3n Esp\u00edrita<\/title>\n<meta name=\"robots\" content=\"index, follow, max-snippet:-1, max-image-preview:large, max-video-preview:-1\" \/>\n<link rel=\"canonical\" href=\"https:\/\/nuevo-renacer.com\/pt\/es-lo-mismo-un-espirita-o-espiritista-que-un-medium\/\" \/>\n<meta property=\"og:locale\" content=\"pt_BR\" \/>\n<meta property=\"og:type\" content=\"article\" \/>\n<meta property=\"og:title\" content=\"\u00bfEs lo mismo un esp\u00edrita o espiritista que un m\u00e9dium?\" \/>\n<meta property=\"og:description\" content=\"\u00bfEs lo mismo un esp\u00edrita o espiritista que un m\u00e9dium? No, m\u00e9dium es todo aquel que tiene la facultad de comunicaci\u00f3n con los esp\u00edritus o percibe la realidad espiritual. Mientras que esp\u00edrita o espiritista es el que sigue y estudia la filosof\u00eda esp\u00edrita y que puede o no ser m\u00e9dium. El Espiritismo no hace a [&hellip;]\" \/>\n<meta property=\"og:url\" content=\"https:\/\/nuevo-renacer.com\/pt\/es-lo-mismo-un-espirita-o-espiritista-que-un-medium\/\" \/>\n<meta property=\"og:site_name\" content=\"Uni\u00f3n Esp\u00edrita\" \/>\n<meta property=\"article:publisher\" content=\"https:\/\/www.facebook.com\/groups\/3431398063740829\" \/>\n<meta property=\"article:modified_time\" content=\"2024-07-15T08:50:34+00:00\" \/>\n<meta property=\"og:image\" content=\"https:\/\/nuevo-renacer.com\/wp-content\/uploads\/2024\/07\/Imagen-destacada.jpeg\" \/>\n\t<meta property=\"og:image:width\" content=\"1024\" \/>\n\t<meta property=\"og:image:height\" content=\"1024\" \/>\n\t<meta property=\"og:image:type\" content=\"image\/jpeg\" \/>\n<meta name=\"twitter:card\" content=\"summary_large_image\" \/>\n<meta name=\"twitter:label1\" content=\"Est. tempo de leitura\" \/>\n\t<meta name=\"twitter:data1\" content=\"2 minutos\" \/>\n<script type=\"application\/ld+json\" class=\"yoast-schema-graph\">{\"@context\":\"https:\/\/schema.org\",\"@graph\":[{\"@type\":\"WebPage\",\"@id\":\"https:\/\/nuevo-renacer.com\/es-lo-mismo-un-espirita-o-espiritista-que-un-medium\/\",\"url\":\"https:\/\/nuevo-renacer.com\/es-lo-mismo-un-espirita-o-espiritista-que-un-medium\/\",\"name\":\"\u00bfEs lo mismo un esp\u00edrita o espiritista que un m\u00e9dium? - Uni\u00f3n Esp\u00edrita\",\"isPartOf\":{\"@id\":\"https:\/\/nuevo-renacer.com\/#website\"},\"primaryImageOfPage\":{\"@id\":\"https:\/\/nuevo-renacer.com\/es-lo-mismo-un-espirita-o-espiritista-que-un-medium\/#primaryimage\"},\"image\":{\"@id\":\"https:\/\/nuevo-renacer.com\/es-lo-mismo-un-espirita-o-espiritista-que-un-medium\/#primaryimage\"},\"thumbnailUrl\":\"https:\/\/nuevo-renacer.com\/wp-content\/uploads\/2024\/07\/Imagen-destacada.jpeg\",\"datePublished\":\"2024-07-15T08:50:31+00:00\",\"dateModified\":\"2024-07-15T08:50:34+00:00\",\"breadcrumb\":{\"@id\":\"https:\/\/nuevo-renacer.com\/es-lo-mismo-un-espirita-o-espiritista-que-un-medium\/#breadcrumb\"},\"inLanguage\":\"pt-BR\",\"potentialAction\":[{\"@type\":\"ReadAction\",\"target\":[\"https:\/\/nuevo-renacer.com\/es-lo-mismo-un-espirita-o-espiritista-que-un-medium\/\"]}]},{\"@type\":\"ImageObject\",\"inLanguage\":\"pt-BR\",\"@id\":\"https:\/\/nuevo-renacer.com\/es-lo-mismo-un-espirita-o-espiritista-que-un-medium\/#primaryimage\",\"url\":\"https:\/\/nuevo-renacer.com\/wp-content\/uploads\/2024\/07\/Imagen-destacada.jpeg\",\"contentUrl\":\"https:\/\/nuevo-renacer.com\/wp-content\/uploads\/2024\/07\/Imagen-destacada.jpeg\",\"width\":1024,\"height\":1024},{\"@type\":\"BreadcrumbList\",\"@id\":\"https:\/\/nuevo-renacer.com\/es-lo-mismo-un-espirita-o-espiritista-que-un-medium\/#breadcrumb\",\"itemListElement\":[{\"@type\":\"ListItem\",\"position\":1,\"name\":\"Startseite\",\"item\":\"https:\/\/nuevo-renacer.com\/\"},{\"@type\":\"ListItem\",\"position\":2,\"name\":\"\u00bfEs lo mismo un esp\u00edrita o espiritista que un m\u00e9dium?\"}]},{\"@type\":\"WebSite\",\"@id\":\"https:\/\/nuevo-renacer.com\/#website\",\"url\":\"https:\/\/nuevo-renacer.com\/\",\"name\":\"Uni\u00f3n Esp\u00edrita\",\"description\":\"Nuevo Renacer\",\"publisher\":{\"@id\":\"https:\/\/nuevo-renacer.com\/#organization\"},\"potentialAction\":[{\"@type\":\"SearchAction\",\"target\":{\"@type\":\"EntryPoint\",\"urlTemplate\":\"https:\/\/nuevo-renacer.com\/?s={search_term_string}\"},\"query-input\":{\"@type\":\"PropertyValueSpecification\",\"valueRequired\":true,\"valueName\":\"search_term_string\"}}],\"inLanguage\":\"pt-BR\"},{\"@type\":\"Organization\",\"@id\":\"https:\/\/nuevo-renacer.com\/#organization\",\"name\":\"UFEC\",\"url\":\"https:\/\/nuevo-renacer.com\/\",\"logo\":{\"@type\":\"ImageObject\",\"inLanguage\":\"pt-BR\",\"@id\":\"https:\/\/nuevo-renacer.com\/#\/schema\/logo\/image\/\",\"url\":\"https:\/\/nuevo-renacer.com\/wp-content\/uploads\/2024\/05\/cropped-LOGO-TERMINADO1-3-3.png\",\"contentUrl\":\"https:\/\/nuevo-renacer.com\/wp-content\/uploads\/2024\/05\/cropped-LOGO-TERMINADO1-3-3.png\",\"width\":512,\"height\":512,\"caption\":\"UFEC\"},\"image\":{\"@id\":\"https:\/\/nuevo-renacer.com\/#\/schema\/logo\/image\/\"},\"sameAs\":[\"https:\/\/www.facebook.com\/groups\/3431398063740829\"]}]}<\/script>\n<!-- \/ Yoast SEO Premium plugin. -->","yoast_head_json":{"title":"\u00bfEs lo mismo un esp\u00edrita o espiritista que un m\u00e9dium? - Uni\u00f3n Esp\u00edrita","robots":{"index":"index","follow":"follow","max-snippet":"max-snippet:-1","max-image-preview":"max-image-preview:large","max-video-preview":"max-video-preview:-1"},"canonical":"https:\/\/nuevo-renacer.com\/pt\/es-lo-mismo-un-espirita-o-espiritista-que-un-medium\/","og_locale":"pt_BR","og_type":"article","og_title":"\u00bfEs lo mismo un esp\u00edrita o espiritista que un m\u00e9dium?","og_description":"\u00bfEs lo mismo un esp\u00edrita o espiritista que un m\u00e9dium? No, m\u00e9dium es todo aquel que tiene la facultad de comunicaci\u00f3n con los esp\u00edritus o percibe la realidad espiritual. Mientras que esp\u00edrita o espiritista es el que sigue y estudia la filosof\u00eda esp\u00edrita y que puede o no ser m\u00e9dium. El Espiritismo no hace a [&hellip;]","og_url":"https:\/\/nuevo-renacer.com\/pt\/es-lo-mismo-un-espirita-o-espiritista-que-un-medium\/","og_site_name":"Uni\u00f3n Esp\u00edrita","article_publisher":"https:\/\/www.facebook.com\/groups\/3431398063740829","article_modified_time":"2024-07-15T08:50:34+00:00","og_image":[{"width":1024,"height":1024,"url":"https:\/\/nuevo-renacer.com\/wp-content\/uploads\/2024\/07\/Imagen-destacada.jpeg","type":"image\/jpeg"}],"twitter_card":"summary_large_image","twitter_misc":{"Est. tempo de leitura":"2 minutos"},"schema":{"@context":"https:\/\/schema.org","@graph":[{"@type":"WebPage","@id":"https:\/\/nuevo-renacer.com\/es-lo-mismo-un-espirita-o-espiritista-que-un-medium\/","url":"https:\/\/nuevo-renacer.com\/es-lo-mismo-un-espirita-o-espiritista-que-un-medium\/","name":"\u00bfEs lo mismo un esp\u00edrita o espiritista que un m\u00e9dium? - Uni\u00f3n Esp\u00edrita","isPartOf":{"@id":"https:\/\/nuevo-renacer.com\/#website"},"primaryImageOfPage":{"@id":"https:\/\/nuevo-renacer.com\/es-lo-mismo-un-espirita-o-espiritista-que-un-medium\/#primaryimage"},"image":{"@id":"https:\/\/nuevo-renacer.com\/es-lo-mismo-un-espirita-o-espiritista-que-un-medium\/#primaryimage"},"thumbnailUrl":"https:\/\/nuevo-renacer.com\/wp-content\/uploads\/2024\/07\/Imagen-destacada.jpeg","datePublished":"2024-07-15T08:50:31+00:00","dateModified":"2024-07-15T08:50:34+00:00","breadcrumb":{"@id":"https:\/\/nuevo-renacer.com\/es-lo-mismo-un-espirita-o-espiritista-que-un-medium\/#breadcrumb"},"inLanguage":"pt-BR","potentialAction":[{"@type":"ReadAction","target":["https:\/\/nuevo-renacer.com\/es-lo-mismo-un-espirita-o-espiritista-que-un-medium\/"]}]},{"@type":"ImageObject","inLanguage":"pt-BR","@id":"https:\/\/nuevo-renacer.com\/es-lo-mismo-un-espirita-o-espiritista-que-un-medium\/#primaryimage","url":"https:\/\/nuevo-renacer.com\/wp-content\/uploads\/2024\/07\/Imagen-destacada.jpeg","contentUrl":"https:\/\/nuevo-renacer.com\/wp-content\/uploads\/2024\/07\/Imagen-destacada.jpeg","width":1024,"height":1024},{"@type":"BreadcrumbList","@id":"https:\/\/nuevo-renacer.com\/es-lo-mismo-un-espirita-o-espiritista-que-un-medium\/#breadcrumb","itemListElement":[{"@type":"ListItem","position":1,"name":"Startseite","item":"https:\/\/nuevo-renacer.com\/"},{"@type":"ListItem","position":2,"name":"\u00bfEs lo mismo un esp\u00edrita o espiritista que un m\u00e9dium?"}]},{"@type":"WebSite","@id":"https:\/\/nuevo-renacer.com\/#website","url":"https:\/\/nuevo-renacer.com\/","name":"Uni\u00f3n Esp\u00edrita","description":"Nuevo Renacer","publisher":{"@id":"https:\/\/nuevo-renacer.com\/#organization"},"potentialAction":[{"@type":"SearchAction","target":{"@type":"EntryPoint","urlTemplate":"https:\/\/nuevo-renacer.com\/?s={search_term_string}"},"query-input":{"@type":"PropertyValueSpecification","valueRequired":true,"valueName":"search_term_string"}}],"inLanguage":"pt-BR"},{"@type":"Organization","@id":"https:\/\/nuevo-renacer.com\/#organization","name":"UFEC","url":"https:\/\/nuevo-renacer.com\/","logo":{"@type":"ImageObject","inLanguage":"pt-BR","@id":"https:\/\/nuevo-renacer.com\/#\/schema\/logo\/image\/","url":"https:\/\/nuevo-renacer.com\/wp-content\/uploads\/2024\/05\/cropped-LOGO-TERMINADO1-3-3.png","contentUrl":"https:\/\/nuevo-renacer.com\/wp-content\/uploads\/2024\/05\/cropped-LOGO-TERMINADO1-3-3.png","width":512,"height":512,"caption":"UFEC"},"image":{"@id":"https:\/\/nuevo-renacer.com\/#\/schema\/logo\/image\/"},"sameAs":["https:\/\/www.facebook.com\/groups\/3431398063740829"]}]}},"uagb_featured_image_src":{"full":["https:\/\/nuevo-renacer.com\/wp-content\/uploads\/2024\/07\/Imagen-destacada.jpeg",1024,1024,false],"thumbnail":["https:\/\/nuevo-renacer.com\/wp-content\/uploads\/2024\/07\/Imagen-destacada-150x150.jpeg",150,150,true],"medium":["https:\/\/nuevo-renacer.com\/wp-content\/uploads\/2024\/07\/Imagen-destacada-300x300.jpeg",300,300,true],"medium_large":["https:\/\/nuevo-renacer.com\/wp-content\/uploads\/2024\/07\/Imagen-destacada-768x768.jpeg",768,768,true],"large":["https:\/\/nuevo-renacer.com\/wp-content\/uploads\/2024\/07\/Imagen-destacada.jpeg",1024,1024,false],"1536x1536":["https:\/\/nuevo-renacer.com\/wp-content\/uploads\/2024\/07\/Imagen-destacada.jpeg",1024,1024,false],"2048x2048":["https:\/\/nuevo-renacer.com\/wp-content\/uploads\/2024\/07\/Imagen-destacada.jpeg",1024,1024,false],"trp-custom-language-flag":["https:\/\/nuevo-renacer.com\/wp-content\/uploads\/2024\/07\/Imagen-destacada-12x12.jpeg",12,12,true]},"uagb_author_info":{"display_name":"adbv0","author_link":"https:\/\/nuevo-renacer.com\/pt\/author\/adbv0\/"},"uagb_comment_info":0,"uagb_excerpt":"\u00bfEs lo mismo un esp\u00edrita o espiritista que un m\u00e9dium? No, m\u00e9dium es todo aquel que tiene la facultad de comunicaci\u00f3n con los esp\u00edritus o percibe la realidad espiritual. Mientras que esp\u00edrita o espiritista es el que sigue y estudia la filosof\u00eda esp\u00edrita y que puede o no ser m\u00e9dium. El Espiritismo no hace a&hellip;","jetpack_sharing_enabled":true,"_links":{"self":[{"href":"https:\/\/nuevo-renacer.com\/pt\/wp-json\/wp\/v2\/pages\/3768","targetHints":{"allow":["GET"]}}],"collection":[{"href":"https:\/\/nuevo-renacer.com\/pt\/wp-json\/wp\/v2\/pages"}],"about":[{"href":"https:\/\/nuevo-renacer.com\/pt\/wp-json\/wp\/v2\/types\/page"}],"author":[{"embeddable":true,"href":"https:\/\/nuevo-renacer.com\/pt\/wp-json\/wp\/v2\/users\/1"}],"replies":[{"embeddable":true,"href":"https:\/\/nuevo-renacer.com\/pt\/wp-json\/wp\/v2\/comments?post=3768"}],"version-history":[{"count":1,"href":"https:\/\/nuevo-renacer.com\/pt\/wp-json\/wp\/v2\/pages\/3768\/revisions"}],"predecessor-version":[{"id":3772,"href":"https:\/\/nuevo-renacer.com\/pt\/wp-json\/wp\/v2\/pages\/3768\/revisions\/3772"}],"wp:featuredmedia":[{"embeddable":true,"href":"https:\/\/nuevo-renacer.com\/pt\/wp-json\/wp\/v2\/media\/3770"}],"wp:attachment":[{"href":"https:\/\/nuevo-renacer.com\/pt\/wp-json\/wp\/v2\/media?parent=3768"}],"curies":[{"name":"wp","href":"https:\/\/api.w.org\/{rel}","templated":true}]}}