{"id":3756,"date":"2024-07-15T06:27:23","date_gmt":"2024-07-15T06:27:23","guid":{"rendered":"https:\/\/ufec-mundial.com\/?page_id=3756"},"modified":"2025-10-21T12:56:21","modified_gmt":"2025-10-21T12:56:21","slug":"la-mision-del-espiritismo","status":"publish","type":"page","link":"https:\/\/nuevo-renacer.com\/pt\/la-mision-del-espiritismo\/","title":{"rendered":"A Miss\u00e3o do Espiritismo"},"content":{"rendered":"<div class=\"wp-block-uagb-container uagb-block-a7795f3e alignfull uagb-is-root-container\"><div class=\"uagb-container-inner-blocks-wrap\">\n<p class=\"has-black-color has-text-color has-link-color has-medium-font-size wp-elements-fd0895642d0e4522e12e435239940f82\"><strong>A Miss\u00e3o do Espiritismo<\/strong><\/p>\n<\/div><\/div>\n\n\n\n<div class=\"wp-block-uagb-container uagb-block-dff6aeec alignfull uagb-is-root-container\"><div class=\"uagb-container-inner-blocks-wrap\">\n<figure class=\"wp-block-image size-full is-resized\"><img fetchpriority=\"high\" decoding=\"async\" width=\"1000\" height=\"500\" src=\"https:\/\/nuevo-renacer.com\/wp-content\/uploads\/2024\/07\/1000_F_144195189_OrmBsEtnJ5fyODQgeqEpfmisrwOGasIo.jpg\" alt=\"\" class=\"wp-image-3757\" style=\"width:380px;height:auto\" srcset=\"https:\/\/nuevo-renacer.com\/wp-content\/uploads\/2024\/07\/1000_F_144195189_OrmBsEtnJ5fyODQgeqEpfmisrwOGasIo.jpg 1000w, https:\/\/nuevo-renacer.com\/wp-content\/uploads\/2024\/07\/1000_F_144195189_OrmBsEtnJ5fyODQgeqEpfmisrwOGasIo-300x150.jpg 300w, https:\/\/nuevo-renacer.com\/wp-content\/uploads\/2024\/07\/1000_F_144195189_OrmBsEtnJ5fyODQgeqEpfmisrwOGasIo-768x384.jpg 768w, https:\/\/nuevo-renacer.com\/wp-content\/uploads\/2024\/07\/1000_F_144195189_OrmBsEtnJ5fyODQgeqEpfmisrwOGasIo-18x9.jpg 18w\" sizes=\"(max-width: 1000px) 100vw, 1000px\" \/><\/figure>\n<\/div><\/div>\n\n\n\n<div class=\"wp-block-uagb-container uagb-block-75f2cbc2 alignfull uagb-is-root-container\"><div class=\"uagb-container-inner-blocks-wrap\">\n<p class=\"has-black-color has-text-color has-link-color has-small-font-size wp-elements-017afeb0be65d2ca0fe86fd7446c8779\">O Espiritismo n\u00e3o vem para derrubar nenhum templo, nem para conquistar um a um os fi\u00e9is do catolicismo; porque ent\u00e3o faria o mesmo que as outras religi\u00f5es, que disputam santos e lendas milagrosas; canonarias e prebendas; contos e tradi\u00e7\u00f5es. Ah! N\u00e3o; est\u00e1 muito longe disso; pois a Escola Esp\u00edrita \u00e9 muito racionalista e n\u00e3o quer o retrocesso; sonha com o progresso, com a reden\u00e7\u00e3o humana; acredita que o ontem, o amanh\u00e3 e o presente s\u00e3o todos um s\u00f3; e que n\u00e3o h\u00e1 homem cuja aspira\u00e7\u00e3o seja v\u00e3.<\/p>\n\n\n\n<p class=\"has-black-color has-text-color has-link-color has-small-font-size wp-elements-677ccdf870bebf369590bf992a5be1a6\">Todos podem ascender e ir para os c\u00e9us, sendo o futuro do homem e da mulher igual, eles acreditam que querer \u00e9 poder, que uma vontade firme, indo atr\u00e1s da verdade e acalentando um grande desejo, faz com que um gigante pigmeu anseie por sua liberdade. Essa \u00e9 a nobre miss\u00e3o do Espiritismo, dizer ao homem: voc\u00ea mesmo far\u00e1 sua pr\u00f3pria reden\u00e7\u00e3o.<\/p>\n\n\n\n<p class=\"has-black-color has-text-color has-link-color has-small-font-size wp-elements-57c1c039753828b092770ca4cf8048e7\">N\u00e3o h\u00e1 religi\u00e3o que possa redimi-lo; voc\u00ea precisa cultivar sua pr\u00f3pria terra e, somente sendo muito bom, ter\u00e1 um bom futuro. \u00c9 in\u00fatil distribuir seus bens entre os santos, pois as ora\u00e7\u00f5es celestiais deles n\u00e3o s\u00e3o suficientes para os bens. Ent\u00e3o, voc\u00ea deve continuar conquistando os c\u00e9us, prodigalizando suas consola\u00e7\u00f5es aos infelizes aflitos e dando aos desamparados seus cuidados compassivos.<\/p>\n\n\n\n<p class=\"has-black-color has-text-color has-link-color has-small-font-size wp-elements-87ac4c46aec24203787c7ac5d0d01b6f\">Voc\u00ea gastaria sua riqueza para erguer um santu\u00e1rio? Ah!... pois \u00e9 mais necess\u00e1rio que voc\u00ea esteja atento \u00e0 pobreza. O povo faminto n\u00e3o reza, exercita sua ociosidade buscando na dinamite os horrores da destrui\u00e7\u00e3o; aquele que pela for\u00e7a \u00e9 pregui\u00e7oso, medita apenas no crime. Proteja a agricultura, crie fazendas-modelo e torne frut\u00edfero o solo duro que o bom arado esmaga; depois, olhando para o alto atrav\u00e9s de poderosos telesc\u00f3pios, pergunte a si mesmo o que sente l\u00e1, onde sua alma se eleva mais alto, se em uma caverna triste ou diante de mundos espl\u00eandidos.<\/p>\n\n\n\n<p class=\"has-black-color has-text-color has-link-color has-small-font-size wp-elements-6f7f551c978cf05f595cb9bcff5a2b8c\">N\u00e3o distribua sua riqueza, mas torne-a produtiva, e voc\u00ea resgatar\u00e1 os cativos das inf\u00e2mias sociais. Grandes males os afligem, mas nenhuma religi\u00e3o lhes dar\u00e1 a salva\u00e7\u00e3o, nem o ate\u00edsmo; somente o Espiritualismo dar\u00e1 a solu\u00e7\u00e3o. Ao grande problema social, o descontentamento de todos; que todos, como b\u00eabados em uma bacanal impura, fazem o mal pelo mal, vivem... sem saber como viver, descendo... querem subir, fugindo... querem chegar; que caminho de del\u00edrio e que caminho de sofrimento!...<\/p>\n\n\n\n<p class=\"has-black-color has-text-color has-link-color has-small-font-size wp-elements-a586c264fca89221e8fdbc43f99a7a7b\">Os ricos temem os pobres, acreditando que um dia os pobres dir\u00e3o com feroz ironia: n\u00e3o me d\u00ea, n\u00e3o, o que voc\u00ea tem de sobra, eu quero o seu ouro e n\u00e3o o seu cobre, \u00e9 isso que eu quero na minha ira, porque voc\u00ea me manteve no abandono por muito tempo por causa da minha maldade; se voc\u00ea n\u00e3o me der o que eu lhe pe\u00e7o, trema... porque eu n\u00e3o vou perdo\u00e1-lo.<\/p>\n\n\n\n<p class=\"has-black-color has-text-color has-link-color has-small-font-size wp-elements-75f589143de9d17e81b2d20b4f16b7b1\">E com que tristeza o homem pobre v\u00ea o homem rico passar em sua carruagem reclinada, insultando sua pobreza... A partir desse desn\u00edvel, a tempestade come\u00e7a a surgir, e a humanidade vive em meio ao engano e \u00e0 perf\u00eddia, em meio ao ressentimento e \u00e0 inveja, em uma escurid\u00e3o horr\u00edvel. Para esse mal (que \u00e9 antigo), n\u00e3o h\u00e1 rem\u00e9dio na terra; a guerra \u00e9 o rem\u00e9dio usual, mas esse rem\u00e9dio \u00e9 antigo.<\/p>\n\n\n\n<p class=\"has-black-color has-text-color has-link-color has-small-font-size wp-elements-2399af92d1fd287fba323efa83c1043b\">Mais do que armas, voc\u00eas, terr\u00e1queos, precisam de bons conselhos; precisam saber por que seus males os oprimem com seu peso e como o progresso vence nas lutas sociais. Pois o Espiritismo vem lhes revelar o caminho do progresso e da reden\u00e7\u00e3o. Sem que nenhum fanatismo venha perturbar a mente, sem que a f\u00e9 do crente roube \u00e0 raz\u00e3o o seu imp\u00e9rio, sem que nenhum mist\u00e9rio miraculoso venha amea\u00e7ar o seu bom senso.<\/p>\n\n\n\n<p class=\"has-black-color has-text-color has-link-color has-small-font-size wp-elements-67be3304cb9c6e571ee77e0846305944\">Um estudo fundamentado de uma filosofia s\u00f3lida, um exame di\u00e1rio do presente e do passado. Toda a\u00e7\u00e3o realizada tem suas conseq\u00fc\u00eancias, e assim voc\u00ea pode colher os frutos que deseja, dos quais crimes que voc\u00ea semeia, ter\u00e1 que prestar contas. Aqueles de voc\u00eas que, em santa abnega\u00e7\u00e3o, v\u00e3o at\u00e9 o ponto do sacrif\u00edcio e afastam do precip\u00edcio a terr\u00edvel tenta\u00e7\u00e3o, que, em louca obstina\u00e7\u00e3o, procuraria por meio da viol\u00eancia encontrar o que n\u00e3o pode encontrar (porque nunca semeou o bem), servindo como seu apoio, quanto progresso podem fazer!<\/p>\n\n\n\n<p class=\"has-black-color has-text-color has-link-color has-small-font-size wp-elements-f1cf640f962f2f7676f4bd8fee4349a0\">Como semear, como colher, esta \u00e9 a vida; n\u00e3o h\u00e1 mais nada; ao seu passo, voc\u00ea encontrar\u00e1 o que fez em outra data. Voc\u00ea suspeitou? A suspeita seguir\u00e1 seus passos. Voc\u00ea caluniou? Por sofrer, voc\u00ea sofrer\u00e1 cal\u00fania de outro; cada um forma o potro no qual vive ao morrer. N\u00e3o \u00e9 uma \u00fanica exist\u00eancia em que a alma vacila, seu organismo \u00e9 aniquilado, mas n\u00e3o sua intelig\u00eancia, que, adquirindo experi\u00eancia, est\u00e1 encarnando, e \u00e0s civiliza\u00e7\u00f5es est\u00e1 prestando sua assist\u00eancia, e trabalhando e lutando est\u00e1 vencendo suas paix\u00f5es.<\/p>\n\n\n\n<p class=\"has-black-color has-text-color has-link-color has-small-font-size wp-elements-53d47d82a52634da4c38040556cfaa63\">Esta \u00e9 a verdade, esta \u00e9 a verdade, Redimindo a si mesmo! Este \u00e9 o Espiritismo, Porto da humanidade! Esta \u00e9 a bela igualdade com que todos sonharam; mas todos deliraram, porque em seus sonhos n\u00e3o viram que aqueles que lutaram para viver nunca foram iguais. Eis a nobre miss\u00e3o do Espiritismo: dizer ao homem: voc\u00ea mesmo alcan\u00e7ar\u00e1 sua reden\u00e7\u00e3o; nenhuma religi\u00e3o, nenhuma mudan\u00e7a social tirar\u00e1 de seu mal, nem um \u00e1tomo de seu peso; seu progresso \u00e9 sua pr\u00f3pria obra, e progresso universal!<\/p>\n\n\n\n<p class=\"has-black-color has-text-color has-link-color has-small-font-size wp-elements-d6d30a24092b9316abe9fff8f5eb81d9\"><em>Amalia Domingo Soler<\/em><\/p>\n<\/div><\/div>","protected":false},"excerpt":{"rendered":"<p>La Misi\u00f3n del Espiritismo No viene el Espiritismo a derribar templo alguno, ni a conquistar uno a uno fieles del catolicismo; que entonces har\u00eda lo mismo que las dem\u00e1s religiones, que se disputan santones y milagrosas leyendas; canonj\u00edas y prebendas; cuentos y tradiciones. \u00a1Ah! No; est\u00e1 muy lejos de eso; porque la Escuela Espiritista, es [&hellip;]<\/p>","protected":false},"author":1,"featured_media":3757,"parent":0,"menu_order":0,"comment_status":"closed","ping_status":"closed","template":"","meta":{"_uag_custom_page_level_css":"","site-sidebar-layout":"default","site-content-layout":"","ast-site-content-layout":"default","site-content-style":"default","site-sidebar-style":"default","ast-global-header-display":"","ast-banner-title-visibility":"","ast-main-header-display":"","ast-hfb-above-header-display":"","ast-hfb-below-header-display":"","ast-hfb-mobile-header-display":"","site-post-title":"disabled","ast-breadcrumbs-content":"","ast-featured-img":"","footer-sml-layout":"","theme-transparent-header-meta":"","adv-header-id-meta":"","stick-header-meta":"","header-above-stick-meta":"","header-main-stick-meta":"","header-below-stick-meta":"","astra-migrate-meta-layouts":"set","ast-page-background-enabled":"default","ast-page-background-meta":{"desktop":{"background-color":"var(--ast-global-color-4)","background-image":"","background-repeat":"repeat","background-position":"center center","background-size":"auto","background-attachment":"scroll","background-type":"","background-media":"","overlay-type":"","overlay-color":"","overlay-opacity":"","overlay-gradient":""},"tablet":{"background-color":"","background-image":"","background-repeat":"repeat","background-position":"center center","background-size":"auto","background-attachment":"scroll","background-type":"","background-media":"","overlay-type":"","overlay-color":"","overlay-opacity":"","overlay-gradient":""},"mobile":{"background-color":"","background-image":"","background-repeat":"repeat","background-position":"center center","background-size":"auto","background-attachment":"scroll","background-type":"","background-media":"","overlay-type":"","overlay-color":"","overlay-opacity":"","overlay-gradient":""}},"ast-content-background-meta":{"desktop":{"background-color":"var(--ast-global-color-5)","background-image":"","background-repeat":"repeat","background-position":"center center","background-size":"auto","background-attachment":"scroll","background-type":"","background-media":"","overlay-type":"","overlay-color":"","overlay-opacity":"","overlay-gradient":""},"tablet":{"background-color":"var(--ast-global-color-5)","background-image":"","background-repeat":"repeat","background-position":"center center","background-size":"auto","background-attachment":"scroll","background-type":"","background-media":"","overlay-type":"","overlay-color":"","overlay-opacity":"","overlay-gradient":""},"mobile":{"background-color":"var(--ast-global-color-5)","background-image":"","background-repeat":"repeat","background-position":"center center","background-size":"auto","background-attachment":"scroll","background-type":"","background-media":"","overlay-type":"","overlay-color":"","overlay-opacity":"","overlay-gradient":""}},"footnotes":""},"class_list":["post-3756","page","type-page","status-publish","has-post-thumbnail","hentry"],"yoast_head":"<!-- This site is optimized with the Yoast SEO Premium plugin v24.2 (Yoast SEO v24.6) - https:\/\/yoast.com\/wordpress\/plugins\/seo\/ -->\n<title>La Misi\u00f3n del Espiritismo - Uni\u00f3n Esp\u00edrita<\/title>\n<meta name=\"robots\" content=\"index, follow, max-snippet:-1, max-image-preview:large, max-video-preview:-1\" \/>\n<link rel=\"canonical\" href=\"https:\/\/nuevo-renacer.com\/pt\/la-mision-del-espiritismo\/\" \/>\n<meta property=\"og:locale\" content=\"pt_BR\" \/>\n<meta property=\"og:type\" content=\"article\" \/>\n<meta property=\"og:title\" content=\"La Misi\u00f3n del Espiritismo\" \/>\n<meta property=\"og:description\" content=\"La Misi\u00f3n del Espiritismo No viene el Espiritismo a derribar templo alguno, ni a conquistar uno a uno fieles del catolicismo; que entonces har\u00eda lo mismo que las dem\u00e1s religiones, que se disputan santones y milagrosas leyendas; canonj\u00edas y prebendas; cuentos y tradiciones. \u00a1Ah! No; est\u00e1 muy lejos de eso; porque la Escuela Espiritista, es [&hellip;]\" \/>\n<meta property=\"og:url\" content=\"https:\/\/nuevo-renacer.com\/pt\/la-mision-del-espiritismo\/\" \/>\n<meta property=\"og:site_name\" content=\"Uni\u00f3n Esp\u00edrita\" \/>\n<meta property=\"article:publisher\" content=\"https:\/\/www.facebook.com\/groups\/3431398063740829\" \/>\n<meta property=\"article:modified_time\" content=\"2025-10-21T12:56:21+00:00\" \/>\n<meta property=\"og:image\" content=\"https:\/\/nuevo-renacer.com\/wp-content\/uploads\/2024\/07\/1000_F_144195189_OrmBsEtnJ5fyODQgeqEpfmisrwOGasIo.jpg\" \/>\n\t<meta property=\"og:image:width\" content=\"1000\" \/>\n\t<meta property=\"og:image:height\" content=\"500\" \/>\n\t<meta property=\"og:image:type\" content=\"image\/jpeg\" \/>\n<meta name=\"twitter:card\" content=\"summary_large_image\" \/>\n<meta name=\"twitter:label1\" content=\"Est. tempo de leitura\" \/>\n\t<meta name=\"twitter:data1\" content=\"6 minutos\" \/>\n<script type=\"application\/ld+json\" class=\"yoast-schema-graph\">{\"@context\":\"https:\/\/schema.org\",\"@graph\":[{\"@type\":\"WebPage\",\"@id\":\"https:\/\/nuevo-renacer.com\/la-mision-del-espiritismo\/\",\"url\":\"https:\/\/nuevo-renacer.com\/la-mision-del-espiritismo\/\",\"name\":\"La Misi\u00f3n del Espiritismo - Uni\u00f3n Esp\u00edrita\",\"isPartOf\":{\"@id\":\"https:\/\/nuevo-renacer.com\/#website\"},\"primaryImageOfPage\":{\"@id\":\"https:\/\/nuevo-renacer.com\/la-mision-del-espiritismo\/#primaryimage\"},\"image\":{\"@id\":\"https:\/\/nuevo-renacer.com\/la-mision-del-espiritismo\/#primaryimage\"},\"thumbnailUrl\":\"https:\/\/nuevo-renacer.com\/wp-content\/uploads\/2024\/07\/1000_F_144195189_OrmBsEtnJ5fyODQgeqEpfmisrwOGasIo.jpg\",\"datePublished\":\"2024-07-15T06:27:23+00:00\",\"dateModified\":\"2025-10-21T12:56:21+00:00\",\"breadcrumb\":{\"@id\":\"https:\/\/nuevo-renacer.com\/la-mision-del-espiritismo\/#breadcrumb\"},\"inLanguage\":\"pt-BR\",\"potentialAction\":[{\"@type\":\"ReadAction\",\"target\":[\"https:\/\/nuevo-renacer.com\/la-mision-del-espiritismo\/\"]}]},{\"@type\":\"ImageObject\",\"inLanguage\":\"pt-BR\",\"@id\":\"https:\/\/nuevo-renacer.com\/la-mision-del-espiritismo\/#primaryimage\",\"url\":\"https:\/\/nuevo-renacer.com\/wp-content\/uploads\/2024\/07\/1000_F_144195189_OrmBsEtnJ5fyODQgeqEpfmisrwOGasIo.jpg\",\"contentUrl\":\"https:\/\/nuevo-renacer.com\/wp-content\/uploads\/2024\/07\/1000_F_144195189_OrmBsEtnJ5fyODQgeqEpfmisrwOGasIo.jpg\",\"width\":1000,\"height\":500},{\"@type\":\"BreadcrumbList\",\"@id\":\"https:\/\/nuevo-renacer.com\/la-mision-del-espiritismo\/#breadcrumb\",\"itemListElement\":[{\"@type\":\"ListItem\",\"position\":1,\"name\":\"Startseite\",\"item\":\"https:\/\/nuevo-renacer.com\/\"},{\"@type\":\"ListItem\",\"position\":2,\"name\":\"La Misi\u00f3n del Espiritismo\"}]},{\"@type\":\"WebSite\",\"@id\":\"https:\/\/nuevo-renacer.com\/#website\",\"url\":\"https:\/\/nuevo-renacer.com\/\",\"name\":\"Uni\u00f3n Esp\u00edrita\",\"description\":\"Nuevo Renacer\",\"publisher\":{\"@id\":\"https:\/\/nuevo-renacer.com\/#organization\"},\"potentialAction\":[{\"@type\":\"SearchAction\",\"target\":{\"@type\":\"EntryPoint\",\"urlTemplate\":\"https:\/\/nuevo-renacer.com\/?s={search_term_string}\"},\"query-input\":{\"@type\":\"PropertyValueSpecification\",\"valueRequired\":true,\"valueName\":\"search_term_string\"}}],\"inLanguage\":\"pt-BR\"},{\"@type\":\"Organization\",\"@id\":\"https:\/\/nuevo-renacer.com\/#organization\",\"name\":\"UFEC\",\"url\":\"https:\/\/nuevo-renacer.com\/\",\"logo\":{\"@type\":\"ImageObject\",\"inLanguage\":\"pt-BR\",\"@id\":\"https:\/\/nuevo-renacer.com\/#\/schema\/logo\/image\/\",\"url\":\"https:\/\/nuevo-renacer.com\/wp-content\/uploads\/2024\/05\/cropped-LOGO-TERMINADO1-3-3.png\",\"contentUrl\":\"https:\/\/nuevo-renacer.com\/wp-content\/uploads\/2024\/05\/cropped-LOGO-TERMINADO1-3-3.png\",\"width\":512,\"height\":512,\"caption\":\"UFEC\"},\"image\":{\"@id\":\"https:\/\/nuevo-renacer.com\/#\/schema\/logo\/image\/\"},\"sameAs\":[\"https:\/\/www.facebook.com\/groups\/3431398063740829\"]}]}<\/script>\n<!-- \/ Yoast SEO Premium plugin. -->","yoast_head_json":{"title":"La Misi\u00f3n del Espiritismo - Uni\u00f3n Esp\u00edrita","robots":{"index":"index","follow":"follow","max-snippet":"max-snippet:-1","max-image-preview":"max-image-preview:large","max-video-preview":"max-video-preview:-1"},"canonical":"https:\/\/nuevo-renacer.com\/pt\/la-mision-del-espiritismo\/","og_locale":"pt_BR","og_type":"article","og_title":"La Misi\u00f3n del Espiritismo","og_description":"La Misi\u00f3n del Espiritismo No viene el Espiritismo a derribar templo alguno, ni a conquistar uno a uno fieles del catolicismo; que entonces har\u00eda lo mismo que las dem\u00e1s religiones, que se disputan santones y milagrosas leyendas; canonj\u00edas y prebendas; cuentos y tradiciones. \u00a1Ah! No; est\u00e1 muy lejos de eso; porque la Escuela Espiritista, es [&hellip;]","og_url":"https:\/\/nuevo-renacer.com\/pt\/la-mision-del-espiritismo\/","og_site_name":"Uni\u00f3n Esp\u00edrita","article_publisher":"https:\/\/www.facebook.com\/groups\/3431398063740829","article_modified_time":"2025-10-21T12:56:21+00:00","og_image":[{"width":1000,"height":500,"url":"https:\/\/nuevo-renacer.com\/wp-content\/uploads\/2024\/07\/1000_F_144195189_OrmBsEtnJ5fyODQgeqEpfmisrwOGasIo.jpg","type":"image\/jpeg"}],"twitter_card":"summary_large_image","twitter_misc":{"Est. tempo de leitura":"6 minutos"},"schema":{"@context":"https:\/\/schema.org","@graph":[{"@type":"WebPage","@id":"https:\/\/nuevo-renacer.com\/la-mision-del-espiritismo\/","url":"https:\/\/nuevo-renacer.com\/la-mision-del-espiritismo\/","name":"La Misi\u00f3n del Espiritismo - Uni\u00f3n Esp\u00edrita","isPartOf":{"@id":"https:\/\/nuevo-renacer.com\/#website"},"primaryImageOfPage":{"@id":"https:\/\/nuevo-renacer.com\/la-mision-del-espiritismo\/#primaryimage"},"image":{"@id":"https:\/\/nuevo-renacer.com\/la-mision-del-espiritismo\/#primaryimage"},"thumbnailUrl":"https:\/\/nuevo-renacer.com\/wp-content\/uploads\/2024\/07\/1000_F_144195189_OrmBsEtnJ5fyODQgeqEpfmisrwOGasIo.jpg","datePublished":"2024-07-15T06:27:23+00:00","dateModified":"2025-10-21T12:56:21+00:00","breadcrumb":{"@id":"https:\/\/nuevo-renacer.com\/la-mision-del-espiritismo\/#breadcrumb"},"inLanguage":"pt-BR","potentialAction":[{"@type":"ReadAction","target":["https:\/\/nuevo-renacer.com\/la-mision-del-espiritismo\/"]}]},{"@type":"ImageObject","inLanguage":"pt-BR","@id":"https:\/\/nuevo-renacer.com\/la-mision-del-espiritismo\/#primaryimage","url":"https:\/\/nuevo-renacer.com\/wp-content\/uploads\/2024\/07\/1000_F_144195189_OrmBsEtnJ5fyODQgeqEpfmisrwOGasIo.jpg","contentUrl":"https:\/\/nuevo-renacer.com\/wp-content\/uploads\/2024\/07\/1000_F_144195189_OrmBsEtnJ5fyODQgeqEpfmisrwOGasIo.jpg","width":1000,"height":500},{"@type":"BreadcrumbList","@id":"https:\/\/nuevo-renacer.com\/la-mision-del-espiritismo\/#breadcrumb","itemListElement":[{"@type":"ListItem","position":1,"name":"Startseite","item":"https:\/\/nuevo-renacer.com\/"},{"@type":"ListItem","position":2,"name":"La Misi\u00f3n del Espiritismo"}]},{"@type":"WebSite","@id":"https:\/\/nuevo-renacer.com\/#website","url":"https:\/\/nuevo-renacer.com\/","name":"Uni\u00f3n Esp\u00edrita","description":"Nuevo Renacer","publisher":{"@id":"https:\/\/nuevo-renacer.com\/#organization"},"potentialAction":[{"@type":"SearchAction","target":{"@type":"EntryPoint","urlTemplate":"https:\/\/nuevo-renacer.com\/?s={search_term_string}"},"query-input":{"@type":"PropertyValueSpecification","valueRequired":true,"valueName":"search_term_string"}}],"inLanguage":"pt-BR"},{"@type":"Organization","@id":"https:\/\/nuevo-renacer.com\/#organization","name":"UFEC","url":"https:\/\/nuevo-renacer.com\/","logo":{"@type":"ImageObject","inLanguage":"pt-BR","@id":"https:\/\/nuevo-renacer.com\/#\/schema\/logo\/image\/","url":"https:\/\/nuevo-renacer.com\/wp-content\/uploads\/2024\/05\/cropped-LOGO-TERMINADO1-3-3.png","contentUrl":"https:\/\/nuevo-renacer.com\/wp-content\/uploads\/2024\/05\/cropped-LOGO-TERMINADO1-3-3.png","width":512,"height":512,"caption":"UFEC"},"image":{"@id":"https:\/\/nuevo-renacer.com\/#\/schema\/logo\/image\/"},"sameAs":["https:\/\/www.facebook.com\/groups\/3431398063740829"]}]}},"uagb_featured_image_src":{"full":["https:\/\/nuevo-renacer.com\/wp-content\/uploads\/2024\/07\/1000_F_144195189_OrmBsEtnJ5fyODQgeqEpfmisrwOGasIo.jpg",1000,500,false],"thumbnail":["https:\/\/nuevo-renacer.com\/wp-content\/uploads\/2024\/07\/1000_F_144195189_OrmBsEtnJ5fyODQgeqEpfmisrwOGasIo-150x150.jpg",150,150,true],"medium":["https:\/\/nuevo-renacer.com\/wp-content\/uploads\/2024\/07\/1000_F_144195189_OrmBsEtnJ5fyODQgeqEpfmisrwOGasIo-300x150.jpg",300,150,true],"medium_large":["https:\/\/nuevo-renacer.com\/wp-content\/uploads\/2024\/07\/1000_F_144195189_OrmBsEtnJ5fyODQgeqEpfmisrwOGasIo-768x384.jpg",768,384,true],"large":["https:\/\/nuevo-renacer.com\/wp-content\/uploads\/2024\/07\/1000_F_144195189_OrmBsEtnJ5fyODQgeqEpfmisrwOGasIo.jpg",1000,500,false],"1536x1536":["https:\/\/nuevo-renacer.com\/wp-content\/uploads\/2024\/07\/1000_F_144195189_OrmBsEtnJ5fyODQgeqEpfmisrwOGasIo.jpg",1000,500,false],"2048x2048":["https:\/\/nuevo-renacer.com\/wp-content\/uploads\/2024\/07\/1000_F_144195189_OrmBsEtnJ5fyODQgeqEpfmisrwOGasIo.jpg",1000,500,false],"trp-custom-language-flag":["https:\/\/nuevo-renacer.com\/wp-content\/uploads\/2024\/07\/1000_F_144195189_OrmBsEtnJ5fyODQgeqEpfmisrwOGasIo-18x9.jpg",18,9,true]},"uagb_author_info":{"display_name":"adbv0","author_link":"https:\/\/nuevo-renacer.com\/pt\/author\/adbv0\/"},"uagb_comment_info":0,"uagb_excerpt":"La Misi\u00f3n del Espiritismo No viene el Espiritismo a derribar templo alguno, ni a conquistar uno a uno fieles del catolicismo; que entonces har\u00eda lo mismo que las dem\u00e1s religiones, que se disputan santones y milagrosas leyendas; canonj\u00edas y prebendas; cuentos y tradiciones. \u00a1Ah! No; est\u00e1 muy lejos de eso; porque la Escuela Espiritista, es&hellip;","jetpack_sharing_enabled":true,"_links":{"self":[{"href":"https:\/\/nuevo-renacer.com\/pt\/wp-json\/wp\/v2\/pages\/3756","targetHints":{"allow":["GET"]}}],"collection":[{"href":"https:\/\/nuevo-renacer.com\/pt\/wp-json\/wp\/v2\/pages"}],"about":[{"href":"https:\/\/nuevo-renacer.com\/pt\/wp-json\/wp\/v2\/types\/page"}],"author":[{"embeddable":true,"href":"https:\/\/nuevo-renacer.com\/pt\/wp-json\/wp\/v2\/users\/1"}],"replies":[{"embeddable":true,"href":"https:\/\/nuevo-renacer.com\/pt\/wp-json\/wp\/v2\/comments?post=3756"}],"version-history":[{"count":2,"href":"https:\/\/nuevo-renacer.com\/pt\/wp-json\/wp\/v2\/pages\/3756\/revisions"}],"predecessor-version":[{"id":8571,"href":"https:\/\/nuevo-renacer.com\/pt\/wp-json\/wp\/v2\/pages\/3756\/revisions\/8571"}],"wp:featuredmedia":[{"embeddable":true,"href":"https:\/\/nuevo-renacer.com\/pt\/wp-json\/wp\/v2\/media\/3757"}],"wp:attachment":[{"href":"https:\/\/nuevo-renacer.com\/pt\/wp-json\/wp\/v2\/media?parent=3756"}],"curies":[{"name":"wp","href":"https:\/\/api.w.org\/{rel}","templated":true}]}}