{"id":3745,"date":"2024-07-12T12:36:11","date_gmt":"2024-07-12T12:36:11","guid":{"rendered":"https:\/\/ufec-mundial.com\/?page_id=3745"},"modified":"2024-07-12T12:41:21","modified_gmt":"2024-07-12T12:41:21","slug":"inmigracion-y-emigracion-de-los-espiritus","status":"publish","type":"page","link":"https:\/\/nuevo-renacer.com\/pt\/inmigracion-y-emigracion-de-los-espiritus\/","title":{"rendered":"Imigra\u00e7\u00e3o e emigra\u00e7\u00e3o de esp\u00edritos"},"content":{"rendered":"<div class=\"wp-block-uagb-container uagb-block-b22f4409 alignfull uagb-is-root-container\"><div class=\"uagb-container-inner-blocks-wrap\">\n<p class=\"has-medium-font-size\"><strong>Imigra\u00e7\u00e3o e emigra\u00e7\u00e3o de esp\u00edritos<\/strong><\/p>\n<\/div><\/div>\n\n\n\n<div class=\"wp-block-uagb-container uagb-block-480b2666 alignfull uagb-is-root-container\"><div class=\"uagb-container-inner-blocks-wrap\">\n<figure class=\"wp-block-image size-large is-resized\"><img fetchpriority=\"high\" decoding=\"async\" width=\"1024\" height=\"858\" src=\"https:\/\/ufec-mundial.com\/wp-content\/uploads\/2024\/07\/Design-ohne-Titel-2-1024x858.png\" alt=\"\" class=\"wp-image-3746\" style=\"width:394px;height:auto\" srcset=\"https:\/\/nuevo-renacer.com\/wp-content\/uploads\/2024\/07\/Design-ohne-Titel-2-1024x858.png 1024w, https:\/\/nuevo-renacer.com\/wp-content\/uploads\/2024\/07\/Design-ohne-Titel-2-300x251.png 300w, https:\/\/nuevo-renacer.com\/wp-content\/uploads\/2024\/07\/Design-ohne-Titel-2-768x644.png 768w, https:\/\/nuevo-renacer.com\/wp-content\/uploads\/2024\/07\/Design-ohne-Titel-2-1536x1288.png 1536w, https:\/\/nuevo-renacer.com\/wp-content\/uploads\/2024\/07\/Design-ohne-Titel-2-2048x1717.png 2048w, https:\/\/nuevo-renacer.com\/wp-content\/uploads\/2024\/07\/Design-ohne-Titel-2-14x12.png 14w\" sizes=\"(max-width: 1024px) 100vw, 1024px\" \/><\/figure>\n<\/div><\/div>\n\n\n\n<div class=\"wp-block-uagb-container uagb-block-8486fd69 alignfull uagb-is-root-container\"><div class=\"uagb-container-inner-blocks-wrap\">\n<p class=\"has-black-color has-text-color has-link-color has-small-font-size wp-elements-17c46063961b9846404c2914e21e8752\">No per\u00edodo entre suas exist\u00eancias f\u00edsicas, os esp\u00edritos est\u00e3o em um estado de imperman\u00eancia e formam a popula\u00e7\u00e3o espiritual do ambiente do globo. Por meio da morte e do nascimento, as duas popula\u00e7\u00f5es se misturam incessantemente. Assim, h\u00e1 emigra\u00e7\u00f5es di\u00e1rias do mundo f\u00edsico para o mundo espiritual e imigra\u00e7\u00f5es do mundo espiritual para o mundo f\u00edsico: esse \u00e9 o estado normal das coisas.<\/p>\n\n\n\n<p class=\"has-black-color has-text-color has-link-color has-small-font-size wp-elements-049c69cbefd641f88de544c34a112c5c\">Em certas \u00e9pocas, reguladas pela sabedoria divina, essas emigra\u00e7\u00f5es e imigra\u00e7\u00f5es ocorrem em maior ou menor n\u00famero, como consequ\u00eancia das grandes perturba\u00e7\u00f5es que causam sua partida simult\u00e2nea em n\u00fameros imensos, que s\u00e3o imediatamente substitu\u00eddos por um n\u00famero correspondente de encarna\u00e7\u00f5es. Os flagelos destrutivos e as cat\u00e1strofes devem, portanto, ser considerados como ocasi\u00f5es de influxos e sa\u00eddas coletivas, como meios providenciais de renovar a popula\u00e7\u00e3o f\u00edsica do globo, que \u00e9 fortalecida pela introdu\u00e7\u00e3o de elementos espirituais novos e purificados. Embora nessas cat\u00e1strofes um grande n\u00famero de corpos seja destru\u00eddo, eles n\u00e3o passam de vestimentas rasgadas, pois nenhum esp\u00edrito perece; eles dificilmente mudam seu ambiente. A \u00fanica diferen\u00e7a \u00e9 que eles n\u00e3o partem individualmente, mas em grande n\u00famero, pois, por uma raz\u00e3o ou outra, devem partir mais cedo ou mais tarde.<\/p>\n\n\n\n<p class=\"has-black-color has-text-color has-link-color has-small-font-size wp-elements-2c276ea204fe2ab0d83d74df1696691d\">As renova\u00e7\u00f5es r\u00e1pidas, quase instant\u00e2neas, que ocorrem no elemento espiritual da popula\u00e7\u00e3o como resultado dos flagelos destrutivos, aceleram o progresso social; se n\u00e3o fossem as emigra\u00e7\u00f5es e imigra\u00e7\u00f5es que v\u00eam de tempos em tempos para lhe dar um impulso violento, esse progresso s\u00f3 seria realizado com extrema lentid\u00e3o.<\/p>\n\n\n\n<p class=\"has-black-color has-text-color has-link-color has-small-font-size wp-elements-bbb2571b9dd52321049232e4d24ce30b\">Deve-se observar que as grandes cat\u00e1strofes que dizimam os povos s\u00e3o sempre seguidas por uma \u00e9poca de progresso na ordem f\u00edsica, intelectual ou moral e, consequentemente, na condi\u00e7\u00e3o social das na\u00e7\u00f5es em que ocorrem. Isso se deve ao fato de que elas t\u00eam o objetivo de provocar uma mudan\u00e7a na popula\u00e7\u00e3o espiritual, que \u00e9 a popula\u00e7\u00e3o normal e ativa do globo.<\/p>\n\n\n\n<p class=\"has-black-color has-text-color has-link-color has-small-font-size wp-elements-5dabc5a92dbd18a6001b149f9cdd8721\">A transfus\u00e3o que ocorre entre as popula\u00e7\u00f5es encarnadas e desencarnadas do mesmo globo tamb\u00e9m ocorre entre mundos, seja individualmente em condi\u00e7\u00f5es normais ou em escala maci\u00e7a em circunst\u00e2ncias especiais. Assim, h\u00e1 emigra\u00e7\u00f5es e imigra\u00e7\u00f5es coletivas de um mundo para outro, levando \u00e0 introdu\u00e7\u00e3o de elementos inteiramente novos na popula\u00e7\u00e3o de um globo. Novas ra\u00e7as de esp\u00edritos que se misturam com as j\u00e1 existentes formam novas ra\u00e7as humanas. Como os esp\u00edritos nunca perdem o que conquistaram, eles carregam consigo a intelig\u00eancia e a intui\u00e7\u00e3o do conhecimento que possuem, moldando assim seu car\u00e1ter na ra\u00e7a f\u00edsica que devem animar. Para isso, eles n\u00e3o precisam de novos corpos criados exclusivamente para eles. A esp\u00e9cie corp\u00f3rea existe, portanto eles sempre encontrar\u00e3o corpos prontos para receb\u00ea-los. Portanto, dificilmente s\u00e3o novos habitantes. Quando chegam \u00e0 Terra, primeiro integram a popula\u00e7\u00e3o espiritual e depois encarnam como outros.<\/p>\n<\/div><\/div>","protected":false},"excerpt":{"rendered":"<p>Inmigraci\u00f3n y emigraci\u00f3n de los esp\u00edritus En el tiempo que transcurre entre sus existencias f\u00edsicas, los esp\u00edritus se encuentran en un estado de impermanencia y forman la poblaci\u00f3n espiritual del entorno del globo. A trav\u00e9s de la muerte y el nacimiento, las dos poblaciones se entremezclan incesantemente. Por lo tanto, hay emigraciones diarias del mundo [&hellip;]<\/p>","protected":false},"author":1,"featured_media":3746,"parent":0,"menu_order":0,"comment_status":"closed","ping_status":"closed","template":"","meta":{"_uag_custom_page_level_css":"","site-sidebar-layout":"default","site-content-layout":"","ast-site-content-layout":"default","site-content-style":"default","site-sidebar-style":"default","ast-global-header-display":"","ast-banner-title-visibility":"","ast-main-header-display":"","ast-hfb-above-header-display":"","ast-hfb-below-header-display":"","ast-hfb-mobile-header-display":"","site-post-title":"","ast-breadcrumbs-content":"","ast-featured-img":"","footer-sml-layout":"","theme-transparent-header-meta":"","adv-header-id-meta":"","stick-header-meta":"","header-above-stick-meta":"","header-main-stick-meta":"","header-below-stick-meta":"","astra-migrate-meta-layouts":"set","ast-page-background-enabled":"default","ast-page-background-meta":{"desktop":{"background-color":"var(--ast-global-color-4)","background-image":"","background-repeat":"repeat","background-position":"center center","background-size":"auto","background-attachment":"scroll","background-type":"","background-media":"","overlay-type":"","overlay-color":"","overlay-opacity":"","overlay-gradient":""},"tablet":{"background-color":"","background-image":"","background-repeat":"repeat","background-position":"center center","background-size":"auto","background-attachment":"scroll","background-type":"","background-media":"","overlay-type":"","overlay-color":"","overlay-opacity":"","overlay-gradient":""},"mobile":{"background-color":"","background-image":"","background-repeat":"repeat","background-position":"center center","background-size":"auto","background-attachment":"scroll","background-type":"","background-media":"","overlay-type":"","overlay-color":"","overlay-opacity":"","overlay-gradient":""}},"ast-content-background-meta":{"desktop":{"background-color":"var(--ast-global-color-5)","background-image":"","background-repeat":"repeat","background-position":"center center","background-size":"auto","background-attachment":"scroll","background-type":"","background-media":"","overlay-type":"","overlay-color":"","overlay-opacity":"","overlay-gradient":""},"tablet":{"background-color":"var(--ast-global-color-5)","background-image":"","background-repeat":"repeat","background-position":"center center","background-size":"auto","background-attachment":"scroll","background-type":"","background-media":"","overlay-type":"","overlay-color":"","overlay-opacity":"","overlay-gradient":""},"mobile":{"background-color":"var(--ast-global-color-5)","background-image":"","background-repeat":"repeat","background-position":"center center","background-size":"auto","background-attachment":"scroll","background-type":"","background-media":"","overlay-type":"","overlay-color":"","overlay-opacity":"","overlay-gradient":""}},"footnotes":""},"class_list":["post-3745","page","type-page","status-publish","has-post-thumbnail","hentry"],"yoast_head":"<!-- This site is optimized with the Yoast SEO Premium plugin v24.2 (Yoast SEO v24.6) - https:\/\/yoast.com\/wordpress\/plugins\/seo\/ -->\n<title>Inmigraci\u00f3n y emigraci\u00f3n de los esp\u00edritus - Uni\u00f3n Esp\u00edrita<\/title>\n<meta name=\"robots\" content=\"index, follow, max-snippet:-1, max-image-preview:large, max-video-preview:-1\" \/>\n<link rel=\"canonical\" href=\"https:\/\/nuevo-renacer.com\/pt\/inmigracion-y-emigracion-de-los-espiritus\/\" \/>\n<meta property=\"og:locale\" content=\"pt_BR\" \/>\n<meta property=\"og:type\" content=\"article\" \/>\n<meta property=\"og:title\" content=\"Inmigraci\u00f3n y emigraci\u00f3n de los esp\u00edritus\" \/>\n<meta property=\"og:description\" content=\"Inmigraci\u00f3n y emigraci\u00f3n de los esp\u00edritus En el tiempo que transcurre entre sus existencias f\u00edsicas, los esp\u00edritus se encuentran en un estado de impermanencia y forman la poblaci\u00f3n espiritual del entorno del globo. A trav\u00e9s de la muerte y el nacimiento, las dos poblaciones se entremezclan incesantemente. Por lo tanto, hay emigraciones diarias del mundo [&hellip;]\" \/>\n<meta property=\"og:url\" content=\"https:\/\/nuevo-renacer.com\/pt\/inmigracion-y-emigracion-de-los-espiritus\/\" \/>\n<meta property=\"og:site_name\" content=\"Uni\u00f3n Esp\u00edrita\" \/>\n<meta property=\"article:publisher\" content=\"https:\/\/www.facebook.com\/groups\/3431398063740829\" \/>\n<meta property=\"article:modified_time\" content=\"2024-07-12T12:41:21+00:00\" \/>\n<meta property=\"og:image\" content=\"https:\/\/nuevo-renacer.com\/wp-content\/uploads\/2024\/07\/Design-ohne-Titel-2-1024x858.png\" \/>\n\t<meta property=\"og:image:width\" content=\"1024\" \/>\n\t<meta property=\"og:image:height\" content=\"858\" \/>\n\t<meta property=\"og:image:type\" content=\"image\/png\" \/>\n<meta name=\"twitter:card\" content=\"summary_large_image\" \/>\n<meta name=\"twitter:label1\" content=\"Est. tempo de leitura\" \/>\n\t<meta name=\"twitter:data1\" content=\"3 minutos\" \/>\n<script type=\"application\/ld+json\" class=\"yoast-schema-graph\">{\"@context\":\"https:\/\/schema.org\",\"@graph\":[{\"@type\":\"WebPage\",\"@id\":\"https:\/\/nuevo-renacer.com\/inmigracion-y-emigracion-de-los-espiritus\/\",\"url\":\"https:\/\/nuevo-renacer.com\/inmigracion-y-emigracion-de-los-espiritus\/\",\"name\":\"Inmigraci\u00f3n y emigraci\u00f3n de los esp\u00edritus - Uni\u00f3n Esp\u00edrita\",\"isPartOf\":{\"@id\":\"https:\/\/nuevo-renacer.com\/#website\"},\"primaryImageOfPage\":{\"@id\":\"https:\/\/nuevo-renacer.com\/inmigracion-y-emigracion-de-los-espiritus\/#primaryimage\"},\"image\":{\"@id\":\"https:\/\/nuevo-renacer.com\/inmigracion-y-emigracion-de-los-espiritus\/#primaryimage\"},\"thumbnailUrl\":\"https:\/\/nuevo-renacer.com\/wp-content\/uploads\/2024\/07\/Design-ohne-Titel-2.png\",\"datePublished\":\"2024-07-12T12:36:11+00:00\",\"dateModified\":\"2024-07-12T12:41:21+00:00\",\"breadcrumb\":{\"@id\":\"https:\/\/nuevo-renacer.com\/inmigracion-y-emigracion-de-los-espiritus\/#breadcrumb\"},\"inLanguage\":\"pt-BR\",\"potentialAction\":[{\"@type\":\"ReadAction\",\"target\":[\"https:\/\/nuevo-renacer.com\/inmigracion-y-emigracion-de-los-espiritus\/\"]}]},{\"@type\":\"ImageObject\",\"inLanguage\":\"pt-BR\",\"@id\":\"https:\/\/nuevo-renacer.com\/inmigracion-y-emigracion-de-los-espiritus\/#primaryimage\",\"url\":\"https:\/\/nuevo-renacer.com\/wp-content\/uploads\/2024\/07\/Design-ohne-Titel-2.png\",\"contentUrl\":\"https:\/\/nuevo-renacer.com\/wp-content\/uploads\/2024\/07\/Design-ohne-Titel-2.png\",\"width\":2115,\"height\":1773},{\"@type\":\"BreadcrumbList\",\"@id\":\"https:\/\/nuevo-renacer.com\/inmigracion-y-emigracion-de-los-espiritus\/#breadcrumb\",\"itemListElement\":[{\"@type\":\"ListItem\",\"position\":1,\"name\":\"Startseite\",\"item\":\"https:\/\/nuevo-renacer.com\/\"},{\"@type\":\"ListItem\",\"position\":2,\"name\":\"Inmigraci\u00f3n y emigraci\u00f3n de los esp\u00edritus\"}]},{\"@type\":\"WebSite\",\"@id\":\"https:\/\/nuevo-renacer.com\/#website\",\"url\":\"https:\/\/nuevo-renacer.com\/\",\"name\":\"Uni\u00f3n Esp\u00edrita\",\"description\":\"Nuevo Renacer\",\"publisher\":{\"@id\":\"https:\/\/nuevo-renacer.com\/#organization\"},\"potentialAction\":[{\"@type\":\"SearchAction\",\"target\":{\"@type\":\"EntryPoint\",\"urlTemplate\":\"https:\/\/nuevo-renacer.com\/?s={search_term_string}\"},\"query-input\":{\"@type\":\"PropertyValueSpecification\",\"valueRequired\":true,\"valueName\":\"search_term_string\"}}],\"inLanguage\":\"pt-BR\"},{\"@type\":\"Organization\",\"@id\":\"https:\/\/nuevo-renacer.com\/#organization\",\"name\":\"UFEC\",\"url\":\"https:\/\/nuevo-renacer.com\/\",\"logo\":{\"@type\":\"ImageObject\",\"inLanguage\":\"pt-BR\",\"@id\":\"https:\/\/nuevo-renacer.com\/#\/schema\/logo\/image\/\",\"url\":\"https:\/\/nuevo-renacer.com\/wp-content\/uploads\/2024\/05\/cropped-LOGO-TERMINADO1-3-3.png\",\"contentUrl\":\"https:\/\/nuevo-renacer.com\/wp-content\/uploads\/2024\/05\/cropped-LOGO-TERMINADO1-3-3.png\",\"width\":512,\"height\":512,\"caption\":\"UFEC\"},\"image\":{\"@id\":\"https:\/\/nuevo-renacer.com\/#\/schema\/logo\/image\/\"},\"sameAs\":[\"https:\/\/www.facebook.com\/groups\/3431398063740829\"]}]}<\/script>\n<!-- \/ Yoast SEO Premium plugin. -->","yoast_head_json":{"title":"Inmigraci\u00f3n y emigraci\u00f3n de los esp\u00edritus - Uni\u00f3n Esp\u00edrita","robots":{"index":"index","follow":"follow","max-snippet":"max-snippet:-1","max-image-preview":"max-image-preview:large","max-video-preview":"max-video-preview:-1"},"canonical":"https:\/\/nuevo-renacer.com\/pt\/inmigracion-y-emigracion-de-los-espiritus\/","og_locale":"pt_BR","og_type":"article","og_title":"Inmigraci\u00f3n y emigraci\u00f3n de los esp\u00edritus","og_description":"Inmigraci\u00f3n y emigraci\u00f3n de los esp\u00edritus En el tiempo que transcurre entre sus existencias f\u00edsicas, los esp\u00edritus se encuentran en un estado de impermanencia y forman la poblaci\u00f3n espiritual del entorno del globo. A trav\u00e9s de la muerte y el nacimiento, las dos poblaciones se entremezclan incesantemente. Por lo tanto, hay emigraciones diarias del mundo [&hellip;]","og_url":"https:\/\/nuevo-renacer.com\/pt\/inmigracion-y-emigracion-de-los-espiritus\/","og_site_name":"Uni\u00f3n Esp\u00edrita","article_publisher":"https:\/\/www.facebook.com\/groups\/3431398063740829","article_modified_time":"2024-07-12T12:41:21+00:00","og_image":[{"width":1024,"height":858,"url":"https:\/\/nuevo-renacer.com\/wp-content\/uploads\/2024\/07\/Design-ohne-Titel-2-1024x858.png","type":"image\/png"}],"twitter_card":"summary_large_image","twitter_misc":{"Est. tempo de leitura":"3 minutos"},"schema":{"@context":"https:\/\/schema.org","@graph":[{"@type":"WebPage","@id":"https:\/\/nuevo-renacer.com\/inmigracion-y-emigracion-de-los-espiritus\/","url":"https:\/\/nuevo-renacer.com\/inmigracion-y-emigracion-de-los-espiritus\/","name":"Inmigraci\u00f3n y emigraci\u00f3n de los esp\u00edritus - Uni\u00f3n Esp\u00edrita","isPartOf":{"@id":"https:\/\/nuevo-renacer.com\/#website"},"primaryImageOfPage":{"@id":"https:\/\/nuevo-renacer.com\/inmigracion-y-emigracion-de-los-espiritus\/#primaryimage"},"image":{"@id":"https:\/\/nuevo-renacer.com\/inmigracion-y-emigracion-de-los-espiritus\/#primaryimage"},"thumbnailUrl":"https:\/\/nuevo-renacer.com\/wp-content\/uploads\/2024\/07\/Design-ohne-Titel-2.png","datePublished":"2024-07-12T12:36:11+00:00","dateModified":"2024-07-12T12:41:21+00:00","breadcrumb":{"@id":"https:\/\/nuevo-renacer.com\/inmigracion-y-emigracion-de-los-espiritus\/#breadcrumb"},"inLanguage":"pt-BR","potentialAction":[{"@type":"ReadAction","target":["https:\/\/nuevo-renacer.com\/inmigracion-y-emigracion-de-los-espiritus\/"]}]},{"@type":"ImageObject","inLanguage":"pt-BR","@id":"https:\/\/nuevo-renacer.com\/inmigracion-y-emigracion-de-los-espiritus\/#primaryimage","url":"https:\/\/nuevo-renacer.com\/wp-content\/uploads\/2024\/07\/Design-ohne-Titel-2.png","contentUrl":"https:\/\/nuevo-renacer.com\/wp-content\/uploads\/2024\/07\/Design-ohne-Titel-2.png","width":2115,"height":1773},{"@type":"BreadcrumbList","@id":"https:\/\/nuevo-renacer.com\/inmigracion-y-emigracion-de-los-espiritus\/#breadcrumb","itemListElement":[{"@type":"ListItem","position":1,"name":"Startseite","item":"https:\/\/nuevo-renacer.com\/"},{"@type":"ListItem","position":2,"name":"Inmigraci\u00f3n y emigraci\u00f3n de los esp\u00edritus"}]},{"@type":"WebSite","@id":"https:\/\/nuevo-renacer.com\/#website","url":"https:\/\/nuevo-renacer.com\/","name":"Uni\u00f3n Esp\u00edrita","description":"Nuevo Renacer","publisher":{"@id":"https:\/\/nuevo-renacer.com\/#organization"},"potentialAction":[{"@type":"SearchAction","target":{"@type":"EntryPoint","urlTemplate":"https:\/\/nuevo-renacer.com\/?s={search_term_string}"},"query-input":{"@type":"PropertyValueSpecification","valueRequired":true,"valueName":"search_term_string"}}],"inLanguage":"pt-BR"},{"@type":"Organization","@id":"https:\/\/nuevo-renacer.com\/#organization","name":"UFEC","url":"https:\/\/nuevo-renacer.com\/","logo":{"@type":"ImageObject","inLanguage":"pt-BR","@id":"https:\/\/nuevo-renacer.com\/#\/schema\/logo\/image\/","url":"https:\/\/nuevo-renacer.com\/wp-content\/uploads\/2024\/05\/cropped-LOGO-TERMINADO1-3-3.png","contentUrl":"https:\/\/nuevo-renacer.com\/wp-content\/uploads\/2024\/05\/cropped-LOGO-TERMINADO1-3-3.png","width":512,"height":512,"caption":"UFEC"},"image":{"@id":"https:\/\/nuevo-renacer.com\/#\/schema\/logo\/image\/"},"sameAs":["https:\/\/www.facebook.com\/groups\/3431398063740829"]}]}},"uagb_featured_image_src":{"full":["https:\/\/nuevo-renacer.com\/wp-content\/uploads\/2024\/07\/Design-ohne-Titel-2.png",2115,1773,false],"thumbnail":["https:\/\/nuevo-renacer.com\/wp-content\/uploads\/2024\/07\/Design-ohne-Titel-2-150x150.png",150,150,true],"medium":["https:\/\/nuevo-renacer.com\/wp-content\/uploads\/2024\/07\/Design-ohne-Titel-2-300x251.png",300,251,true],"medium_large":["https:\/\/nuevo-renacer.com\/wp-content\/uploads\/2024\/07\/Design-ohne-Titel-2-768x644.png",768,644,true],"large":["https:\/\/nuevo-renacer.com\/wp-content\/uploads\/2024\/07\/Design-ohne-Titel-2-1024x858.png",1024,858,true],"1536x1536":["https:\/\/nuevo-renacer.com\/wp-content\/uploads\/2024\/07\/Design-ohne-Titel-2-1536x1288.png",1536,1288,true],"2048x2048":["https:\/\/nuevo-renacer.com\/wp-content\/uploads\/2024\/07\/Design-ohne-Titel-2-2048x1717.png",2048,1717,true],"trp-custom-language-flag":["https:\/\/nuevo-renacer.com\/wp-content\/uploads\/2024\/07\/Design-ohne-Titel-2-14x12.png",14,12,true]},"uagb_author_info":{"display_name":"adbv0","author_link":"https:\/\/nuevo-renacer.com\/pt\/author\/adbv0\/"},"uagb_comment_info":0,"uagb_excerpt":"Inmigraci\u00f3n y emigraci\u00f3n de los esp\u00edritus En el tiempo que transcurre entre sus existencias f\u00edsicas, los esp\u00edritus se encuentran en un estado de impermanencia y forman la poblaci\u00f3n espiritual del entorno del globo. A trav\u00e9s de la muerte y el nacimiento, las dos poblaciones se entremezclan incesantemente. Por lo tanto, hay emigraciones diarias del mundo&hellip;","jetpack_sharing_enabled":true,"_links":{"self":[{"href":"https:\/\/nuevo-renacer.com\/pt\/wp-json\/wp\/v2\/pages\/3745","targetHints":{"allow":["GET"]}}],"collection":[{"href":"https:\/\/nuevo-renacer.com\/pt\/wp-json\/wp\/v2\/pages"}],"about":[{"href":"https:\/\/nuevo-renacer.com\/pt\/wp-json\/wp\/v2\/types\/page"}],"author":[{"embeddable":true,"href":"https:\/\/nuevo-renacer.com\/pt\/wp-json\/wp\/v2\/users\/1"}],"replies":[{"embeddable":true,"href":"https:\/\/nuevo-renacer.com\/pt\/wp-json\/wp\/v2\/comments?post=3745"}],"version-history":[{"count":2,"href":"https:\/\/nuevo-renacer.com\/pt\/wp-json\/wp\/v2\/pages\/3745\/revisions"}],"predecessor-version":[{"id":3750,"href":"https:\/\/nuevo-renacer.com\/pt\/wp-json\/wp\/v2\/pages\/3745\/revisions\/3750"}],"wp:featuredmedia":[{"embeddable":true,"href":"https:\/\/nuevo-renacer.com\/pt\/wp-json\/wp\/v2\/media\/3746"}],"wp:attachment":[{"href":"https:\/\/nuevo-renacer.com\/pt\/wp-json\/wp\/v2\/media?parent=3745"}],"curies":[{"name":"wp","href":"https:\/\/api.w.org\/{rel}","templated":true}]}}