{"id":3737,"date":"2024-07-12T09:17:06","date_gmt":"2024-07-12T09:17:06","guid":{"rendered":"https:\/\/ufec-mundial.com\/?page_id=3737"},"modified":"2024-07-12T09:17:08","modified_gmt":"2024-07-12T09:17:08","slug":"la-luz-de-la-razon-y-el-poder-de-la-fe","status":"publish","type":"page","link":"https:\/\/nuevo-renacer.com\/pt\/la-luz-de-la-razon-y-el-poder-de-la-fe\/","title":{"rendered":"A luz da raz\u00e3o e o poder da f\u00e9"},"content":{"rendered":"<div class=\"wp-block-uagb-container uagb-block-69290ff2 alignfull uagb-is-root-container\"><div class=\"uagb-container-inner-blocks-wrap\">\n<p class=\"has-black-color has-text-color has-link-color has-medium-font-size wp-elements-60e9edd9d5dfb952aec5e5ac765f98a0\"><strong>A luz da raz\u00e3o e o poder da f\u00e9<\/strong><\/p>\n<\/div><\/div>\n\n\n\n<div class=\"wp-block-uagb-container uagb-block-1ff8a3a4 alignfull uagb-is-root-container\"><div class=\"uagb-container-inner-blocks-wrap\">\n<figure class=\"wp-block-image size-full is-resized\"><img fetchpriority=\"high\" decoding=\"async\" width=\"960\" height=\"548\" src=\"https:\/\/ufec-mundial.com\/wp-content\/uploads\/2024\/07\/ai-generated-8580726_960_720.jpg\" alt=\"\" class=\"wp-image-3738\" style=\"width:410px;height:auto\" srcset=\"https:\/\/nuevo-renacer.com\/wp-content\/uploads\/2024\/07\/ai-generated-8580726_960_720.jpg 960w, https:\/\/nuevo-renacer.com\/wp-content\/uploads\/2024\/07\/ai-generated-8580726_960_720-300x171.jpg 300w, https:\/\/nuevo-renacer.com\/wp-content\/uploads\/2024\/07\/ai-generated-8580726_960_720-768x438.jpg 768w, https:\/\/nuevo-renacer.com\/wp-content\/uploads\/2024\/07\/ai-generated-8580726_960_720-18x10.jpg 18w\" sizes=\"(max-width: 960px) 100vw, 960px\" \/><\/figure>\n<\/div><\/div>\n\n\n\n<div class=\"wp-block-uagb-container uagb-block-bd01822a alignfull uagb-is-root-container\"><div class=\"uagb-container-inner-blocks-wrap\">\n<p class=\"has-black-color has-text-color has-link-color has-small-font-size wp-elements-6a88a58d01e94d9dd58acd4d3f8f9c4d\">O conceito religioso de f\u00e9 como uma gra\u00e7a especial, concedida por Deus aos fi\u00e9is de uma determinada religi\u00e3o, pertence ao passado. Esse conceito equivale a uma interpreta\u00e7\u00e3o profundamente injusta da Justi\u00e7a Divina. A f\u00e9 \u00e9 uma d\u00e1diva, sem d\u00favida, mas a d\u00e1diva de Deus \u00e9 sempre universal, nunca \u00e9 processada na estreita medida dos homens. Deus \u00e9 o Criador e n\u00f3s somos suas criaturas. Isso significa que Deus \u00e9 o Pai e n\u00f3s somos Seus filhos. Como poderia o Pai Supremo, que \u00e9 a fonte de todo amor, de toda miseric\u00f3rdia, conceder apenas a alguns de Seus filhos o dom fundamental da F\u00e9, sem o qual o homem n\u00e3o poderia se elevar at\u00e9 Ele?<\/p>\n\n\n\n<p class=\"has-black-color has-text-color has-link-color has-small-font-size wp-elements-f9d8fe153d36e18871a673d84c2974ae\">O conceito de F\u00e9, estabelecido pelo Espiritismo, coloca o problema em termos claros e precisos. A f\u00e9, como um dom natural, est\u00e1 presente no cora\u00e7\u00e3o de todas as criaturas humanas. Assim como o amor, que todos carregamos em germe dentro de n\u00f3s, a F\u00e9 precisa germinar em nosso cora\u00e7\u00e3o e ser cultivada por n\u00f3s \u00e0 luz da Raz\u00e3o. Assim, a f\u00e9 nos \u00e9 dada como uma semente, mas temos de cultiv\u00e1-la e desenvolv\u00ea-la. Nesse sentido, a f\u00e9 se torna uma conquista que temos de fazer na vida. Todas as nossas faculdades tamb\u00e9m n\u00e3o precisam ser cultivadas? A f\u00e9 \u00e9 uma faculdade da alma, do esp\u00edrito, e cabe a n\u00f3s desenvolv\u00ea-la em n\u00f3s mesmos.<\/p>\n\n\n\n<p class=\"has-black-color has-text-color has-link-color has-small-font-size wp-elements-086b6ea2c6a5dea78c2c437ab1fe1e09\">A f\u00e9 e a raz\u00e3o est\u00e3o conectadas como o Sol e a Terra. A raz\u00e3o \u00e9 o sol espiritual que ilumina nosso entendimento, afastando a escurid\u00e3o e o frio da ignor\u00e2ncia e da supersti\u00e7\u00e3o, para nos dar a luz do entendimento e o calor da vida. Um homem sem f\u00e9 est\u00e1 morto em si mesmo, ele \u00e9 sua pr\u00f3pria sepultura. Mas basta que ele acenda a luz da raz\u00e3o para se libertar da morte e da sepultura, para ressuscitar como L\u00e1zaro \u00e0 voz do Messias.<\/p>\n\n\n\n<p class=\"has-black-color has-text-color has-link-color has-small-font-size wp-elements-b8a345847bd9bedaf7d80c23f260b05b\">O materialista, o ateu, o homem sem f\u00e9, realmente confia em si mesmo, tem f\u00e9 em sua pr\u00f3pria for\u00e7a. Ele \u00e9 como o peixe das profundezas, que sabe como dominar a \u00e1gua, mas ainda n\u00e3o conhece a luz do sol. A f\u00e9 humana que o sustenta nas lutas di\u00e1rias da vida se abrir\u00e1 para a f\u00e9 divina que lhe mostrar\u00e1 o esplendor das estrelas. A luz da Raz\u00e3o, como a luz do sol, germinar\u00e1 e far\u00e1 crescer o poder da f\u00e9 em seu cora\u00e7\u00e3o. Ningu\u00e9m est\u00e1 perdido, ningu\u00e9m est\u00e1 condenado para sempre. A Justi\u00e7a de Deus \u00e9 cumprida em nosso \u00edntimo, porque Deus est\u00e1 em n\u00f3s, presente em n\u00f3s na miseric\u00f3rdia de suas leis.<\/p>\n<\/div><\/div>","protected":false},"excerpt":{"rendered":"<p>La Luz de la Raz\u00f3n y el poder de la fe El concepto religioso de la Fe como gracia especial, concedida por Dios a los creyentes de una determinada religi\u00f3n, pertenece al pasado. Ese concepto equivale a una interpretaci\u00f3n profundamente injusta de la Justicia Divina. La Fe es un don, sin duda, pero la donaci\u00f3n [&hellip;]<\/p>","protected":false},"author":1,"featured_media":3738,"parent":0,"menu_order":0,"comment_status":"closed","ping_status":"closed","template":"","meta":{"_uag_custom_page_level_css":"","site-sidebar-layout":"default","site-content-layout":"","ast-site-content-layout":"default","site-content-style":"default","site-sidebar-style":"default","ast-global-header-display":"","ast-banner-title-visibility":"","ast-main-header-display":"","ast-hfb-above-header-display":"","ast-hfb-below-header-display":"","ast-hfb-mobile-header-display":"","site-post-title":"disabled","ast-breadcrumbs-content":"","ast-featured-img":"","footer-sml-layout":"","theme-transparent-header-meta":"","adv-header-id-meta":"","stick-header-meta":"","header-above-stick-meta":"","header-main-stick-meta":"","header-below-stick-meta":"","astra-migrate-meta-layouts":"set","ast-page-background-enabled":"default","ast-page-background-meta":{"desktop":{"background-color":"var(--ast-global-color-4)","background-image":"","background-repeat":"repeat","background-position":"center center","background-size":"auto","background-attachment":"scroll","background-type":"","background-media":"","overlay-type":"","overlay-color":"","overlay-opacity":"","overlay-gradient":""},"tablet":{"background-color":"","background-image":"","background-repeat":"repeat","background-position":"center center","background-size":"auto","background-attachment":"scroll","background-type":"","background-media":"","overlay-type":"","overlay-color":"","overlay-opacity":"","overlay-gradient":""},"mobile":{"background-color":"","background-image":"","background-repeat":"repeat","background-position":"center center","background-size":"auto","background-attachment":"scroll","background-type":"","background-media":"","overlay-type":"","overlay-color":"","overlay-opacity":"","overlay-gradient":""}},"ast-content-background-meta":{"desktop":{"background-color":"var(--ast-global-color-5)","background-image":"","background-repeat":"repeat","background-position":"center center","background-size":"auto","background-attachment":"scroll","background-type":"","background-media":"","overlay-type":"","overlay-color":"","overlay-opacity":"","overlay-gradient":""},"tablet":{"background-color":"var(--ast-global-color-5)","background-image":"","background-repeat":"repeat","background-position":"center center","background-size":"auto","background-attachment":"scroll","background-type":"","background-media":"","overlay-type":"","overlay-color":"","overlay-opacity":"","overlay-gradient":""},"mobile":{"background-color":"var(--ast-global-color-5)","background-image":"","background-repeat":"repeat","background-position":"center center","background-size":"auto","background-attachment":"scroll","background-type":"","background-media":"","overlay-type":"","overlay-color":"","overlay-opacity":"","overlay-gradient":""}},"footnotes":""},"class_list":["post-3737","page","type-page","status-publish","has-post-thumbnail","hentry"],"yoast_head":"<!-- This site is optimized with the Yoast SEO Premium plugin v24.2 (Yoast SEO v24.6) - https:\/\/yoast.com\/wordpress\/plugins\/seo\/ -->\n<title>La Luz de la Raz\u00f3n y el poder de la fe - Uni\u00f3n Esp\u00edrita<\/title>\n<meta name=\"robots\" content=\"index, follow, max-snippet:-1, max-image-preview:large, max-video-preview:-1\" \/>\n<link rel=\"canonical\" href=\"https:\/\/nuevo-renacer.com\/pt\/la-luz-de-la-razon-y-el-poder-de-la-fe\/\" \/>\n<meta property=\"og:locale\" content=\"pt_BR\" \/>\n<meta property=\"og:type\" content=\"article\" \/>\n<meta property=\"og:title\" content=\"La Luz de la Raz\u00f3n y el poder de la fe\" \/>\n<meta property=\"og:description\" content=\"La Luz de la Raz\u00f3n y el poder de la fe El concepto religioso de la Fe como gracia especial, concedida por Dios a los creyentes de una determinada religi\u00f3n, pertenece al pasado. Ese concepto equivale a una interpretaci\u00f3n profundamente injusta de la Justicia Divina. La Fe es un don, sin duda, pero la donaci\u00f3n [&hellip;]\" \/>\n<meta property=\"og:url\" content=\"https:\/\/nuevo-renacer.com\/pt\/la-luz-de-la-razon-y-el-poder-de-la-fe\/\" \/>\n<meta property=\"og:site_name\" content=\"Uni\u00f3n Esp\u00edrita\" \/>\n<meta property=\"article:publisher\" content=\"https:\/\/www.facebook.com\/groups\/3431398063740829\" \/>\n<meta property=\"article:modified_time\" content=\"2024-07-12T09:17:08+00:00\" \/>\n<meta property=\"og:image\" content=\"https:\/\/nuevo-renacer.com\/wp-content\/uploads\/2024\/07\/ai-generated-8580726_960_720.jpg\" \/>\n\t<meta property=\"og:image:width\" content=\"960\" \/>\n\t<meta property=\"og:image:height\" content=\"548\" \/>\n\t<meta property=\"og:image:type\" content=\"image\/jpeg\" \/>\n<meta name=\"twitter:card\" content=\"summary_large_image\" \/>\n<meta name=\"twitter:label1\" content=\"Est. tempo de leitura\" \/>\n\t<meta name=\"twitter:data1\" content=\"2 minutos\" \/>\n<script type=\"application\/ld+json\" class=\"yoast-schema-graph\">{\"@context\":\"https:\/\/schema.org\",\"@graph\":[{\"@type\":\"WebPage\",\"@id\":\"https:\/\/nuevo-renacer.com\/la-luz-de-la-razon-y-el-poder-de-la-fe\/\",\"url\":\"https:\/\/nuevo-renacer.com\/la-luz-de-la-razon-y-el-poder-de-la-fe\/\",\"name\":\"La Luz de la Raz\u00f3n y el poder de la fe - Uni\u00f3n Esp\u00edrita\",\"isPartOf\":{\"@id\":\"https:\/\/nuevo-renacer.com\/#website\"},\"primaryImageOfPage\":{\"@id\":\"https:\/\/nuevo-renacer.com\/la-luz-de-la-razon-y-el-poder-de-la-fe\/#primaryimage\"},\"image\":{\"@id\":\"https:\/\/nuevo-renacer.com\/la-luz-de-la-razon-y-el-poder-de-la-fe\/#primaryimage\"},\"thumbnailUrl\":\"https:\/\/nuevo-renacer.com\/wp-content\/uploads\/2024\/07\/ai-generated-8580726_960_720.jpg\",\"datePublished\":\"2024-07-12T09:17:06+00:00\",\"dateModified\":\"2024-07-12T09:17:08+00:00\",\"breadcrumb\":{\"@id\":\"https:\/\/nuevo-renacer.com\/la-luz-de-la-razon-y-el-poder-de-la-fe\/#breadcrumb\"},\"inLanguage\":\"pt-BR\",\"potentialAction\":[{\"@type\":\"ReadAction\",\"target\":[\"https:\/\/nuevo-renacer.com\/la-luz-de-la-razon-y-el-poder-de-la-fe\/\"]}]},{\"@type\":\"ImageObject\",\"inLanguage\":\"pt-BR\",\"@id\":\"https:\/\/nuevo-renacer.com\/la-luz-de-la-razon-y-el-poder-de-la-fe\/#primaryimage\",\"url\":\"https:\/\/nuevo-renacer.com\/wp-content\/uploads\/2024\/07\/ai-generated-8580726_960_720.jpg\",\"contentUrl\":\"https:\/\/nuevo-renacer.com\/wp-content\/uploads\/2024\/07\/ai-generated-8580726_960_720.jpg\",\"width\":960,\"height\":548},{\"@type\":\"BreadcrumbList\",\"@id\":\"https:\/\/nuevo-renacer.com\/la-luz-de-la-razon-y-el-poder-de-la-fe\/#breadcrumb\",\"itemListElement\":[{\"@type\":\"ListItem\",\"position\":1,\"name\":\"Startseite\",\"item\":\"https:\/\/nuevo-renacer.com\/\"},{\"@type\":\"ListItem\",\"position\":2,\"name\":\"La Luz de la Raz\u00f3n y el poder de la fe\"}]},{\"@type\":\"WebSite\",\"@id\":\"https:\/\/nuevo-renacer.com\/#website\",\"url\":\"https:\/\/nuevo-renacer.com\/\",\"name\":\"Uni\u00f3n Esp\u00edrita\",\"description\":\"Nuevo Renacer\",\"publisher\":{\"@id\":\"https:\/\/nuevo-renacer.com\/#organization\"},\"potentialAction\":[{\"@type\":\"SearchAction\",\"target\":{\"@type\":\"EntryPoint\",\"urlTemplate\":\"https:\/\/nuevo-renacer.com\/?s={search_term_string}\"},\"query-input\":{\"@type\":\"PropertyValueSpecification\",\"valueRequired\":true,\"valueName\":\"search_term_string\"}}],\"inLanguage\":\"pt-BR\"},{\"@type\":\"Organization\",\"@id\":\"https:\/\/nuevo-renacer.com\/#organization\",\"name\":\"UFEC\",\"url\":\"https:\/\/nuevo-renacer.com\/\",\"logo\":{\"@type\":\"ImageObject\",\"inLanguage\":\"pt-BR\",\"@id\":\"https:\/\/nuevo-renacer.com\/#\/schema\/logo\/image\/\",\"url\":\"https:\/\/nuevo-renacer.com\/wp-content\/uploads\/2024\/05\/cropped-LOGO-TERMINADO1-3-3.png\",\"contentUrl\":\"https:\/\/nuevo-renacer.com\/wp-content\/uploads\/2024\/05\/cropped-LOGO-TERMINADO1-3-3.png\",\"width\":512,\"height\":512,\"caption\":\"UFEC\"},\"image\":{\"@id\":\"https:\/\/nuevo-renacer.com\/#\/schema\/logo\/image\/\"},\"sameAs\":[\"https:\/\/www.facebook.com\/groups\/3431398063740829\"]}]}<\/script>\n<!-- \/ Yoast SEO Premium plugin. -->","yoast_head_json":{"title":"La Luz de la Raz\u00f3n y el poder de la fe - Uni\u00f3n Esp\u00edrita","robots":{"index":"index","follow":"follow","max-snippet":"max-snippet:-1","max-image-preview":"max-image-preview:large","max-video-preview":"max-video-preview:-1"},"canonical":"https:\/\/nuevo-renacer.com\/pt\/la-luz-de-la-razon-y-el-poder-de-la-fe\/","og_locale":"pt_BR","og_type":"article","og_title":"La Luz de la Raz\u00f3n y el poder de la fe","og_description":"La Luz de la Raz\u00f3n y el poder de la fe El concepto religioso de la Fe como gracia especial, concedida por Dios a los creyentes de una determinada religi\u00f3n, pertenece al pasado. Ese concepto equivale a una interpretaci\u00f3n profundamente injusta de la Justicia Divina. La Fe es un don, sin duda, pero la donaci\u00f3n [&hellip;]","og_url":"https:\/\/nuevo-renacer.com\/pt\/la-luz-de-la-razon-y-el-poder-de-la-fe\/","og_site_name":"Uni\u00f3n Esp\u00edrita","article_publisher":"https:\/\/www.facebook.com\/groups\/3431398063740829","article_modified_time":"2024-07-12T09:17:08+00:00","og_image":[{"width":960,"height":548,"url":"https:\/\/nuevo-renacer.com\/wp-content\/uploads\/2024\/07\/ai-generated-8580726_960_720.jpg","type":"image\/jpeg"}],"twitter_card":"summary_large_image","twitter_misc":{"Est. tempo de leitura":"2 minutos"},"schema":{"@context":"https:\/\/schema.org","@graph":[{"@type":"WebPage","@id":"https:\/\/nuevo-renacer.com\/la-luz-de-la-razon-y-el-poder-de-la-fe\/","url":"https:\/\/nuevo-renacer.com\/la-luz-de-la-razon-y-el-poder-de-la-fe\/","name":"La Luz de la Raz\u00f3n y el poder de la fe - Uni\u00f3n Esp\u00edrita","isPartOf":{"@id":"https:\/\/nuevo-renacer.com\/#website"},"primaryImageOfPage":{"@id":"https:\/\/nuevo-renacer.com\/la-luz-de-la-razon-y-el-poder-de-la-fe\/#primaryimage"},"image":{"@id":"https:\/\/nuevo-renacer.com\/la-luz-de-la-razon-y-el-poder-de-la-fe\/#primaryimage"},"thumbnailUrl":"https:\/\/nuevo-renacer.com\/wp-content\/uploads\/2024\/07\/ai-generated-8580726_960_720.jpg","datePublished":"2024-07-12T09:17:06+00:00","dateModified":"2024-07-12T09:17:08+00:00","breadcrumb":{"@id":"https:\/\/nuevo-renacer.com\/la-luz-de-la-razon-y-el-poder-de-la-fe\/#breadcrumb"},"inLanguage":"pt-BR","potentialAction":[{"@type":"ReadAction","target":["https:\/\/nuevo-renacer.com\/la-luz-de-la-razon-y-el-poder-de-la-fe\/"]}]},{"@type":"ImageObject","inLanguage":"pt-BR","@id":"https:\/\/nuevo-renacer.com\/la-luz-de-la-razon-y-el-poder-de-la-fe\/#primaryimage","url":"https:\/\/nuevo-renacer.com\/wp-content\/uploads\/2024\/07\/ai-generated-8580726_960_720.jpg","contentUrl":"https:\/\/nuevo-renacer.com\/wp-content\/uploads\/2024\/07\/ai-generated-8580726_960_720.jpg","width":960,"height":548},{"@type":"BreadcrumbList","@id":"https:\/\/nuevo-renacer.com\/la-luz-de-la-razon-y-el-poder-de-la-fe\/#breadcrumb","itemListElement":[{"@type":"ListItem","position":1,"name":"Startseite","item":"https:\/\/nuevo-renacer.com\/"},{"@type":"ListItem","position":2,"name":"La Luz de la Raz\u00f3n y el poder de la fe"}]},{"@type":"WebSite","@id":"https:\/\/nuevo-renacer.com\/#website","url":"https:\/\/nuevo-renacer.com\/","name":"Uni\u00f3n Esp\u00edrita","description":"Nuevo Renacer","publisher":{"@id":"https:\/\/nuevo-renacer.com\/#organization"},"potentialAction":[{"@type":"SearchAction","target":{"@type":"EntryPoint","urlTemplate":"https:\/\/nuevo-renacer.com\/?s={search_term_string}"},"query-input":{"@type":"PropertyValueSpecification","valueRequired":true,"valueName":"search_term_string"}}],"inLanguage":"pt-BR"},{"@type":"Organization","@id":"https:\/\/nuevo-renacer.com\/#organization","name":"UFEC","url":"https:\/\/nuevo-renacer.com\/","logo":{"@type":"ImageObject","inLanguage":"pt-BR","@id":"https:\/\/nuevo-renacer.com\/#\/schema\/logo\/image\/","url":"https:\/\/nuevo-renacer.com\/wp-content\/uploads\/2024\/05\/cropped-LOGO-TERMINADO1-3-3.png","contentUrl":"https:\/\/nuevo-renacer.com\/wp-content\/uploads\/2024\/05\/cropped-LOGO-TERMINADO1-3-3.png","width":512,"height":512,"caption":"UFEC"},"image":{"@id":"https:\/\/nuevo-renacer.com\/#\/schema\/logo\/image\/"},"sameAs":["https:\/\/www.facebook.com\/groups\/3431398063740829"]}]}},"uagb_featured_image_src":{"full":["https:\/\/nuevo-renacer.com\/wp-content\/uploads\/2024\/07\/ai-generated-8580726_960_720.jpg",960,548,false],"thumbnail":["https:\/\/nuevo-renacer.com\/wp-content\/uploads\/2024\/07\/ai-generated-8580726_960_720-150x150.jpg",150,150,true],"medium":["https:\/\/nuevo-renacer.com\/wp-content\/uploads\/2024\/07\/ai-generated-8580726_960_720-300x171.jpg",300,171,true],"medium_large":["https:\/\/nuevo-renacer.com\/wp-content\/uploads\/2024\/07\/ai-generated-8580726_960_720-768x438.jpg",768,438,true],"large":["https:\/\/nuevo-renacer.com\/wp-content\/uploads\/2024\/07\/ai-generated-8580726_960_720.jpg",960,548,false],"1536x1536":["https:\/\/nuevo-renacer.com\/wp-content\/uploads\/2024\/07\/ai-generated-8580726_960_720.jpg",960,548,false],"2048x2048":["https:\/\/nuevo-renacer.com\/wp-content\/uploads\/2024\/07\/ai-generated-8580726_960_720.jpg",960,548,false],"trp-custom-language-flag":["https:\/\/nuevo-renacer.com\/wp-content\/uploads\/2024\/07\/ai-generated-8580726_960_720-18x10.jpg",18,10,true]},"uagb_author_info":{"display_name":"adbv0","author_link":"https:\/\/nuevo-renacer.com\/pt\/author\/adbv0\/"},"uagb_comment_info":0,"uagb_excerpt":"La Luz de la Raz\u00f3n y el poder de la fe El concepto religioso de la Fe como gracia especial, concedida por Dios a los creyentes de una determinada religi\u00f3n, pertenece al pasado. Ese concepto equivale a una interpretaci\u00f3n profundamente injusta de la Justicia Divina. La Fe es un don, sin duda, pero la donaci\u00f3n&hellip;","jetpack_sharing_enabled":true,"_links":{"self":[{"href":"https:\/\/nuevo-renacer.com\/pt\/wp-json\/wp\/v2\/pages\/3737","targetHints":{"allow":["GET"]}}],"collection":[{"href":"https:\/\/nuevo-renacer.com\/pt\/wp-json\/wp\/v2\/pages"}],"about":[{"href":"https:\/\/nuevo-renacer.com\/pt\/wp-json\/wp\/v2\/types\/page"}],"author":[{"embeddable":true,"href":"https:\/\/nuevo-renacer.com\/pt\/wp-json\/wp\/v2\/users\/1"}],"replies":[{"embeddable":true,"href":"https:\/\/nuevo-renacer.com\/pt\/wp-json\/wp\/v2\/comments?post=3737"}],"version-history":[{"count":1,"href":"https:\/\/nuevo-renacer.com\/pt\/wp-json\/wp\/v2\/pages\/3737\/revisions"}],"predecessor-version":[{"id":3739,"href":"https:\/\/nuevo-renacer.com\/pt\/wp-json\/wp\/v2\/pages\/3737\/revisions\/3739"}],"wp:featuredmedia":[{"embeddable":true,"href":"https:\/\/nuevo-renacer.com\/pt\/wp-json\/wp\/v2\/media\/3738"}],"wp:attachment":[{"href":"https:\/\/nuevo-renacer.com\/pt\/wp-json\/wp\/v2\/media?parent=3737"}],"curies":[{"name":"wp","href":"https:\/\/api.w.org\/{rel}","templated":true}]}}