{"id":3674,"date":"2024-07-11T11:39:51","date_gmt":"2024-07-11T11:39:51","guid":{"rendered":"https:\/\/ufec-mundial.com\/?page_id=3674"},"modified":"2025-05-23T09:32:16","modified_gmt":"2025-05-23T09:32:16","slug":"la-oracion-es-una-fuerza-en-nuestra-vida","status":"publish","type":"page","link":"https:\/\/nuevo-renacer.com\/pt\/la-oracion-es-una-fuerza-en-nuestra-vida\/","title":{"rendered":"A ora\u00e7\u00e3o \u00e9 uma for\u00e7a em nossa vida"},"content":{"rendered":"<div class=\"wp-block-uagb-container uagb-block-d7a4c204 alignfull uagb-is-root-container\"><div class=\"uagb-container-inner-blocks-wrap\">\n<p class=\"has-black-color has-text-color has-link-color has-medium-font-size wp-elements-a1f26fc2d8d641e87613da21427666ea\"><strong>A ora\u00e7\u00e3o \u00e9 uma for\u00e7a em nossa vida<\/strong><\/p>\n<\/div><\/div>\n\n\n\n<div class=\"wp-block-uagb-container uagb-block-4cf15dbc alignfull uagb-is-root-container\"><div class=\"uagb-container-inner-blocks-wrap\">\n<div class=\"wp-block-uagb-image alignleft uagb-block-34fa41aa wp-block-uagb-image--layout-default wp-block-uagb-image--effect-static wp-block-uagb-image--align-left\"><figure class=\"wp-block-uagb-image__figure\"><img loading=\"lazy\" decoding=\"async\" srcset=\"https:\/\/nuevo-renacer.com\/wp-content\/uploads\/2024\/07\/silhouette-of-christian-praying-hands-spiritual-and-religious-people-praying-to-god-christianity-concepts-photo.jpg ,https:\/\/ufec-mundial.com\/wp-content\/uploads\/2024\/07\/silhouette-of-christian-praying-hands-spiritual-and-religious-people-praying-to-god-christianity-concepts-photo.jpg 780w, https:\/\/nuevo-renacer.com\/wp-content\/uploads\/2024\/07\/silhouette-of-christian-praying-hands-spiritual-and-religious-people-praying-to-god-christianity-concepts-photo.jpg 360w\" sizes=\"auto, (max-width: 480px) 150px\" src=\"https:\/\/nuevo-renacer.com\/wp-content\/uploads\/2024\/07\/silhouette-of-christian-praying-hands-spiritual-and-religious-people-praying-to-god-christianity-concepts-photo.jpg\" alt=\"\" class=\"uag-image-3675\" width=\"600\" height=\"400\" title=\"silhouette-of-christian-praying-hands-spiritual-and-religious-people-praying-to-god-christianity-concepts-photo\" role=\"img\"\/><\/figure><\/div>\n<\/div><\/div>\n\n\n\n<div class=\"wp-block-uagb-container uagb-block-9fcc56fd alignfull uagb-is-root-container\"><div class=\"uagb-container-inner-blocks-wrap\">\n<p class=\"has-black-color has-text-color has-link-color has-small-font-size wp-elements-0eaace887211622fee041bf79fbec914\">A principal obra da doutrina esp\u00edrita \u2013 O Livro dos Esp\u00edritos, de Allan Kardec - dedica um cap\u00edtulo inteiro \u00e0 ora\u00e7\u00e3o, definindo-a como um ato leg\u00edtimo de adora\u00e7\u00e3o ao Criador da vida, cuja import\u00e2ncia para n\u00f3s \u00e9 muito grande e muito maior do que geralmente imaginamos.<\/p>\n\n\n\n<p class=\"has-black-color has-text-color has-link-color has-small-font-size wp-elements-23380fc1f7e3d2bc44feac2161c42385\">Orar a Deus\u201d, ensina o Espiritismo, \u2018\u00e9 pensar nele; \u00e9 aproximar-se dele; \u00e9 p\u00f4r-se em comunica\u00e7\u00e3o com ele\u2019. (O Livro dos Esp\u00edritos, item 659.)<\/p>\n\n\n\n<p class=\"has-black-color has-text-color has-link-color has-small-font-size wp-elements-5111fbd2ca178d79484cc3145cd8a876\">Ensinada pelo Cristo e por Seus mestres espirituais, a ora\u00e7\u00e3o \u00e9, na verdade, uma manifesta\u00e7\u00e3o da alma em busca da Presen\u00e7a Divina, uma esp\u00e9cie de conversa com o Criador ou com Seus representantes, e deve, portanto, ser despojada de todo e qualquer formalismo.<\/p>\n\n\n\n<p class=\"has-black-color has-text-color has-link-color has-small-font-size wp-elements-a1fe21d1eec53b5ba33a8a147691b9dc\">A prece deve ser o primeiro ato em nosso retorno \u00e0s atividades cotidianas e, portanto, cultivada diariamente. \u00c9 o que recomenda o Esp\u00edrito Monod em uma mensagem constante no cap\u00edtulo 27, item 22, de O Evangelho segundo o Espiritismo.<\/p>\n\n\n\n<p class=\"has-black-color has-text-color has-link-color has-small-font-size wp-elements-6bede0debf9e0fc97bfad47b789a5588\"><strong>Vamos relembrar aqui algumas das recomenda\u00e7\u00f5es sobre a ora\u00e7\u00e3o encontradas na doutrina esp\u00edrita:<\/strong><\/p>\n\n\n\n<div class=\"wp-block-group is-layout-constrained wp-block-group-is-layout-constrained\">\n<p class=\"has-small-font-size\">\u2022 A ora\u00e7\u00e3o, quando feita de cora\u00e7\u00e3o, \u00e9 sempre agrad\u00e1vel a Deus.<\/p>\n\n\n\n<p class=\"has-small-font-size\">\u2022 A ora\u00e7\u00e3o deve ser secreta, n\u00e3o precisa ser longa e deve ser precedida pelo ato de perd\u00e3o.<\/p>\n\n\n\n<p class=\"has-small-font-size\">\u2022 A ora\u00e7\u00e3o n\u00e3o pode ser paga, porque \u201c\u00e9 um ato de caridade, um ato do cora\u00e7\u00e3o\u201d.<\/p>\n\n\n\n<p class=\"has-small-font-size\">\u2022 O essencial n\u00e3o \u00e9 orar muito, mas orar bem.<\/p>\n\n\n\n<p class=\"has-small-font-size\">\u2022 A ora\u00e7\u00e3o deve ser espont\u00e2nea, objetiva, cheia de sentimentos elevados, que precisam ser sempre cultivados.<\/p>\n\n\n\n<p class=\"has-small-font-size\">\u2022 A forma da frase \u00e9 irrelevante, mas o conte\u00fado \u00e9.<\/p>\n\n\n\n<p class=\"has-small-font-size\">\u2022 A atitude de quem ora \u00e9 \u00edntima, eminentemente espiritual. As atitudes convencionais, a postura externa e os rituais s\u00e3o vestimentas dispens\u00e1veis para o ato de orar.<\/p>\n\n\n\n<p class=\"has-small-font-size\">\u2022 A frase deve traduzir o que realmente estamos sentindo, pensando e querendo naquele momento, de forma precisa, sem ser uma repeti\u00e7\u00e3o de termos que, na maioria das vezes, s\u00e3o inintelig\u00edveis para quem fala.<\/p>\n\n\n\n<p class=\"has-small-font-size\">\u2022 A ora\u00e7\u00e3o torna o homem melhor, porque aquele que ora com fervor e confian\u00e7a se torna mais forte contra as tenta\u00e7\u00f5es do mal, e Deus lhe envia bons esp\u00edritos para ajud\u00e1-lo.<\/p>\n\n\n\n<p class=\"has-small-font-size\">\u2022 Podemos pedir a Deus que nos perdoe por nossas falhas, mas s\u00f3 obteremos o perd\u00e3o se mudarmos a maneira como agimos, pois as boas a\u00e7\u00f5es s\u00e3o a melhor ora\u00e7\u00e3o e as a\u00e7\u00f5es falam mais alto do que as palavras.<\/p>\n<\/div>\n<\/div><\/div>\n\n\n\n<div class=\"wp-block-uagb-container uagb-block-3137b92e alignfull uagb-is-root-container\"><div class=\"uagb-container-inner-blocks-wrap\"><\/div><\/div>\n\n\n\n<div class=\"wp-block-uagb-container uagb-block-8428b456 alignfull uagb-is-root-container\"><div class=\"uagb-container-inner-blocks-wrap\"><\/div><\/div>","protected":false},"excerpt":{"rendered":"<p>La oraci\u00f3n es una fuerza en nuestra vida La principal obra de la doctrina espirita \u2013 El Libro de los Esp\u00edritus, de Allan Kardec \u2013 dedica un cap\u00edtulo entero a la oraci\u00f3n, definiendo \u00e9sta como un legitimo acto de adoraci\u00f3n al Creador de la vida, cuya importancia para nosotros es muy grande y bien superior [&hellip;]<\/p>","protected":false},"author":1,"featured_media":3675,"parent":0,"menu_order":0,"comment_status":"closed","ping_status":"closed","template":"","meta":{"_uag_custom_page_level_css":"","site-sidebar-layout":"default","site-content-layout":"","ast-site-content-layout":"default","site-content-style":"default","site-sidebar-style":"default","ast-global-header-display":"","ast-banner-title-visibility":"","ast-main-header-display":"","ast-hfb-above-header-display":"","ast-hfb-below-header-display":"","ast-hfb-mobile-header-display":"","site-post-title":"disabled","ast-breadcrumbs-content":"","ast-featured-img":"","footer-sml-layout":"","theme-transparent-header-meta":"","adv-header-id-meta":"","stick-header-meta":"","header-above-stick-meta":"","header-main-stick-meta":"","header-below-stick-meta":"","astra-migrate-meta-layouts":"set","ast-page-background-enabled":"default","ast-page-background-meta":{"desktop":{"background-color":"var(--ast-global-color-4)","background-image":"","background-repeat":"repeat","background-position":"center center","background-size":"auto","background-attachment":"scroll","background-type":"","background-media":"","overlay-type":"","overlay-color":"","overlay-opacity":"","overlay-gradient":""},"tablet":{"background-color":"","background-image":"","background-repeat":"repeat","background-position":"center center","background-size":"auto","background-attachment":"scroll","background-type":"","background-media":"","overlay-type":"","overlay-color":"","overlay-opacity":"","overlay-gradient":""},"mobile":{"background-color":"","background-image":"","background-repeat":"repeat","background-position":"center center","background-size":"auto","background-attachment":"scroll","background-type":"","background-media":"","overlay-type":"","overlay-color":"","overlay-opacity":"","overlay-gradient":""}},"ast-content-background-meta":{"desktop":{"background-color":"var(--ast-global-color-5)","background-image":"","background-repeat":"repeat","background-position":"center center","background-size":"auto","background-attachment":"scroll","background-type":"","background-media":"","overlay-type":"","overlay-color":"","overlay-opacity":"","overlay-gradient":""},"tablet":{"background-color":"var(--ast-global-color-5)","background-image":"","background-repeat":"repeat","background-position":"center center","background-size":"auto","background-attachment":"scroll","background-type":"","background-media":"","overlay-type":"","overlay-color":"","overlay-opacity":"","overlay-gradient":""},"mobile":{"background-color":"var(--ast-global-color-5)","background-image":"","background-repeat":"repeat","background-position":"center center","background-size":"auto","background-attachment":"scroll","background-type":"","background-media":"","overlay-type":"","overlay-color":"","overlay-opacity":"","overlay-gradient":""}},"footnotes":""},"class_list":["post-3674","page","type-page","status-publish","has-post-thumbnail","hentry"],"yoast_head":"<!-- This site is optimized with the Yoast SEO Premium plugin v24.2 (Yoast SEO v24.6) - https:\/\/yoast.com\/wordpress\/plugins\/seo\/ -->\n<title>La oraci\u00f3n es una fuerza en nuestra vida - Uni\u00f3n Esp\u00edrita<\/title>\n<meta name=\"robots\" content=\"index, follow, max-snippet:-1, max-image-preview:large, max-video-preview:-1\" \/>\n<link rel=\"canonical\" href=\"https:\/\/nuevo-renacer.com\/pt\/la-oracion-es-una-fuerza-en-nuestra-vida\/\" \/>\n<meta property=\"og:locale\" content=\"pt_BR\" \/>\n<meta property=\"og:type\" content=\"article\" \/>\n<meta property=\"og:title\" content=\"La oraci\u00f3n es una fuerza en nuestra vida\" \/>\n<meta property=\"og:description\" content=\"La oraci\u00f3n es una fuerza en nuestra vida La principal obra de la doctrina espirita \u2013 El Libro de los Esp\u00edritus, de Allan Kardec \u2013 dedica un cap\u00edtulo entero a la oraci\u00f3n, definiendo \u00e9sta como un legitimo acto de adoraci\u00f3n al Creador de la vida, cuya importancia para nosotros es muy grande y bien superior [&hellip;]\" \/>\n<meta property=\"og:url\" content=\"https:\/\/nuevo-renacer.com\/pt\/la-oracion-es-una-fuerza-en-nuestra-vida\/\" \/>\n<meta property=\"og:site_name\" content=\"Uni\u00f3n Esp\u00edrita\" \/>\n<meta property=\"article:publisher\" content=\"https:\/\/www.facebook.com\/groups\/3431398063740829\" \/>\n<meta property=\"article:modified_time\" content=\"2025-05-23T09:32:16+00:00\" \/>\n<meta property=\"og:image\" content=\"https:\/\/nuevo-renacer.com\/wp-content\/uploads\/2024\/07\/silhouette-of-christian-praying-hands-spiritual-and-religious-people-praying-to-god-christianity-concepts-photo.jpg\" \/>\n\t<meta property=\"og:image:width\" content=\"600\" \/>\n\t<meta property=\"og:image:height\" content=\"400\" \/>\n\t<meta property=\"og:image:type\" content=\"image\/jpeg\" \/>\n<meta name=\"twitter:card\" content=\"summary_large_image\" \/>\n<meta name=\"twitter:label1\" content=\"Est. tempo de leitura\" \/>\n\t<meta name=\"twitter:data1\" content=\"3 minutos\" \/>\n<script type=\"application\/ld+json\" class=\"yoast-schema-graph\">{\"@context\":\"https:\/\/schema.org\",\"@graph\":[{\"@type\":\"WebPage\",\"@id\":\"https:\/\/nuevo-renacer.com\/la-oracion-es-una-fuerza-en-nuestra-vida\/\",\"url\":\"https:\/\/nuevo-renacer.com\/la-oracion-es-una-fuerza-en-nuestra-vida\/\",\"name\":\"La oraci\u00f3n es una fuerza en nuestra vida - Uni\u00f3n Esp\u00edrita\",\"isPartOf\":{\"@id\":\"https:\/\/nuevo-renacer.com\/#website\"},\"primaryImageOfPage\":{\"@id\":\"https:\/\/nuevo-renacer.com\/la-oracion-es-una-fuerza-en-nuestra-vida\/#primaryimage\"},\"image\":{\"@id\":\"https:\/\/nuevo-renacer.com\/la-oracion-es-una-fuerza-en-nuestra-vida\/#primaryimage\"},\"thumbnailUrl\":\"https:\/\/nuevo-renacer.com\/wp-content\/uploads\/2024\/07\/silhouette-of-christian-praying-hands-spiritual-and-religious-people-praying-to-god-christianity-concepts-photo.jpg\",\"datePublished\":\"2024-07-11T11:39:51+00:00\",\"dateModified\":\"2025-05-23T09:32:16+00:00\",\"breadcrumb\":{\"@id\":\"https:\/\/nuevo-renacer.com\/la-oracion-es-una-fuerza-en-nuestra-vida\/#breadcrumb\"},\"inLanguage\":\"pt-BR\",\"potentialAction\":[{\"@type\":\"ReadAction\",\"target\":[\"https:\/\/nuevo-renacer.com\/la-oracion-es-una-fuerza-en-nuestra-vida\/\"]}]},{\"@type\":\"ImageObject\",\"inLanguage\":\"pt-BR\",\"@id\":\"https:\/\/nuevo-renacer.com\/la-oracion-es-una-fuerza-en-nuestra-vida\/#primaryimage\",\"url\":\"https:\/\/nuevo-renacer.com\/wp-content\/uploads\/2024\/07\/silhouette-of-christian-praying-hands-spiritual-and-religious-people-praying-to-god-christianity-concepts-photo.jpg\",\"contentUrl\":\"https:\/\/nuevo-renacer.com\/wp-content\/uploads\/2024\/07\/silhouette-of-christian-praying-hands-spiritual-and-religious-people-praying-to-god-christianity-concepts-photo.jpg\",\"width\":600,\"height\":400},{\"@type\":\"BreadcrumbList\",\"@id\":\"https:\/\/nuevo-renacer.com\/la-oracion-es-una-fuerza-en-nuestra-vida\/#breadcrumb\",\"itemListElement\":[{\"@type\":\"ListItem\",\"position\":1,\"name\":\"Startseite\",\"item\":\"https:\/\/nuevo-renacer.com\/\"},{\"@type\":\"ListItem\",\"position\":2,\"name\":\"La oraci\u00f3n es una fuerza en nuestra vida\"}]},{\"@type\":\"WebSite\",\"@id\":\"https:\/\/nuevo-renacer.com\/#website\",\"url\":\"https:\/\/nuevo-renacer.com\/\",\"name\":\"Uni\u00f3n Esp\u00edrita\",\"description\":\"Nuevo Renacer\",\"publisher\":{\"@id\":\"https:\/\/nuevo-renacer.com\/#organization\"},\"potentialAction\":[{\"@type\":\"SearchAction\",\"target\":{\"@type\":\"EntryPoint\",\"urlTemplate\":\"https:\/\/nuevo-renacer.com\/?s={search_term_string}\"},\"query-input\":{\"@type\":\"PropertyValueSpecification\",\"valueRequired\":true,\"valueName\":\"search_term_string\"}}],\"inLanguage\":\"pt-BR\"},{\"@type\":\"Organization\",\"@id\":\"https:\/\/nuevo-renacer.com\/#organization\",\"name\":\"UFEC\",\"url\":\"https:\/\/nuevo-renacer.com\/\",\"logo\":{\"@type\":\"ImageObject\",\"inLanguage\":\"pt-BR\",\"@id\":\"https:\/\/nuevo-renacer.com\/#\/schema\/logo\/image\/\",\"url\":\"https:\/\/nuevo-renacer.com\/wp-content\/uploads\/2024\/05\/cropped-LOGO-TERMINADO1-3-3.png\",\"contentUrl\":\"https:\/\/nuevo-renacer.com\/wp-content\/uploads\/2024\/05\/cropped-LOGO-TERMINADO1-3-3.png\",\"width\":512,\"height\":512,\"caption\":\"UFEC\"},\"image\":{\"@id\":\"https:\/\/nuevo-renacer.com\/#\/schema\/logo\/image\/\"},\"sameAs\":[\"https:\/\/www.facebook.com\/groups\/3431398063740829\"]}]}<\/script>\n<!-- \/ Yoast SEO Premium plugin. -->","yoast_head_json":{"title":"La oraci\u00f3n es una fuerza en nuestra vida - Uni\u00f3n Esp\u00edrita","robots":{"index":"index","follow":"follow","max-snippet":"max-snippet:-1","max-image-preview":"max-image-preview:large","max-video-preview":"max-video-preview:-1"},"canonical":"https:\/\/nuevo-renacer.com\/pt\/la-oracion-es-una-fuerza-en-nuestra-vida\/","og_locale":"pt_BR","og_type":"article","og_title":"La oraci\u00f3n es una fuerza en nuestra vida","og_description":"La oraci\u00f3n es una fuerza en nuestra vida La principal obra de la doctrina espirita \u2013 El Libro de los Esp\u00edritus, de Allan Kardec \u2013 dedica un cap\u00edtulo entero a la oraci\u00f3n, definiendo \u00e9sta como un legitimo acto de adoraci\u00f3n al Creador de la vida, cuya importancia para nosotros es muy grande y bien superior [&hellip;]","og_url":"https:\/\/nuevo-renacer.com\/pt\/la-oracion-es-una-fuerza-en-nuestra-vida\/","og_site_name":"Uni\u00f3n Esp\u00edrita","article_publisher":"https:\/\/www.facebook.com\/groups\/3431398063740829","article_modified_time":"2025-05-23T09:32:16+00:00","og_image":[{"width":600,"height":400,"url":"https:\/\/nuevo-renacer.com\/wp-content\/uploads\/2024\/07\/silhouette-of-christian-praying-hands-spiritual-and-religious-people-praying-to-god-christianity-concepts-photo.jpg","type":"image\/jpeg"}],"twitter_card":"summary_large_image","twitter_misc":{"Est. tempo de leitura":"3 minutos"},"schema":{"@context":"https:\/\/schema.org","@graph":[{"@type":"WebPage","@id":"https:\/\/nuevo-renacer.com\/la-oracion-es-una-fuerza-en-nuestra-vida\/","url":"https:\/\/nuevo-renacer.com\/la-oracion-es-una-fuerza-en-nuestra-vida\/","name":"La oraci\u00f3n es una fuerza en nuestra vida - Uni\u00f3n Esp\u00edrita","isPartOf":{"@id":"https:\/\/nuevo-renacer.com\/#website"},"primaryImageOfPage":{"@id":"https:\/\/nuevo-renacer.com\/la-oracion-es-una-fuerza-en-nuestra-vida\/#primaryimage"},"image":{"@id":"https:\/\/nuevo-renacer.com\/la-oracion-es-una-fuerza-en-nuestra-vida\/#primaryimage"},"thumbnailUrl":"https:\/\/nuevo-renacer.com\/wp-content\/uploads\/2024\/07\/silhouette-of-christian-praying-hands-spiritual-and-religious-people-praying-to-god-christianity-concepts-photo.jpg","datePublished":"2024-07-11T11:39:51+00:00","dateModified":"2025-05-23T09:32:16+00:00","breadcrumb":{"@id":"https:\/\/nuevo-renacer.com\/la-oracion-es-una-fuerza-en-nuestra-vida\/#breadcrumb"},"inLanguage":"pt-BR","potentialAction":[{"@type":"ReadAction","target":["https:\/\/nuevo-renacer.com\/la-oracion-es-una-fuerza-en-nuestra-vida\/"]}]},{"@type":"ImageObject","inLanguage":"pt-BR","@id":"https:\/\/nuevo-renacer.com\/la-oracion-es-una-fuerza-en-nuestra-vida\/#primaryimage","url":"https:\/\/nuevo-renacer.com\/wp-content\/uploads\/2024\/07\/silhouette-of-christian-praying-hands-spiritual-and-religious-people-praying-to-god-christianity-concepts-photo.jpg","contentUrl":"https:\/\/nuevo-renacer.com\/wp-content\/uploads\/2024\/07\/silhouette-of-christian-praying-hands-spiritual-and-religious-people-praying-to-god-christianity-concepts-photo.jpg","width":600,"height":400},{"@type":"BreadcrumbList","@id":"https:\/\/nuevo-renacer.com\/la-oracion-es-una-fuerza-en-nuestra-vida\/#breadcrumb","itemListElement":[{"@type":"ListItem","position":1,"name":"Startseite","item":"https:\/\/nuevo-renacer.com\/"},{"@type":"ListItem","position":2,"name":"La oraci\u00f3n es una fuerza en nuestra vida"}]},{"@type":"WebSite","@id":"https:\/\/nuevo-renacer.com\/#website","url":"https:\/\/nuevo-renacer.com\/","name":"Uni\u00f3n Esp\u00edrita","description":"Nuevo Renacer","publisher":{"@id":"https:\/\/nuevo-renacer.com\/#organization"},"potentialAction":[{"@type":"SearchAction","target":{"@type":"EntryPoint","urlTemplate":"https:\/\/nuevo-renacer.com\/?s={search_term_string}"},"query-input":{"@type":"PropertyValueSpecification","valueRequired":true,"valueName":"search_term_string"}}],"inLanguage":"pt-BR"},{"@type":"Organization","@id":"https:\/\/nuevo-renacer.com\/#organization","name":"UFEC","url":"https:\/\/nuevo-renacer.com\/","logo":{"@type":"ImageObject","inLanguage":"pt-BR","@id":"https:\/\/nuevo-renacer.com\/#\/schema\/logo\/image\/","url":"https:\/\/nuevo-renacer.com\/wp-content\/uploads\/2024\/05\/cropped-LOGO-TERMINADO1-3-3.png","contentUrl":"https:\/\/nuevo-renacer.com\/wp-content\/uploads\/2024\/05\/cropped-LOGO-TERMINADO1-3-3.png","width":512,"height":512,"caption":"UFEC"},"image":{"@id":"https:\/\/nuevo-renacer.com\/#\/schema\/logo\/image\/"},"sameAs":["https:\/\/www.facebook.com\/groups\/3431398063740829"]}]}},"uagb_featured_image_src":{"full":["https:\/\/nuevo-renacer.com\/wp-content\/uploads\/2024\/07\/silhouette-of-christian-praying-hands-spiritual-and-religious-people-praying-to-god-christianity-concepts-photo.jpg",600,400,false],"thumbnail":["https:\/\/nuevo-renacer.com\/wp-content\/uploads\/2024\/07\/silhouette-of-christian-praying-hands-spiritual-and-religious-people-praying-to-god-christianity-concepts-photo-150x150.jpg",150,150,true],"medium":["https:\/\/nuevo-renacer.com\/wp-content\/uploads\/2024\/07\/silhouette-of-christian-praying-hands-spiritual-and-religious-people-praying-to-god-christianity-concepts-photo-300x200.jpg",300,200,true],"medium_large":["https:\/\/nuevo-renacer.com\/wp-content\/uploads\/2024\/07\/silhouette-of-christian-praying-hands-spiritual-and-religious-people-praying-to-god-christianity-concepts-photo.jpg",600,400,false],"large":["https:\/\/nuevo-renacer.com\/wp-content\/uploads\/2024\/07\/silhouette-of-christian-praying-hands-spiritual-and-religious-people-praying-to-god-christianity-concepts-photo.jpg",600,400,false],"1536x1536":["https:\/\/nuevo-renacer.com\/wp-content\/uploads\/2024\/07\/silhouette-of-christian-praying-hands-spiritual-and-religious-people-praying-to-god-christianity-concepts-photo.jpg",600,400,false],"2048x2048":["https:\/\/nuevo-renacer.com\/wp-content\/uploads\/2024\/07\/silhouette-of-christian-praying-hands-spiritual-and-religious-people-praying-to-god-christianity-concepts-photo.jpg",600,400,false],"trp-custom-language-flag":["https:\/\/nuevo-renacer.com\/wp-content\/uploads\/2024\/07\/silhouette-of-christian-praying-hands-spiritual-and-religious-people-praying-to-god-christianity-concepts-photo-18x12.jpg",18,12,true]},"uagb_author_info":{"display_name":"adbv0","author_link":"https:\/\/nuevo-renacer.com\/pt\/author\/adbv0\/"},"uagb_comment_info":0,"uagb_excerpt":"La oraci\u00f3n es una fuerza en nuestra vida La principal obra de la doctrina espirita \u2013 El Libro de los Esp\u00edritus, de Allan Kardec \u2013 dedica un cap\u00edtulo entero a la oraci\u00f3n, definiendo \u00e9sta como un legitimo acto de adoraci\u00f3n al Creador de la vida, cuya importancia para nosotros es muy grande y bien superior&hellip;","jetpack_sharing_enabled":true,"_links":{"self":[{"href":"https:\/\/nuevo-renacer.com\/pt\/wp-json\/wp\/v2\/pages\/3674","targetHints":{"allow":["GET"]}}],"collection":[{"href":"https:\/\/nuevo-renacer.com\/pt\/wp-json\/wp\/v2\/pages"}],"about":[{"href":"https:\/\/nuevo-renacer.com\/pt\/wp-json\/wp\/v2\/types\/page"}],"author":[{"embeddable":true,"href":"https:\/\/nuevo-renacer.com\/pt\/wp-json\/wp\/v2\/users\/1"}],"replies":[{"embeddable":true,"href":"https:\/\/nuevo-renacer.com\/pt\/wp-json\/wp\/v2\/comments?post=3674"}],"version-history":[{"count":2,"href":"https:\/\/nuevo-renacer.com\/pt\/wp-json\/wp\/v2\/pages\/3674\/revisions"}],"predecessor-version":[{"id":8174,"href":"https:\/\/nuevo-renacer.com\/pt\/wp-json\/wp\/v2\/pages\/3674\/revisions\/8174"}],"wp:featuredmedia":[{"embeddable":true,"href":"https:\/\/nuevo-renacer.com\/pt\/wp-json\/wp\/v2\/media\/3675"}],"wp:attachment":[{"href":"https:\/\/nuevo-renacer.com\/pt\/wp-json\/wp\/v2\/media?parent=3674"}],"curies":[{"name":"wp","href":"https:\/\/api.w.org\/{rel}","templated":true}]}}