{"id":3667,"date":"2024-07-11T11:06:05","date_gmt":"2024-07-11T11:06:05","guid":{"rendered":"https:\/\/ufec-mundial.com\/?page_id=3667"},"modified":"2025-05-23T09:48:45","modified_gmt":"2025-05-23T09:48:45","slug":"la-verdadera-caridad-segun-el-espiritismo","status":"publish","type":"page","link":"https:\/\/nuevo-renacer.com\/pt\/la-verdadera-caridad-segun-el-espiritismo\/","title":{"rendered":"A verdadeira caridade, segundo o Espiritismo"},"content":{"rendered":"<div class=\"wp-block-uagb-container uagb-block-6f2098b7 alignfull uagb-is-root-container\"><div class=\"uagb-container-inner-blocks-wrap\">\n<p class=\"has-black-color has-text-color has-link-color has-medium-font-size wp-elements-5a9a27f92373d60b1b52e59e14214c51\"><strong>A verdadeira caridade, segundo o Espiritismo<\/strong><\/p>\n<\/div><\/div>\n\n\n\n<div class=\"wp-block-uagb-container uagb-block-7963da1f alignfull uagb-is-root-container\"><div class=\"uagb-container-inner-blocks-wrap\">\n<div class=\"wp-block-uagb-image alignleft uagb-block-9ad24a57 wp-block-uagb-image--layout-default wp-block-uagb-image--effect-static wp-block-uagb-image--align-left\"><figure class=\"wp-block-uagb-image__figure\"><img loading=\"lazy\" decoding=\"async\" srcset=\"https:\/\/nuevo-renacer.com\/wp-content\/uploads\/2024\/07\/Download-1.jpg ,https:\/\/ufec-mundial.com\/wp-content\/uploads\/2024\/07\/Download-1.jpg 780w, https:\/\/nuevo-renacer.com\/wp-content\/uploads\/2024\/07\/Download-1.jpg 360w\" sizes=\"auto, (max-width: 480px) 150px\" src=\"https:\/\/nuevo-renacer.com\/wp-content\/uploads\/2024\/07\/Download-1.jpg\" alt=\"\" class=\"uag-image-3668\" width=\"395\" height=\"181\" title=\"Download-1\" role=\"img\"\/><\/figure><\/div>\n<\/div><\/div>\n\n\n\n<div class=\"wp-block-uagb-container uagb-block-4fe15303 alignfull uagb-is-root-container\"><div class=\"uagb-container-inner-blocks-wrap\">\n<p class=\"has-black-color has-text-color has-link-color has-small-font-size wp-elements-c67230389e26cccc62f99763abcd92c3\">Caridad: t\u00e9rmino tan usado en todas partes, pero a\u00fan&nbsp;tan incomprendido.<\/p>\n\n\n\n<p class=\"has-black-color has-text-color has-link-color has-small-font-size wp-elements-5cebd9c80753f8fbd1579f1140523acc\">O que \u00e9 a verdadeira Caridade, segundo o Espiritismo?<\/p>\n\n\n\n<p class=\"has-black-color has-text-color has-link-color has-small-font-size wp-elements-56a0ead3aeb65c0523bbafa00ecb52f2\">Para n\u00f3s, esp\u00edritas, ela aparece em toda parte, em toda a literatura. Kardec fez dela uma base necess\u00e1ria para toda a felicidade, dizendo: \u201cfora da caridade n\u00e3o h\u00e1 salva\u00e7\u00e3o\u201d. A afirma\u00e7\u00e3o, \u00e9 claro, nasceu de uma certa oposi\u00e7\u00e3o ao dogmatismo religioso, que tentava proclamar que a salva\u00e7\u00e3o estava em todas as seitas, de forma exclusivista e at\u00e9 ego\u00edsta, mas continua sendo verdadeira, porque, sem caridade, n\u00e3o h\u00e1 amor ao pr\u00f3ximo...<\/p>\n\n\n\n<p class=\"has-black-color has-text-color has-link-color has-small-font-size wp-elements-73598ff9ef1f8dca8ef17497de282873\">No entanto, o termo caridade passou a ter a conota\u00e7\u00e3o de assistencialismo, quase que exclusivamente, tornando-se sin\u00f4nimo de doa\u00e7\u00e3o material. Mas para que possamos realmente entend\u00ea-la no contexto esp\u00edrita, precisamos voltar ao contexto de Allan Kardec na Fran\u00e7a, em meados da d\u00e9cada de 1850:<\/p>\n\n\n\n<p class=\"has-black-color has-text-color has-link-color has-small-font-size wp-elements-8f19a0c575bb016fbb62dd5dc5491363\"><em>\u00c9 importante destacar que o termo caridade utilizado por Kardec, para o Espiritismo Racional, naquela \u00e9poca (diferente da defini\u00e7\u00e3o atual do termo, pr\u00f3xima ao assistencialismo), representava o agir por dever, ou seja, de forma livre, consciente, intencional, independentemente de puni\u00e7\u00f5es e recompensas, com plena compreens\u00e3o da lei moral. A caridade \u00e9 um princ\u00edpio que orienta a a\u00e7\u00e3o integral do ser, e n\u00e3o uma atividade complementar, como se fosse uma conduta acess\u00f3ria. [...].<\/em><\/p>\n\n\n\n<p class=\"has-black-color has-text-color has-link-color has-small-font-size wp-elements-0e2d26749614c93242b3b408286bdedf\">Paulo Henrique de Figueiredo \u2013 El legado de Allan Kardec<\/p>\n\n\n\n<p class=\"has-black-color has-text-color has-link-color has-small-font-size wp-elements-ef69e88880e9c725df6ed0975787e712\">Vemos, assim, que a caridade, devidamente compreendida, deve ser o modo de ser, o modo de proceder, e n\u00e3o se limitar a a\u00e7\u00f5es isoladas que, muitas vezes, falam mais da necessidade de ser visto como uma \u201cpessoa caridosa\u201d, situa\u00e7\u00e3o em que n\u00e3o h\u00e1 verdadeira caridade, mas apenas ego e vaidade. Mais do que isso, a caridade n\u00e3o se limita a doa\u00e7\u00f5es materiais. Na verdade, eu diria que ela \u00e9, na maioria das vezes, o oposto da doa\u00e7\u00e3o material, j\u00e1 que aqueles que doam materialmente, seja dinheiro, comida, coisas, geralmente o fazem como uma forma de al\u00edvio de consci\u00eancia.<\/p>\n\n\n\n<p class=\"has-black-color has-text-color has-link-color has-small-font-size wp-elements-0d8a6b83022a541ac7d7d55b03269ba8\">El mismo Cristo ejemplifica, en la \u201cpar\u00e1bola del \u00f3bolo de la viuda\u201d, que la verdadera intenci\u00f3n, o, si se quiere, la fe, es la que m\u00e1s habla. Mucha gente dona dinero u otros recursos queriendo&nbsp;De Verdad&nbsp;haciendo el bien y, por supuesto, eso cuenta mucho. Pero cu\u00e1ntas veces nos limitamos a hacer una donaci\u00f3n material, sin siquiera reflexionar sobre lo que estamos haciendo y sobre la situaci\u00f3n real de esa persona que nos pide, en un acto [enga\u00f1oso], casi siempre, de librarnos de ir m\u00e1s all\u00e1, o solo&nbsp;\u00bfSentirse bien?<\/p>\n\n\n\n<p class=\"has-black-color has-text-color has-link-color has-small-font-size wp-elements-4b1c5dfdb7281e68276946608a4652fa\">Vamos pensar: quantas pessoas usam as doa\u00e7\u00f5es para, revendendo recursos, obter dinheiro para comprar rem\u00e9dios? Quantas pessoas, tendo recursos f\u00e1ceis \u00e0 disposi\u00e7\u00e3o, se lan\u00e7am nos piores v\u00edcios e desperd\u00edcios, cavando cada vez mais fundo no mesmo buraco em que est\u00e3o se afundando? Ser\u00e1 que doar regularmente para essas pessoas realmente ajuda a situa\u00e7\u00e3o delas? Ser\u00e1 mesmo que se os ricos simplesmente doassem suas fortunas, a mis\u00e9ria humana acabaria?<\/p>\n\n\n\n<p class=\"has-black-color has-text-color has-link-color has-small-font-size wp-elements-1fe96545e0c93e3e15f1e35d19e84bf9\">N\u00e3o estou dizendo, de forma alguma, que n\u00e3o devemos doar recursos materiais; mas pensemos al\u00e9m disso, analisando cada situa\u00e7\u00e3o e procurando ser fraternos com o irm\u00e3o que nos procura, preocupados genuinamente com a situa\u00e7\u00e3o dessa pessoa. Muitas vezes, uma simples pergunta como \u201cPor que voc\u00ea est\u00e1 na rua, irm\u00e3o? O que est\u00e1 acontecendo?\u201d pode abrir caminho para um relacionamento muito mais frut\u00edfero que, n\u00e3o esque\u00e7amos, beneficia ambos os lados.<\/p>\n\n\n\n<p class=\"has-black-color has-text-color has-link-color has-small-font-size wp-elements-acaf408da97786eec111340b592916b9\">O indiv\u00edduo que realmente quer fazer o bem n\u00e3o faz caridade uma vez por m\u00eas ou uma vez por semana: ele \u00e9 gentil o tempo todo. E ser caridoso significa colocar os outros \u00e0 frente de nossos pr\u00f3prios desejos e necessidades. Quantas vezes as pessoas que est\u00e3o passando pelos momentos mais dif\u00edceis de suas vidas encontram for\u00e7as para fazer caridade dando um sorriso a algu\u00e9m que est\u00e1 chorando ainda mais?<\/p>\n\n\n\n<p class=\"has-black-color has-text-color has-link-color has-small-font-size wp-elements-aeceba42106e25a81084b7964c86b912\">Quando pensamos, portanto, em caridade, devemos necessariamente pensar em uma coisa: ir al\u00e9m dela. Se doarmos algo material, que isso seja apenas a porta para criar um v\u00ednculo e uma abertura para aprofundar o relacionamento com o irm\u00e3o que pode estar sofrendo muito. Mas, acima de tudo, n\u00e3o nos esque\u00e7amos de que a maior caridade que podemos fazer aos outros \u00e9 levar-lhes amor, f\u00e9 e conforto, especialmente por meio do exemplo de algu\u00e9m que vive o que diz e n\u00e3o apenas como algu\u00e9m que joga palavras ao vento.<\/p>\n\n\n\n<p class=\"has-black-color has-text-color has-link-color has-small-font-size wp-elements-36f67fa7e0427e9781ec20816037fe9a\">\u00c9, portanto, uma esp\u00e9cie de caridade para com a humanidade que lutemos pelo nosso pr\u00f3prio aprimoramento moral, procurando nos modificar \u00e0 luz daquilo que nos conforta e, no nosso caso, estudando com dedica\u00e7\u00e3o o Espiritismo, doutrina que, muitas vezes na vida, nos salvou de m\u00e1s decis\u00f5es ou nos conduziu a melhores caminhos. Aprendamos a divulg\u00e1-la sem escandalizar, ou seja, sem iniciar conversas falando de reencarna\u00e7\u00e3o e obsess\u00e3o, mas sim apresentando a filosofia consoladora encontrada nessa Doutrina.<\/p>\n\n\n\n<p class=\"has-black-color has-text-color has-link-color has-small-font-size wp-elements-56ee9eece3912b393aba2e743e35b855\">Ent\u00e3o sairemos pela porta e encontraremos pessoas por toda parte, desesperadamente necessitadas de algo que as conforte, que as ajude a tirar da cabe\u00e7a a ideia de desistir, que as ajude a superar as prova\u00e7\u00f5es da vida com f\u00e9 inabal\u00e1vel e firme determina\u00e7\u00e3o. Quase sempre s\u00e3o pessoas dif\u00edceis, devido ao momento de crise em que vivem, e n\u00e3o seria uma caridade maior nos esfor\u00e7armos para ajud\u00e1-las, de forma persistente e fraterna, mesmo sabendo que muitas vezes teremos dificuldades nesse contato inicialmente dif\u00edcil?<\/p>\n\n\n\n<p class=\"has-black-color has-text-color has-link-color has-small-font-size wp-elements-3165d23a7187291905aa189068349290\">Acreditem, irm\u00e3os: fazemos uma caridade muito maior deixando para tr\u00e1s nossas imperfei\u00e7\u00f5es e espalhando confortos e percep\u00e7\u00f5es que podem mudar, para sempre, a dire\u00e7\u00e3o de um Esp\u00edrito, do que simplesmente doando uma \u201ccoisa\u201d, que Ele usar\u00e1 e descartar\u00e1, enquanto damos as costas a Ele e seguimos com nossas vidas, sem querer ir al\u00e9m. Afinal, qual \u00e9 o sentido de doar um saco de arroz para algu\u00e9m que pede na porta quando n\u00e3o somos caridosos nem mesmo com nossos pr\u00f3prios familiares ou com nossos subordinados no trabalho?<\/p>\n<\/div><\/div>","protected":false},"excerpt":{"rendered":"<p>La verdadera caridad, seg\u00fan el Espiritismo Caridad: t\u00e9rmino tan usado en todas partes, pero a\u00fan&nbsp;tan incomprendido. \u00bfQu\u00e9 ser\u00eda la verdadera Caridad, seg\u00fan el Espiritismo? Para nosotros, los espiritistas, aparece en todas partes, en toda la literatura. Kardec la hizo base necesaria para toda felicidad, diciendo: \u201cfuera de la caridad no hay salvaci\u00f3n\u201d. La afirmaci\u00f3n, por [&hellip;]<\/p>","protected":false},"author":1,"featured_media":3668,"parent":0,"menu_order":0,"comment_status":"closed","ping_status":"closed","template":"","meta":{"_uag_custom_page_level_css":"","site-sidebar-layout":"default","site-content-layout":"","ast-site-content-layout":"default","site-content-style":"default","site-sidebar-style":"default","ast-global-header-display":"","ast-banner-title-visibility":"","ast-main-header-display":"","ast-hfb-above-header-display":"","ast-hfb-below-header-display":"","ast-hfb-mobile-header-display":"","site-post-title":"disabled","ast-breadcrumbs-content":"","ast-featured-img":"","footer-sml-layout":"","theme-transparent-header-meta":"","adv-header-id-meta":"","stick-header-meta":"","header-above-stick-meta":"","header-main-stick-meta":"","header-below-stick-meta":"","astra-migrate-meta-layouts":"set","ast-page-background-enabled":"default","ast-page-background-meta":{"desktop":{"background-color":"var(--ast-global-color-4)","background-image":"","background-repeat":"repeat","background-position":"center center","background-size":"auto","background-attachment":"scroll","background-type":"","background-media":"","overlay-type":"","overlay-color":"","overlay-opacity":"","overlay-gradient":""},"tablet":{"background-color":"","background-image":"","background-repeat":"repeat","background-position":"center center","background-size":"auto","background-attachment":"scroll","background-type":"","background-media":"","overlay-type":"","overlay-color":"","overlay-opacity":"","overlay-gradient":""},"mobile":{"background-color":"","background-image":"","background-repeat":"repeat","background-position":"center center","background-size":"auto","background-attachment":"scroll","background-type":"","background-media":"","overlay-type":"","overlay-color":"","overlay-opacity":"","overlay-gradient":""}},"ast-content-background-meta":{"desktop":{"background-color":"var(--ast-global-color-5)","background-image":"","background-repeat":"repeat","background-position":"center center","background-size":"auto","background-attachment":"scroll","background-type":"","background-media":"","overlay-type":"","overlay-color":"","overlay-opacity":"","overlay-gradient":""},"tablet":{"background-color":"var(--ast-global-color-5)","background-image":"","background-repeat":"repeat","background-position":"center center","background-size":"auto","background-attachment":"scroll","background-type":"","background-media":"","overlay-type":"","overlay-color":"","overlay-opacity":"","overlay-gradient":""},"mobile":{"background-color":"var(--ast-global-color-5)","background-image":"","background-repeat":"repeat","background-position":"center center","background-size":"auto","background-attachment":"scroll","background-type":"","background-media":"","overlay-type":"","overlay-color":"","overlay-opacity":"","overlay-gradient":""}},"footnotes":""},"class_list":["post-3667","page","type-page","status-publish","has-post-thumbnail","hentry"],"yoast_head":"<!-- This site is optimized with the Yoast SEO Premium plugin v24.2 (Yoast SEO v24.6) - https:\/\/yoast.com\/wordpress\/plugins\/seo\/ -->\n<title>La verdadera caridad, seg\u00fan el Espiritismo - Uni\u00f3n Esp\u00edrita<\/title>\n<meta name=\"robots\" content=\"index, follow, max-snippet:-1, max-image-preview:large, max-video-preview:-1\" \/>\n<link rel=\"canonical\" href=\"https:\/\/nuevo-renacer.com\/pt\/la-verdadera-caridad-segun-el-espiritismo\/\" \/>\n<meta property=\"og:locale\" content=\"pt_BR\" \/>\n<meta property=\"og:type\" content=\"article\" \/>\n<meta property=\"og:title\" content=\"La verdadera caridad, seg\u00fan el Espiritismo\" \/>\n<meta property=\"og:description\" content=\"La verdadera caridad, seg\u00fan el Espiritismo Caridad: t\u00e9rmino tan usado en todas partes, pero a\u00fan&nbsp;tan incomprendido. \u00bfQu\u00e9 ser\u00eda la verdadera Caridad, seg\u00fan el Espiritismo? Para nosotros, los espiritistas, aparece en todas partes, en toda la literatura. Kardec la hizo base necesaria para toda felicidad, diciendo: \u201cfuera de la caridad no hay salvaci\u00f3n\u201d. La afirmaci\u00f3n, por [&hellip;]\" \/>\n<meta property=\"og:url\" content=\"https:\/\/nuevo-renacer.com\/pt\/la-verdadera-caridad-segun-el-espiritismo\/\" \/>\n<meta property=\"og:site_name\" content=\"Uni\u00f3n Esp\u00edrita\" \/>\n<meta property=\"article:publisher\" content=\"https:\/\/www.facebook.com\/groups\/3431398063740829\" \/>\n<meta property=\"article:modified_time\" content=\"2025-05-23T09:48:45+00:00\" \/>\n<meta property=\"og:image\" content=\"https:\/\/nuevo-renacer.com\/wp-content\/uploads\/2024\/07\/Download-1.jpg\" \/>\n\t<meta property=\"og:image:width\" content=\"259\" \/>\n\t<meta property=\"og:image:height\" content=\"194\" \/>\n\t<meta property=\"og:image:type\" content=\"image\/jpeg\" \/>\n<meta name=\"twitter:card\" content=\"summary_large_image\" \/>\n<meta name=\"twitter:label1\" content=\"Est. tempo de leitura\" \/>\n\t<meta name=\"twitter:data1\" content=\"6 minutos\" \/>\n<script type=\"application\/ld+json\" class=\"yoast-schema-graph\">{\"@context\":\"https:\/\/schema.org\",\"@graph\":[{\"@type\":\"WebPage\",\"@id\":\"https:\/\/nuevo-renacer.com\/la-verdadera-caridad-segun-el-espiritismo\/\",\"url\":\"https:\/\/nuevo-renacer.com\/la-verdadera-caridad-segun-el-espiritismo\/\",\"name\":\"La verdadera caridad, seg\u00fan el Espiritismo - Uni\u00f3n Esp\u00edrita\",\"isPartOf\":{\"@id\":\"https:\/\/nuevo-renacer.com\/#website\"},\"primaryImageOfPage\":{\"@id\":\"https:\/\/nuevo-renacer.com\/la-verdadera-caridad-segun-el-espiritismo\/#primaryimage\"},\"image\":{\"@id\":\"https:\/\/nuevo-renacer.com\/la-verdadera-caridad-segun-el-espiritismo\/#primaryimage\"},\"thumbnailUrl\":\"https:\/\/nuevo-renacer.com\/wp-content\/uploads\/2024\/07\/Download-1.jpg\",\"datePublished\":\"2024-07-11T11:06:05+00:00\",\"dateModified\":\"2025-05-23T09:48:45+00:00\",\"breadcrumb\":{\"@id\":\"https:\/\/nuevo-renacer.com\/la-verdadera-caridad-segun-el-espiritismo\/#breadcrumb\"},\"inLanguage\":\"pt-BR\",\"potentialAction\":[{\"@type\":\"ReadAction\",\"target\":[\"https:\/\/nuevo-renacer.com\/la-verdadera-caridad-segun-el-espiritismo\/\"]}]},{\"@type\":\"ImageObject\",\"inLanguage\":\"pt-BR\",\"@id\":\"https:\/\/nuevo-renacer.com\/la-verdadera-caridad-segun-el-espiritismo\/#primaryimage\",\"url\":\"https:\/\/nuevo-renacer.com\/wp-content\/uploads\/2024\/07\/Download-1.jpg\",\"contentUrl\":\"https:\/\/nuevo-renacer.com\/wp-content\/uploads\/2024\/07\/Download-1.jpg\",\"width\":259,\"height\":194},{\"@type\":\"BreadcrumbList\",\"@id\":\"https:\/\/nuevo-renacer.com\/la-verdadera-caridad-segun-el-espiritismo\/#breadcrumb\",\"itemListElement\":[{\"@type\":\"ListItem\",\"position\":1,\"name\":\"Startseite\",\"item\":\"https:\/\/nuevo-renacer.com\/\"},{\"@type\":\"ListItem\",\"position\":2,\"name\":\"La verdadera caridad, seg\u00fan el Espiritismo\"}]},{\"@type\":\"WebSite\",\"@id\":\"https:\/\/nuevo-renacer.com\/#website\",\"url\":\"https:\/\/nuevo-renacer.com\/\",\"name\":\"Uni\u00f3n Esp\u00edrita\",\"description\":\"Nuevo Renacer\",\"publisher\":{\"@id\":\"https:\/\/nuevo-renacer.com\/#organization\"},\"potentialAction\":[{\"@type\":\"SearchAction\",\"target\":{\"@type\":\"EntryPoint\",\"urlTemplate\":\"https:\/\/nuevo-renacer.com\/?s={search_term_string}\"},\"query-input\":{\"@type\":\"PropertyValueSpecification\",\"valueRequired\":true,\"valueName\":\"search_term_string\"}}],\"inLanguage\":\"pt-BR\"},{\"@type\":\"Organization\",\"@id\":\"https:\/\/nuevo-renacer.com\/#organization\",\"name\":\"UFEC\",\"url\":\"https:\/\/nuevo-renacer.com\/\",\"logo\":{\"@type\":\"ImageObject\",\"inLanguage\":\"pt-BR\",\"@id\":\"https:\/\/nuevo-renacer.com\/#\/schema\/logo\/image\/\",\"url\":\"https:\/\/nuevo-renacer.com\/wp-content\/uploads\/2024\/05\/cropped-LOGO-TERMINADO1-3-3.png\",\"contentUrl\":\"https:\/\/nuevo-renacer.com\/wp-content\/uploads\/2024\/05\/cropped-LOGO-TERMINADO1-3-3.png\",\"width\":512,\"height\":512,\"caption\":\"UFEC\"},\"image\":{\"@id\":\"https:\/\/nuevo-renacer.com\/#\/schema\/logo\/image\/\"},\"sameAs\":[\"https:\/\/www.facebook.com\/groups\/3431398063740829\"]}]}<\/script>\n<!-- \/ Yoast SEO Premium plugin. -->","yoast_head_json":{"title":"La verdadera caridad, seg\u00fan el Espiritismo - Uni\u00f3n Esp\u00edrita","robots":{"index":"index","follow":"follow","max-snippet":"max-snippet:-1","max-image-preview":"max-image-preview:large","max-video-preview":"max-video-preview:-1"},"canonical":"https:\/\/nuevo-renacer.com\/pt\/la-verdadera-caridad-segun-el-espiritismo\/","og_locale":"pt_BR","og_type":"article","og_title":"La verdadera caridad, seg\u00fan el Espiritismo","og_description":"La verdadera caridad, seg\u00fan el Espiritismo Caridad: t\u00e9rmino tan usado en todas partes, pero a\u00fan&nbsp;tan incomprendido. \u00bfQu\u00e9 ser\u00eda la verdadera Caridad, seg\u00fan el Espiritismo? Para nosotros, los espiritistas, aparece en todas partes, en toda la literatura. Kardec la hizo base necesaria para toda felicidad, diciendo: \u201cfuera de la caridad no hay salvaci\u00f3n\u201d. La afirmaci\u00f3n, por [&hellip;]","og_url":"https:\/\/nuevo-renacer.com\/pt\/la-verdadera-caridad-segun-el-espiritismo\/","og_site_name":"Uni\u00f3n Esp\u00edrita","article_publisher":"https:\/\/www.facebook.com\/groups\/3431398063740829","article_modified_time":"2025-05-23T09:48:45+00:00","og_image":[{"width":259,"height":194,"url":"https:\/\/nuevo-renacer.com\/wp-content\/uploads\/2024\/07\/Download-1.jpg","type":"image\/jpeg"}],"twitter_card":"summary_large_image","twitter_misc":{"Est. tempo de leitura":"6 minutos"},"schema":{"@context":"https:\/\/schema.org","@graph":[{"@type":"WebPage","@id":"https:\/\/nuevo-renacer.com\/la-verdadera-caridad-segun-el-espiritismo\/","url":"https:\/\/nuevo-renacer.com\/la-verdadera-caridad-segun-el-espiritismo\/","name":"La verdadera caridad, seg\u00fan el Espiritismo - Uni\u00f3n Esp\u00edrita","isPartOf":{"@id":"https:\/\/nuevo-renacer.com\/#website"},"primaryImageOfPage":{"@id":"https:\/\/nuevo-renacer.com\/la-verdadera-caridad-segun-el-espiritismo\/#primaryimage"},"image":{"@id":"https:\/\/nuevo-renacer.com\/la-verdadera-caridad-segun-el-espiritismo\/#primaryimage"},"thumbnailUrl":"https:\/\/nuevo-renacer.com\/wp-content\/uploads\/2024\/07\/Download-1.jpg","datePublished":"2024-07-11T11:06:05+00:00","dateModified":"2025-05-23T09:48:45+00:00","breadcrumb":{"@id":"https:\/\/nuevo-renacer.com\/la-verdadera-caridad-segun-el-espiritismo\/#breadcrumb"},"inLanguage":"pt-BR","potentialAction":[{"@type":"ReadAction","target":["https:\/\/nuevo-renacer.com\/la-verdadera-caridad-segun-el-espiritismo\/"]}]},{"@type":"ImageObject","inLanguage":"pt-BR","@id":"https:\/\/nuevo-renacer.com\/la-verdadera-caridad-segun-el-espiritismo\/#primaryimage","url":"https:\/\/nuevo-renacer.com\/wp-content\/uploads\/2024\/07\/Download-1.jpg","contentUrl":"https:\/\/nuevo-renacer.com\/wp-content\/uploads\/2024\/07\/Download-1.jpg","width":259,"height":194},{"@type":"BreadcrumbList","@id":"https:\/\/nuevo-renacer.com\/la-verdadera-caridad-segun-el-espiritismo\/#breadcrumb","itemListElement":[{"@type":"ListItem","position":1,"name":"Startseite","item":"https:\/\/nuevo-renacer.com\/"},{"@type":"ListItem","position":2,"name":"La verdadera caridad, seg\u00fan el Espiritismo"}]},{"@type":"WebSite","@id":"https:\/\/nuevo-renacer.com\/#website","url":"https:\/\/nuevo-renacer.com\/","name":"Uni\u00f3n Esp\u00edrita","description":"Nuevo Renacer","publisher":{"@id":"https:\/\/nuevo-renacer.com\/#organization"},"potentialAction":[{"@type":"SearchAction","target":{"@type":"EntryPoint","urlTemplate":"https:\/\/nuevo-renacer.com\/?s={search_term_string}"},"query-input":{"@type":"PropertyValueSpecification","valueRequired":true,"valueName":"search_term_string"}}],"inLanguage":"pt-BR"},{"@type":"Organization","@id":"https:\/\/nuevo-renacer.com\/#organization","name":"UFEC","url":"https:\/\/nuevo-renacer.com\/","logo":{"@type":"ImageObject","inLanguage":"pt-BR","@id":"https:\/\/nuevo-renacer.com\/#\/schema\/logo\/image\/","url":"https:\/\/nuevo-renacer.com\/wp-content\/uploads\/2024\/05\/cropped-LOGO-TERMINADO1-3-3.png","contentUrl":"https:\/\/nuevo-renacer.com\/wp-content\/uploads\/2024\/05\/cropped-LOGO-TERMINADO1-3-3.png","width":512,"height":512,"caption":"UFEC"},"image":{"@id":"https:\/\/nuevo-renacer.com\/#\/schema\/logo\/image\/"},"sameAs":["https:\/\/www.facebook.com\/groups\/3431398063740829"]}]}},"uagb_featured_image_src":{"full":["https:\/\/nuevo-renacer.com\/wp-content\/uploads\/2024\/07\/Download-1.jpg",259,194,false],"thumbnail":["https:\/\/nuevo-renacer.com\/wp-content\/uploads\/2024\/07\/Download-1-150x150.jpg",150,150,true],"medium":["https:\/\/nuevo-renacer.com\/wp-content\/uploads\/2024\/07\/Download-1.jpg",259,194,false],"medium_large":["https:\/\/nuevo-renacer.com\/wp-content\/uploads\/2024\/07\/Download-1.jpg",259,194,false],"large":["https:\/\/nuevo-renacer.com\/wp-content\/uploads\/2024\/07\/Download-1.jpg",259,194,false],"1536x1536":["https:\/\/nuevo-renacer.com\/wp-content\/uploads\/2024\/07\/Download-1.jpg",259,194,false],"2048x2048":["https:\/\/nuevo-renacer.com\/wp-content\/uploads\/2024\/07\/Download-1.jpg",259,194,false],"trp-custom-language-flag":["https:\/\/nuevo-renacer.com\/wp-content\/uploads\/2024\/07\/Download-1-16x12.jpg",16,12,true]},"uagb_author_info":{"display_name":"adbv0","author_link":"https:\/\/nuevo-renacer.com\/pt\/author\/adbv0\/"},"uagb_comment_info":0,"uagb_excerpt":"La verdadera caridad, seg\u00fan el Espiritismo Caridad: t\u00e9rmino tan usado en todas partes, pero a\u00fan&nbsp;tan incomprendido. \u00bfQu\u00e9 ser\u00eda la verdadera Caridad, seg\u00fan el Espiritismo? Para nosotros, los espiritistas, aparece en todas partes, en toda la literatura. Kardec la hizo base necesaria para toda felicidad, diciendo: \u201cfuera de la caridad no hay salvaci\u00f3n\u201d. La afirmaci\u00f3n, por&hellip;","jetpack_sharing_enabled":true,"_links":{"self":[{"href":"https:\/\/nuevo-renacer.com\/pt\/wp-json\/wp\/v2\/pages\/3667","targetHints":{"allow":["GET"]}}],"collection":[{"href":"https:\/\/nuevo-renacer.com\/pt\/wp-json\/wp\/v2\/pages"}],"about":[{"href":"https:\/\/nuevo-renacer.com\/pt\/wp-json\/wp\/v2\/types\/page"}],"author":[{"embeddable":true,"href":"https:\/\/nuevo-renacer.com\/pt\/wp-json\/wp\/v2\/users\/1"}],"replies":[{"embeddable":true,"href":"https:\/\/nuevo-renacer.com\/pt\/wp-json\/wp\/v2\/comments?post=3667"}],"version-history":[{"count":7,"href":"https:\/\/nuevo-renacer.com\/pt\/wp-json\/wp\/v2\/pages\/3667\/revisions"}],"predecessor-version":[{"id":8185,"href":"https:\/\/nuevo-renacer.com\/pt\/wp-json\/wp\/v2\/pages\/3667\/revisions\/8185"}],"wp:featuredmedia":[{"embeddable":true,"href":"https:\/\/nuevo-renacer.com\/pt\/wp-json\/wp\/v2\/media\/3668"}],"wp:attachment":[{"href":"https:\/\/nuevo-renacer.com\/pt\/wp-json\/wp\/v2\/media?parent=3667"}],"curies":[{"name":"wp","href":"https:\/\/api.w.org\/{rel}","templated":true}]}}