{"id":3658,"date":"2024-07-11T10:41:33","date_gmt":"2024-07-11T10:41:33","guid":{"rendered":"https:\/\/ufec-mundial.com\/?page_id=3658"},"modified":"2025-05-23T09:27:33","modified_gmt":"2025-05-23T09:27:33","slug":"el-sentido-de-la-vida","status":"publish","type":"page","link":"https:\/\/nuevo-renacer.com\/pt\/el-sentido-de-la-vida\/","title":{"rendered":"O significado da vida"},"content":{"rendered":"<div class=\"wp-block-uagb-container uagb-block-ca0d25dc alignfull uagb-is-root-container\"><div class=\"uagb-container-inner-blocks-wrap\">\n<p class=\"has-black-color has-text-color has-link-color has-medium-font-size wp-elements-6c5c7cc04b22ce4d37937a7f13d90495\"><strong>O significado da vida<\/strong><\/p>\n<\/div><\/div>\n\n\n\n<div class=\"wp-block-uagb-container uagb-block-c75c8710 alignfull uagb-is-root-container\"><div class=\"uagb-container-inner-blocks-wrap\">\n<div class=\"wp-block-uagb-image alignleft uagb-block-87ec8ef0 wp-block-uagb-image--layout-default wp-block-uagb-image--effect-static wp-block-uagb-image--align-left\"><figure class=\"wp-block-uagb-image__figure\"><img loading=\"lazy\" decoding=\"async\" srcset=\"https:\/\/nuevo-renacer.com\/wp-content\/uploads\/2024\/07\/448152407_7983270555026690_6711918801825949372_n.jpg ,https:\/\/ufec-mundial.com\/wp-content\/uploads\/2024\/07\/448152407_7983270555026690_6711918801825949372_n.jpg 780w, https:\/\/nuevo-renacer.com\/wp-content\/uploads\/2024\/07\/448152407_7983270555026690_6711918801825949372_n.jpg 360w\" sizes=\"auto, (max-width: 480px) 150px\" src=\"https:\/\/nuevo-renacer.com\/wp-content\/uploads\/2024\/07\/448152407_7983270555026690_6711918801825949372_n.jpg\" alt=\"\" class=\"uag-image-3659\" width=\"464\" height=\"260\" title=\"\" role=\"img\"\/><\/figure><\/div>\n<\/div><\/div>\n\n\n\n<div class=\"wp-block-uagb-container uagb-block-d7284198 alignfull uagb-is-root-container\"><div class=\"uagb-container-inner-blocks-wrap\">\n<p class=\"has-black-color has-text-color has-link-color has-small-font-size wp-elements-25c8ab2470001e6c00b1940af4552818\">Por que e para que vivemos? A resposta a essa pergunta \u00e9 de grande import\u00e2ncia para a compreens\u00e3o do problema da obsess\u00e3o. De acordo com o Espiritismo, vivemos para desenvolver as potencialidades ps\u00edquicas com as quais todos n\u00f3s somos dotados.<\/p>\n\n\n\n<p class=\"has-black-color has-text-color has-link-color has-small-font-size wp-elements-04227d75e0c3506067fd0e88899b3a30\">Nossa exist\u00eancia terrena tem como objetivo a transcend\u00eancia, ou seja, o aprimoramento constante de nossa condi\u00e7\u00e3o humana. Desde o nascimento at\u00e9 nosso \u00faltimo dia na Terra, passamos por experi\u00eancias que desenvolvem nossas habilidades inatas em todos os sentidos. O beb\u00ea rec\u00e9m-nascido cresce dia ap\u00f3s dia, desenvolve seu organismo, aprende a se comunicar com os outros, a falar e a raciocinar, a querer e a agir para obter o que deseja.<\/p>\n\n\n\n<p class=\"has-black-color has-text-color has-link-color has-small-font-size wp-elements-e84b9bc2ec34fb9aee0a3269c50310b6\">Ele transcende a condi\u00e7\u00e3o em que nasceu e passa para os est\u00e1gios mais elevados da inf\u00e2ncia, depois para a adolesc\u00eancia e, em seguida, para a juventude, meia-idade e velhice. Ao longo dessa jornada, ele desenvolveu suas for\u00e7as org\u00e2nicas e ps\u00edquicas, sua afetividade, sua capacidade de entender o que est\u00e1 acontecendo ao seu redor e seu poder de dominar as circunst\u00e2ncias. Isso \u00e9 transcender, elevar-se acima da condi\u00e7\u00e3o em que nasceu. E \u00e9 para isso que vivemos. Isso nos mostra que o significado da vida \u00e9 a transcend\u00eancia.<\/p>\n\n\n\n<p class=\"has-black-color has-text-color has-link-color has-small-font-size wp-elements-23afc194142721f66d02bb751fe4926c\">Hoje, a Filosofia Existencial defende o mesmo princ\u00edpio no campo filos\u00f3fico. Os existencialistas consideram o homem como um projeto, ou seja, um ser projetado na exist\u00eancia como uma flecha na dire\u00e7\u00e3o de uma meta, que \u00e9 a transcend\u00eancia. Mas, de acordo com o Espiritismo, h\u00e1 muitas e sucessivas exist\u00eancias, de modo que em cada exist\u00eancia terrena alcan\u00e7amos um novo grau de transcend\u00eancia. Os estudos parapsicol\u00f3gicos atuais sobre reencarna\u00e7\u00e3o confirmam esse princ\u00edpio. O fato de vivermos muitas vidas na Terra, e n\u00e3o apenas uma, indica que temos em nosso inconsciente um estoque muito maior de mem\u00f3rias e conhecimentos, aspira\u00e7\u00f5es, frustra\u00e7\u00f5es e traumas do que Freud descobriu.<\/p>\n\n\n\n<p class=\"has-black-color has-text-color has-link-color has-small-font-size wp-elements-939812b181bd2a28bcfef739aae5b62d\">\u00c9 bom lembrar este fato importante: quando Kardec descobriu as manifesta\u00e7\u00f5es do inconsciente por meio de suas pesquisas sobre os fen\u00f4menos ps\u00edquicos, Freud tinha apenas um ano de idade. Isso n\u00e3o desmerece Freud, que n\u00e3o tinha conhecimento das pesquisas de Kardec, mas demonstra a certeza das pesquisas do Espiritismo sobre a psique humana. A concep\u00e7\u00e3o espiritista da vida humana na Terra n\u00e3o \u00e9 imagin\u00e1ria, mas real, baseada em estudos cient\u00edficos. Aqueles que consideram o Espiritismo como uma doutrina supersticiosa, criada pela ignor\u00e2ncia, revelam-se mais ignorantes do que poderiam pensar de si mesmos.<\/p>\n\n\n\n<p class=\"has-black-color has-text-color has-link-color has-small-font-size wp-elements-a03c8a62f246adb2eb65d15bcee598e2\">A Doutrina Esp\u00edrita \u00e9 hoje cientificamente comprovada pelos mais avan\u00e7ados cientistas. Dizemos isso para mostrar aos nossos leitores que o sentido da vida a que nos referimos n\u00e3o \u00e9 uma hip\u00f3tese, mas uma realidade. Se n\u00e3o entendermos que a vida \u00e9 transcend\u00eancia, crescimento, eleva\u00e7\u00e3o e desenvolvimento constante e comprovado do ser espiritual que somos, n\u00e3o poderemos enfrentar o problema da obsess\u00e3o de forma natural e lutar para resolv\u00ea-lo.<\/p>\n<\/div><\/div>","protected":false},"excerpt":{"rendered":"<p>El sentido de la vida \u00bfPor qu\u00e9 y para qu\u00e9 vivimos? La respuesta a esta pregunta es de gran importancia para comprender el problema de la obsesi\u00f3n. Seg\u00fan el Espiritismo, vivimos para desarrollar las potencialidades ps\u00edquicas de que todos estamos dotados. Nuestra existencia terrena tiene por fin la trascendencia, es decir, la superaci\u00f3n constante de [&hellip;]<\/p>","protected":false},"author":1,"featured_media":3659,"parent":0,"menu_order":0,"comment_status":"closed","ping_status":"closed","template":"","meta":{"_uag_custom_page_level_css":"","site-sidebar-layout":"default","site-content-layout":"","ast-site-content-layout":"default","site-content-style":"default","site-sidebar-style":"default","ast-global-header-display":"","ast-banner-title-visibility":"","ast-main-header-display":"","ast-hfb-above-header-display":"","ast-hfb-below-header-display":"","ast-hfb-mobile-header-display":"","site-post-title":"disabled","ast-breadcrumbs-content":"","ast-featured-img":"","footer-sml-layout":"","theme-transparent-header-meta":"","adv-header-id-meta":"","stick-header-meta":"","header-above-stick-meta":"","header-main-stick-meta":"","header-below-stick-meta":"","astra-migrate-meta-layouts":"set","ast-page-background-enabled":"default","ast-page-background-meta":{"desktop":{"background-color":"var(--ast-global-color-4)","background-image":"","background-repeat":"repeat","background-position":"center center","background-size":"auto","background-attachment":"scroll","background-type":"","background-media":"","overlay-type":"","overlay-color":"","overlay-opacity":"","overlay-gradient":""},"tablet":{"background-color":"","background-image":"","background-repeat":"repeat","background-position":"center center","background-size":"auto","background-attachment":"scroll","background-type":"","background-media":"","overlay-type":"","overlay-color":"","overlay-opacity":"","overlay-gradient":""},"mobile":{"background-color":"","background-image":"","background-repeat":"repeat","background-position":"center center","background-size":"auto","background-attachment":"scroll","background-type":"","background-media":"","overlay-type":"","overlay-color":"","overlay-opacity":"","overlay-gradient":""}},"ast-content-background-meta":{"desktop":{"background-color":"var(--ast-global-color-5)","background-image":"","background-repeat":"repeat","background-position":"center center","background-size":"auto","background-attachment":"scroll","background-type":"","background-media":"","overlay-type":"","overlay-color":"","overlay-opacity":"","overlay-gradient":""},"tablet":{"background-color":"var(--ast-global-color-5)","background-image":"","background-repeat":"repeat","background-position":"center center","background-size":"auto","background-attachment":"scroll","background-type":"","background-media":"","overlay-type":"","overlay-color":"","overlay-opacity":"","overlay-gradient":""},"mobile":{"background-color":"var(--ast-global-color-5)","background-image":"","background-repeat":"repeat","background-position":"center center","background-size":"auto","background-attachment":"scroll","background-type":"","background-media":"","overlay-type":"","overlay-color":"","overlay-opacity":"","overlay-gradient":""}},"footnotes":""},"class_list":["post-3658","page","type-page","status-publish","has-post-thumbnail","hentry"],"yoast_head":"<!-- This site is optimized with the Yoast SEO Premium plugin v24.2 (Yoast SEO v24.6) - https:\/\/yoast.com\/wordpress\/plugins\/seo\/ -->\n<title>El sentido de la vida - Uni\u00f3n Esp\u00edrita<\/title>\n<meta name=\"robots\" content=\"index, follow, max-snippet:-1, max-image-preview:large, max-video-preview:-1\" \/>\n<link rel=\"canonical\" href=\"https:\/\/nuevo-renacer.com\/pt\/el-sentido-de-la-vida\/\" \/>\n<meta property=\"og:locale\" content=\"pt_BR\" \/>\n<meta property=\"og:type\" content=\"article\" \/>\n<meta property=\"og:title\" content=\"El sentido de la vida\" \/>\n<meta property=\"og:description\" content=\"El sentido de la vida \u00bfPor qu\u00e9 y para qu\u00e9 vivimos? La respuesta a esta pregunta es de gran importancia para comprender el problema de la obsesi\u00f3n. Seg\u00fan el Espiritismo, vivimos para desarrollar las potencialidades ps\u00edquicas de que todos estamos dotados. Nuestra existencia terrena tiene por fin la trascendencia, es decir, la superaci\u00f3n constante de [&hellip;]\" \/>\n<meta property=\"og:url\" content=\"https:\/\/nuevo-renacer.com\/pt\/el-sentido-de-la-vida\/\" \/>\n<meta property=\"og:site_name\" content=\"Uni\u00f3n Esp\u00edrita\" \/>\n<meta property=\"article:publisher\" content=\"https:\/\/www.facebook.com\/groups\/3431398063740829\" \/>\n<meta property=\"article:modified_time\" content=\"2025-05-23T09:27:33+00:00\" \/>\n<meta property=\"og:image\" content=\"https:\/\/nuevo-renacer.com\/wp-content\/uploads\/2024\/07\/448152407_7983270555026690_6711918801825949372_n.jpg\" \/>\n\t<meta property=\"og:image:width\" content=\"640\" \/>\n\t<meta property=\"og:image:height\" content=\"359\" \/>\n\t<meta property=\"og:image:type\" content=\"image\/jpeg\" \/>\n<meta name=\"twitter:card\" content=\"summary_large_image\" \/>\n<meta name=\"twitter:label1\" content=\"Est. tempo de leitura\" \/>\n\t<meta name=\"twitter:data1\" content=\"4 minutos\" \/>\n<script type=\"application\/ld+json\" class=\"yoast-schema-graph\">{\"@context\":\"https:\/\/schema.org\",\"@graph\":[{\"@type\":\"WebPage\",\"@id\":\"https:\/\/nuevo-renacer.com\/el-sentido-de-la-vida\/\",\"url\":\"https:\/\/nuevo-renacer.com\/el-sentido-de-la-vida\/\",\"name\":\"El sentido de la vida - Uni\u00f3n Esp\u00edrita\",\"isPartOf\":{\"@id\":\"https:\/\/nuevo-renacer.com\/#website\"},\"primaryImageOfPage\":{\"@id\":\"https:\/\/nuevo-renacer.com\/el-sentido-de-la-vida\/#primaryimage\"},\"image\":{\"@id\":\"https:\/\/nuevo-renacer.com\/el-sentido-de-la-vida\/#primaryimage\"},\"thumbnailUrl\":\"https:\/\/nuevo-renacer.com\/wp-content\/uploads\/2024\/07\/448152407_7983270555026690_6711918801825949372_n.jpg\",\"datePublished\":\"2024-07-11T10:41:33+00:00\",\"dateModified\":\"2025-05-23T09:27:33+00:00\",\"breadcrumb\":{\"@id\":\"https:\/\/nuevo-renacer.com\/el-sentido-de-la-vida\/#breadcrumb\"},\"inLanguage\":\"pt-BR\",\"potentialAction\":[{\"@type\":\"ReadAction\",\"target\":[\"https:\/\/nuevo-renacer.com\/el-sentido-de-la-vida\/\"]}]},{\"@type\":\"ImageObject\",\"inLanguage\":\"pt-BR\",\"@id\":\"https:\/\/nuevo-renacer.com\/el-sentido-de-la-vida\/#primaryimage\",\"url\":\"https:\/\/nuevo-renacer.com\/wp-content\/uploads\/2024\/07\/448152407_7983270555026690_6711918801825949372_n.jpg\",\"contentUrl\":\"https:\/\/nuevo-renacer.com\/wp-content\/uploads\/2024\/07\/448152407_7983270555026690_6711918801825949372_n.jpg\",\"width\":640,\"height\":359},{\"@type\":\"BreadcrumbList\",\"@id\":\"https:\/\/nuevo-renacer.com\/el-sentido-de-la-vida\/#breadcrumb\",\"itemListElement\":[{\"@type\":\"ListItem\",\"position\":1,\"name\":\"Startseite\",\"item\":\"https:\/\/nuevo-renacer.com\/\"},{\"@type\":\"ListItem\",\"position\":2,\"name\":\"El sentido de la vida\"}]},{\"@type\":\"WebSite\",\"@id\":\"https:\/\/nuevo-renacer.com\/#website\",\"url\":\"https:\/\/nuevo-renacer.com\/\",\"name\":\"Uni\u00f3n Esp\u00edrita\",\"description\":\"Nuevo Renacer\",\"publisher\":{\"@id\":\"https:\/\/nuevo-renacer.com\/#organization\"},\"potentialAction\":[{\"@type\":\"SearchAction\",\"target\":{\"@type\":\"EntryPoint\",\"urlTemplate\":\"https:\/\/nuevo-renacer.com\/?s={search_term_string}\"},\"query-input\":{\"@type\":\"PropertyValueSpecification\",\"valueRequired\":true,\"valueName\":\"search_term_string\"}}],\"inLanguage\":\"pt-BR\"},{\"@type\":\"Organization\",\"@id\":\"https:\/\/nuevo-renacer.com\/#organization\",\"name\":\"UFEC\",\"url\":\"https:\/\/nuevo-renacer.com\/\",\"logo\":{\"@type\":\"ImageObject\",\"inLanguage\":\"pt-BR\",\"@id\":\"https:\/\/nuevo-renacer.com\/#\/schema\/logo\/image\/\",\"url\":\"https:\/\/nuevo-renacer.com\/wp-content\/uploads\/2024\/05\/cropped-LOGO-TERMINADO1-3-3.png\",\"contentUrl\":\"https:\/\/nuevo-renacer.com\/wp-content\/uploads\/2024\/05\/cropped-LOGO-TERMINADO1-3-3.png\",\"width\":512,\"height\":512,\"caption\":\"UFEC\"},\"image\":{\"@id\":\"https:\/\/nuevo-renacer.com\/#\/schema\/logo\/image\/\"},\"sameAs\":[\"https:\/\/www.facebook.com\/groups\/3431398063740829\"]}]}<\/script>\n<!-- \/ Yoast SEO Premium plugin. -->","yoast_head_json":{"title":"El sentido de la vida - Uni\u00f3n Esp\u00edrita","robots":{"index":"index","follow":"follow","max-snippet":"max-snippet:-1","max-image-preview":"max-image-preview:large","max-video-preview":"max-video-preview:-1"},"canonical":"https:\/\/nuevo-renacer.com\/pt\/el-sentido-de-la-vida\/","og_locale":"pt_BR","og_type":"article","og_title":"El sentido de la vida","og_description":"El sentido de la vida \u00bfPor qu\u00e9 y para qu\u00e9 vivimos? La respuesta a esta pregunta es de gran importancia para comprender el problema de la obsesi\u00f3n. Seg\u00fan el Espiritismo, vivimos para desarrollar las potencialidades ps\u00edquicas de que todos estamos dotados. Nuestra existencia terrena tiene por fin la trascendencia, es decir, la superaci\u00f3n constante de [&hellip;]","og_url":"https:\/\/nuevo-renacer.com\/pt\/el-sentido-de-la-vida\/","og_site_name":"Uni\u00f3n Esp\u00edrita","article_publisher":"https:\/\/www.facebook.com\/groups\/3431398063740829","article_modified_time":"2025-05-23T09:27:33+00:00","og_image":[{"width":640,"height":359,"url":"https:\/\/nuevo-renacer.com\/wp-content\/uploads\/2024\/07\/448152407_7983270555026690_6711918801825949372_n.jpg","type":"image\/jpeg"}],"twitter_card":"summary_large_image","twitter_misc":{"Est. tempo de leitura":"4 minutos"},"schema":{"@context":"https:\/\/schema.org","@graph":[{"@type":"WebPage","@id":"https:\/\/nuevo-renacer.com\/el-sentido-de-la-vida\/","url":"https:\/\/nuevo-renacer.com\/el-sentido-de-la-vida\/","name":"El sentido de la vida - Uni\u00f3n Esp\u00edrita","isPartOf":{"@id":"https:\/\/nuevo-renacer.com\/#website"},"primaryImageOfPage":{"@id":"https:\/\/nuevo-renacer.com\/el-sentido-de-la-vida\/#primaryimage"},"image":{"@id":"https:\/\/nuevo-renacer.com\/el-sentido-de-la-vida\/#primaryimage"},"thumbnailUrl":"https:\/\/nuevo-renacer.com\/wp-content\/uploads\/2024\/07\/448152407_7983270555026690_6711918801825949372_n.jpg","datePublished":"2024-07-11T10:41:33+00:00","dateModified":"2025-05-23T09:27:33+00:00","breadcrumb":{"@id":"https:\/\/nuevo-renacer.com\/el-sentido-de-la-vida\/#breadcrumb"},"inLanguage":"pt-BR","potentialAction":[{"@type":"ReadAction","target":["https:\/\/nuevo-renacer.com\/el-sentido-de-la-vida\/"]}]},{"@type":"ImageObject","inLanguage":"pt-BR","@id":"https:\/\/nuevo-renacer.com\/el-sentido-de-la-vida\/#primaryimage","url":"https:\/\/nuevo-renacer.com\/wp-content\/uploads\/2024\/07\/448152407_7983270555026690_6711918801825949372_n.jpg","contentUrl":"https:\/\/nuevo-renacer.com\/wp-content\/uploads\/2024\/07\/448152407_7983270555026690_6711918801825949372_n.jpg","width":640,"height":359},{"@type":"BreadcrumbList","@id":"https:\/\/nuevo-renacer.com\/el-sentido-de-la-vida\/#breadcrumb","itemListElement":[{"@type":"ListItem","position":1,"name":"Startseite","item":"https:\/\/nuevo-renacer.com\/"},{"@type":"ListItem","position":2,"name":"El sentido de la vida"}]},{"@type":"WebSite","@id":"https:\/\/nuevo-renacer.com\/#website","url":"https:\/\/nuevo-renacer.com\/","name":"Uni\u00f3n Esp\u00edrita","description":"Nuevo Renacer","publisher":{"@id":"https:\/\/nuevo-renacer.com\/#organization"},"potentialAction":[{"@type":"SearchAction","target":{"@type":"EntryPoint","urlTemplate":"https:\/\/nuevo-renacer.com\/?s={search_term_string}"},"query-input":{"@type":"PropertyValueSpecification","valueRequired":true,"valueName":"search_term_string"}}],"inLanguage":"pt-BR"},{"@type":"Organization","@id":"https:\/\/nuevo-renacer.com\/#organization","name":"UFEC","url":"https:\/\/nuevo-renacer.com\/","logo":{"@type":"ImageObject","inLanguage":"pt-BR","@id":"https:\/\/nuevo-renacer.com\/#\/schema\/logo\/image\/","url":"https:\/\/nuevo-renacer.com\/wp-content\/uploads\/2024\/05\/cropped-LOGO-TERMINADO1-3-3.png","contentUrl":"https:\/\/nuevo-renacer.com\/wp-content\/uploads\/2024\/05\/cropped-LOGO-TERMINADO1-3-3.png","width":512,"height":512,"caption":"UFEC"},"image":{"@id":"https:\/\/nuevo-renacer.com\/#\/schema\/logo\/image\/"},"sameAs":["https:\/\/www.facebook.com\/groups\/3431398063740829"]}]}},"uagb_featured_image_src":{"full":["https:\/\/nuevo-renacer.com\/wp-content\/uploads\/2024\/07\/448152407_7983270555026690_6711918801825949372_n.jpg",640,359,false],"thumbnail":["https:\/\/nuevo-renacer.com\/wp-content\/uploads\/2024\/07\/448152407_7983270555026690_6711918801825949372_n-150x150.jpg",150,150,true],"medium":["https:\/\/nuevo-renacer.com\/wp-content\/uploads\/2024\/07\/448152407_7983270555026690_6711918801825949372_n-300x168.jpg",300,168,true],"medium_large":["https:\/\/nuevo-renacer.com\/wp-content\/uploads\/2024\/07\/448152407_7983270555026690_6711918801825949372_n.jpg",640,359,false],"large":["https:\/\/nuevo-renacer.com\/wp-content\/uploads\/2024\/07\/448152407_7983270555026690_6711918801825949372_n.jpg",640,359,false],"1536x1536":["https:\/\/nuevo-renacer.com\/wp-content\/uploads\/2024\/07\/448152407_7983270555026690_6711918801825949372_n.jpg",640,359,false],"2048x2048":["https:\/\/nuevo-renacer.com\/wp-content\/uploads\/2024\/07\/448152407_7983270555026690_6711918801825949372_n.jpg",640,359,false],"trp-custom-language-flag":["https:\/\/nuevo-renacer.com\/wp-content\/uploads\/2024\/07\/448152407_7983270555026690_6711918801825949372_n-18x10.jpg",18,10,true]},"uagb_author_info":{"display_name":"adbv0","author_link":"https:\/\/nuevo-renacer.com\/pt\/author\/adbv0\/"},"uagb_comment_info":0,"uagb_excerpt":"El sentido de la vida \u00bfPor qu\u00e9 y para qu\u00e9 vivimos? La respuesta a esta pregunta es de gran importancia para comprender el problema de la obsesi\u00f3n. Seg\u00fan el Espiritismo, vivimos para desarrollar las potencialidades ps\u00edquicas de que todos estamos dotados. Nuestra existencia terrena tiene por fin la trascendencia, es decir, la superaci\u00f3n constante de&hellip;","jetpack_sharing_enabled":true,"_links":{"self":[{"href":"https:\/\/nuevo-renacer.com\/pt\/wp-json\/wp\/v2\/pages\/3658","targetHints":{"allow":["GET"]}}],"collection":[{"href":"https:\/\/nuevo-renacer.com\/pt\/wp-json\/wp\/v2\/pages"}],"about":[{"href":"https:\/\/nuevo-renacer.com\/pt\/wp-json\/wp\/v2\/types\/page"}],"author":[{"embeddable":true,"href":"https:\/\/nuevo-renacer.com\/pt\/wp-json\/wp\/v2\/users\/1"}],"replies":[{"embeddable":true,"href":"https:\/\/nuevo-renacer.com\/pt\/wp-json\/wp\/v2\/comments?post=3658"}],"version-history":[{"count":3,"href":"https:\/\/nuevo-renacer.com\/pt\/wp-json\/wp\/v2\/pages\/3658\/revisions"}],"predecessor-version":[{"id":8171,"href":"https:\/\/nuevo-renacer.com\/pt\/wp-json\/wp\/v2\/pages\/3658\/revisions\/8171"}],"wp:featuredmedia":[{"embeddable":true,"href":"https:\/\/nuevo-renacer.com\/pt\/wp-json\/wp\/v2\/media\/3659"}],"wp:attachment":[{"href":"https:\/\/nuevo-renacer.com\/pt\/wp-json\/wp\/v2\/media?parent=3658"}],"curies":[{"name":"wp","href":"https:\/\/api.w.org\/{rel}","templated":true}]}}