{"id":3643,"date":"2024-07-10T14:28:55","date_gmt":"2024-07-10T14:28:55","guid":{"rendered":"https:\/\/ufec-mundial.com\/?page_id=3643"},"modified":"2025-05-23T09:47:12","modified_gmt":"2025-05-23T09:47:12","slug":"por-que-los-espiritas-no-temen-a-la-muerte","status":"publish","type":"page","link":"https:\/\/nuevo-renacer.com\/pt\/por-que-los-espiritas-no-temen-a-la-muerte\/","title":{"rendered":"Por que os esp\u00edritas n\u00e3o temem a morte"},"content":{"rendered":"<div class=\"wp-block-uagb-container uagb-block-266ec40a alignfull uagb-is-root-container\"><div class=\"uagb-container-inner-blocks-wrap\">\n<p class=\"has-black-color has-text-color has-link-color has-medium-font-size wp-elements-ad8de132c25d8ffed7065972a9d29908\"><strong>Por que os esp\u00edritas n\u00e3o temem a morte<\/strong><\/p>\n\n\n\n<p class=\"has-black-color has-text-color has-link-color has-medium-font-size wp-elements-f2a87306748dd808a53754cf8923cba9\"><strong>Do livro: O C\u00e9u e o Inferno \u2013 Allan Kardec&nbsp;<\/strong><\/p>\n<\/div><\/div>\n\n\n\n<div class=\"wp-block-uagb-container uagb-block-a86c1c45 alignfull uagb-is-root-container\"><div class=\"uagb-container-inner-blocks-wrap\">\n<div class=\"wp-block-uagb-image alignleft uagb-block-cea64196 wp-block-uagb-image--layout-default wp-block-uagb-image--effect-static wp-block-uagb-image--align-left\"><figure class=\"wp-block-uagb-image__figure\"><img loading=\"lazy\" decoding=\"async\" srcset=\"https:\/\/nuevo-renacer.com\/wp-content\/uploads\/2024\/07\/33259436-schon-blumen-im-ein-sarg-beim-ein-beerdigung-ai-generiert-foto.jpg ,https:\/\/ufec-mundial.com\/wp-content\/uploads\/2024\/07\/33259436-schon-blumen-im-ein-sarg-beim-ein-beerdigung-ai-generiert-foto.jpg 780w, https:\/\/nuevo-renacer.com\/wp-content\/uploads\/2024\/07\/33259436-schon-blumen-im-ein-sarg-beim-ein-beerdigung-ai-generiert-foto.jpg 360w\" sizes=\"auto, (max-width: 480px) 150px\" src=\"https:\/\/nuevo-renacer.com\/wp-content\/uploads\/2024\/07\/33259436-schon-blumen-im-ein-sarg-beim-ein-beerdigung-ai-generiert-foto.jpg\" alt=\"\" class=\"uag-image-3644\" width=\"470\" height=\"313\" title=\"33259436-schon-blumen-im-ein-sarg-beim-ein-beerdigung-ai-generiert-foto\" role=\"img\"\/><\/figure><\/div>\n<\/div><\/div>\n\n\n\n<div class=\"wp-block-uagb-container uagb-block-2e05586e alignfull uagb-is-root-container\"><div class=\"uagb-container-inner-blocks-wrap\">\n<p class=\"has-black-color has-text-color has-link-color has-small-font-size wp-elements-0bbcfde3fc49fbd0a8c991f9fb605d20\">A doutrina esp\u00edrita muda completamente a forma como encaramos o futuro. A vida futura n\u00e3o \u00e9 mais uma hip\u00f3tese, mas uma realidade. O estado das almas ap\u00f3s a morte n\u00e3o \u00e9 mais um sistema, mas o resultado da observa\u00e7\u00e3o. O v\u00e9u foi levantado: o mundo espiritual aparece para n\u00f3s na plenitude de sua realidade pr\u00e1tica. N\u00e3o foram os homens que o descobriram pelo esfor\u00e7o de uma concep\u00e7\u00e3o engenhosa, mas os pr\u00f3prios habitantes desse mundo, que v\u00eam nos descrever sua situa\u00e7\u00e3o. Assim, n\u00f3s os vemos em todos os graus da escala espiritual, em todas as fases de felicidade ou infort\u00fanio; e testemunhamos todas as vicissitudes da vida al\u00e9m-t\u00famulo. &nbsp;<\/p>\n\n\n\n<p class=\"has-black-color has-text-color has-link-color has-small-font-size wp-elements-6ce9cf2da52fcf47ce9084133aaa1aed\">\u00c9 por isso que os esp\u00edritas enfrentam a morte com calma e serenidade em seus \u00faltimos momentos na Terra. Eles n\u00e3o s\u00e3o mais confortados apenas pela esperan\u00e7a, mas pela certeza. Eles sabem que a vida futura \u00e9 apenas uma continua\u00e7\u00e3o da vida presente, embora em melhores condi\u00e7\u00f5es, e a aguardam com a mesma confian\u00e7a com que esperam o nascer do sol ap\u00f3s uma noite tempestuosa. As raz\u00f5es para essa confian\u00e7a v\u00eam dos fatos que eles testemunharam e da concord\u00e2ncia desses fatos com a l\u00f3gica, com a justi\u00e7a e a bondade de Deus, bem como com as aspira\u00e7\u00f5es mais \u00edntimas do homem. Para os esp\u00edritas, a alma n\u00e3o \u00e9 uma abstra\u00e7\u00e3o; ela tem um corpo et\u00e9reo, o que a torna um ser definido, capaz de ser concebido e abra\u00e7ado pelo pensamento, e isso \u00e9 muito para fixar as ideias de sua individualidade, suas aptid\u00f5es e suas percep\u00e7\u00f5es.&nbsp;<\/p>\n\n\n\n<p class=\"has-black-color has-text-color has-link-color has-small-font-size wp-elements-11c6de22ea73b2e22a51d037cc632830\">A mem\u00f3ria das pessoas que nos s\u00e3o queridas se ap\u00f3ia em algo real. N\u00e3o os representamos mais como chamas passageiras que nada dizem aos nossos pensamentos, mas em uma forma concreta que os mostra a n\u00f3s como seres vivos. Al\u00e9m disso, em vez de estarem perdidos nas profundezas do espa\u00e7o, eles est\u00e3o ao nosso redor, pois o mundo corp\u00f3reo e o mundo espiritual est\u00e3o em perp\u00e9tuo relacionamento e assist\u00eancia m\u00fatua. Como n\u00e3o h\u00e1 mais d\u00favidas sobre o futuro, o medo da morte perde sua raz\u00e3o de ser. O esp\u00edrita enfrenta a morte a sangue frio. O esp\u00edrita encara a morte com sangue frio. Ele a v\u00ea como uma liberta\u00e7\u00e3o, pois ela \u00e9 a porta de entrada para a vida e n\u00e3o para o nada.<\/p>\n<\/div><\/div>\n\n\n\n<div class=\"wp-block-uagb-container uagb-block-3a33abb2 alignfull uagb-is-root-container\"><div class=\"uagb-container-inner-blocks-wrap\"><\/div><\/div>\n\n\n\n<div class=\"wp-block-uagb-container uagb-block-40a2f6a5 alignfull uagb-is-root-container\"><div class=\"uagb-container-inner-blocks-wrap\"><\/div><\/div>","protected":false},"excerpt":{"rendered":"<p>Por qu\u00e9 los esp\u00edritas no temen a la muerte Del libro: El Cielo y el Infierno \u2013 Allan Kardec&nbsp; La doctrina esp\u00edrita modifica por completo la manera de encarar el porvenir. La vida futura ya no es una hip\u00f3tesis, sino una realidad. El estado de las almas despu\u00e9s de la muerte ya no es un [&hellip;]<\/p>","protected":false},"author":1,"featured_media":3644,"parent":0,"menu_order":0,"comment_status":"closed","ping_status":"closed","template":"","meta":{"_uag_custom_page_level_css":"","site-sidebar-layout":"default","site-content-layout":"","ast-site-content-layout":"default","site-content-style":"default","site-sidebar-style":"default","ast-global-header-display":"","ast-banner-title-visibility":"","ast-main-header-display":"","ast-hfb-above-header-display":"","ast-hfb-below-header-display":"","ast-hfb-mobile-header-display":"","site-post-title":"disabled","ast-breadcrumbs-content":"","ast-featured-img":"","footer-sml-layout":"","theme-transparent-header-meta":"","adv-header-id-meta":"","stick-header-meta":"","header-above-stick-meta":"","header-main-stick-meta":"","header-below-stick-meta":"","astra-migrate-meta-layouts":"set","ast-page-background-enabled":"default","ast-page-background-meta":{"desktop":{"background-color":"var(--ast-global-color-4)","background-image":"","background-repeat":"repeat","background-position":"center center","background-size":"auto","background-attachment":"scroll","background-type":"","background-media":"","overlay-type":"","overlay-color":"","overlay-opacity":"","overlay-gradient":""},"tablet":{"background-color":"","background-image":"","background-repeat":"repeat","background-position":"center center","background-size":"auto","background-attachment":"scroll","background-type":"","background-media":"","overlay-type":"","overlay-color":"","overlay-opacity":"","overlay-gradient":""},"mobile":{"background-color":"","background-image":"","background-repeat":"repeat","background-position":"center center","background-size":"auto","background-attachment":"scroll","background-type":"","background-media":"","overlay-type":"","overlay-color":"","overlay-opacity":"","overlay-gradient":""}},"ast-content-background-meta":{"desktop":{"background-color":"var(--ast-global-color-5)","background-image":"","background-repeat":"repeat","background-position":"center center","background-size":"auto","background-attachment":"scroll","background-type":"","background-media":"","overlay-type":"","overlay-color":"","overlay-opacity":"","overlay-gradient":""},"tablet":{"background-color":"var(--ast-global-color-5)","background-image":"","background-repeat":"repeat","background-position":"center center","background-size":"auto","background-attachment":"scroll","background-type":"","background-media":"","overlay-type":"","overlay-color":"","overlay-opacity":"","overlay-gradient":""},"mobile":{"background-color":"var(--ast-global-color-5)","background-image":"","background-repeat":"repeat","background-position":"center center","background-size":"auto","background-attachment":"scroll","background-type":"","background-media":"","overlay-type":"","overlay-color":"","overlay-opacity":"","overlay-gradient":""}},"footnotes":""},"class_list":["post-3643","page","type-page","status-publish","has-post-thumbnail","hentry"],"yoast_head":"<!-- This site is optimized with the Yoast SEO Premium plugin v24.2 (Yoast SEO v24.6) - https:\/\/yoast.com\/wordpress\/plugins\/seo\/ -->\n<title>Por qu\u00e9 los esp\u00edritas no temen a la muerte - Uni\u00f3n Esp\u00edrita<\/title>\n<meta name=\"robots\" content=\"index, follow, max-snippet:-1, max-image-preview:large, max-video-preview:-1\" \/>\n<link rel=\"canonical\" href=\"https:\/\/nuevo-renacer.com\/pt\/por-que-los-espiritas-no-temen-a-la-muerte\/\" \/>\n<meta property=\"og:locale\" content=\"pt_BR\" \/>\n<meta property=\"og:type\" content=\"article\" \/>\n<meta property=\"og:title\" content=\"Por qu\u00e9 los esp\u00edritas no temen a la muerte\" \/>\n<meta property=\"og:description\" content=\"Por qu\u00e9 los esp\u00edritas no temen a la muerte Del libro: El Cielo y el Infierno \u2013 Allan Kardec&nbsp; La doctrina esp\u00edrita modifica por completo la manera de encarar el porvenir. La vida futura ya no es una hip\u00f3tesis, sino una realidad. El estado de las almas despu\u00e9s de la muerte ya no es un [&hellip;]\" \/>\n<meta property=\"og:url\" content=\"https:\/\/nuevo-renacer.com\/pt\/por-que-los-espiritas-no-temen-a-la-muerte\/\" \/>\n<meta property=\"og:site_name\" content=\"Uni\u00f3n Esp\u00edrita\" \/>\n<meta property=\"article:publisher\" content=\"https:\/\/www.facebook.com\/groups\/3431398063740829\" \/>\n<meta property=\"article:modified_time\" content=\"2025-05-23T09:47:12+00:00\" \/>\n<meta property=\"og:image\" content=\"https:\/\/nuevo-renacer.com\/wp-content\/uploads\/2024\/07\/33259436-schon-blumen-im-ein-sarg-beim-ein-beerdigung-ai-generiert-foto.jpg\" \/>\n\t<meta property=\"og:image:width\" content=\"600\" \/>\n\t<meta property=\"og:image:height\" content=\"400\" \/>\n\t<meta property=\"og:image:type\" content=\"image\/jpeg\" \/>\n<meta name=\"twitter:card\" content=\"summary_large_image\" \/>\n<meta name=\"twitter:label1\" content=\"Est. tempo de leitura\" \/>\n\t<meta name=\"twitter:data1\" content=\"3 minutos\" \/>\n<script type=\"application\/ld+json\" class=\"yoast-schema-graph\">{\"@context\":\"https:\/\/schema.org\",\"@graph\":[{\"@type\":\"WebPage\",\"@id\":\"https:\/\/nuevo-renacer.com\/por-que-los-espiritas-no-temen-a-la-muerte\/\",\"url\":\"https:\/\/nuevo-renacer.com\/por-que-los-espiritas-no-temen-a-la-muerte\/\",\"name\":\"Por qu\u00e9 los esp\u00edritas no temen a la muerte - Uni\u00f3n Esp\u00edrita\",\"isPartOf\":{\"@id\":\"https:\/\/nuevo-renacer.com\/#website\"},\"primaryImageOfPage\":{\"@id\":\"https:\/\/nuevo-renacer.com\/por-que-los-espiritas-no-temen-a-la-muerte\/#primaryimage\"},\"image\":{\"@id\":\"https:\/\/nuevo-renacer.com\/por-que-los-espiritas-no-temen-a-la-muerte\/#primaryimage\"},\"thumbnailUrl\":\"https:\/\/nuevo-renacer.com\/wp-content\/uploads\/2024\/07\/33259436-schon-blumen-im-ein-sarg-beim-ein-beerdigung-ai-generiert-foto.jpg\",\"datePublished\":\"2024-07-10T14:28:55+00:00\",\"dateModified\":\"2025-05-23T09:47:12+00:00\",\"breadcrumb\":{\"@id\":\"https:\/\/nuevo-renacer.com\/por-que-los-espiritas-no-temen-a-la-muerte\/#breadcrumb\"},\"inLanguage\":\"pt-BR\",\"potentialAction\":[{\"@type\":\"ReadAction\",\"target\":[\"https:\/\/nuevo-renacer.com\/por-que-los-espiritas-no-temen-a-la-muerte\/\"]}]},{\"@type\":\"ImageObject\",\"inLanguage\":\"pt-BR\",\"@id\":\"https:\/\/nuevo-renacer.com\/por-que-los-espiritas-no-temen-a-la-muerte\/#primaryimage\",\"url\":\"https:\/\/nuevo-renacer.com\/wp-content\/uploads\/2024\/07\/33259436-schon-blumen-im-ein-sarg-beim-ein-beerdigung-ai-generiert-foto.jpg\",\"contentUrl\":\"https:\/\/nuevo-renacer.com\/wp-content\/uploads\/2024\/07\/33259436-schon-blumen-im-ein-sarg-beim-ein-beerdigung-ai-generiert-foto.jpg\",\"width\":600,\"height\":400},{\"@type\":\"BreadcrumbList\",\"@id\":\"https:\/\/nuevo-renacer.com\/por-que-los-espiritas-no-temen-a-la-muerte\/#breadcrumb\",\"itemListElement\":[{\"@type\":\"ListItem\",\"position\":1,\"name\":\"Startseite\",\"item\":\"https:\/\/nuevo-renacer.com\/\"},{\"@type\":\"ListItem\",\"position\":2,\"name\":\"Por qu\u00e9 los esp\u00edritas no temen a la muerte\"}]},{\"@type\":\"WebSite\",\"@id\":\"https:\/\/nuevo-renacer.com\/#website\",\"url\":\"https:\/\/nuevo-renacer.com\/\",\"name\":\"Uni\u00f3n Esp\u00edrita\",\"description\":\"Nuevo Renacer\",\"publisher\":{\"@id\":\"https:\/\/nuevo-renacer.com\/#organization\"},\"potentialAction\":[{\"@type\":\"SearchAction\",\"target\":{\"@type\":\"EntryPoint\",\"urlTemplate\":\"https:\/\/nuevo-renacer.com\/?s={search_term_string}\"},\"query-input\":{\"@type\":\"PropertyValueSpecification\",\"valueRequired\":true,\"valueName\":\"search_term_string\"}}],\"inLanguage\":\"pt-BR\"},{\"@type\":\"Organization\",\"@id\":\"https:\/\/nuevo-renacer.com\/#organization\",\"name\":\"UFEC\",\"url\":\"https:\/\/nuevo-renacer.com\/\",\"logo\":{\"@type\":\"ImageObject\",\"inLanguage\":\"pt-BR\",\"@id\":\"https:\/\/nuevo-renacer.com\/#\/schema\/logo\/image\/\",\"url\":\"https:\/\/nuevo-renacer.com\/wp-content\/uploads\/2024\/05\/cropped-LOGO-TERMINADO1-3-3.png\",\"contentUrl\":\"https:\/\/nuevo-renacer.com\/wp-content\/uploads\/2024\/05\/cropped-LOGO-TERMINADO1-3-3.png\",\"width\":512,\"height\":512,\"caption\":\"UFEC\"},\"image\":{\"@id\":\"https:\/\/nuevo-renacer.com\/#\/schema\/logo\/image\/\"},\"sameAs\":[\"https:\/\/www.facebook.com\/groups\/3431398063740829\"]}]}<\/script>\n<!-- \/ Yoast SEO Premium plugin. -->","yoast_head_json":{"title":"Por qu\u00e9 los esp\u00edritas no temen a la muerte - Uni\u00f3n Esp\u00edrita","robots":{"index":"index","follow":"follow","max-snippet":"max-snippet:-1","max-image-preview":"max-image-preview:large","max-video-preview":"max-video-preview:-1"},"canonical":"https:\/\/nuevo-renacer.com\/pt\/por-que-los-espiritas-no-temen-a-la-muerte\/","og_locale":"pt_BR","og_type":"article","og_title":"Por qu\u00e9 los esp\u00edritas no temen a la muerte","og_description":"Por qu\u00e9 los esp\u00edritas no temen a la muerte Del libro: El Cielo y el Infierno \u2013 Allan Kardec&nbsp; La doctrina esp\u00edrita modifica por completo la manera de encarar el porvenir. La vida futura ya no es una hip\u00f3tesis, sino una realidad. El estado de las almas despu\u00e9s de la muerte ya no es un [&hellip;]","og_url":"https:\/\/nuevo-renacer.com\/pt\/por-que-los-espiritas-no-temen-a-la-muerte\/","og_site_name":"Uni\u00f3n Esp\u00edrita","article_publisher":"https:\/\/www.facebook.com\/groups\/3431398063740829","article_modified_time":"2025-05-23T09:47:12+00:00","og_image":[{"width":600,"height":400,"url":"https:\/\/nuevo-renacer.com\/wp-content\/uploads\/2024\/07\/33259436-schon-blumen-im-ein-sarg-beim-ein-beerdigung-ai-generiert-foto.jpg","type":"image\/jpeg"}],"twitter_card":"summary_large_image","twitter_misc":{"Est. tempo de leitura":"3 minutos"},"schema":{"@context":"https:\/\/schema.org","@graph":[{"@type":"WebPage","@id":"https:\/\/nuevo-renacer.com\/por-que-los-espiritas-no-temen-a-la-muerte\/","url":"https:\/\/nuevo-renacer.com\/por-que-los-espiritas-no-temen-a-la-muerte\/","name":"Por qu\u00e9 los esp\u00edritas no temen a la muerte - Uni\u00f3n Esp\u00edrita","isPartOf":{"@id":"https:\/\/nuevo-renacer.com\/#website"},"primaryImageOfPage":{"@id":"https:\/\/nuevo-renacer.com\/por-que-los-espiritas-no-temen-a-la-muerte\/#primaryimage"},"image":{"@id":"https:\/\/nuevo-renacer.com\/por-que-los-espiritas-no-temen-a-la-muerte\/#primaryimage"},"thumbnailUrl":"https:\/\/nuevo-renacer.com\/wp-content\/uploads\/2024\/07\/33259436-schon-blumen-im-ein-sarg-beim-ein-beerdigung-ai-generiert-foto.jpg","datePublished":"2024-07-10T14:28:55+00:00","dateModified":"2025-05-23T09:47:12+00:00","breadcrumb":{"@id":"https:\/\/nuevo-renacer.com\/por-que-los-espiritas-no-temen-a-la-muerte\/#breadcrumb"},"inLanguage":"pt-BR","potentialAction":[{"@type":"ReadAction","target":["https:\/\/nuevo-renacer.com\/por-que-los-espiritas-no-temen-a-la-muerte\/"]}]},{"@type":"ImageObject","inLanguage":"pt-BR","@id":"https:\/\/nuevo-renacer.com\/por-que-los-espiritas-no-temen-a-la-muerte\/#primaryimage","url":"https:\/\/nuevo-renacer.com\/wp-content\/uploads\/2024\/07\/33259436-schon-blumen-im-ein-sarg-beim-ein-beerdigung-ai-generiert-foto.jpg","contentUrl":"https:\/\/nuevo-renacer.com\/wp-content\/uploads\/2024\/07\/33259436-schon-blumen-im-ein-sarg-beim-ein-beerdigung-ai-generiert-foto.jpg","width":600,"height":400},{"@type":"BreadcrumbList","@id":"https:\/\/nuevo-renacer.com\/por-que-los-espiritas-no-temen-a-la-muerte\/#breadcrumb","itemListElement":[{"@type":"ListItem","position":1,"name":"Startseite","item":"https:\/\/nuevo-renacer.com\/"},{"@type":"ListItem","position":2,"name":"Por qu\u00e9 los esp\u00edritas no temen a la muerte"}]},{"@type":"WebSite","@id":"https:\/\/nuevo-renacer.com\/#website","url":"https:\/\/nuevo-renacer.com\/","name":"Uni\u00f3n Esp\u00edrita","description":"Nuevo Renacer","publisher":{"@id":"https:\/\/nuevo-renacer.com\/#organization"},"potentialAction":[{"@type":"SearchAction","target":{"@type":"EntryPoint","urlTemplate":"https:\/\/nuevo-renacer.com\/?s={search_term_string}"},"query-input":{"@type":"PropertyValueSpecification","valueRequired":true,"valueName":"search_term_string"}}],"inLanguage":"pt-BR"},{"@type":"Organization","@id":"https:\/\/nuevo-renacer.com\/#organization","name":"UFEC","url":"https:\/\/nuevo-renacer.com\/","logo":{"@type":"ImageObject","inLanguage":"pt-BR","@id":"https:\/\/nuevo-renacer.com\/#\/schema\/logo\/image\/","url":"https:\/\/nuevo-renacer.com\/wp-content\/uploads\/2024\/05\/cropped-LOGO-TERMINADO1-3-3.png","contentUrl":"https:\/\/nuevo-renacer.com\/wp-content\/uploads\/2024\/05\/cropped-LOGO-TERMINADO1-3-3.png","width":512,"height":512,"caption":"UFEC"},"image":{"@id":"https:\/\/nuevo-renacer.com\/#\/schema\/logo\/image\/"},"sameAs":["https:\/\/www.facebook.com\/groups\/3431398063740829"]}]}},"uagb_featured_image_src":{"full":["https:\/\/nuevo-renacer.com\/wp-content\/uploads\/2024\/07\/33259436-schon-blumen-im-ein-sarg-beim-ein-beerdigung-ai-generiert-foto.jpg",600,400,false],"thumbnail":["https:\/\/nuevo-renacer.com\/wp-content\/uploads\/2024\/07\/33259436-schon-blumen-im-ein-sarg-beim-ein-beerdigung-ai-generiert-foto-150x150.jpg",150,150,true],"medium":["https:\/\/nuevo-renacer.com\/wp-content\/uploads\/2024\/07\/33259436-schon-blumen-im-ein-sarg-beim-ein-beerdigung-ai-generiert-foto-300x200.jpg",300,200,true],"medium_large":["https:\/\/nuevo-renacer.com\/wp-content\/uploads\/2024\/07\/33259436-schon-blumen-im-ein-sarg-beim-ein-beerdigung-ai-generiert-foto.jpg",600,400,false],"large":["https:\/\/nuevo-renacer.com\/wp-content\/uploads\/2024\/07\/33259436-schon-blumen-im-ein-sarg-beim-ein-beerdigung-ai-generiert-foto.jpg",600,400,false],"1536x1536":["https:\/\/nuevo-renacer.com\/wp-content\/uploads\/2024\/07\/33259436-schon-blumen-im-ein-sarg-beim-ein-beerdigung-ai-generiert-foto.jpg",600,400,false],"2048x2048":["https:\/\/nuevo-renacer.com\/wp-content\/uploads\/2024\/07\/33259436-schon-blumen-im-ein-sarg-beim-ein-beerdigung-ai-generiert-foto.jpg",600,400,false],"trp-custom-language-flag":["https:\/\/nuevo-renacer.com\/wp-content\/uploads\/2024\/07\/33259436-schon-blumen-im-ein-sarg-beim-ein-beerdigung-ai-generiert-foto-18x12.jpg",18,12,true]},"uagb_author_info":{"display_name":"adbv0","author_link":"https:\/\/nuevo-renacer.com\/pt\/author\/adbv0\/"},"uagb_comment_info":0,"uagb_excerpt":"Por qu\u00e9 los esp\u00edritas no temen a la muerte Del libro: El Cielo y el Infierno \u2013 Allan Kardec&nbsp; La doctrina esp\u00edrita modifica por completo la manera de encarar el porvenir. La vida futura ya no es una hip\u00f3tesis, sino una realidad. El estado de las almas despu\u00e9s de la muerte ya no es un&hellip;","jetpack_sharing_enabled":true,"_links":{"self":[{"href":"https:\/\/nuevo-renacer.com\/pt\/wp-json\/wp\/v2\/pages\/3643","targetHints":{"allow":["GET"]}}],"collection":[{"href":"https:\/\/nuevo-renacer.com\/pt\/wp-json\/wp\/v2\/pages"}],"about":[{"href":"https:\/\/nuevo-renacer.com\/pt\/wp-json\/wp\/v2\/types\/page"}],"author":[{"embeddable":true,"href":"https:\/\/nuevo-renacer.com\/pt\/wp-json\/wp\/v2\/users\/1"}],"replies":[{"embeddable":true,"href":"https:\/\/nuevo-renacer.com\/pt\/wp-json\/wp\/v2\/comments?post=3643"}],"version-history":[{"count":3,"href":"https:\/\/nuevo-renacer.com\/pt\/wp-json\/wp\/v2\/pages\/3643\/revisions"}],"predecessor-version":[{"id":8184,"href":"https:\/\/nuevo-renacer.com\/pt\/wp-json\/wp\/v2\/pages\/3643\/revisions\/8184"}],"wp:featuredmedia":[{"embeddable":true,"href":"https:\/\/nuevo-renacer.com\/pt\/wp-json\/wp\/v2\/media\/3644"}],"wp:attachment":[{"href":"https:\/\/nuevo-renacer.com\/pt\/wp-json\/wp\/v2\/media?parent=3643"}],"curies":[{"name":"wp","href":"https:\/\/api.w.org\/{rel}","templated":true}]}}