{"id":3597,"date":"2024-07-10T11:33:01","date_gmt":"2024-07-10T11:33:01","guid":{"rendered":"https:\/\/ufec-mundial.com\/?page_id=3597"},"modified":"2025-01-02T12:02:16","modified_gmt":"2025-01-02T12:02:16","slug":"la-imposibilidad-de-las-penas-eternas","status":"publish","type":"page","link":"https:\/\/nuevo-renacer.com\/pt\/la-imposibilidad-de-las-penas-eternas\/","title":{"rendered":"A impossibilidade de puni\u00e7\u00e3o eterna"},"content":{"rendered":"<div class=\"wp-block-uagb-container uagb-block-7677c792 alignfull uagb-is-root-container\"><div class=\"uagb-container-inner-blocks-wrap\">\n<p class=\"has-black-color has-text-color has-link-color has-medium-font-size wp-elements-9195b4a20927720ac56b2ea6c5a5b13e\"><strong>A impossibilidade de puni\u00e7\u00e3o eterna<\/strong><\/p>\n\n\n\n<p class=\"has-black-color has-text-color has-link-color has-medium-font-size wp-elements-7bec66d66c94fadeb07f12b26b31d5cf\"><strong>Do livro: O C\u00e9u e o Inferno \u2013 Allan Kardec<\/strong><\/p>\n<\/div><\/div>\n\n\n\n<div class=\"wp-block-uagb-container uagb-block-aac6b1bc alignfull uagb-is-root-container\"><div class=\"uagb-container-inner-blocks-wrap\">\n<figure class=\"wp-block-image size-full is-resized\"><img fetchpriority=\"high\" decoding=\"async\" width=\"643\" height=\"360\" src=\"https:\/\/ufec-mundial.com\/wp-content\/uploads\/2024\/07\/360_F_645413602_YysGA8ncTRgh5L4KRa64IFqytK4Jo1KQ.jpg\" alt=\"\" class=\"wp-image-3598\" style=\"width:441px;height:auto\" srcset=\"https:\/\/nuevo-renacer.com\/wp-content\/uploads\/2024\/07\/360_F_645413602_YysGA8ncTRgh5L4KRa64IFqytK4Jo1KQ.jpg 643w, https:\/\/nuevo-renacer.com\/wp-content\/uploads\/2024\/07\/360_F_645413602_YysGA8ncTRgh5L4KRa64IFqytK4Jo1KQ-300x168.jpg 300w, https:\/\/nuevo-renacer.com\/wp-content\/uploads\/2024\/07\/360_F_645413602_YysGA8ncTRgh5L4KRa64IFqytK4Jo1KQ-18x10.jpg 18w\" sizes=\"(max-width: 643px) 100vw, 643px\" \/><\/figure>\n<\/div><\/div>\n\n\n\n<div class=\"wp-block-uagb-container uagb-block-d7d712cb alignfull uagb-is-root-container\"><div class=\"uagb-container-inner-blocks-wrap\">\n<p class=\"has-black-color has-text-color has-link-color has-small-font-size wp-elements-af00adf2684d89abf1fa78cb00614076\">Imaginemos um jovem de vinte anos, como muitos dos jovens de hoje, ignorante, com instintos viciosos, negando a exist\u00eancia de sua alma e de Deus, dado a comportamentos descontrolados e a cometer todos os tipos de perversidades, e depois, em um ambiente favor\u00e1vel, trabalhando, aprendendo, corrigindo-se gradualmente at\u00e9 se tornar um crente piedoso. Depois, em um ambiente favor\u00e1vel, esse jovem trabalha, \u00e9 instru\u00eddo, corrige-se gradualmente at\u00e9 se tornar um crente piedoso. N\u00e3o \u00e9 esse um exemplo palp\u00e1vel do progresso da alma durante a vida, um exemplo que se repete todos os dias? Esse homem morre na velhice como um santo, e certamente sua salva\u00e7\u00e3o est\u00e1 garantida. No entanto, qual teria sido seu destino se um acidente o tivesse levado \u00e0 morte quarenta ou cinquenta anos antes? <\/p>\n\n\n\n<p class=\"has-black-color has-text-color has-link-color has-small-font-size wp-elements-cb6827a140410aa1b8be6674e0b1aa60\">Naquela ocasi\u00e3o, ele cumpriu todas as condi\u00e7\u00f5es necess\u00e1rias para sua condena\u00e7\u00e3o, de modo que, uma vez condenado, toda forma de progresso lhe seria vedada. Estamos, portanto, diante de um homem que s\u00f3 foi salvo porque viveu mais tempo e que, de acordo com a doutrina da puni\u00e7\u00e3o eterna, estaria perdido para sempre se tivesse vivido menos, talvez como resultado de um acidente fortuito. Uma vez que sua alma foi capaz de progredir em um determinado momento, por que n\u00e3o poderia ter sido capaz de progredir tamb\u00e9m ap\u00f3s a morte, se uma causa al\u00e9m de seu controle o tivesse impedido de faz\u00ea-lo durante sua vida? Por que Deus deveria ter negado a ele os meios? O arrependimento, embora atrasado, n\u00e3o teria deixado de acontecer. Por outro lado, se desde o momento de sua morte uma condena\u00e7\u00e3o irremiss\u00edvel lhe tivesse sido imposta, seu arrependimento teria sido infrut\u00edfero por toda a eternidade, e sua capacidade de progredir teria sido anulada para sempre.<\/p>\n\n\n\n<p class=\"has-black-color has-text-color has-link-color has-small-font-size wp-elements-861e1179a7b63db070fd89528ff479c2\">O dogma da eternidade absoluta da puni\u00e7\u00e3o \u00e9, portanto, incompat\u00edvel com o progresso das almas, ao qual ele op\u00f5e uma barreira intranspon\u00edvel. Os dois princ\u00edpios se anulam, pois a exist\u00eancia de um implica necessariamente a aniquila\u00e7\u00e3o do outro. Qual dos dois \u00e9 real? A lei do progresso realmente existe: n\u00e3o \u00e9 uma teoria, mas um fato confirmado pela experi\u00eancia; \u00e9 uma lei da natureza, uma lei divina, imprescrit\u00edvel. Portanto, se ela existe e n\u00e3o pode ser conciliada com a outra, ent\u00e3o a outra n\u00e3o existe. Se o dogma da eternidade da puni\u00e7\u00e3o fosse verdadeiro, Santo Agostinho, S\u00e3o Paulo e tantos outros nunca teriam visto o C\u00e9u se tivessem morrido antes de fazer o progresso que os levou \u00e0 convers\u00e3o.<\/p>\n\n\n\n<p class=\"has-black-color has-text-color has-link-color has-small-font-size wp-elements-676185e6b8f02dc45603f5789867d1b3\">A esse \u00faltimo argumento, eles responder\u00e3o que a convers\u00e3o desses personagens santos n\u00e3o foi o resultado do progresso da alma, mas da gra\u00e7a concedida a eles e pela qual foram tocados.<\/p>\n\n\n\n<p class=\"has-black-color has-text-color has-link-color has-small-font-size wp-elements-c2d0a4ceadc02a56e49e805ee95e8d56\">Entretanto, isso \u00e9 um jogo de palavras. Se esses santos praticaram o mal e depois o bem, isso significa que eles melhoraram. Por que Deus teria concedido a eles, como um favor especial, a gra\u00e7a de se corrigirem? Por que a eles e n\u00e3o a outros? Sempre nos respondem com a doutrina do privil\u00e9gio, que \u00e9 incompat\u00edvel com a justi\u00e7a de Deus e com o amor que Ele concede igualmente a todas as criaturas.<\/p>\n\n\n\n<p class=\"has-black-color has-text-color has-link-color has-small-font-size wp-elements-8db242bfeb2082cdb3705d87ba24e059\">Segundo a doutrina esp\u00edrita, de acordo com as pr\u00f3prias palavras do Evangelho, com a l\u00f3gica e com a mais rigorosa justi\u00e7a, o homem \u00e9 filho de suas obras, tanto nesta vida como ap\u00f3s a morte. Ele nada deve \u00e0 gra\u00e7a. Deus o recompensa pelos esfor\u00e7os que ele faz e o pune por sua neglig\u00eancia, enquanto ele persistir nela.<\/p>\n<\/div><\/div>\n\n\n\n<div class=\"wp-block-uagb-container uagb-block-e5389069 alignfull uagb-is-root-container\"><div class=\"uagb-container-inner-blocks-wrap\"><\/div><\/div>\n\n\n\n<div class=\"wp-block-uagb-container uagb-block-72414764 alignfull uagb-is-root-container\"><div class=\"uagb-container-inner-blocks-wrap\"><\/div><\/div>","protected":false},"excerpt":{"rendered":"<p>La imposibilidad de las penas eternas Del libro: El Cielo y el Infierno \u2013 Allan Kardec Imaginemos un joven de veinte a\u00f1os, como tantos que existen actualmente, ignorante, de instintos viciosos, que niega la existencia de su alma y la de Dios, entregado al descontrol y a cometer toda clase de perversidades. Posteriormente, en un [&hellip;]<\/p>","protected":false},"author":1,"featured_media":3598,"parent":0,"menu_order":0,"comment_status":"closed","ping_status":"closed","template":"","meta":{"_uag_custom_page_level_css":"","site-sidebar-layout":"default","site-content-layout":"","ast-site-content-layout":"default","site-content-style":"default","site-sidebar-style":"default","ast-global-header-display":"","ast-banner-title-visibility":"","ast-main-header-display":"","ast-hfb-above-header-display":"","ast-hfb-below-header-display":"","ast-hfb-mobile-header-display":"","site-post-title":"disabled","ast-breadcrumbs-content":"","ast-featured-img":"","footer-sml-layout":"","theme-transparent-header-meta":"","adv-header-id-meta":"","stick-header-meta":"","header-above-stick-meta":"","header-main-stick-meta":"","header-below-stick-meta":"","astra-migrate-meta-layouts":"set","ast-page-background-enabled":"default","ast-page-background-meta":{"desktop":{"background-color":"var(--ast-global-color-4)","background-image":"","background-repeat":"repeat","background-position":"center center","background-size":"auto","background-attachment":"scroll","background-type":"","background-media":"","overlay-type":"","overlay-color":"","overlay-opacity":"","overlay-gradient":""},"tablet":{"background-color":"","background-image":"","background-repeat":"repeat","background-position":"center center","background-size":"auto","background-attachment":"scroll","background-type":"","background-media":"","overlay-type":"","overlay-color":"","overlay-opacity":"","overlay-gradient":""},"mobile":{"background-color":"","background-image":"","background-repeat":"repeat","background-position":"center center","background-size":"auto","background-attachment":"scroll","background-type":"","background-media":"","overlay-type":"","overlay-color":"","overlay-opacity":"","overlay-gradient":""}},"ast-content-background-meta":{"desktop":{"background-color":"var(--ast-global-color-5)","background-image":"","background-repeat":"repeat","background-position":"center center","background-size":"auto","background-attachment":"scroll","background-type":"","background-media":"","overlay-type":"","overlay-color":"","overlay-opacity":"","overlay-gradient":""},"tablet":{"background-color":"var(--ast-global-color-5)","background-image":"","background-repeat":"repeat","background-position":"center center","background-size":"auto","background-attachment":"scroll","background-type":"","background-media":"","overlay-type":"","overlay-color":"","overlay-opacity":"","overlay-gradient":""},"mobile":{"background-color":"var(--ast-global-color-5)","background-image":"","background-repeat":"repeat","background-position":"center center","background-size":"auto","background-attachment":"scroll","background-type":"","background-media":"","overlay-type":"","overlay-color":"","overlay-opacity":"","overlay-gradient":""}},"footnotes":""},"class_list":["post-3597","page","type-page","status-publish","has-post-thumbnail","hentry"],"yoast_head":"<!-- This site is optimized with the Yoast SEO Premium plugin v24.2 (Yoast SEO v24.6) - https:\/\/yoast.com\/wordpress\/plugins\/seo\/ -->\n<title>La imposibilidad de las penas eternas - Uni\u00f3n Esp\u00edrita<\/title>\n<meta name=\"robots\" content=\"index, follow, max-snippet:-1, max-image-preview:large, max-video-preview:-1\" \/>\n<link rel=\"canonical\" href=\"https:\/\/nuevo-renacer.com\/pt\/la-imposibilidad-de-las-penas-eternas\/\" \/>\n<meta property=\"og:locale\" content=\"pt_BR\" \/>\n<meta property=\"og:type\" content=\"article\" \/>\n<meta property=\"og:title\" content=\"La imposibilidad de las penas eternas\" \/>\n<meta property=\"og:description\" content=\"La imposibilidad de las penas eternas Del libro: El Cielo y el Infierno \u2013 Allan Kardec Imaginemos un joven de veinte a\u00f1os, como tantos que existen actualmente, ignorante, de instintos viciosos, que niega la existencia de su alma y la de Dios, entregado al descontrol y a cometer toda clase de perversidades. Posteriormente, en un [&hellip;]\" \/>\n<meta property=\"og:url\" content=\"https:\/\/nuevo-renacer.com\/pt\/la-imposibilidad-de-las-penas-eternas\/\" \/>\n<meta property=\"og:site_name\" content=\"Uni\u00f3n Esp\u00edrita\" \/>\n<meta property=\"article:publisher\" content=\"https:\/\/www.facebook.com\/groups\/3431398063740829\" \/>\n<meta property=\"article:modified_time\" content=\"2025-01-02T12:02:16+00:00\" \/>\n<meta property=\"og:image\" content=\"https:\/\/nuevo-renacer.com\/wp-content\/uploads\/2024\/07\/360_F_645413602_YysGA8ncTRgh5L4KRa64IFqytK4Jo1KQ.jpg\" \/>\n\t<meta property=\"og:image:width\" content=\"643\" \/>\n\t<meta property=\"og:image:height\" content=\"360\" \/>\n\t<meta property=\"og:image:type\" content=\"image\/jpeg\" \/>\n<meta name=\"twitter:card\" content=\"summary_large_image\" \/>\n<meta name=\"twitter:label1\" content=\"Est. tempo de leitura\" \/>\n\t<meta name=\"twitter:data1\" content=\"3 minutos\" \/>\n<script type=\"application\/ld+json\" class=\"yoast-schema-graph\">{\"@context\":\"https:\/\/schema.org\",\"@graph\":[{\"@type\":\"WebPage\",\"@id\":\"https:\/\/nuevo-renacer.com\/la-imposibilidad-de-las-penas-eternas\/\",\"url\":\"https:\/\/nuevo-renacer.com\/la-imposibilidad-de-las-penas-eternas\/\",\"name\":\"La imposibilidad de las penas eternas - Uni\u00f3n Esp\u00edrita\",\"isPartOf\":{\"@id\":\"https:\/\/nuevo-renacer.com\/#website\"},\"primaryImageOfPage\":{\"@id\":\"https:\/\/nuevo-renacer.com\/la-imposibilidad-de-las-penas-eternas\/#primaryimage\"},\"image\":{\"@id\":\"https:\/\/nuevo-renacer.com\/la-imposibilidad-de-las-penas-eternas\/#primaryimage\"},\"thumbnailUrl\":\"https:\/\/nuevo-renacer.com\/wp-content\/uploads\/2024\/07\/360_F_645413602_YysGA8ncTRgh5L4KRa64IFqytK4Jo1KQ.jpg\",\"datePublished\":\"2024-07-10T11:33:01+00:00\",\"dateModified\":\"2025-01-02T12:02:16+00:00\",\"breadcrumb\":{\"@id\":\"https:\/\/nuevo-renacer.com\/la-imposibilidad-de-las-penas-eternas\/#breadcrumb\"},\"inLanguage\":\"pt-BR\",\"potentialAction\":[{\"@type\":\"ReadAction\",\"target\":[\"https:\/\/nuevo-renacer.com\/la-imposibilidad-de-las-penas-eternas\/\"]}]},{\"@type\":\"ImageObject\",\"inLanguage\":\"pt-BR\",\"@id\":\"https:\/\/nuevo-renacer.com\/la-imposibilidad-de-las-penas-eternas\/#primaryimage\",\"url\":\"https:\/\/nuevo-renacer.com\/wp-content\/uploads\/2024\/07\/360_F_645413602_YysGA8ncTRgh5L4KRa64IFqytK4Jo1KQ.jpg\",\"contentUrl\":\"https:\/\/nuevo-renacer.com\/wp-content\/uploads\/2024\/07\/360_F_645413602_YysGA8ncTRgh5L4KRa64IFqytK4Jo1KQ.jpg\",\"width\":643,\"height\":360},{\"@type\":\"BreadcrumbList\",\"@id\":\"https:\/\/nuevo-renacer.com\/la-imposibilidad-de-las-penas-eternas\/#breadcrumb\",\"itemListElement\":[{\"@type\":\"ListItem\",\"position\":1,\"name\":\"Startseite\",\"item\":\"https:\/\/nuevo-renacer.com\/\"},{\"@type\":\"ListItem\",\"position\":2,\"name\":\"La imposibilidad de las penas eternas\"}]},{\"@type\":\"WebSite\",\"@id\":\"https:\/\/nuevo-renacer.com\/#website\",\"url\":\"https:\/\/nuevo-renacer.com\/\",\"name\":\"Uni\u00f3n Esp\u00edrita\",\"description\":\"Nuevo Renacer\",\"publisher\":{\"@id\":\"https:\/\/nuevo-renacer.com\/#organization\"},\"potentialAction\":[{\"@type\":\"SearchAction\",\"target\":{\"@type\":\"EntryPoint\",\"urlTemplate\":\"https:\/\/nuevo-renacer.com\/?s={search_term_string}\"},\"query-input\":{\"@type\":\"PropertyValueSpecification\",\"valueRequired\":true,\"valueName\":\"search_term_string\"}}],\"inLanguage\":\"pt-BR\"},{\"@type\":\"Organization\",\"@id\":\"https:\/\/nuevo-renacer.com\/#organization\",\"name\":\"UFEC\",\"url\":\"https:\/\/nuevo-renacer.com\/\",\"logo\":{\"@type\":\"ImageObject\",\"inLanguage\":\"pt-BR\",\"@id\":\"https:\/\/nuevo-renacer.com\/#\/schema\/logo\/image\/\",\"url\":\"https:\/\/nuevo-renacer.com\/wp-content\/uploads\/2024\/05\/cropped-LOGO-TERMINADO1-3-3.png\",\"contentUrl\":\"https:\/\/nuevo-renacer.com\/wp-content\/uploads\/2024\/05\/cropped-LOGO-TERMINADO1-3-3.png\",\"width\":512,\"height\":512,\"caption\":\"UFEC\"},\"image\":{\"@id\":\"https:\/\/nuevo-renacer.com\/#\/schema\/logo\/image\/\"},\"sameAs\":[\"https:\/\/www.facebook.com\/groups\/3431398063740829\"]}]}<\/script>\n<!-- \/ Yoast SEO Premium plugin. -->","yoast_head_json":{"title":"La imposibilidad de las penas eternas - Uni\u00f3n Esp\u00edrita","robots":{"index":"index","follow":"follow","max-snippet":"max-snippet:-1","max-image-preview":"max-image-preview:large","max-video-preview":"max-video-preview:-1"},"canonical":"https:\/\/nuevo-renacer.com\/pt\/la-imposibilidad-de-las-penas-eternas\/","og_locale":"pt_BR","og_type":"article","og_title":"La imposibilidad de las penas eternas","og_description":"La imposibilidad de las penas eternas Del libro: El Cielo y el Infierno \u2013 Allan Kardec Imaginemos un joven de veinte a\u00f1os, como tantos que existen actualmente, ignorante, de instintos viciosos, que niega la existencia de su alma y la de Dios, entregado al descontrol y a cometer toda clase de perversidades. Posteriormente, en un [&hellip;]","og_url":"https:\/\/nuevo-renacer.com\/pt\/la-imposibilidad-de-las-penas-eternas\/","og_site_name":"Uni\u00f3n Esp\u00edrita","article_publisher":"https:\/\/www.facebook.com\/groups\/3431398063740829","article_modified_time":"2025-01-02T12:02:16+00:00","og_image":[{"width":643,"height":360,"url":"https:\/\/nuevo-renacer.com\/wp-content\/uploads\/2024\/07\/360_F_645413602_YysGA8ncTRgh5L4KRa64IFqytK4Jo1KQ.jpg","type":"image\/jpeg"}],"twitter_card":"summary_large_image","twitter_misc":{"Est. tempo de leitura":"3 minutos"},"schema":{"@context":"https:\/\/schema.org","@graph":[{"@type":"WebPage","@id":"https:\/\/nuevo-renacer.com\/la-imposibilidad-de-las-penas-eternas\/","url":"https:\/\/nuevo-renacer.com\/la-imposibilidad-de-las-penas-eternas\/","name":"La imposibilidad de las penas eternas - Uni\u00f3n Esp\u00edrita","isPartOf":{"@id":"https:\/\/nuevo-renacer.com\/#website"},"primaryImageOfPage":{"@id":"https:\/\/nuevo-renacer.com\/la-imposibilidad-de-las-penas-eternas\/#primaryimage"},"image":{"@id":"https:\/\/nuevo-renacer.com\/la-imposibilidad-de-las-penas-eternas\/#primaryimage"},"thumbnailUrl":"https:\/\/nuevo-renacer.com\/wp-content\/uploads\/2024\/07\/360_F_645413602_YysGA8ncTRgh5L4KRa64IFqytK4Jo1KQ.jpg","datePublished":"2024-07-10T11:33:01+00:00","dateModified":"2025-01-02T12:02:16+00:00","breadcrumb":{"@id":"https:\/\/nuevo-renacer.com\/la-imposibilidad-de-las-penas-eternas\/#breadcrumb"},"inLanguage":"pt-BR","potentialAction":[{"@type":"ReadAction","target":["https:\/\/nuevo-renacer.com\/la-imposibilidad-de-las-penas-eternas\/"]}]},{"@type":"ImageObject","inLanguage":"pt-BR","@id":"https:\/\/nuevo-renacer.com\/la-imposibilidad-de-las-penas-eternas\/#primaryimage","url":"https:\/\/nuevo-renacer.com\/wp-content\/uploads\/2024\/07\/360_F_645413602_YysGA8ncTRgh5L4KRa64IFqytK4Jo1KQ.jpg","contentUrl":"https:\/\/nuevo-renacer.com\/wp-content\/uploads\/2024\/07\/360_F_645413602_YysGA8ncTRgh5L4KRa64IFqytK4Jo1KQ.jpg","width":643,"height":360},{"@type":"BreadcrumbList","@id":"https:\/\/nuevo-renacer.com\/la-imposibilidad-de-las-penas-eternas\/#breadcrumb","itemListElement":[{"@type":"ListItem","position":1,"name":"Startseite","item":"https:\/\/nuevo-renacer.com\/"},{"@type":"ListItem","position":2,"name":"La imposibilidad de las penas eternas"}]},{"@type":"WebSite","@id":"https:\/\/nuevo-renacer.com\/#website","url":"https:\/\/nuevo-renacer.com\/","name":"Uni\u00f3n Esp\u00edrita","description":"Nuevo Renacer","publisher":{"@id":"https:\/\/nuevo-renacer.com\/#organization"},"potentialAction":[{"@type":"SearchAction","target":{"@type":"EntryPoint","urlTemplate":"https:\/\/nuevo-renacer.com\/?s={search_term_string}"},"query-input":{"@type":"PropertyValueSpecification","valueRequired":true,"valueName":"search_term_string"}}],"inLanguage":"pt-BR"},{"@type":"Organization","@id":"https:\/\/nuevo-renacer.com\/#organization","name":"UFEC","url":"https:\/\/nuevo-renacer.com\/","logo":{"@type":"ImageObject","inLanguage":"pt-BR","@id":"https:\/\/nuevo-renacer.com\/#\/schema\/logo\/image\/","url":"https:\/\/nuevo-renacer.com\/wp-content\/uploads\/2024\/05\/cropped-LOGO-TERMINADO1-3-3.png","contentUrl":"https:\/\/nuevo-renacer.com\/wp-content\/uploads\/2024\/05\/cropped-LOGO-TERMINADO1-3-3.png","width":512,"height":512,"caption":"UFEC"},"image":{"@id":"https:\/\/nuevo-renacer.com\/#\/schema\/logo\/image\/"},"sameAs":["https:\/\/www.facebook.com\/groups\/3431398063740829"]}]}},"uagb_featured_image_src":{"full":["https:\/\/nuevo-renacer.com\/wp-content\/uploads\/2024\/07\/360_F_645413602_YysGA8ncTRgh5L4KRa64IFqytK4Jo1KQ.jpg",643,360,false],"thumbnail":["https:\/\/nuevo-renacer.com\/wp-content\/uploads\/2024\/07\/360_F_645413602_YysGA8ncTRgh5L4KRa64IFqytK4Jo1KQ-150x150.jpg",150,150,true],"medium":["https:\/\/nuevo-renacer.com\/wp-content\/uploads\/2024\/07\/360_F_645413602_YysGA8ncTRgh5L4KRa64IFqytK4Jo1KQ-300x168.jpg",300,168,true],"medium_large":["https:\/\/nuevo-renacer.com\/wp-content\/uploads\/2024\/07\/360_F_645413602_YysGA8ncTRgh5L4KRa64IFqytK4Jo1KQ.jpg",643,360,false],"large":["https:\/\/nuevo-renacer.com\/wp-content\/uploads\/2024\/07\/360_F_645413602_YysGA8ncTRgh5L4KRa64IFqytK4Jo1KQ.jpg",643,360,false],"1536x1536":["https:\/\/nuevo-renacer.com\/wp-content\/uploads\/2024\/07\/360_F_645413602_YysGA8ncTRgh5L4KRa64IFqytK4Jo1KQ.jpg",643,360,false],"2048x2048":["https:\/\/nuevo-renacer.com\/wp-content\/uploads\/2024\/07\/360_F_645413602_YysGA8ncTRgh5L4KRa64IFqytK4Jo1KQ.jpg",643,360,false],"trp-custom-language-flag":["https:\/\/nuevo-renacer.com\/wp-content\/uploads\/2024\/07\/360_F_645413602_YysGA8ncTRgh5L4KRa64IFqytK4Jo1KQ-18x10.jpg",18,10,true]},"uagb_author_info":{"display_name":"adbv0","author_link":"https:\/\/nuevo-renacer.com\/pt\/author\/adbv0\/"},"uagb_comment_info":0,"uagb_excerpt":"La imposibilidad de las penas eternas Del libro: El Cielo y el Infierno \u2013 Allan Kardec Imaginemos un joven de veinte a\u00f1os, como tantos que existen actualmente, ignorante, de instintos viciosos, que niega la existencia de su alma y la de Dios, entregado al descontrol y a cometer toda clase de perversidades. Posteriormente, en un&hellip;","jetpack_sharing_enabled":true,"_links":{"self":[{"href":"https:\/\/nuevo-renacer.com\/pt\/wp-json\/wp\/v2\/pages\/3597","targetHints":{"allow":["GET"]}}],"collection":[{"href":"https:\/\/nuevo-renacer.com\/pt\/wp-json\/wp\/v2\/pages"}],"about":[{"href":"https:\/\/nuevo-renacer.com\/pt\/wp-json\/wp\/v2\/types\/page"}],"author":[{"embeddable":true,"href":"https:\/\/nuevo-renacer.com\/pt\/wp-json\/wp\/v2\/users\/1"}],"replies":[{"embeddable":true,"href":"https:\/\/nuevo-renacer.com\/pt\/wp-json\/wp\/v2\/comments?post=3597"}],"version-history":[{"count":3,"href":"https:\/\/nuevo-renacer.com\/pt\/wp-json\/wp\/v2\/pages\/3597\/revisions"}],"predecessor-version":[{"id":6652,"href":"https:\/\/nuevo-renacer.com\/pt\/wp-json\/wp\/v2\/pages\/3597\/revisions\/6652"}],"wp:featuredmedia":[{"embeddable":true,"href":"https:\/\/nuevo-renacer.com\/pt\/wp-json\/wp\/v2\/media\/3598"}],"wp:attachment":[{"href":"https:\/\/nuevo-renacer.com\/pt\/wp-json\/wp\/v2\/media?parent=3597"}],"curies":[{"name":"wp","href":"https:\/\/api.w.org\/{rel}","templated":true}]}}