{"id":3590,"date":"2024-07-10T11:15:25","date_gmt":"2024-07-10T11:15:25","guid":{"rendered":"https:\/\/ufec-mundial.com\/?page_id=3590"},"modified":"2024-12-30T07:28:20","modified_gmt":"2024-12-30T07:28:20","slug":"sufrir-bien-y-sufrir-mal","status":"publish","type":"page","link":"https:\/\/nuevo-renacer.com\/pt\/sufrir-bien-y-sufrir-mal\/","title":{"rendered":"Sofrendo bem e sofrendo mal"},"content":{"rendered":"<div class=\"wp-block-uagb-container uagb-block-cbfb419c alignfull uagb-is-root-container\"><div class=\"uagb-container-inner-blocks-wrap\">\n<p class=\"has-black-color has-text-color has-link-color has-medium-font-size wp-elements-935e30b6ba7a88040551fb02337c8481\"><strong>Sofrendo bem e sofrendo mal<\/strong><\/p>\n\n\n\n<p class=\"has-black-color has-text-color has-link-color has-medium-font-size wp-elements-ff0b961c60df0ce00d7eba6472de7fe3\"><strong>Do livro: O Evangelho segundo o Espiritismo<\/strong> <strong>&#8211; Allan Kardec<\/strong><\/p>\n<\/div><\/div>\n\n\n\n<div class=\"wp-block-uagb-container uagb-block-8e2a08e6 alignfull uagb-is-root-container\"><div class=\"uagb-container-inner-blocks-wrap\">\n<figure class=\"wp-block-image size-full is-resized\"><img fetchpriority=\"high\" decoding=\"async\" width=\"800\" height=\"533\" src=\"https:\/\/ufec-mundial.com\/wp-content\/uploads\/2024\/07\/motivos-razones-sufrir-tristeza-sufrimiento-malestar-relaciones-amorosas-pareja.jpg\" alt=\"\" class=\"wp-image-3591\" style=\"width:405px;height:auto\" srcset=\"https:\/\/nuevo-renacer.com\/wp-content\/uploads\/2024\/07\/motivos-razones-sufrir-tristeza-sufrimiento-malestar-relaciones-amorosas-pareja.jpg 800w, https:\/\/nuevo-renacer.com\/wp-content\/uploads\/2024\/07\/motivos-razones-sufrir-tristeza-sufrimiento-malestar-relaciones-amorosas-pareja-300x200.jpg 300w, https:\/\/nuevo-renacer.com\/wp-content\/uploads\/2024\/07\/motivos-razones-sufrir-tristeza-sufrimiento-malestar-relaciones-amorosas-pareja-768x512.jpg 768w, https:\/\/nuevo-renacer.com\/wp-content\/uploads\/2024\/07\/motivos-razones-sufrir-tristeza-sufrimiento-malestar-relaciones-amorosas-pareja-18x12.jpg 18w\" sizes=\"(max-width: 800px) 100vw, 800px\" \/><\/figure>\n<\/div><\/div>\n\n\n\n<div class=\"wp-block-uagb-container uagb-block-eb269062 alignfull uagb-is-root-container\"><div class=\"uagb-container-inner-blocks-wrap\">\n<p class=\"has-black-color has-text-color has-link-color has-small-font-size wp-elements-e48bbdc5313e63a1f0c4b8606d881a5e\">Quando Cristo disse: \u201cBem-aventurados os aflitos, porque deles \u00e9 o reino dos c\u00e9us\u201d, Ele n\u00e3o se referia de modo geral aos que sofrem, pois todos na Terra sofrem, quer estejam em um trono ou dormindo sobre a palha. Infelizmente, por\u00e9m, poucos s\u00e3o os que sofrem bem. Poucos entendem que somente as prova\u00e7\u00f5es bem suportadas conduzem ao reino de Deus. O des\u00e2nimo \u00e9 uma falha. Deus se recusa a lhe dar conforto quando lhe falta coragem. A ora\u00e7\u00e3o \u00e9 um apoio para a alma, mas n\u00e3o \u00e9 suficiente; ela deve ser apoiada por uma f\u00e9 viva na bondade de Deus. J\u00e1 lhe foi dito muitas vezes que Ele n\u00e3o coloca um fardo pesado sobre as costas fracas. O fardo \u00e9 proporcional \u00e0 for\u00e7a, assim como a recompensa ser\u00e1 proporcional \u00e0 resigna\u00e7\u00e3o e \u00e0 coragem. A recompensa ser\u00e1 tanto mais valiosa quanto maior for a afli\u00e7\u00e3o. Mas essa recompensa deve ser merecida, e \u00e9 por isso que a vida \u00e9 repleta de tribula\u00e7\u00f5es.<\/p>\n\n\n\n<p class=\"has-black-color has-text-color has-link-color has-small-font-size wp-elements-0dea81c599cdd42cd3926a6e7c81b024\">O soldado que n\u00e3o \u00e9 enviado para as linhas de fogo n\u00e3o fica satisfeito, pois o descanso no acampamento n\u00e3o contribui para sua promo\u00e7\u00e3o. Portanto, seja como o militar e n\u00e3o anseie por descanso, pois assim seu corpo e sua alma ficar\u00e3o entorpecidos. Quando Deus o enviar para a batalha, tenha bom \u00e2nimo. Essa luta n\u00e3o \u00e9 no fogo da batalha, mas na amargura da vida, onde \u00e0s vezes \u00e9 necess\u00e1ria mais coragem do que no combate sangrento, pois aquele que permanece firme diante do inimigo pode vacilar sob o peso da dor moral. O homem n\u00e3o recebe recompensa por esse tipo de coragem, mas Deus reserva para ele a palma da vit\u00f3ria e um lugar glorioso. Quando tiverem motivos para sofrer ou se aborrecer, tentem super\u00e1-los e, quando tiverem dominado os impulsos de impaci\u00eancia, raiva ou desespero, digam a si mesmos, com justa satisfa\u00e7\u00e3o: \u201cFui mais forte.<\/p>\n\n\n\n<p class=\"has-black-color has-text-color has-link-color has-small-font-size wp-elements-548bae94a24acf2d98fb6c24369ba572\">Bem-aventurados os aflitos pode, portanto, ser traduzido da seguinte forma: \u201cBem-aventurados aqueles que t\u00eam a oportunidade de testar sua f\u00e9, sua firmeza, sua perseveran\u00e7a e sua submiss\u00e3o \u00e0 vontade de Deus, pois eles obter\u00e3o cem vezes mais alegria do que lhes falta na terra, e depois de seu trabalho vir\u00e1 o descanso\u201d. (Lacordaire. Le Havre, 1863.)<\/p>\n<\/div><\/div>\n\n\n\n<div class=\"wp-block-uagb-container uagb-block-482896ab alignfull uagb-is-root-container\"><div class=\"uagb-container-inner-blocks-wrap\"><\/div><\/div>\n\n\n\n<div class=\"wp-block-uagb-container uagb-block-8bd8b31f alignfull uagb-is-root-container\"><div class=\"uagb-container-inner-blocks-wrap\"><\/div><\/div>","protected":false},"excerpt":{"rendered":"<p>Sufrir bien y sufrir mal Del libro: El Evangelio seg\u00fan el espiritismo &#8211; Allan Kardec Cuando Cristo dijo: \u201cBienaventurados los afligidos, porque de ellos es el reino de los Cielos\u201d, no se refer\u00eda de modo general a los que sufren, pues todos los que est\u00e1n en la Tierra sufren, tanto quienes ocupan un trono como [&hellip;]<\/p>","protected":false},"author":1,"featured_media":3591,"parent":0,"menu_order":0,"comment_status":"closed","ping_status":"closed","template":"","meta":{"_uag_custom_page_level_css":"","site-sidebar-layout":"default","site-content-layout":"","ast-site-content-layout":"default","site-content-style":"default","site-sidebar-style":"default","ast-global-header-display":"","ast-banner-title-visibility":"","ast-main-header-display":"","ast-hfb-above-header-display":"","ast-hfb-below-header-display":"","ast-hfb-mobile-header-display":"","site-post-title":"disabled","ast-breadcrumbs-content":"","ast-featured-img":"","footer-sml-layout":"","theme-transparent-header-meta":"","adv-header-id-meta":"","stick-header-meta":"","header-above-stick-meta":"","header-main-stick-meta":"","header-below-stick-meta":"","astra-migrate-meta-layouts":"set","ast-page-background-enabled":"default","ast-page-background-meta":{"desktop":{"background-color":"var(--ast-global-color-4)","background-image":"","background-repeat":"repeat","background-position":"center center","background-size":"auto","background-attachment":"scroll","background-type":"","background-media":"","overlay-type":"","overlay-color":"","overlay-opacity":"","overlay-gradient":""},"tablet":{"background-color":"","background-image":"","background-repeat":"repeat","background-position":"center center","background-size":"auto","background-attachment":"scroll","background-type":"","background-media":"","overlay-type":"","overlay-color":"","overlay-opacity":"","overlay-gradient":""},"mobile":{"background-color":"","background-image":"","background-repeat":"repeat","background-position":"center center","background-size":"auto","background-attachment":"scroll","background-type":"","background-media":"","overlay-type":"","overlay-color":"","overlay-opacity":"","overlay-gradient":""}},"ast-content-background-meta":{"desktop":{"background-color":"var(--ast-global-color-5)","background-image":"","background-repeat":"repeat","background-position":"center center","background-size":"auto","background-attachment":"scroll","background-type":"","background-media":"","overlay-type":"","overlay-color":"","overlay-opacity":"","overlay-gradient":""},"tablet":{"background-color":"var(--ast-global-color-5)","background-image":"","background-repeat":"repeat","background-position":"center center","background-size":"auto","background-attachment":"scroll","background-type":"","background-media":"","overlay-type":"","overlay-color":"","overlay-opacity":"","overlay-gradient":""},"mobile":{"background-color":"var(--ast-global-color-5)","background-image":"","background-repeat":"repeat","background-position":"center center","background-size":"auto","background-attachment":"scroll","background-type":"","background-media":"","overlay-type":"","overlay-color":"","overlay-opacity":"","overlay-gradient":""}},"footnotes":""},"class_list":["post-3590","page","type-page","status-publish","has-post-thumbnail","hentry"],"yoast_head":"<!-- This site is optimized with the Yoast SEO Premium plugin v24.2 (Yoast SEO v24.6) - https:\/\/yoast.com\/wordpress\/plugins\/seo\/ -->\n<title>Sufrir bien y sufrir mal - Uni\u00f3n Esp\u00edrita<\/title>\n<meta name=\"robots\" content=\"index, follow, max-snippet:-1, max-image-preview:large, max-video-preview:-1\" \/>\n<link rel=\"canonical\" href=\"https:\/\/nuevo-renacer.com\/pt\/sufrir-bien-y-sufrir-mal\/\" \/>\n<meta property=\"og:locale\" content=\"pt_BR\" \/>\n<meta property=\"og:type\" content=\"article\" \/>\n<meta property=\"og:title\" content=\"Sufrir bien y sufrir mal\" \/>\n<meta property=\"og:description\" content=\"Sufrir bien y sufrir mal Del libro: El Evangelio seg\u00fan el espiritismo &#8211; Allan Kardec Cuando Cristo dijo: \u201cBienaventurados los afligidos, porque de ellos es el reino de los Cielos\u201d, no se refer\u00eda de modo general a los que sufren, pues todos los que est\u00e1n en la Tierra sufren, tanto quienes ocupan un trono como [&hellip;]\" \/>\n<meta property=\"og:url\" content=\"https:\/\/nuevo-renacer.com\/pt\/sufrir-bien-y-sufrir-mal\/\" \/>\n<meta property=\"og:site_name\" content=\"Uni\u00f3n Esp\u00edrita\" \/>\n<meta property=\"article:publisher\" content=\"https:\/\/www.facebook.com\/groups\/3431398063740829\" \/>\n<meta property=\"article:modified_time\" content=\"2024-12-30T07:28:20+00:00\" \/>\n<meta property=\"og:image\" content=\"https:\/\/nuevo-renacer.com\/wp-content\/uploads\/2024\/07\/motivos-razones-sufrir-tristeza-sufrimiento-malestar-relaciones-amorosas-pareja.jpg\" \/>\n\t<meta property=\"og:image:width\" content=\"800\" \/>\n\t<meta property=\"og:image:height\" content=\"533\" \/>\n\t<meta property=\"og:image:type\" content=\"image\/jpeg\" \/>\n<meta name=\"twitter:card\" content=\"summary_large_image\" \/>\n<meta name=\"twitter:label1\" content=\"Est. tempo de leitura\" \/>\n\t<meta name=\"twitter:data1\" content=\"2 minutos\" \/>\n<script type=\"application\/ld+json\" class=\"yoast-schema-graph\">{\"@context\":\"https:\/\/schema.org\",\"@graph\":[{\"@type\":\"WebPage\",\"@id\":\"https:\/\/nuevo-renacer.com\/sufrir-bien-y-sufrir-mal\/\",\"url\":\"https:\/\/nuevo-renacer.com\/sufrir-bien-y-sufrir-mal\/\",\"name\":\"Sufrir bien y sufrir mal - Uni\u00f3n Esp\u00edrita\",\"isPartOf\":{\"@id\":\"https:\/\/nuevo-renacer.com\/#website\"},\"primaryImageOfPage\":{\"@id\":\"https:\/\/nuevo-renacer.com\/sufrir-bien-y-sufrir-mal\/#primaryimage\"},\"image\":{\"@id\":\"https:\/\/nuevo-renacer.com\/sufrir-bien-y-sufrir-mal\/#primaryimage\"},\"thumbnailUrl\":\"https:\/\/nuevo-renacer.com\/wp-content\/uploads\/2024\/07\/motivos-razones-sufrir-tristeza-sufrimiento-malestar-relaciones-amorosas-pareja.jpg\",\"datePublished\":\"2024-07-10T11:15:25+00:00\",\"dateModified\":\"2024-12-30T07:28:20+00:00\",\"breadcrumb\":{\"@id\":\"https:\/\/nuevo-renacer.com\/sufrir-bien-y-sufrir-mal\/#breadcrumb\"},\"inLanguage\":\"pt-BR\",\"potentialAction\":[{\"@type\":\"ReadAction\",\"target\":[\"https:\/\/nuevo-renacer.com\/sufrir-bien-y-sufrir-mal\/\"]}]},{\"@type\":\"ImageObject\",\"inLanguage\":\"pt-BR\",\"@id\":\"https:\/\/nuevo-renacer.com\/sufrir-bien-y-sufrir-mal\/#primaryimage\",\"url\":\"https:\/\/nuevo-renacer.com\/wp-content\/uploads\/2024\/07\/motivos-razones-sufrir-tristeza-sufrimiento-malestar-relaciones-amorosas-pareja.jpg\",\"contentUrl\":\"https:\/\/nuevo-renacer.com\/wp-content\/uploads\/2024\/07\/motivos-razones-sufrir-tristeza-sufrimiento-malestar-relaciones-amorosas-pareja.jpg\",\"width\":800,\"height\":533},{\"@type\":\"BreadcrumbList\",\"@id\":\"https:\/\/nuevo-renacer.com\/sufrir-bien-y-sufrir-mal\/#breadcrumb\",\"itemListElement\":[{\"@type\":\"ListItem\",\"position\":1,\"name\":\"Startseite\",\"item\":\"https:\/\/nuevo-renacer.com\/\"},{\"@type\":\"ListItem\",\"position\":2,\"name\":\"Sufrir bien y sufrir mal\"}]},{\"@type\":\"WebSite\",\"@id\":\"https:\/\/nuevo-renacer.com\/#website\",\"url\":\"https:\/\/nuevo-renacer.com\/\",\"name\":\"Uni\u00f3n Esp\u00edrita\",\"description\":\"Nuevo Renacer\",\"publisher\":{\"@id\":\"https:\/\/nuevo-renacer.com\/#organization\"},\"potentialAction\":[{\"@type\":\"SearchAction\",\"target\":{\"@type\":\"EntryPoint\",\"urlTemplate\":\"https:\/\/nuevo-renacer.com\/?s={search_term_string}\"},\"query-input\":{\"@type\":\"PropertyValueSpecification\",\"valueRequired\":true,\"valueName\":\"search_term_string\"}}],\"inLanguage\":\"pt-BR\"},{\"@type\":\"Organization\",\"@id\":\"https:\/\/nuevo-renacer.com\/#organization\",\"name\":\"UFEC\",\"url\":\"https:\/\/nuevo-renacer.com\/\",\"logo\":{\"@type\":\"ImageObject\",\"inLanguage\":\"pt-BR\",\"@id\":\"https:\/\/nuevo-renacer.com\/#\/schema\/logo\/image\/\",\"url\":\"https:\/\/nuevo-renacer.com\/wp-content\/uploads\/2024\/05\/cropped-LOGO-TERMINADO1-3-3.png\",\"contentUrl\":\"https:\/\/nuevo-renacer.com\/wp-content\/uploads\/2024\/05\/cropped-LOGO-TERMINADO1-3-3.png\",\"width\":512,\"height\":512,\"caption\":\"UFEC\"},\"image\":{\"@id\":\"https:\/\/nuevo-renacer.com\/#\/schema\/logo\/image\/\"},\"sameAs\":[\"https:\/\/www.facebook.com\/groups\/3431398063740829\"]}]}<\/script>\n<!-- \/ Yoast SEO Premium plugin. -->","yoast_head_json":{"title":"Sufrir bien y sufrir mal - Uni\u00f3n Esp\u00edrita","robots":{"index":"index","follow":"follow","max-snippet":"max-snippet:-1","max-image-preview":"max-image-preview:large","max-video-preview":"max-video-preview:-1"},"canonical":"https:\/\/nuevo-renacer.com\/pt\/sufrir-bien-y-sufrir-mal\/","og_locale":"pt_BR","og_type":"article","og_title":"Sufrir bien y sufrir mal","og_description":"Sufrir bien y sufrir mal Del libro: El Evangelio seg\u00fan el espiritismo &#8211; Allan Kardec Cuando Cristo dijo: \u201cBienaventurados los afligidos, porque de ellos es el reino de los Cielos\u201d, no se refer\u00eda de modo general a los que sufren, pues todos los que est\u00e1n en la Tierra sufren, tanto quienes ocupan un trono como [&hellip;]","og_url":"https:\/\/nuevo-renacer.com\/pt\/sufrir-bien-y-sufrir-mal\/","og_site_name":"Uni\u00f3n Esp\u00edrita","article_publisher":"https:\/\/www.facebook.com\/groups\/3431398063740829","article_modified_time":"2024-12-30T07:28:20+00:00","og_image":[{"width":800,"height":533,"url":"https:\/\/nuevo-renacer.com\/wp-content\/uploads\/2024\/07\/motivos-razones-sufrir-tristeza-sufrimiento-malestar-relaciones-amorosas-pareja.jpg","type":"image\/jpeg"}],"twitter_card":"summary_large_image","twitter_misc":{"Est. tempo de leitura":"2 minutos"},"schema":{"@context":"https:\/\/schema.org","@graph":[{"@type":"WebPage","@id":"https:\/\/nuevo-renacer.com\/sufrir-bien-y-sufrir-mal\/","url":"https:\/\/nuevo-renacer.com\/sufrir-bien-y-sufrir-mal\/","name":"Sufrir bien y sufrir mal - Uni\u00f3n Esp\u00edrita","isPartOf":{"@id":"https:\/\/nuevo-renacer.com\/#website"},"primaryImageOfPage":{"@id":"https:\/\/nuevo-renacer.com\/sufrir-bien-y-sufrir-mal\/#primaryimage"},"image":{"@id":"https:\/\/nuevo-renacer.com\/sufrir-bien-y-sufrir-mal\/#primaryimage"},"thumbnailUrl":"https:\/\/nuevo-renacer.com\/wp-content\/uploads\/2024\/07\/motivos-razones-sufrir-tristeza-sufrimiento-malestar-relaciones-amorosas-pareja.jpg","datePublished":"2024-07-10T11:15:25+00:00","dateModified":"2024-12-30T07:28:20+00:00","breadcrumb":{"@id":"https:\/\/nuevo-renacer.com\/sufrir-bien-y-sufrir-mal\/#breadcrumb"},"inLanguage":"pt-BR","potentialAction":[{"@type":"ReadAction","target":["https:\/\/nuevo-renacer.com\/sufrir-bien-y-sufrir-mal\/"]}]},{"@type":"ImageObject","inLanguage":"pt-BR","@id":"https:\/\/nuevo-renacer.com\/sufrir-bien-y-sufrir-mal\/#primaryimage","url":"https:\/\/nuevo-renacer.com\/wp-content\/uploads\/2024\/07\/motivos-razones-sufrir-tristeza-sufrimiento-malestar-relaciones-amorosas-pareja.jpg","contentUrl":"https:\/\/nuevo-renacer.com\/wp-content\/uploads\/2024\/07\/motivos-razones-sufrir-tristeza-sufrimiento-malestar-relaciones-amorosas-pareja.jpg","width":800,"height":533},{"@type":"BreadcrumbList","@id":"https:\/\/nuevo-renacer.com\/sufrir-bien-y-sufrir-mal\/#breadcrumb","itemListElement":[{"@type":"ListItem","position":1,"name":"Startseite","item":"https:\/\/nuevo-renacer.com\/"},{"@type":"ListItem","position":2,"name":"Sufrir bien y sufrir mal"}]},{"@type":"WebSite","@id":"https:\/\/nuevo-renacer.com\/#website","url":"https:\/\/nuevo-renacer.com\/","name":"Uni\u00f3n Esp\u00edrita","description":"Nuevo Renacer","publisher":{"@id":"https:\/\/nuevo-renacer.com\/#organization"},"potentialAction":[{"@type":"SearchAction","target":{"@type":"EntryPoint","urlTemplate":"https:\/\/nuevo-renacer.com\/?s={search_term_string}"},"query-input":{"@type":"PropertyValueSpecification","valueRequired":true,"valueName":"search_term_string"}}],"inLanguage":"pt-BR"},{"@type":"Organization","@id":"https:\/\/nuevo-renacer.com\/#organization","name":"UFEC","url":"https:\/\/nuevo-renacer.com\/","logo":{"@type":"ImageObject","inLanguage":"pt-BR","@id":"https:\/\/nuevo-renacer.com\/#\/schema\/logo\/image\/","url":"https:\/\/nuevo-renacer.com\/wp-content\/uploads\/2024\/05\/cropped-LOGO-TERMINADO1-3-3.png","contentUrl":"https:\/\/nuevo-renacer.com\/wp-content\/uploads\/2024\/05\/cropped-LOGO-TERMINADO1-3-3.png","width":512,"height":512,"caption":"UFEC"},"image":{"@id":"https:\/\/nuevo-renacer.com\/#\/schema\/logo\/image\/"},"sameAs":["https:\/\/www.facebook.com\/groups\/3431398063740829"]}]}},"uagb_featured_image_src":{"full":["https:\/\/nuevo-renacer.com\/wp-content\/uploads\/2024\/07\/motivos-razones-sufrir-tristeza-sufrimiento-malestar-relaciones-amorosas-pareja.jpg",800,533,false],"thumbnail":["https:\/\/nuevo-renacer.com\/wp-content\/uploads\/2024\/07\/motivos-razones-sufrir-tristeza-sufrimiento-malestar-relaciones-amorosas-pareja-150x150.jpg",150,150,true],"medium":["https:\/\/nuevo-renacer.com\/wp-content\/uploads\/2024\/07\/motivos-razones-sufrir-tristeza-sufrimiento-malestar-relaciones-amorosas-pareja-300x200.jpg",300,200,true],"medium_large":["https:\/\/nuevo-renacer.com\/wp-content\/uploads\/2024\/07\/motivos-razones-sufrir-tristeza-sufrimiento-malestar-relaciones-amorosas-pareja-768x512.jpg",768,512,true],"large":["https:\/\/nuevo-renacer.com\/wp-content\/uploads\/2024\/07\/motivos-razones-sufrir-tristeza-sufrimiento-malestar-relaciones-amorosas-pareja.jpg",800,533,false],"1536x1536":["https:\/\/nuevo-renacer.com\/wp-content\/uploads\/2024\/07\/motivos-razones-sufrir-tristeza-sufrimiento-malestar-relaciones-amorosas-pareja.jpg",800,533,false],"2048x2048":["https:\/\/nuevo-renacer.com\/wp-content\/uploads\/2024\/07\/motivos-razones-sufrir-tristeza-sufrimiento-malestar-relaciones-amorosas-pareja.jpg",800,533,false],"trp-custom-language-flag":["https:\/\/nuevo-renacer.com\/wp-content\/uploads\/2024\/07\/motivos-razones-sufrir-tristeza-sufrimiento-malestar-relaciones-amorosas-pareja-18x12.jpg",18,12,true]},"uagb_author_info":{"display_name":"adbv0","author_link":"https:\/\/nuevo-renacer.com\/pt\/author\/adbv0\/"},"uagb_comment_info":0,"uagb_excerpt":"Sufrir bien y sufrir mal Del libro: El Evangelio seg\u00fan el espiritismo &#8211; Allan Kardec Cuando Cristo dijo: \u201cBienaventurados los afligidos, porque de ellos es el reino de los Cielos\u201d, no se refer\u00eda de modo general a los que sufren, pues todos los que est\u00e1n en la Tierra sufren, tanto quienes ocupan un trono como&hellip;","jetpack_sharing_enabled":true,"_links":{"self":[{"href":"https:\/\/nuevo-renacer.com\/pt\/wp-json\/wp\/v2\/pages\/3590","targetHints":{"allow":["GET"]}}],"collection":[{"href":"https:\/\/nuevo-renacer.com\/pt\/wp-json\/wp\/v2\/pages"}],"about":[{"href":"https:\/\/nuevo-renacer.com\/pt\/wp-json\/wp\/v2\/types\/page"}],"author":[{"embeddable":true,"href":"https:\/\/nuevo-renacer.com\/pt\/wp-json\/wp\/v2\/users\/1"}],"replies":[{"embeddable":true,"href":"https:\/\/nuevo-renacer.com\/pt\/wp-json\/wp\/v2\/comments?post=3590"}],"version-history":[{"count":4,"href":"https:\/\/nuevo-renacer.com\/pt\/wp-json\/wp\/v2\/pages\/3590\/revisions"}],"predecessor-version":[{"id":6625,"href":"https:\/\/nuevo-renacer.com\/pt\/wp-json\/wp\/v2\/pages\/3590\/revisions\/6625"}],"wp:featuredmedia":[{"embeddable":true,"href":"https:\/\/nuevo-renacer.com\/pt\/wp-json\/wp\/v2\/media\/3591"}],"wp:attachment":[{"href":"https:\/\/nuevo-renacer.com\/pt\/wp-json\/wp\/v2\/media?parent=3590"}],"curies":[{"name":"wp","href":"https:\/\/api.w.org\/{rel}","templated":true}]}}