{"id":3585,"date":"2024-07-10T11:02:07","date_gmt":"2024-07-10T11:02:07","guid":{"rendered":"https:\/\/ufec-mundial.com\/?page_id=3585"},"modified":"2024-12-21T09:52:17","modified_gmt":"2024-12-21T09:52:17","slug":"causas-actuales-de-las-aflicciones","status":"publish","type":"page","link":"https:\/\/nuevo-renacer.com\/pt\/causas-actuales-de-las-aflicciones\/","title":{"rendered":"Causas atuais de afli\u00e7\u00f5es"},"content":{"rendered":"<div class=\"wp-block-uagb-container uagb-block-1f464a69 alignfull uagb-is-root-container\"><div class=\"uagb-container-inner-blocks-wrap\">\n<p class=\"has-black-color has-text-color has-link-color has-medium-font-size wp-elements-fd9e1d3b3193a03120a3fc58cb6f41d7\"><strong>Causas atuais de afli\u00e7\u00f5es<\/strong><\/p>\n\n\n\n<p class=\"has-black-color has-text-color has-link-color has-medium-font-size wp-elements-37d3320206a9b8afa52629819a26401a\"><strong>Do livro: O Evangelho segundo o Espiritismo \u2013 Allan Kardec<\/strong><\/p>\n<\/div><\/div>\n\n\n\n<div class=\"wp-block-uagb-container uagb-block-4a1168ba alignfull uagb-is-root-container\"><div class=\"uagb-container-inner-blocks-wrap\">\n<figure class=\"wp-block-image size-large is-resized\"><img fetchpriority=\"high\" decoding=\"async\" width=\"1024\" height=\"576\" src=\"https:\/\/ufec-mundial.com\/wp-content\/uploads\/2024\/07\/depression-gesundheit-1024x576.webp\" alt=\"\" class=\"wp-image-3586\" style=\"width:489px;height:auto\" srcset=\"https:\/\/nuevo-renacer.com\/wp-content\/uploads\/2024\/07\/depression-gesundheit-1024x576.webp 1024w, https:\/\/nuevo-renacer.com\/wp-content\/uploads\/2024\/07\/depression-gesundheit-300x169.webp 300w, https:\/\/nuevo-renacer.com\/wp-content\/uploads\/2024\/07\/depression-gesundheit-768x432.webp 768w, https:\/\/nuevo-renacer.com\/wp-content\/uploads\/2024\/07\/depression-gesundheit-1536x864.webp 1536w, https:\/\/nuevo-renacer.com\/wp-content\/uploads\/2024\/07\/depression-gesundheit-2048x1152.webp 2048w, https:\/\/nuevo-renacer.com\/wp-content\/uploads\/2024\/07\/depression-gesundheit-18x10.webp 18w\" sizes=\"(max-width: 1024px) 100vw, 1024px\" \/><\/figure>\n<\/div><\/div>\n\n\n\n<div class=\"wp-block-uagb-container uagb-block-4477eb87 alignfull uagb-is-root-container\"><div class=\"uagb-container-inner-blocks-wrap\">\n<p class=\"has-black-color has-text-color has-link-color has-small-font-size wp-elements-8b883c0049fa8415354217b3fe739178\"><em>\u201cBem-aventurados os que choram, porque ser\u00e3o consolados. Bem-aventurados os que t\u00eam fome e sede de justi\u00e7a, porque ser\u00e3o saciados. Bem-aventurados os que sofrem persegui\u00e7\u00e3o por causa da justi\u00e7a, porque deles \u00e9 o reino dos c\u00e9us.\u201d <\/em><em>(Mateus 5:5, 6 e 10.)<\/em><\/p>\n\n\n\n<p class=\"has-black-color has-text-color has-link-color has-small-font-size wp-elements-c302ca9f644a1e0451562721bf8680de\">As vicissitudes da vida s\u00e3o de dois tipos, ou, se preferir, t\u00eam duas origens muito diferentes que devem ser distinguidas. Algumas t\u00eam sua causa na vida atual; outras t\u00eam sua causa fora desta vida. Se voltarmos \u00e0 origem dos males terrenos, reconheceremos que muitos deles s\u00e3o uma consequ\u00eancia natural do car\u00e1ter e da conduta daqueles que os sofrem.<\/p>\n\n\n\n<p class=\"has-black-color has-text-color has-link-color has-small-font-size wp-elements-054527b6bf0e7e10821e9b67362f8ca5\">Quantos homens caem por sua pr\u00f3pria culpa! Quantos s\u00e3o v\u00edtimas de sua imprevid\u00eancia, de seu orgulho e de sua ambi\u00e7\u00e3o! Quantos acabam na ru\u00edna por falta de ordem, por falta de perseveran\u00e7a, por falta de conduta ou por n\u00e3o saberem colocar limites em seus desejos!<\/p>\n\n\n\n<p class=\"has-black-color has-text-color has-link-color has-small-font-size wp-elements-0d3e2a130e72ad07fe1c845bf127aaca\">Quantas uni\u00f5es infelizes, porque s\u00e3o fruto de um c\u00e1lculo de interesses ou de vaidade, e das quais o cora\u00e7\u00e3o n\u00e3o participou de forma alguma! Quantas dissens\u00f5es e brigas desastrosas poderiam ter sido evitadas com mais modera\u00e7\u00e3o e menos suscetibilidade!<\/p>\n\n\n\n<p class=\"has-black-color has-text-color has-link-color has-small-font-size wp-elements-d5b418b967d5fd3a34469ae0ec11827a\">Quantos males e doen\u00e7as s\u00e3o o resultado da intemperan\u00e7a e dos excessos de todos os tipos! Quantos pais s\u00e3o infelizes por causa de seus filhos, porque n\u00e3o combateram as m\u00e1s tend\u00eancias neles desde o in\u00edcio! Por fraqueza ou indiferen\u00e7a, permitiram que os germes do orgulho, do ego\u00edsmo e da vaidade desajeitada, que tornam o cora\u00e7\u00e3o insens\u00edvel, se desenvolvessem neles. Ent\u00e3o, mais tarde, quando colhem o que semearam, ficam surpresos e lamentam o desrespeito e a ingratid\u00e3o de seus filhos.<\/p>\n\n\n\n<p class=\"has-black-color has-text-color has-link-color has-small-font-size wp-elements-ef8d7993d9965f3834e89ba692d2aef2\">Todos aqueles cujos cora\u00e7\u00f5es foram feridos pelas vicissitudes e decep\u00e7\u00f5es da vida, questionem suas consci\u00eancias com calma; voltem, passo a passo, \u00e0 origem dos males que os afligem, e descobrir\u00e3o que, na maioria das vezes, podem dizer: \u201cSe eu tivesse feito ou se n\u00e3o tivesse feito tal e tal coisa, n\u00e3o estaria nessa situa\u00e7\u00e3o\u201d.<\/p>\n\n\n\n<p class=\"has-black-color has-text-color has-link-color has-small-font-size wp-elements-a04fd77625a60c81bd7d4a960719a81e\">Quem, ent\u00e3o, devemos considerar respons\u00e1vel por todas essas afli\u00e7\u00f5es, se n\u00e3o n\u00f3s mesmos? O homem \u00e9, portanto, em um grande n\u00famero de casos, o arquiteto de seus pr\u00f3prios infort\u00fanios. No entanto, em vez de reconhecer isso, ele acha mais f\u00e1cil e menos humilhante para sua vaidade culpar a sorte, a Provid\u00eancia, a falta de oportunidade, sua m\u00e1 estrela, quando na realidade sua m\u00e1 estrela est\u00e1 em sua pr\u00f3pria neglig\u00eancia.<\/p>\n\n\n\n<p class=\"has-black-color has-text-color has-link-color has-small-font-size wp-elements-2a4f512e497711eb8ae5a18259b1d8f8\">Males dessa natureza certamente contribuem de forma significativa para as vicissitudes da vida. O homem os evitar\u00e1 quando trabalhar para seu aprimoramento moral, tanto quanto para seu aprimoramento intelectual.<\/p>\n<\/div><\/div>\n\n\n\n<div class=\"wp-block-uagb-container uagb-block-05aadd28 alignfull uagb-is-root-container\"><div class=\"uagb-container-inner-blocks-wrap\"><\/div><\/div>\n\n\n\n<div class=\"wp-block-uagb-container uagb-block-aba3b8dc alignfull uagb-is-root-container\"><div class=\"uagb-container-inner-blocks-wrap\"><\/div><\/div>","protected":false},"excerpt":{"rendered":"<p>Causas actuales de las aflicciones Del libro: El Evangelio seg\u00fan el espiritismo \u2013 Allan Kardec \u201cBienaventurados los que lloran, porque ellos ser\u00e1n consolados. Bienaventurados los que tienen hambre y sed de justicia, porque ellos ser\u00e1n saciados. Bienaventurados los que padecen persecuciones por la justicia, porque de ellos es el reino de los Cielos.\u201d (San Mateo, [&hellip;]<\/p>","protected":false},"author":1,"featured_media":3586,"parent":0,"menu_order":0,"comment_status":"closed","ping_status":"closed","template":"","meta":{"_uag_custom_page_level_css":"","site-sidebar-layout":"default","site-content-layout":"","ast-site-content-layout":"default","site-content-style":"default","site-sidebar-style":"default","ast-global-header-display":"","ast-banner-title-visibility":"","ast-main-header-display":"","ast-hfb-above-header-display":"","ast-hfb-below-header-display":"","ast-hfb-mobile-header-display":"","site-post-title":"disabled","ast-breadcrumbs-content":"","ast-featured-img":"","footer-sml-layout":"","theme-transparent-header-meta":"","adv-header-id-meta":"","stick-header-meta":"","header-above-stick-meta":"","header-main-stick-meta":"","header-below-stick-meta":"","astra-migrate-meta-layouts":"set","ast-page-background-enabled":"default","ast-page-background-meta":{"desktop":{"background-color":"var(--ast-global-color-4)","background-image":"","background-repeat":"repeat","background-position":"center center","background-size":"auto","background-attachment":"scroll","background-type":"","background-media":"","overlay-type":"","overlay-color":"","overlay-opacity":"","overlay-gradient":""},"tablet":{"background-color":"","background-image":"","background-repeat":"repeat","background-position":"center center","background-size":"auto","background-attachment":"scroll","background-type":"","background-media":"","overlay-type":"","overlay-color":"","overlay-opacity":"","overlay-gradient":""},"mobile":{"background-color":"","background-image":"","background-repeat":"repeat","background-position":"center center","background-size":"auto","background-attachment":"scroll","background-type":"","background-media":"","overlay-type":"","overlay-color":"","overlay-opacity":"","overlay-gradient":""}},"ast-content-background-meta":{"desktop":{"background-color":"var(--ast-global-color-5)","background-image":"","background-repeat":"repeat","background-position":"center center","background-size":"auto","background-attachment":"scroll","background-type":"","background-media":"","overlay-type":"","overlay-color":"","overlay-opacity":"","overlay-gradient":""},"tablet":{"background-color":"var(--ast-global-color-5)","background-image":"","background-repeat":"repeat","background-position":"center center","background-size":"auto","background-attachment":"scroll","background-type":"","background-media":"","overlay-type":"","overlay-color":"","overlay-opacity":"","overlay-gradient":""},"mobile":{"background-color":"var(--ast-global-color-5)","background-image":"","background-repeat":"repeat","background-position":"center center","background-size":"auto","background-attachment":"scroll","background-type":"","background-media":"","overlay-type":"","overlay-color":"","overlay-opacity":"","overlay-gradient":""}},"footnotes":""},"class_list":["post-3585","page","type-page","status-publish","has-post-thumbnail","hentry"],"yoast_head":"<!-- This site is optimized with the Yoast SEO Premium plugin v24.2 (Yoast SEO v24.6) - https:\/\/yoast.com\/wordpress\/plugins\/seo\/ -->\n<title>Causas actuales de las aflicciones - Uni\u00f3n Esp\u00edrita<\/title>\n<meta name=\"robots\" content=\"index, follow, max-snippet:-1, max-image-preview:large, max-video-preview:-1\" \/>\n<link rel=\"canonical\" href=\"https:\/\/nuevo-renacer.com\/pt\/causas-actuales-de-las-aflicciones\/\" \/>\n<meta property=\"og:locale\" content=\"pt_BR\" \/>\n<meta property=\"og:type\" content=\"article\" \/>\n<meta property=\"og:title\" content=\"Causas actuales de las aflicciones\" \/>\n<meta property=\"og:description\" content=\"Causas actuales de las aflicciones Del libro: El Evangelio seg\u00fan el espiritismo \u2013 Allan Kardec \u201cBienaventurados los que lloran, porque ellos ser\u00e1n consolados. Bienaventurados los que tienen hambre y sed de justicia, porque ellos ser\u00e1n saciados. Bienaventurados los que padecen persecuciones por la justicia, porque de ellos es el reino de los Cielos.\u201d (San Mateo, [&hellip;]\" \/>\n<meta property=\"og:url\" content=\"https:\/\/nuevo-renacer.com\/pt\/causas-actuales-de-las-aflicciones\/\" \/>\n<meta property=\"og:site_name\" content=\"Uni\u00f3n Esp\u00edrita\" \/>\n<meta property=\"article:publisher\" content=\"https:\/\/www.facebook.com\/groups\/3431398063740829\" \/>\n<meta property=\"article:modified_time\" content=\"2024-12-21T09:52:17+00:00\" \/>\n<meta property=\"og:image\" content=\"https:\/\/nuevo-renacer.com\/wp-content\/uploads\/2024\/07\/depression-gesundheit.webp\" \/>\n\t<meta property=\"og:image:width\" content=\"2560\" \/>\n\t<meta property=\"og:image:height\" content=\"1440\" \/>\n\t<meta property=\"og:image:type\" content=\"image\/webp\" \/>\n<meta name=\"twitter:card\" content=\"summary_large_image\" \/>\n<meta name=\"twitter:label1\" content=\"Est. tempo de leitura\" \/>\n\t<meta name=\"twitter:data1\" content=\"3 minutos\" \/>\n<script type=\"application\/ld+json\" class=\"yoast-schema-graph\">{\"@context\":\"https:\/\/schema.org\",\"@graph\":[{\"@type\":\"WebPage\",\"@id\":\"https:\/\/nuevo-renacer.com\/causas-actuales-de-las-aflicciones\/\",\"url\":\"https:\/\/nuevo-renacer.com\/causas-actuales-de-las-aflicciones\/\",\"name\":\"Causas actuales de las aflicciones - Uni\u00f3n Esp\u00edrita\",\"isPartOf\":{\"@id\":\"https:\/\/nuevo-renacer.com\/#website\"},\"primaryImageOfPage\":{\"@id\":\"https:\/\/nuevo-renacer.com\/causas-actuales-de-las-aflicciones\/#primaryimage\"},\"image\":{\"@id\":\"https:\/\/nuevo-renacer.com\/causas-actuales-de-las-aflicciones\/#primaryimage\"},\"thumbnailUrl\":\"https:\/\/nuevo-renacer.com\/wp-content\/uploads\/2024\/07\/depression-gesundheit.webp\",\"datePublished\":\"2024-07-10T11:02:07+00:00\",\"dateModified\":\"2024-12-21T09:52:17+00:00\",\"breadcrumb\":{\"@id\":\"https:\/\/nuevo-renacer.com\/causas-actuales-de-las-aflicciones\/#breadcrumb\"},\"inLanguage\":\"pt-BR\",\"potentialAction\":[{\"@type\":\"ReadAction\",\"target\":[\"https:\/\/nuevo-renacer.com\/causas-actuales-de-las-aflicciones\/\"]}]},{\"@type\":\"ImageObject\",\"inLanguage\":\"pt-BR\",\"@id\":\"https:\/\/nuevo-renacer.com\/causas-actuales-de-las-aflicciones\/#primaryimage\",\"url\":\"https:\/\/nuevo-renacer.com\/wp-content\/uploads\/2024\/07\/depression-gesundheit.webp\",\"contentUrl\":\"https:\/\/nuevo-renacer.com\/wp-content\/uploads\/2024\/07\/depression-gesundheit.webp\",\"width\":2560,\"height\":1440},{\"@type\":\"BreadcrumbList\",\"@id\":\"https:\/\/nuevo-renacer.com\/causas-actuales-de-las-aflicciones\/#breadcrumb\",\"itemListElement\":[{\"@type\":\"ListItem\",\"position\":1,\"name\":\"Startseite\",\"item\":\"https:\/\/nuevo-renacer.com\/\"},{\"@type\":\"ListItem\",\"position\":2,\"name\":\"Causas actuales de las aflicciones\"}]},{\"@type\":\"WebSite\",\"@id\":\"https:\/\/nuevo-renacer.com\/#website\",\"url\":\"https:\/\/nuevo-renacer.com\/\",\"name\":\"Uni\u00f3n Esp\u00edrita\",\"description\":\"Nuevo Renacer\",\"publisher\":{\"@id\":\"https:\/\/nuevo-renacer.com\/#organization\"},\"potentialAction\":[{\"@type\":\"SearchAction\",\"target\":{\"@type\":\"EntryPoint\",\"urlTemplate\":\"https:\/\/nuevo-renacer.com\/?s={search_term_string}\"},\"query-input\":{\"@type\":\"PropertyValueSpecification\",\"valueRequired\":true,\"valueName\":\"search_term_string\"}}],\"inLanguage\":\"pt-BR\"},{\"@type\":\"Organization\",\"@id\":\"https:\/\/nuevo-renacer.com\/#organization\",\"name\":\"UFEC\",\"url\":\"https:\/\/nuevo-renacer.com\/\",\"logo\":{\"@type\":\"ImageObject\",\"inLanguage\":\"pt-BR\",\"@id\":\"https:\/\/nuevo-renacer.com\/#\/schema\/logo\/image\/\",\"url\":\"https:\/\/nuevo-renacer.com\/wp-content\/uploads\/2024\/05\/cropped-LOGO-TERMINADO1-3-3.png\",\"contentUrl\":\"https:\/\/nuevo-renacer.com\/wp-content\/uploads\/2024\/05\/cropped-LOGO-TERMINADO1-3-3.png\",\"width\":512,\"height\":512,\"caption\":\"UFEC\"},\"image\":{\"@id\":\"https:\/\/nuevo-renacer.com\/#\/schema\/logo\/image\/\"},\"sameAs\":[\"https:\/\/www.facebook.com\/groups\/3431398063740829\"]}]}<\/script>\n<!-- \/ Yoast SEO Premium plugin. -->","yoast_head_json":{"title":"Causas actuales de las aflicciones - Uni\u00f3n Esp\u00edrita","robots":{"index":"index","follow":"follow","max-snippet":"max-snippet:-1","max-image-preview":"max-image-preview:large","max-video-preview":"max-video-preview:-1"},"canonical":"https:\/\/nuevo-renacer.com\/pt\/causas-actuales-de-las-aflicciones\/","og_locale":"pt_BR","og_type":"article","og_title":"Causas actuales de las aflicciones","og_description":"Causas actuales de las aflicciones Del libro: El Evangelio seg\u00fan el espiritismo \u2013 Allan Kardec \u201cBienaventurados los que lloran, porque ellos ser\u00e1n consolados. Bienaventurados los que tienen hambre y sed de justicia, porque ellos ser\u00e1n saciados. Bienaventurados los que padecen persecuciones por la justicia, porque de ellos es el reino de los Cielos.\u201d (San Mateo, [&hellip;]","og_url":"https:\/\/nuevo-renacer.com\/pt\/causas-actuales-de-las-aflicciones\/","og_site_name":"Uni\u00f3n Esp\u00edrita","article_publisher":"https:\/\/www.facebook.com\/groups\/3431398063740829","article_modified_time":"2024-12-21T09:52:17+00:00","og_image":[{"width":2560,"height":1440,"url":"https:\/\/nuevo-renacer.com\/wp-content\/uploads\/2024\/07\/depression-gesundheit.webp","type":"image\/webp"}],"twitter_card":"summary_large_image","twitter_misc":{"Est. tempo de leitura":"3 minutos"},"schema":{"@context":"https:\/\/schema.org","@graph":[{"@type":"WebPage","@id":"https:\/\/nuevo-renacer.com\/causas-actuales-de-las-aflicciones\/","url":"https:\/\/nuevo-renacer.com\/causas-actuales-de-las-aflicciones\/","name":"Causas actuales de las aflicciones - Uni\u00f3n Esp\u00edrita","isPartOf":{"@id":"https:\/\/nuevo-renacer.com\/#website"},"primaryImageOfPage":{"@id":"https:\/\/nuevo-renacer.com\/causas-actuales-de-las-aflicciones\/#primaryimage"},"image":{"@id":"https:\/\/nuevo-renacer.com\/causas-actuales-de-las-aflicciones\/#primaryimage"},"thumbnailUrl":"https:\/\/nuevo-renacer.com\/wp-content\/uploads\/2024\/07\/depression-gesundheit.webp","datePublished":"2024-07-10T11:02:07+00:00","dateModified":"2024-12-21T09:52:17+00:00","breadcrumb":{"@id":"https:\/\/nuevo-renacer.com\/causas-actuales-de-las-aflicciones\/#breadcrumb"},"inLanguage":"pt-BR","potentialAction":[{"@type":"ReadAction","target":["https:\/\/nuevo-renacer.com\/causas-actuales-de-las-aflicciones\/"]}]},{"@type":"ImageObject","inLanguage":"pt-BR","@id":"https:\/\/nuevo-renacer.com\/causas-actuales-de-las-aflicciones\/#primaryimage","url":"https:\/\/nuevo-renacer.com\/wp-content\/uploads\/2024\/07\/depression-gesundheit.webp","contentUrl":"https:\/\/nuevo-renacer.com\/wp-content\/uploads\/2024\/07\/depression-gesundheit.webp","width":2560,"height":1440},{"@type":"BreadcrumbList","@id":"https:\/\/nuevo-renacer.com\/causas-actuales-de-las-aflicciones\/#breadcrumb","itemListElement":[{"@type":"ListItem","position":1,"name":"Startseite","item":"https:\/\/nuevo-renacer.com\/"},{"@type":"ListItem","position":2,"name":"Causas actuales de las aflicciones"}]},{"@type":"WebSite","@id":"https:\/\/nuevo-renacer.com\/#website","url":"https:\/\/nuevo-renacer.com\/","name":"Uni\u00f3n Esp\u00edrita","description":"Nuevo Renacer","publisher":{"@id":"https:\/\/nuevo-renacer.com\/#organization"},"potentialAction":[{"@type":"SearchAction","target":{"@type":"EntryPoint","urlTemplate":"https:\/\/nuevo-renacer.com\/?s={search_term_string}"},"query-input":{"@type":"PropertyValueSpecification","valueRequired":true,"valueName":"search_term_string"}}],"inLanguage":"pt-BR"},{"@type":"Organization","@id":"https:\/\/nuevo-renacer.com\/#organization","name":"UFEC","url":"https:\/\/nuevo-renacer.com\/","logo":{"@type":"ImageObject","inLanguage":"pt-BR","@id":"https:\/\/nuevo-renacer.com\/#\/schema\/logo\/image\/","url":"https:\/\/nuevo-renacer.com\/wp-content\/uploads\/2024\/05\/cropped-LOGO-TERMINADO1-3-3.png","contentUrl":"https:\/\/nuevo-renacer.com\/wp-content\/uploads\/2024\/05\/cropped-LOGO-TERMINADO1-3-3.png","width":512,"height":512,"caption":"UFEC"},"image":{"@id":"https:\/\/nuevo-renacer.com\/#\/schema\/logo\/image\/"},"sameAs":["https:\/\/www.facebook.com\/groups\/3431398063740829"]}]}},"uagb_featured_image_src":{"full":["https:\/\/nuevo-renacer.com\/wp-content\/uploads\/2024\/07\/depression-gesundheit.webp",2560,1440,false],"thumbnail":["https:\/\/nuevo-renacer.com\/wp-content\/uploads\/2024\/07\/depression-gesundheit-150x150.webp",150,150,true],"medium":["https:\/\/nuevo-renacer.com\/wp-content\/uploads\/2024\/07\/depression-gesundheit-300x169.webp",300,169,true],"medium_large":["https:\/\/nuevo-renacer.com\/wp-content\/uploads\/2024\/07\/depression-gesundheit-768x432.webp",768,432,true],"large":["https:\/\/nuevo-renacer.com\/wp-content\/uploads\/2024\/07\/depression-gesundheit-1024x576.webp",1024,576,true],"1536x1536":["https:\/\/nuevo-renacer.com\/wp-content\/uploads\/2024\/07\/depression-gesundheit-1536x864.webp",1536,864,true],"2048x2048":["https:\/\/nuevo-renacer.com\/wp-content\/uploads\/2024\/07\/depression-gesundheit-2048x1152.webp",2048,1152,true],"trp-custom-language-flag":["https:\/\/nuevo-renacer.com\/wp-content\/uploads\/2024\/07\/depression-gesundheit-18x10.webp",18,10,true]},"uagb_author_info":{"display_name":"adbv0","author_link":"https:\/\/nuevo-renacer.com\/pt\/author\/adbv0\/"},"uagb_comment_info":0,"uagb_excerpt":"Causas actuales de las aflicciones Del libro: El Evangelio seg\u00fan el espiritismo \u2013 Allan Kardec \u201cBienaventurados los que lloran, porque ellos ser\u00e1n consolados. Bienaventurados los que tienen hambre y sed de justicia, porque ellos ser\u00e1n saciados. Bienaventurados los que padecen persecuciones por la justicia, porque de ellos es el reino de los Cielos.\u201d (San Mateo,&hellip;","jetpack_sharing_enabled":true,"_links":{"self":[{"href":"https:\/\/nuevo-renacer.com\/pt\/wp-json\/wp\/v2\/pages\/3585","targetHints":{"allow":["GET"]}}],"collection":[{"href":"https:\/\/nuevo-renacer.com\/pt\/wp-json\/wp\/v2\/pages"}],"about":[{"href":"https:\/\/nuevo-renacer.com\/pt\/wp-json\/wp\/v2\/types\/page"}],"author":[{"embeddable":true,"href":"https:\/\/nuevo-renacer.com\/pt\/wp-json\/wp\/v2\/users\/1"}],"replies":[{"embeddable":true,"href":"https:\/\/nuevo-renacer.com\/pt\/wp-json\/wp\/v2\/comments?post=3585"}],"version-history":[{"count":3,"href":"https:\/\/nuevo-renacer.com\/pt\/wp-json\/wp\/v2\/pages\/3585\/revisions"}],"predecessor-version":[{"id":6594,"href":"https:\/\/nuevo-renacer.com\/pt\/wp-json\/wp\/v2\/pages\/3585\/revisions\/6594"}],"wp:featuredmedia":[{"embeddable":true,"href":"https:\/\/nuevo-renacer.com\/pt\/wp-json\/wp\/v2\/media\/3586"}],"wp:attachment":[{"href":"https:\/\/nuevo-renacer.com\/pt\/wp-json\/wp\/v2\/media?parent=3585"}],"curies":[{"name":"wp","href":"https:\/\/api.w.org\/{rel}","templated":true}]}}