{"id":3580,"date":"2024-07-10T10:50:57","date_gmt":"2024-07-10T10:50:57","guid":{"rendered":"https:\/\/ufec-mundial.com\/?page_id=3580"},"modified":"2024-12-21T09:49:04","modified_gmt":"2024-12-21T09:49:04","slug":"causas-anteriores-de-las-aflicciones","status":"publish","type":"page","link":"https:\/\/nuevo-renacer.com\/pt\/causas-anteriores-de-las-aflicciones\/","title":{"rendered":"Causas passadas de afli\u00e7\u00f5es"},"content":{"rendered":"<div class=\"wp-block-uagb-container uagb-block-1891464a alignfull uagb-is-root-container\"><div class=\"uagb-container-inner-blocks-wrap\">\n<p class=\"has-black-color has-text-color has-link-color has-medium-font-size wp-elements-1717e4c89416566c023da20750552a13\"><strong>Causas passadas de afli\u00e7\u00f5es<\/strong><\/p>\n\n\n\n<p class=\"has-black-color has-text-color has-link-color has-medium-font-size wp-elements-37d3320206a9b8afa52629819a26401a\"><strong>Do livro: O Evangelho segundo o Espiritismo \u2013 Allan Kardec<\/strong><\/p>\n<\/div><\/div>\n\n\n\n<div class=\"wp-block-uagb-container uagb-block-559478b3 alignfull uagb-is-root-container\"><div class=\"uagb-container-inner-blocks-wrap\">\n<figure class=\"wp-block-image size-full is-resized\"><img fetchpriority=\"high\" decoding=\"async\" width=\"770\" height=\"452\" src=\"https:\/\/ufec-mundial.com\/wp-content\/uploads\/2024\/07\/que-se-siente-al-morir-770x452-1.jpg\" alt=\"\" class=\"wp-image-3581\" style=\"width:397px;height:auto\" srcset=\"https:\/\/nuevo-renacer.com\/wp-content\/uploads\/2024\/07\/que-se-siente-al-morir-770x452-1.jpg 770w, https:\/\/nuevo-renacer.com\/wp-content\/uploads\/2024\/07\/que-se-siente-al-morir-770x452-1-300x176.jpg 300w, https:\/\/nuevo-renacer.com\/wp-content\/uploads\/2024\/07\/que-se-siente-al-morir-770x452-1-768x451.jpg 768w, https:\/\/nuevo-renacer.com\/wp-content\/uploads\/2024\/07\/que-se-siente-al-morir-770x452-1-18x12.jpg 18w\" sizes=\"(max-width: 770px) 100vw, 770px\" \/><\/figure>\n<\/div><\/div>\n\n\n\n<div class=\"wp-block-uagb-container uagb-block-096875d6 alignfull uagb-is-root-container\"><div class=\"uagb-container-inner-blocks-wrap\">\n<p class=\"has-black-color has-text-color has-link-color has-small-font-size wp-elements-4091fb8828b690bb9cb5bcad53c0ba41\">Embora existam males nesta vida cuja causa prim\u00e1ria \u00e9 o homem, h\u00e1 outros aos quais ele \u00e9 completamente alheio, pelo menos na apar\u00eancia, e que parecem afet\u00e1-lo como que por destino. Esses s\u00e3o, por exemplo, a perda de entes queridos e a perda daqueles que s\u00e3o o sustento da fam\u00edlia. S\u00e3o tamb\u00e9m os acidentes que nenhuma previs\u00e3o poderia ter evitado; os reveses da sorte que frustram todas as medidas prudentes; as pragas naturais, as doen\u00e7as de nascen\u00e7a, particularmente aquelas que roubam de tantos infelizes os meios de ganhar a vida com seu trabalho: deformidades, idiotia, cretinismo etc.<\/p>\n\n\n\n<p class=\"has-black-color has-text-color has-link-color has-small-font-size wp-elements-49102740a2c57afddfd2ce3b0a7d8051\">Aqueles que nascem em tais condi\u00e7\u00f5es certamente n\u00e3o fizeram nada nesta vida para merecer, sem qualquer compensa\u00e7\u00e3o, um destino t\u00e3o triste, que n\u00e3o puderam evitar, que s\u00e3o incapazes de mudar por si mesmos e que os deixa \u00e0 merc\u00ea da piedade p\u00fablica. Por que, ent\u00e3o, esses seres infelizes existem, enquanto ao lado deles, sob o mesmo teto e na mesma fam\u00edlia, h\u00e1 outros favorecidos em todos os sentidos?<\/p>\n\n\n\n<p class=\"has-black-color has-text-color has-link-color has-small-font-size wp-elements-3c5d3afdec79cd42f9c63419bc2a5c62\">Por fim, o que dizer das crian\u00e7as que morrem em uma idade precoce, que n\u00e3o conheceram nada da vida al\u00e9m do sofrimento? Esses s\u00e3o problemas que nenhuma filosofia ainda foi capaz de resolver, anomalias que nenhuma religi\u00e3o foi capaz de justificar e que seriam a nega\u00e7\u00e3o da bondade, justi\u00e7a e provid\u00eancia de Deus, na hip\u00f3tese de que a alma \u00e9 criada ao mesmo tempo que o corpo e que seu destino \u00e9 irremediavelmente fixado ap\u00f3s alguns momentos de perman\u00eancia na Terra. O que essas almas, que acabaram de deixar as m\u00e3os do Criador, fizeram para sofrer tanta mis\u00e9ria neste mundo e para merecer qualquer recompensa ou puni\u00e7\u00e3o no futuro, quando n\u00e3o foram capazes de fazer nem o bem nem o mal?<\/p>\n\n\n\n<p class=\"has-black-color has-text-color has-link-color has-small-font-size wp-elements-d0615d06185b189f7eed6420d6b71104\">No entanto, em virtude do axioma de que todo efeito tem uma causa, essas mis\u00e9rias s\u00e3o efeitos que devem ter uma causa; e como admitimos a exist\u00eancia de um Deus justo, essa causa tamb\u00e9m deve ser justa. Ora, como a causa sempre precede o efeito, se a causa n\u00e3o est\u00e1 na vida atual, ela deve ser anterior a esta vida, ou seja, deve pertencer a uma exist\u00eancia anterior.<\/p>\n\n\n\n<p class=\"has-black-color has-text-color has-link-color has-small-font-size wp-elements-47bee048b6bfcaa4c89bde7a794ac2b7\">Por outro lado, como n\u00e3o \u00e9 poss\u00edvel para Deus punir algu\u00e9m pelo bem que fez ou pelo mal que n\u00e3o fez, se somos punidos, \u00e9 porque fizemos o mal. Se n\u00e3o fizemos o mal nesta vida, fizemos o mal em outra. Se n\u00e3o cometemos erros nesta vida, cometemos erros em outra. Ningu\u00e9m pode se esquivar dessa alternativa, na qual a l\u00f3gica determina de que lado est\u00e1 a justi\u00e7a de Deus.<\/p>\n\n\n\n<p class=\"has-black-color has-text-color has-link-color has-small-font-size wp-elements-7261f7bceb71d378b4ad34a9ae194a70\">O homem, portanto, nem sempre \u00e9 punido, ou totalmente punido, em sua exist\u00eancia atual, mas ele nunca escapa das consequ\u00eancias de suas faltas. A prosperidade do \u00edmpio \u00e9 apenas moment\u00e2nea, pois se ele n\u00e3o expiar hoje, expiar\u00e1 amanh\u00e3, enquanto o sofredor est\u00e1 expiando seu passado. A desgra\u00e7a que, a princ\u00edpio, parece imerecida tem, portanto, sua raz\u00e3o de ser, e o sofredor pode dizer em todos os casos: \u201cPerdoe-me, Senhor, porque pequei\u201d.<\/p>\n<\/div><\/div>\n\n\n\n<div class=\"wp-block-uagb-container uagb-block-61d1aca5 alignfull uagb-is-root-container\"><div class=\"uagb-container-inner-blocks-wrap\"><\/div><\/div>\n\n\n\n<div class=\"wp-block-uagb-container uagb-block-b6ed6ada alignfull uagb-is-root-container\"><div class=\"uagb-container-inner-blocks-wrap\"><\/div><\/div>","protected":false},"excerpt":{"rendered":"<p>Causas anteriores de las aflicciones Del libro: El Evangelio seg\u00fan el espiritismo \u2013 Allan Kardec Si bien en esta vida existen males cuya causa principal es el hombre, hay otros a los que es ajeno por completo, al menos en apariencia, y que parecen afectarlo como por obra de la fatalidad. Son ellos, por ejemplo, [&hellip;]<\/p>","protected":false},"author":1,"featured_media":3581,"parent":0,"menu_order":0,"comment_status":"closed","ping_status":"closed","template":"","meta":{"_uag_custom_page_level_css":"","site-sidebar-layout":"default","site-content-layout":"","ast-site-content-layout":"default","site-content-style":"default","site-sidebar-style":"default","ast-global-header-display":"","ast-banner-title-visibility":"","ast-main-header-display":"","ast-hfb-above-header-display":"","ast-hfb-below-header-display":"","ast-hfb-mobile-header-display":"","site-post-title":"disabled","ast-breadcrumbs-content":"","ast-featured-img":"","footer-sml-layout":"","theme-transparent-header-meta":"","adv-header-id-meta":"","stick-header-meta":"","header-above-stick-meta":"","header-main-stick-meta":"","header-below-stick-meta":"","astra-migrate-meta-layouts":"set","ast-page-background-enabled":"default","ast-page-background-meta":{"desktop":{"background-color":"var(--ast-global-color-4)","background-image":"","background-repeat":"repeat","background-position":"center center","background-size":"auto","background-attachment":"scroll","background-type":"","background-media":"","overlay-type":"","overlay-color":"","overlay-opacity":"","overlay-gradient":""},"tablet":{"background-color":"","background-image":"","background-repeat":"repeat","background-position":"center center","background-size":"auto","background-attachment":"scroll","background-type":"","background-media":"","overlay-type":"","overlay-color":"","overlay-opacity":"","overlay-gradient":""},"mobile":{"background-color":"","background-image":"","background-repeat":"repeat","background-position":"center center","background-size":"auto","background-attachment":"scroll","background-type":"","background-media":"","overlay-type":"","overlay-color":"","overlay-opacity":"","overlay-gradient":""}},"ast-content-background-meta":{"desktop":{"background-color":"var(--ast-global-color-5)","background-image":"","background-repeat":"repeat","background-position":"center center","background-size":"auto","background-attachment":"scroll","background-type":"","background-media":"","overlay-type":"","overlay-color":"","overlay-opacity":"","overlay-gradient":""},"tablet":{"background-color":"var(--ast-global-color-5)","background-image":"","background-repeat":"repeat","background-position":"center center","background-size":"auto","background-attachment":"scroll","background-type":"","background-media":"","overlay-type":"","overlay-color":"","overlay-opacity":"","overlay-gradient":""},"mobile":{"background-color":"var(--ast-global-color-5)","background-image":"","background-repeat":"repeat","background-position":"center center","background-size":"auto","background-attachment":"scroll","background-type":"","background-media":"","overlay-type":"","overlay-color":"","overlay-opacity":"","overlay-gradient":""}},"footnotes":""},"class_list":["post-3580","page","type-page","status-publish","has-post-thumbnail","hentry"],"yoast_head":"<!-- This site is optimized with the Yoast SEO Premium plugin v24.2 (Yoast SEO v24.6) - https:\/\/yoast.com\/wordpress\/plugins\/seo\/ -->\n<title>Causas anteriores de las aflicciones - Uni\u00f3n Esp\u00edrita<\/title>\n<meta name=\"robots\" content=\"index, follow, max-snippet:-1, max-image-preview:large, max-video-preview:-1\" \/>\n<link rel=\"canonical\" href=\"https:\/\/nuevo-renacer.com\/pt\/causas-anteriores-de-las-aflicciones\/\" \/>\n<meta property=\"og:locale\" content=\"pt_BR\" \/>\n<meta property=\"og:type\" content=\"article\" \/>\n<meta property=\"og:title\" content=\"Causas anteriores de las aflicciones\" \/>\n<meta property=\"og:description\" content=\"Causas anteriores de las aflicciones Del libro: El Evangelio seg\u00fan el espiritismo \u2013 Allan Kardec Si bien en esta vida existen males cuya causa principal es el hombre, hay otros a los que es ajeno por completo, al menos en apariencia, y que parecen afectarlo como por obra de la fatalidad. Son ellos, por ejemplo, [&hellip;]\" \/>\n<meta property=\"og:url\" content=\"https:\/\/nuevo-renacer.com\/pt\/causas-anteriores-de-las-aflicciones\/\" \/>\n<meta property=\"og:site_name\" content=\"Uni\u00f3n Esp\u00edrita\" \/>\n<meta property=\"article:publisher\" content=\"https:\/\/www.facebook.com\/groups\/3431398063740829\" \/>\n<meta property=\"article:modified_time\" content=\"2024-12-21T09:49:04+00:00\" \/>\n<meta property=\"og:image\" content=\"https:\/\/nuevo-renacer.com\/wp-content\/uploads\/2024\/07\/que-se-siente-al-morir-770x452-1.jpg\" \/>\n\t<meta property=\"og:image:width\" content=\"770\" \/>\n\t<meta property=\"og:image:height\" content=\"452\" \/>\n\t<meta property=\"og:image:type\" content=\"image\/jpeg\" \/>\n<meta name=\"twitter:card\" content=\"summary_large_image\" \/>\n<meta name=\"twitter:label1\" content=\"Est. tempo de leitura\" \/>\n\t<meta name=\"twitter:data1\" content=\"3 minutos\" \/>\n<script type=\"application\/ld+json\" class=\"yoast-schema-graph\">{\"@context\":\"https:\/\/schema.org\",\"@graph\":[{\"@type\":\"WebPage\",\"@id\":\"https:\/\/nuevo-renacer.com\/causas-anteriores-de-las-aflicciones\/\",\"url\":\"https:\/\/nuevo-renacer.com\/causas-anteriores-de-las-aflicciones\/\",\"name\":\"Causas anteriores de las aflicciones - Uni\u00f3n Esp\u00edrita\",\"isPartOf\":{\"@id\":\"https:\/\/nuevo-renacer.com\/#website\"},\"primaryImageOfPage\":{\"@id\":\"https:\/\/nuevo-renacer.com\/causas-anteriores-de-las-aflicciones\/#primaryimage\"},\"image\":{\"@id\":\"https:\/\/nuevo-renacer.com\/causas-anteriores-de-las-aflicciones\/#primaryimage\"},\"thumbnailUrl\":\"https:\/\/nuevo-renacer.com\/wp-content\/uploads\/2024\/07\/que-se-siente-al-morir-770x452-1.jpg\",\"datePublished\":\"2024-07-10T10:50:57+00:00\",\"dateModified\":\"2024-12-21T09:49:04+00:00\",\"breadcrumb\":{\"@id\":\"https:\/\/nuevo-renacer.com\/causas-anteriores-de-las-aflicciones\/#breadcrumb\"},\"inLanguage\":\"pt-BR\",\"potentialAction\":[{\"@type\":\"ReadAction\",\"target\":[\"https:\/\/nuevo-renacer.com\/causas-anteriores-de-las-aflicciones\/\"]}]},{\"@type\":\"ImageObject\",\"inLanguage\":\"pt-BR\",\"@id\":\"https:\/\/nuevo-renacer.com\/causas-anteriores-de-las-aflicciones\/#primaryimage\",\"url\":\"https:\/\/nuevo-renacer.com\/wp-content\/uploads\/2024\/07\/que-se-siente-al-morir-770x452-1.jpg\",\"contentUrl\":\"https:\/\/nuevo-renacer.com\/wp-content\/uploads\/2024\/07\/que-se-siente-al-morir-770x452-1.jpg\",\"width\":770,\"height\":452},{\"@type\":\"BreadcrumbList\",\"@id\":\"https:\/\/nuevo-renacer.com\/causas-anteriores-de-las-aflicciones\/#breadcrumb\",\"itemListElement\":[{\"@type\":\"ListItem\",\"position\":1,\"name\":\"Startseite\",\"item\":\"https:\/\/nuevo-renacer.com\/\"},{\"@type\":\"ListItem\",\"position\":2,\"name\":\"Causas anteriores de las aflicciones\"}]},{\"@type\":\"WebSite\",\"@id\":\"https:\/\/nuevo-renacer.com\/#website\",\"url\":\"https:\/\/nuevo-renacer.com\/\",\"name\":\"Uni\u00f3n Esp\u00edrita\",\"description\":\"Nuevo Renacer\",\"publisher\":{\"@id\":\"https:\/\/nuevo-renacer.com\/#organization\"},\"potentialAction\":[{\"@type\":\"SearchAction\",\"target\":{\"@type\":\"EntryPoint\",\"urlTemplate\":\"https:\/\/nuevo-renacer.com\/?s={search_term_string}\"},\"query-input\":{\"@type\":\"PropertyValueSpecification\",\"valueRequired\":true,\"valueName\":\"search_term_string\"}}],\"inLanguage\":\"pt-BR\"},{\"@type\":\"Organization\",\"@id\":\"https:\/\/nuevo-renacer.com\/#organization\",\"name\":\"UFEC\",\"url\":\"https:\/\/nuevo-renacer.com\/\",\"logo\":{\"@type\":\"ImageObject\",\"inLanguage\":\"pt-BR\",\"@id\":\"https:\/\/nuevo-renacer.com\/#\/schema\/logo\/image\/\",\"url\":\"https:\/\/nuevo-renacer.com\/wp-content\/uploads\/2024\/05\/cropped-LOGO-TERMINADO1-3-3.png\",\"contentUrl\":\"https:\/\/nuevo-renacer.com\/wp-content\/uploads\/2024\/05\/cropped-LOGO-TERMINADO1-3-3.png\",\"width\":512,\"height\":512,\"caption\":\"UFEC\"},\"image\":{\"@id\":\"https:\/\/nuevo-renacer.com\/#\/schema\/logo\/image\/\"},\"sameAs\":[\"https:\/\/www.facebook.com\/groups\/3431398063740829\"]}]}<\/script>\n<!-- \/ Yoast SEO Premium plugin. -->","yoast_head_json":{"title":"Causas anteriores de las aflicciones - Uni\u00f3n Esp\u00edrita","robots":{"index":"index","follow":"follow","max-snippet":"max-snippet:-1","max-image-preview":"max-image-preview:large","max-video-preview":"max-video-preview:-1"},"canonical":"https:\/\/nuevo-renacer.com\/pt\/causas-anteriores-de-las-aflicciones\/","og_locale":"pt_BR","og_type":"article","og_title":"Causas anteriores de las aflicciones","og_description":"Causas anteriores de las aflicciones Del libro: El Evangelio seg\u00fan el espiritismo \u2013 Allan Kardec Si bien en esta vida existen males cuya causa principal es el hombre, hay otros a los que es ajeno por completo, al menos en apariencia, y que parecen afectarlo como por obra de la fatalidad. Son ellos, por ejemplo, [&hellip;]","og_url":"https:\/\/nuevo-renacer.com\/pt\/causas-anteriores-de-las-aflicciones\/","og_site_name":"Uni\u00f3n Esp\u00edrita","article_publisher":"https:\/\/www.facebook.com\/groups\/3431398063740829","article_modified_time":"2024-12-21T09:49:04+00:00","og_image":[{"width":770,"height":452,"url":"https:\/\/nuevo-renacer.com\/wp-content\/uploads\/2024\/07\/que-se-siente-al-morir-770x452-1.jpg","type":"image\/jpeg"}],"twitter_card":"summary_large_image","twitter_misc":{"Est. tempo de leitura":"3 minutos"},"schema":{"@context":"https:\/\/schema.org","@graph":[{"@type":"WebPage","@id":"https:\/\/nuevo-renacer.com\/causas-anteriores-de-las-aflicciones\/","url":"https:\/\/nuevo-renacer.com\/causas-anteriores-de-las-aflicciones\/","name":"Causas anteriores de las aflicciones - Uni\u00f3n Esp\u00edrita","isPartOf":{"@id":"https:\/\/nuevo-renacer.com\/#website"},"primaryImageOfPage":{"@id":"https:\/\/nuevo-renacer.com\/causas-anteriores-de-las-aflicciones\/#primaryimage"},"image":{"@id":"https:\/\/nuevo-renacer.com\/causas-anteriores-de-las-aflicciones\/#primaryimage"},"thumbnailUrl":"https:\/\/nuevo-renacer.com\/wp-content\/uploads\/2024\/07\/que-se-siente-al-morir-770x452-1.jpg","datePublished":"2024-07-10T10:50:57+00:00","dateModified":"2024-12-21T09:49:04+00:00","breadcrumb":{"@id":"https:\/\/nuevo-renacer.com\/causas-anteriores-de-las-aflicciones\/#breadcrumb"},"inLanguage":"pt-BR","potentialAction":[{"@type":"ReadAction","target":["https:\/\/nuevo-renacer.com\/causas-anteriores-de-las-aflicciones\/"]}]},{"@type":"ImageObject","inLanguage":"pt-BR","@id":"https:\/\/nuevo-renacer.com\/causas-anteriores-de-las-aflicciones\/#primaryimage","url":"https:\/\/nuevo-renacer.com\/wp-content\/uploads\/2024\/07\/que-se-siente-al-morir-770x452-1.jpg","contentUrl":"https:\/\/nuevo-renacer.com\/wp-content\/uploads\/2024\/07\/que-se-siente-al-morir-770x452-1.jpg","width":770,"height":452},{"@type":"BreadcrumbList","@id":"https:\/\/nuevo-renacer.com\/causas-anteriores-de-las-aflicciones\/#breadcrumb","itemListElement":[{"@type":"ListItem","position":1,"name":"Startseite","item":"https:\/\/nuevo-renacer.com\/"},{"@type":"ListItem","position":2,"name":"Causas anteriores de las aflicciones"}]},{"@type":"WebSite","@id":"https:\/\/nuevo-renacer.com\/#website","url":"https:\/\/nuevo-renacer.com\/","name":"Uni\u00f3n Esp\u00edrita","description":"Nuevo Renacer","publisher":{"@id":"https:\/\/nuevo-renacer.com\/#organization"},"potentialAction":[{"@type":"SearchAction","target":{"@type":"EntryPoint","urlTemplate":"https:\/\/nuevo-renacer.com\/?s={search_term_string}"},"query-input":{"@type":"PropertyValueSpecification","valueRequired":true,"valueName":"search_term_string"}}],"inLanguage":"pt-BR"},{"@type":"Organization","@id":"https:\/\/nuevo-renacer.com\/#organization","name":"UFEC","url":"https:\/\/nuevo-renacer.com\/","logo":{"@type":"ImageObject","inLanguage":"pt-BR","@id":"https:\/\/nuevo-renacer.com\/#\/schema\/logo\/image\/","url":"https:\/\/nuevo-renacer.com\/wp-content\/uploads\/2024\/05\/cropped-LOGO-TERMINADO1-3-3.png","contentUrl":"https:\/\/nuevo-renacer.com\/wp-content\/uploads\/2024\/05\/cropped-LOGO-TERMINADO1-3-3.png","width":512,"height":512,"caption":"UFEC"},"image":{"@id":"https:\/\/nuevo-renacer.com\/#\/schema\/logo\/image\/"},"sameAs":["https:\/\/www.facebook.com\/groups\/3431398063740829"]}]}},"uagb_featured_image_src":{"full":["https:\/\/nuevo-renacer.com\/wp-content\/uploads\/2024\/07\/que-se-siente-al-morir-770x452-1.jpg",770,452,false],"thumbnail":["https:\/\/nuevo-renacer.com\/wp-content\/uploads\/2024\/07\/que-se-siente-al-morir-770x452-1-150x150.jpg",150,150,true],"medium":["https:\/\/nuevo-renacer.com\/wp-content\/uploads\/2024\/07\/que-se-siente-al-morir-770x452-1-300x176.jpg",300,176,true],"medium_large":["https:\/\/nuevo-renacer.com\/wp-content\/uploads\/2024\/07\/que-se-siente-al-morir-770x452-1-768x451.jpg",768,451,true],"large":["https:\/\/nuevo-renacer.com\/wp-content\/uploads\/2024\/07\/que-se-siente-al-morir-770x452-1.jpg",770,452,false],"1536x1536":["https:\/\/nuevo-renacer.com\/wp-content\/uploads\/2024\/07\/que-se-siente-al-morir-770x452-1.jpg",770,452,false],"2048x2048":["https:\/\/nuevo-renacer.com\/wp-content\/uploads\/2024\/07\/que-se-siente-al-morir-770x452-1.jpg",770,452,false],"trp-custom-language-flag":["https:\/\/nuevo-renacer.com\/wp-content\/uploads\/2024\/07\/que-se-siente-al-morir-770x452-1-18x12.jpg",18,12,true]},"uagb_author_info":{"display_name":"adbv0","author_link":"https:\/\/nuevo-renacer.com\/pt\/author\/adbv0\/"},"uagb_comment_info":0,"uagb_excerpt":"Causas anteriores de las aflicciones Del libro: El Evangelio seg\u00fan el espiritismo \u2013 Allan Kardec Si bien en esta vida existen males cuya causa principal es el hombre, hay otros a los que es ajeno por completo, al menos en apariencia, y que parecen afectarlo como por obra de la fatalidad. Son ellos, por ejemplo,&hellip;","jetpack_sharing_enabled":true,"_links":{"self":[{"href":"https:\/\/nuevo-renacer.com\/pt\/wp-json\/wp\/v2\/pages\/3580","targetHints":{"allow":["GET"]}}],"collection":[{"href":"https:\/\/nuevo-renacer.com\/pt\/wp-json\/wp\/v2\/pages"}],"about":[{"href":"https:\/\/nuevo-renacer.com\/pt\/wp-json\/wp\/v2\/types\/page"}],"author":[{"embeddable":true,"href":"https:\/\/nuevo-renacer.com\/pt\/wp-json\/wp\/v2\/users\/1"}],"replies":[{"embeddable":true,"href":"https:\/\/nuevo-renacer.com\/pt\/wp-json\/wp\/v2\/comments?post=3580"}],"version-history":[{"count":3,"href":"https:\/\/nuevo-renacer.com\/pt\/wp-json\/wp\/v2\/pages\/3580\/revisions"}],"predecessor-version":[{"id":6593,"href":"https:\/\/nuevo-renacer.com\/pt\/wp-json\/wp\/v2\/pages\/3580\/revisions\/6593"}],"wp:featuredmedia":[{"embeddable":true,"href":"https:\/\/nuevo-renacer.com\/pt\/wp-json\/wp\/v2\/media\/3581"}],"wp:attachment":[{"href":"https:\/\/nuevo-renacer.com\/pt\/wp-json\/wp\/v2\/media?parent=3580"}],"curies":[{"name":"wp","href":"https:\/\/api.w.org\/{rel}","templated":true}]}}