{"id":3574,"date":"2024-07-10T09:49:22","date_gmt":"2024-07-10T09:49:22","guid":{"rendered":"https:\/\/ufec-mundial.com\/?page_id=3574"},"modified":"2024-12-21T09:21:24","modified_gmt":"2024-12-21T09:21:24","slug":"mundos-inferiores","status":"publish","type":"page","link":"https:\/\/nuevo-renacer.com\/pt\/mundos-inferiores\/","title":{"rendered":"Mundos inferiores"},"content":{"rendered":"<div class=\"wp-block-uagb-container uagb-block-163a6e63 alignfull uagb-is-root-container\"><div class=\"uagb-container-inner-blocks-wrap\">\n<p class=\"has-black-color has-text-color has-link-color has-medium-font-size wp-elements-d59dba5ad3f17ba93bbf6fcd6a100d7d\"><strong>Mundos inferiores<\/strong><\/p>\n<\/div><\/div>\n\n\n\n<div class=\"wp-block-uagb-container uagb-block-d8b32473 alignfull uagb-is-root-container\"><div class=\"uagb-container-inner-blocks-wrap\">\n<figure class=\"wp-block-image size-full is-resized\"><img fetchpriority=\"high\" decoding=\"async\" width=\"1000\" height=\"563\" src=\"https:\/\/ufec-mundial.com\/wp-content\/uploads\/2024\/07\/nuestro-hogar-nosso-lar-chico-xavier-wagner-de-assis-03.jpg\" alt=\"\" class=\"wp-image-3576\" style=\"width:389px;height:auto\" srcset=\"https:\/\/nuevo-renacer.com\/wp-content\/uploads\/2024\/07\/nuestro-hogar-nosso-lar-chico-xavier-wagner-de-assis-03.jpg 1000w, https:\/\/nuevo-renacer.com\/wp-content\/uploads\/2024\/07\/nuestro-hogar-nosso-lar-chico-xavier-wagner-de-assis-03-300x169.jpg 300w, https:\/\/nuevo-renacer.com\/wp-content\/uploads\/2024\/07\/nuestro-hogar-nosso-lar-chico-xavier-wagner-de-assis-03-768x432.jpg 768w, https:\/\/nuevo-renacer.com\/wp-content\/uploads\/2024\/07\/nuestro-hogar-nosso-lar-chico-xavier-wagner-de-assis-03-18x10.jpg 18w\" sizes=\"(max-width: 1000px) 100vw, 1000px\" \/><\/figure>\n<\/div><\/div>\n\n\n\n<div class=\"wp-block-uagb-container uagb-block-718a286f alignfull uagb-is-root-container\"><div class=\"uagb-container-inner-blocks-wrap\">\n<p class=\"has-black-color has-text-color has-link-color has-small-font-size wp-elements-076cd3ed042096084e9d361cd5e29a59\">Existem mundos, considerados inferiores, onde os habitantes vivem em um estado primitivo, com no\u00e7\u00f5es rudimentares, seus habitantes est\u00e3o na condi\u00e7\u00e3o de ra\u00e7as selvagens; a sensa\u00e7\u00e3o existente \u00e9 de sobreviv\u00eancia e de luta di\u00e1ria pela preserva\u00e7\u00e3o da vida e do alimento. Nesses mundos inferiores n\u00e3o h\u00e1 no\u00e7\u00e3o de justi\u00e7a, solidariedade, conviv\u00eancia, fraternidade, beleza, harmonia e equil\u00edbrio. Os seres que habitam esse mundo est\u00e3o em um est\u00e1gio primordial de animalidade, onde a for\u00e7a bruta \u00e9 a lei. Carentes de conhecimento, t\u00eam h\u00e1bitos primitivos e rudimentares e usam a forma humana sem beleza. S\u00e3o dominados pelas tenta\u00e7\u00f5es materiais. Nos mundos inferiores, a exist\u00eancia \u00e9 toda material, as paix\u00f5es reinam supremas, a vida moral \u00e9 quase inexistente e os seres s\u00e3o f\u00edsica e moralmente inferiores.<\/p>\n\n\n\n<p class=\"has-black-color has-text-color has-link-color has-small-font-size wp-elements-54d5faba6e5d2c81f1e738a7de5ccea6\">Os diferentes mundos que existem nos permitem avan\u00e7ar para um n\u00edvel diferente. A reencarna\u00e7\u00e3o permite que o esp\u00edrito aprenda e se aprimore at\u00e9 atingir a evolu\u00e7\u00e3o para a qual foi criado. \u00c9 por meio de in\u00fameras encarna\u00e7\u00f5es que aprimoramos nossa moral, nossos conhecimentos, praticando, aprendendo, crescendo e, assim, evoluindo.  Os esp\u00edritos passam por in\u00fameras exist\u00eancias em diferentes mundos, de acordo com seu n\u00edvel de evolu\u00e7\u00e3o. Cada encarna\u00e7\u00e3o \u00e9 enviada a um mundo compat\u00edvel com sua forma\u00e7\u00e3o moral e intelectual. Os Esp\u00edritos que encarnam em um mundo n\u00e3o ficam presos a ele indefinidamente, nem passam por todas as etapas de seu progresso. Quando em um mundo atingem o n\u00edvel de adiantamento que esse mundo implica, passam para outro mundo mais avan\u00e7ado, no mesmo n\u00edvel e na mesma sintonia em que se encontram.<\/p>\n\n\n\n<p class=\"has-black-color has-text-color has-link-color has-small-font-size wp-elements-fab7c9ed4b7337a2c929cb66e70e3dfd\">Cada mundo oferece \u00e0queles que o habitam condi\u00e7\u00f5es adequadas para a vida planet\u00e1ria, e as necessidades vitais s\u00e3o diferentes de um planeta para outro. A evolu\u00e7\u00e3o de cada ser \u00e9 uma revolu\u00e7\u00e3o particular, \u00e9 preciso ter a consci\u00eancia e a atitude para reconhecer o que precisa ser mudado, \u00e9 preciso reaprender e ressignificar a si mesmo para evoluir. O tempo \u00e9 individual para cada ser, somos seres singulares e a cada encarna\u00e7\u00e3o temos um novo ciclo de relacionamentos, um novo contexto social e cultural. N\u00e3o sabemos onde erramos milhares de vezes, n\u00e3o sabemos onde ca\u00edmos e acertamos... O crescimento pessoal \u00e9 um processo infinitamente repetitivo. Cada mudan\u00e7a no ciclo evolutivo traz profundas mudan\u00e7as materiais e espirituais.<\/p>\n\n\n\n<p class=\"has-black-color has-text-color has-link-color has-small-font-size wp-elements-a77e77735ed2302fa40de116301de29a\">Os seres humanos trocam os mundos inferiores por outros mais felizes \u00e0 medida que s\u00e3o curados de suas enfermidades morais. \u00c9 uma recompensa passar de um mundo inferior para um mundo de ordem superior, assim como \u00e9 um castigo prolongar a perman\u00eancia em um mundo infeliz ou ser relegado a mundos inferiores, onde passar\u00e1 por prova\u00e7\u00f5es mais severas. O esp\u00edrito vive onde coloca seus pensamentos e a\u00e7\u00f5es. De tempos em tempos, a humanidade chega a um momento de purifica\u00e7\u00e3o, que \u00e9 precedido por um expurgo planet\u00e1rio. Os esp\u00edritos que n\u00e3o conseguirem mudar sua moral e seu intelecto ser\u00e3o relegados a mundos inferiores.<\/p>\n\n\n\n<p class=\"has-black-color has-text-color has-link-color has-small-font-size wp-elements-b9a69cb3c0045ae7ab792b231ee88b2c\">O maior obst\u00e1culo ao crescimento pessoal \u00e9 fingir que se sabe algo; \u00e9 o nosso desenvolvimento pessoal que determina nossas conquistas evolutivas. Intensificamos o que cultivamos, nossos valores orientam nossas decis\u00f5es e somos respons\u00e1veis por onde estamos agora, pois a vida \u00e9 fruto de nossas escolhas. Quando crescemos individualmente, ajudamos todos ao nosso redor a florescer, contribu\u00edmos para a evolu\u00e7\u00e3o coletiva. Propagamos quem somos. Sem aceitar a realidade, n\u00e3o podemos evoluir. Em nosso processo de crescimento, devemos fazer escolhas conscientes sobre o tipo de pessoa que queremos nos tornar e agir com esse prop\u00f3sito em mente.<\/p>\n\n\n\n<p class=\"has-black-color has-text-color has-link-color has-small-font-size wp-elements-6e4168f2a190df086c69af0cdb7fa3a6\">O Universo \u00e9 o nosso lar e o amor deve ser o caminho escolhido. Somente o amor sobrevive ao tempo, o amor \u00e9 capaz de mudar a vida das pessoas. O amor \u00e9 uma energia construtiva, uma diretriz para a melhoria, o benef\u00edcio coletivo e a clareza existencial. Com o amor, o ser material abre espa\u00e7o para o espiritual.<\/p>\n\n\n\n<p class=\"has-black-color has-text-color has-link-color has-small-font-size wp-elements-fe93c65dae64e2d99ad986794d426c40\">Vamos seguir em frente com muita energia positiva, procurando basear nossas atitudes no amor.<\/p>\n<\/div><\/div>\n\n\n\n<div class=\"wp-block-uagb-container uagb-block-19c98072 alignfull uagb-is-root-container\"><div class=\"uagb-container-inner-blocks-wrap\"><\/div><\/div>\n\n\n\n<div class=\"wp-block-uagb-container uagb-block-c334f1e4 alignfull uagb-is-root-container\"><div class=\"uagb-container-inner-blocks-wrap\"><\/div><\/div>","protected":false},"excerpt":{"rendered":"<p>Mundos Inferiores Hay mundos, considerados inferiores, donde los habitantes viven en estado primitivo, con nociones rudimentarias, sus habitantes est\u00e1n en la condici\u00f3n de razas salvajes; la sensaci\u00f3n existente es de supervivencia y lucha diaria por la preservaci\u00f3n de la vida y el alimento. En estos mundos inferiores no existe la noci\u00f3n de justicia, solidaridad, coexistencia, [&hellip;]<\/p>","protected":false},"author":1,"featured_media":3576,"parent":0,"menu_order":0,"comment_status":"closed","ping_status":"closed","template":"","meta":{"_uag_custom_page_level_css":"","site-sidebar-layout":"default","site-content-layout":"","ast-site-content-layout":"default","site-content-style":"default","site-sidebar-style":"default","ast-global-header-display":"","ast-banner-title-visibility":"","ast-main-header-display":"","ast-hfb-above-header-display":"","ast-hfb-below-header-display":"","ast-hfb-mobile-header-display":"","site-post-title":"disabled","ast-breadcrumbs-content":"","ast-featured-img":"","footer-sml-layout":"","theme-transparent-header-meta":"","adv-header-id-meta":"","stick-header-meta":"","header-above-stick-meta":"","header-main-stick-meta":"","header-below-stick-meta":"","astra-migrate-meta-layouts":"set","ast-page-background-enabled":"default","ast-page-background-meta":{"desktop":{"background-color":"var(--ast-global-color-4)","background-image":"","background-repeat":"repeat","background-position":"center center","background-size":"auto","background-attachment":"scroll","background-type":"","background-media":"","overlay-type":"","overlay-color":"","overlay-opacity":"","overlay-gradient":""},"tablet":{"background-color":"","background-image":"","background-repeat":"repeat","background-position":"center center","background-size":"auto","background-attachment":"scroll","background-type":"","background-media":"","overlay-type":"","overlay-color":"","overlay-opacity":"","overlay-gradient":""},"mobile":{"background-color":"","background-image":"","background-repeat":"repeat","background-position":"center center","background-size":"auto","background-attachment":"scroll","background-type":"","background-media":"","overlay-type":"","overlay-color":"","overlay-opacity":"","overlay-gradient":""}},"ast-content-background-meta":{"desktop":{"background-color":"var(--ast-global-color-5)","background-image":"","background-repeat":"repeat","background-position":"center center","background-size":"auto","background-attachment":"scroll","background-type":"","background-media":"","overlay-type":"","overlay-color":"","overlay-opacity":"","overlay-gradient":""},"tablet":{"background-color":"var(--ast-global-color-5)","background-image":"","background-repeat":"repeat","background-position":"center center","background-size":"auto","background-attachment":"scroll","background-type":"","background-media":"","overlay-type":"","overlay-color":"","overlay-opacity":"","overlay-gradient":""},"mobile":{"background-color":"var(--ast-global-color-5)","background-image":"","background-repeat":"repeat","background-position":"center center","background-size":"auto","background-attachment":"scroll","background-type":"","background-media":"","overlay-type":"","overlay-color":"","overlay-opacity":"","overlay-gradient":""}},"footnotes":""},"class_list":["post-3574","page","type-page","status-publish","has-post-thumbnail","hentry"],"yoast_head":"<!-- This site is optimized with the Yoast SEO Premium plugin v24.2 (Yoast SEO v24.6) - https:\/\/yoast.com\/wordpress\/plugins\/seo\/ -->\n<title>Mundos Inferiores - Uni\u00f3n Esp\u00edrita<\/title>\n<meta name=\"robots\" content=\"index, follow, max-snippet:-1, max-image-preview:large, max-video-preview:-1\" \/>\n<link rel=\"canonical\" href=\"https:\/\/nuevo-renacer.com\/pt\/mundos-inferiores\/\" \/>\n<meta property=\"og:locale\" content=\"pt_BR\" \/>\n<meta property=\"og:type\" content=\"article\" \/>\n<meta property=\"og:title\" content=\"Mundos Inferiores\" \/>\n<meta property=\"og:description\" content=\"Mundos Inferiores Hay mundos, considerados inferiores, donde los habitantes viven en estado primitivo, con nociones rudimentarias, sus habitantes est\u00e1n en la condici\u00f3n de razas salvajes; la sensaci\u00f3n existente es de supervivencia y lucha diaria por la preservaci\u00f3n de la vida y el alimento. En estos mundos inferiores no existe la noci\u00f3n de justicia, solidaridad, coexistencia, [&hellip;]\" \/>\n<meta property=\"og:url\" content=\"https:\/\/nuevo-renacer.com\/pt\/mundos-inferiores\/\" \/>\n<meta property=\"og:site_name\" content=\"Uni\u00f3n Esp\u00edrita\" \/>\n<meta property=\"article:publisher\" content=\"https:\/\/www.facebook.com\/groups\/3431398063740829\" \/>\n<meta property=\"article:modified_time\" content=\"2024-12-21T09:21:24+00:00\" \/>\n<meta property=\"og:image\" content=\"https:\/\/nuevo-renacer.com\/wp-content\/uploads\/2024\/07\/nuestro-hogar-nosso-lar-chico-xavier-wagner-de-assis-03.jpg\" \/>\n\t<meta property=\"og:image:width\" content=\"1000\" \/>\n\t<meta property=\"og:image:height\" content=\"563\" \/>\n\t<meta property=\"og:image:type\" content=\"image\/jpeg\" \/>\n<meta name=\"twitter:card\" content=\"summary_large_image\" \/>\n<meta name=\"twitter:label1\" content=\"Est. tempo de leitura\" \/>\n\t<meta name=\"twitter:data1\" content=\"3 minutos\" \/>\n<script type=\"application\/ld+json\" class=\"yoast-schema-graph\">{\"@context\":\"https:\/\/schema.org\",\"@graph\":[{\"@type\":\"WebPage\",\"@id\":\"https:\/\/nuevo-renacer.com\/mundos-inferiores\/\",\"url\":\"https:\/\/nuevo-renacer.com\/mundos-inferiores\/\",\"name\":\"Mundos Inferiores - Uni\u00f3n Esp\u00edrita\",\"isPartOf\":{\"@id\":\"https:\/\/nuevo-renacer.com\/#website\"},\"primaryImageOfPage\":{\"@id\":\"https:\/\/nuevo-renacer.com\/mundos-inferiores\/#primaryimage\"},\"image\":{\"@id\":\"https:\/\/nuevo-renacer.com\/mundos-inferiores\/#primaryimage\"},\"thumbnailUrl\":\"https:\/\/nuevo-renacer.com\/wp-content\/uploads\/2024\/07\/nuestro-hogar-nosso-lar-chico-xavier-wagner-de-assis-03.jpg\",\"datePublished\":\"2024-07-10T09:49:22+00:00\",\"dateModified\":\"2024-12-21T09:21:24+00:00\",\"breadcrumb\":{\"@id\":\"https:\/\/nuevo-renacer.com\/mundos-inferiores\/#breadcrumb\"},\"inLanguage\":\"pt-BR\",\"potentialAction\":[{\"@type\":\"ReadAction\",\"target\":[\"https:\/\/nuevo-renacer.com\/mundos-inferiores\/\"]}]},{\"@type\":\"ImageObject\",\"inLanguage\":\"pt-BR\",\"@id\":\"https:\/\/nuevo-renacer.com\/mundos-inferiores\/#primaryimage\",\"url\":\"https:\/\/nuevo-renacer.com\/wp-content\/uploads\/2024\/07\/nuestro-hogar-nosso-lar-chico-xavier-wagner-de-assis-03.jpg\",\"contentUrl\":\"https:\/\/nuevo-renacer.com\/wp-content\/uploads\/2024\/07\/nuestro-hogar-nosso-lar-chico-xavier-wagner-de-assis-03.jpg\",\"width\":1000,\"height\":563},{\"@type\":\"BreadcrumbList\",\"@id\":\"https:\/\/nuevo-renacer.com\/mundos-inferiores\/#breadcrumb\",\"itemListElement\":[{\"@type\":\"ListItem\",\"position\":1,\"name\":\"Startseite\",\"item\":\"https:\/\/nuevo-renacer.com\/\"},{\"@type\":\"ListItem\",\"position\":2,\"name\":\"Mundos Inferiores\"}]},{\"@type\":\"WebSite\",\"@id\":\"https:\/\/nuevo-renacer.com\/#website\",\"url\":\"https:\/\/nuevo-renacer.com\/\",\"name\":\"Uni\u00f3n Esp\u00edrita\",\"description\":\"Nuevo Renacer\",\"publisher\":{\"@id\":\"https:\/\/nuevo-renacer.com\/#organization\"},\"potentialAction\":[{\"@type\":\"SearchAction\",\"target\":{\"@type\":\"EntryPoint\",\"urlTemplate\":\"https:\/\/nuevo-renacer.com\/?s={search_term_string}\"},\"query-input\":{\"@type\":\"PropertyValueSpecification\",\"valueRequired\":true,\"valueName\":\"search_term_string\"}}],\"inLanguage\":\"pt-BR\"},{\"@type\":\"Organization\",\"@id\":\"https:\/\/nuevo-renacer.com\/#organization\",\"name\":\"UFEC\",\"url\":\"https:\/\/nuevo-renacer.com\/\",\"logo\":{\"@type\":\"ImageObject\",\"inLanguage\":\"pt-BR\",\"@id\":\"https:\/\/nuevo-renacer.com\/#\/schema\/logo\/image\/\",\"url\":\"https:\/\/nuevo-renacer.com\/wp-content\/uploads\/2024\/05\/cropped-LOGO-TERMINADO1-3-3.png\",\"contentUrl\":\"https:\/\/nuevo-renacer.com\/wp-content\/uploads\/2024\/05\/cropped-LOGO-TERMINADO1-3-3.png\",\"width\":512,\"height\":512,\"caption\":\"UFEC\"},\"image\":{\"@id\":\"https:\/\/nuevo-renacer.com\/#\/schema\/logo\/image\/\"},\"sameAs\":[\"https:\/\/www.facebook.com\/groups\/3431398063740829\"]}]}<\/script>\n<!-- \/ Yoast SEO Premium plugin. -->","yoast_head_json":{"title":"Mundos Inferiores - Uni\u00f3n Esp\u00edrita","robots":{"index":"index","follow":"follow","max-snippet":"max-snippet:-1","max-image-preview":"max-image-preview:large","max-video-preview":"max-video-preview:-1"},"canonical":"https:\/\/nuevo-renacer.com\/pt\/mundos-inferiores\/","og_locale":"pt_BR","og_type":"article","og_title":"Mundos Inferiores","og_description":"Mundos Inferiores Hay mundos, considerados inferiores, donde los habitantes viven en estado primitivo, con nociones rudimentarias, sus habitantes est\u00e1n en la condici\u00f3n de razas salvajes; la sensaci\u00f3n existente es de supervivencia y lucha diaria por la preservaci\u00f3n de la vida y el alimento. En estos mundos inferiores no existe la noci\u00f3n de justicia, solidaridad, coexistencia, [&hellip;]","og_url":"https:\/\/nuevo-renacer.com\/pt\/mundos-inferiores\/","og_site_name":"Uni\u00f3n Esp\u00edrita","article_publisher":"https:\/\/www.facebook.com\/groups\/3431398063740829","article_modified_time":"2024-12-21T09:21:24+00:00","og_image":[{"width":1000,"height":563,"url":"https:\/\/nuevo-renacer.com\/wp-content\/uploads\/2024\/07\/nuestro-hogar-nosso-lar-chico-xavier-wagner-de-assis-03.jpg","type":"image\/jpeg"}],"twitter_card":"summary_large_image","twitter_misc":{"Est. tempo de leitura":"3 minutos"},"schema":{"@context":"https:\/\/schema.org","@graph":[{"@type":"WebPage","@id":"https:\/\/nuevo-renacer.com\/mundos-inferiores\/","url":"https:\/\/nuevo-renacer.com\/mundos-inferiores\/","name":"Mundos Inferiores - Uni\u00f3n Esp\u00edrita","isPartOf":{"@id":"https:\/\/nuevo-renacer.com\/#website"},"primaryImageOfPage":{"@id":"https:\/\/nuevo-renacer.com\/mundos-inferiores\/#primaryimage"},"image":{"@id":"https:\/\/nuevo-renacer.com\/mundos-inferiores\/#primaryimage"},"thumbnailUrl":"https:\/\/nuevo-renacer.com\/wp-content\/uploads\/2024\/07\/nuestro-hogar-nosso-lar-chico-xavier-wagner-de-assis-03.jpg","datePublished":"2024-07-10T09:49:22+00:00","dateModified":"2024-12-21T09:21:24+00:00","breadcrumb":{"@id":"https:\/\/nuevo-renacer.com\/mundos-inferiores\/#breadcrumb"},"inLanguage":"pt-BR","potentialAction":[{"@type":"ReadAction","target":["https:\/\/nuevo-renacer.com\/mundos-inferiores\/"]}]},{"@type":"ImageObject","inLanguage":"pt-BR","@id":"https:\/\/nuevo-renacer.com\/mundos-inferiores\/#primaryimage","url":"https:\/\/nuevo-renacer.com\/wp-content\/uploads\/2024\/07\/nuestro-hogar-nosso-lar-chico-xavier-wagner-de-assis-03.jpg","contentUrl":"https:\/\/nuevo-renacer.com\/wp-content\/uploads\/2024\/07\/nuestro-hogar-nosso-lar-chico-xavier-wagner-de-assis-03.jpg","width":1000,"height":563},{"@type":"BreadcrumbList","@id":"https:\/\/nuevo-renacer.com\/mundos-inferiores\/#breadcrumb","itemListElement":[{"@type":"ListItem","position":1,"name":"Startseite","item":"https:\/\/nuevo-renacer.com\/"},{"@type":"ListItem","position":2,"name":"Mundos Inferiores"}]},{"@type":"WebSite","@id":"https:\/\/nuevo-renacer.com\/#website","url":"https:\/\/nuevo-renacer.com\/","name":"Uni\u00f3n Esp\u00edrita","description":"Nuevo Renacer","publisher":{"@id":"https:\/\/nuevo-renacer.com\/#organization"},"potentialAction":[{"@type":"SearchAction","target":{"@type":"EntryPoint","urlTemplate":"https:\/\/nuevo-renacer.com\/?s={search_term_string}"},"query-input":{"@type":"PropertyValueSpecification","valueRequired":true,"valueName":"search_term_string"}}],"inLanguage":"pt-BR"},{"@type":"Organization","@id":"https:\/\/nuevo-renacer.com\/#organization","name":"UFEC","url":"https:\/\/nuevo-renacer.com\/","logo":{"@type":"ImageObject","inLanguage":"pt-BR","@id":"https:\/\/nuevo-renacer.com\/#\/schema\/logo\/image\/","url":"https:\/\/nuevo-renacer.com\/wp-content\/uploads\/2024\/05\/cropped-LOGO-TERMINADO1-3-3.png","contentUrl":"https:\/\/nuevo-renacer.com\/wp-content\/uploads\/2024\/05\/cropped-LOGO-TERMINADO1-3-3.png","width":512,"height":512,"caption":"UFEC"},"image":{"@id":"https:\/\/nuevo-renacer.com\/#\/schema\/logo\/image\/"},"sameAs":["https:\/\/www.facebook.com\/groups\/3431398063740829"]}]}},"uagb_featured_image_src":{"full":["https:\/\/nuevo-renacer.com\/wp-content\/uploads\/2024\/07\/nuestro-hogar-nosso-lar-chico-xavier-wagner-de-assis-03.jpg",1000,563,false],"thumbnail":["https:\/\/nuevo-renacer.com\/wp-content\/uploads\/2024\/07\/nuestro-hogar-nosso-lar-chico-xavier-wagner-de-assis-03-150x150.jpg",150,150,true],"medium":["https:\/\/nuevo-renacer.com\/wp-content\/uploads\/2024\/07\/nuestro-hogar-nosso-lar-chico-xavier-wagner-de-assis-03-300x169.jpg",300,169,true],"medium_large":["https:\/\/nuevo-renacer.com\/wp-content\/uploads\/2024\/07\/nuestro-hogar-nosso-lar-chico-xavier-wagner-de-assis-03-768x432.jpg",768,432,true],"large":["https:\/\/nuevo-renacer.com\/wp-content\/uploads\/2024\/07\/nuestro-hogar-nosso-lar-chico-xavier-wagner-de-assis-03.jpg",1000,563,false],"1536x1536":["https:\/\/nuevo-renacer.com\/wp-content\/uploads\/2024\/07\/nuestro-hogar-nosso-lar-chico-xavier-wagner-de-assis-03.jpg",1000,563,false],"2048x2048":["https:\/\/nuevo-renacer.com\/wp-content\/uploads\/2024\/07\/nuestro-hogar-nosso-lar-chico-xavier-wagner-de-assis-03.jpg",1000,563,false],"trp-custom-language-flag":["https:\/\/nuevo-renacer.com\/wp-content\/uploads\/2024\/07\/nuestro-hogar-nosso-lar-chico-xavier-wagner-de-assis-03-18x10.jpg",18,10,true]},"uagb_author_info":{"display_name":"adbv0","author_link":"https:\/\/nuevo-renacer.com\/pt\/author\/adbv0\/"},"uagb_comment_info":0,"uagb_excerpt":"Mundos Inferiores Hay mundos, considerados inferiores, donde los habitantes viven en estado primitivo, con nociones rudimentarias, sus habitantes est\u00e1n en la condici\u00f3n de razas salvajes; la sensaci\u00f3n existente es de supervivencia y lucha diaria por la preservaci\u00f3n de la vida y el alimento. En estos mundos inferiores no existe la noci\u00f3n de justicia, solidaridad, coexistencia,&hellip;","jetpack_sharing_enabled":true,"_links":{"self":[{"href":"https:\/\/nuevo-renacer.com\/pt\/wp-json\/wp\/v2\/pages\/3574","targetHints":{"allow":["GET"]}}],"collection":[{"href":"https:\/\/nuevo-renacer.com\/pt\/wp-json\/wp\/v2\/pages"}],"about":[{"href":"https:\/\/nuevo-renacer.com\/pt\/wp-json\/wp\/v2\/types\/page"}],"author":[{"embeddable":true,"href":"https:\/\/nuevo-renacer.com\/pt\/wp-json\/wp\/v2\/users\/1"}],"replies":[{"embeddable":true,"href":"https:\/\/nuevo-renacer.com\/pt\/wp-json\/wp\/v2\/comments?post=3574"}],"version-history":[{"count":4,"href":"https:\/\/nuevo-renacer.com\/pt\/wp-json\/wp\/v2\/pages\/3574\/revisions"}],"predecessor-version":[{"id":6592,"href":"https:\/\/nuevo-renacer.com\/pt\/wp-json\/wp\/v2\/pages\/3574\/revisions\/6592"}],"wp:featuredmedia":[{"embeddable":true,"href":"https:\/\/nuevo-renacer.com\/pt\/wp-json\/wp\/v2\/media\/3576"}],"wp:attachment":[{"href":"https:\/\/nuevo-renacer.com\/pt\/wp-json\/wp\/v2\/media?parent=3574"}],"curies":[{"name":"wp","href":"https:\/\/api.w.org\/{rel}","templated":true}]}}