{"id":3561,"date":"2024-07-10T09:16:10","date_gmt":"2024-07-10T09:16:10","guid":{"rendered":"https:\/\/ufec-mundial.com\/?page_id=3561"},"modified":"2024-07-10T09:22:40","modified_gmt":"2024-07-10T09:22:40","slug":"la-humanidad-terrena","status":"publish","type":"page","link":"https:\/\/nuevo-renacer.com\/pt\/la-humanidad-terrena\/","title":{"rendered":"A humanidade terrena"},"content":{"rendered":"<div class=\"wp-block-uagb-container uagb-block-4532d228 alignfull uagb-is-root-container\"><div class=\"uagb-container-inner-blocks-wrap\">\n<p class=\"has-black-color has-text-color has-link-color has-medium-font-size wp-elements-7d502a5585eb42d236c91fb2dd860f7b\"><strong>A humanidade terrena<\/strong><\/p>\n\n\n\n<p class=\"has-black-color has-text-color has-link-color has-medium-font-size wp-elements-37d3320206a9b8afa52629819a26401a\"><strong>Do livro: O Evangelho segundo o Espiritismo \u2013 Allan Kardec<\/strong><\/p>\n<\/div><\/div>\n\n\n\n<div class=\"wp-block-uagb-container uagb-block-8e7a2bcb alignfull uagb-is-root-container\"><div class=\"uagb-container-inner-blocks-wrap\">\n<figure class=\"wp-block-image size-full is-resized\"><img fetchpriority=\"high\" decoding=\"async\" width=\"894\" height=\"894\" src=\"https:\/\/ufec-mundial.com\/wp-content\/uploads\/2024\/07\/51J-xXcEAQL._AC_UF8941000_QL80_.jpg\" alt=\"\" class=\"wp-image-3563\" style=\"width:365px;height:auto\" srcset=\"https:\/\/nuevo-renacer.com\/wp-content\/uploads\/2024\/07\/51J-xXcEAQL._AC_UF8941000_QL80_.jpg 894w, https:\/\/nuevo-renacer.com\/wp-content\/uploads\/2024\/07\/51J-xXcEAQL._AC_UF8941000_QL80_-150x150.jpg 150w, https:\/\/nuevo-renacer.com\/wp-content\/uploads\/2024\/07\/51J-xXcEAQL._AC_UF8941000_QL80_-300x300.jpg 300w, https:\/\/nuevo-renacer.com\/wp-content\/uploads\/2024\/07\/51J-xXcEAQL._AC_UF8941000_QL80_-768x768.jpg 768w, https:\/\/nuevo-renacer.com\/wp-content\/uploads\/2024\/07\/51J-xXcEAQL._AC_UF8941000_QL80_-12x12.jpg 12w\" sizes=\"(max-width: 894px) 100vw, 894px\" \/><\/figure>\n<\/div><\/div>\n\n\n\n<div class=\"wp-block-uagb-container uagb-block-5bfe2aea alignfull uagb-is-root-container\"><div class=\"uagb-container-inner-blocks-wrap\">\n<p class=\"has-black-color has-text-color has-link-color has-small-font-size wp-elements-bd4668f64d9657022c2238e84026f3e1\">Ficamos surpresos ao encontrar na Terra tanta maldade e paix\u00f5es malignas, tanta mis\u00e9ria e doen\u00e7as de todos os tipos, e deduzimos que a esp\u00e9cie humana \u00e9 uma coisa triste. Esse julgamento vem do ponto de vista limitado em que nos colocamos e que nos d\u00e1 uma falsa ideia do todo. \u00c9 necess\u00e1rio considerar que na Terra n\u00e3o vemos toda a humanidade, mas uma fra\u00e7\u00e3o muito pequena dela. De fato, a esp\u00e9cie humana compreende todos os seres dotados de raz\u00e3o que povoam os in\u00fameros mundos do universo. Agora, qual \u00e9 a popula\u00e7\u00e3o da Terra em compara\u00e7\u00e3o com a popula\u00e7\u00e3o total desses mundos? Muito menos do que a de um vilarejo em rela\u00e7\u00e3o \u00e0 de um grande imp\u00e9rio. N\u00e3o h\u00e1 nada de extraordin\u00e1rio na situa\u00e7\u00e3o material e moral da humanidade terrestre quando se considera o destino da Terra e a natureza daqueles que a habitam.<\/p>\n\n\n\n<p class=\"has-black-color has-text-color has-link-color has-small-font-size wp-elements-c1c14b7708d75ddb861724c4f11d17de\">A Terra, portanto, nos oferece um dos tipos de mundos de expia\u00e7\u00e3o, cujas variedades s\u00e3o infinitas, mas que t\u00eam em comum o fato de servirem como local de ex\u00edlio para os esp\u00edritos rebeldes \u00e0 lei de Deus. L\u00e1, esses esp\u00edritos t\u00eam de lutar ao mesmo tempo contra a perversidade dos homens e contra a inclem\u00eancia da natureza, um trabalho duplamente doloroso que desenvolve ao mesmo tempo as qualidades do cora\u00e7\u00e3o e as da intelig\u00eancia. Assim, em sua bondade, Deus faz com que o castigo reverta em benef\u00edcio do progresso do esp\u00edrito.<\/p>\n\n\n\n<p class=\"has-black-color has-text-color has-link-color has-small-font-size wp-elements-07c53814e7e9d0fd4627b7e3acb313d4\">Ter\u00edamos uma ideia muito errada dos habitantes de uma grande cidade se os julg\u00e1ssemos pela popula\u00e7\u00e3o dos bairros mais baixos e s\u00f3rdidos. Em um hospital, vemos apenas os doentes e os aleijados; em uma pris\u00e3o, vemos todos os v\u00edcios e toda a monotonia reunidos; nos distritos insalubres, a maioria dos habitantes \u00e9 p\u00e1lida, doente e enferma. Pois bem, imaginemos que a Terra \u00e9 uma favela, um hospital, uma penitenci\u00e1ria, uma regi\u00e3o insalubre, pois ela \u00e9 tudo isso ao mesmo tempo, e entenderemos por que as afli\u00e7\u00f5es prevalecem sobre os prazeres, pois aqueles que gozam de boa sa\u00fade n\u00e3o s\u00e3o mandados para o hospital, e aqueles que n\u00e3o fizeram mal algum n\u00e3o s\u00e3o mandados para o asilo, pois nem os hospitais nem os asilos s\u00e3o lugares de prazer.<\/p>\n\n\n\n<p class=\"has-black-color has-text-color has-link-color has-small-font-size wp-elements-e00c9000889062af65f928fb1b0c81ec\">Agora, assim como em uma cidade a popula\u00e7\u00e3o n\u00e3o est\u00e1 toda em hospitais ou pris\u00f5es, a humanidade n\u00e3o est\u00e1 toda na Terra. E assim como uma pessoa deixa o hospital quando est\u00e1 curada, e a pris\u00e3o quando completa sua senten\u00e7a, o homem deixa a Terra para mundos mais felizes quando est\u00e1 curado de suas enfermidades morais.<\/p>\n<\/div><\/div>","protected":false},"excerpt":{"rendered":"<p>La humanidad terrena Del libro: El Evangelio seg\u00fan el espiritismo \u2013 Allan Kardec Nos asombramos de encontrar en la Tierra tanta maldad y malas pasiones, tantas miserias y enfermedades de todo tipo, e inferimos de ah\u00ed que la especie humana es una triste cosa. Este juicio proviene del punto de vista limitado en que nos [&hellip;]<\/p>","protected":false},"author":1,"featured_media":3563,"parent":0,"menu_order":0,"comment_status":"closed","ping_status":"closed","template":"","meta":{"_uag_custom_page_level_css":"","site-sidebar-layout":"default","site-content-layout":"","ast-site-content-layout":"default","site-content-style":"default","site-sidebar-style":"default","ast-global-header-display":"","ast-banner-title-visibility":"","ast-main-header-display":"","ast-hfb-above-header-display":"","ast-hfb-below-header-display":"","ast-hfb-mobile-header-display":"","site-post-title":"disabled","ast-breadcrumbs-content":"","ast-featured-img":"","footer-sml-layout":"","theme-transparent-header-meta":"","adv-header-id-meta":"","stick-header-meta":"","header-above-stick-meta":"","header-main-stick-meta":"","header-below-stick-meta":"","astra-migrate-meta-layouts":"set","ast-page-background-enabled":"default","ast-page-background-meta":{"desktop":{"background-color":"var(--ast-global-color-4)","background-image":"","background-repeat":"repeat","background-position":"center center","background-size":"auto","background-attachment":"scroll","background-type":"","background-media":"","overlay-type":"","overlay-color":"","overlay-opacity":"","overlay-gradient":""},"tablet":{"background-color":"","background-image":"","background-repeat":"repeat","background-position":"center center","background-size":"auto","background-attachment":"scroll","background-type":"","background-media":"","overlay-type":"","overlay-color":"","overlay-opacity":"","overlay-gradient":""},"mobile":{"background-color":"","background-image":"","background-repeat":"repeat","background-position":"center center","background-size":"auto","background-attachment":"scroll","background-type":"","background-media":"","overlay-type":"","overlay-color":"","overlay-opacity":"","overlay-gradient":""}},"ast-content-background-meta":{"desktop":{"background-color":"var(--ast-global-color-5)","background-image":"","background-repeat":"repeat","background-position":"center center","background-size":"auto","background-attachment":"scroll","background-type":"","background-media":"","overlay-type":"","overlay-color":"","overlay-opacity":"","overlay-gradient":""},"tablet":{"background-color":"var(--ast-global-color-5)","background-image":"","background-repeat":"repeat","background-position":"center center","background-size":"auto","background-attachment":"scroll","background-type":"","background-media":"","overlay-type":"","overlay-color":"","overlay-opacity":"","overlay-gradient":""},"mobile":{"background-color":"var(--ast-global-color-5)","background-image":"","background-repeat":"repeat","background-position":"center center","background-size":"auto","background-attachment":"scroll","background-type":"","background-media":"","overlay-type":"","overlay-color":"","overlay-opacity":"","overlay-gradient":""}},"footnotes":""},"class_list":["post-3561","page","type-page","status-publish","has-post-thumbnail","hentry"],"yoast_head":"<!-- This site is optimized with the Yoast SEO Premium plugin v24.2 (Yoast SEO v24.6) - https:\/\/yoast.com\/wordpress\/plugins\/seo\/ -->\n<title>La humanidad terrena - Uni\u00f3n Esp\u00edrita<\/title>\n<meta name=\"robots\" content=\"index, follow, max-snippet:-1, max-image-preview:large, max-video-preview:-1\" \/>\n<link rel=\"canonical\" href=\"https:\/\/nuevo-renacer.com\/pt\/la-humanidad-terrena\/\" \/>\n<meta property=\"og:locale\" content=\"pt_BR\" \/>\n<meta property=\"og:type\" content=\"article\" \/>\n<meta property=\"og:title\" content=\"La humanidad terrena\" \/>\n<meta property=\"og:description\" content=\"La humanidad terrena Del libro: El Evangelio seg\u00fan el espiritismo \u2013 Allan Kardec Nos asombramos de encontrar en la Tierra tanta maldad y malas pasiones, tantas miserias y enfermedades de todo tipo, e inferimos de ah\u00ed que la especie humana es una triste cosa. Este juicio proviene del punto de vista limitado en que nos [&hellip;]\" \/>\n<meta property=\"og:url\" content=\"https:\/\/nuevo-renacer.com\/pt\/la-humanidad-terrena\/\" \/>\n<meta property=\"og:site_name\" content=\"Uni\u00f3n Esp\u00edrita\" \/>\n<meta property=\"article:publisher\" content=\"https:\/\/www.facebook.com\/groups\/3431398063740829\" \/>\n<meta property=\"article:modified_time\" content=\"2024-07-10T09:22:40+00:00\" \/>\n<meta property=\"og:image\" content=\"https:\/\/nuevo-renacer.com\/wp-content\/uploads\/2024\/07\/51J-xXcEAQL._AC_UF8941000_QL80_.jpg\" \/>\n\t<meta property=\"og:image:width\" content=\"894\" \/>\n\t<meta property=\"og:image:height\" content=\"894\" \/>\n\t<meta property=\"og:image:type\" content=\"image\/jpeg\" \/>\n<meta name=\"twitter:card\" content=\"summary_large_image\" \/>\n<meta name=\"twitter:label1\" content=\"Est. tempo de leitura\" \/>\n\t<meta name=\"twitter:data1\" content=\"2 minutos\" \/>\n<script type=\"application\/ld+json\" class=\"yoast-schema-graph\">{\"@context\":\"https:\/\/schema.org\",\"@graph\":[{\"@type\":\"WebPage\",\"@id\":\"https:\/\/nuevo-renacer.com\/la-humanidad-terrena\/\",\"url\":\"https:\/\/nuevo-renacer.com\/la-humanidad-terrena\/\",\"name\":\"La humanidad terrena - Uni\u00f3n Esp\u00edrita\",\"isPartOf\":{\"@id\":\"https:\/\/nuevo-renacer.com\/#website\"},\"primaryImageOfPage\":{\"@id\":\"https:\/\/nuevo-renacer.com\/la-humanidad-terrena\/#primaryimage\"},\"image\":{\"@id\":\"https:\/\/nuevo-renacer.com\/la-humanidad-terrena\/#primaryimage\"},\"thumbnailUrl\":\"https:\/\/nuevo-renacer.com\/wp-content\/uploads\/2024\/07\/51J-xXcEAQL._AC_UF8941000_QL80_.jpg\",\"datePublished\":\"2024-07-10T09:16:10+00:00\",\"dateModified\":\"2024-07-10T09:22:40+00:00\",\"breadcrumb\":{\"@id\":\"https:\/\/nuevo-renacer.com\/la-humanidad-terrena\/#breadcrumb\"},\"inLanguage\":\"pt-BR\",\"potentialAction\":[{\"@type\":\"ReadAction\",\"target\":[\"https:\/\/nuevo-renacer.com\/la-humanidad-terrena\/\"]}]},{\"@type\":\"ImageObject\",\"inLanguage\":\"pt-BR\",\"@id\":\"https:\/\/nuevo-renacer.com\/la-humanidad-terrena\/#primaryimage\",\"url\":\"https:\/\/nuevo-renacer.com\/wp-content\/uploads\/2024\/07\/51J-xXcEAQL._AC_UF8941000_QL80_.jpg\",\"contentUrl\":\"https:\/\/nuevo-renacer.com\/wp-content\/uploads\/2024\/07\/51J-xXcEAQL._AC_UF8941000_QL80_.jpg\",\"width\":894,\"height\":894},{\"@type\":\"BreadcrumbList\",\"@id\":\"https:\/\/nuevo-renacer.com\/la-humanidad-terrena\/#breadcrumb\",\"itemListElement\":[{\"@type\":\"ListItem\",\"position\":1,\"name\":\"Startseite\",\"item\":\"https:\/\/nuevo-renacer.com\/\"},{\"@type\":\"ListItem\",\"position\":2,\"name\":\"La humanidad terrena\"}]},{\"@type\":\"WebSite\",\"@id\":\"https:\/\/nuevo-renacer.com\/#website\",\"url\":\"https:\/\/nuevo-renacer.com\/\",\"name\":\"Uni\u00f3n Esp\u00edrita\",\"description\":\"Nuevo Renacer\",\"publisher\":{\"@id\":\"https:\/\/nuevo-renacer.com\/#organization\"},\"potentialAction\":[{\"@type\":\"SearchAction\",\"target\":{\"@type\":\"EntryPoint\",\"urlTemplate\":\"https:\/\/nuevo-renacer.com\/?s={search_term_string}\"},\"query-input\":{\"@type\":\"PropertyValueSpecification\",\"valueRequired\":true,\"valueName\":\"search_term_string\"}}],\"inLanguage\":\"pt-BR\"},{\"@type\":\"Organization\",\"@id\":\"https:\/\/nuevo-renacer.com\/#organization\",\"name\":\"UFEC\",\"url\":\"https:\/\/nuevo-renacer.com\/\",\"logo\":{\"@type\":\"ImageObject\",\"inLanguage\":\"pt-BR\",\"@id\":\"https:\/\/nuevo-renacer.com\/#\/schema\/logo\/image\/\",\"url\":\"https:\/\/nuevo-renacer.com\/wp-content\/uploads\/2024\/05\/cropped-LOGO-TERMINADO1-3-3.png\",\"contentUrl\":\"https:\/\/nuevo-renacer.com\/wp-content\/uploads\/2024\/05\/cropped-LOGO-TERMINADO1-3-3.png\",\"width\":512,\"height\":512,\"caption\":\"UFEC\"},\"image\":{\"@id\":\"https:\/\/nuevo-renacer.com\/#\/schema\/logo\/image\/\"},\"sameAs\":[\"https:\/\/www.facebook.com\/groups\/3431398063740829\"]}]}<\/script>\n<!-- \/ Yoast SEO Premium plugin. -->","yoast_head_json":{"title":"La humanidad terrena - Uni\u00f3n Esp\u00edrita","robots":{"index":"index","follow":"follow","max-snippet":"max-snippet:-1","max-image-preview":"max-image-preview:large","max-video-preview":"max-video-preview:-1"},"canonical":"https:\/\/nuevo-renacer.com\/pt\/la-humanidad-terrena\/","og_locale":"pt_BR","og_type":"article","og_title":"La humanidad terrena","og_description":"La humanidad terrena Del libro: El Evangelio seg\u00fan el espiritismo \u2013 Allan Kardec Nos asombramos de encontrar en la Tierra tanta maldad y malas pasiones, tantas miserias y enfermedades de todo tipo, e inferimos de ah\u00ed que la especie humana es una triste cosa. Este juicio proviene del punto de vista limitado en que nos [&hellip;]","og_url":"https:\/\/nuevo-renacer.com\/pt\/la-humanidad-terrena\/","og_site_name":"Uni\u00f3n Esp\u00edrita","article_publisher":"https:\/\/www.facebook.com\/groups\/3431398063740829","article_modified_time":"2024-07-10T09:22:40+00:00","og_image":[{"width":894,"height":894,"url":"https:\/\/nuevo-renacer.com\/wp-content\/uploads\/2024\/07\/51J-xXcEAQL._AC_UF8941000_QL80_.jpg","type":"image\/jpeg"}],"twitter_card":"summary_large_image","twitter_misc":{"Est. tempo de leitura":"2 minutos"},"schema":{"@context":"https:\/\/schema.org","@graph":[{"@type":"WebPage","@id":"https:\/\/nuevo-renacer.com\/la-humanidad-terrena\/","url":"https:\/\/nuevo-renacer.com\/la-humanidad-terrena\/","name":"La humanidad terrena - Uni\u00f3n Esp\u00edrita","isPartOf":{"@id":"https:\/\/nuevo-renacer.com\/#website"},"primaryImageOfPage":{"@id":"https:\/\/nuevo-renacer.com\/la-humanidad-terrena\/#primaryimage"},"image":{"@id":"https:\/\/nuevo-renacer.com\/la-humanidad-terrena\/#primaryimage"},"thumbnailUrl":"https:\/\/nuevo-renacer.com\/wp-content\/uploads\/2024\/07\/51J-xXcEAQL._AC_UF8941000_QL80_.jpg","datePublished":"2024-07-10T09:16:10+00:00","dateModified":"2024-07-10T09:22:40+00:00","breadcrumb":{"@id":"https:\/\/nuevo-renacer.com\/la-humanidad-terrena\/#breadcrumb"},"inLanguage":"pt-BR","potentialAction":[{"@type":"ReadAction","target":["https:\/\/nuevo-renacer.com\/la-humanidad-terrena\/"]}]},{"@type":"ImageObject","inLanguage":"pt-BR","@id":"https:\/\/nuevo-renacer.com\/la-humanidad-terrena\/#primaryimage","url":"https:\/\/nuevo-renacer.com\/wp-content\/uploads\/2024\/07\/51J-xXcEAQL._AC_UF8941000_QL80_.jpg","contentUrl":"https:\/\/nuevo-renacer.com\/wp-content\/uploads\/2024\/07\/51J-xXcEAQL._AC_UF8941000_QL80_.jpg","width":894,"height":894},{"@type":"BreadcrumbList","@id":"https:\/\/nuevo-renacer.com\/la-humanidad-terrena\/#breadcrumb","itemListElement":[{"@type":"ListItem","position":1,"name":"Startseite","item":"https:\/\/nuevo-renacer.com\/"},{"@type":"ListItem","position":2,"name":"La humanidad terrena"}]},{"@type":"WebSite","@id":"https:\/\/nuevo-renacer.com\/#website","url":"https:\/\/nuevo-renacer.com\/","name":"Uni\u00f3n Esp\u00edrita","description":"Nuevo Renacer","publisher":{"@id":"https:\/\/nuevo-renacer.com\/#organization"},"potentialAction":[{"@type":"SearchAction","target":{"@type":"EntryPoint","urlTemplate":"https:\/\/nuevo-renacer.com\/?s={search_term_string}"},"query-input":{"@type":"PropertyValueSpecification","valueRequired":true,"valueName":"search_term_string"}}],"inLanguage":"pt-BR"},{"@type":"Organization","@id":"https:\/\/nuevo-renacer.com\/#organization","name":"UFEC","url":"https:\/\/nuevo-renacer.com\/","logo":{"@type":"ImageObject","inLanguage":"pt-BR","@id":"https:\/\/nuevo-renacer.com\/#\/schema\/logo\/image\/","url":"https:\/\/nuevo-renacer.com\/wp-content\/uploads\/2024\/05\/cropped-LOGO-TERMINADO1-3-3.png","contentUrl":"https:\/\/nuevo-renacer.com\/wp-content\/uploads\/2024\/05\/cropped-LOGO-TERMINADO1-3-3.png","width":512,"height":512,"caption":"UFEC"},"image":{"@id":"https:\/\/nuevo-renacer.com\/#\/schema\/logo\/image\/"},"sameAs":["https:\/\/www.facebook.com\/groups\/3431398063740829"]}]}},"uagb_featured_image_src":{"full":["https:\/\/nuevo-renacer.com\/wp-content\/uploads\/2024\/07\/51J-xXcEAQL._AC_UF8941000_QL80_.jpg",894,894,false],"thumbnail":["https:\/\/nuevo-renacer.com\/wp-content\/uploads\/2024\/07\/51J-xXcEAQL._AC_UF8941000_QL80_-150x150.jpg",150,150,true],"medium":["https:\/\/nuevo-renacer.com\/wp-content\/uploads\/2024\/07\/51J-xXcEAQL._AC_UF8941000_QL80_-300x300.jpg",300,300,true],"medium_large":["https:\/\/nuevo-renacer.com\/wp-content\/uploads\/2024\/07\/51J-xXcEAQL._AC_UF8941000_QL80_-768x768.jpg",768,768,true],"large":["https:\/\/nuevo-renacer.com\/wp-content\/uploads\/2024\/07\/51J-xXcEAQL._AC_UF8941000_QL80_.jpg",894,894,false],"1536x1536":["https:\/\/nuevo-renacer.com\/wp-content\/uploads\/2024\/07\/51J-xXcEAQL._AC_UF8941000_QL80_.jpg",894,894,false],"2048x2048":["https:\/\/nuevo-renacer.com\/wp-content\/uploads\/2024\/07\/51J-xXcEAQL._AC_UF8941000_QL80_.jpg",894,894,false],"trp-custom-language-flag":["https:\/\/nuevo-renacer.com\/wp-content\/uploads\/2024\/07\/51J-xXcEAQL._AC_UF8941000_QL80_-12x12.jpg",12,12,true]},"uagb_author_info":{"display_name":"adbv0","author_link":"https:\/\/nuevo-renacer.com\/pt\/author\/adbv0\/"},"uagb_comment_info":0,"uagb_excerpt":"La humanidad terrena Del libro: El Evangelio seg\u00fan el espiritismo \u2013 Allan Kardec Nos asombramos de encontrar en la Tierra tanta maldad y malas pasiones, tantas miserias y enfermedades de todo tipo, e inferimos de ah\u00ed que la especie humana es una triste cosa. Este juicio proviene del punto de vista limitado en que nos&hellip;","jetpack_sharing_enabled":true,"_links":{"self":[{"href":"https:\/\/nuevo-renacer.com\/pt\/wp-json\/wp\/v2\/pages\/3561","targetHints":{"allow":["GET"]}}],"collection":[{"href":"https:\/\/nuevo-renacer.com\/pt\/wp-json\/wp\/v2\/pages"}],"about":[{"href":"https:\/\/nuevo-renacer.com\/pt\/wp-json\/wp\/v2\/types\/page"}],"author":[{"embeddable":true,"href":"https:\/\/nuevo-renacer.com\/pt\/wp-json\/wp\/v2\/users\/1"}],"replies":[{"embeddable":true,"href":"https:\/\/nuevo-renacer.com\/pt\/wp-json\/wp\/v2\/comments?post=3561"}],"version-history":[{"count":1,"href":"https:\/\/nuevo-renacer.com\/pt\/wp-json\/wp\/v2\/pages\/3561\/revisions"}],"predecessor-version":[{"id":3564,"href":"https:\/\/nuevo-renacer.com\/pt\/wp-json\/wp\/v2\/pages\/3561\/revisions\/3564"}],"wp:featuredmedia":[{"embeddable":true,"href":"https:\/\/nuevo-renacer.com\/pt\/wp-json\/wp\/v2\/media\/3563"}],"wp:attachment":[{"href":"https:\/\/nuevo-renacer.com\/pt\/wp-json\/wp\/v2\/media?parent=3561"}],"curies":[{"name":"wp","href":"https:\/\/api.w.org\/{rel}","templated":true}]}}