{"id":3551,"date":"2024-07-10T08:30:04","date_gmt":"2024-07-10T08:30:04","guid":{"rendered":"https:\/\/ufec-mundial.com\/?page_id=3551"},"modified":"2025-01-08T08:46:30","modified_gmt":"2025-01-08T08:46:30","slug":"mundos-regeneradores","status":"publish","type":"page","link":"https:\/\/nuevo-renacer.com\/pt\/mundos-regeneradores\/","title":{"rendered":"Mundos regeneradores"},"content":{"rendered":"<div class=\"wp-block-uagb-container uagb-block-dc9ed871 alignfull uagb-is-root-container\"><div class=\"uagb-container-inner-blocks-wrap\">\n<p class=\"has-black-color has-text-color has-link-color has-medium-font-size wp-elements-a08d5cad2d32bee110aa5a2209acf9b8\"><strong>Mundos regeneradores<\/strong><\/p>\n\n\n\n<p class=\"has-black-color has-text-color has-link-color has-medium-font-size wp-elements-37d3320206a9b8afa52629819a26401a\"><strong>Do livro: O Evangelho segundo o Espiritismo \u2013 Allan Kardec<\/strong><\/p>\n<\/div><\/div>\n\n\n\n<div class=\"wp-block-uagb-container uagb-block-644002fc alignfull uagb-is-root-container\"><div class=\"uagb-container-inner-blocks-wrap\">\n<figure class=\"wp-block-image size-large is-resized\"><img fetchpriority=\"high\" decoding=\"async\" width=\"1024\" height=\"728\" src=\"https:\/\/ufec-mundial.com\/wp-content\/uploads\/2024\/07\/1-1-1024x728.jpg\" alt=\"\" class=\"wp-image-3552\" style=\"width:383px;height:auto\" srcset=\"https:\/\/nuevo-renacer.com\/wp-content\/uploads\/2024\/07\/1-1-1024x728.jpg 1024w, https:\/\/nuevo-renacer.com\/wp-content\/uploads\/2024\/07\/1-1-300x213.jpg 300w, https:\/\/nuevo-renacer.com\/wp-content\/uploads\/2024\/07\/1-1-768x546.jpg 768w, https:\/\/nuevo-renacer.com\/wp-content\/uploads\/2024\/07\/1-1-18x12.jpg 18w, https:\/\/nuevo-renacer.com\/wp-content\/uploads\/2024\/07\/1-1.jpg 1200w\" sizes=\"(max-width: 1024px) 100vw, 1024px\" \/><\/figure>\n<\/div><\/div>\n\n\n\n<div class=\"wp-block-uagb-container uagb-block-7bb63e44 alignfull uagb-is-root-container\"><div class=\"uagb-container-inner-blocks-wrap\">\n<p class=\"has-black-color has-text-color has-link-color has-small-font-size wp-elements-72e1223891d8665b6a54eed072c36d59\">Entre as estrelas que brilham na ab\u00f3bada azul do firmamento, quantos mundos existem, como o seu, destinados pelo Senhor \u00e0 expia\u00e7\u00e3o e \u00e0 prova\u00e7\u00e3o! No entanto, h\u00e1 tamb\u00e9m aqueles mais miser\u00e1veis e melhores, bem como aqueles transit\u00f3rios, que podemos chamar de regeneradores. Cada redemoinho planet\u00e1rio, \u00e0 medida que se move no espa\u00e7o em torno de um centro comum, leva consigo seus mundos primitivos de banimento, prova\u00e7\u00e3o, regenera\u00e7\u00e3o e felicidade. J\u00e1 lhes foi dito sobre esses mundos nos quais a alma rec\u00e9m-nascida \u00e9 colocada, quando ainda ignorante do bem e do mal, mas com a possibilidade de marchar em dire\u00e7\u00e3o a Deus, autossuficiente, de posse de seu livre-arb\u00edtrio. Tamb\u00e9m lhe foi dito qu\u00e3o vastas s\u00e3o as faculdades com as quais a alma foi dotada para a pr\u00e1tica do bem. Infelizmente, por\u00e9m, h\u00e1 almas que sucumbem e, como Deus n\u00e3o deseja aniquil\u00e1-las, Ele permite que elas v\u00e3o para os mundos onde, de encarna\u00e7\u00e3o em encarna\u00e7\u00e3o, s\u00e3o purificadas e regeneradas, para retornarem dignas da gl\u00f3ria a que est\u00e3o destinadas.<\/p>\n\n\n\n<p class=\"has-black-color has-text-color has-link-color has-small-font-size wp-elements-f8015b70d0e3134206a5a5dd49393f15\">Os mundos regeneradores servem como uma transi\u00e7\u00e3o entre os mundos de expia\u00e7\u00e3o e os mundos felizes. Neles, a alma arrependida encontra calma e repouso, enquanto sua purifica\u00e7\u00e3o \u00e9 conclu\u00edda. N\u00e3o h\u00e1 d\u00favida de que nesses mundos o homem ainda est\u00e1 sujeito \u00e0s leis da mat\u00e9ria. A humanidade experimenta sensa\u00e7\u00f5es e desejos como os seus, mas est\u00e1 livre das paix\u00f5es desordenadas das quais voc\u00eas s\u00e3o escravos. Nela n\u00e3o h\u00e1 mais o orgulho que silencia o cora\u00e7\u00e3o, a inveja que o tortura e o \u00f3dio que o sufoca. A palavra amor est\u00e1 escrita em cada testa. A plena equidade governa as rela\u00e7\u00f5es sociais. Todos reconhecem Deus e procuram se voltar para Ele por meio da observ\u00e2ncia de Suas leis.<\/p>\n\n\n\n<p class=\"has-black-color has-text-color has-link-color has-small-font-size wp-elements-40b80e606f087bdfa9aedcdcd087b91f\">Nesses mundos, entretanto, ainda n\u00e3o h\u00e1 felicidade perfeita, mas apenas o alvorecer da felicidade. O homem ainda \u00e9 de carne e, portanto, est\u00e1 sujeito a vicissitudes das quais somente os seres completamente desmaterializados est\u00e3o isentos. Ele ainda tem que passar por prova\u00e7\u00f5es, mas sem a ang\u00fastia da expia\u00e7\u00e3o. Esses mundos, comparados com a Terra, s\u00e3o muito felizes, e muitos de voc\u00eas ficariam felizes em permanecer neles, pois representam a calma ap\u00f3s a tempestade, a convalescen\u00e7a ap\u00f3s uma doen\u00e7a cruel. Neles, o homem, menos absorvido pelas coisas materiais, tem uma vis\u00e3o do futuro melhor do que a de voc\u00eas; ele entende que h\u00e1 outras alegrias que o Senhor promete \u00e0queles que s\u00e3o dignos delas, quando a morte tiver ceifado seus corpos para lhes dar a verdadeira vida. Ent\u00e3o a alma livre voar\u00e1 por todos os horizontes. Ela n\u00e3o ter\u00e1 mais sentidos materiais e grosseiros, mas os sentidos de um perisp\u00edrito puro e celestial, que inala as emana\u00e7\u00f5es de Deus nos aromas de amor e caridade que fluem de seu peito.<\/p>\n\n\n\n<p class=\"has-black-color has-text-color has-link-color has-small-font-size wp-elements-3b44c3c79e74978e58d9a9ada4f9eb1d\">Infelizmente, por\u00e9m, nesses mundos o homem ainda \u00e9 fal\u00edvel, e o esp\u00edrito do mal n\u00e3o perdeu completamente seu dom\u00ednio. O fracasso em avan\u00e7ar equivale a retrocesso e, se o homem n\u00e3o se mantiver firme no caminho do bem, poder\u00e1 cair de volta nos mundos de expia\u00e7\u00e3o, onde novas e mais terr\u00edveis prova\u00e7\u00f5es o aguardam.<\/p>\n\n\n\n<p class=\"has-black-color has-text-color has-link-color has-small-font-size wp-elements-9a9bd338573cf6c363fc1e2af78727b1\">Contemplem, ent\u00e3o, essa ab\u00f3bada azul, \u00e0 noite, na hora do descanso e da ora\u00e7\u00e3o. Ent\u00e3o, diante dessas inumer\u00e1veis esferas que brilham acima de suas cabe\u00e7as, perguntem-se quais s\u00e3o as que conduzem a Deus e rezem a Ele para que um mundo regenerado possa abrir seu seio para voc\u00eas ap\u00f3s a expia\u00e7\u00e3o na Terra. (Santo Agostinho, Paris, 1862.)<\/p>\n<\/div><\/div>\n\n\n\n<div class=\"wp-block-uagb-container uagb-block-f0ad840c alignfull uagb-is-root-container\"><div class=\"uagb-container-inner-blocks-wrap\"><\/div><\/div>\n\n\n\n<div class=\"wp-block-uagb-container uagb-block-8fe8d16a alignfull uagb-is-root-container\"><div class=\"uagb-container-inner-blocks-wrap\"><\/div><\/div>","protected":false},"excerpt":{"rendered":"<p>Mundos regeneradores Del libro: El Evangelio seg\u00fan el espiritismo \u2013 Allan Kardec Entre esas estrellas que resplandecen en la b\u00f3veda azulada del firmamento, \u00a1cu\u00e1ntos mundos habr\u00e1, como el vuestro, destinados por el Se\u00f1or a la expiaci\u00f3n y la prueba! Con todo, tambi\u00e9n los hay m\u00e1s miserables, y mejores, as\u00ed como los hay transitorios, que podemos [&hellip;]<\/p>","protected":false},"author":1,"featured_media":3552,"parent":0,"menu_order":0,"comment_status":"closed","ping_status":"closed","template":"","meta":{"_uag_custom_page_level_css":"","site-sidebar-layout":"default","site-content-layout":"","ast-site-content-layout":"default","site-content-style":"default","site-sidebar-style":"default","ast-global-header-display":"","ast-banner-title-visibility":"","ast-main-header-display":"","ast-hfb-above-header-display":"","ast-hfb-below-header-display":"","ast-hfb-mobile-header-display":"","site-post-title":"disabled","ast-breadcrumbs-content":"","ast-featured-img":"","footer-sml-layout":"","theme-transparent-header-meta":"","adv-header-id-meta":"","stick-header-meta":"","header-above-stick-meta":"","header-main-stick-meta":"","header-below-stick-meta":"","astra-migrate-meta-layouts":"set","ast-page-background-enabled":"default","ast-page-background-meta":{"desktop":{"background-color":"var(--ast-global-color-4)","background-image":"","background-repeat":"repeat","background-position":"center center","background-size":"auto","background-attachment":"scroll","background-type":"","background-media":"","overlay-type":"","overlay-color":"","overlay-opacity":"","overlay-gradient":""},"tablet":{"background-color":"","background-image":"","background-repeat":"repeat","background-position":"center center","background-size":"auto","background-attachment":"scroll","background-type":"","background-media":"","overlay-type":"","overlay-color":"","overlay-opacity":"","overlay-gradient":""},"mobile":{"background-color":"","background-image":"","background-repeat":"repeat","background-position":"center center","background-size":"auto","background-attachment":"scroll","background-type":"","background-media":"","overlay-type":"","overlay-color":"","overlay-opacity":"","overlay-gradient":""}},"ast-content-background-meta":{"desktop":{"background-color":"var(--ast-global-color-5)","background-image":"","background-repeat":"repeat","background-position":"center center","background-size":"auto","background-attachment":"scroll","background-type":"","background-media":"","overlay-type":"","overlay-color":"","overlay-opacity":"","overlay-gradient":""},"tablet":{"background-color":"var(--ast-global-color-5)","background-image":"","background-repeat":"repeat","background-position":"center center","background-size":"auto","background-attachment":"scroll","background-type":"","background-media":"","overlay-type":"","overlay-color":"","overlay-opacity":"","overlay-gradient":""},"mobile":{"background-color":"var(--ast-global-color-5)","background-image":"","background-repeat":"repeat","background-position":"center center","background-size":"auto","background-attachment":"scroll","background-type":"","background-media":"","overlay-type":"","overlay-color":"","overlay-opacity":"","overlay-gradient":""}},"footnotes":""},"class_list":["post-3551","page","type-page","status-publish","has-post-thumbnail","hentry"],"yoast_head":"<!-- This site is optimized with the Yoast SEO Premium plugin v24.2 (Yoast SEO v24.6) - https:\/\/yoast.com\/wordpress\/plugins\/seo\/ -->\n<title>Mundos regeneradores - Uni\u00f3n Esp\u00edrita<\/title>\n<meta name=\"robots\" content=\"index, follow, max-snippet:-1, max-image-preview:large, max-video-preview:-1\" \/>\n<link rel=\"canonical\" href=\"https:\/\/nuevo-renacer.com\/pt\/mundos-regeneradores\/\" \/>\n<meta property=\"og:locale\" content=\"pt_BR\" \/>\n<meta property=\"og:type\" content=\"article\" \/>\n<meta property=\"og:title\" content=\"Mundos regeneradores\" \/>\n<meta property=\"og:description\" content=\"Mundos regeneradores Del libro: El Evangelio seg\u00fan el espiritismo \u2013 Allan Kardec Entre esas estrellas que resplandecen en la b\u00f3veda azulada del firmamento, \u00a1cu\u00e1ntos mundos habr\u00e1, como el vuestro, destinados por el Se\u00f1or a la expiaci\u00f3n y la prueba! Con todo, tambi\u00e9n los hay m\u00e1s miserables, y mejores, as\u00ed como los hay transitorios, que podemos [&hellip;]\" \/>\n<meta property=\"og:url\" content=\"https:\/\/nuevo-renacer.com\/pt\/mundos-regeneradores\/\" \/>\n<meta property=\"og:site_name\" content=\"Uni\u00f3n Esp\u00edrita\" \/>\n<meta property=\"article:publisher\" content=\"https:\/\/www.facebook.com\/groups\/3431398063740829\" \/>\n<meta property=\"article:modified_time\" content=\"2025-01-08T08:46:30+00:00\" \/>\n<meta property=\"og:image\" content=\"https:\/\/nuevo-renacer.com\/wp-content\/uploads\/2024\/07\/1-1.jpg\" \/>\n\t<meta property=\"og:image:width\" content=\"1200\" \/>\n\t<meta property=\"og:image:height\" content=\"853\" \/>\n\t<meta property=\"og:image:type\" content=\"image\/jpeg\" \/>\n<meta name=\"twitter:card\" content=\"summary_large_image\" \/>\n<meta name=\"twitter:label1\" content=\"Est. tempo de leitura\" \/>\n\t<meta name=\"twitter:data1\" content=\"3 minutos\" \/>\n<script type=\"application\/ld+json\" class=\"yoast-schema-graph\">{\"@context\":\"https:\/\/schema.org\",\"@graph\":[{\"@type\":\"WebPage\",\"@id\":\"https:\/\/nuevo-renacer.com\/mundos-regeneradores\/\",\"url\":\"https:\/\/nuevo-renacer.com\/mundos-regeneradores\/\",\"name\":\"Mundos regeneradores - Uni\u00f3n Esp\u00edrita\",\"isPartOf\":{\"@id\":\"https:\/\/nuevo-renacer.com\/#website\"},\"primaryImageOfPage\":{\"@id\":\"https:\/\/nuevo-renacer.com\/mundos-regeneradores\/#primaryimage\"},\"image\":{\"@id\":\"https:\/\/nuevo-renacer.com\/mundos-regeneradores\/#primaryimage\"},\"thumbnailUrl\":\"https:\/\/nuevo-renacer.com\/wp-content\/uploads\/2024\/07\/1-1.jpg\",\"datePublished\":\"2024-07-10T08:30:04+00:00\",\"dateModified\":\"2025-01-08T08:46:30+00:00\",\"breadcrumb\":{\"@id\":\"https:\/\/nuevo-renacer.com\/mundos-regeneradores\/#breadcrumb\"},\"inLanguage\":\"pt-BR\",\"potentialAction\":[{\"@type\":\"ReadAction\",\"target\":[\"https:\/\/nuevo-renacer.com\/mundos-regeneradores\/\"]}]},{\"@type\":\"ImageObject\",\"inLanguage\":\"pt-BR\",\"@id\":\"https:\/\/nuevo-renacer.com\/mundos-regeneradores\/#primaryimage\",\"url\":\"https:\/\/nuevo-renacer.com\/wp-content\/uploads\/2024\/07\/1-1.jpg\",\"contentUrl\":\"https:\/\/nuevo-renacer.com\/wp-content\/uploads\/2024\/07\/1-1.jpg\",\"width\":1200,\"height\":853},{\"@type\":\"BreadcrumbList\",\"@id\":\"https:\/\/nuevo-renacer.com\/mundos-regeneradores\/#breadcrumb\",\"itemListElement\":[{\"@type\":\"ListItem\",\"position\":1,\"name\":\"Startseite\",\"item\":\"https:\/\/nuevo-renacer.com\/\"},{\"@type\":\"ListItem\",\"position\":2,\"name\":\"Mundos regeneradores\"}]},{\"@type\":\"WebSite\",\"@id\":\"https:\/\/nuevo-renacer.com\/#website\",\"url\":\"https:\/\/nuevo-renacer.com\/\",\"name\":\"Uni\u00f3n Esp\u00edrita\",\"description\":\"Nuevo Renacer\",\"publisher\":{\"@id\":\"https:\/\/nuevo-renacer.com\/#organization\"},\"potentialAction\":[{\"@type\":\"SearchAction\",\"target\":{\"@type\":\"EntryPoint\",\"urlTemplate\":\"https:\/\/nuevo-renacer.com\/?s={search_term_string}\"},\"query-input\":{\"@type\":\"PropertyValueSpecification\",\"valueRequired\":true,\"valueName\":\"search_term_string\"}}],\"inLanguage\":\"pt-BR\"},{\"@type\":\"Organization\",\"@id\":\"https:\/\/nuevo-renacer.com\/#organization\",\"name\":\"UFEC\",\"url\":\"https:\/\/nuevo-renacer.com\/\",\"logo\":{\"@type\":\"ImageObject\",\"inLanguage\":\"pt-BR\",\"@id\":\"https:\/\/nuevo-renacer.com\/#\/schema\/logo\/image\/\",\"url\":\"https:\/\/nuevo-renacer.com\/wp-content\/uploads\/2024\/05\/cropped-LOGO-TERMINADO1-3-3.png\",\"contentUrl\":\"https:\/\/nuevo-renacer.com\/wp-content\/uploads\/2024\/05\/cropped-LOGO-TERMINADO1-3-3.png\",\"width\":512,\"height\":512,\"caption\":\"UFEC\"},\"image\":{\"@id\":\"https:\/\/nuevo-renacer.com\/#\/schema\/logo\/image\/\"},\"sameAs\":[\"https:\/\/www.facebook.com\/groups\/3431398063740829\"]}]}<\/script>\n<!-- \/ Yoast SEO Premium plugin. -->","yoast_head_json":{"title":"Mundos regeneradores - Uni\u00f3n Esp\u00edrita","robots":{"index":"index","follow":"follow","max-snippet":"max-snippet:-1","max-image-preview":"max-image-preview:large","max-video-preview":"max-video-preview:-1"},"canonical":"https:\/\/nuevo-renacer.com\/pt\/mundos-regeneradores\/","og_locale":"pt_BR","og_type":"article","og_title":"Mundos regeneradores","og_description":"Mundos regeneradores Del libro: El Evangelio seg\u00fan el espiritismo \u2013 Allan Kardec Entre esas estrellas que resplandecen en la b\u00f3veda azulada del firmamento, \u00a1cu\u00e1ntos mundos habr\u00e1, como el vuestro, destinados por el Se\u00f1or a la expiaci\u00f3n y la prueba! Con todo, tambi\u00e9n los hay m\u00e1s miserables, y mejores, as\u00ed como los hay transitorios, que podemos [&hellip;]","og_url":"https:\/\/nuevo-renacer.com\/pt\/mundos-regeneradores\/","og_site_name":"Uni\u00f3n Esp\u00edrita","article_publisher":"https:\/\/www.facebook.com\/groups\/3431398063740829","article_modified_time":"2025-01-08T08:46:30+00:00","og_image":[{"width":1200,"height":853,"url":"https:\/\/nuevo-renacer.com\/wp-content\/uploads\/2024\/07\/1-1.jpg","type":"image\/jpeg"}],"twitter_card":"summary_large_image","twitter_misc":{"Est. tempo de leitura":"3 minutos"},"schema":{"@context":"https:\/\/schema.org","@graph":[{"@type":"WebPage","@id":"https:\/\/nuevo-renacer.com\/mundos-regeneradores\/","url":"https:\/\/nuevo-renacer.com\/mundos-regeneradores\/","name":"Mundos regeneradores - Uni\u00f3n Esp\u00edrita","isPartOf":{"@id":"https:\/\/nuevo-renacer.com\/#website"},"primaryImageOfPage":{"@id":"https:\/\/nuevo-renacer.com\/mundos-regeneradores\/#primaryimage"},"image":{"@id":"https:\/\/nuevo-renacer.com\/mundos-regeneradores\/#primaryimage"},"thumbnailUrl":"https:\/\/nuevo-renacer.com\/wp-content\/uploads\/2024\/07\/1-1.jpg","datePublished":"2024-07-10T08:30:04+00:00","dateModified":"2025-01-08T08:46:30+00:00","breadcrumb":{"@id":"https:\/\/nuevo-renacer.com\/mundos-regeneradores\/#breadcrumb"},"inLanguage":"pt-BR","potentialAction":[{"@type":"ReadAction","target":["https:\/\/nuevo-renacer.com\/mundos-regeneradores\/"]}]},{"@type":"ImageObject","inLanguage":"pt-BR","@id":"https:\/\/nuevo-renacer.com\/mundos-regeneradores\/#primaryimage","url":"https:\/\/nuevo-renacer.com\/wp-content\/uploads\/2024\/07\/1-1.jpg","contentUrl":"https:\/\/nuevo-renacer.com\/wp-content\/uploads\/2024\/07\/1-1.jpg","width":1200,"height":853},{"@type":"BreadcrumbList","@id":"https:\/\/nuevo-renacer.com\/mundos-regeneradores\/#breadcrumb","itemListElement":[{"@type":"ListItem","position":1,"name":"Startseite","item":"https:\/\/nuevo-renacer.com\/"},{"@type":"ListItem","position":2,"name":"Mundos regeneradores"}]},{"@type":"WebSite","@id":"https:\/\/nuevo-renacer.com\/#website","url":"https:\/\/nuevo-renacer.com\/","name":"Uni\u00f3n Esp\u00edrita","description":"Nuevo Renacer","publisher":{"@id":"https:\/\/nuevo-renacer.com\/#organization"},"potentialAction":[{"@type":"SearchAction","target":{"@type":"EntryPoint","urlTemplate":"https:\/\/nuevo-renacer.com\/?s={search_term_string}"},"query-input":{"@type":"PropertyValueSpecification","valueRequired":true,"valueName":"search_term_string"}}],"inLanguage":"pt-BR"},{"@type":"Organization","@id":"https:\/\/nuevo-renacer.com\/#organization","name":"UFEC","url":"https:\/\/nuevo-renacer.com\/","logo":{"@type":"ImageObject","inLanguage":"pt-BR","@id":"https:\/\/nuevo-renacer.com\/#\/schema\/logo\/image\/","url":"https:\/\/nuevo-renacer.com\/wp-content\/uploads\/2024\/05\/cropped-LOGO-TERMINADO1-3-3.png","contentUrl":"https:\/\/nuevo-renacer.com\/wp-content\/uploads\/2024\/05\/cropped-LOGO-TERMINADO1-3-3.png","width":512,"height":512,"caption":"UFEC"},"image":{"@id":"https:\/\/nuevo-renacer.com\/#\/schema\/logo\/image\/"},"sameAs":["https:\/\/www.facebook.com\/groups\/3431398063740829"]}]}},"uagb_featured_image_src":{"full":["https:\/\/nuevo-renacer.com\/wp-content\/uploads\/2024\/07\/1-1.jpg",1200,853,false],"thumbnail":["https:\/\/nuevo-renacer.com\/wp-content\/uploads\/2024\/07\/1-1-150x150.jpg",150,150,true],"medium":["https:\/\/nuevo-renacer.com\/wp-content\/uploads\/2024\/07\/1-1-300x213.jpg",300,213,true],"medium_large":["https:\/\/nuevo-renacer.com\/wp-content\/uploads\/2024\/07\/1-1-768x546.jpg",768,546,true],"large":["https:\/\/nuevo-renacer.com\/wp-content\/uploads\/2024\/07\/1-1-1024x728.jpg",1024,728,true],"1536x1536":["https:\/\/nuevo-renacer.com\/wp-content\/uploads\/2024\/07\/1-1.jpg",1200,853,false],"2048x2048":["https:\/\/nuevo-renacer.com\/wp-content\/uploads\/2024\/07\/1-1.jpg",1200,853,false],"trp-custom-language-flag":["https:\/\/nuevo-renacer.com\/wp-content\/uploads\/2024\/07\/1-1-18x12.jpg",18,12,true]},"uagb_author_info":{"display_name":"adbv0","author_link":"https:\/\/nuevo-renacer.com\/pt\/author\/adbv0\/"},"uagb_comment_info":0,"uagb_excerpt":"Mundos regeneradores Del libro: El Evangelio seg\u00fan el espiritismo \u2013 Allan Kardec Entre esas estrellas que resplandecen en la b\u00f3veda azulada del firmamento, \u00a1cu\u00e1ntos mundos habr\u00e1, como el vuestro, destinados por el Se\u00f1or a la expiaci\u00f3n y la prueba! Con todo, tambi\u00e9n los hay m\u00e1s miserables, y mejores, as\u00ed como los hay transitorios, que podemos&hellip;","jetpack_sharing_enabled":true,"_links":{"self":[{"href":"https:\/\/nuevo-renacer.com\/pt\/wp-json\/wp\/v2\/pages\/3551","targetHints":{"allow":["GET"]}}],"collection":[{"href":"https:\/\/nuevo-renacer.com\/pt\/wp-json\/wp\/v2\/pages"}],"about":[{"href":"https:\/\/nuevo-renacer.com\/pt\/wp-json\/wp\/v2\/types\/page"}],"author":[{"embeddable":true,"href":"https:\/\/nuevo-renacer.com\/pt\/wp-json\/wp\/v2\/users\/1"}],"replies":[{"embeddable":true,"href":"https:\/\/nuevo-renacer.com\/pt\/wp-json\/wp\/v2\/comments?post=3551"}],"version-history":[{"count":2,"href":"https:\/\/nuevo-renacer.com\/pt\/wp-json\/wp\/v2\/pages\/3551\/revisions"}],"predecessor-version":[{"id":6702,"href":"https:\/\/nuevo-renacer.com\/pt\/wp-json\/wp\/v2\/pages\/3551\/revisions\/6702"}],"wp:featuredmedia":[{"embeddable":true,"href":"https:\/\/nuevo-renacer.com\/pt\/wp-json\/wp\/v2\/media\/3552"}],"wp:attachment":[{"href":"https:\/\/nuevo-renacer.com\/pt\/wp-json\/wp\/v2\/media?parent=3551"}],"curies":[{"name":"wp","href":"https:\/\/api.w.org\/{rel}","templated":true}]}}