{"id":3530,"date":"2024-07-10T07:05:21","date_gmt":"2024-07-10T07:05:21","guid":{"rendered":"https:\/\/ufec-mundial.com\/?page_id=3530"},"modified":"2025-05-23T09:24:11","modified_gmt":"2025-05-23T09:24:11","slug":"la-vision-de-dios","status":"publish","type":"page","link":"https:\/\/nuevo-renacer.com\/pt\/la-vision-de-dios\/","title":{"rendered":"A vis\u00e3o de Deus"},"content":{"rendered":"<div class=\"wp-block-uagb-container uagb-block-2eb96938 alignfull uagb-is-root-container\"><div class=\"uagb-container-inner-blocks-wrap\">\n<p class=\"has-medium-font-size\"><strong>A vis\u00e3o de Deus<\/strong><\/p>\n\n\n\n<p class=\"has-black-color has-text-color has-link-color has-medium-font-size wp-elements-23de0497bcae6613bfa86f5fce97e098\"><strong>Do livro: A G\u00eanese - Allan Kardec<\/strong><\/p>\n<\/div><\/div>\n\n\n\n<div class=\"wp-block-uagb-container uagb-block-231a596e alignfull uagb-is-root-container\"><div class=\"uagb-container-inner-blocks-wrap\">\n<figure class=\"wp-block-image size-full is-resized\"><img fetchpriority=\"high\" decoding=\"async\" width=\"626\" height=\"470\" src=\"https:\/\/nuevo-renacer.com\/wp-content\/uploads\/2024\/07\/dios-luz-cielo-simbolizando-presencia-divina-verdad-iluminacion-espiritual-dios-amor-gracia_1082479-3047.avif\" alt=\"\" class=\"wp-image-3531\" style=\"width:368px;height:auto\"\/><\/figure>\n<\/div><\/div>\n\n\n\n<div class=\"wp-block-uagb-container uagb-block-a68cdebd alignfull uagb-is-root-container\"><div class=\"uagb-container-inner-blocks-wrap\">\n<p class=\"has-black-color has-text-color has-link-color has-small-font-size wp-elements-5b92d9125026c37e28de19cd6da9c953\">Se Deus est\u00e1 em toda parte, por que n\u00e3o o vemos? N\u00f3s o veremos depois que deixarmos a Terra? Essas s\u00e3o as perguntas que nos fazem todos os dias.<\/p>\n\n\n\n<p class=\"has-black-color has-text-color has-link-color has-small-font-size wp-elements-62d15e092b8b336cb547d30633842174\">A primeira pode ser facilmente respondida. Nossos \u00f3rg\u00e3os materiais t\u00eam percep\u00e7\u00f5es limitadas que n\u00e3o lhes permitem ver certas coisas, nem mesmo coisas materiais. Assim, certos fluidos escapam totalmente de nossa vis\u00e3o, bem como de nossos instrumentos de an\u00e1lise, embora isso n\u00e3o nos d\u00ea nenhuma raz\u00e3o para duvidar de sua exist\u00eancia. Vemos os efeitos da peste, mas n\u00e3o vemos o fluido que a transmite; vemos corpos em movimento sob a influ\u00eancia da for\u00e7a da gravidade, mas n\u00e3o vemos essa for\u00e7a.<\/p>\n\n\n\n<p class=\"has-black-color has-text-color has-link-color has-small-font-size wp-elements-c712a0fd387a5441ce50646995b785fb\">Os \u00f3rg\u00e3os materiais n\u00e3o conseguem perceber as coisas de ess\u00eancia espiritual. S\u00f3 podemos ver os Esp\u00edritos e as coisas do mundo imaterial com a vis\u00e3o do Esp\u00edrito. Portanto, somente nossa alma pode ter a percep\u00e7\u00e3o de Deus. Ser\u00e1 que ela O ver\u00e1 imediatamente ap\u00f3s a morte? A esse respeito, somente as comunica\u00e7\u00f5es de al\u00e9m-t\u00famulo podem nos esclarecer. Por meio delas, ficamos sabendo que a vis\u00e3o de Deus \u00e9 privil\u00e9gio exclusivo das almas mais purificadas e que muito poucas, quando deixam o inv\u00f3lucro terreno, possuem o grau de desmaterializa\u00e7\u00e3o necess\u00e1rio para isso. Uma compara\u00e7\u00e3o vulgar tornar\u00e1 isso f\u00e1cil de entender.<\/p>\n\n\n\n<p class=\"has-black-color has-text-color has-link-color has-small-font-size wp-elements-2579e4e2094ab8c6fa823ddbc64a0e29\">Uma pessoa que est\u00e1 no fundo de um vale, envolta em uma densa n\u00e9voa, n\u00e3o consegue ver o sol. Entretanto, por meio da luz difusa, ela percebe que o sol est\u00e1 brilhando. Se ela decidir escalar a montanha, \u00e0 medida que subir, a n\u00e9voa se dissipar\u00e1 cada vez mais e a luz se tornar\u00e1 cada vez mais v\u00edvida. Entretanto, voc\u00ea ainda n\u00e3o ver\u00e1 o sol. Somente depois de se elevar completamente acima da camada de neblina e chegar ao ponto em que o ar esteja perfeitamente limpo, voc\u00ea contemplar\u00e1 o sol em todo o seu esplendor.<\/p>\n\n\n\n<p class=\"has-black-color has-text-color has-link-color has-small-font-size wp-elements-0d76482f52e49f3cacebf7b740bfe3d6\">O mesmo ocorre com a alma. A bainha perispiritual, embora invis\u00edvel e intang\u00edvel para n\u00f3s, \u00e9, em rela\u00e7\u00e3o \u00e0 alma, uma mat\u00e9ria real, ainda muito grosseira para certas percep\u00e7\u00f5es. Esse inv\u00f3lucro se torna espiritualizado \u00e0 medida que a alma se eleva em moralidade. As imperfei\u00e7\u00f5es da alma s\u00e3o como camadas nebulosas que obscurecem a vis\u00e3o. Cada imperfei\u00e7\u00e3o que ela se desprende \u00e9 uma mancha a menos, mas \u00e9 somente depois de ter sido totalmente purificada que ela desfruta da plenitude de suas faculdades.<\/p>\n\n\n\n<p class=\"has-black-color has-text-color has-link-color has-small-font-size wp-elements-9d8f722f6c37509dbb35cf55cac2153d\">Como Deus \u00e9 a ess\u00eancia divina por excel\u00eancia, Ele s\u00f3 pode ser percebido em todo o Seu esplendor pelos esp\u00edritos que atingiram o mais alto grau de desmaterializa\u00e7\u00e3o. Quanto aos esp\u00edritos imperfeitos, o fato de n\u00e3o verem Deus n\u00e3o significa que estejam mais distantes Dele do que os outros, pois, como todos os seres da natureza, eles est\u00e3o imersos no fluido divino, assim como n\u00f3s estamos imersos na luz. O que acontece \u00e9 que as imperfei\u00e7\u00f5es desses esp\u00edritos s\u00e3o como vapores que os impedem de v\u00ea-Lo. Quando a n\u00e9voa se dissipar, eles o ver\u00e3o resplandecente. Para isso, n\u00e3o precisam subir ou procur\u00e1-lo nas profundezas do infinito. Quando a vis\u00e3o Esp\u00edrita estiver desobstru\u00edda das manchas morais que a obscureciam, eles O ver\u00e3o, onde quer que estejam, mesmo na Terra, pois Deus est\u00e1 em toda parte.<\/p>\n\n\n\n<p class=\"has-black-color has-text-color has-link-color has-small-font-size wp-elements-ec5891f65b447bcd9db2a906ba71422c\">O esp\u00edrito se purifica com o passar do tempo, e as diferentes encarna\u00e7\u00f5es s\u00e3o alambiques no fundo dos quais ele deixa algumas impurezas a cada vez. Os esp\u00edritos, ao deixarem seu inv\u00f3lucro corp\u00f3reo, n\u00e3o se despojam instantaneamente de suas imperfei\u00e7\u00f5es, raz\u00e3o pela qual, ap\u00f3s a morte, eles n\u00e3o veem Deus mais do que quando estavam vivos. Entretanto, \u00e0 medida que se purificam, passam a ter uma intui\u00e7\u00e3o mais clara Dele. Mesmo que n\u00e3o O vejam, eles O compreendem melhor, pois a luz \u00e9 menos difusa. Portanto, quando alguns esp\u00edritos dizem que Deus os pro\u00edbe de responder a uma pergunta, isso n\u00e3o significa que Deus tenha aparecido a eles ou falado com eles para ordenar ou proibi-los de fazer isso ou aquilo. \u00c9 claro que n\u00e3o. Eles o sentem, recebem os efl\u00favios de seu pensamento, assim como n\u00f3s em rela\u00e7\u00e3o aos esp\u00edritos que nos envolvem em seus fluidos, embora n\u00e3o os vejamos. <\/p>\n\n\n\n<p class=\"has-black-color has-text-color has-link-color has-small-font-size wp-elements-3e70873b3768b062cb13a264ecef9c09\">Nenhum homem pode, portanto, ver a Deus com os olhos da carne. Se essa gra\u00e7a fosse concedida a alguns, s\u00f3 seria realizada em estado de \u00eaxtase, quando a alma est\u00e1 t\u00e3o desprendida dos la\u00e7os da mat\u00e9ria que torna esse fato poss\u00edvel durante a encarna\u00e7\u00e3o. Por outro lado, esse privil\u00e9gio corresponderia exclusivamente \u00e0s almas selecionadas, que encarnaram em cumprimento de alguma miss\u00e3o, e n\u00e3o \u00e0quelas que encarnaram para <em>expiar<\/em>. No entanto, como os esp\u00edritos da mais alta hierarquia brilham com deslumbrante fulgor, pode acontecer que os esp\u00edritos inferiores, encarnados ou desencarnados, maravilhados com o esplendor que os cerca, suponham que est\u00e3o vendo o pr\u00f3prio Deus. Seria como algu\u00e9m que v\u00ea um ministro e o confunde com o soberano.<\/p>\n\n\n\n<p class=\"has-black-color has-text-color has-link-color has-small-font-size wp-elements-341be2b90530649245d21866070c7db5\">Em que apar\u00eancia Deus se apresenta \u00e0queles que se tornam dignos de v\u00ea-Lo, em alguma forma espec\u00edfica, em uma figura humana ou como um foco de luz brilhante? Na linguagem humana, Ele n\u00e3o pode ser descrito, porque n\u00e3o h\u00e1 nenhum ponto de compara\u00e7\u00e3o que possa nos dar uma ideia Dele. Somos como os cegos de nascen\u00e7a que, em v\u00e3o, tentam entender o brilho do sol. Nosso vocabul\u00e1rio \u00e9 limitado \u00e0s nossas necessidades e ao c\u00edrculo de nossas ideias; o dos selvagens n\u00e3o serviria para descrever as maravilhas da civiliza\u00e7\u00e3o; o dos povos mais civilizados \u00e9 muito pobre para descrever os esplendores dos c\u00e9us, e nossa intelig\u00eancia \u00e9 muito limitada para compreend\u00ea-los, assim como nossa vis\u00e3o, muito fraca, ficaria deslumbrada.<\/p>\n<\/div><\/div>\n\n\n\n<div class=\"wp-block-uagb-container uagb-block-a3dd7faa alignfull uagb-is-root-container\"><div class=\"uagb-container-inner-blocks-wrap\"><\/div><\/div>\n\n\n\n<div class=\"wp-block-uagb-container uagb-block-efa2ece5 alignfull uagb-is-root-container\"><div class=\"uagb-container-inner-blocks-wrap\"><\/div><\/div>","protected":false},"excerpt":{"rendered":"<p>La visi\u00f3n de Dios Del libro: La G\u00e9nesis \u2013 Allan Kardec Si Dios est\u00e1 en todas partes, \u00bfpor qu\u00e9 no lo vemos? \u00bfHa\u00adbremos de verlo despu\u00e9s de dejar la Tierra? Esas son las preguntas que nos plantean a diario. La primera se puede responder f\u00e1cilmente. Nuestros \u00f3rganos materiales tienen percepciones limitadas que no les permiten [&hellip;]<\/p>","protected":false},"author":1,"featured_media":3531,"parent":0,"menu_order":0,"comment_status":"closed","ping_status":"closed","template":"","meta":{"_uag_custom_page_level_css":"","site-sidebar-layout":"default","site-content-layout":"","ast-site-content-layout":"default","site-content-style":"default","site-sidebar-style":"default","ast-global-header-display":"","ast-banner-title-visibility":"","ast-main-header-display":"","ast-hfb-above-header-display":"","ast-hfb-below-header-display":"","ast-hfb-mobile-header-display":"","site-post-title":"disabled","ast-breadcrumbs-content":"","ast-featured-img":"","footer-sml-layout":"","theme-transparent-header-meta":"","adv-header-id-meta":"","stick-header-meta":"","header-above-stick-meta":"","header-main-stick-meta":"","header-below-stick-meta":"","astra-migrate-meta-layouts":"set","ast-page-background-enabled":"default","ast-page-background-meta":{"desktop":{"background-color":"var(--ast-global-color-4)","background-image":"","background-repeat":"repeat","background-position":"center center","background-size":"auto","background-attachment":"scroll","background-type":"","background-media":"","overlay-type":"","overlay-color":"","overlay-opacity":"","overlay-gradient":""},"tablet":{"background-color":"","background-image":"","background-repeat":"repeat","background-position":"center center","background-size":"auto","background-attachment":"scroll","background-type":"","background-media":"","overlay-type":"","overlay-color":"","overlay-opacity":"","overlay-gradient":""},"mobile":{"background-color":"","background-image":"","background-repeat":"repeat","background-position":"center center","background-size":"auto","background-attachment":"scroll","background-type":"","background-media":"","overlay-type":"","overlay-color":"","overlay-opacity":"","overlay-gradient":""}},"ast-content-background-meta":{"desktop":{"background-color":"var(--ast-global-color-5)","background-image":"","background-repeat":"repeat","background-position":"center center","background-size":"auto","background-attachment":"scroll","background-type":"","background-media":"","overlay-type":"","overlay-color":"","overlay-opacity":"","overlay-gradient":""},"tablet":{"background-color":"var(--ast-global-color-5)","background-image":"","background-repeat":"repeat","background-position":"center center","background-size":"auto","background-attachment":"scroll","background-type":"","background-media":"","overlay-type":"","overlay-color":"","overlay-opacity":"","overlay-gradient":""},"mobile":{"background-color":"var(--ast-global-color-5)","background-image":"","background-repeat":"repeat","background-position":"center center","background-size":"auto","background-attachment":"scroll","background-type":"","background-media":"","overlay-type":"","overlay-color":"","overlay-opacity":"","overlay-gradient":""}},"footnotes":""},"class_list":["post-3530","page","type-page","status-publish","has-post-thumbnail","hentry"],"yoast_head":"<!-- This site is optimized with the Yoast SEO Premium plugin v24.2 (Yoast SEO v24.6) - https:\/\/yoast.com\/wordpress\/plugins\/seo\/ -->\n<title>La visi\u00f3n de Dios - Uni\u00f3n Esp\u00edrita<\/title>\n<meta name=\"robots\" content=\"index, follow, max-snippet:-1, max-image-preview:large, max-video-preview:-1\" \/>\n<link rel=\"canonical\" href=\"https:\/\/nuevo-renacer.com\/pt\/la-vision-de-dios\/\" \/>\n<meta property=\"og:locale\" content=\"pt_BR\" \/>\n<meta property=\"og:type\" content=\"article\" \/>\n<meta property=\"og:title\" content=\"La visi\u00f3n de Dios\" \/>\n<meta property=\"og:description\" content=\"La visi\u00f3n de Dios Del libro: La G\u00e9nesis \u2013 Allan Kardec Si Dios est\u00e1 en todas partes, \u00bfpor qu\u00e9 no lo vemos? \u00bfHa\u00adbremos de verlo despu\u00e9s de dejar la Tierra? Esas son las preguntas que nos plantean a diario. La primera se puede responder f\u00e1cilmente. Nuestros \u00f3rganos materiales tienen percepciones limitadas que no les permiten [&hellip;]\" \/>\n<meta property=\"og:url\" content=\"https:\/\/nuevo-renacer.com\/pt\/la-vision-de-dios\/\" \/>\n<meta property=\"og:site_name\" content=\"Uni\u00f3n Esp\u00edrita\" \/>\n<meta property=\"article:publisher\" content=\"https:\/\/www.facebook.com\/groups\/3431398063740829\" \/>\n<meta property=\"article:modified_time\" content=\"2025-05-23T09:24:11+00:00\" \/>\n<meta name=\"twitter:card\" content=\"summary_large_image\" \/>\n<meta name=\"twitter:label1\" content=\"Est. tempo de leitura\" \/>\n\t<meta name=\"twitter:data1\" content=\"6 minutos\" \/>\n<script type=\"application\/ld+json\" class=\"yoast-schema-graph\">{\"@context\":\"https:\/\/schema.org\",\"@graph\":[{\"@type\":\"WebPage\",\"@id\":\"https:\/\/nuevo-renacer.com\/la-vision-de-dios\/\",\"url\":\"https:\/\/nuevo-renacer.com\/la-vision-de-dios\/\",\"name\":\"La visi\u00f3n de Dios - Uni\u00f3n Esp\u00edrita\",\"isPartOf\":{\"@id\":\"https:\/\/nuevo-renacer.com\/#website\"},\"primaryImageOfPage\":{\"@id\":\"https:\/\/nuevo-renacer.com\/la-vision-de-dios\/#primaryimage\"},\"image\":{\"@id\":\"https:\/\/nuevo-renacer.com\/la-vision-de-dios\/#primaryimage\"},\"thumbnailUrl\":\"https:\/\/nuevo-renacer.com\/wp-content\/uploads\/2024\/07\/dios-luz-cielo-simbolizando-presencia-divina-verdad-iluminacion-espiritual-dios-amor-gracia_1082479-3047.avif\",\"datePublished\":\"2024-07-10T07:05:21+00:00\",\"dateModified\":\"2025-05-23T09:24:11+00:00\",\"breadcrumb\":{\"@id\":\"https:\/\/nuevo-renacer.com\/la-vision-de-dios\/#breadcrumb\"},\"inLanguage\":\"pt-BR\",\"potentialAction\":[{\"@type\":\"ReadAction\",\"target\":[\"https:\/\/nuevo-renacer.com\/la-vision-de-dios\/\"]}]},{\"@type\":\"ImageObject\",\"inLanguage\":\"pt-BR\",\"@id\":\"https:\/\/nuevo-renacer.com\/la-vision-de-dios\/#primaryimage\",\"url\":\"https:\/\/nuevo-renacer.com\/wp-content\/uploads\/2024\/07\/dios-luz-cielo-simbolizando-presencia-divina-verdad-iluminacion-espiritual-dios-amor-gracia_1082479-3047.avif\",\"contentUrl\":\"https:\/\/nuevo-renacer.com\/wp-content\/uploads\/2024\/07\/dios-luz-cielo-simbolizando-presencia-divina-verdad-iluminacion-espiritual-dios-amor-gracia_1082479-3047.avif\",\"width\":626,\"height\":470},{\"@type\":\"BreadcrumbList\",\"@id\":\"https:\/\/nuevo-renacer.com\/la-vision-de-dios\/#breadcrumb\",\"itemListElement\":[{\"@type\":\"ListItem\",\"position\":1,\"name\":\"Startseite\",\"item\":\"https:\/\/nuevo-renacer.com\/\"},{\"@type\":\"ListItem\",\"position\":2,\"name\":\"La visi\u00f3n de Dios\"}]},{\"@type\":\"WebSite\",\"@id\":\"https:\/\/nuevo-renacer.com\/#website\",\"url\":\"https:\/\/nuevo-renacer.com\/\",\"name\":\"Uni\u00f3n Esp\u00edrita\",\"description\":\"Nuevo Renacer\",\"publisher\":{\"@id\":\"https:\/\/nuevo-renacer.com\/#organization\"},\"potentialAction\":[{\"@type\":\"SearchAction\",\"target\":{\"@type\":\"EntryPoint\",\"urlTemplate\":\"https:\/\/nuevo-renacer.com\/?s={search_term_string}\"},\"query-input\":{\"@type\":\"PropertyValueSpecification\",\"valueRequired\":true,\"valueName\":\"search_term_string\"}}],\"inLanguage\":\"pt-BR\"},{\"@type\":\"Organization\",\"@id\":\"https:\/\/nuevo-renacer.com\/#organization\",\"name\":\"UFEC\",\"url\":\"https:\/\/nuevo-renacer.com\/\",\"logo\":{\"@type\":\"ImageObject\",\"inLanguage\":\"pt-BR\",\"@id\":\"https:\/\/nuevo-renacer.com\/#\/schema\/logo\/image\/\",\"url\":\"https:\/\/nuevo-renacer.com\/wp-content\/uploads\/2024\/05\/cropped-LOGO-TERMINADO1-3-3.png\",\"contentUrl\":\"https:\/\/nuevo-renacer.com\/wp-content\/uploads\/2024\/05\/cropped-LOGO-TERMINADO1-3-3.png\",\"width\":512,\"height\":512,\"caption\":\"UFEC\"},\"image\":{\"@id\":\"https:\/\/nuevo-renacer.com\/#\/schema\/logo\/image\/\"},\"sameAs\":[\"https:\/\/www.facebook.com\/groups\/3431398063740829\"]}]}<\/script>\n<!-- \/ Yoast SEO Premium plugin. -->","yoast_head_json":{"title":"La visi\u00f3n de Dios - Uni\u00f3n Esp\u00edrita","robots":{"index":"index","follow":"follow","max-snippet":"max-snippet:-1","max-image-preview":"max-image-preview:large","max-video-preview":"max-video-preview:-1"},"canonical":"https:\/\/nuevo-renacer.com\/pt\/la-vision-de-dios\/","og_locale":"pt_BR","og_type":"article","og_title":"La visi\u00f3n de Dios","og_description":"La visi\u00f3n de Dios Del libro: La G\u00e9nesis \u2013 Allan Kardec Si Dios est\u00e1 en todas partes, \u00bfpor qu\u00e9 no lo vemos? \u00bfHa\u00adbremos de verlo despu\u00e9s de dejar la Tierra? Esas son las preguntas que nos plantean a diario. La primera se puede responder f\u00e1cilmente. Nuestros \u00f3rganos materiales tienen percepciones limitadas que no les permiten [&hellip;]","og_url":"https:\/\/nuevo-renacer.com\/pt\/la-vision-de-dios\/","og_site_name":"Uni\u00f3n Esp\u00edrita","article_publisher":"https:\/\/www.facebook.com\/groups\/3431398063740829","article_modified_time":"2025-05-23T09:24:11+00:00","twitter_card":"summary_large_image","twitter_misc":{"Est. tempo de leitura":"6 minutos"},"schema":{"@context":"https:\/\/schema.org","@graph":[{"@type":"WebPage","@id":"https:\/\/nuevo-renacer.com\/la-vision-de-dios\/","url":"https:\/\/nuevo-renacer.com\/la-vision-de-dios\/","name":"La visi\u00f3n de Dios - Uni\u00f3n Esp\u00edrita","isPartOf":{"@id":"https:\/\/nuevo-renacer.com\/#website"},"primaryImageOfPage":{"@id":"https:\/\/nuevo-renacer.com\/la-vision-de-dios\/#primaryimage"},"image":{"@id":"https:\/\/nuevo-renacer.com\/la-vision-de-dios\/#primaryimage"},"thumbnailUrl":"https:\/\/nuevo-renacer.com\/wp-content\/uploads\/2024\/07\/dios-luz-cielo-simbolizando-presencia-divina-verdad-iluminacion-espiritual-dios-amor-gracia_1082479-3047.avif","datePublished":"2024-07-10T07:05:21+00:00","dateModified":"2025-05-23T09:24:11+00:00","breadcrumb":{"@id":"https:\/\/nuevo-renacer.com\/la-vision-de-dios\/#breadcrumb"},"inLanguage":"pt-BR","potentialAction":[{"@type":"ReadAction","target":["https:\/\/nuevo-renacer.com\/la-vision-de-dios\/"]}]},{"@type":"ImageObject","inLanguage":"pt-BR","@id":"https:\/\/nuevo-renacer.com\/la-vision-de-dios\/#primaryimage","url":"https:\/\/nuevo-renacer.com\/wp-content\/uploads\/2024\/07\/dios-luz-cielo-simbolizando-presencia-divina-verdad-iluminacion-espiritual-dios-amor-gracia_1082479-3047.avif","contentUrl":"https:\/\/nuevo-renacer.com\/wp-content\/uploads\/2024\/07\/dios-luz-cielo-simbolizando-presencia-divina-verdad-iluminacion-espiritual-dios-amor-gracia_1082479-3047.avif","width":626,"height":470},{"@type":"BreadcrumbList","@id":"https:\/\/nuevo-renacer.com\/la-vision-de-dios\/#breadcrumb","itemListElement":[{"@type":"ListItem","position":1,"name":"Startseite","item":"https:\/\/nuevo-renacer.com\/"},{"@type":"ListItem","position":2,"name":"La visi\u00f3n de Dios"}]},{"@type":"WebSite","@id":"https:\/\/nuevo-renacer.com\/#website","url":"https:\/\/nuevo-renacer.com\/","name":"Uni\u00f3n Esp\u00edrita","description":"Nuevo Renacer","publisher":{"@id":"https:\/\/nuevo-renacer.com\/#organization"},"potentialAction":[{"@type":"SearchAction","target":{"@type":"EntryPoint","urlTemplate":"https:\/\/nuevo-renacer.com\/?s={search_term_string}"},"query-input":{"@type":"PropertyValueSpecification","valueRequired":true,"valueName":"search_term_string"}}],"inLanguage":"pt-BR"},{"@type":"Organization","@id":"https:\/\/nuevo-renacer.com\/#organization","name":"UFEC","url":"https:\/\/nuevo-renacer.com\/","logo":{"@type":"ImageObject","inLanguage":"pt-BR","@id":"https:\/\/nuevo-renacer.com\/#\/schema\/logo\/image\/","url":"https:\/\/nuevo-renacer.com\/wp-content\/uploads\/2024\/05\/cropped-LOGO-TERMINADO1-3-3.png","contentUrl":"https:\/\/nuevo-renacer.com\/wp-content\/uploads\/2024\/05\/cropped-LOGO-TERMINADO1-3-3.png","width":512,"height":512,"caption":"UFEC"},"image":{"@id":"https:\/\/nuevo-renacer.com\/#\/schema\/logo\/image\/"},"sameAs":["https:\/\/www.facebook.com\/groups\/3431398063740829"]}]}},"uagb_featured_image_src":{"full":["https:\/\/nuevo-renacer.com\/wp-content\/uploads\/2024\/07\/dios-luz-cielo-simbolizando-presencia-divina-verdad-iluminacion-espiritual-dios-amor-gracia_1082479-3047.avif",626,470,false],"thumbnail":["https:\/\/nuevo-renacer.com\/wp-content\/uploads\/2024\/07\/dios-luz-cielo-simbolizando-presencia-divina-verdad-iluminacion-espiritual-dios-amor-gracia_1082479-3047.avif",150,113,false],"medium":["https:\/\/nuevo-renacer.com\/wp-content\/uploads\/2024\/07\/dios-luz-cielo-simbolizando-presencia-divina-verdad-iluminacion-espiritual-dios-amor-gracia_1082479-3047.avif",300,225,false],"medium_large":["https:\/\/nuevo-renacer.com\/wp-content\/uploads\/2024\/07\/dios-luz-cielo-simbolizando-presencia-divina-verdad-iluminacion-espiritual-dios-amor-gracia_1082479-3047.avif",626,470,false],"large":["https:\/\/nuevo-renacer.com\/wp-content\/uploads\/2024\/07\/dios-luz-cielo-simbolizando-presencia-divina-verdad-iluminacion-espiritual-dios-amor-gracia_1082479-3047.avif",626,470,false],"1536x1536":["https:\/\/nuevo-renacer.com\/wp-content\/uploads\/2024\/07\/dios-luz-cielo-simbolizando-presencia-divina-verdad-iluminacion-espiritual-dios-amor-gracia_1082479-3047.avif",626,470,false],"2048x2048":["https:\/\/nuevo-renacer.com\/wp-content\/uploads\/2024\/07\/dios-luz-cielo-simbolizando-presencia-divina-verdad-iluminacion-espiritual-dios-amor-gracia_1082479-3047.avif",626,470,false],"trp-custom-language-flag":["https:\/\/nuevo-renacer.com\/wp-content\/uploads\/2024\/07\/dios-luz-cielo-simbolizando-presencia-divina-verdad-iluminacion-espiritual-dios-amor-gracia_1082479-3047.avif",16,12,false]},"uagb_author_info":{"display_name":"adbv0","author_link":"https:\/\/nuevo-renacer.com\/pt\/author\/adbv0\/"},"uagb_comment_info":0,"uagb_excerpt":"La visi\u00f3n de Dios Del libro: La G\u00e9nesis \u2013 Allan Kardec Si Dios est\u00e1 en todas partes, \u00bfpor qu\u00e9 no lo vemos? \u00bfHa\u00adbremos de verlo despu\u00e9s de dejar la Tierra? Esas son las preguntas que nos plantean a diario. La primera se puede responder f\u00e1cilmente. Nuestros \u00f3rganos materiales tienen percepciones limitadas que no les permiten&hellip;","jetpack_sharing_enabled":true,"_links":{"self":[{"href":"https:\/\/nuevo-renacer.com\/pt\/wp-json\/wp\/v2\/pages\/3530","targetHints":{"allow":["GET"]}}],"collection":[{"href":"https:\/\/nuevo-renacer.com\/pt\/wp-json\/wp\/v2\/pages"}],"about":[{"href":"https:\/\/nuevo-renacer.com\/pt\/wp-json\/wp\/v2\/types\/page"}],"author":[{"embeddable":true,"href":"https:\/\/nuevo-renacer.com\/pt\/wp-json\/wp\/v2\/users\/1"}],"replies":[{"embeddable":true,"href":"https:\/\/nuevo-renacer.com\/pt\/wp-json\/wp\/v2\/comments?post=3530"}],"version-history":[{"count":7,"href":"https:\/\/nuevo-renacer.com\/pt\/wp-json\/wp\/v2\/pages\/3530\/revisions"}],"predecessor-version":[{"id":8169,"href":"https:\/\/nuevo-renacer.com\/pt\/wp-json\/wp\/v2\/pages\/3530\/revisions\/8169"}],"wp:featuredmedia":[{"embeddable":true,"href":"https:\/\/nuevo-renacer.com\/pt\/wp-json\/wp\/v2\/media\/3531"}],"wp:attachment":[{"href":"https:\/\/nuevo-renacer.com\/pt\/wp-json\/wp\/v2\/media?parent=3530"}],"curies":[{"name":"wp","href":"https:\/\/api.w.org\/{rel}","templated":true}]}}