{"id":3419,"date":"2024-07-09T05:58:08","date_gmt":"2024-07-09T05:58:08","guid":{"rendered":"https:\/\/ufec-mundial.com\/?page_id=3419"},"modified":"2024-07-09T05:58:10","modified_gmt":"2024-07-09T05:58:10","slug":"ernesto-bozzano","status":"publish","type":"page","link":"https:\/\/nuevo-renacer.com\/pt\/ernesto-bozzano\/","title":{"rendered":"Ernesto Bozzano"},"content":{"rendered":"<div class=\"wp-block-uagb-container uagb-block-950dee4e alignfull uagb-is-root-container\"><div class=\"uagb-container-inner-blocks-wrap\">\n<p class=\"has-black-color has-text-color has-link-color has-medium-font-size wp-elements-80db35992d5d74cc0b1e2efbf1763431\"><strong>Ernesto Bozzano<\/strong><\/p>\n<\/div><\/div>\n\n\n\n<div class=\"wp-block-uagb-container uagb-block-98939564 alignfull uagb-is-root-container\"><div class=\"uagb-container-inner-blocks-wrap\">\n<figure class=\"wp-block-image size-full is-resized\"><img fetchpriority=\"high\" decoding=\"async\" width=\"300\" height=\"400\" src=\"https:\/\/ufec-mundial.com\/wp-content\/uploads\/2024\/07\/bozzano_ritratto.jpg\" alt=\"\" class=\"wp-image-3420\" style=\"width:221px;height:auto\" srcset=\"https:\/\/nuevo-renacer.com\/wp-content\/uploads\/2024\/07\/bozzano_ritratto.jpg 300w, https:\/\/nuevo-renacer.com\/wp-content\/uploads\/2024\/07\/bozzano_ritratto-225x300.jpg 225w, https:\/\/nuevo-renacer.com\/wp-content\/uploads\/2024\/07\/bozzano_ritratto-9x12.jpg 9w\" sizes=\"(max-width: 300px) 100vw, 300px\" \/><\/figure>\n<\/div><\/div>\n\n\n\n<div class=\"wp-block-uagb-container uagb-block-ca2381bd alignfull uagb-is-root-container\"><div class=\"uagb-container-inner-blocks-wrap\">\n<p class=\"has-black-color has-text-color has-link-color has-small-font-size wp-elements-a0c57fa32911f89fe149af49a5b3f026\">Ernesto Bozzano foi um dos s\u00e1bios mais eruditos dos \u00faltimos tempos. Nascido em Savona, na prov\u00edncia de G\u00eanova, It\u00e1lia, no ano de 1861, desencarnou em G\u00eanova, em 7 de julho de 1943. Devido ao seu interesse incomum pelo estudo do Espiritismo, ao qual dedicou metade de sua prof\u00edcua vida de 81 anos, mereceu o apelido de Gr\u00e3o-Mestre da Ci\u00eancia da Alma.<\/p>\n\n\n\n<p class=\"has-black-color has-text-color has-link-color has-small-font-size wp-elements-b909aeae840a6eb3fe82b4ad7a2c6499\">Trabalhando 14 horas por dia durante cinquenta e dois anos, ele produziu um estudo que, se compilado em um livro de tamanho m\u00e9dio, resultaria em um volume de 15.000 p\u00e1ginas. Ao realizar seus estudos, ele contou com a valiosa assist\u00eancia de 76 m\u00e9diuns, tendo deixado nove monografias inacabadas.<\/p>\n\n\n\n<p class=\"has-black-color has-text-color has-link-color has-small-font-size wp-elements-0357d39dd98bf3033221670321165fa5\">Com apenas 16 anos de idade, Bozzano j\u00e1 se interessava por assuntos que iam desde estudos filos\u00f3ficos, psicol\u00f3gicos, astron\u00f4micos, de ci\u00eancias naturais e paleontol\u00f3gicos. Al\u00e9m disso, desde a juventude, ele se sentia excepcionalmente atra\u00eddo pelos problemas da personalidade humana, principalmente aqueles que levavam \u00e0s causas do sofrimento, ao prop\u00f3sito e \u00e0 raz\u00e3o da vida humana.<\/p>\n\n\n\n<p class=\"has-black-color has-text-color has-link-color has-small-font-size wp-elements-90dd047229d632e811755d86b42ae071\">Seu nome alcan\u00e7ou not\u00e1vel renome internacional, tendo sido eleito Presidente Honor\u00e1rio do V Congresso Esp\u00edrita Internacional, realizado em Barcelona, Espanha, de 1 a 10 de setembro de 1934. Segundo not\u00edcia veiculada pelo famoso jornal ingl\u00eas Two Worlds, em sua edi\u00e7\u00e3o de maio de 1939, os esp\u00edritas ingleses lhe ofereceram uma bela medalha de ouro, em cuja face aparecia uma figura simb\u00f3lica segurando uma coroa de louros na m\u00e3o direita, com o lema latino Aspera ad Astra, e na outra face uma dedicat\u00f3ria cuja tradu\u00e7\u00e3o \u00e9 a seguinte Ao Grande Mestre da Ci\u00eancia da Alma, Ernesto Bozzano, que abriu novos horizontes para a humanidade sofredora, seus amigos e admiradores.<\/p>\n\n\n\n<p class=\"has-black-color has-text-color has-link-color has-small-font-size wp-elements-95ebe44629041b9db43f127c8b4ed8b4\">Bozzano foi um defensor intransigente do Espiritualismo, tendo assumido uma posi\u00e7\u00e3o t\u00e3o importante depois de t\u00ea-lo estudado a fundo. Em uma \u00e9poca em que o Positivismo de Auguste Comte estava deslumbrando muitas consci\u00eancias, Bozzano juntou-se \u00e0s suas fileiras, mostrando uma clara inclina\u00e7\u00e3o para todos os ramos do conhecimento humano e dedicando-se resolutamente ao estudo das obras dos grandes fil\u00f3sofos de todas as \u00e9pocas. A partir dos postulados positivistas, ele gravitou em dire\u00e7\u00e3o a uma forma intransigente de materialismo, o que o levou a proclamar mais tarde: \u201cEu era um positivista-materialista a tal ponto que me parecia imposs\u00edvel que houvesse pessoas instru\u00eddas, normalmente dotadas de bom senso, que pudessem acreditar na exist\u00eancia e na sobreviv\u00eancia da alma.<\/p>\n\n\n\n<p class=\"has-black-color has-text-color has-link-color has-small-font-size wp-elements-a2313e360e773493214f1b068a033da7\">Nos primeiros dias de 1891, ele recebeu do professor Ribot, editor da Philosophical Review, informa\u00e7\u00f5es sobre o lan\u00e7amento do Journal Annales des Sciences Psychiques, editado pelo Dr. Darieux, sob o patroc\u00ednio de Charles Richet. Sua opini\u00e3o inicial sobre essa publica\u00e7\u00e3o foi a pior poss\u00edvel, pois ele considerava um verdadeiro esc\u00e2ndalo que representantes da ci\u00eancia oficial levassem a s\u00e9rio a possibilidade de transmiss\u00e3o de pensamento entre pessoas que vivem em continentes diferentes, o aparecimento de fantasmas e a exist\u00eancia das chamadas casas mal-assombradas. Ao mesmo tempo, o professor Rosenbach, de S\u00e3o Petersburgo (atual Leningrado), publicou um artigo violento na Philosophical Review, opondo-se \u00e0 introdu\u00e7\u00e3o desse novo misticismo no dom\u00ednio da psicologia oficial.<\/p>\n\n\n\n<p class=\"has-black-color has-text-color has-link-color has-small-font-size wp-elements-f8de52baad281048681f7513d3ab06a8\">Na edi\u00e7\u00e3o subsequente, o Dr. Charles Richet refutou, ponto por ponto, as afirma\u00e7\u00f5es de Rosenbach, que ele considerava err\u00f4neas, e depois mostrou suas conclus\u00f5es l\u00f3gicas sobre o assunto. Esse artigo do acad\u00eamico franc\u00eas teve o m\u00e9rito de diminuir as d\u00favidas de Bozzano. Os \u00faltimos res\u00edduos dessa d\u00favida foram completamente destru\u00eddos na mente de Bozzano quando ele leu o livro Ghosts of the Living, de Gurney, Podmore e Myers.<\/p>\n\n\n\n<p class=\"has-black-color has-text-color has-link-color has-small-font-size wp-elements-7c3d0dbb7e29bc75742119b9615e353b\">Assim, as d\u00favidas que ele alimentava sobre os fen\u00f4menos telep\u00e1ticos foram completamente eliminadas. A partir de ent\u00e3o, ele se dedicou com verdadeiro zelo e fervor ao estudo profundo dos fen\u00f4menos esp\u00edritas por meio das obras de Allan Kardec, Leon Denis, Gabriel Delanne, Paul Gibier, William Crookes, Russell Wallace, Du Prel, Alexander Aksakof e outros. Como passo inicial para um estudo mais aprofundado, Bozzano organizou um grupo experimental, do qual participaram o Dr. Giuseppe Venzano, Luigi Vassalo e os professores Enrique Morselli e Francesco Porro, da Universidade de G\u00eanova.<\/p>\n\n\n\n<p class=\"has-black-color has-text-color has-link-color has-small-font-size wp-elements-a22af3853eae50bd08a9d7b05c5672e9\">No decorrer de cinco anos consecutivos, gra\u00e7as ao intenso trabalho realizado, esse pequeno grupo forneceu vasto material \u00e0 imprensa italiana e, cruzando as fronteiras da pen\u00ednsula, chegou a v\u00e1rios pa\u00edses, pois, praticamente, a realiza\u00e7\u00e3o de quase todos os fen\u00f4menos havia sido objetivada, culminando com a materializa\u00e7\u00e3o de seis Esp\u00edritos, de forma bastante vis\u00edvel e com a mais r\u00edgida comprova\u00e7\u00e3o. Seu primeiro artigo foi intitulado Spiritualism and Scientific Criticism (Espiritualismo e cr\u00edtica cient\u00edfica), mas o s\u00e1bio passou quase nove anos estudando, comparando e analisando antes de publicar suas ideias. Polemista de vastos recursos, ele se envolveu em quatro amargas e importantes pol\u00eamicas com os detratores do Espiritualismo. Para pulverizar uma obra de ataque publicada na \u00e9poca, ele mandou publicar um livro de duzentas p\u00e1ginas, intitulado In Defence of Spiritualism (Em defesa do espiritismo).<\/p>\n\n\n\n<p class=\"has-black-color has-text-color has-link-color has-small-font-size wp-elements-9009ea67fcbed7ba8f7da941472cb407\">A primeira obra publicada por ele, com o prop\u00f3sito de sustentar a tese esp\u00edrita, foi Hip\u00f3tese Esp\u00edrita e Teoria Cient\u00edfica, \u00e0 qual se seguiram outras n\u00e3o menos importantes: Dos Casos de Identifica\u00e7\u00e3o Esp\u00edrita, dos Fen\u00f4menos Premonit\u00f3rios e A Primeira Manifesta\u00e7\u00e3o de Voz Direta na It\u00e1lia. As seguintes obras de Bozzano foram traduzidas para o portugu\u00eas: Animismo ou Espiritismo, Pensamento e Vontade, Os Enigmas da Psicometria, Metaps\u00edquica Humana, A Crise da Morte, Xenoglossia, Fen\u00f4menos Ps\u00edquicos no Momento da Morte e Fen\u00f4menos de Transporte.<\/p>\n\n\n\n<p class=\"has-black-color has-text-color has-link-color has-small-font-size wp-elements-4c3eeac8ae5371e4276853b63c727117\">A dedica\u00e7\u00e3o ao trabalho fez com que o grande estudioso italiano se tornasse de direito e de fato um dos mais destacados investigadores dos fen\u00f4menos esp\u00edritas, impondo-se pela proje\u00e7\u00e3o de seu nome e pelo profundo amor que devotava \u00e0 causa que abra\u00e7ara e defendia com toda a for\u00e7a de sua inabal\u00e1vel convic\u00e7\u00e3o. Um novo fato veio a contribuir para o fortalecimento de sua cren\u00e7a no Espiritismo.<\/p>\n\n\n\n<p class=\"has-black-color has-text-color has-link-color has-small-font-size wp-elements-a3e7f9462afcca6e459bd395f1154d61\">A desencarna\u00e7\u00e3o de sua m\u00e3e em julho de 1912 serviu de ponte para a demonstra\u00e7\u00e3o da sobreviv\u00eancia da alma; Bozzano realizava sess\u00f5es semanais naquela \u00e9poca com um pequeno grupo de amigos e com a participa\u00e7\u00e3o de um m\u00e9dium famoso. Durante uma sess\u00e3o na data em que se comemorava o primeiro anivers\u00e1rio do desencarne de sua m\u00e3e, o m\u00e9dium escreveu algumas palavras em um peda\u00e7o de papel que, depois que Bozzano as leu, o deixou at\u00f4nito. Ali estavam escritos os dois \u00faltimos versos do epit\u00e1fio que ele havia deixado no t\u00famulo de sua m\u00e3e naquele mesmo dia. Entre 1906 e 1939, Bozzano colaborou intensamente com a revista esp\u00edrita Luce e Ombra, escrevendo centenas de artigos para revistas esp\u00edritas publicadas na It\u00e1lia, na Fran\u00e7a, na Inglaterra e em outros pa\u00edses.<\/p>\n\n\n\n<p class=\"has-black-color has-text-color has-link-color has-small-font-size wp-elements-668d0fad8021119bb5adb7a8b419263d\">Ernesto Bozzano continua sendo, sem a menor d\u00favida, a maior express\u00e3o esp\u00edrita da atualidade. Falecido h\u00e1 alguns anos, o grande mestre italiano continua sendo o autor citado na literatura esp\u00edrita contempor\u00e2nea no campo da fenomenologia. \u00c9 verdade que nenhum dos grandes autores esp\u00edritas, de Croques a Bozzano, de Flammarion a Geley, jamais destruiu a imin\u00eancia da obra de Allan Kardec.<\/p>\n\n\n\n<p class=\"has-black-color has-text-color has-link-color has-small-font-size wp-elements-4f387c5633d838c0af18c026396f30a0\">Novas terminologias, interpreta\u00e7\u00f5es mais desenvolvidas, at\u00e9 certo ponto, \u00e9 o que estamos percebendo depois de Kardec, embora todos os ramos do conhecimento se enrique\u00e7am com o passar dos anos. Basicamente, por\u00e9m, no que diz respeito aos princ\u00edpios gerais do Espiritismo, nenhum autor, na Terra ou no Al\u00e9m, superou a codifica\u00e7\u00e3o de Kardec. Ernesto Bozzano deu uma contribui\u00e7\u00e3o inestim\u00e1vel \u00e0 ci\u00eancia esp\u00edrita. Basta dizer que as obras de Bozzano s\u00e3o sempre uma fonte universal. N\u00e3o \u00e9 poss\u00edvel hoje discutir a ci\u00eancia esp\u00edrita sem, depois de conhecer a obra de Kardec, citar Bozzano.<\/p>\n\n\n\n<p class=\"has-black-color has-text-color has-link-color has-small-font-size wp-elements-84db48eedab64f46ea075cd578c1f519\"><em>Seus livros s\u00e3o considerados cl\u00e1ssicos sobre assuntos esp\u00edritas.<\/em><\/p>\n<\/div><\/div>","protected":false},"excerpt":{"rendered":"<p>Ernesto Bozzano Ernesto Bozzano fue uno de los m\u00e1s eruditos sabios de los \u00faltimos tiempos. Nacido en Savona, provincia de G\u00e9nova, Italia, en el a\u00f1o de 1861, vino a desencarnar en G\u00e9nova, el d\u00eda 7 de julio de 1943. Dado su inusitado inter\u00e9s por el estudio del Espiritismo, a cuyo af\u00e1n dedic\u00f3 la mitad de [&hellip;]<\/p>","protected":false},"author":1,"featured_media":0,"parent":0,"menu_order":0,"comment_status":"closed","ping_status":"closed","template":"","meta":{"_uag_custom_page_level_css":"","site-sidebar-layout":"default","site-content-layout":"","ast-site-content-layout":"default","site-content-style":"default","site-sidebar-style":"default","ast-global-header-display":"","ast-banner-title-visibility":"","ast-main-header-display":"","ast-hfb-above-header-display":"","ast-hfb-below-header-display":"","ast-hfb-mobile-header-display":"","site-post-title":"disabled","ast-breadcrumbs-content":"","ast-featured-img":"","footer-sml-layout":"","theme-transparent-header-meta":"","adv-header-id-meta":"","stick-header-meta":"","header-above-stick-meta":"","header-main-stick-meta":"","header-below-stick-meta":"","astra-migrate-meta-layouts":"set","ast-page-background-enabled":"default","ast-page-background-meta":{"desktop":{"background-color":"var(--ast-global-color-4)","background-image":"","background-repeat":"repeat","background-position":"center center","background-size":"auto","background-attachment":"scroll","background-type":"","background-media":"","overlay-type":"","overlay-color":"","overlay-opacity":"","overlay-gradient":""},"tablet":{"background-color":"","background-image":"","background-repeat":"repeat","background-position":"center center","background-size":"auto","background-attachment":"scroll","background-type":"","background-media":"","overlay-type":"","overlay-color":"","overlay-opacity":"","overlay-gradient":""},"mobile":{"background-color":"","background-image":"","background-repeat":"repeat","background-position":"center center","background-size":"auto","background-attachment":"scroll","background-type":"","background-media":"","overlay-type":"","overlay-color":"","overlay-opacity":"","overlay-gradient":""}},"ast-content-background-meta":{"desktop":{"background-color":"var(--ast-global-color-5)","background-image":"","background-repeat":"repeat","background-position":"center center","background-size":"auto","background-attachment":"scroll","background-type":"","background-media":"","overlay-type":"","overlay-color":"","overlay-opacity":"","overlay-gradient":""},"tablet":{"background-color":"var(--ast-global-color-5)","background-image":"","background-repeat":"repeat","background-position":"center center","background-size":"auto","background-attachment":"scroll","background-type":"","background-media":"","overlay-type":"","overlay-color":"","overlay-opacity":"","overlay-gradient":""},"mobile":{"background-color":"var(--ast-global-color-5)","background-image":"","background-repeat":"repeat","background-position":"center center","background-size":"auto","background-attachment":"scroll","background-type":"","background-media":"","overlay-type":"","overlay-color":"","overlay-opacity":"","overlay-gradient":""}},"footnotes":""},"class_list":["post-3419","page","type-page","status-publish","hentry"],"yoast_head":"<!-- This site is optimized with the Yoast SEO Premium plugin v24.2 (Yoast SEO v24.6) - https:\/\/yoast.com\/wordpress\/plugins\/seo\/ -->\n<title>Ernesto Bozzano - Uni\u00f3n Esp\u00edrita<\/title>\n<meta name=\"robots\" content=\"index, follow, max-snippet:-1, max-image-preview:large, max-video-preview:-1\" \/>\n<link rel=\"canonical\" href=\"https:\/\/nuevo-renacer.com\/pt\/ernesto-bozzano\/\" \/>\n<meta property=\"og:locale\" content=\"pt_BR\" \/>\n<meta property=\"og:type\" content=\"article\" \/>\n<meta property=\"og:title\" content=\"Ernesto Bozzano\" \/>\n<meta property=\"og:description\" content=\"Ernesto Bozzano Ernesto Bozzano fue uno de los m\u00e1s eruditos sabios de los \u00faltimos tiempos. Nacido en Savona, provincia de G\u00e9nova, Italia, en el a\u00f1o de 1861, vino a desencarnar en G\u00e9nova, el d\u00eda 7 de julio de 1943. Dado su inusitado inter\u00e9s por el estudio del Espiritismo, a cuyo af\u00e1n dedic\u00f3 la mitad de [&hellip;]\" \/>\n<meta property=\"og:url\" content=\"https:\/\/nuevo-renacer.com\/pt\/ernesto-bozzano\/\" \/>\n<meta property=\"og:site_name\" content=\"Uni\u00f3n Esp\u00edrita\" \/>\n<meta property=\"article:publisher\" content=\"https:\/\/www.facebook.com\/groups\/3431398063740829\" \/>\n<meta property=\"article:modified_time\" content=\"2024-07-09T05:58:10+00:00\" \/>\n<meta property=\"og:image\" content=\"https:\/\/ufec-mundial.com\/wp-content\/uploads\/2024\/07\/bozzano_ritratto.jpg\" \/>\n<meta name=\"twitter:card\" content=\"summary_large_image\" \/>\n<meta name=\"twitter:label1\" content=\"Est. tempo de leitura\" \/>\n\t<meta name=\"twitter:data1\" content=\"7 minutos\" \/>\n<script type=\"application\/ld+json\" class=\"yoast-schema-graph\">{\"@context\":\"https:\/\/schema.org\",\"@graph\":[{\"@type\":\"WebPage\",\"@id\":\"https:\/\/nuevo-renacer.com\/ernesto-bozzano\/\",\"url\":\"https:\/\/nuevo-renacer.com\/ernesto-bozzano\/\",\"name\":\"Ernesto Bozzano - Uni\u00f3n Esp\u00edrita\",\"isPartOf\":{\"@id\":\"https:\/\/nuevo-renacer.com\/#website\"},\"primaryImageOfPage\":{\"@id\":\"https:\/\/nuevo-renacer.com\/ernesto-bozzano\/#primaryimage\"},\"image\":{\"@id\":\"https:\/\/nuevo-renacer.com\/ernesto-bozzano\/#primaryimage\"},\"thumbnailUrl\":\"https:\/\/ufec-mundial.com\/wp-content\/uploads\/2024\/07\/bozzano_ritratto.jpg\",\"datePublished\":\"2024-07-09T05:58:08+00:00\",\"dateModified\":\"2024-07-09T05:58:10+00:00\",\"breadcrumb\":{\"@id\":\"https:\/\/nuevo-renacer.com\/ernesto-bozzano\/#breadcrumb\"},\"inLanguage\":\"pt-BR\",\"potentialAction\":[{\"@type\":\"ReadAction\",\"target\":[\"https:\/\/nuevo-renacer.com\/ernesto-bozzano\/\"]}]},{\"@type\":\"ImageObject\",\"inLanguage\":\"pt-BR\",\"@id\":\"https:\/\/nuevo-renacer.com\/ernesto-bozzano\/#primaryimage\",\"url\":\"https:\/\/ufec-mundial.com\/wp-content\/uploads\/2024\/07\/bozzano_ritratto.jpg\",\"contentUrl\":\"https:\/\/ufec-mundial.com\/wp-content\/uploads\/2024\/07\/bozzano_ritratto.jpg\"},{\"@type\":\"BreadcrumbList\",\"@id\":\"https:\/\/nuevo-renacer.com\/ernesto-bozzano\/#breadcrumb\",\"itemListElement\":[{\"@type\":\"ListItem\",\"position\":1,\"name\":\"Startseite\",\"item\":\"https:\/\/nuevo-renacer.com\/\"},{\"@type\":\"ListItem\",\"position\":2,\"name\":\"Ernesto Bozzano\"}]},{\"@type\":\"WebSite\",\"@id\":\"https:\/\/nuevo-renacer.com\/#website\",\"url\":\"https:\/\/nuevo-renacer.com\/\",\"name\":\"Uni\u00f3n Esp\u00edrita\",\"description\":\"Nuevo Renacer\",\"publisher\":{\"@id\":\"https:\/\/nuevo-renacer.com\/#organization\"},\"potentialAction\":[{\"@type\":\"SearchAction\",\"target\":{\"@type\":\"EntryPoint\",\"urlTemplate\":\"https:\/\/nuevo-renacer.com\/?s={search_term_string}\"},\"query-input\":{\"@type\":\"PropertyValueSpecification\",\"valueRequired\":true,\"valueName\":\"search_term_string\"}}],\"inLanguage\":\"pt-BR\"},{\"@type\":\"Organization\",\"@id\":\"https:\/\/nuevo-renacer.com\/#organization\",\"name\":\"UFEC\",\"url\":\"https:\/\/nuevo-renacer.com\/\",\"logo\":{\"@type\":\"ImageObject\",\"inLanguage\":\"pt-BR\",\"@id\":\"https:\/\/nuevo-renacer.com\/#\/schema\/logo\/image\/\",\"url\":\"https:\/\/nuevo-renacer.com\/wp-content\/uploads\/2024\/05\/cropped-LOGO-TERMINADO1-3-3.png\",\"contentUrl\":\"https:\/\/nuevo-renacer.com\/wp-content\/uploads\/2024\/05\/cropped-LOGO-TERMINADO1-3-3.png\",\"width\":512,\"height\":512,\"caption\":\"UFEC\"},\"image\":{\"@id\":\"https:\/\/nuevo-renacer.com\/#\/schema\/logo\/image\/\"},\"sameAs\":[\"https:\/\/www.facebook.com\/groups\/3431398063740829\"]}]}<\/script>\n<!-- \/ Yoast SEO Premium plugin. -->","yoast_head_json":{"title":"Ernesto Bozzano - Uni\u00f3n Esp\u00edrita","robots":{"index":"index","follow":"follow","max-snippet":"max-snippet:-1","max-image-preview":"max-image-preview:large","max-video-preview":"max-video-preview:-1"},"canonical":"https:\/\/nuevo-renacer.com\/pt\/ernesto-bozzano\/","og_locale":"pt_BR","og_type":"article","og_title":"Ernesto Bozzano","og_description":"Ernesto Bozzano Ernesto Bozzano fue uno de los m\u00e1s eruditos sabios de los \u00faltimos tiempos. Nacido en Savona, provincia de G\u00e9nova, Italia, en el a\u00f1o de 1861, vino a desencarnar en G\u00e9nova, el d\u00eda 7 de julio de 1943. Dado su inusitado inter\u00e9s por el estudio del Espiritismo, a cuyo af\u00e1n dedic\u00f3 la mitad de [&hellip;]","og_url":"https:\/\/nuevo-renacer.com\/pt\/ernesto-bozzano\/","og_site_name":"Uni\u00f3n Esp\u00edrita","article_publisher":"https:\/\/www.facebook.com\/groups\/3431398063740829","article_modified_time":"2024-07-09T05:58:10+00:00","og_image":[{"url":"https:\/\/ufec-mundial.com\/wp-content\/uploads\/2024\/07\/bozzano_ritratto.jpg","type":"","width":"","height":""}],"twitter_card":"summary_large_image","twitter_misc":{"Est. tempo de leitura":"7 minutos"},"schema":{"@context":"https:\/\/schema.org","@graph":[{"@type":"WebPage","@id":"https:\/\/nuevo-renacer.com\/ernesto-bozzano\/","url":"https:\/\/nuevo-renacer.com\/ernesto-bozzano\/","name":"Ernesto Bozzano - Uni\u00f3n Esp\u00edrita","isPartOf":{"@id":"https:\/\/nuevo-renacer.com\/#website"},"primaryImageOfPage":{"@id":"https:\/\/nuevo-renacer.com\/ernesto-bozzano\/#primaryimage"},"image":{"@id":"https:\/\/nuevo-renacer.com\/ernesto-bozzano\/#primaryimage"},"thumbnailUrl":"https:\/\/ufec-mundial.com\/wp-content\/uploads\/2024\/07\/bozzano_ritratto.jpg","datePublished":"2024-07-09T05:58:08+00:00","dateModified":"2024-07-09T05:58:10+00:00","breadcrumb":{"@id":"https:\/\/nuevo-renacer.com\/ernesto-bozzano\/#breadcrumb"},"inLanguage":"pt-BR","potentialAction":[{"@type":"ReadAction","target":["https:\/\/nuevo-renacer.com\/ernesto-bozzano\/"]}]},{"@type":"ImageObject","inLanguage":"pt-BR","@id":"https:\/\/nuevo-renacer.com\/ernesto-bozzano\/#primaryimage","url":"https:\/\/ufec-mundial.com\/wp-content\/uploads\/2024\/07\/bozzano_ritratto.jpg","contentUrl":"https:\/\/ufec-mundial.com\/wp-content\/uploads\/2024\/07\/bozzano_ritratto.jpg"},{"@type":"BreadcrumbList","@id":"https:\/\/nuevo-renacer.com\/ernesto-bozzano\/#breadcrumb","itemListElement":[{"@type":"ListItem","position":1,"name":"Startseite","item":"https:\/\/nuevo-renacer.com\/"},{"@type":"ListItem","position":2,"name":"Ernesto Bozzano"}]},{"@type":"WebSite","@id":"https:\/\/nuevo-renacer.com\/#website","url":"https:\/\/nuevo-renacer.com\/","name":"Uni\u00f3n Esp\u00edrita","description":"Nuevo Renacer","publisher":{"@id":"https:\/\/nuevo-renacer.com\/#organization"},"potentialAction":[{"@type":"SearchAction","target":{"@type":"EntryPoint","urlTemplate":"https:\/\/nuevo-renacer.com\/?s={search_term_string}"},"query-input":{"@type":"PropertyValueSpecification","valueRequired":true,"valueName":"search_term_string"}}],"inLanguage":"pt-BR"},{"@type":"Organization","@id":"https:\/\/nuevo-renacer.com\/#organization","name":"UFEC","url":"https:\/\/nuevo-renacer.com\/","logo":{"@type":"ImageObject","inLanguage":"pt-BR","@id":"https:\/\/nuevo-renacer.com\/#\/schema\/logo\/image\/","url":"https:\/\/nuevo-renacer.com\/wp-content\/uploads\/2024\/05\/cropped-LOGO-TERMINADO1-3-3.png","contentUrl":"https:\/\/nuevo-renacer.com\/wp-content\/uploads\/2024\/05\/cropped-LOGO-TERMINADO1-3-3.png","width":512,"height":512,"caption":"UFEC"},"image":{"@id":"https:\/\/nuevo-renacer.com\/#\/schema\/logo\/image\/"},"sameAs":["https:\/\/www.facebook.com\/groups\/3431398063740829"]}]}},"uagb_featured_image_src":{"full":false,"thumbnail":false,"medium":false,"medium_large":false,"large":false,"1536x1536":false,"2048x2048":false,"trp-custom-language-flag":false},"uagb_author_info":{"display_name":"adbv0","author_link":"https:\/\/nuevo-renacer.com\/pt\/author\/adbv0\/"},"uagb_comment_info":0,"uagb_excerpt":"Ernesto Bozzano Ernesto Bozzano fue uno de los m\u00e1s eruditos sabios de los \u00faltimos tiempos. Nacido en Savona, provincia de G\u00e9nova, Italia, en el a\u00f1o de 1861, vino a desencarnar en G\u00e9nova, el d\u00eda 7 de julio de 1943. Dado su inusitado inter\u00e9s por el estudio del Espiritismo, a cuyo af\u00e1n dedic\u00f3 la mitad de&hellip;","jetpack_sharing_enabled":true,"_links":{"self":[{"href":"https:\/\/nuevo-renacer.com\/pt\/wp-json\/wp\/v2\/pages\/3419","targetHints":{"allow":["GET"]}}],"collection":[{"href":"https:\/\/nuevo-renacer.com\/pt\/wp-json\/wp\/v2\/pages"}],"about":[{"href":"https:\/\/nuevo-renacer.com\/pt\/wp-json\/wp\/v2\/types\/page"}],"author":[{"embeddable":true,"href":"https:\/\/nuevo-renacer.com\/pt\/wp-json\/wp\/v2\/users\/1"}],"replies":[{"embeddable":true,"href":"https:\/\/nuevo-renacer.com\/pt\/wp-json\/wp\/v2\/comments?post=3419"}],"version-history":[{"count":1,"href":"https:\/\/nuevo-renacer.com\/pt\/wp-json\/wp\/v2\/pages\/3419\/revisions"}],"predecessor-version":[{"id":3421,"href":"https:\/\/nuevo-renacer.com\/pt\/wp-json\/wp\/v2\/pages\/3419\/revisions\/3421"}],"wp:attachment":[{"href":"https:\/\/nuevo-renacer.com\/pt\/wp-json\/wp\/v2\/media?parent=3419"}],"curies":[{"name":"wp","href":"https:\/\/api.w.org\/{rel}","templated":true}]}}