{"id":3409,"date":"2024-07-08T12:44:09","date_gmt":"2024-07-08T12:44:09","guid":{"rendered":"https:\/\/ufec-mundial.com\/?page_id=3409"},"modified":"2024-07-17T09:12:31","modified_gmt":"2024-07-17T09:12:31","slug":"meimei","status":"publish","type":"page","link":"https:\/\/nuevo-renacer.com\/pt\/meimei\/","title":{"rendered":"Irma de Castro Rocha (MEIMEI)"},"content":{"rendered":"<div class=\"wp-block-uagb-container uagb-block-65207609 alignfull uagb-is-root-container\"><div class=\"uagb-container-inner-blocks-wrap\">\n<p class=\"has-black-color has-text-color has-link-color has-medium-font-size wp-elements-11fd72d2d2c523565598a9bde0983009\"><strong><strong>Irma de Castro Rocha (MEIMEI)<\/strong><\/strong><\/p>\n<\/div><\/div>\n\n\n\n<div class=\"wp-block-uagb-container uagb-block-2c8d54c0 alignfull uagb-is-root-container\"><div class=\"uagb-container-inner-blocks-wrap\">\n<figure class=\"wp-block-image size-full is-resized\"><img fetchpriority=\"high\" decoding=\"async\" width=\"640\" height=\"800\" src=\"https:\/\/ufec-mundial.com\/wp-content\/uploads\/2024\/07\/meimei.webp\" alt=\"\" class=\"wp-image-3410\" style=\"width:250px;height:auto\" srcset=\"https:\/\/nuevo-renacer.com\/wp-content\/uploads\/2024\/07\/meimei.webp 640w, https:\/\/nuevo-renacer.com\/wp-content\/uploads\/2024\/07\/meimei-240x300.webp 240w, https:\/\/nuevo-renacer.com\/wp-content\/uploads\/2024\/07\/meimei-10x12.webp 10w\" sizes=\"(max-width: 640px) 100vw, 640px\" \/><\/figure>\n<\/div><\/div>\n\n\n\n<div class=\"wp-block-uagb-container uagb-block-b3db2bfb alignfull uagb-is-root-container\"><div class=\"uagb-container-inner-blocks-wrap\">\n<p class=\"has-black-color has-text-color has-link-color has-small-font-size wp-elements-8da0cd55b964342aab7ee8f54d8f54bb\">Homenageada por tantas casas esp\u00edritas que adotaram seu nome; autora de v\u00e1rios livros psicografados por Chico Xavier, entre eles: \u201cPai Nosso\u201d, \u2018Amizade\u2019, \u2018Palavras do Cora\u00e7\u00e3o\u2019, \u2018Cartilha do Bem\u2019, \u2018Evangelho no Lar\u2019, \u2018Deus Espera\u2019, \u2018M\u00e3e\u2019, etc... e, no entanto, t\u00e3o pouco conhecida em raz\u00e3o dos testemunhos que teve que dar em vida, Irma de Castro - seu nome de batismo - foi um exemplo de resigna\u00e7\u00e3o diante da dor, que lhe tirou todos os prazeres que a vida poderia permitir a uma jovem cheia de sonhos e esperan\u00e7as. Meimei nasceu em 22 de outubro de 1922, na cidade de Mateus Leme \u2013 MG e mudou-se para Belo Horizonte em 1934, onde conheceu Arnaldo Rocha, com quem se casou aos 22 anos de idade, tornando-se Irma de Castro Rocha. O casamento durou apenas dois anos, pois ela faleceu aos 24 anos de idade, em 1\u00ba de outubro de 1946, na cidade de Belo Horizonte-MG, de complica\u00e7\u00f5es generalizadas decorrentes de nefrite cr\u00f4nica.<\/p>\n\n\n\n<p class=\"has-black-color has-text-color has-link-color has-small-font-size wp-elements-362affe5123846908e6b2c2e4c60faad\">Durante toda a sua inf\u00e2ncia, Meimei teve problemas com suas am\u00edgdalas. Sua regi\u00e3o gl\u00fatea ficou marcada pelas inje\u00e7\u00f5es. Pouco depois de seu casamento, ela voltou a sofrer da doen\u00e7a e teve que se submeter a uma opera\u00e7\u00e3o para remover as gl\u00e2ndulas. Infelizmente, ap\u00f3s a opera\u00e7\u00e3o, um pequeno peda\u00e7o permaneceu em seu corpo, dando origem a todo o drama que ela enfrentaria, pois a condi\u00e7\u00e3o foi complicada por problemas renais que culminaram em press\u00e3o alta e hipertens\u00e3o craniana.<\/p>\n\n\n\n<p class=\"has-black-color has-text-color has-link-color has-small-font-size wp-elements-afb9f1f0fe8cb51a2e8df99cc99d621f\">Devido \u00e0 hipertens\u00e3o, ela come\u00e7ou a sofrer de complica\u00e7\u00f5es oculares, perdendo progressivamente a vis\u00e3o e tendo que ficar em um quarto escuro dia e noite, e nos \u00faltimos dois dias de sua vida ficou completamente cega. Durante os \u00faltimos dias de sua vida, seu sofrimento aumentou. Ela tinha que se submeter a exames semanais de urina e sangue e a pun\u00e7\u00f5es de medula \u00f3ssea. De acordo com Arnaldo Rocha, seu marido, Meimei viveu esse per\u00edodo com muita resigna\u00e7\u00e3o, humildade e paci\u00eancia.<\/p>\n\n\n\n<p class=\"has-black-color has-text-color has-link-color has-small-font-size wp-elements-f7bf06cdebb2b985b8cf264e6c5c6468\">Os \u00faltimos momentos foram muito dolorosos. Seus pulm\u00f5es falharam e ele sofreu um edema agudo que o levou a sangrar pela boca. Seus \u00faltimos trinta minutos de vida foram repletos de desespero e ang\u00fastia. Mas no final desse per\u00edodo, com o fim de sua vida f\u00edsica, seu corpo recuperou a express\u00e3o calma que sempre a caracterizou. Meimei foi enterrada no cemit\u00e9rio do Bonfim, em Belo Horizonte.<\/p>\n\n\n\n<p class=\"has-black-color has-text-color has-link-color has-small-font-size wp-elements-9862210a0b7827ef352d547005b3f5e5\">Cerca de cinquenta dias ap\u00f3s a desencarna\u00e7\u00e3o de sua esposa, Arnaldo Rocha, profundamente entristecido, acompanhado de seu irm\u00e3o Orlando, que era Espiritista, caminhava pela Avenida Santos Dumont, em Belo Horizonte, quando viu o m\u00e9dium Chico Xavier. Arnaldo n\u00e3o era Espiritista e nunca havia desfrutado da companhia do m\u00e9dium at\u00e9 aquele momento. H\u00e1 quase dez anos, ele havia sido apresentado a ele muito brevemente. Ele devia ter pouco mais de doze anos de idade. O que aconteceu ali, naquele momento, mudou completamente sua vida. E ele mesmo conta o que aconteceu: \u201cChico olhou para mim e disse: \u2018Bem, amigos, \u00e9 o nosso Arnaldo, ele est\u00e1 triste, magro, cheio de saudades da querida Meimei\u2019... Acariciando-me, com a ternura que lhe era peculiar, disse: \u2018Deixe-me ver, meu filho, o retrato da nossa Meimei que voc\u00ea guarda na carteira\u2019. E assim, depois de olhar o retrato que Arnaldo lhe apresentara, Chico disse: \u201cNossa querida princesa Meimei est\u00e1 muito ansiosa para falar com voc\u00ea!<\/p>\n\n\n\n<p class=\"has-black-color has-text-color has-link-color has-small-font-size wp-elements-72de240759c96222adab8b80f6f5b501\">E naquela noite, em uma reuni\u00e3o realizada na casa de alguns amigos Espiritistas em Belo Horizonte, Meimei deixou sua primeira mensagem psicografada. E, com o passar dos anos, Chico revelou aos amigos mais pr\u00f3ximos que Meimei era a mesma Blandina mencionada por Andr\u00e9 Luiz em \u201cEntre a Terra e o C\u00e9u\u201d (cap\u00edtulos 9 e 10), que vivia na cidade espiritual de \u201cNosso Lar\u201d; disse tamb\u00e9m que era a mesma Blandina, filha de Taciano e Helena, descrita por Emmanuel no romance \u201cAve Cristo\u201d, que viveu no s\u00e9culo III depois de Jesus.<\/p>\n\n\n\n<p class=\"has-black-color has-text-color has-link-color has-small-font-size wp-elements-38992d5a302f17880c980bd19906e516\">Por fim, resta apenas dizer que \u201cMeimei\u201d foi um apelido carinhoso que o casal Arnando-Irma come\u00e7ou a usar depois de ler um conto intitulado \u201cA Moment in Beijing\u201d (Um momento em Pequim) de um autor americano. Os dois come\u00e7aram a se chamar de \u201cMy Meimei\u201d. E, de acordo com Arnando, Chico n\u00e3o poderia saber disso.<\/p>\n\n\n\n<p class=\"has-black-color has-text-color has-link-color has-small-font-size wp-elements-f15c0b56aaff4b0945e25201b7a42f93\">(Meimei - uma express\u00e3o chinesa que significa \u201camor puro\u201d)<\/p>\n\n\n\n<p class=\"has-black-color has-text-color has-link-color has-small-font-size wp-elements-8f43f9bf90d7b15986abe336999b9c96\">\u201cCerta noite, sentimos o cheiro de um perfume delicioso. Intimamente, achei que era o mesmo que Meimei costumava usar. Fiquei surpreso quando notei que o corredor estava gradualmente ficando mais claro, como se algu\u00e9m estivesse andando por ele carregando uma tocha. De repente, a luz se apagou. Momentos depois, a sala se iluminou novamente. No centro da sala havia uma est\u00e1tua luminescente. Um v\u00e9u cobria seu rosto. Ela levantou os dois bra\u00e7os e, com eleg\u00e2ncia et\u00e9rea, retirou-o, passando as m\u00e3os pela cabe\u00e7a, fazendo com que uma cascata de belos cabelos negros ca\u00edsse at\u00e9 sua cintura. Era Meimei. Ela olhou para mim, me cumprimentou e foi at\u00e9 onde eu estava sentado. Ela estava vestida com um tecido leve e transparente. Estava linda. Levantei-me para abra\u00e7\u00e1-la e senti o batimento de seu cora\u00e7\u00e3o espiritual. N\u00f3s nos beijamos fraternalmente e ela acariciou meu rosto e brincou com minhas orelhas. Enquanto eu elogiava sua beleza, a fragr\u00e2ncia que exalava, a eleg\u00e2ncia de suas roupas, em sua feminilidade discreta, ela me disse: \u201cBem, minha Meimei, aqui tamb\u00e9m nos preocupamos com a apresenta\u00e7\u00e3o pessoal! Ajudar nossos companheiros, o trabalho fraterno nos torna mais bonitos e, afinal, sou uma mulher! Eu me preparei para voc\u00ea, meu jovem! Voc\u00ea n\u00e3o gostaria de uma Meimei feia!\u201d<\/p>\n<\/div><\/div>","protected":false},"excerpt":{"rendered":"<p>Irma de Castro Rocha (MEIMEI) Honrada por tantas casas esp\u00edritas que adoptaron su nombre; autora de varios libros psicografiados por Chico Xavier, entre ellos: \u00abPadre Nuestro\u00bb, \u00abAmistad\u00bb, \u00abPalabras del Coraz\u00f3n\u00bb, \u00abCartilla del Bien\u00bb, \u00abEvangelio en Casa\u00bb, \u00abDios Espera\u00bb, \u00abMadre\u00bb, etc&#8230; y, sin embargo, tan poco conocida por los testimonios que tuvo que dar en vida, [&hellip;]<\/p>","protected":false},"author":1,"featured_media":3410,"parent":0,"menu_order":0,"comment_status":"closed","ping_status":"closed","template":"","meta":{"_uag_custom_page_level_css":"","site-sidebar-layout":"default","site-content-layout":"","ast-site-content-layout":"default","site-content-style":"default","site-sidebar-style":"default","ast-global-header-display":"","ast-banner-title-visibility":"","ast-main-header-display":"","ast-hfb-above-header-display":"","ast-hfb-below-header-display":"","ast-hfb-mobile-header-display":"","site-post-title":"disabled","ast-breadcrumbs-content":"","ast-featured-img":"","footer-sml-layout":"","theme-transparent-header-meta":"","adv-header-id-meta":"","stick-header-meta":"","header-above-stick-meta":"","header-main-stick-meta":"","header-below-stick-meta":"","astra-migrate-meta-layouts":"set","ast-page-background-enabled":"default","ast-page-background-meta":{"desktop":{"background-color":"var(--ast-global-color-4)","background-image":"","background-repeat":"repeat","background-position":"center center","background-size":"auto","background-attachment":"scroll","background-type":"","background-media":"","overlay-type":"","overlay-color":"","overlay-opacity":"","overlay-gradient":""},"tablet":{"background-color":"","background-image":"","background-repeat":"repeat","background-position":"center center","background-size":"auto","background-attachment":"scroll","background-type":"","background-media":"","overlay-type":"","overlay-color":"","overlay-opacity":"","overlay-gradient":""},"mobile":{"background-color":"","background-image":"","background-repeat":"repeat","background-position":"center center","background-size":"auto","background-attachment":"scroll","background-type":"","background-media":"","overlay-type":"","overlay-color":"","overlay-opacity":"","overlay-gradient":""}},"ast-content-background-meta":{"desktop":{"background-color":"var(--ast-global-color-5)","background-image":"","background-repeat":"repeat","background-position":"center center","background-size":"auto","background-attachment":"scroll","background-type":"","background-media":"","overlay-type":"","overlay-color":"","overlay-opacity":"","overlay-gradient":""},"tablet":{"background-color":"var(--ast-global-color-5)","background-image":"","background-repeat":"repeat","background-position":"center center","background-size":"auto","background-attachment":"scroll","background-type":"","background-media":"","overlay-type":"","overlay-color":"","overlay-opacity":"","overlay-gradient":""},"mobile":{"background-color":"var(--ast-global-color-5)","background-image":"","background-repeat":"repeat","background-position":"center center","background-size":"auto","background-attachment":"scroll","background-type":"","background-media":"","overlay-type":"","overlay-color":"","overlay-opacity":"","overlay-gradient":""}},"footnotes":""},"class_list":["post-3409","page","type-page","status-publish","has-post-thumbnail","hentry"],"yoast_head":"<!-- This site is optimized with the Yoast SEO Premium plugin v24.2 (Yoast SEO v24.6) - https:\/\/yoast.com\/wordpress\/plugins\/seo\/ -->\n<title>Irma de Castro Rocha (MEIMEI) - Uni\u00f3n Esp\u00edrita<\/title>\n<meta name=\"robots\" content=\"index, follow, max-snippet:-1, max-image-preview:large, max-video-preview:-1\" \/>\n<link rel=\"canonical\" href=\"https:\/\/nuevo-renacer.com\/pt\/meimei\/\" \/>\n<meta property=\"og:locale\" content=\"pt_BR\" \/>\n<meta property=\"og:type\" content=\"article\" \/>\n<meta property=\"og:title\" content=\"Irma de Castro Rocha (MEIMEI)\" \/>\n<meta property=\"og:description\" content=\"Irma de Castro Rocha (MEIMEI) Honrada por tantas casas esp\u00edritas que adoptaron su nombre; autora de varios libros psicografiados por Chico Xavier, entre ellos: \u00abPadre Nuestro\u00bb, \u00abAmistad\u00bb, \u00abPalabras del Coraz\u00f3n\u00bb, \u00abCartilla del Bien\u00bb, \u00abEvangelio en Casa\u00bb, \u00abDios Espera\u00bb, \u00abMadre\u00bb, etc&#8230; y, sin embargo, tan poco conocida por los testimonios que tuvo que dar en vida, [&hellip;]\" \/>\n<meta property=\"og:url\" content=\"https:\/\/nuevo-renacer.com\/pt\/meimei\/\" \/>\n<meta property=\"og:site_name\" content=\"Uni\u00f3n Esp\u00edrita\" \/>\n<meta property=\"article:publisher\" content=\"https:\/\/www.facebook.com\/groups\/3431398063740829\" \/>\n<meta property=\"article:modified_time\" content=\"2024-07-17T09:12:31+00:00\" \/>\n<meta property=\"og:image\" content=\"https:\/\/nuevo-renacer.com\/wp-content\/uploads\/2024\/07\/meimei.webp\" \/>\n\t<meta property=\"og:image:width\" content=\"640\" \/>\n\t<meta property=\"og:image:height\" content=\"800\" \/>\n\t<meta property=\"og:image:type\" content=\"image\/webp\" \/>\n<meta name=\"twitter:card\" content=\"summary_large_image\" \/>\n<meta name=\"twitter:label1\" content=\"Est. tempo de leitura\" \/>\n\t<meta name=\"twitter:data1\" content=\"5 minutos\" \/>\n<script type=\"application\/ld+json\" class=\"yoast-schema-graph\">{\"@context\":\"https:\/\/schema.org\",\"@graph\":[{\"@type\":\"WebPage\",\"@id\":\"https:\/\/nuevo-renacer.com\/meimei\/\",\"url\":\"https:\/\/nuevo-renacer.com\/meimei\/\",\"name\":\"Irma de Castro Rocha (MEIMEI) - Uni\u00f3n Esp\u00edrita\",\"isPartOf\":{\"@id\":\"https:\/\/nuevo-renacer.com\/#website\"},\"primaryImageOfPage\":{\"@id\":\"https:\/\/nuevo-renacer.com\/meimei\/#primaryimage\"},\"image\":{\"@id\":\"https:\/\/nuevo-renacer.com\/meimei\/#primaryimage\"},\"thumbnailUrl\":\"https:\/\/nuevo-renacer.com\/wp-content\/uploads\/2024\/07\/meimei.webp\",\"datePublished\":\"2024-07-08T12:44:09+00:00\",\"dateModified\":\"2024-07-17T09:12:31+00:00\",\"breadcrumb\":{\"@id\":\"https:\/\/nuevo-renacer.com\/meimei\/#breadcrumb\"},\"inLanguage\":\"pt-BR\",\"potentialAction\":[{\"@type\":\"ReadAction\",\"target\":[\"https:\/\/nuevo-renacer.com\/meimei\/\"]}]},{\"@type\":\"ImageObject\",\"inLanguage\":\"pt-BR\",\"@id\":\"https:\/\/nuevo-renacer.com\/meimei\/#primaryimage\",\"url\":\"https:\/\/nuevo-renacer.com\/wp-content\/uploads\/2024\/07\/meimei.webp\",\"contentUrl\":\"https:\/\/nuevo-renacer.com\/wp-content\/uploads\/2024\/07\/meimei.webp\",\"width\":640,\"height\":800},{\"@type\":\"BreadcrumbList\",\"@id\":\"https:\/\/nuevo-renacer.com\/meimei\/#breadcrumb\",\"itemListElement\":[{\"@type\":\"ListItem\",\"position\":1,\"name\":\"Startseite\",\"item\":\"https:\/\/nuevo-renacer.com\/\"},{\"@type\":\"ListItem\",\"position\":2,\"name\":\"Irma de Castro Rocha (MEIMEI)\"}]},{\"@type\":\"WebSite\",\"@id\":\"https:\/\/nuevo-renacer.com\/#website\",\"url\":\"https:\/\/nuevo-renacer.com\/\",\"name\":\"Uni\u00f3n Esp\u00edrita\",\"description\":\"Nuevo Renacer\",\"publisher\":{\"@id\":\"https:\/\/nuevo-renacer.com\/#organization\"},\"potentialAction\":[{\"@type\":\"SearchAction\",\"target\":{\"@type\":\"EntryPoint\",\"urlTemplate\":\"https:\/\/nuevo-renacer.com\/?s={search_term_string}\"},\"query-input\":{\"@type\":\"PropertyValueSpecification\",\"valueRequired\":true,\"valueName\":\"search_term_string\"}}],\"inLanguage\":\"pt-BR\"},{\"@type\":\"Organization\",\"@id\":\"https:\/\/nuevo-renacer.com\/#organization\",\"name\":\"UFEC\",\"url\":\"https:\/\/nuevo-renacer.com\/\",\"logo\":{\"@type\":\"ImageObject\",\"inLanguage\":\"pt-BR\",\"@id\":\"https:\/\/nuevo-renacer.com\/#\/schema\/logo\/image\/\",\"url\":\"https:\/\/nuevo-renacer.com\/wp-content\/uploads\/2024\/05\/cropped-LOGO-TERMINADO1-3-3.png\",\"contentUrl\":\"https:\/\/nuevo-renacer.com\/wp-content\/uploads\/2024\/05\/cropped-LOGO-TERMINADO1-3-3.png\",\"width\":512,\"height\":512,\"caption\":\"UFEC\"},\"image\":{\"@id\":\"https:\/\/nuevo-renacer.com\/#\/schema\/logo\/image\/\"},\"sameAs\":[\"https:\/\/www.facebook.com\/groups\/3431398063740829\"]}]}<\/script>\n<!-- \/ Yoast SEO Premium plugin. -->","yoast_head_json":{"title":"Irma de Castro Rocha (MEIMEI) - Uni\u00f3n Esp\u00edrita","robots":{"index":"index","follow":"follow","max-snippet":"max-snippet:-1","max-image-preview":"max-image-preview:large","max-video-preview":"max-video-preview:-1"},"canonical":"https:\/\/nuevo-renacer.com\/pt\/meimei\/","og_locale":"pt_BR","og_type":"article","og_title":"Irma de Castro Rocha (MEIMEI)","og_description":"Irma de Castro Rocha (MEIMEI) Honrada por tantas casas esp\u00edritas que adoptaron su nombre; autora de varios libros psicografiados por Chico Xavier, entre ellos: \u00abPadre Nuestro\u00bb, \u00abAmistad\u00bb, \u00abPalabras del Coraz\u00f3n\u00bb, \u00abCartilla del Bien\u00bb, \u00abEvangelio en Casa\u00bb, \u00abDios Espera\u00bb, \u00abMadre\u00bb, etc&#8230; y, sin embargo, tan poco conocida por los testimonios que tuvo que dar en vida, [&hellip;]","og_url":"https:\/\/nuevo-renacer.com\/pt\/meimei\/","og_site_name":"Uni\u00f3n Esp\u00edrita","article_publisher":"https:\/\/www.facebook.com\/groups\/3431398063740829","article_modified_time":"2024-07-17T09:12:31+00:00","og_image":[{"width":640,"height":800,"url":"https:\/\/nuevo-renacer.com\/wp-content\/uploads\/2024\/07\/meimei.webp","type":"image\/webp"}],"twitter_card":"summary_large_image","twitter_misc":{"Est. tempo de leitura":"5 minutos"},"schema":{"@context":"https:\/\/schema.org","@graph":[{"@type":"WebPage","@id":"https:\/\/nuevo-renacer.com\/meimei\/","url":"https:\/\/nuevo-renacer.com\/meimei\/","name":"Irma de Castro Rocha (MEIMEI) - Uni\u00f3n Esp\u00edrita","isPartOf":{"@id":"https:\/\/nuevo-renacer.com\/#website"},"primaryImageOfPage":{"@id":"https:\/\/nuevo-renacer.com\/meimei\/#primaryimage"},"image":{"@id":"https:\/\/nuevo-renacer.com\/meimei\/#primaryimage"},"thumbnailUrl":"https:\/\/nuevo-renacer.com\/wp-content\/uploads\/2024\/07\/meimei.webp","datePublished":"2024-07-08T12:44:09+00:00","dateModified":"2024-07-17T09:12:31+00:00","breadcrumb":{"@id":"https:\/\/nuevo-renacer.com\/meimei\/#breadcrumb"},"inLanguage":"pt-BR","potentialAction":[{"@type":"ReadAction","target":["https:\/\/nuevo-renacer.com\/meimei\/"]}]},{"@type":"ImageObject","inLanguage":"pt-BR","@id":"https:\/\/nuevo-renacer.com\/meimei\/#primaryimage","url":"https:\/\/nuevo-renacer.com\/wp-content\/uploads\/2024\/07\/meimei.webp","contentUrl":"https:\/\/nuevo-renacer.com\/wp-content\/uploads\/2024\/07\/meimei.webp","width":640,"height":800},{"@type":"BreadcrumbList","@id":"https:\/\/nuevo-renacer.com\/meimei\/#breadcrumb","itemListElement":[{"@type":"ListItem","position":1,"name":"Startseite","item":"https:\/\/nuevo-renacer.com\/"},{"@type":"ListItem","position":2,"name":"Irma de Castro Rocha (MEIMEI)"}]},{"@type":"WebSite","@id":"https:\/\/nuevo-renacer.com\/#website","url":"https:\/\/nuevo-renacer.com\/","name":"Uni\u00f3n Esp\u00edrita","description":"Nuevo Renacer","publisher":{"@id":"https:\/\/nuevo-renacer.com\/#organization"},"potentialAction":[{"@type":"SearchAction","target":{"@type":"EntryPoint","urlTemplate":"https:\/\/nuevo-renacer.com\/?s={search_term_string}"},"query-input":{"@type":"PropertyValueSpecification","valueRequired":true,"valueName":"search_term_string"}}],"inLanguage":"pt-BR"},{"@type":"Organization","@id":"https:\/\/nuevo-renacer.com\/#organization","name":"UFEC","url":"https:\/\/nuevo-renacer.com\/","logo":{"@type":"ImageObject","inLanguage":"pt-BR","@id":"https:\/\/nuevo-renacer.com\/#\/schema\/logo\/image\/","url":"https:\/\/nuevo-renacer.com\/wp-content\/uploads\/2024\/05\/cropped-LOGO-TERMINADO1-3-3.png","contentUrl":"https:\/\/nuevo-renacer.com\/wp-content\/uploads\/2024\/05\/cropped-LOGO-TERMINADO1-3-3.png","width":512,"height":512,"caption":"UFEC"},"image":{"@id":"https:\/\/nuevo-renacer.com\/#\/schema\/logo\/image\/"},"sameAs":["https:\/\/www.facebook.com\/groups\/3431398063740829"]}]}},"uagb_featured_image_src":{"full":["https:\/\/nuevo-renacer.com\/wp-content\/uploads\/2024\/07\/meimei.webp",640,800,false],"thumbnail":["https:\/\/nuevo-renacer.com\/wp-content\/uploads\/2024\/07\/meimei-150x150.webp",150,150,true],"medium":["https:\/\/nuevo-renacer.com\/wp-content\/uploads\/2024\/07\/meimei-240x300.webp",240,300,true],"medium_large":["https:\/\/nuevo-renacer.com\/wp-content\/uploads\/2024\/07\/meimei.webp",640,800,false],"large":["https:\/\/nuevo-renacer.com\/wp-content\/uploads\/2024\/07\/meimei.webp",640,800,false],"1536x1536":["https:\/\/nuevo-renacer.com\/wp-content\/uploads\/2024\/07\/meimei.webp",640,800,false],"2048x2048":["https:\/\/nuevo-renacer.com\/wp-content\/uploads\/2024\/07\/meimei.webp",640,800,false],"trp-custom-language-flag":["https:\/\/nuevo-renacer.com\/wp-content\/uploads\/2024\/07\/meimei-10x12.webp",10,12,true]},"uagb_author_info":{"display_name":"adbv0","author_link":"https:\/\/nuevo-renacer.com\/pt\/author\/adbv0\/"},"uagb_comment_info":0,"uagb_excerpt":"Irma de Castro Rocha (MEIMEI) Honrada por tantas casas esp\u00edritas que adoptaron su nombre; autora de varios libros psicografiados por Chico Xavier, entre ellos: \u00abPadre Nuestro\u00bb, \u00abAmistad\u00bb, \u00abPalabras del Coraz\u00f3n\u00bb, \u00abCartilla del Bien\u00bb, \u00abEvangelio en Casa\u00bb, \u00abDios Espera\u00bb, \u00abMadre\u00bb, etc&#8230; y, sin embargo, tan poco conocida por los testimonios que tuvo que dar en vida,&hellip;","jetpack_sharing_enabled":true,"_links":{"self":[{"href":"https:\/\/nuevo-renacer.com\/pt\/wp-json\/wp\/v2\/pages\/3409","targetHints":{"allow":["GET"]}}],"collection":[{"href":"https:\/\/nuevo-renacer.com\/pt\/wp-json\/wp\/v2\/pages"}],"about":[{"href":"https:\/\/nuevo-renacer.com\/pt\/wp-json\/wp\/v2\/types\/page"}],"author":[{"embeddable":true,"href":"https:\/\/nuevo-renacer.com\/pt\/wp-json\/wp\/v2\/users\/1"}],"replies":[{"embeddable":true,"href":"https:\/\/nuevo-renacer.com\/pt\/wp-json\/wp\/v2\/comments?post=3409"}],"version-history":[{"count":2,"href":"https:\/\/nuevo-renacer.com\/pt\/wp-json\/wp\/v2\/pages\/3409\/revisions"}],"predecessor-version":[{"id":3948,"href":"https:\/\/nuevo-renacer.com\/pt\/wp-json\/wp\/v2\/pages\/3409\/revisions\/3948"}],"wp:featuredmedia":[{"embeddable":true,"href":"https:\/\/nuevo-renacer.com\/pt\/wp-json\/wp\/v2\/media\/3410"}],"wp:attachment":[{"href":"https:\/\/nuevo-renacer.com\/pt\/wp-json\/wp\/v2\/media?parent=3409"}],"curies":[{"name":"wp","href":"https:\/\/api.w.org\/{rel}","templated":true}]}}