{"id":3404,"date":"2024-07-08T12:01:59","date_gmt":"2024-07-08T12:01:59","guid":{"rendered":"https:\/\/ufec-mundial.com\/?page_id=3404"},"modified":"2024-07-08T12:02:01","modified_gmt":"2024-07-08T12:02:01","slug":"euripedes-barsanulfo","status":"publish","type":"page","link":"https:\/\/nuevo-renacer.com\/pt\/euripedes-barsanulfo\/","title":{"rendered":"Eur\u00edpedes Barsanulfo"},"content":{"rendered":"<div class=\"wp-block-uagb-container uagb-block-3784d2e2 alignfull uagb-is-root-container\"><div class=\"uagb-container-inner-blocks-wrap\">\n<p class=\"has-black-color has-text-color has-link-color has-medium-font-size wp-elements-34e35a3452de7aea30ca92e909231964\"><strong>Eur\u00edpedes Barsanulfo<\/strong><\/p>\n<\/div><\/div>\n\n\n\n<div class=\"wp-block-uagb-container uagb-block-f6dd6098 alignfull uagb-is-root-container\"><div class=\"uagb-container-inner-blocks-wrap\">\n<figure class=\"wp-block-image size-full is-resized\"><img fetchpriority=\"high\" decoding=\"async\" width=\"367\" height=\"480\" src=\"https:\/\/ufec-mundial.com\/wp-content\/uploads\/2024\/07\/euripedesbarsanulfobiografia-180830180732-thumbnail.jpg\" alt=\"\" class=\"wp-image-3405\" style=\"width:258px;height:auto\" srcset=\"https:\/\/nuevo-renacer.com\/wp-content\/uploads\/2024\/07\/euripedesbarsanulfobiografia-180830180732-thumbnail.jpg 367w, https:\/\/nuevo-renacer.com\/wp-content\/uploads\/2024\/07\/euripedesbarsanulfobiografia-180830180732-thumbnail-229x300.jpg 229w, https:\/\/nuevo-renacer.com\/wp-content\/uploads\/2024\/07\/euripedesbarsanulfobiografia-180830180732-thumbnail-9x12.jpg 9w\" sizes=\"(max-width: 367px) 100vw, 367px\" \/><\/figure>\n<\/div><\/div>\n\n\n\n<div class=\"wp-block-uagb-container uagb-block-347fe47a alignfull uagb-is-root-container\"><div class=\"uagb-container-inner-blocks-wrap\">\n<p class=\"has-black-color has-text-color has-link-color has-small-font-size wp-elements-653021d345f5b1c5debf68e1951004d6\">Eur\u00edpides Barsanulfo nasceu na cidade de Sacramento (Minas Gerais) em 1\u00ba de maio de 1880 e faleceu em 1\u00ba de novembro de 1918.<\/p>\n\n\n\n<p class=\"has-black-color has-text-color has-link-color has-small-font-size wp-elements-324afdba0bf513b392c248bff8f59689\">Seus pais eram Herm\u00f3genes Ernesto de Ara\u00fajo e D. Jer\u00f4nima Pereira de Almeida, ambos pobres em bens materiais no in\u00edcio, mas ricos em virtudes crist\u00e3s, que enchiam seu honrado lar de alegria e paz.<\/p>\n\n\n\n<p class=\"has-black-color has-text-color has-link-color has-small-font-size wp-elements-be683913a3a8848af987c0c8b5722241\">Mal conseguindo expressar seus nobres sentimentos, ele se revelou um garoto admir\u00e1vel por sua intelig\u00eancia precoce e sua dedica\u00e7\u00e3o ao trabalho e aos estudos.<\/p>\n\n\n\n<p class=\"has-black-color has-text-color has-link-color has-small-font-size wp-elements-f8697d150a2bb66c2b85f8c2ab6049a2\">Sua juventude n\u00e3o foi despreocupada, como geralmente acontece com os afortunados. Ainda muito jovem, ele teve que enfrentar as dificuldades do lar, promovendo os meios para ajud\u00e1-lo.<\/p>\n\n\n\n<p class=\"has-black-color has-text-color has-link-color has-small-font-size wp-elements-764e03ae1c4db12cb46da38df290918a\">Cresceu e sempre viveu com seus pais, para os quais foi um verdadeiro apoio. Trabalhador e d\u00f3cil, frequentou as aulas do Col\u00e9gio Miranda, estabelecimento de ensino dirigido pelo competente educador Jo\u00e3o Derwil de Miranda. Desde cedo, demonstrou grande propens\u00e3o para seguir a carreira liter\u00e1ria. Quando estudante, ajudava os professores ensinando seus colegas e, como gostava tanto de ensinar, tornou-se professor de seus pr\u00f3prios irm\u00e3os.<\/p>\n\n\n\n<p class=\"has-black-color has-text-color has-link-color has-small-font-size wp-elements-456d63e3f06728c8524c8d0fca71c269\">Ansioso por saber tudo, Barsanulfo obteve uma educa\u00e7\u00e3o s\u00f3lida e primorosa em poucos anos. Depois da escola, mudou-se para o escrit\u00f3rio comercial de seu pai, onde trabalhou como contador.<\/p>\n\n\n\n<p class=\"has-black-color has-text-color has-link-color has-small-font-size wp-elements-5c956e18585e281523ef91629f8c7d64\">Em janeiro de 1902, junto com seus antigos professores, Dr. Jo\u00e3o Gomes Vieira de Melo, In\u00e1cio Martins de Melo e seu colega Jos\u00e9 Martins Borges, com o apoio de outros, fundou o Liceu Sacramento, uma escola prim\u00e1ria e secund\u00e1ria, onde lecionou por cinco anos consecutivos, com raro brilhantismo, ensinando todas as mat\u00e9rias quando necess\u00e1rio.<\/p>\n\n\n\n<p class=\"has-black-color has-text-color has-link-color has-small-font-size wp-elements-a022d93a5f9e68ae53afe95396db861f\">Paralelamente \u00e0 funda\u00e7\u00e3o do Liceu, foi publicada a \u201cGazeta de Sacramento\u201d, um jornal semanal que aparecia aos domingos e do qual ele foi editor por dois anos. Nesse jornal, Barsanulfo fez sua estreia como jornalista, escrevendo artigos sobre economia pol\u00edtica, direito p\u00fablico, m\u00e9todos educacionais, literatura, filosofia etc. Ele tamb\u00e9m colaborou de forma frut\u00edfera e brilhante com outros jornais.<\/p>\n\n\n\n<p class=\"has-black-color has-text-color has-link-color has-small-font-size wp-elements-6261dbe281cce369ecdfd4e0197524b5\">Gra\u00e7as \u00e0 sua intelig\u00eancia privilegiada e aos seus pr\u00f3prios esfor\u00e7os, ela chegou a possuir uma cultura t\u00e3o grande que seus bi\u00f3grafos a consideram verdadeiramente surpreendente. Ele tinha um conhecimento profundo e amplo de medicina e direito. Ela falava de astronomia, filosofia, matem\u00e1tica, ci\u00eancias f\u00edsicas e naturais e literatura com a mais extraordin\u00e1ria confian\u00e7a, sem ter nenhuma qualifica\u00e7\u00e3o de ensino superior.<\/p>\n\n\n\n<p class=\"has-black-color has-text-color has-link-color has-small-font-size wp-elements-0841f1ad19f7e8b17ee9443487b24a34\">Seu trabalho \u00e1rduo como professor, na imprensa e no palanque; a bondade de seu cora\u00e7\u00e3o, sempre pronto para ajudar os necessitados; suas palavras gentis de conselho; a probidade de seu car\u00e1ter: tudo isso fez dele o \u00eddolo de seus compatriotas. Estes \u00faltimos, ansiosos para t\u00ea-lo no cen\u00e1rio pol\u00edtico local, o elegeram vereador. Ele atuou como vereador por seis anos e forneceu ao munic\u00edpio de Sacramento eletricidade, luz el\u00e9trica e bondes, \u00e1gua encanada e um cemit\u00e9rio p\u00fablico para Sacramento e para a cidade de Conquista. Mas a pol\u00edtica n\u00e3o era o clima a que ele aspirava. Depois de atuar na pol\u00edtica, ele se aposentou espontaneamente.<\/p>\n\n\n\n<p class=\"has-black-color has-text-color has-link-color has-small-font-size wp-elements-49804cb87951f9b3eb60ef950869e38c\">Na \u00e9poca, Barsanulfo era um cat\u00f3lico fervoroso, presidente da Confer\u00eancia de S\u00e3o Vicente de Paulo.<\/p>\n\n\n\n<p class=\"has-black-color has-text-color has-link-color has-small-font-size wp-elements-599c843278bbcb149556e5cc6a056d94\">Um esp\u00edrito livre, apto para as grandes ondas de espiritualidade, seu futuro abandono da religi\u00e3o que havia recebido em seu ber\u00e7o foi fatal.<\/p>\n\n\n\n<p class=\"has-black-color has-text-color has-link-color has-small-font-size wp-elements-4eb167b93e48af4dd4114d66dde257d7\">Assim, um dia, ao ouvir sobre as incr\u00edveis curas no campo do espiritismo, ele decidiu descobrir o que era verdade nesses relatos. Como seus parentes em St. Mary's pregavam e praticavam o espiritismo no Centro Espiritista Fe y Amor, muito conhecido na cidade e um dos mais antigos da regi\u00e3o, Barsanulfo foi at\u00e9 l\u00e1 para investigar os fatos por si mesmo.<\/p>\n\n\n\n<p class=\"has-black-color has-text-color has-link-color has-small-font-size wp-elements-127b36c12300caa71f3130c5abf88c04\">Observando fen\u00f4menos de tipologia, comunica\u00e7\u00f5es altamente filos\u00f3ficas e curas maravilhosas em v\u00e1rias sess\u00f5es, estudou-as cuidadosamente e, ao retornar \u00e0 sua terra natal, trouxe consigo as obras de Kardec, que finalmente o levaram a se converter ao Espiritismo em 1905. A partir de ent\u00e3o, tornou-se o maior propagandista daquela regi\u00e3o de Minas Gerais, principalmente pelo exemplo. O edif\u00edcio que Eur\u00edpedes ergueu em Sacramento \u00e9 um desses monumentos grandiosos e imperec\u00edveis que atestam sua fortaleza moral e a for\u00e7a de sua f\u00e9 luminosa.<\/p>\n\n\n\n<p class=\"has-black-color has-text-color has-link-color has-small-font-size wp-elements-252804a77f1954ca25e9391e11b2b289\">Durante doze anos e sete meses, foi presidente do Grupo Esp\u00edrita \u201cEsperan\u00e7a e Caridade\u201d, fundado por ele. Em 2 de abril de 1907, o magn\u00edfico e extenso Col\u00e9gio \u201cAllan Kardec\u201d foi fundado como uma filial desse grupo.<\/p>\n\n\n\n<p class=\"has-black-color has-text-color has-link-color has-small-font-size wp-elements-bfb81d435bebbf553bfb6e2b4c4fb351\">Esse importante estabelecimento funcionou sob sua competente dire\u00e7\u00e3o durante todo o tempo em que ele viveu aqui na Terra, deixando-o apenas oito dias antes de desencarnar. Milhares de pobres e \u00f3rf\u00e3os de ambos os sexos receberam ali instru\u00e7\u00e3o intelectual e moral gratuita, um trabalho continuado pelos irm\u00e3os do falecido Eur\u00edpedes. Todas as quartas-feiras ele pregava o Evangelho de Jesus aos alunos da escola, incentivando-os, em termos simples, ao amor e \u00e0 caridade.<\/p>\n\n\n\n<p class=\"has-black-color has-text-color has-link-color has-small-font-size wp-elements-8c0a6e2706941d69b6a654d723134485\">Em suas pol\u00eamicas acaloradas, das quais ele sempre saiu vitorioso, nunca houve uma ponta de vaidade em seu cora\u00e7\u00e3o, ele nunca abrigou qualquer tra\u00e7o de piedade, nunca desceu ao terreno ingrato da retalia\u00e7\u00e3o pessoal, tratando todos os seus contendores com a maior eleg\u00e2ncia poss\u00edvel e n\u00e3o menos amor crist\u00e3o.<\/p>\n\n\n\n<p class=\"has-black-color has-text-color has-link-color has-small-font-size wp-elements-c555eaee91b88c5b6ccdc4e5a0f9a275\">Eur\u00edpedes Barsanulfo era dotado de v\u00e1rias faculdades medi\u00fanicas desenvolvidas, sendo m\u00e9dium curador, receitista, ouvinte, clarividente, intuitivo, falante e psic\u00f3grafo. Era muito f\u00e1cil para ele se deslocar de um lugar para outro, e ele dava a topografia exata dos lugares pelos quais seu esp\u00edrito passava.<\/p>\n\n\n\n<p class=\"has-black-color has-text-color has-link-color has-small-font-size wp-elements-c7245a504326f5d7fa2b271ee8fff822\">Era um ref\u00fagio para todos os aflitos e abandonados. Centenas de pessoas desiludidas com a ci\u00eancia terrena encontraram conforto em Sacramento. Com a ajuda de Esp\u00edritos Superiores, entre eles Bezerra de Menezes, nosso Barsanulfo curava quase todas as doen\u00e7as.<\/p>\n\n\n\n<p class=\"has-black-color has-text-color has-link-color has-small-font-size wp-elements-ede598a83ab17a4009a2f310b37244f3\">Um homem que n\u00e3o tinha medo de divulgar as verdades que professava, ele era a personifica\u00e7\u00e3o do verdadeiro espiritualista. Disc\u00edpulo fiel de Jesus, ele era o consolo e o apoio de todos que o procuravam, e a todos dava as mesmas boas-vindas, o mesmo amor. Parece que ele n\u00e3o tinha inimigos pessoais.<\/p>\n\n\n\n<p class=\"has-black-color has-text-color has-link-color has-small-font-size wp-elements-f2f2154529a7bcfe07f8a2f175d8bb09\">Por tudo isso, ele gozava de grande popularidade em sua cidade natal e at\u00e9 mesmo em todo o estado de Minas Gerais. Ainda hoje, Barsanulfo \u00e9 lembrado e aben\u00e7oado naquela regi\u00e3o, onde deixou rastros indel\u00e9veis de sua brilhante carreira. Em 1\u00ba de novembro de 1918, ele faleceu em sua cidade natal, v\u00edtima da pandemia de gripe.<\/p>\n<\/div><\/div>","protected":false},"excerpt":{"rendered":"<p>Eur\u00edpedes Barsanulfo Eur\u00edpides Barsanulfo naci\u00f3 en la ciudad de Sacramento (Minas Gerais) el 1 de mayo de 1880 y muri\u00f3 all\u00ed el 1 de noviembre de 1918. Sus padres fueron Herm\u00f3genes Ernesto de Ara\u00fajo y D. Jer\u00f4nima Pereira de Almeida, ambos pobres en bienes materiales al principio, pero ricos en virtudes cristianas, que llenaban de [&hellip;]<\/p>","protected":false},"author":1,"featured_media":0,"parent":0,"menu_order":0,"comment_status":"closed","ping_status":"closed","template":"","meta":{"_uag_custom_page_level_css":"","site-sidebar-layout":"default","site-content-layout":"","ast-site-content-layout":"default","site-content-style":"default","site-sidebar-style":"default","ast-global-header-display":"","ast-banner-title-visibility":"","ast-main-header-display":"","ast-hfb-above-header-display":"","ast-hfb-below-header-display":"","ast-hfb-mobile-header-display":"","site-post-title":"disabled","ast-breadcrumbs-content":"","ast-featured-img":"","footer-sml-layout":"","theme-transparent-header-meta":"","adv-header-id-meta":"","stick-header-meta":"","header-above-stick-meta":"","header-main-stick-meta":"","header-below-stick-meta":"","astra-migrate-meta-layouts":"set","ast-page-background-enabled":"default","ast-page-background-meta":{"desktop":{"background-color":"var(--ast-global-color-4)","background-image":"","background-repeat":"repeat","background-position":"center center","background-size":"auto","background-attachment":"scroll","background-type":"","background-media":"","overlay-type":"","overlay-color":"","overlay-opacity":"","overlay-gradient":""},"tablet":{"background-color":"","background-image":"","background-repeat":"repeat","background-position":"center center","background-size":"auto","background-attachment":"scroll","background-type":"","background-media":"","overlay-type":"","overlay-color":"","overlay-opacity":"","overlay-gradient":""},"mobile":{"background-color":"","background-image":"","background-repeat":"repeat","background-position":"center center","background-size":"auto","background-attachment":"scroll","background-type":"","background-media":"","overlay-type":"","overlay-color":"","overlay-opacity":"","overlay-gradient":""}},"ast-content-background-meta":{"desktop":{"background-color":"var(--ast-global-color-5)","background-image":"","background-repeat":"repeat","background-position":"center center","background-size":"auto","background-attachment":"scroll","background-type":"","background-media":"","overlay-type":"","overlay-color":"","overlay-opacity":"","overlay-gradient":""},"tablet":{"background-color":"var(--ast-global-color-5)","background-image":"","background-repeat":"repeat","background-position":"center center","background-size":"auto","background-attachment":"scroll","background-type":"","background-media":"","overlay-type":"","overlay-color":"","overlay-opacity":"","overlay-gradient":""},"mobile":{"background-color":"var(--ast-global-color-5)","background-image":"","background-repeat":"repeat","background-position":"center center","background-size":"auto","background-attachment":"scroll","background-type":"","background-media":"","overlay-type":"","overlay-color":"","overlay-opacity":"","overlay-gradient":""}},"footnotes":""},"class_list":["post-3404","page","type-page","status-publish","hentry"],"yoast_head":"<!-- This site is optimized with the Yoast SEO Premium plugin v24.2 (Yoast SEO v24.6) - https:\/\/yoast.com\/wordpress\/plugins\/seo\/ -->\n<title>Eur\u00edpedes Barsanulfo - Uni\u00f3n Esp\u00edrita<\/title>\n<meta name=\"robots\" content=\"index, follow, max-snippet:-1, max-image-preview:large, max-video-preview:-1\" \/>\n<link rel=\"canonical\" href=\"https:\/\/nuevo-renacer.com\/pt\/euripedes-barsanulfo\/\" \/>\n<meta property=\"og:locale\" content=\"pt_BR\" \/>\n<meta property=\"og:type\" content=\"article\" \/>\n<meta property=\"og:title\" content=\"Eur\u00edpedes Barsanulfo\" \/>\n<meta property=\"og:description\" content=\"Eur\u00edpedes Barsanulfo Eur\u00edpides Barsanulfo naci\u00f3 en la ciudad de Sacramento (Minas Gerais) el 1 de mayo de 1880 y muri\u00f3 all\u00ed el 1 de noviembre de 1918. Sus padres fueron Herm\u00f3genes Ernesto de Ara\u00fajo y D. Jer\u00f4nima Pereira de Almeida, ambos pobres en bienes materiales al principio, pero ricos en virtudes cristianas, que llenaban de [&hellip;]\" \/>\n<meta property=\"og:url\" content=\"https:\/\/nuevo-renacer.com\/pt\/euripedes-barsanulfo\/\" \/>\n<meta property=\"og:site_name\" content=\"Uni\u00f3n Esp\u00edrita\" \/>\n<meta property=\"article:publisher\" content=\"https:\/\/www.facebook.com\/groups\/3431398063740829\" \/>\n<meta property=\"article:modified_time\" content=\"2024-07-08T12:02:01+00:00\" \/>\n<meta property=\"og:image\" content=\"https:\/\/ufec-mundial.com\/wp-content\/uploads\/2024\/07\/euripedesbarsanulfobiografia-180830180732-thumbnail.jpg\" \/>\n<meta name=\"twitter:card\" content=\"summary_large_image\" \/>\n<meta name=\"twitter:label1\" content=\"Est. tempo de leitura\" \/>\n\t<meta name=\"twitter:data1\" content=\"6 minutos\" \/>\n<script type=\"application\/ld+json\" class=\"yoast-schema-graph\">{\"@context\":\"https:\/\/schema.org\",\"@graph\":[{\"@type\":\"WebPage\",\"@id\":\"https:\/\/nuevo-renacer.com\/euripedes-barsanulfo\/\",\"url\":\"https:\/\/nuevo-renacer.com\/euripedes-barsanulfo\/\",\"name\":\"Eur\u00edpedes Barsanulfo - Uni\u00f3n Esp\u00edrita\",\"isPartOf\":{\"@id\":\"https:\/\/nuevo-renacer.com\/#website\"},\"primaryImageOfPage\":{\"@id\":\"https:\/\/nuevo-renacer.com\/euripedes-barsanulfo\/#primaryimage\"},\"image\":{\"@id\":\"https:\/\/nuevo-renacer.com\/euripedes-barsanulfo\/#primaryimage\"},\"thumbnailUrl\":\"https:\/\/ufec-mundial.com\/wp-content\/uploads\/2024\/07\/euripedesbarsanulfobiografia-180830180732-thumbnail.jpg\",\"datePublished\":\"2024-07-08T12:01:59+00:00\",\"dateModified\":\"2024-07-08T12:02:01+00:00\",\"breadcrumb\":{\"@id\":\"https:\/\/nuevo-renacer.com\/euripedes-barsanulfo\/#breadcrumb\"},\"inLanguage\":\"pt-BR\",\"potentialAction\":[{\"@type\":\"ReadAction\",\"target\":[\"https:\/\/nuevo-renacer.com\/euripedes-barsanulfo\/\"]}]},{\"@type\":\"ImageObject\",\"inLanguage\":\"pt-BR\",\"@id\":\"https:\/\/nuevo-renacer.com\/euripedes-barsanulfo\/#primaryimage\",\"url\":\"https:\/\/ufec-mundial.com\/wp-content\/uploads\/2024\/07\/euripedesbarsanulfobiografia-180830180732-thumbnail.jpg\",\"contentUrl\":\"https:\/\/ufec-mundial.com\/wp-content\/uploads\/2024\/07\/euripedesbarsanulfobiografia-180830180732-thumbnail.jpg\"},{\"@type\":\"BreadcrumbList\",\"@id\":\"https:\/\/nuevo-renacer.com\/euripedes-barsanulfo\/#breadcrumb\",\"itemListElement\":[{\"@type\":\"ListItem\",\"position\":1,\"name\":\"Startseite\",\"item\":\"https:\/\/nuevo-renacer.com\/\"},{\"@type\":\"ListItem\",\"position\":2,\"name\":\"Eur\u00edpedes Barsanulfo\"}]},{\"@type\":\"WebSite\",\"@id\":\"https:\/\/nuevo-renacer.com\/#website\",\"url\":\"https:\/\/nuevo-renacer.com\/\",\"name\":\"Uni\u00f3n Esp\u00edrita\",\"description\":\"Nuevo Renacer\",\"publisher\":{\"@id\":\"https:\/\/nuevo-renacer.com\/#organization\"},\"potentialAction\":[{\"@type\":\"SearchAction\",\"target\":{\"@type\":\"EntryPoint\",\"urlTemplate\":\"https:\/\/nuevo-renacer.com\/?s={search_term_string}\"},\"query-input\":{\"@type\":\"PropertyValueSpecification\",\"valueRequired\":true,\"valueName\":\"search_term_string\"}}],\"inLanguage\":\"pt-BR\"},{\"@type\":\"Organization\",\"@id\":\"https:\/\/nuevo-renacer.com\/#organization\",\"name\":\"UFEC\",\"url\":\"https:\/\/nuevo-renacer.com\/\",\"logo\":{\"@type\":\"ImageObject\",\"inLanguage\":\"pt-BR\",\"@id\":\"https:\/\/nuevo-renacer.com\/#\/schema\/logo\/image\/\",\"url\":\"https:\/\/nuevo-renacer.com\/wp-content\/uploads\/2024\/05\/cropped-LOGO-TERMINADO1-3-3.png\",\"contentUrl\":\"https:\/\/nuevo-renacer.com\/wp-content\/uploads\/2024\/05\/cropped-LOGO-TERMINADO1-3-3.png\",\"width\":512,\"height\":512,\"caption\":\"UFEC\"},\"image\":{\"@id\":\"https:\/\/nuevo-renacer.com\/#\/schema\/logo\/image\/\"},\"sameAs\":[\"https:\/\/www.facebook.com\/groups\/3431398063740829\"]}]}<\/script>\n<!-- \/ Yoast SEO Premium plugin. -->","yoast_head_json":{"title":"Eur\u00edpedes Barsanulfo - Uni\u00f3n Esp\u00edrita","robots":{"index":"index","follow":"follow","max-snippet":"max-snippet:-1","max-image-preview":"max-image-preview:large","max-video-preview":"max-video-preview:-1"},"canonical":"https:\/\/nuevo-renacer.com\/pt\/euripedes-barsanulfo\/","og_locale":"pt_BR","og_type":"article","og_title":"Eur\u00edpedes Barsanulfo","og_description":"Eur\u00edpedes Barsanulfo Eur\u00edpides Barsanulfo naci\u00f3 en la ciudad de Sacramento (Minas Gerais) el 1 de mayo de 1880 y muri\u00f3 all\u00ed el 1 de noviembre de 1918. Sus padres fueron Herm\u00f3genes Ernesto de Ara\u00fajo y D. Jer\u00f4nima Pereira de Almeida, ambos pobres en bienes materiales al principio, pero ricos en virtudes cristianas, que llenaban de [&hellip;]","og_url":"https:\/\/nuevo-renacer.com\/pt\/euripedes-barsanulfo\/","og_site_name":"Uni\u00f3n Esp\u00edrita","article_publisher":"https:\/\/www.facebook.com\/groups\/3431398063740829","article_modified_time":"2024-07-08T12:02:01+00:00","og_image":[{"url":"https:\/\/ufec-mundial.com\/wp-content\/uploads\/2024\/07\/euripedesbarsanulfobiografia-180830180732-thumbnail.jpg","type":"","width":"","height":""}],"twitter_card":"summary_large_image","twitter_misc":{"Est. tempo de leitura":"6 minutos"},"schema":{"@context":"https:\/\/schema.org","@graph":[{"@type":"WebPage","@id":"https:\/\/nuevo-renacer.com\/euripedes-barsanulfo\/","url":"https:\/\/nuevo-renacer.com\/euripedes-barsanulfo\/","name":"Eur\u00edpedes Barsanulfo - Uni\u00f3n Esp\u00edrita","isPartOf":{"@id":"https:\/\/nuevo-renacer.com\/#website"},"primaryImageOfPage":{"@id":"https:\/\/nuevo-renacer.com\/euripedes-barsanulfo\/#primaryimage"},"image":{"@id":"https:\/\/nuevo-renacer.com\/euripedes-barsanulfo\/#primaryimage"},"thumbnailUrl":"https:\/\/ufec-mundial.com\/wp-content\/uploads\/2024\/07\/euripedesbarsanulfobiografia-180830180732-thumbnail.jpg","datePublished":"2024-07-08T12:01:59+00:00","dateModified":"2024-07-08T12:02:01+00:00","breadcrumb":{"@id":"https:\/\/nuevo-renacer.com\/euripedes-barsanulfo\/#breadcrumb"},"inLanguage":"pt-BR","potentialAction":[{"@type":"ReadAction","target":["https:\/\/nuevo-renacer.com\/euripedes-barsanulfo\/"]}]},{"@type":"ImageObject","inLanguage":"pt-BR","@id":"https:\/\/nuevo-renacer.com\/euripedes-barsanulfo\/#primaryimage","url":"https:\/\/ufec-mundial.com\/wp-content\/uploads\/2024\/07\/euripedesbarsanulfobiografia-180830180732-thumbnail.jpg","contentUrl":"https:\/\/ufec-mundial.com\/wp-content\/uploads\/2024\/07\/euripedesbarsanulfobiografia-180830180732-thumbnail.jpg"},{"@type":"BreadcrumbList","@id":"https:\/\/nuevo-renacer.com\/euripedes-barsanulfo\/#breadcrumb","itemListElement":[{"@type":"ListItem","position":1,"name":"Startseite","item":"https:\/\/nuevo-renacer.com\/"},{"@type":"ListItem","position":2,"name":"Eur\u00edpedes Barsanulfo"}]},{"@type":"WebSite","@id":"https:\/\/nuevo-renacer.com\/#website","url":"https:\/\/nuevo-renacer.com\/","name":"Uni\u00f3n Esp\u00edrita","description":"Nuevo Renacer","publisher":{"@id":"https:\/\/nuevo-renacer.com\/#organization"},"potentialAction":[{"@type":"SearchAction","target":{"@type":"EntryPoint","urlTemplate":"https:\/\/nuevo-renacer.com\/?s={search_term_string}"},"query-input":{"@type":"PropertyValueSpecification","valueRequired":true,"valueName":"search_term_string"}}],"inLanguage":"pt-BR"},{"@type":"Organization","@id":"https:\/\/nuevo-renacer.com\/#organization","name":"UFEC","url":"https:\/\/nuevo-renacer.com\/","logo":{"@type":"ImageObject","inLanguage":"pt-BR","@id":"https:\/\/nuevo-renacer.com\/#\/schema\/logo\/image\/","url":"https:\/\/nuevo-renacer.com\/wp-content\/uploads\/2024\/05\/cropped-LOGO-TERMINADO1-3-3.png","contentUrl":"https:\/\/nuevo-renacer.com\/wp-content\/uploads\/2024\/05\/cropped-LOGO-TERMINADO1-3-3.png","width":512,"height":512,"caption":"UFEC"},"image":{"@id":"https:\/\/nuevo-renacer.com\/#\/schema\/logo\/image\/"},"sameAs":["https:\/\/www.facebook.com\/groups\/3431398063740829"]}]}},"uagb_featured_image_src":{"full":false,"thumbnail":false,"medium":false,"medium_large":false,"large":false,"1536x1536":false,"2048x2048":false,"trp-custom-language-flag":false},"uagb_author_info":{"display_name":"adbv0","author_link":"https:\/\/nuevo-renacer.com\/pt\/author\/adbv0\/"},"uagb_comment_info":0,"uagb_excerpt":"Eur\u00edpedes Barsanulfo Eur\u00edpides Barsanulfo naci\u00f3 en la ciudad de Sacramento (Minas Gerais) el 1 de mayo de 1880 y muri\u00f3 all\u00ed el 1 de noviembre de 1918. Sus padres fueron Herm\u00f3genes Ernesto de Ara\u00fajo y D. Jer\u00f4nima Pereira de Almeida, ambos pobres en bienes materiales al principio, pero ricos en virtudes cristianas, que llenaban de&hellip;","jetpack_sharing_enabled":true,"_links":{"self":[{"href":"https:\/\/nuevo-renacer.com\/pt\/wp-json\/wp\/v2\/pages\/3404","targetHints":{"allow":["GET"]}}],"collection":[{"href":"https:\/\/nuevo-renacer.com\/pt\/wp-json\/wp\/v2\/pages"}],"about":[{"href":"https:\/\/nuevo-renacer.com\/pt\/wp-json\/wp\/v2\/types\/page"}],"author":[{"embeddable":true,"href":"https:\/\/nuevo-renacer.com\/pt\/wp-json\/wp\/v2\/users\/1"}],"replies":[{"embeddable":true,"href":"https:\/\/nuevo-renacer.com\/pt\/wp-json\/wp\/v2\/comments?post=3404"}],"version-history":[{"count":1,"href":"https:\/\/nuevo-renacer.com\/pt\/wp-json\/wp\/v2\/pages\/3404\/revisions"}],"predecessor-version":[{"id":3406,"href":"https:\/\/nuevo-renacer.com\/pt\/wp-json\/wp\/v2\/pages\/3404\/revisions\/3406"}],"wp:attachment":[{"href":"https:\/\/nuevo-renacer.com\/pt\/wp-json\/wp\/v2\/media?parent=3404"}],"curies":[{"name":"wp","href":"https:\/\/api.w.org\/{rel}","templated":true}]}}