{"id":3392,"date":"2024-07-08T10:40:28","date_gmt":"2024-07-08T10:40:28","guid":{"rendered":"https:\/\/ufec-mundial.com\/?page_id=3392"},"modified":"2024-07-08T10:40:30","modified_gmt":"2024-07-08T10:40:30","slug":"analia-franco","status":"publish","type":"page","link":"https:\/\/nuevo-renacer.com\/pt\/analia-franco\/","title":{"rendered":"An\u00e1lia Franco"},"content":{"rendered":"<div class=\"wp-block-uagb-container uagb-block-a369d7b2 alignfull uagb-is-root-container\"><div class=\"uagb-container-inner-blocks-wrap\">\n<div class=\"wp-block-uagb-container uagb-block-91ef1f0b\">\n<p class=\"has-black-color has-text-color has-link-color has-medium-font-size wp-elements-b796ebe692064911ab26e08a668aeab1\"><strong>An\u00e1lia Franco<\/strong><\/p>\n<\/div>\n<\/div><\/div>\n\n\n\n<div class=\"wp-block-uagb-container uagb-block-9cdc9149 alignfull uagb-is-root-container\"><div class=\"uagb-container-inner-blocks-wrap\">\n<figure class=\"wp-block-image size-full is-resized\"><img fetchpriority=\"high\" decoding=\"async\" width=\"640\" height=\"800\" src=\"https:\/\/ufec-mundial.com\/wp-content\/uploads\/2024\/07\/analia-franco.webp\" alt=\"\" class=\"wp-image-3393\" style=\"width:226px;height:auto\" srcset=\"https:\/\/nuevo-renacer.com\/wp-content\/uploads\/2024\/07\/analia-franco.webp 640w, https:\/\/nuevo-renacer.com\/wp-content\/uploads\/2024\/07\/analia-franco-240x300.webp 240w, https:\/\/nuevo-renacer.com\/wp-content\/uploads\/2024\/07\/analia-franco-10x12.webp 10w\" sizes=\"(max-width: 640px) 100vw, 640px\" \/><\/figure>\n<\/div><\/div>\n\n\n\n<div class=\"wp-block-uagb-container uagb-block-3eeda19a alignfull uagb-is-root-container\"><div class=\"uagb-container-inner-blocks-wrap\">\n<p class=\"has-black-color has-text-color has-link-color has-small-font-size wp-elements-149830a29213e2bcb3545920f6534993\">An\u00e1lia Em\u00edlia Franco Bastos, mais conhecida como An\u00e1lia Franco, nasceu em 1\u00ba de fevereiro de 1853, na cidade de Resende, no estado do Rio de Janeiro, e faleceu em 20 de janeiro de 1919, na cidade de S\u00e3o Paulo. Foi uma jornalista, escritora, poetisa e educadora especializada, que deixou um legado de amor ao pr\u00f3ximo e trabalho incans\u00e1vel para o bem, um exemplo de abnega\u00e7\u00e3o e verdadeira caridade.<\/p>\n\n\n\n<p class=\"has-black-color has-text-color has-link-color has-small-font-size wp-elements-33d498a64137dcf326728220e66af6d4\">Ela come\u00e7ou sua carreira na educa\u00e7\u00e3o aos 15 anos de idade, quando era professora e ajudava sua m\u00e3e, que tamb\u00e9m era professora. Ela viveu em uma \u00e9poca em que a sociedade explorava os negros e em que as mulheres n\u00e3o tinham voz.<\/p>\n\n\n\n<p class=\"has-black-color has-text-color has-link-color has-small-font-size wp-elements-cf9001d20e7cf5aac7a43e26582f08d7\">Em 1871, foi aprovada a Lei do Ventre Livre, que propunha a liberdade para as crian\u00e7as nascidas de m\u00e3es escravas, mas elas ficariam sob a tutela dos senhores de escravos at\u00e9 os 8 anos de idade, o que resultava em abusos e maus-tratos, e depois as crian\u00e7as eram abandonadas e deixadas \u00e0 pr\u00f3pria sorte. Comovida com essa situa\u00e7\u00e3o, An\u00e1lia Franco iniciou seu trabalho social primeiro escrevendo cartas para as esposas dos fazendeiros, pedindo ajuda e apoio para elas. Em seguida, criou um local para acolher essas crian\u00e7as, chamado Casa Maternal.<\/p>\n\n\n\n<p class=\"has-black-color has-text-color has-link-color has-small-font-size wp-elements-aeb59dbf508851e353a861907452947e\">Esse primeiro lugar foi fornecido gratuitamente por uma das mulheres que An\u00e1lia contatou para pedir ajuda. No entanto, a condi\u00e7\u00e3o imposta por ela era que negros e brancos n\u00e3o se misturassem. An\u00e1lia recusou e passou a pagar o aluguel do local para cuidar de crian\u00e7as carentes sem qualquer distin\u00e7\u00e3o racial. N\u00e3o satisfeita com a decis\u00e3o de An\u00e1lia, a esposa do fazendeiro usou seus recursos e a influ\u00eancia do marido para expulsar An\u00e1lia do local.<\/p>\n\n\n\n<p class=\"has-black-color has-text-color has-link-color has-small-font-size wp-elements-edfc46878c953c6bc1f5aa46607bb02f\">Diante dessa situa\u00e7\u00e3o, An\u00e1lia foi para a cidade de S\u00e3o Paulo, onde alugou uma casa com seu pr\u00f3prio dinheiro, o que correspondia \u00e0 metade de seu sal\u00e1rio como professora. E, n\u00e3o tendo dinheiro suficiente para alimentar as crian\u00e7as, saiu \u00e0s ruas para pedir ajuda.<\/p>\n\n\n\n<p class=\"has-black-color has-text-color has-link-color has-small-font-size wp-elements-d57c64920328c6107fb7acc2e4214c35\">An\u00e1lia Franco dedicou grande parte de sua vida a atividades socioeducativas para crian\u00e7as, principalmente crian\u00e7as negras filhas de escravos. No entanto, ela expandiu seus projetos sociais e tamb\u00e9m ajudou mulheres trabalhadoras, pobres, marginalizadas, \u00f3rf\u00e3s e necessitadas. Ela acreditava em uma educa\u00e7\u00e3o libertadora, na qual tentava capacitar as pessoas atendidas, dando-lhes treinamento vocacional e desenvolvendo com elas o aprendizado, o crescimento e a (re)constru\u00e7\u00e3o de suas pr\u00f3prias vidas, onde poderiam ent\u00e3o participar ativamente da sociedade novamente.<\/p>\n\n\n\n<p class=\"has-black-color has-text-color has-link-color has-small-font-size wp-elements-7fe25f781e377bb1f3f8444b2af95804\">An\u00e1lia Franco colaborou com diversos jornais e revistas em v\u00e1rias cidades, bem como em Portugal. E em 30 de abril de 1898 criou sua pr\u00f3pria revista intitulada \u201c\u00c1lbum de ni\u00f1as\u201d, publicada mensalmente e destinada \u00e0s jovens brasileiras, de car\u00e1ter liter\u00e1rio e educativo, com grande parte do conte\u00fado produzido pela pr\u00f3pria An\u00e1lia, que tamb\u00e9m recebia ajuda de outros colaboradores.<\/p>\n\n\n\n<p class=\"has-black-color has-text-color has-link-color has-small-font-size wp-elements-286fb4316099dbd5a5f0794cf7f2f204\">A revista funcionou at\u00e9 1901 e era uma forma de estimular a educa\u00e7\u00e3o das meninas, pois An\u00e1lia usava esse meio para convocar os pais e a sociedade para garantir que a educa\u00e7\u00e3o das mulheres n\u00e3o se restringisse apenas \u00e0 alfabetiza\u00e7\u00e3o, al\u00e9m de solicitar apoio para a educa\u00e7\u00e3o p\u00fablica.<\/p>\n\n\n\n<p class=\"has-black-color has-text-color has-link-color has-small-font-size wp-elements-ab4e0a2f066e7b6603791241b4010106\">Em 17 de novembro de 1901, An\u00e1lia Franco inaugurou a \u201cAssocia\u00e7\u00e3o Femenina Ben\u00e9fica e Instructiva do Estado de S\u00e3o Paulo\u201d, para ajudar, instruir e educar as crian\u00e7as pobres, buscando erradicar o analfabetismo, a mis\u00e9ria e a ignor\u00e2ncia entre os menos favorecidos. Em suas pr\u00f3prias palavras, a Associa\u00e7\u00e3o \u201cn\u00e3o tem como \u00fanico objetivo proteger e educar os desvalidos; tem uma finalidade maior, que \u00e9 a de reunir em torno de uma ideia santa todas as senhoras de intelig\u00eancia e boa vontade, para trabalharem de comum acordo pelo bem social\u201d.<\/p>\n\n\n\n<p class=\"has-black-color has-text-color has-link-color has-small-font-size wp-elements-42a5265ac11ad630cf87ec35c2115f7c\">Embora fosse esp\u00edrita, An\u00e1lia nunca quis mostrar essa nuance em seus trabalhos e projetos, pois recebia crian\u00e7as de diferentes religi\u00f5es e acreditava que o principal era ensinar as verdades fundamentais de qualquer religi\u00e3o, como a exist\u00eancia de Deus e o amor ao pr\u00f3ximo.<\/p>\n\n\n\n<p class=\"has-black-color has-text-color has-link-color has-small-font-size wp-elements-54e2ec9ef8cc2a4633cd45022b191fd2\">An\u00e1lia era um exemplo de dedica\u00e7\u00e3o e acreditava firmemente no poder da educa\u00e7\u00e3o. Com seus discursos, ela tentava convencer os outros, especialmente as mulheres, de que a na\u00e7\u00e3o brasileira s\u00f3 teria um futuro digno por meio da educa\u00e7\u00e3o das crian\u00e7as, dizendo: \u201cVamos educar e amparar as crian\u00e7as pobres que precisam de nossa ajuda: tirando-as dos caminhos dos v\u00edcios, tornando-as cidad\u00e3os \u00fateis e dignos para a grandeza de nosso pa\u00eds\u201d.<\/p>\n\n\n\n<p class=\"has-black-color has-text-color has-link-color has-small-font-size wp-elements-4ab988c242933afc12ce4d61d05eb875\">Ela tinha sob sua supervis\u00e3o cerca de trinta escolas infantis em S\u00e3o Paulo, lares para idosos, creches e outras escolas em 24 outras cidades, totalizando aproximadamente 70 institui\u00e7\u00f5es, nas quais An\u00e1lia deu sua vida para manter o sustento e a qualidade do trabalho nesses lares amorosos e acolhedores.<\/p>\n\n\n\n<p class=\"has-black-color has-text-color has-link-color has-small-font-size wp-elements-79223ef6ecf16077f15d0ac1da21c0db\">Ele teve que superar muitas dificuldades quando os recursos eram escassos devido \u00e0 Segunda Guerra Mundial, onde dificilmente poderia contar com o apoio do governo. Realizou v\u00e1rios eventos e contou, durante algum tempo, com a ajuda de amigos e colaboradores. Em seguida, percorreu cidades com a Banda Feminina \u201cRegente Feij\u00f3\u201d e o Grupo Dram\u00e1tico Musical da Col\u00f4nia Regenerativa \u201cDom Romualdo\u201d, ambos fundados por ela, para arrecadar doa\u00e7\u00f5es para a Associa\u00e7\u00e3o, sempre, \u00e9 claro, com a ajuda e o apoio de seu marido Francisco Ant\u00f4nio Bastos.<\/p>\n\n\n\n<p class=\"has-black-color has-text-color has-link-color has-small-font-size wp-elements-f265bc7c0531baff9ed505ca4b9c10e0\">Apesar de todos esses esfor\u00e7os, outra calamidade estava para acontecer, e o Brasil n\u00e3o estava fora de seu alcance. Uma pandemia conhecida como \u201cgripe espanhola\u201d come\u00e7ou na Europa e, em 1918, houve um grande n\u00famero de mortes em S\u00e3o Paulo.<\/p>\n\n\n\n<p class=\"has-black-color has-text-color has-link-color has-small-font-size wp-elements-e8919ad9a35cdd43abad5a1813d784ed\">J\u00e1 sem for\u00e7as f\u00edsicas para continuar, depois de todos os esfor\u00e7os e ang\u00fastias que suportou para cuidar de seus amados filhos, An\u00e1lia desencarnou em 20 de janeiro de 1919, em S\u00e3o Paulo.<\/p>\n\n\n\n<p class=\"has-black-color has-text-color has-link-color has-small-font-size wp-elements-cdfe2bd9c31b92d51f11e48d7e5b06d7\">Uma alma delicada, pura de cora\u00e7\u00e3o, dedicada, humilde, paciente, amorosa, ela foi uma serva fiel de Jesus e construiu uma imensa fam\u00edlia espiritual. N\u00e3o teve filhos biol\u00f3gicos, mas centenas de filhos do cora\u00e7\u00e3o. Era chamada de m\u00e3e, e todo o seu trabalho era dedicado ao Pai de Infinita Miseric\u00f3rdia.<\/p>\n\n\n\n<p class=\"has-black-color has-text-color has-link-color has-small-font-size wp-elements-932e834b6be8fcb43dd249e0b8b995bf\">Ela deixou um legado de amor e uma educadora exemplar. Escreveu v\u00e1rios romances, contribuiu para diversas revistas e jornais e inspirou milhares de almas, permanecendo, at\u00e9 hoje, uma personalidade inesquec\u00edvel.<\/p>\n\n\n\n<p class=\"has-black-color has-text-color has-link-color has-small-font-size wp-elements-c90daae3c00486bafda669c7dc6fe62b\">Para An\u00e1lia Franco, \u201csegundo o pensamento e a palavra de Deus, nada \u00e9 mais belo e nobre do que a miss\u00e3o do verdadeiro educador de crian\u00e7as\u201d.<\/p>\n<\/div><\/div>","protected":false},"excerpt":{"rendered":"<p>An\u00e1lia Franco An\u00e1lia Em\u00edlia Franco Bastos, m\u00e1s conocida como An\u00e1lia Franco, naci\u00f3 el 1 de febrero de 1853, en la ciudad de Resende, en el estado de R\u00edo de Janeiro, y muri\u00f3 el 20 de enero de 1919, en la ciudad de S\u00e3o Paulo. Fue periodista, escritora, poeta y educadora experta, que dej\u00f3 un legado [&hellip;]<\/p>","protected":false},"author":1,"featured_media":0,"parent":0,"menu_order":0,"comment_status":"closed","ping_status":"closed","template":"","meta":{"_uag_custom_page_level_css":"","site-sidebar-layout":"default","site-content-layout":"","ast-site-content-layout":"default","site-content-style":"default","site-sidebar-style":"default","ast-global-header-display":"","ast-banner-title-visibility":"","ast-main-header-display":"","ast-hfb-above-header-display":"","ast-hfb-below-header-display":"","ast-hfb-mobile-header-display":"","site-post-title":"disabled","ast-breadcrumbs-content":"","ast-featured-img":"","footer-sml-layout":"","theme-transparent-header-meta":"","adv-header-id-meta":"","stick-header-meta":"","header-above-stick-meta":"","header-main-stick-meta":"","header-below-stick-meta":"","astra-migrate-meta-layouts":"set","ast-page-background-enabled":"default","ast-page-background-meta":{"desktop":{"background-color":"var(--ast-global-color-4)","background-image":"","background-repeat":"repeat","background-position":"center center","background-size":"auto","background-attachment":"scroll","background-type":"","background-media":"","overlay-type":"","overlay-color":"","overlay-opacity":"","overlay-gradient":""},"tablet":{"background-color":"","background-image":"","background-repeat":"repeat","background-position":"center center","background-size":"auto","background-attachment":"scroll","background-type":"","background-media":"","overlay-type":"","overlay-color":"","overlay-opacity":"","overlay-gradient":""},"mobile":{"background-color":"","background-image":"","background-repeat":"repeat","background-position":"center center","background-size":"auto","background-attachment":"scroll","background-type":"","background-media":"","overlay-type":"","overlay-color":"","overlay-opacity":"","overlay-gradient":""}},"ast-content-background-meta":{"desktop":{"background-color":"var(--ast-global-color-5)","background-image":"","background-repeat":"repeat","background-position":"center center","background-size":"auto","background-attachment":"scroll","background-type":"","background-media":"","overlay-type":"","overlay-color":"","overlay-opacity":"","overlay-gradient":""},"tablet":{"background-color":"var(--ast-global-color-5)","background-image":"","background-repeat":"repeat","background-position":"center center","background-size":"auto","background-attachment":"scroll","background-type":"","background-media":"","overlay-type":"","overlay-color":"","overlay-opacity":"","overlay-gradient":""},"mobile":{"background-color":"var(--ast-global-color-5)","background-image":"","background-repeat":"repeat","background-position":"center center","background-size":"auto","background-attachment":"scroll","background-type":"","background-media":"","overlay-type":"","overlay-color":"","overlay-opacity":"","overlay-gradient":""}},"footnotes":""},"class_list":["post-3392","page","type-page","status-publish","hentry"],"yoast_head":"<!-- This site is optimized with the Yoast SEO Premium plugin v24.2 (Yoast SEO v24.6) - https:\/\/yoast.com\/wordpress\/plugins\/seo\/ -->\n<title>An\u00e1lia Franco - Uni\u00f3n Esp\u00edrita<\/title>\n<meta name=\"robots\" content=\"index, follow, max-snippet:-1, max-image-preview:large, max-video-preview:-1\" \/>\n<link rel=\"canonical\" href=\"https:\/\/nuevo-renacer.com\/pt\/analia-franco\/\" \/>\n<meta property=\"og:locale\" content=\"pt_BR\" \/>\n<meta property=\"og:type\" content=\"article\" \/>\n<meta property=\"og:title\" content=\"An\u00e1lia Franco\" \/>\n<meta property=\"og:description\" content=\"An\u00e1lia Franco An\u00e1lia Em\u00edlia Franco Bastos, m\u00e1s conocida como An\u00e1lia Franco, naci\u00f3 el 1 de febrero de 1853, en la ciudad de Resende, en el estado de R\u00edo de Janeiro, y muri\u00f3 el 20 de enero de 1919, en la ciudad de S\u00e3o Paulo. Fue periodista, escritora, poeta y educadora experta, que dej\u00f3 un legado [&hellip;]\" \/>\n<meta property=\"og:url\" content=\"https:\/\/nuevo-renacer.com\/pt\/analia-franco\/\" \/>\n<meta property=\"og:site_name\" content=\"Uni\u00f3n Esp\u00edrita\" \/>\n<meta property=\"article:publisher\" content=\"https:\/\/www.facebook.com\/groups\/3431398063740829\" \/>\n<meta property=\"article:modified_time\" content=\"2024-07-08T10:40:30+00:00\" \/>\n<meta property=\"og:image\" content=\"https:\/\/ufec-mundial.com\/wp-content\/uploads\/2024\/07\/analia-franco.webp\" \/>\n<meta name=\"twitter:card\" content=\"summary_large_image\" \/>\n<meta name=\"twitter:label1\" content=\"Est. tempo de leitura\" \/>\n\t<meta name=\"twitter:data1\" content=\"6 minutos\" \/>\n<script type=\"application\/ld+json\" class=\"yoast-schema-graph\">{\"@context\":\"https:\/\/schema.org\",\"@graph\":[{\"@type\":\"WebPage\",\"@id\":\"https:\/\/nuevo-renacer.com\/analia-franco\/\",\"url\":\"https:\/\/nuevo-renacer.com\/analia-franco\/\",\"name\":\"An\u00e1lia Franco - Uni\u00f3n Esp\u00edrita\",\"isPartOf\":{\"@id\":\"https:\/\/nuevo-renacer.com\/#website\"},\"primaryImageOfPage\":{\"@id\":\"https:\/\/nuevo-renacer.com\/analia-franco\/#primaryimage\"},\"image\":{\"@id\":\"https:\/\/nuevo-renacer.com\/analia-franco\/#primaryimage\"},\"thumbnailUrl\":\"https:\/\/ufec-mundial.com\/wp-content\/uploads\/2024\/07\/analia-franco.webp\",\"datePublished\":\"2024-07-08T10:40:28+00:00\",\"dateModified\":\"2024-07-08T10:40:30+00:00\",\"breadcrumb\":{\"@id\":\"https:\/\/nuevo-renacer.com\/analia-franco\/#breadcrumb\"},\"inLanguage\":\"pt-BR\",\"potentialAction\":[{\"@type\":\"ReadAction\",\"target\":[\"https:\/\/nuevo-renacer.com\/analia-franco\/\"]}]},{\"@type\":\"ImageObject\",\"inLanguage\":\"pt-BR\",\"@id\":\"https:\/\/nuevo-renacer.com\/analia-franco\/#primaryimage\",\"url\":\"https:\/\/ufec-mundial.com\/wp-content\/uploads\/2024\/07\/analia-franco.webp\",\"contentUrl\":\"https:\/\/ufec-mundial.com\/wp-content\/uploads\/2024\/07\/analia-franco.webp\"},{\"@type\":\"BreadcrumbList\",\"@id\":\"https:\/\/nuevo-renacer.com\/analia-franco\/#breadcrumb\",\"itemListElement\":[{\"@type\":\"ListItem\",\"position\":1,\"name\":\"Startseite\",\"item\":\"https:\/\/nuevo-renacer.com\/\"},{\"@type\":\"ListItem\",\"position\":2,\"name\":\"An\u00e1lia Franco\"}]},{\"@type\":\"WebSite\",\"@id\":\"https:\/\/nuevo-renacer.com\/#website\",\"url\":\"https:\/\/nuevo-renacer.com\/\",\"name\":\"Uni\u00f3n Esp\u00edrita\",\"description\":\"Nuevo Renacer\",\"publisher\":{\"@id\":\"https:\/\/nuevo-renacer.com\/#organization\"},\"potentialAction\":[{\"@type\":\"SearchAction\",\"target\":{\"@type\":\"EntryPoint\",\"urlTemplate\":\"https:\/\/nuevo-renacer.com\/?s={search_term_string}\"},\"query-input\":{\"@type\":\"PropertyValueSpecification\",\"valueRequired\":true,\"valueName\":\"search_term_string\"}}],\"inLanguage\":\"pt-BR\"},{\"@type\":\"Organization\",\"@id\":\"https:\/\/nuevo-renacer.com\/#organization\",\"name\":\"UFEC\",\"url\":\"https:\/\/nuevo-renacer.com\/\",\"logo\":{\"@type\":\"ImageObject\",\"inLanguage\":\"pt-BR\",\"@id\":\"https:\/\/nuevo-renacer.com\/#\/schema\/logo\/image\/\",\"url\":\"https:\/\/nuevo-renacer.com\/wp-content\/uploads\/2024\/05\/cropped-LOGO-TERMINADO1-3-3.png\",\"contentUrl\":\"https:\/\/nuevo-renacer.com\/wp-content\/uploads\/2024\/05\/cropped-LOGO-TERMINADO1-3-3.png\",\"width\":512,\"height\":512,\"caption\":\"UFEC\"},\"image\":{\"@id\":\"https:\/\/nuevo-renacer.com\/#\/schema\/logo\/image\/\"},\"sameAs\":[\"https:\/\/www.facebook.com\/groups\/3431398063740829\"]}]}<\/script>\n<!-- \/ Yoast SEO Premium plugin. -->","yoast_head_json":{"title":"An\u00e1lia Franco - Uni\u00f3n Esp\u00edrita","robots":{"index":"index","follow":"follow","max-snippet":"max-snippet:-1","max-image-preview":"max-image-preview:large","max-video-preview":"max-video-preview:-1"},"canonical":"https:\/\/nuevo-renacer.com\/pt\/analia-franco\/","og_locale":"pt_BR","og_type":"article","og_title":"An\u00e1lia Franco","og_description":"An\u00e1lia Franco An\u00e1lia Em\u00edlia Franco Bastos, m\u00e1s conocida como An\u00e1lia Franco, naci\u00f3 el 1 de febrero de 1853, en la ciudad de Resende, en el estado de R\u00edo de Janeiro, y muri\u00f3 el 20 de enero de 1919, en la ciudad de S\u00e3o Paulo. Fue periodista, escritora, poeta y educadora experta, que dej\u00f3 un legado [&hellip;]","og_url":"https:\/\/nuevo-renacer.com\/pt\/analia-franco\/","og_site_name":"Uni\u00f3n Esp\u00edrita","article_publisher":"https:\/\/www.facebook.com\/groups\/3431398063740829","article_modified_time":"2024-07-08T10:40:30+00:00","og_image":[{"url":"https:\/\/ufec-mundial.com\/wp-content\/uploads\/2024\/07\/analia-franco.webp","type":"","width":"","height":""}],"twitter_card":"summary_large_image","twitter_misc":{"Est. tempo de leitura":"6 minutos"},"schema":{"@context":"https:\/\/schema.org","@graph":[{"@type":"WebPage","@id":"https:\/\/nuevo-renacer.com\/analia-franco\/","url":"https:\/\/nuevo-renacer.com\/analia-franco\/","name":"An\u00e1lia Franco - Uni\u00f3n Esp\u00edrita","isPartOf":{"@id":"https:\/\/nuevo-renacer.com\/#website"},"primaryImageOfPage":{"@id":"https:\/\/nuevo-renacer.com\/analia-franco\/#primaryimage"},"image":{"@id":"https:\/\/nuevo-renacer.com\/analia-franco\/#primaryimage"},"thumbnailUrl":"https:\/\/ufec-mundial.com\/wp-content\/uploads\/2024\/07\/analia-franco.webp","datePublished":"2024-07-08T10:40:28+00:00","dateModified":"2024-07-08T10:40:30+00:00","breadcrumb":{"@id":"https:\/\/nuevo-renacer.com\/analia-franco\/#breadcrumb"},"inLanguage":"pt-BR","potentialAction":[{"@type":"ReadAction","target":["https:\/\/nuevo-renacer.com\/analia-franco\/"]}]},{"@type":"ImageObject","inLanguage":"pt-BR","@id":"https:\/\/nuevo-renacer.com\/analia-franco\/#primaryimage","url":"https:\/\/ufec-mundial.com\/wp-content\/uploads\/2024\/07\/analia-franco.webp","contentUrl":"https:\/\/ufec-mundial.com\/wp-content\/uploads\/2024\/07\/analia-franco.webp"},{"@type":"BreadcrumbList","@id":"https:\/\/nuevo-renacer.com\/analia-franco\/#breadcrumb","itemListElement":[{"@type":"ListItem","position":1,"name":"Startseite","item":"https:\/\/nuevo-renacer.com\/"},{"@type":"ListItem","position":2,"name":"An\u00e1lia Franco"}]},{"@type":"WebSite","@id":"https:\/\/nuevo-renacer.com\/#website","url":"https:\/\/nuevo-renacer.com\/","name":"Uni\u00f3n Esp\u00edrita","description":"Nuevo Renacer","publisher":{"@id":"https:\/\/nuevo-renacer.com\/#organization"},"potentialAction":[{"@type":"SearchAction","target":{"@type":"EntryPoint","urlTemplate":"https:\/\/nuevo-renacer.com\/?s={search_term_string}"},"query-input":{"@type":"PropertyValueSpecification","valueRequired":true,"valueName":"search_term_string"}}],"inLanguage":"pt-BR"},{"@type":"Organization","@id":"https:\/\/nuevo-renacer.com\/#organization","name":"UFEC","url":"https:\/\/nuevo-renacer.com\/","logo":{"@type":"ImageObject","inLanguage":"pt-BR","@id":"https:\/\/nuevo-renacer.com\/#\/schema\/logo\/image\/","url":"https:\/\/nuevo-renacer.com\/wp-content\/uploads\/2024\/05\/cropped-LOGO-TERMINADO1-3-3.png","contentUrl":"https:\/\/nuevo-renacer.com\/wp-content\/uploads\/2024\/05\/cropped-LOGO-TERMINADO1-3-3.png","width":512,"height":512,"caption":"UFEC"},"image":{"@id":"https:\/\/nuevo-renacer.com\/#\/schema\/logo\/image\/"},"sameAs":["https:\/\/www.facebook.com\/groups\/3431398063740829"]}]}},"uagb_featured_image_src":{"full":false,"thumbnail":false,"medium":false,"medium_large":false,"large":false,"1536x1536":false,"2048x2048":false,"trp-custom-language-flag":false},"uagb_author_info":{"display_name":"adbv0","author_link":"https:\/\/nuevo-renacer.com\/pt\/author\/adbv0\/"},"uagb_comment_info":0,"uagb_excerpt":"An\u00e1lia Franco An\u00e1lia Em\u00edlia Franco Bastos, m\u00e1s conocida como An\u00e1lia Franco, naci\u00f3 el 1 de febrero de 1853, en la ciudad de Resende, en el estado de R\u00edo de Janeiro, y muri\u00f3 el 20 de enero de 1919, en la ciudad de S\u00e3o Paulo. Fue periodista, escritora, poeta y educadora experta, que dej\u00f3 un legado&hellip;","jetpack_sharing_enabled":true,"_links":{"self":[{"href":"https:\/\/nuevo-renacer.com\/pt\/wp-json\/wp\/v2\/pages\/3392","targetHints":{"allow":["GET"]}}],"collection":[{"href":"https:\/\/nuevo-renacer.com\/pt\/wp-json\/wp\/v2\/pages"}],"about":[{"href":"https:\/\/nuevo-renacer.com\/pt\/wp-json\/wp\/v2\/types\/page"}],"author":[{"embeddable":true,"href":"https:\/\/nuevo-renacer.com\/pt\/wp-json\/wp\/v2\/users\/1"}],"replies":[{"embeddable":true,"href":"https:\/\/nuevo-renacer.com\/pt\/wp-json\/wp\/v2\/comments?post=3392"}],"version-history":[{"count":1,"href":"https:\/\/nuevo-renacer.com\/pt\/wp-json\/wp\/v2\/pages\/3392\/revisions"}],"predecessor-version":[{"id":3394,"href":"https:\/\/nuevo-renacer.com\/pt\/wp-json\/wp\/v2\/pages\/3392\/revisions\/3394"}],"wp:attachment":[{"href":"https:\/\/nuevo-renacer.com\/pt\/wp-json\/wp\/v2\/media?parent=3392"}],"curies":[{"name":"wp","href":"https:\/\/api.w.org\/{rel}","templated":true}]}}