{"id":3189,"date":"2024-07-07T09:28:15","date_gmt":"2024-07-07T09:28:15","guid":{"rendered":"https:\/\/ufec-mundial.com\/?page_id=3189"},"modified":"2026-04-20T18:34:09","modified_gmt":"2026-04-20T18:34:09","slug":"emma-hardinge-britten","status":"publish","type":"page","link":"https:\/\/nuevo-renacer.com\/pt\/emma-hardinge-britten\/","title":{"rendered":"Emma Hardinge Britten"},"content":{"rendered":"<div class=\"wp-block-uagb-container uagb-block-b02e4e1c alignfull uagb-is-root-container\"><div class=\"uagb-container-inner-blocks-wrap\">\n<p class=\"has-black-color has-text-color has-link-color has-medium-font-size wp-elements-05a142b0c114fb65ef90e9d250db6c48\"><strong>Emma Hardinge Britten<\/strong><\/p>\n<\/div><\/div>\n\n\n\n<div class=\"wp-block-uagb-container uagb-block-007bc79f alignfull uagb-is-root-container\"><div class=\"uagb-container-inner-blocks-wrap\">\n<div class=\"wp-block-uagb-image alignleft uagb-block-84a46c13 wp-block-uagb-image--layout-default wp-block-uagb-image--effect-static wp-block-uagb-image--align-left\"><figure class=\"wp-block-uagb-image__figure\"><img loading=\"lazy\" decoding=\"async\" srcset=\"https:\/\/nuevo-renacer.com\/wp-content\/uploads\/2026\/04\/Picture_from_Emma_Hardinge_Britten_1823\u20131899_in_the_mid_1860s.jpg ,https:\/\/nuevo-renacer.com\/wp-content\/uploads\/2026\/04\/Picture_from_Emma_Hardinge_Britten_1823\u20131899_in_the_mid_1860s.jpg 780w, https:\/\/nuevo-renacer.com\/wp-content\/uploads\/2026\/04\/Picture_from_Emma_Hardinge_Britten_1823\u20131899_in_the_mid_1860s.jpg 360w\" sizes=\"auto, (max-width: 480px) 150px\" src=\"https:\/\/nuevo-renacer.com\/wp-content\/uploads\/2026\/04\/Picture_from_Emma_Hardinge_Britten_1823\u20131899_in_the_mid_1860s.jpg\" alt=\"\" class=\"uag-image-8877\" width=\"220\" height=\"311\" title=\"Picture_from_Emma_Hardinge_Britten_(1823\u20131899)_in_the_mid_1860s\" role=\"img\"\/><\/figure><\/div>\n<\/div><\/div>\n\n\n\n<div class=\"wp-block-uagb-container uagb-block-a2d80e7d alignfull uagb-is-root-container\"><div class=\"uagb-container-inner-blocks-wrap\">\n<p class=\"has-black-color has-text-color has-link-color has-small-font-size wp-elements-aa324bd595ad6a68da605340f77aa666\">Nenhuma hist\u00f3ria do Espiritismo estaria completa sem refer\u00eancias a essa not\u00e1vel escritora, que foi chamada de Ap\u00f3stolo Paulo feminino do movimento esp\u00edr\u00edta.&nbsp;<\/p>\n\n\n\n<p class=\"has-black-color has-text-color has-link-color has-small-font-size wp-elements-3335924fc2f8cf36689d6ab0a021a21e\">Ela nasceu em Londres, Inglaterra, em 1823. Era uma inglesa que tinha ido para Nova York com uma companhia de teatro e permaneceu nos Estados Unidos, onde morava com sua m\u00e3e. Educada no protestantismo, rejeitou firmemente qualquer contato com espiritualistas, mas em 1856 entrou novamente em contato com o espiritismo, recebendo provas irrefut\u00e1veis das verdades que ele proclamava. Ela logo descobriu que tamb\u00e9m era m\u00e9dium e, sem d\u00favida, um dos casos mais bem documentados, que alcan\u00e7ou not\u00e1vel sensacionalismo, foi sua informa\u00e7\u00e3o de que o navio \u201cPacific\u201d havia afundado no meio do Atl\u00e2ntico, com a morte de todos os passageiros. Ap\u00f3s essa revela\u00e7\u00e3o, ela foi perseguida pela empresa propriet\u00e1ria do navio por repetir o que lhe havia sido dito pelo esp\u00edrito de uma das v\u00edtimas do desastre. Suas informa\u00e7\u00f5es medi\u00fanicas foram posteriormente comprovadas como verdadeiras, pois o navio havia afundado e nunca mais reapareceu.&nbsp;<\/p>\n\n\n\n<p class=\"has-black-color has-text-color has-link-color has-small-font-size wp-elements-8c5dcad23d6bb2dc73527bfbe78a9c5f\">Em 1866, ela retornou \u00e0 Inglaterra, onde foi muito ativa, produzindo duas grandes obras: \u201cModern American Spiritualism\u201d (Espiritismo Americano Moderno) e \u201cMiracles of the Nineteenth Century\u201d, livros que representavam uma pesquisa interessante combinada com um racioc\u00ednio claro e l\u00f3gico. Em 1870, ela se casou com o Dr. Britten, um espiritualista t\u00e3o devoto quanto ela. Tudo indica que foi uma uni\u00e3o verdadeiramente feliz.&nbsp;<\/p>\n\n\n\n<p class=\"has-black-color has-text-color has-link-color has-small-font-size wp-elements-3259c5c947f64fb9ab54ba348d8a6508\">Em 1878, eles viajaram para a Austr\u00e1lia e Nova Zel\u00e2ndia como mission\u00e1rios do Espiritualismo, passando muitos anos no pa\u00eds e fundando v\u00e1rias sociedades. Durante sua estada na Austr\u00e1lia, ele escreveu \u201cFaith, Facts and Frauds of Religious History\u201d (F\u00e9, fatos e fraudes da hist\u00f3ria religiosa), um livro que ainda hoje \u00e9 relativamente influente.&nbsp;<\/p>\n\n\n\n<p class=\"has-black-color has-text-color has-link-color has-small-font-size wp-elements-bad2a8f4df590e180574f9be31c2f764\">Entre outros monumentos, Emma Hardinge Britten fundou em Manchester o \u201cThe Two Worlds\u201d, \u00f3rg\u00e3o que ainda hoje goza de ampla circula\u00e7\u00e3o, representando um ve\u00edculo publicit\u00e1rio de grande penetra\u00e7\u00e3o em todo o mundo. Ernesto Bozzano, um dos maiores escritores esp\u00edritas, profundo pesquisador, homem de ci\u00eancia, polemista em\u00e9rito, cuja obra honra e engrandece a Doutrina Esp\u00edrita, em not\u00e1vel depoimento escrito para a revista \u201cLa Luz Del Porvenir\u201d, relatou que o livro \u201cModerno Espiritismo Americano\u201d lhe foi muito \u00fatil no per\u00edodo de sua convers\u00e3o ao Espiritismo.&nbsp;<\/p>\n\n\n\n<p class=\"has-black-color has-text-color has-link-color has-small-font-size wp-elements-797badb77e7f16009f4ca441ff67d6e3\">&nbsp;O trabalho de Emma Harding Britten nos primeiros dias do Espiritualismo foi um dos mais importantes, sendo respons\u00e1vel por um grande n\u00famero de convers\u00f5es, inclusive de pessoas muito importantes da \u00e9poca.&nbsp;<\/p>\n\n\n\n<p class=\"has-black-color has-text-color has-link-color has-small-font-size wp-elements-f22b17617cfb6a1962a3d02ff9e2df80\">O marido de Britten faleceu em 1894 e ela morreu em Manchester em 1899, em 2 de outubro, com 76 anos.<\/p>\n\n\n\n<div class=\"wp-block-uagb-image uagb-block-d669f25e wp-block-uagb-image--layout-default wp-block-uagb-image--effect-static wp-block-uagb-image--align-none\"><figure class=\"wp-block-uagb-image__figure\"><img loading=\"lazy\" decoding=\"async\" srcset=\"https:\/\/nuevo-renacer.com\/wp-content\/uploads\/2024\/07\/Dr.Britten.jpg ,https:\/\/ufec-mundial.com\/wp-content\/uploads\/2024\/07\/Dr.Britten.jpg 780w, https:\/\/ufec-mundial.com\/wp-content\/uploads\/2024\/07\/Dr.Britten.jpg 360w\" sizes=\"auto, (max-width: 480px) 150px\" src=\"https:\/\/nuevo-renacer.com\/wp-content\/uploads\/2024\/07\/Dr.Britten.jpg\" alt=\"\" class=\"uag-image-3197\" width=\"200\" height=\"252\" title=\"Dr. William Britten\" role=\"img\"\/><figcaption class=\"uagb-image-caption\">Dr. William Britten<\/figcaption><\/figure><\/div>\n<\/div><\/div>\n\n\n\n<div class=\"wp-block-uagb-container uagb-block-9f48368b alignfull uagb-is-root-container\"><div class=\"uagb-container-inner-blocks-wrap\"><\/div><\/div>\n\n\n\n<div class=\"wp-block-uagb-container uagb-block-f43e81b5 alignfull uagb-is-root-container\"><div class=\"uagb-container-inner-blocks-wrap\"><\/div><\/div>","protected":false},"excerpt":{"rendered":"<p>Emma Hardinge Britten Ninguna historia del espiritismo estar\u00eda completa sin referencias a esta notable escritora, a la que se ha llamado la Ap\u00f3stol Pablo femenina del movimiento esp\u00edrita.&nbsp; Naci\u00f3 en Londres, Inglaterra, en 1823.&nbsp;Era una inglesa que hab\u00eda ido a Nueva York con una compa\u00f1\u00eda de teatro y se qued\u00f3 en Estados Unidos, donde viv\u00eda [&hellip;]<\/p>","protected":false},"author":1,"featured_media":0,"parent":0,"menu_order":0,"comment_status":"closed","ping_status":"closed","template":"","meta":{"_uag_custom_page_level_css":"","site-sidebar-layout":"default","site-content-layout":"","ast-site-content-layout":"default","site-content-style":"default","site-sidebar-style":"default","ast-global-header-display":"","ast-banner-title-visibility":"","ast-main-header-display":"","ast-hfb-above-header-display":"","ast-hfb-below-header-display":"","ast-hfb-mobile-header-display":"","site-post-title":"disabled","ast-breadcrumbs-content":"","ast-featured-img":"","footer-sml-layout":"","theme-transparent-header-meta":"","adv-header-id-meta":"","stick-header-meta":"","header-above-stick-meta":"","header-main-stick-meta":"","header-below-stick-meta":"","astra-migrate-meta-layouts":"set","ast-page-background-enabled":"default","ast-page-background-meta":{"desktop":{"background-color":"var(--ast-global-color-4)","background-image":"","background-repeat":"repeat","background-position":"center center","background-size":"auto","background-attachment":"scroll","background-type":"","background-media":"","overlay-type":"","overlay-color":"","overlay-opacity":"","overlay-gradient":""},"tablet":{"background-color":"","background-image":"","background-repeat":"repeat","background-position":"center center","background-size":"auto","background-attachment":"scroll","background-type":"","background-media":"","overlay-type":"","overlay-color":"","overlay-opacity":"","overlay-gradient":""},"mobile":{"background-color":"","background-image":"","background-repeat":"repeat","background-position":"center center","background-size":"auto","background-attachment":"scroll","background-type":"","background-media":"","overlay-type":"","overlay-color":"","overlay-opacity":"","overlay-gradient":""}},"ast-content-background-meta":{"desktop":{"background-color":"var(--ast-global-color-5)","background-image":"","background-repeat":"repeat","background-position":"center center","background-size":"auto","background-attachment":"scroll","background-type":"","background-media":"","overlay-type":"","overlay-color":"","overlay-opacity":"","overlay-gradient":""},"tablet":{"background-color":"var(--ast-global-color-5)","background-image":"","background-repeat":"repeat","background-position":"center center","background-size":"auto","background-attachment":"scroll","background-type":"","background-media":"","overlay-type":"","overlay-color":"","overlay-opacity":"","overlay-gradient":""},"mobile":{"background-color":"var(--ast-global-color-5)","background-image":"","background-repeat":"repeat","background-position":"center center","background-size":"auto","background-attachment":"scroll","background-type":"","background-media":"","overlay-type":"","overlay-color":"","overlay-opacity":"","overlay-gradient":""}},"footnotes":""},"class_list":["post-3189","page","type-page","status-publish","hentry"],"yoast_head":"<!-- This site is optimized with the Yoast SEO Premium plugin v24.2 (Yoast SEO v24.6) - https:\/\/yoast.com\/wordpress\/plugins\/seo\/ -->\n<title>Emma Hardinge Britten - Uni\u00f3n Esp\u00edrita<\/title>\n<meta name=\"robots\" content=\"index, follow, max-snippet:-1, max-image-preview:large, max-video-preview:-1\" \/>\n<link rel=\"canonical\" href=\"https:\/\/nuevo-renacer.com\/pt\/emma-hardinge-britten\/\" \/>\n<meta property=\"og:locale\" content=\"pt_BR\" \/>\n<meta property=\"og:type\" content=\"article\" \/>\n<meta property=\"og:title\" content=\"Emma Hardinge Britten\" \/>\n<meta property=\"og:description\" content=\"Emma Hardinge Britten Ninguna historia del espiritismo estar\u00eda completa sin referencias a esta notable escritora, a la que se ha llamado la Ap\u00f3stol Pablo femenina del movimiento esp\u00edrita.&nbsp; Naci\u00f3 en Londres, Inglaterra, en 1823.&nbsp;Era una inglesa que hab\u00eda ido a Nueva York con una compa\u00f1\u00eda de teatro y se qued\u00f3 en Estados Unidos, donde viv\u00eda [&hellip;]\" \/>\n<meta property=\"og:url\" content=\"https:\/\/nuevo-renacer.com\/pt\/emma-hardinge-britten\/\" \/>\n<meta property=\"og:site_name\" content=\"Uni\u00f3n Esp\u00edrita\" \/>\n<meta property=\"article:publisher\" content=\"https:\/\/www.facebook.com\/groups\/3431398063740829\" \/>\n<meta property=\"article:modified_time\" content=\"2026-04-20T18:34:09+00:00\" \/>\n<meta property=\"og:image\" content=\"https:\/\/nuevo-renacer.com\/wp-content\/uploads\/2024\/07\/Dr.Britten.jpg\" \/>\n<meta name=\"twitter:card\" content=\"summary_large_image\" \/>\n<meta name=\"twitter:label1\" content=\"Est. tempo de leitura\" \/>\n\t<meta name=\"twitter:data1\" content=\"3 minutos\" \/>\n<script type=\"application\/ld+json\" class=\"yoast-schema-graph\">{\"@context\":\"https:\/\/schema.org\",\"@graph\":[{\"@type\":\"WebPage\",\"@id\":\"https:\/\/nuevo-renacer.com\/emma-hardinge-britten\/\",\"url\":\"https:\/\/nuevo-renacer.com\/emma-hardinge-britten\/\",\"name\":\"Emma Hardinge Britten - Uni\u00f3n Esp\u00edrita\",\"isPartOf\":{\"@id\":\"https:\/\/nuevo-renacer.com\/#website\"},\"primaryImageOfPage\":{\"@id\":\"https:\/\/nuevo-renacer.com\/emma-hardinge-britten\/#primaryimage\"},\"image\":{\"@id\":\"https:\/\/nuevo-renacer.com\/emma-hardinge-britten\/#primaryimage\"},\"thumbnailUrl\":\"https:\/\/nuevo-renacer.com\/wp-content\/uploads\/2024\/07\/Dr.Britten.jpg\",\"datePublished\":\"2024-07-07T09:28:15+00:00\",\"dateModified\":\"2026-04-20T18:34:09+00:00\",\"breadcrumb\":{\"@id\":\"https:\/\/nuevo-renacer.com\/emma-hardinge-britten\/#breadcrumb\"},\"inLanguage\":\"pt-BR\",\"potentialAction\":[{\"@type\":\"ReadAction\",\"target\":[\"https:\/\/nuevo-renacer.com\/emma-hardinge-britten\/\"]}]},{\"@type\":\"ImageObject\",\"inLanguage\":\"pt-BR\",\"@id\":\"https:\/\/nuevo-renacer.com\/emma-hardinge-britten\/#primaryimage\",\"url\":\"https:\/\/nuevo-renacer.com\/wp-content\/uploads\/2024\/07\/Dr.Britten.jpg\",\"contentUrl\":\"https:\/\/nuevo-renacer.com\/wp-content\/uploads\/2024\/07\/Dr.Britten.jpg\"},{\"@type\":\"BreadcrumbList\",\"@id\":\"https:\/\/nuevo-renacer.com\/emma-hardinge-britten\/#breadcrumb\",\"itemListElement\":[{\"@type\":\"ListItem\",\"position\":1,\"name\":\"Startseite\",\"item\":\"https:\/\/nuevo-renacer.com\/\"},{\"@type\":\"ListItem\",\"position\":2,\"name\":\"Emma Hardinge Britten\"}]},{\"@type\":\"WebSite\",\"@id\":\"https:\/\/nuevo-renacer.com\/#website\",\"url\":\"https:\/\/nuevo-renacer.com\/\",\"name\":\"Uni\u00f3n Esp\u00edrita\",\"description\":\"Nuevo Renacer\",\"publisher\":{\"@id\":\"https:\/\/nuevo-renacer.com\/#organization\"},\"potentialAction\":[{\"@type\":\"SearchAction\",\"target\":{\"@type\":\"EntryPoint\",\"urlTemplate\":\"https:\/\/nuevo-renacer.com\/?s={search_term_string}\"},\"query-input\":{\"@type\":\"PropertyValueSpecification\",\"valueRequired\":true,\"valueName\":\"search_term_string\"}}],\"inLanguage\":\"pt-BR\"},{\"@type\":\"Organization\",\"@id\":\"https:\/\/nuevo-renacer.com\/#organization\",\"name\":\"UFEC\",\"url\":\"https:\/\/nuevo-renacer.com\/\",\"logo\":{\"@type\":\"ImageObject\",\"inLanguage\":\"pt-BR\",\"@id\":\"https:\/\/nuevo-renacer.com\/#\/schema\/logo\/image\/\",\"url\":\"https:\/\/nuevo-renacer.com\/wp-content\/uploads\/2024\/05\/cropped-LOGO-TERMINADO1-3-3.png\",\"contentUrl\":\"https:\/\/nuevo-renacer.com\/wp-content\/uploads\/2024\/05\/cropped-LOGO-TERMINADO1-3-3.png\",\"width\":512,\"height\":512,\"caption\":\"UFEC\"},\"image\":{\"@id\":\"https:\/\/nuevo-renacer.com\/#\/schema\/logo\/image\/\"},\"sameAs\":[\"https:\/\/www.facebook.com\/groups\/3431398063740829\"]}]}<\/script>\n<!-- \/ Yoast SEO Premium plugin. -->","yoast_head_json":{"title":"Emma Hardinge Britten - Uni\u00f3n Esp\u00edrita","robots":{"index":"index","follow":"follow","max-snippet":"max-snippet:-1","max-image-preview":"max-image-preview:large","max-video-preview":"max-video-preview:-1"},"canonical":"https:\/\/nuevo-renacer.com\/pt\/emma-hardinge-britten\/","og_locale":"pt_BR","og_type":"article","og_title":"Emma Hardinge Britten","og_description":"Emma Hardinge Britten Ninguna historia del espiritismo estar\u00eda completa sin referencias a esta notable escritora, a la que se ha llamado la Ap\u00f3stol Pablo femenina del movimiento esp\u00edrita.&nbsp; Naci\u00f3 en Londres, Inglaterra, en 1823.&nbsp;Era una inglesa que hab\u00eda ido a Nueva York con una compa\u00f1\u00eda de teatro y se qued\u00f3 en Estados Unidos, donde viv\u00eda [&hellip;]","og_url":"https:\/\/nuevo-renacer.com\/pt\/emma-hardinge-britten\/","og_site_name":"Uni\u00f3n Esp\u00edrita","article_publisher":"https:\/\/www.facebook.com\/groups\/3431398063740829","article_modified_time":"2026-04-20T18:34:09+00:00","og_image":[{"url":"https:\/\/nuevo-renacer.com\/wp-content\/uploads\/2024\/07\/Dr.Britten.jpg","type":"","width":"","height":""}],"twitter_card":"summary_large_image","twitter_misc":{"Est. tempo de leitura":"3 minutos"},"schema":{"@context":"https:\/\/schema.org","@graph":[{"@type":"WebPage","@id":"https:\/\/nuevo-renacer.com\/emma-hardinge-britten\/","url":"https:\/\/nuevo-renacer.com\/emma-hardinge-britten\/","name":"Emma Hardinge Britten - Uni\u00f3n Esp\u00edrita","isPartOf":{"@id":"https:\/\/nuevo-renacer.com\/#website"},"primaryImageOfPage":{"@id":"https:\/\/nuevo-renacer.com\/emma-hardinge-britten\/#primaryimage"},"image":{"@id":"https:\/\/nuevo-renacer.com\/emma-hardinge-britten\/#primaryimage"},"thumbnailUrl":"https:\/\/nuevo-renacer.com\/wp-content\/uploads\/2024\/07\/Dr.Britten.jpg","datePublished":"2024-07-07T09:28:15+00:00","dateModified":"2026-04-20T18:34:09+00:00","breadcrumb":{"@id":"https:\/\/nuevo-renacer.com\/emma-hardinge-britten\/#breadcrumb"},"inLanguage":"pt-BR","potentialAction":[{"@type":"ReadAction","target":["https:\/\/nuevo-renacer.com\/emma-hardinge-britten\/"]}]},{"@type":"ImageObject","inLanguage":"pt-BR","@id":"https:\/\/nuevo-renacer.com\/emma-hardinge-britten\/#primaryimage","url":"https:\/\/nuevo-renacer.com\/wp-content\/uploads\/2024\/07\/Dr.Britten.jpg","contentUrl":"https:\/\/nuevo-renacer.com\/wp-content\/uploads\/2024\/07\/Dr.Britten.jpg"},{"@type":"BreadcrumbList","@id":"https:\/\/nuevo-renacer.com\/emma-hardinge-britten\/#breadcrumb","itemListElement":[{"@type":"ListItem","position":1,"name":"Startseite","item":"https:\/\/nuevo-renacer.com\/"},{"@type":"ListItem","position":2,"name":"Emma Hardinge Britten"}]},{"@type":"WebSite","@id":"https:\/\/nuevo-renacer.com\/#website","url":"https:\/\/nuevo-renacer.com\/","name":"Uni\u00f3n Esp\u00edrita","description":"Nuevo Renacer","publisher":{"@id":"https:\/\/nuevo-renacer.com\/#organization"},"potentialAction":[{"@type":"SearchAction","target":{"@type":"EntryPoint","urlTemplate":"https:\/\/nuevo-renacer.com\/?s={search_term_string}"},"query-input":{"@type":"PropertyValueSpecification","valueRequired":true,"valueName":"search_term_string"}}],"inLanguage":"pt-BR"},{"@type":"Organization","@id":"https:\/\/nuevo-renacer.com\/#organization","name":"UFEC","url":"https:\/\/nuevo-renacer.com\/","logo":{"@type":"ImageObject","inLanguage":"pt-BR","@id":"https:\/\/nuevo-renacer.com\/#\/schema\/logo\/image\/","url":"https:\/\/nuevo-renacer.com\/wp-content\/uploads\/2024\/05\/cropped-LOGO-TERMINADO1-3-3.png","contentUrl":"https:\/\/nuevo-renacer.com\/wp-content\/uploads\/2024\/05\/cropped-LOGO-TERMINADO1-3-3.png","width":512,"height":512,"caption":"UFEC"},"image":{"@id":"https:\/\/nuevo-renacer.com\/#\/schema\/logo\/image\/"},"sameAs":["https:\/\/www.facebook.com\/groups\/3431398063740829"]}]}},"uagb_featured_image_src":{"full":false,"thumbnail":false,"medium":false,"medium_large":false,"large":false,"1536x1536":false,"2048x2048":false,"trp-custom-language-flag":false},"uagb_author_info":{"display_name":"adbv0","author_link":"https:\/\/nuevo-renacer.com\/pt\/author\/adbv0\/"},"uagb_comment_info":0,"uagb_excerpt":"Emma Hardinge Britten Ninguna historia del espiritismo estar\u00eda completa sin referencias a esta notable escritora, a la que se ha llamado la Ap\u00f3stol Pablo femenina del movimiento esp\u00edrita.&nbsp; Naci\u00f3 en Londres, Inglaterra, en 1823.&nbsp;Era una inglesa que hab\u00eda ido a Nueva York con una compa\u00f1\u00eda de teatro y se qued\u00f3 en Estados Unidos, donde viv\u00eda&hellip;","jetpack_sharing_enabled":true,"_links":{"self":[{"href":"https:\/\/nuevo-renacer.com\/pt\/wp-json\/wp\/v2\/pages\/3189","targetHints":{"allow":["GET"]}}],"collection":[{"href":"https:\/\/nuevo-renacer.com\/pt\/wp-json\/wp\/v2\/pages"}],"about":[{"href":"https:\/\/nuevo-renacer.com\/pt\/wp-json\/wp\/v2\/types\/page"}],"author":[{"embeddable":true,"href":"https:\/\/nuevo-renacer.com\/pt\/wp-json\/wp\/v2\/users\/1"}],"replies":[{"embeddable":true,"href":"https:\/\/nuevo-renacer.com\/pt\/wp-json\/wp\/v2\/comments?post=3189"}],"version-history":[{"count":7,"href":"https:\/\/nuevo-renacer.com\/pt\/wp-json\/wp\/v2\/pages\/3189\/revisions"}],"predecessor-version":[{"id":8878,"href":"https:\/\/nuevo-renacer.com\/pt\/wp-json\/wp\/v2\/pages\/3189\/revisions\/8878"}],"wp:attachment":[{"href":"https:\/\/nuevo-renacer.com\/pt\/wp-json\/wp\/v2\/media?parent=3189"}],"curies":[{"name":"wp","href":"https:\/\/api.w.org\/{rel}","templated":true}]}}