{"id":3134,"date":"2024-07-06T13:01:08","date_gmt":"2024-07-06T13:01:08","guid":{"rendered":"https:\/\/ufec-mundial.com\/?page_id=3134"},"modified":"2026-04-20T19:17:20","modified_gmt":"2026-04-20T19:17:20","slug":"yvonne-do-amaral-pereira","status":"publish","type":"page","link":"https:\/\/nuevo-renacer.com\/pt\/yvonne-do-amaral-pereira\/","title":{"rendered":"Yvonne do Amaral Pereira"},"content":{"rendered":"<div class=\"wp-block-uagb-container uagb-block-62b933ab alignfull uagb-is-root-container\"><div class=\"uagb-container-inner-blocks-wrap\">\n<p class=\"has-black-color has-text-color has-link-color has-medium-font-size wp-elements-47f2caed23ff68e0e29d32eed1902acc\"><strong>Yvonne do Amaral Pereira<\/strong>&nbsp;<\/p>\n<\/div><\/div>\n\n\n\n<div class=\"wp-block-uagb-container uagb-block-27f7f901 alignfull uagb-is-root-container\"><div class=\"uagb-container-inner-blocks-wrap\">\n<div class=\"wp-block-uagb-image alignleft uagb-block-77467187 wp-block-uagb-image--layout-default wp-block-uagb-image--effect-static wp-block-uagb-image--align-left\"><figure class=\"wp-block-uagb-image__figure\"><img loading=\"lazy\" decoding=\"async\" srcset=\"https:\/\/nuevo-renacer.com\/wp-content\/uploads\/2026\/04\/Yvonne-do-Amaral-Pereira.jpg ,https:\/\/nuevo-renacer.com\/wp-content\/uploads\/2026\/04\/Yvonne-do-Amaral-Pereira.jpg 780w, https:\/\/nuevo-renacer.com\/wp-content\/uploads\/2026\/04\/Yvonne-do-Amaral-Pereira.jpg 360w\" sizes=\"auto, (max-width: 480px) 150px\" src=\"https:\/\/nuevo-renacer.com\/wp-content\/uploads\/2026\/04\/Yvonne-do-Amaral-Pereira.jpg\" alt=\"\" class=\"uag-image-8903\" width=\"305\" height=\"311\" title=\"Yvonne do Amaral Pereira\" role=\"img\"\/><\/figure><\/div>\n<\/div><\/div>\n\n\n\n<div class=\"wp-block-uagb-container uagb-block-9fcca54e alignfull uagb-is-root-container\"><div class=\"uagb-container-inner-blocks-wrap\">\n<p class=\"has-black-color has-text-color has-link-color has-small-font-size wp-elements-dc361317404698bf1a49e70c70f62cb1\">Nascida em 24 de dezembro de 1900 em Valen\u00e7a, Rio de Janeiro, Yvonne do Amaral Pereira foi uma costureira e m\u00e9dium brasileira, autora de v\u00e1rios livros sobre psicografia. Ela faleceu em 9 de mar\u00e7o de 1984 (83 anos) no Rio de Janeiro. Yvonne do Amaral Pereira foi uma m\u00e9dium brasileira conhecida por sua importante carreira como m\u00e9dium.&nbsp;<\/p>\n\n\n\n<p class=\"has-black-color has-text-color has-link-color has-small-font-size wp-elements-2311d2b5705c1eb00184cd75bad57639\">Seu pai era um pequeno comerciante, Manoel Jos\u00e9 Pereira Filho, e sua m\u00e3e era Elizabeth do Amaral Pereira. Ele tinha cinco irm\u00e3os mais novos e um mais velho, filho do primeiro casamento de sua m\u00e3e. Pelo que lemos em seus pr\u00f3prios depoimentos no livro Recorda\u00e7\u00f5es da Mediunidade - que foi escrito sob a assist\u00eancia e supervis\u00e3o do inesquec\u00edvel Bezerra de Menezes \u2013 a inf\u00e2ncia de Yvonne Pereira foi realmente triste e dolorosa. <\/p>\n\n\n\n<p class=\"has-black-color has-text-color has-link-color has-small-font-size wp-elements-95dafe779e28fa56b5af4f6a8f8417cd\">Quando eu tinha apenas 29 dias de vida, \u201cdurante um s\u00fabito ataque de tosse e asfixia, morri\u201d. <\/p>\n\n\n\n<div class=\"wp-block-group is-layout-constrained wp-block-group-is-layout-constrained\">\n<p class=\"has-black-color has-text-color has-link-color has-small-font-size wp-elements-fc37d5c38f51ebe915cd2c277a321b0c\">Ele continua dizendo:&nbsp;<\/p>\n\n\n\n<p class=\"has-black-color has-text-color has-link-color has-small-font-size wp-elements-ec5de5e2a7bd846961983f311fb1581d\"><em>\u201cTudo indica que, em exist\u00eancia anterior, eu havia me afogado por suic\u00eddio, e que a asfixia, no primeiro m\u00eas do meu nascimento, foi apenas um dos muitos complexos que acompanham o esp\u00edrito do suicida, mesmo quando reencarnado, reminisc\u00eancias mentais e vibrat\u00f3rias que comumente o traumatizam por longos per\u00edodos. Durante seis horas consecutivas, permaneci r\u00edgido, com o corpo machucado, com a fisionomia macilenta e abatida de um cad\u00e1ver, com os olhos encovados, o nariz pontiagudo, a boca serrilhada e o queixo endurecido, congelado, sem respira\u00e7\u00e3o nem pulso\u201d.<\/em><\/p>\n<\/div>\n\n\n\n<p class=\"has-black-color has-text-color has-link-color has-small-font-size wp-elements-4f378476c592f1214c82473c11fdd73b\">O m\u00e9dico e o farmac\u00eautico atestaram a morte por asfixia. O vel\u00f3rio foi preparado. A suposta falecida foi vestida com uma coroa de flores e um vestido branco e azul. O pequeno caix\u00e3o branco foi encomendado. A m\u00e3e se retirou para um quarto, onde fez uma ora\u00e7\u00e3o sincera e fervorosa a Maria de Nazar\u00e9, pedindo que a situa\u00e7\u00e3o fosse resolvida, pois n\u00e3o acreditava que a filha estivesse morta. Poucos momentos depois, a crian\u00e7a acordou chorando. Todos os preparativos foram desfeitos. O funeral foi cancelado e a vida continuou normalmente. Desde muito jovem, ela demonstrou grande talento para a mediunidade e, ao longo de sua vida, foi respons\u00e1vel por importantes mensagens e trabalhos psicogr\u00e1ficos.&nbsp;<\/p>\n\n\n\n<p class=\"has-black-color has-text-color has-link-color has-small-font-size wp-elements-d7d9bb1d13d930b92daca7c9332b77b3\">Aos 5 anos de idade, ele n\u00e3o apenas via, mas tamb\u00e9m conversava com os esp\u00edritos. Aos 10 anos, por ordem de seu pai, passou a frequentar sess\u00f5es esp\u00edritas em casa e, aos 12 anos, recebeu os livros O Evangelho Segundo o Espiritismo e O Livro dos Esp\u00edritos, que deveria ler todos os dias, o que fez, seguindo os conselhos de seu sempre bondoso pai. Aos 13 anos, come\u00e7ou a participar de sess\u00f5es pr\u00e1ticas, que ele adorava porque podia ver os esp\u00edritos que se comunicavam. Sua \u00fanica escolaridade foi a escola prim\u00e1ria. Por motivos financeiros, n\u00e3o p\u00f4de frequentar outros cursos, o que foi uma grande prova\u00e7\u00e3o para ela, pois adorava estudar e ler, a ponto de, aos 16 anos, j\u00e1 ter lido obras de grandes autores, como Goethe, Bernardo Guimar\u00e3es, Jos\u00e9 de Alencar, Alexandre Herculano e Arthur Conan Doyle. Desde cedo teve que trabalhar para se sustentar.&nbsp;<\/p>\n\n\n\n<div class=\"wp-block-group is-layout-constrained wp-block-group-is-layout-constrained\">\n<p class=\"has-black-color has-text-color has-link-color has-small-font-size wp-elements-d69ba6b64db3b7540500a967a3cf8184\">Quando adolescente, treinou em trabalhos dom\u00e9sticos: croch\u00ea, bordado, costura, renda, flores, pintura e outros trabalhos manuais. Ela mesma nos conta:&nbsp;<\/p>\n\n\n\n<p class=\"has-black-color has-text-color has-link-color has-small-font-size wp-elements-d71824314bc17198de49c4e21c7006dd\"><em>\u201cRecebi uma educa\u00e7\u00e3o patriarcal dura, longe da sociedade, sem viver no mundo, de prefer\u00eancia aplicada ao trabalho bra\u00e7al, fato que, por um lado, foi prejudicial para mim, pois me tornei excessivamente t\u00edmida, triste, o que dificultou minha luta pela vida quando, ap\u00f3s perder meus pais, tive que trabalhar para ganhar a vida em uma cidade como o Rio de Janeiro\u201d.<\/em>&nbsp;<\/p>\n<\/div>\n\n\n\n<p class=\"has-black-color has-text-color has-link-color has-small-font-size wp-elements-e91f292d3af5687f6ee63c7350799c0d\">Ao longo de sua vida, Yvonne desenvolveu sua mediunidade e se dedicou \u00e0 psicografia de obras doutrin\u00e1rias e esp\u00edritas. Suas mensagens transmitiam ensinamentos de amor, paz e evolu\u00e7\u00e3o espiritual, e ela era muito respeitada no meio espiritista. Yvonne tamb\u00e9m foi autora de v\u00e1rios livros, nos quais relatou suas experi\u00eancias medi\u00fanicas e compartilhou seus conhecimentos sobre a vida ap\u00f3s a morte.&nbsp;<\/p>\n\n\n\n<p class=\"has-black-color has-text-color has-link-color has-small-font-size wp-elements-7296d2f5a700cd770e5244564c5d73b0\">Como j\u00e1 vimos, sua mediunidade surgiu nos primeiros dias de sua vida terrena, por meio do fen\u00f4meno da catalepsia, que se tornou um fen\u00f4meno regular em sua vida a partir dos 16 anos.&nbsp;<\/p>\n\n\n\n<p class=\"has-black-color has-text-color has-link-color has-small-font-size wp-elements-3f24fdb52702b610348f4b521a90a39e\">A maioria das hist\u00f3rias, romances, cr\u00f4nicas e contos do Al\u00e9m contados por Yvonne Pereira foi coletada no Mundo Espiritual por meio desse processo, no momento do sono reparador. Escreveu uma das maiores obras da mediunidade, Mem\u00f3rias de um Suicida, considerada um best-seller, com um conte\u00fado especial, revelando de forma ver\u00eddica a Vida Espiritual daqueles que no Al\u00e9m percebem o grave erro que cometeram, o suic\u00eddio, no desejo delirante de se libertarem dos males ou dissabores da exist\u00eancia.&nbsp;<\/p>\n\n\n\n<p class=\"has-black-color has-text-color has-link-color has-small-font-size wp-elements-ed3bf0ecf4e62418d9c2a5a3877a7b7d\">Sua mediunidade, no entanto, era diversificada. Era m\u00e9dium psic\u00f3grafa e receitista (homeopatia) assistida por entidades de grande eleva\u00e7\u00e3o, como os j\u00e1 citados Bezerra de Menezes, Charles, Roberto de Canalejas e Bittencourt Sampaio. Praticava a incorpora\u00e7\u00e3o e a mediunidade passiva. Tinha mediunidade de efeitos f\u00edsicos e chegou a realizar algumas sess\u00f5es de materializa\u00e7\u00e3o, mas nunca se sentiu atra\u00eddo por essa modalidade medi\u00fanica. Suas sess\u00f5es preferidas eram as de desdobramento, incorpora\u00e7\u00e3o e prescri\u00e7\u00f5es. Yvonne Pereira sempre seguiu as orienta\u00e7\u00f5es dos livros b\u00e1sicos da Codifica\u00e7\u00e3o e tamb\u00e9m os conselhos de seus guias. Entre seus mentores encarnados, destaca-se o not\u00e1vel espiritista de Barra Mansa, Zico Horta, que a instruiu no in\u00edcio de sua mediunidade. E foi por meio desse trabalho, realizado ininterruptamente, que ela praticou o receitu\u00e1rio e os passes de cura durante 54 anos e meio.&nbsp;<\/p>\n\n\n\n<div class=\"wp-block-group is-layout-constrained wp-block-group-is-layout-constrained\">\n<p class=\"has-black-color has-text-color has-link-color has-small-font-size wp-elements-00d7d065296b01ab81785159766363af\">Sobre sua vis\u00e3o do espiritismo e da mediunidade, ele afirma:&nbsp;<\/p>\n\n\n\n<p class=\"has-black-color has-text-color has-link-color has-small-font-size wp-elements-2d7935b10354bd318ed9a4cce89fa821\"><em>\u201cSempre fui um espiritista e m\u00e9dium muito independente. Nunca permiti que a dire\u00e7\u00e3o dos centros onde trabalhei controlasse ou burocratizasse minhas faculdades medi\u00fanicas. Consagrei-as aos servi\u00e7os de Jesus e obedeci somente \u00e0 Igreja do Alto, sem reservas, utilizando-as para exercer a caridade a qualquer dia e a qualquer hora em que os sofredores me procurassem. Para isso, estudei profundamente a Doutrina, a fim de conhecer o terreno em que estava pisando e manter minha independ\u00eancia em bases s\u00f3lidas. No entanto, cumpria rigorosamente os crit\u00e9rios e hor\u00e1rios estabelecidos pelos poucos centros onde atendia, mas nunca me submeti \u00e0 burocracia mantida por alguns. Se n\u00e3o me era permitido atender os necessitados no centro, por este ou aquele motivo, em determinados dias, eu os atendia em outro local, em minha casa ou na deles, e assim consegui importantes curas, pois aprendi com o Evangelho e a Doutrina Esp\u00edrita que n\u00e3o h\u00e1 hora nem dia para fazer o bem\u201d (O REFORMADOR, 1992).<\/em>&nbsp;<\/p>\n<\/div>\n\n\n\n<p class=\"has-black-color has-text-color has-link-color has-small-font-size wp-elements-f4197dd44d3748ee45f36c7aa9687968\">Yvonne Pereira trabalhou como m\u00e9dium de 1926 a 1980, quando um derrame a impediu de exercer sua profiss\u00e3o. Sempre humilde, carinhosa e vivaz, morava em uma grande casa em Piedade, sub\u00farbio do Rio de Janeiro, na companhia de sua irm\u00e3 casada, Am\u00e1lia Pereira Louren\u00e7o, tamb\u00e9m espiritista. Na noite de 9 de mar\u00e7o de 1984, ela morreu de trombose durante uma opera\u00e7\u00e3o cir\u00fargica a que havia sido submetida no Hospital da Lagoa, no Rio de Janeiro. Seu corpo foi enterrado no cemit\u00e9rio de Inha\u00fama. Tinha 83 anos e permaneceu solteira, cumprindo dignamente o mandato medi\u00fanico que exercia com amor e total dedica\u00e7\u00e3o ao pr\u00f3ximo.&nbsp;<\/p>\n\n\n\n<div class=\"wp-block-group is-layout-constrained wp-block-group-is-layout-constrained\">\n<p class=\"has-black-color has-text-color has-link-color has-small-font-size wp-elements-a94e7a5bd1ee6d41fde570db474716ab\"><strong>Conclus\u00e3o<\/strong>&nbsp;<\/p>\n\n\n\n<p class=\"has-black-color has-text-color has-link-color has-small-font-size wp-elements-494f3bcbc9a9878490f9bfd09408c553\">Ao longo de sua carreira como m\u00e9dium, Yvonne enfrentou desafios e cr\u00edticas, mas nunca perdeu a f\u00e9 e a determina\u00e7\u00e3o em sua miss\u00e3o Esp\u00edrita. Sua bondade e sabedoria inspiraram muitos seguidores, que continuam a reverenciar sua mem\u00f3ria e seu legado at\u00e9 hoje.&nbsp;<\/p>\n\n\n\n<p class=\"has-black-color has-text-color has-link-color has-small-font-size wp-elements-a4e4d1bfa0ae2e92afcfc39d3c747e6a\">Yvonne do Amaral Pereira deixou um importante legado para o Espiritismo e para a Humanidade, demonstrando que a mediunidade pode ser uma poderosa ferramenta para o bem e para a evolu\u00e7\u00e3o espiritual. Sua hist\u00f3ria nos lembra da import\u00e2ncia de cultivarmos nossa conex\u00e3o com o Mundo Esp\u00edrita e de buscarmos sempre a luz e o amor em tudo o que fazemos. Que a jornada medi\u00fanica de Yvonne continue a nos inspirar e a nos guiar rumo a uma vida mais feliz e significativa.&nbsp;<\/p>\n<\/div>\n<\/div><\/div>\n\n\n\n<div class=\"wp-block-uagb-container uagb-block-9d961629 alignfull uagb-is-root-container\"><div class=\"uagb-container-inner-blocks-wrap\"><\/div><\/div>\n\n\n\n<div class=\"wp-block-uagb-container uagb-block-97995911 alignfull uagb-is-root-container\"><div class=\"uagb-container-inner-blocks-wrap\"><\/div><\/div>","protected":false},"excerpt":{"rendered":"<p>Yvonne do Amaral Pereira&nbsp; Nacida el 24 de diciembre de 1900 en Valen\u00e7a, R\u00edo de Janeiro, Yvonne do Amaral Pereira fue una costurera y m\u00e9dium brasile\u00f1a, autora de varios libros de psicograf\u00eda. Muri\u00f3 el 9 de marzo de 1984 (a los 83 a\u00f1os) en R\u00edo de Janeiro.&nbsp;Yvonne do Amaral Pereira fue una m\u00e9dium brasile\u00f1a conocida [&hellip;]<\/p>","protected":false},"author":1,"featured_media":0,"parent":0,"menu_order":0,"comment_status":"closed","ping_status":"closed","template":"","meta":{"_uag_custom_page_level_css":"","site-sidebar-layout":"default","site-content-layout":"","ast-site-content-layout":"default","site-content-style":"default","site-sidebar-style":"default","ast-global-header-display":"","ast-banner-title-visibility":"","ast-main-header-display":"","ast-hfb-above-header-display":"","ast-hfb-below-header-display":"","ast-hfb-mobile-header-display":"","site-post-title":"disabled","ast-breadcrumbs-content":"","ast-featured-img":"","footer-sml-layout":"","theme-transparent-header-meta":"","adv-header-id-meta":"","stick-header-meta":"","header-above-stick-meta":"","header-main-stick-meta":"","header-below-stick-meta":"","astra-migrate-meta-layouts":"set","ast-page-background-enabled":"default","ast-page-background-meta":{"desktop":{"background-color":"var(--ast-global-color-4)","background-image":"","background-repeat":"repeat","background-position":"center center","background-size":"auto","background-attachment":"scroll","background-type":"","background-media":"","overlay-type":"","overlay-color":"","overlay-opacity":"","overlay-gradient":""},"tablet":{"background-color":"","background-image":"","background-repeat":"repeat","background-position":"center center","background-size":"auto","background-attachment":"scroll","background-type":"","background-media":"","overlay-type":"","overlay-color":"","overlay-opacity":"","overlay-gradient":""},"mobile":{"background-color":"","background-image":"","background-repeat":"repeat","background-position":"center center","background-size":"auto","background-attachment":"scroll","background-type":"","background-media":"","overlay-type":"","overlay-color":"","overlay-opacity":"","overlay-gradient":""}},"ast-content-background-meta":{"desktop":{"background-color":"var(--ast-global-color-5)","background-image":"","background-repeat":"repeat","background-position":"center center","background-size":"auto","background-attachment":"scroll","background-type":"","background-media":"","overlay-type":"","overlay-color":"","overlay-opacity":"","overlay-gradient":""},"tablet":{"background-color":"var(--ast-global-color-5)","background-image":"","background-repeat":"repeat","background-position":"center center","background-size":"auto","background-attachment":"scroll","background-type":"","background-media":"","overlay-type":"","overlay-color":"","overlay-opacity":"","overlay-gradient":""},"mobile":{"background-color":"var(--ast-global-color-5)","background-image":"","background-repeat":"repeat","background-position":"center center","background-size":"auto","background-attachment":"scroll","background-type":"","background-media":"","overlay-type":"","overlay-color":"","overlay-opacity":"","overlay-gradient":""}},"footnotes":""},"class_list":["post-3134","page","type-page","status-publish","hentry"],"yoast_head":"<!-- This site is optimized with the Yoast SEO Premium plugin v24.2 (Yoast SEO v24.6) - https:\/\/yoast.com\/wordpress\/plugins\/seo\/ -->\n<title>Yvonne do Amaral Pereira - Uni\u00f3n Esp\u00edrita<\/title>\n<meta name=\"robots\" content=\"index, follow, max-snippet:-1, max-image-preview:large, max-video-preview:-1\" \/>\n<link rel=\"canonical\" href=\"https:\/\/nuevo-renacer.com\/pt\/yvonne-do-amaral-pereira\/\" \/>\n<meta property=\"og:locale\" content=\"pt_BR\" \/>\n<meta property=\"og:type\" content=\"article\" \/>\n<meta property=\"og:title\" content=\"Yvonne do Amaral Pereira\" \/>\n<meta property=\"og:description\" content=\"Yvonne do Amaral Pereira&nbsp; Nacida el 24 de diciembre de 1900 en Valen\u00e7a, R\u00edo de Janeiro, Yvonne do Amaral Pereira fue una costurera y m\u00e9dium brasile\u00f1a, autora de varios libros de psicograf\u00eda. Muri\u00f3 el 9 de marzo de 1984 (a los 83 a\u00f1os) en R\u00edo de Janeiro.&nbsp;Yvonne do Amaral Pereira fue una m\u00e9dium brasile\u00f1a conocida [&hellip;]\" \/>\n<meta property=\"og:url\" content=\"https:\/\/nuevo-renacer.com\/pt\/yvonne-do-amaral-pereira\/\" \/>\n<meta property=\"og:site_name\" content=\"Uni\u00f3n Esp\u00edrita\" \/>\n<meta property=\"article:publisher\" content=\"https:\/\/www.facebook.com\/groups\/3431398063740829\" \/>\n<meta property=\"article:modified_time\" content=\"2026-04-20T19:17:20+00:00\" \/>\n<meta property=\"og:image\" content=\"https:\/\/nuevo-renacer.com\/wp-content\/uploads\/2026\/04\/Yvonne-do-Amaral-Pereira.jpg\" \/>\n<meta name=\"twitter:card\" content=\"summary_large_image\" \/>\n<meta name=\"twitter:label1\" content=\"Est. tempo de leitura\" \/>\n\t<meta name=\"twitter:data1\" content=\"8 minutos\" \/>\n<script type=\"application\/ld+json\" class=\"yoast-schema-graph\">{\"@context\":\"https:\/\/schema.org\",\"@graph\":[{\"@type\":\"WebPage\",\"@id\":\"https:\/\/nuevo-renacer.com\/yvonne-do-amaral-pereira\/\",\"url\":\"https:\/\/nuevo-renacer.com\/yvonne-do-amaral-pereira\/\",\"name\":\"Yvonne do Amaral Pereira - Uni\u00f3n Esp\u00edrita\",\"isPartOf\":{\"@id\":\"https:\/\/nuevo-renacer.com\/#website\"},\"primaryImageOfPage\":{\"@id\":\"https:\/\/nuevo-renacer.com\/yvonne-do-amaral-pereira\/#primaryimage\"},\"image\":{\"@id\":\"https:\/\/nuevo-renacer.com\/yvonne-do-amaral-pereira\/#primaryimage\"},\"thumbnailUrl\":\"https:\/\/nuevo-renacer.com\/wp-content\/uploads\/2026\/04\/Yvonne-do-Amaral-Pereira.jpg\",\"datePublished\":\"2024-07-06T13:01:08+00:00\",\"dateModified\":\"2026-04-20T19:17:20+00:00\",\"breadcrumb\":{\"@id\":\"https:\/\/nuevo-renacer.com\/yvonne-do-amaral-pereira\/#breadcrumb\"},\"inLanguage\":\"pt-BR\",\"potentialAction\":[{\"@type\":\"ReadAction\",\"target\":[\"https:\/\/nuevo-renacer.com\/yvonne-do-amaral-pereira\/\"]}]},{\"@type\":\"ImageObject\",\"inLanguage\":\"pt-BR\",\"@id\":\"https:\/\/nuevo-renacer.com\/yvonne-do-amaral-pereira\/#primaryimage\",\"url\":\"https:\/\/nuevo-renacer.com\/wp-content\/uploads\/2026\/04\/Yvonne-do-Amaral-Pereira.jpg\",\"contentUrl\":\"https:\/\/nuevo-renacer.com\/wp-content\/uploads\/2026\/04\/Yvonne-do-Amaral-Pereira.jpg\"},{\"@type\":\"BreadcrumbList\",\"@id\":\"https:\/\/nuevo-renacer.com\/yvonne-do-amaral-pereira\/#breadcrumb\",\"itemListElement\":[{\"@type\":\"ListItem\",\"position\":1,\"name\":\"Startseite\",\"item\":\"https:\/\/nuevo-renacer.com\/\"},{\"@type\":\"ListItem\",\"position\":2,\"name\":\"Yvonne do Amaral Pereira\"}]},{\"@type\":\"WebSite\",\"@id\":\"https:\/\/nuevo-renacer.com\/#website\",\"url\":\"https:\/\/nuevo-renacer.com\/\",\"name\":\"Uni\u00f3n Esp\u00edrita\",\"description\":\"Nuevo Renacer\",\"publisher\":{\"@id\":\"https:\/\/nuevo-renacer.com\/#organization\"},\"potentialAction\":[{\"@type\":\"SearchAction\",\"target\":{\"@type\":\"EntryPoint\",\"urlTemplate\":\"https:\/\/nuevo-renacer.com\/?s={search_term_string}\"},\"query-input\":{\"@type\":\"PropertyValueSpecification\",\"valueRequired\":true,\"valueName\":\"search_term_string\"}}],\"inLanguage\":\"pt-BR\"},{\"@type\":\"Organization\",\"@id\":\"https:\/\/nuevo-renacer.com\/#organization\",\"name\":\"UFEC\",\"url\":\"https:\/\/nuevo-renacer.com\/\",\"logo\":{\"@type\":\"ImageObject\",\"inLanguage\":\"pt-BR\",\"@id\":\"https:\/\/nuevo-renacer.com\/#\/schema\/logo\/image\/\",\"url\":\"https:\/\/nuevo-renacer.com\/wp-content\/uploads\/2024\/05\/cropped-LOGO-TERMINADO1-3-3.png\",\"contentUrl\":\"https:\/\/nuevo-renacer.com\/wp-content\/uploads\/2024\/05\/cropped-LOGO-TERMINADO1-3-3.png\",\"width\":512,\"height\":512,\"caption\":\"UFEC\"},\"image\":{\"@id\":\"https:\/\/nuevo-renacer.com\/#\/schema\/logo\/image\/\"},\"sameAs\":[\"https:\/\/www.facebook.com\/groups\/3431398063740829\"]}]}<\/script>\n<!-- \/ Yoast SEO Premium plugin. -->","yoast_head_json":{"title":"Yvonne do Amaral Pereira - Uni\u00f3n Esp\u00edrita","robots":{"index":"index","follow":"follow","max-snippet":"max-snippet:-1","max-image-preview":"max-image-preview:large","max-video-preview":"max-video-preview:-1"},"canonical":"https:\/\/nuevo-renacer.com\/pt\/yvonne-do-amaral-pereira\/","og_locale":"pt_BR","og_type":"article","og_title":"Yvonne do Amaral Pereira","og_description":"Yvonne do Amaral Pereira&nbsp; Nacida el 24 de diciembre de 1900 en Valen\u00e7a, R\u00edo de Janeiro, Yvonne do Amaral Pereira fue una costurera y m\u00e9dium brasile\u00f1a, autora de varios libros de psicograf\u00eda. Muri\u00f3 el 9 de marzo de 1984 (a los 83 a\u00f1os) en R\u00edo de Janeiro.&nbsp;Yvonne do Amaral Pereira fue una m\u00e9dium brasile\u00f1a conocida [&hellip;]","og_url":"https:\/\/nuevo-renacer.com\/pt\/yvonne-do-amaral-pereira\/","og_site_name":"Uni\u00f3n Esp\u00edrita","article_publisher":"https:\/\/www.facebook.com\/groups\/3431398063740829","article_modified_time":"2026-04-20T19:17:20+00:00","og_image":[{"url":"https:\/\/nuevo-renacer.com\/wp-content\/uploads\/2026\/04\/Yvonne-do-Amaral-Pereira.jpg","type":"","width":"","height":""}],"twitter_card":"summary_large_image","twitter_misc":{"Est. tempo de leitura":"8 minutos"},"schema":{"@context":"https:\/\/schema.org","@graph":[{"@type":"WebPage","@id":"https:\/\/nuevo-renacer.com\/yvonne-do-amaral-pereira\/","url":"https:\/\/nuevo-renacer.com\/yvonne-do-amaral-pereira\/","name":"Yvonne do Amaral Pereira - Uni\u00f3n Esp\u00edrita","isPartOf":{"@id":"https:\/\/nuevo-renacer.com\/#website"},"primaryImageOfPage":{"@id":"https:\/\/nuevo-renacer.com\/yvonne-do-amaral-pereira\/#primaryimage"},"image":{"@id":"https:\/\/nuevo-renacer.com\/yvonne-do-amaral-pereira\/#primaryimage"},"thumbnailUrl":"https:\/\/nuevo-renacer.com\/wp-content\/uploads\/2026\/04\/Yvonne-do-Amaral-Pereira.jpg","datePublished":"2024-07-06T13:01:08+00:00","dateModified":"2026-04-20T19:17:20+00:00","breadcrumb":{"@id":"https:\/\/nuevo-renacer.com\/yvonne-do-amaral-pereira\/#breadcrumb"},"inLanguage":"pt-BR","potentialAction":[{"@type":"ReadAction","target":["https:\/\/nuevo-renacer.com\/yvonne-do-amaral-pereira\/"]}]},{"@type":"ImageObject","inLanguage":"pt-BR","@id":"https:\/\/nuevo-renacer.com\/yvonne-do-amaral-pereira\/#primaryimage","url":"https:\/\/nuevo-renacer.com\/wp-content\/uploads\/2026\/04\/Yvonne-do-Amaral-Pereira.jpg","contentUrl":"https:\/\/nuevo-renacer.com\/wp-content\/uploads\/2026\/04\/Yvonne-do-Amaral-Pereira.jpg"},{"@type":"BreadcrumbList","@id":"https:\/\/nuevo-renacer.com\/yvonne-do-amaral-pereira\/#breadcrumb","itemListElement":[{"@type":"ListItem","position":1,"name":"Startseite","item":"https:\/\/nuevo-renacer.com\/"},{"@type":"ListItem","position":2,"name":"Yvonne do Amaral Pereira"}]},{"@type":"WebSite","@id":"https:\/\/nuevo-renacer.com\/#website","url":"https:\/\/nuevo-renacer.com\/","name":"Uni\u00f3n Esp\u00edrita","description":"Nuevo Renacer","publisher":{"@id":"https:\/\/nuevo-renacer.com\/#organization"},"potentialAction":[{"@type":"SearchAction","target":{"@type":"EntryPoint","urlTemplate":"https:\/\/nuevo-renacer.com\/?s={search_term_string}"},"query-input":{"@type":"PropertyValueSpecification","valueRequired":true,"valueName":"search_term_string"}}],"inLanguage":"pt-BR"},{"@type":"Organization","@id":"https:\/\/nuevo-renacer.com\/#organization","name":"UFEC","url":"https:\/\/nuevo-renacer.com\/","logo":{"@type":"ImageObject","inLanguage":"pt-BR","@id":"https:\/\/nuevo-renacer.com\/#\/schema\/logo\/image\/","url":"https:\/\/nuevo-renacer.com\/wp-content\/uploads\/2024\/05\/cropped-LOGO-TERMINADO1-3-3.png","contentUrl":"https:\/\/nuevo-renacer.com\/wp-content\/uploads\/2024\/05\/cropped-LOGO-TERMINADO1-3-3.png","width":512,"height":512,"caption":"UFEC"},"image":{"@id":"https:\/\/nuevo-renacer.com\/#\/schema\/logo\/image\/"},"sameAs":["https:\/\/www.facebook.com\/groups\/3431398063740829"]}]}},"uagb_featured_image_src":{"full":false,"thumbnail":false,"medium":false,"medium_large":false,"large":false,"1536x1536":false,"2048x2048":false,"trp-custom-language-flag":false},"uagb_author_info":{"display_name":"adbv0","author_link":"https:\/\/nuevo-renacer.com\/pt\/author\/adbv0\/"},"uagb_comment_info":0,"uagb_excerpt":"Yvonne do Amaral Pereira&nbsp; Nacida el 24 de diciembre de 1900 en Valen\u00e7a, R\u00edo de Janeiro, Yvonne do Amaral Pereira fue una costurera y m\u00e9dium brasile\u00f1a, autora de varios libros de psicograf\u00eda. Muri\u00f3 el 9 de marzo de 1984 (a los 83 a\u00f1os) en R\u00edo de Janeiro.&nbsp;Yvonne do Amaral Pereira fue una m\u00e9dium brasile\u00f1a conocida&hellip;","jetpack_sharing_enabled":true,"_links":{"self":[{"href":"https:\/\/nuevo-renacer.com\/pt\/wp-json\/wp\/v2\/pages\/3134","targetHints":{"allow":["GET"]}}],"collection":[{"href":"https:\/\/nuevo-renacer.com\/pt\/wp-json\/wp\/v2\/pages"}],"about":[{"href":"https:\/\/nuevo-renacer.com\/pt\/wp-json\/wp\/v2\/types\/page"}],"author":[{"embeddable":true,"href":"https:\/\/nuevo-renacer.com\/pt\/wp-json\/wp\/v2\/users\/1"}],"replies":[{"embeddable":true,"href":"https:\/\/nuevo-renacer.com\/pt\/wp-json\/wp\/v2\/comments?post=3134"}],"version-history":[{"count":5,"href":"https:\/\/nuevo-renacer.com\/pt\/wp-json\/wp\/v2\/pages\/3134\/revisions"}],"predecessor-version":[{"id":8904,"href":"https:\/\/nuevo-renacer.com\/pt\/wp-json\/wp\/v2\/pages\/3134\/revisions\/8904"}],"wp:attachment":[{"href":"https:\/\/nuevo-renacer.com\/pt\/wp-json\/wp\/v2\/media?parent=3134"}],"curies":[{"name":"wp","href":"https:\/\/api.w.org\/{rel}","templated":true}]}}