{"id":3130,"date":"2024-07-06T12:55:46","date_gmt":"2024-07-06T12:55:46","guid":{"rendered":"https:\/\/ufec-mundial.com\/?page_id=3130"},"modified":"2026-04-20T19:15:18","modified_gmt":"2026-04-20T19:15:18","slug":"victor-hugo","status":"publish","type":"page","link":"https:\/\/nuevo-renacer.com\/pt\/victor-hugo\/","title":{"rendered":"V\u00edctor Hugo"},"content":{"rendered":"<div class=\"wp-block-uagb-container uagb-block-0a16b732 alignfull uagb-is-root-container\"><div class=\"uagb-container-inner-blocks-wrap\">\n<p class=\"has-black-color has-text-color has-link-color has-medium-font-size wp-elements-fb2d57bd8788c02cc94f3a2e28ceeef4\"><strong>V\u00edctor Hugo<\/strong>&nbsp;<\/p>\n<\/div><\/div>\n\n\n\n<div class=\"wp-block-uagb-container uagb-block-1f015221 alignfull uagb-is-root-container\"><div class=\"uagb-container-inner-blocks-wrap\">\n<div class=\"wp-block-uagb-image alignleft uagb-block-8863a287 wp-block-uagb-image--layout-default wp-block-uagb-image--effect-static wp-block-uagb-image--align-left\"><figure class=\"wp-block-uagb-image__figure\"><img loading=\"lazy\" decoding=\"async\" srcset=\"https:\/\/nuevo-renacer.com\/wp-content\/uploads\/2026\/04\/Victor-Hugo.jpg ,https:\/\/nuevo-renacer.com\/wp-content\/uploads\/2026\/04\/Victor-Hugo.jpg 780w, https:\/\/nuevo-renacer.com\/wp-content\/uploads\/2026\/04\/Victor-Hugo.jpg 360w\" sizes=\"auto, (max-width: 480px) 150px\" src=\"https:\/\/nuevo-renacer.com\/wp-content\/uploads\/2026\/04\/Victor-Hugo.jpg\" alt=\"\" class=\"uag-image-8901\" width=\"198\" height=\"262\" title=\"Victor Hugo\" role=\"img\"\/><\/figure><\/div>\n<\/div><\/div>\n\n\n\n<div class=\"wp-block-uagb-container uagb-block-9f2d6657 alignfull uagb-is-root-container\"><div class=\"uagb-container-inner-blocks-wrap\">\n<p class=\"has-black-color has-text-color has-link-color has-small-font-size wp-elements-d96136d9f0c9a8a953db7ae29c07949f\">Victor-Marie Hugo nasceu em Besan\u00e7on, na Fran\u00e7a, em 26 de fevereiro de 1802. Filho do conde Joseph L\u00e9opold-Sigisbert Hugo, general de Napole\u00e3o, e de Sophie Tr\u00e9bucher, passou a maior parte de sua inf\u00e2ncia fora da Fran\u00e7a, em constantes viagens, que faziam parte da vida de seu pai. Al\u00e9m de ser um grande romancista, poeta, dramaturgo e desenhista, ele era um homem profundamente interessado no espiritismo. Ap\u00f3s a perda de sua filha, ele assumiu a tarefa de se comunicar com ela al\u00e9m da morte.&nbsp;<\/p>\n\n\n\n<div class=\"wp-block-group is-layout-constrained wp-block-group-is-layout-constrained\">\n<p class=\"has-black-color has-text-color has-link-color has-small-font-size wp-elements-84c11809b792f3c780e23b3cacbe338d\">Em novembro de 1853, Victor Hugo escreveu em seu di\u00e1rio: <\/p>\n\n\n\n<p class=\"has-black-color has-text-color has-link-color has-small-font-size wp-elements-b412fcc5fc59c6fadaa6c5973bc8cf87\"><em>\u201cO c\u00e9u, por meio dessas sess\u00f5es espiritistas, me devolveu a pessoa que mais amei em minha vida: minha filha L\u00e9opoldine\u201d.<\/em>.&nbsp;<\/p>\n<\/div>\n\n\n\n<p class=\"has-black-color has-text-color has-link-color has-small-font-size wp-elements-99d9a7fa186c429137cbce468e678bd9\">Em 1843, a filha mais velha de Victor Hugo casou-se com Charles Vacquerie, um jovem rico e de boa apar\u00eancia, com certos interesses liter\u00e1rios que ele compartilhava euforicamente com o sogro. Em um caloroso e azul 4 de setembro de 1843, apenas dez meses ap\u00f3s o casamento \u2013 ela j\u00e1 estava gr\u00e1vida \u2013 L\u00e9opoldine e Charles embarcaram em um barco em Villequier, no Sena. Poucas horas depois, o barco virou no rio sinuoso. L\u00e9opoldine afundou e Charles procurou por ela sem sucesso. Ele conseguiu se salvar, mas provavelmente em desespero, deixou-se levar pela correnteza.&nbsp;<\/p>\n\n\n\n<p class=\"has-black-color has-text-color has-link-color has-small-font-size wp-elements-10b95b7f8bf0fe59d7ac2c847776ea6e\">Na \u00e9poca, Victor Hugo estava viajando pelo norte da Espanha, acompanhado de sua amante, Juliette Drouet. Ap\u00f3s a caminhada, o poeta e sua amante chegaram ao vilarejo de Soubise e foram jantar em um restaurante local. Um jornal parisiense, o Charivari, foi esquecido na mesa ao lado. No que Victor Hugo chamou de \u201co momento mais aterrorizante de minha vida\u201d, ele leu a manchete: \u201cA filha de Victor Hugo se afogou no Sena\u201d. Naquela noite, ele escreveu uma \u00fanica frase em seu di\u00e1rio: \u201cMeu Deus, o que eu fiz com voc\u00ea?\u201d Depois de sucessivos esfor\u00e7os para se adaptar ao regime tir\u00e2nico de Napole\u00e3o III e sob amea\u00e7a real de pris\u00e3o, ele decidiu que ele e sua fam\u00edlia n\u00e3o poderiam mais permanecer em Paris e, em 1851, fugiram para Bruxelas e, dois anos depois, estabeleceram-se na ilha de Jersey.&nbsp;<\/p>\n\n\n\n<p class=\"has-black-color has-text-color has-link-color has-small-font-size wp-elements-b0d8380112240791d7311845681297da\">Apenas alguns meses depois de se estabelecerem, Delphine de Girardin, uma amiga da fam\u00edlia h\u00e1 muitos anos, que recentemente havia se mostrado uma m\u00e9dium talentosa para invocar os esp\u00edritos dos mortos, veio visit\u00e1-los. Victor Hugo ficou inicialmente c\u00e9tico, mas ouviu atentamente o procedimento de Delphine. Delphine pediu para ver a mesa que eles consideravam apropriada. Era uma pequena mesa quadrada com quatro pernas. Delphine come\u00e7ou a rir: <em>\u201cNenhum esp\u00edrito poderia se manifestar nele, por mais pesado que fosse\u201d.<\/em>. Infelizmente, a casa n\u00e3o havia sido mobiliada por um especialista em ocultismo. Ent\u00e3o, para n\u00e3o correr o risco de ter uma experi\u00eancia ruim, Delphine foi a Saint-H\u00e9lier naquela mesma tarde e vasculhou incansavelmente as lojas de m\u00f3veis at\u00e9 encontrar uma mesa redonda muito pequena com tr\u00eas pernas. E naquela mesma noite eles tentaram a primeira sess\u00e3o, sem sucesso.&nbsp;<\/p>\n\n\n\n<p class=\"has-black-color has-text-color has-link-color has-small-font-size wp-elements-3523aca262d562cb97b57d5463faf251\">No dia seguinte, aconteceu a mesma coisa. Durante quatro dias, o grupo - ao qual foram acrescentados os filhos de Hugo - insistiu por horas a fio sem receber a menor resposta do \u201coutro\u201d mundo. Victor Hugo ficou entediado e continuou a se levantar da mesa. Finalmente, no domingo, 11 de setembro de 1853 (dez anos ap\u00f3s a morte de L\u00e9opoldine), a mesinha come\u00e7ou a emitir palavras atrav\u00e9s das batidas no ch\u00e3o. Estavam presentes, al\u00e9m de Delphine, Victor Hugo, sua esposa, seus filhos e o general Auguste Vacquerie, tio do marido de L\u00e9opoldine.&nbsp;<\/p>\n\n\n\n<div class=\"wp-block-group is-layout-constrained wp-block-group-is-layout-constrained\">\n<p class=\"has-black-color has-text-color has-link-color has-small-font-size wp-elements-d03a884a6c5ce67fc079136153f53408\">Em uma ocasi\u00e3o, sua filha Ad\u00e8le perguntou a Victor Hugo: &nbsp;<\/p>\n\n\n\n<p class=\"has-black-color has-text-color has-link-color has-small-font-size wp-elements-37770837785f656753eee750fefd3d80\">\u201cO que h\u00e1 naquela mesa para que ela possa fazer o que faz?\u201d, e ele respondeu: \u2018H\u00e1 vida ali\u2019.&nbsp;<\/p>\n<\/div>\n\n\n\n<p class=\"has-black-color has-text-color has-link-color has-small-font-size wp-elements-c35d4ad2460f7d86c94344015c2ae4ec\">No in\u00edcio, as mensagens eram breves, dispersas, fragmentadas, quase incoerentes. De repente, Auguste Vacquerie perguntou \u00e0 mesa: \u201cAdivinhe em que palavra estou pensando\u201d. A mesa bateu: \u201csofrimentos\u201d. Essa n\u00e3o era a palavra, disse Vacquerie. Ele havia pensado em \u201camor\u201d. Mas, nos minutos seguintes, os movimentos da mesa se tornaram mais bruscos. &nbsp;<\/p>\n\n\n\n<div class=\"wp-block-group is-layout-constrained wp-block-group-is-layout-constrained\">\n<div class=\"wp-block-group is-layout-constrained wp-block-group-is-layout-constrained\">\n<p class=\"has-black-color has-text-color has-link-color has-small-font-size wp-elements-528dbce06b0f2de59f9c179fd10fa790\"><strong>Voc\u00ea ainda \u00e9 o mesmo esp\u00edrito que estava l\u00e1 (perguntou Delphine)? &nbsp;<\/strong><\/p>\n\n\n\n<p class=\"has-black-color has-text-color has-link-color has-small-font-size wp-elements-8a1d3f8d0cc43dd09763069275454c3b\"><em>N\u00e3o (respondeu o Esp\u00edrito) &nbsp;<\/em><\/p>\n\n\n\n<p class=\"has-black-color has-text-color has-link-color has-small-font-size wp-elements-65332527843854314121c110c424ca48\"><strong>Quem \u00e9 voc\u00ea (perguntou Victor Hugo)? &nbsp;<\/strong><\/p>\n\n\n\n<p class=\"has-black-color has-text-color has-link-color has-small-font-size wp-elements-a5381cd4530a7ad0a0b1241fa2febca2\">A resposta veio rapidamente: &nbsp;<\/p>\n\n\n\n<p class=\"has-black-color has-text-color has-link-color has-small-font-size wp-elements-45a0621a477d2161c1c27c54512a3388\"><em>Menina morta. &nbsp;<\/em><\/p>\n\n\n\n<p class=\"has-black-color has-text-color has-link-color has-small-font-size wp-elements-ca31ab2392584732364731979bc7614d\">E Victor Hugo perguntou novamente: &nbsp;<\/p>\n\n\n\n<p class=\"has-black-color has-text-color has-link-color has-small-font-size wp-elements-c09cb7b6b85e1b2e8172250f6a1eb903\"><strong>Seu nome? &nbsp;<\/strong><\/p>\n\n\n\n<p class=\"has-black-color has-text-color has-link-color has-small-font-size wp-elements-d6404f03f1584e11cadd2737e06b0175\">A mesa bateu: &nbsp;<\/p>\n\n\n\n<p class=\"has-black-color has-text-color has-link-color has-small-font-size wp-elements-97db53d354ecba57988aa66db0fb9e2c\"><em>L.\u00c9.O.P.O.L.D.I.N.E. &nbsp;<\/em><\/p>\n<\/div>\n<\/div>\n\n\n\n<p class=\"has-black-color has-text-color has-link-color has-small-font-size wp-elements-bf1e7cbe02ff119e6c41b30e39ce6df9\">Em seguida, houve mais perguntas de Victor Hugo e respostas de sua filha em esp\u00edrito.&nbsp;<\/p>\n\n\n\n<p class=\"has-black-color has-text-color has-link-color has-small-font-size wp-elements-69fc21152671432327f4e71a11ed63e1\">Depois dessa primeira sess\u00e3o com o esp\u00edrito de L\u00e9opoldine - que retornou com mensagens muito semelhantes - Victor Hugo teve a oportunidade de conversar com Shakespeare, Moli\u00e8re, Mozart, Dante, \u00c9squilo, Plat\u00e3o, Galileu, Napole\u00e3o (o grande), Josu\u00e9, Lutero e outras personalidades. Algumas dessas conversas s\u00e3o admir\u00e1veis e outras caem no t\u00e9dio. Mas isso Victor Hugo parecia aceitar como parte do fen\u00f4meno sobrenatural e n\u00e3o parecia minar seu entusiasmo. Assim, por exemplo, quando ele levantou suas d\u00favidas sobre a veracidade e a adequa\u00e7\u00e3o das sess\u00f5es e dos personagens que apareciam nelas com Lutero, este respondeu: \u201cN\u00e3o tenha medo de duvidar. Duvide de tudo ainda mais. Evitem as certezas. Shakespeare duvidou e criou Hamlet. Cervantes duvidou e criou Dom Quixote. Dante duvidou e criou o Inferno. \u00c9squilo duvidou e criou Prometeu. Eu duvidei e criei uma religi\u00e3o\u201d.&nbsp;<\/p>\n\n\n\n<p class=\"has-black-color has-text-color has-link-color has-small-font-size wp-elements-2e67a4b4ecc1af41ebd7b4c441be81d3\">Ele passava horas e horas - \u00e0s vezes at\u00e9 noites inteiras, at\u00e9 que fosse \u201cdia\u201d \u2013 transcrevendo, em uma grande euforia, os di\u00e1logos das sess\u00f5es.&nbsp;<\/p>\n\n\n\n<div class=\"wp-block-group is-layout-constrained wp-block-group-is-layout-constrained\">\n<p class=\"has-black-color has-text-color has-link-color has-small-font-size wp-elements-16f05c3e268264fac1b707095be3c194\">Victor Hugo escreveu: <\/p>\n\n\n\n<p class=\"has-black-color has-text-color has-link-color has-small-font-size wp-elements-1d7d6e0c03d7bd41c6eee2d5eacc848b\"><em>\u201c\u00c0 noite, meu est\u00fadio fica cheio de ru\u00eddos estranhos. H\u00e1 batidas na parede. Pap\u00e9is voam inexplicavelmente. As l\u00e2mpadas se apagam sozinhas\u201d.<\/em>. Ele tamb\u00e9m observou que, quando acordava \u00e0 noite, tinha medo de encontrar os seres que se manifestavam nas sess\u00f5es.&nbsp;<\/p>\n<\/div>\n\n\n\n<p class=\"has-black-color has-text-color has-link-color has-small-font-size wp-elements-2833c57fcd25833f8dda8f4d4cd42769\">Como era de se esperar, o m\u00e9dico da fam\u00edlia os aconselhou a abandonar as pr\u00e1ticas espiritistas. Em um belo dia, a Sra. Hugo decretou a interrup\u00e7\u00e3o dessas pr\u00e1ticas.&nbsp;<\/p>\n\n\n\n<div class=\"wp-block-group is-layout-constrained wp-block-group-is-layout-constrained\">\n<p class=\"has-black-color has-text-color has-link-color has-small-font-size wp-elements-fb1f1f36a80712e2346fbda29d56dea8\">Em uma anota\u00e7\u00e3o em seu di\u00e1rio, Victor Hugo escreveu:&nbsp;<\/p>\n\n\n\n<p class=\"has-black-color has-text-color has-link-color has-small-font-size wp-elements-9b55cd1bae89929dbbb8825ef983a9d6\">&nbsp;<em>\u201cHoje s\u00f3 posso atestar a exist\u00eancia de um fen\u00f4meno que se manifesta por meio das voltas e reviravoltas de uma mesa de pedestal: a exist\u00eancia de muitos outros mundos - talvez mais pr\u00f3ximos do nosso do que supomos - e da eternidade das almas. N\u00e3o \u00e9 preciso dizer que nunca misturei em meu trabalho uma \u00fanica linha que emanasse desse Mist\u00e9rio. Sempre deixei esse material, escrupulosamente, para o Desconhecido, de onde ele veio. N\u00e3o admiti nem mesmo um leve reflexo de suas luzes em meus escritos. O trabalho da raz\u00e3o humana deve ficar \u00e0 parte desses fen\u00f4menos inescrut\u00e1veis e nunca tentar se apropriar deles. Ela n\u00e3o poderia fazer isso. As manifesta\u00e7\u00f5es do invis\u00edvel s\u00e3o um fato, eu provei. As cria\u00e7\u00f5es do pensamento humano s\u00e3o outras, muito diferentes...\u201d.<\/em>&nbsp;<\/p>\n<\/div>\n<\/div><\/div>\n\n\n\n<div class=\"wp-block-uagb-container uagb-block-9e7f7a39 alignfull uagb-is-root-container\"><div class=\"uagb-container-inner-blocks-wrap\"><\/div><\/div>\n\n\n\n<div class=\"wp-block-uagb-container uagb-block-2d060bdb alignfull uagb-is-root-container\"><div class=\"uagb-container-inner-blocks-wrap\"><\/div><\/div>","protected":false},"excerpt":{"rendered":"<p>V\u00edctor Hugo&nbsp; Victor-Marie Hugo naci\u00f3 en Besan\u00e7on, Francia, el 26 de febrero de 1802. Hijo del conde Joseph L\u00e9opold-Sigisbert Hugo, general de Napole\u00f3n, y Sophie Tr\u00e9bucher, pas\u00f3 casi toda su infancia fuera de Francia, en viajes constantes, que formaban parte de la vida de su padre.&nbsp;Adem\u00e1s de gran novelista, poeta, dramaturgo y dibujante; fue un [&hellip;]<\/p>","protected":false},"author":1,"featured_media":0,"parent":0,"menu_order":0,"comment_status":"closed","ping_status":"closed","template":"","meta":{"_uag_custom_page_level_css":"","site-sidebar-layout":"default","site-content-layout":"","ast-site-content-layout":"default","site-content-style":"default","site-sidebar-style":"default","ast-global-header-display":"","ast-banner-title-visibility":"","ast-main-header-display":"","ast-hfb-above-header-display":"","ast-hfb-below-header-display":"","ast-hfb-mobile-header-display":"","site-post-title":"disabled","ast-breadcrumbs-content":"","ast-featured-img":"","footer-sml-layout":"","theme-transparent-header-meta":"","adv-header-id-meta":"","stick-header-meta":"","header-above-stick-meta":"","header-main-stick-meta":"","header-below-stick-meta":"","astra-migrate-meta-layouts":"set","ast-page-background-enabled":"default","ast-page-background-meta":{"desktop":{"background-color":"var(--ast-global-color-4)","background-image":"","background-repeat":"repeat","background-position":"center center","background-size":"auto","background-attachment":"scroll","background-type":"","background-media":"","overlay-type":"","overlay-color":"","overlay-opacity":"","overlay-gradient":""},"tablet":{"background-color":"","background-image":"","background-repeat":"repeat","background-position":"center center","background-size":"auto","background-attachment":"scroll","background-type":"","background-media":"","overlay-type":"","overlay-color":"","overlay-opacity":"","overlay-gradient":""},"mobile":{"background-color":"","background-image":"","background-repeat":"repeat","background-position":"center center","background-size":"auto","background-attachment":"scroll","background-type":"","background-media":"","overlay-type":"","overlay-color":"","overlay-opacity":"","overlay-gradient":""}},"ast-content-background-meta":{"desktop":{"background-color":"var(--ast-global-color-5)","background-image":"","background-repeat":"repeat","background-position":"center center","background-size":"auto","background-attachment":"scroll","background-type":"","background-media":"","overlay-type":"","overlay-color":"","overlay-opacity":"","overlay-gradient":""},"tablet":{"background-color":"var(--ast-global-color-5)","background-image":"","background-repeat":"repeat","background-position":"center center","background-size":"auto","background-attachment":"scroll","background-type":"","background-media":"","overlay-type":"","overlay-color":"","overlay-opacity":"","overlay-gradient":""},"mobile":{"background-color":"var(--ast-global-color-5)","background-image":"","background-repeat":"repeat","background-position":"center center","background-size":"auto","background-attachment":"scroll","background-type":"","background-media":"","overlay-type":"","overlay-color":"","overlay-opacity":"","overlay-gradient":""}},"footnotes":""},"class_list":["post-3130","page","type-page","status-publish","hentry"],"yoast_head":"<!-- This site is optimized with the Yoast SEO Premium plugin v24.2 (Yoast SEO v24.6) - https:\/\/yoast.com\/wordpress\/plugins\/seo\/ -->\n<title>V\u00edctor Hugo - Uni\u00f3n Esp\u00edrita<\/title>\n<meta name=\"robots\" content=\"index, follow, max-snippet:-1, max-image-preview:large, max-video-preview:-1\" \/>\n<link rel=\"canonical\" href=\"https:\/\/nuevo-renacer.com\/pt\/victor-hugo\/\" \/>\n<meta property=\"og:locale\" content=\"pt_BR\" \/>\n<meta property=\"og:type\" content=\"article\" \/>\n<meta property=\"og:title\" content=\"V\u00edctor Hugo\" \/>\n<meta property=\"og:description\" content=\"V\u00edctor Hugo&nbsp; Victor-Marie Hugo naci\u00f3 en Besan\u00e7on, Francia, el 26 de febrero de 1802. Hijo del conde Joseph L\u00e9opold-Sigisbert Hugo, general de Napole\u00f3n, y Sophie Tr\u00e9bucher, pas\u00f3 casi toda su infancia fuera de Francia, en viajes constantes, que formaban parte de la vida de su padre.&nbsp;Adem\u00e1s de gran novelista, poeta, dramaturgo y dibujante; fue un [&hellip;]\" \/>\n<meta property=\"og:url\" content=\"https:\/\/nuevo-renacer.com\/pt\/victor-hugo\/\" \/>\n<meta property=\"og:site_name\" content=\"Uni\u00f3n Esp\u00edrita\" \/>\n<meta property=\"article:publisher\" content=\"https:\/\/www.facebook.com\/groups\/3431398063740829\" \/>\n<meta property=\"article:modified_time\" content=\"2026-04-20T19:15:18+00:00\" \/>\n<meta property=\"og:image\" content=\"https:\/\/nuevo-renacer.com\/wp-content\/uploads\/2026\/04\/Victor-Hugo.jpg\" \/>\n<meta name=\"twitter:card\" content=\"summary_large_image\" \/>\n<meta name=\"twitter:label1\" content=\"Est. tempo de leitura\" \/>\n\t<meta name=\"twitter:data1\" content=\"7 minutos\" \/>\n<script type=\"application\/ld+json\" class=\"yoast-schema-graph\">{\"@context\":\"https:\/\/schema.org\",\"@graph\":[{\"@type\":\"WebPage\",\"@id\":\"https:\/\/nuevo-renacer.com\/victor-hugo\/\",\"url\":\"https:\/\/nuevo-renacer.com\/victor-hugo\/\",\"name\":\"V\u00edctor Hugo - Uni\u00f3n Esp\u00edrita\",\"isPartOf\":{\"@id\":\"https:\/\/nuevo-renacer.com\/#website\"},\"primaryImageOfPage\":{\"@id\":\"https:\/\/nuevo-renacer.com\/victor-hugo\/#primaryimage\"},\"image\":{\"@id\":\"https:\/\/nuevo-renacer.com\/victor-hugo\/#primaryimage\"},\"thumbnailUrl\":\"https:\/\/nuevo-renacer.com\/wp-content\/uploads\/2026\/04\/Victor-Hugo.jpg\",\"datePublished\":\"2024-07-06T12:55:46+00:00\",\"dateModified\":\"2026-04-20T19:15:18+00:00\",\"breadcrumb\":{\"@id\":\"https:\/\/nuevo-renacer.com\/victor-hugo\/#breadcrumb\"},\"inLanguage\":\"pt-BR\",\"potentialAction\":[{\"@type\":\"ReadAction\",\"target\":[\"https:\/\/nuevo-renacer.com\/victor-hugo\/\"]}]},{\"@type\":\"ImageObject\",\"inLanguage\":\"pt-BR\",\"@id\":\"https:\/\/nuevo-renacer.com\/victor-hugo\/#primaryimage\",\"url\":\"https:\/\/nuevo-renacer.com\/wp-content\/uploads\/2026\/04\/Victor-Hugo.jpg\",\"contentUrl\":\"https:\/\/nuevo-renacer.com\/wp-content\/uploads\/2026\/04\/Victor-Hugo.jpg\"},{\"@type\":\"BreadcrumbList\",\"@id\":\"https:\/\/nuevo-renacer.com\/victor-hugo\/#breadcrumb\",\"itemListElement\":[{\"@type\":\"ListItem\",\"position\":1,\"name\":\"Startseite\",\"item\":\"https:\/\/nuevo-renacer.com\/\"},{\"@type\":\"ListItem\",\"position\":2,\"name\":\"V\u00edctor Hugo\"}]},{\"@type\":\"WebSite\",\"@id\":\"https:\/\/nuevo-renacer.com\/#website\",\"url\":\"https:\/\/nuevo-renacer.com\/\",\"name\":\"Uni\u00f3n Esp\u00edrita\",\"description\":\"Nuevo Renacer\",\"publisher\":{\"@id\":\"https:\/\/nuevo-renacer.com\/#organization\"},\"potentialAction\":[{\"@type\":\"SearchAction\",\"target\":{\"@type\":\"EntryPoint\",\"urlTemplate\":\"https:\/\/nuevo-renacer.com\/?s={search_term_string}\"},\"query-input\":{\"@type\":\"PropertyValueSpecification\",\"valueRequired\":true,\"valueName\":\"search_term_string\"}}],\"inLanguage\":\"pt-BR\"},{\"@type\":\"Organization\",\"@id\":\"https:\/\/nuevo-renacer.com\/#organization\",\"name\":\"UFEC\",\"url\":\"https:\/\/nuevo-renacer.com\/\",\"logo\":{\"@type\":\"ImageObject\",\"inLanguage\":\"pt-BR\",\"@id\":\"https:\/\/nuevo-renacer.com\/#\/schema\/logo\/image\/\",\"url\":\"https:\/\/nuevo-renacer.com\/wp-content\/uploads\/2024\/05\/cropped-LOGO-TERMINADO1-3-3.png\",\"contentUrl\":\"https:\/\/nuevo-renacer.com\/wp-content\/uploads\/2024\/05\/cropped-LOGO-TERMINADO1-3-3.png\",\"width\":512,\"height\":512,\"caption\":\"UFEC\"},\"image\":{\"@id\":\"https:\/\/nuevo-renacer.com\/#\/schema\/logo\/image\/\"},\"sameAs\":[\"https:\/\/www.facebook.com\/groups\/3431398063740829\"]}]}<\/script>\n<!-- \/ Yoast SEO Premium plugin. -->","yoast_head_json":{"title":"V\u00edctor Hugo - Uni\u00f3n Esp\u00edrita","robots":{"index":"index","follow":"follow","max-snippet":"max-snippet:-1","max-image-preview":"max-image-preview:large","max-video-preview":"max-video-preview:-1"},"canonical":"https:\/\/nuevo-renacer.com\/pt\/victor-hugo\/","og_locale":"pt_BR","og_type":"article","og_title":"V\u00edctor Hugo","og_description":"V\u00edctor Hugo&nbsp; Victor-Marie Hugo naci\u00f3 en Besan\u00e7on, Francia, el 26 de febrero de 1802. Hijo del conde Joseph L\u00e9opold-Sigisbert Hugo, general de Napole\u00f3n, y Sophie Tr\u00e9bucher, pas\u00f3 casi toda su infancia fuera de Francia, en viajes constantes, que formaban parte de la vida de su padre.&nbsp;Adem\u00e1s de gran novelista, poeta, dramaturgo y dibujante; fue un [&hellip;]","og_url":"https:\/\/nuevo-renacer.com\/pt\/victor-hugo\/","og_site_name":"Uni\u00f3n Esp\u00edrita","article_publisher":"https:\/\/www.facebook.com\/groups\/3431398063740829","article_modified_time":"2026-04-20T19:15:18+00:00","og_image":[{"url":"https:\/\/nuevo-renacer.com\/wp-content\/uploads\/2026\/04\/Victor-Hugo.jpg","type":"","width":"","height":""}],"twitter_card":"summary_large_image","twitter_misc":{"Est. tempo de leitura":"7 minutos"},"schema":{"@context":"https:\/\/schema.org","@graph":[{"@type":"WebPage","@id":"https:\/\/nuevo-renacer.com\/victor-hugo\/","url":"https:\/\/nuevo-renacer.com\/victor-hugo\/","name":"V\u00edctor Hugo - Uni\u00f3n Esp\u00edrita","isPartOf":{"@id":"https:\/\/nuevo-renacer.com\/#website"},"primaryImageOfPage":{"@id":"https:\/\/nuevo-renacer.com\/victor-hugo\/#primaryimage"},"image":{"@id":"https:\/\/nuevo-renacer.com\/victor-hugo\/#primaryimage"},"thumbnailUrl":"https:\/\/nuevo-renacer.com\/wp-content\/uploads\/2026\/04\/Victor-Hugo.jpg","datePublished":"2024-07-06T12:55:46+00:00","dateModified":"2026-04-20T19:15:18+00:00","breadcrumb":{"@id":"https:\/\/nuevo-renacer.com\/victor-hugo\/#breadcrumb"},"inLanguage":"pt-BR","potentialAction":[{"@type":"ReadAction","target":["https:\/\/nuevo-renacer.com\/victor-hugo\/"]}]},{"@type":"ImageObject","inLanguage":"pt-BR","@id":"https:\/\/nuevo-renacer.com\/victor-hugo\/#primaryimage","url":"https:\/\/nuevo-renacer.com\/wp-content\/uploads\/2026\/04\/Victor-Hugo.jpg","contentUrl":"https:\/\/nuevo-renacer.com\/wp-content\/uploads\/2026\/04\/Victor-Hugo.jpg"},{"@type":"BreadcrumbList","@id":"https:\/\/nuevo-renacer.com\/victor-hugo\/#breadcrumb","itemListElement":[{"@type":"ListItem","position":1,"name":"Startseite","item":"https:\/\/nuevo-renacer.com\/"},{"@type":"ListItem","position":2,"name":"V\u00edctor Hugo"}]},{"@type":"WebSite","@id":"https:\/\/nuevo-renacer.com\/#website","url":"https:\/\/nuevo-renacer.com\/","name":"Uni\u00f3n Esp\u00edrita","description":"Nuevo Renacer","publisher":{"@id":"https:\/\/nuevo-renacer.com\/#organization"},"potentialAction":[{"@type":"SearchAction","target":{"@type":"EntryPoint","urlTemplate":"https:\/\/nuevo-renacer.com\/?s={search_term_string}"},"query-input":{"@type":"PropertyValueSpecification","valueRequired":true,"valueName":"search_term_string"}}],"inLanguage":"pt-BR"},{"@type":"Organization","@id":"https:\/\/nuevo-renacer.com\/#organization","name":"UFEC","url":"https:\/\/nuevo-renacer.com\/","logo":{"@type":"ImageObject","inLanguage":"pt-BR","@id":"https:\/\/nuevo-renacer.com\/#\/schema\/logo\/image\/","url":"https:\/\/nuevo-renacer.com\/wp-content\/uploads\/2024\/05\/cropped-LOGO-TERMINADO1-3-3.png","contentUrl":"https:\/\/nuevo-renacer.com\/wp-content\/uploads\/2024\/05\/cropped-LOGO-TERMINADO1-3-3.png","width":512,"height":512,"caption":"UFEC"},"image":{"@id":"https:\/\/nuevo-renacer.com\/#\/schema\/logo\/image\/"},"sameAs":["https:\/\/www.facebook.com\/groups\/3431398063740829"]}]}},"uagb_featured_image_src":{"full":false,"thumbnail":false,"medium":false,"medium_large":false,"large":false,"1536x1536":false,"2048x2048":false,"trp-custom-language-flag":false},"uagb_author_info":{"display_name":"adbv0","author_link":"https:\/\/nuevo-renacer.com\/pt\/author\/adbv0\/"},"uagb_comment_info":0,"uagb_excerpt":"V\u00edctor Hugo&nbsp; Victor-Marie Hugo naci\u00f3 en Besan\u00e7on, Francia, el 26 de febrero de 1802. Hijo del conde Joseph L\u00e9opold-Sigisbert Hugo, general de Napole\u00f3n, y Sophie Tr\u00e9bucher, pas\u00f3 casi toda su infancia fuera de Francia, en viajes constantes, que formaban parte de la vida de su padre.&nbsp;Adem\u00e1s de gran novelista, poeta, dramaturgo y dibujante; fue un&hellip;","jetpack_sharing_enabled":true,"_links":{"self":[{"href":"https:\/\/nuevo-renacer.com\/pt\/wp-json\/wp\/v2\/pages\/3130","targetHints":{"allow":["GET"]}}],"collection":[{"href":"https:\/\/nuevo-renacer.com\/pt\/wp-json\/wp\/v2\/pages"}],"about":[{"href":"https:\/\/nuevo-renacer.com\/pt\/wp-json\/wp\/v2\/types\/page"}],"author":[{"embeddable":true,"href":"https:\/\/nuevo-renacer.com\/pt\/wp-json\/wp\/v2\/users\/1"}],"replies":[{"embeddable":true,"href":"https:\/\/nuevo-renacer.com\/pt\/wp-json\/wp\/v2\/comments?post=3130"}],"version-history":[{"count":7,"href":"https:\/\/nuevo-renacer.com\/pt\/wp-json\/wp\/v2\/pages\/3130\/revisions"}],"predecessor-version":[{"id":8902,"href":"https:\/\/nuevo-renacer.com\/pt\/wp-json\/wp\/v2\/pages\/3130\/revisions\/8902"}],"wp:attachment":[{"href":"https:\/\/nuevo-renacer.com\/pt\/wp-json\/wp\/v2\/media?parent=3130"}],"curies":[{"name":"wp","href":"https:\/\/api.w.org\/{rel}","templated":true}]}}