{"id":3111,"date":"2024-07-06T12:17:31","date_gmt":"2024-07-06T12:17:31","guid":{"rendered":"https:\/\/ufec-mundial.com\/?page_id=3111"},"modified":"2025-11-24T11:24:48","modified_gmt":"2025-11-24T11:24:48","slug":"leon-denis","status":"publish","type":"page","link":"https:\/\/nuevo-renacer.com\/pt\/leon-denis\/","title":{"rendered":"L\u00e9on Denis"},"content":{"rendered":"<div class=\"wp-block-uagb-container uagb-block-9bcee35b alignfull uagb-is-root-container\"><div class=\"uagb-container-inner-blocks-wrap\">\n<p class=\"has-black-color has-text-color has-link-color has-medium-font-size wp-elements-dc941b056051222bde2f23ceb5a30eac\"><strong>L\u00e9on Denis \u2013 o sucessor de Allan Kardec<\/strong>\u00a0<\/p>\n<\/div><\/div>\n\n\n\n<div class=\"wp-block-uagb-container uagb-block-5ede90d5 alignfull uagb-is-root-container\"><div class=\"uagb-container-inner-blocks-wrap\">\n<div class=\"wp-block-uagb-image alignleft uagb-block-14e438f2 wp-block-uagb-image--layout-default wp-block-uagb-image--effect-static wp-block-uagb-image--align-left\"><figure class=\"wp-block-uagb-image__figure\"><img loading=\"lazy\" decoding=\"async\" srcset=\"https:\/\/nuevo-renacer.com\/wp-content\/uploads\/2024\/07\/images-1.jpg ,https:\/\/nuevo-renacer.com\/wp-content\/uploads\/2024\/07\/images-1.jpg 780w, https:\/\/nuevo-renacer.com\/wp-content\/uploads\/2024\/07\/images-1.jpg 360w\" sizes=\"auto, (max-width: 480px) 150px\" src=\"https:\/\/nuevo-renacer.com\/wp-content\/uploads\/2024\/07\/images-1.jpg\" alt=\"\" class=\"uag-image-3112\" width=\"204\" height=\"246\" title=\"\" role=\"img\"\/><\/figure><\/div>\n<\/div><\/div>\n\n\n\n<div class=\"wp-block-uagb-container uagb-block-55ee173a alignfull uagb-is-root-container\"><div class=\"uagb-container-inner-blocks-wrap\">\n<p class=\"has-black-color has-text-color has-link-color has-small-font-size wp-elements-3583efbd2b780b298ce04aa9a9a4f26b\">L\u00e9on Denis foi o sucessor inquestion\u00e1vel da obra de Allan Kardec e um incans\u00e1vel divulgador da Doutrina Esp\u00edrita. Ele nasceu perto da cidade de Toul, na Fran\u00e7a, em 1\u00ba de janeiro de 1846. Seus pais eram pessoas humildes, mas muito espiritualizadas, especialmente sua m\u00e3e, Dona Ana Lucia Denis, uma mulher de qualidades incr\u00edveis que lhe transmitiu o amor a Deus e o respeito ao pr\u00f3ximo.&nbsp;<\/p>\n\n\n\n<p class=\"has-black-color has-text-color has-link-color has-small-font-size wp-elements-4440c64aba3058dbadf13acbdd5cab9a\">Desde cedo, ele teve de trabalhar duro para ajudar a sustentar a modesta casa. Desde cedo, ele tamb\u00e9m sentiu a companhia de amigos invis\u00edveis que o ajudaram nas dificuldades e que nunca o abandonaram. Ele era um autodidata, treinando-se intelectualmente como poucos homens. Ele aproveitava cada minuto livre para ler e se informar, estudando e buscando conhecimento com um verdadeiro apetite por sabedoria. Dividia seu tempo entre o trabalho \u00e1rduo e a leitura. Ele era um jovem quieto, t\u00edmido e muito reservado. Desde cedo, teve problemas de vis\u00e3o que, mais tarde, lhe proporcionaram momentos dolorosos. Ele amava a m\u00fasica e as artes e era um ser muito sens\u00edvel, sempre conectado com a for\u00e7a do Mundo Maior.&nbsp;<\/p>\n\n\n\n<p class=\"has-black-color has-text-color has-link-color has-small-font-size wp-elements-36c84154d2748a594aa9353c0f5b2bbb\">Um dia, aos dezoito anos, encontrou o livro \u201cO Livro dos Esp\u00edritos\u201d, de Kardec, em uma livraria, e a partir da\u00ed definiu sua vida, assumindo os compromissos espirituais que havia adquirido antes de reencarnar para divulgar o Espiritismo, a Boa Nova que nos foi enviada pelo Mestre Jesus. Atirou-se ao trabalho e n\u00e3o descansou mais. Em 1880, conheceu Allan Kardec quando este visitava sua cidade natal, proferindo palestras e abrindo c\u00edrculos de leitura para promover o estudo sistem\u00e1tico da Doutrina. Esse encontro foi vital em sua vida e obra.&nbsp;<\/p>\n\n\n\n<p class=\"has-black-color has-text-color has-link-color has-small-font-size wp-elements-fe4611d9d5ba6e5d00e5abcbbee85976\">Em 1882, come\u00e7ou a escrever textos maravilhosos, nos quais explicava com simplicidade os objetivos do Espiritismo e, ao mesmo tempo, tornou-se o campe\u00e3o da Doutrina, dando palestras e confer\u00eancias em todos os vilarejos da Fran\u00e7a. Naquela \u00e9poca, enfrentou cru\u00e9is persegui\u00e7\u00f5es da Igreja Cat\u00f3lica e dos grupos materialistas e positivistas, filosofias em voga na \u00e9poca. Os primeiros o chamavam de filho do dem\u00f4nio e o amea\u00e7avam com o inferno eterno, enquanto os segundos zombavam de suas novas ideias sobre a sobreviv\u00eancia da alma e a vida no mundo espiritual. L\u00e9on Denis sempre respondeu com confian\u00e7a e calma, nunca devolvendo as ofensas recebidas, como Jesus nos ensinou a fazer.&nbsp;<\/p>\n\n\n\n<p class=\"has-black-color has-text-color has-link-color has-small-font-size wp-elements-b0271d40c5b53bc6e22743f390fada3d\">L\u00e9on Denis escreveu muitos livros maravilhosos, todos de car\u00e1ter espiritualista, entre os quais citaremos alguns:&nbsp;<\/p>\n\n\n\n<div class=\"wp-block-group is-layout-constrained wp-block-group-is-layout-constrained\">\n<p class=\"has-black-color has-text-color has-link-color has-small-font-size wp-elements-70076c693cdeea27a83251656f93cd45\">\u2022 \u201cPor causa da vida\u201d (1884)&nbsp;<\/p>\n\n\n\n<p class=\"has-black-color has-text-color has-link-color has-small-font-size wp-elements-d49b93f603734cb3f0a6d46a03270a6f\">\u2022 \u00abAp\u00f3s a morte (1890)\u201d&nbsp;<\/p>\n\n\n\n<p class=\"has-black-color has-text-color has-link-color has-small-font-size wp-elements-227fe05bf5655ee402156c331e6b997d\">\u2022 \"O problema do ser, do destino e da dor\u201d (1905)&nbsp;<\/p>\n\n\n\n<p class=\"has-black-color has-text-color has-link-color has-small-font-size wp-elements-07ff3dee0576116f419af23b4032847a\">\u2022 \u201cCristianismo e Espiritismo\u201d (1898)&nbsp;<\/p>\n\n\n\n<p class=\"has-black-color has-text-color has-link-color has-small-font-size wp-elements-603dbe6684a3fb13f4cc3d9883e1c5e9\">\u2022 \u201cMundo Invis\u00edvel\u201d (1903)&nbsp;<\/p>\n\n\n\n<p class=\"has-black-color has-text-color has-link-color has-small-font-size wp-elements-e038dfc681c0608f0dfe8d696d73c344\">\u2022 \"O Grande Enigma: Deus e o Universo\u201d (1911)&nbsp;<\/p>\n\n\n\n<p class=\"has-black-color has-text-color has-link-color has-small-font-size wp-elements-4f794554bd5205b12b8820c83f3fa00d\">\u2022 \u201cO G\u00eanio Celta e o Mundo Invis\u00edvel\u201d (1927)&nbsp;<\/p>\n<\/div>\n\n\n\n<p class=\"has-black-color has-text-color has-link-color has-small-font-size wp-elements-5098919070ffa3f4484270f2ae61fccc\">Foi tamb\u00e9m escritor, jornalista, conferencista e diretor de grupos de estudos, presidente da \u201cUni\u00e3o Esp\u00edrita Francesa\u201d, correspondente da mais famosa revista de seu tempo, a \u201cRevue Spirite\u201d (Revista Esp\u00edrita), onde escreveu in\u00fameros artigos sobre o Espiritismo; participou ativamente de todos os congressos esp\u00edritas da Europa que come\u00e7avam a ser organizados naquela \u00e9poca. A partir de 1910, sua vis\u00e3o piorou consideravelmente, quase chegando ao ponto da cegueira. Ele n\u00e3o desanimou e, como os grandes esp\u00edritos, suportou a dificuldade com estoicismo e plena f\u00e9 no Mundo Espiritual, que age de maneiras desconhecidas para n\u00f3s, com o \u00fanico prop\u00f3sito de nos fazer crescer e esculpir nossas almas para nos tornarmos far\u00f3is da Luz Cr\u00edstica.&nbsp;<\/p>\n\n\n\n<p class=\"has-black-color has-text-color has-link-color has-small-font-size wp-elements-7a361fd2aef6bcaeb08f9e2020db88ca\">Ele continuou a escrever com a ajuda de amigos e aprendeu o sistema Braille de escrita (um m\u00e9todo para cegos). Dessa forma, p\u00f4de continuar corrigindo suas obras, escrevendo e levando as palavras de esperan\u00e7a das Boas Novas a todos os cantos do planeta. Ele se preocupava muito com a natureza e sua energia divina. Dizia que o homem deveria voltar \u00e0s suas ra\u00edzes, quando se comunicava com ela, trocando for\u00e7as vitais, entendendo que todos fazemos parte de uma gigantesca rede energ\u00e9tica, vinda do Pai, e que todos carregamos parte desse esp\u00edrito divino, irmanados no s\u00e1bio conhecimento do amor universal. Em 1927, aos 81 anos de idade, ele terminou seu manuscrito \u201cO G\u00eanio Celta e o Mundo Invis\u00edvel\u201d. Ele estava praticamente cego. Esse belo tema foi publicado pela Revue Spirite, em Paris. Ent\u00e3o, no final de mar\u00e7o daquele ano de 1927, ele desencarnou. Um grande homem havia partido, a caminho da P\u00e1tria Maior.&nbsp;<\/p>\n\n\n\n<p class=\"has-black-color has-text-color has-link-color has-small-font-size wp-elements-ef0596f7c17679b924dada72143510b0\">Esse grande homem, defensor e campe\u00e3o do Espiritualismo, sustentou os fundamentos da Doutrina como poucos, levou o pensamento \u00e0 compreens\u00e3o das raz\u00f5es da reencarna\u00e7\u00e3o, explicou a justi\u00e7a de Deus, a pluralidade de exist\u00eancias e mundos habitados, aumentou a consci\u00eancia da conex\u00e3o entre a humanidade, as estrelas e a natureza, e carregou a bandeira do amor e do perd\u00e3o como seu estandarte. Ele explicou como poucos o significado da vida e a responsabilidade para com o Mundo Espiritual.&nbsp;<\/p>\n\n\n\n<div class=\"wp-block-group is-layout-constrained wp-block-group-is-layout-constrained\">\n<p class=\"has-black-color has-text-color has-link-color has-small-font-size wp-elements-8dfb9c6774a530003a7b885ac63818f8\">Em suas palavras:&nbsp;<\/p>\n\n\n\n<p class=\"has-black-color has-text-color has-link-color has-small-font-size wp-elements-107245911239a3761d48555fa675fbb0\"><em>\u201cA f\u00e9 esp\u00edrita conduz, sem d\u00favida, ao amor, mas postula, em primeiro lugar, o conhecimento da alma, do destino e de Deus. N\u00e3o \u00e9 apenas f\u00e9, \u00e9 um ensinamento, \u00e9 um crit\u00e9rio que desafia a contradi\u00e7\u00e3o\u201d.&nbsp;<\/em>&nbsp;<\/p>\n<\/div>\n\n\n\n<p class=\"has-black-color has-text-color has-link-color has-small-font-size wp-elements-b4b52165f5e93b64886cb7b8e7f0a0af\"><em>... \u201cN\u00e3o busque Deus em templos de pedra ou m\u00e1rmore, \u00f3 homem que deseja conhec\u00ea-lo! Busque-O no templo eterno da Natureza; no espet\u00e1culo dos mundos, viajando pelo infinito; nos esplendores da vida que irrompem em sua superf\u00edcie; na contempla\u00e7\u00e3o dos variados horizontes: plan\u00edcies, vales, montanhas e mares que sua morada terrena lhe oferece. (...) se voc\u00ea souber se recolher, ouvir\u00e1 nas vozes da Natureza os sutis ensinamentos que ela murmura aos ouvidos daqueles que frequentam seus retiros e estudam seus mist\u00e9rios (...) Deus est\u00e1 em cada um de n\u00f3s, no templo vivo da consci\u00eancia. Ali est\u00e1 o lugar sagrado, o santu\u00e1rio onde a centelha divina est\u00e1 escondida\u201d.<\/em>&nbsp;<\/p>\n<\/div><\/div>\n\n\n\n<div class=\"wp-block-uagb-container uagb-block-65060c69 alignfull uagb-is-root-container\"><div class=\"uagb-container-inner-blocks-wrap\"><\/div><\/div>\n\n\n\n<div class=\"wp-block-uagb-container uagb-block-a78b40e6 alignfull uagb-is-root-container\"><div class=\"uagb-container-inner-blocks-wrap\"><\/div><\/div>","protected":false},"excerpt":{"rendered":"<p>L\u00e9on Denis \u2013 el successor de Kardec\u00a0 L\u00e9on Denis fue el incuestionable sucesor de la obra de Allan kardec e incansable divulgador de la Doctrina Esp\u00edrita. Naci\u00f3 cerca de la ciudad de Toul, en Francia, el 1\u00ba de enero de 1846. Sus padres eran personas humildes pero muy espiritualizadas, sobre todo su madre, Do\u00f1a Ana [&hellip;]<\/p>","protected":false},"author":1,"featured_media":0,"parent":0,"menu_order":0,"comment_status":"closed","ping_status":"closed","template":"","meta":{"_uag_custom_page_level_css":"","site-sidebar-layout":"default","site-content-layout":"","ast-site-content-layout":"default","site-content-style":"default","site-sidebar-style":"default","ast-global-header-display":"","ast-banner-title-visibility":"","ast-main-header-display":"","ast-hfb-above-header-display":"","ast-hfb-below-header-display":"","ast-hfb-mobile-header-display":"","site-post-title":"disabled","ast-breadcrumbs-content":"","ast-featured-img":"","footer-sml-layout":"","theme-transparent-header-meta":"","adv-header-id-meta":"","stick-header-meta":"","header-above-stick-meta":"","header-main-stick-meta":"","header-below-stick-meta":"","astra-migrate-meta-layouts":"set","ast-page-background-enabled":"default","ast-page-background-meta":{"desktop":{"background-color":"var(--ast-global-color-4)","background-image":"","background-repeat":"repeat","background-position":"center center","background-size":"auto","background-attachment":"scroll","background-type":"","background-media":"","overlay-type":"","overlay-color":"","overlay-opacity":"","overlay-gradient":""},"tablet":{"background-color":"","background-image":"","background-repeat":"repeat","background-position":"center center","background-size":"auto","background-attachment":"scroll","background-type":"","background-media":"","overlay-type":"","overlay-color":"","overlay-opacity":"","overlay-gradient":""},"mobile":{"background-color":"","background-image":"","background-repeat":"repeat","background-position":"center center","background-size":"auto","background-attachment":"scroll","background-type":"","background-media":"","overlay-type":"","overlay-color":"","overlay-opacity":"","overlay-gradient":""}},"ast-content-background-meta":{"desktop":{"background-color":"var(--ast-global-color-5)","background-image":"","background-repeat":"repeat","background-position":"center center","background-size":"auto","background-attachment":"scroll","background-type":"","background-media":"","overlay-type":"","overlay-color":"","overlay-opacity":"","overlay-gradient":""},"tablet":{"background-color":"var(--ast-global-color-5)","background-image":"","background-repeat":"repeat","background-position":"center center","background-size":"auto","background-attachment":"scroll","background-type":"","background-media":"","overlay-type":"","overlay-color":"","overlay-opacity":"","overlay-gradient":""},"mobile":{"background-color":"var(--ast-global-color-5)","background-image":"","background-repeat":"repeat","background-position":"center center","background-size":"auto","background-attachment":"scroll","background-type":"","background-media":"","overlay-type":"","overlay-color":"","overlay-opacity":"","overlay-gradient":""}},"footnotes":""},"class_list":["post-3111","page","type-page","status-publish","hentry"],"yoast_head":"<!-- This site is optimized with the Yoast SEO Premium plugin v24.2 (Yoast SEO v24.6) - https:\/\/yoast.com\/wordpress\/plugins\/seo\/ -->\n<title>L\u00e9on Denis - Uni\u00f3n Esp\u00edrita<\/title>\n<meta name=\"robots\" content=\"index, follow, max-snippet:-1, max-image-preview:large, max-video-preview:-1\" \/>\n<link rel=\"canonical\" href=\"https:\/\/nuevo-renacer.com\/pt\/leon-denis\/\" \/>\n<meta property=\"og:locale\" content=\"pt_BR\" \/>\n<meta property=\"og:type\" content=\"article\" \/>\n<meta property=\"og:title\" content=\"L\u00e9on Denis\" \/>\n<meta property=\"og:description\" content=\"L\u00e9on Denis \u2013 el successor de Kardec\u00a0 L\u00e9on Denis fue el incuestionable sucesor de la obra de Allan kardec e incansable divulgador de la Doctrina Esp\u00edrita. Naci\u00f3 cerca de la ciudad de Toul, en Francia, el 1\u00ba de enero de 1846. Sus padres eran personas humildes pero muy espiritualizadas, sobre todo su madre, Do\u00f1a Ana [&hellip;]\" \/>\n<meta property=\"og:url\" content=\"https:\/\/nuevo-renacer.com\/pt\/leon-denis\/\" \/>\n<meta property=\"og:site_name\" content=\"Uni\u00f3n Esp\u00edrita\" \/>\n<meta property=\"article:publisher\" content=\"https:\/\/www.facebook.com\/groups\/3431398063740829\" \/>\n<meta property=\"article:modified_time\" content=\"2025-11-24T11:24:48+00:00\" \/>\n<meta property=\"og:image\" content=\"https:\/\/nuevo-renacer.com\/wp-content\/uploads\/2024\/07\/images-1.jpg\" \/>\n<meta name=\"twitter:card\" content=\"summary_large_image\" \/>\n<meta name=\"twitter:label1\" content=\"Est. tempo de leitura\" \/>\n\t<meta name=\"twitter:data1\" content=\"6 minutos\" \/>\n<script type=\"application\/ld+json\" class=\"yoast-schema-graph\">{\"@context\":\"https:\/\/schema.org\",\"@graph\":[{\"@type\":\"WebPage\",\"@id\":\"https:\/\/nuevo-renacer.com\/leon-denis\/\",\"url\":\"https:\/\/nuevo-renacer.com\/leon-denis\/\",\"name\":\"L\u00e9on Denis - Uni\u00f3n Esp\u00edrita\",\"isPartOf\":{\"@id\":\"https:\/\/nuevo-renacer.com\/#website\"},\"primaryImageOfPage\":{\"@id\":\"https:\/\/nuevo-renacer.com\/leon-denis\/#primaryimage\"},\"image\":{\"@id\":\"https:\/\/nuevo-renacer.com\/leon-denis\/#primaryimage\"},\"thumbnailUrl\":\"https:\/\/nuevo-renacer.com\/wp-content\/uploads\/2024\/07\/images-1.jpg\",\"datePublished\":\"2024-07-06T12:17:31+00:00\",\"dateModified\":\"2025-11-24T11:24:48+00:00\",\"breadcrumb\":{\"@id\":\"https:\/\/nuevo-renacer.com\/leon-denis\/#breadcrumb\"},\"inLanguage\":\"pt-BR\",\"potentialAction\":[{\"@type\":\"ReadAction\",\"target\":[\"https:\/\/nuevo-renacer.com\/leon-denis\/\"]}]},{\"@type\":\"ImageObject\",\"inLanguage\":\"pt-BR\",\"@id\":\"https:\/\/nuevo-renacer.com\/leon-denis\/#primaryimage\",\"url\":\"https:\/\/nuevo-renacer.com\/wp-content\/uploads\/2024\/07\/images-1.jpg\",\"contentUrl\":\"https:\/\/nuevo-renacer.com\/wp-content\/uploads\/2024\/07\/images-1.jpg\"},{\"@type\":\"BreadcrumbList\",\"@id\":\"https:\/\/nuevo-renacer.com\/leon-denis\/#breadcrumb\",\"itemListElement\":[{\"@type\":\"ListItem\",\"position\":1,\"name\":\"Startseite\",\"item\":\"https:\/\/nuevo-renacer.com\/\"},{\"@type\":\"ListItem\",\"position\":2,\"name\":\"L\u00e9on Denis\"}]},{\"@type\":\"WebSite\",\"@id\":\"https:\/\/nuevo-renacer.com\/#website\",\"url\":\"https:\/\/nuevo-renacer.com\/\",\"name\":\"Uni\u00f3n Esp\u00edrita\",\"description\":\"Nuevo Renacer\",\"publisher\":{\"@id\":\"https:\/\/nuevo-renacer.com\/#organization\"},\"potentialAction\":[{\"@type\":\"SearchAction\",\"target\":{\"@type\":\"EntryPoint\",\"urlTemplate\":\"https:\/\/nuevo-renacer.com\/?s={search_term_string}\"},\"query-input\":{\"@type\":\"PropertyValueSpecification\",\"valueRequired\":true,\"valueName\":\"search_term_string\"}}],\"inLanguage\":\"pt-BR\"},{\"@type\":\"Organization\",\"@id\":\"https:\/\/nuevo-renacer.com\/#organization\",\"name\":\"UFEC\",\"url\":\"https:\/\/nuevo-renacer.com\/\",\"logo\":{\"@type\":\"ImageObject\",\"inLanguage\":\"pt-BR\",\"@id\":\"https:\/\/nuevo-renacer.com\/#\/schema\/logo\/image\/\",\"url\":\"https:\/\/nuevo-renacer.com\/wp-content\/uploads\/2024\/05\/cropped-LOGO-TERMINADO1-3-3.png\",\"contentUrl\":\"https:\/\/nuevo-renacer.com\/wp-content\/uploads\/2024\/05\/cropped-LOGO-TERMINADO1-3-3.png\",\"width\":512,\"height\":512,\"caption\":\"UFEC\"},\"image\":{\"@id\":\"https:\/\/nuevo-renacer.com\/#\/schema\/logo\/image\/\"},\"sameAs\":[\"https:\/\/www.facebook.com\/groups\/3431398063740829\"]}]}<\/script>\n<!-- \/ Yoast SEO Premium plugin. -->","yoast_head_json":{"title":"L\u00e9on Denis - Uni\u00f3n Esp\u00edrita","robots":{"index":"index","follow":"follow","max-snippet":"max-snippet:-1","max-image-preview":"max-image-preview:large","max-video-preview":"max-video-preview:-1"},"canonical":"https:\/\/nuevo-renacer.com\/pt\/leon-denis\/","og_locale":"pt_BR","og_type":"article","og_title":"L\u00e9on Denis","og_description":"L\u00e9on Denis \u2013 el successor de Kardec\u00a0 L\u00e9on Denis fue el incuestionable sucesor de la obra de Allan kardec e incansable divulgador de la Doctrina Esp\u00edrita. Naci\u00f3 cerca de la ciudad de Toul, en Francia, el 1\u00ba de enero de 1846. Sus padres eran personas humildes pero muy espiritualizadas, sobre todo su madre, Do\u00f1a Ana [&hellip;]","og_url":"https:\/\/nuevo-renacer.com\/pt\/leon-denis\/","og_site_name":"Uni\u00f3n Esp\u00edrita","article_publisher":"https:\/\/www.facebook.com\/groups\/3431398063740829","article_modified_time":"2025-11-24T11:24:48+00:00","og_image":[{"url":"https:\/\/nuevo-renacer.com\/wp-content\/uploads\/2024\/07\/images-1.jpg","type":"","width":"","height":""}],"twitter_card":"summary_large_image","twitter_misc":{"Est. tempo de leitura":"6 minutos"},"schema":{"@context":"https:\/\/schema.org","@graph":[{"@type":"WebPage","@id":"https:\/\/nuevo-renacer.com\/leon-denis\/","url":"https:\/\/nuevo-renacer.com\/leon-denis\/","name":"L\u00e9on Denis - Uni\u00f3n Esp\u00edrita","isPartOf":{"@id":"https:\/\/nuevo-renacer.com\/#website"},"primaryImageOfPage":{"@id":"https:\/\/nuevo-renacer.com\/leon-denis\/#primaryimage"},"image":{"@id":"https:\/\/nuevo-renacer.com\/leon-denis\/#primaryimage"},"thumbnailUrl":"https:\/\/nuevo-renacer.com\/wp-content\/uploads\/2024\/07\/images-1.jpg","datePublished":"2024-07-06T12:17:31+00:00","dateModified":"2025-11-24T11:24:48+00:00","breadcrumb":{"@id":"https:\/\/nuevo-renacer.com\/leon-denis\/#breadcrumb"},"inLanguage":"pt-BR","potentialAction":[{"@type":"ReadAction","target":["https:\/\/nuevo-renacer.com\/leon-denis\/"]}]},{"@type":"ImageObject","inLanguage":"pt-BR","@id":"https:\/\/nuevo-renacer.com\/leon-denis\/#primaryimage","url":"https:\/\/nuevo-renacer.com\/wp-content\/uploads\/2024\/07\/images-1.jpg","contentUrl":"https:\/\/nuevo-renacer.com\/wp-content\/uploads\/2024\/07\/images-1.jpg"},{"@type":"BreadcrumbList","@id":"https:\/\/nuevo-renacer.com\/leon-denis\/#breadcrumb","itemListElement":[{"@type":"ListItem","position":1,"name":"Startseite","item":"https:\/\/nuevo-renacer.com\/"},{"@type":"ListItem","position":2,"name":"L\u00e9on Denis"}]},{"@type":"WebSite","@id":"https:\/\/nuevo-renacer.com\/#website","url":"https:\/\/nuevo-renacer.com\/","name":"Uni\u00f3n Esp\u00edrita","description":"Nuevo Renacer","publisher":{"@id":"https:\/\/nuevo-renacer.com\/#organization"},"potentialAction":[{"@type":"SearchAction","target":{"@type":"EntryPoint","urlTemplate":"https:\/\/nuevo-renacer.com\/?s={search_term_string}"},"query-input":{"@type":"PropertyValueSpecification","valueRequired":true,"valueName":"search_term_string"}}],"inLanguage":"pt-BR"},{"@type":"Organization","@id":"https:\/\/nuevo-renacer.com\/#organization","name":"UFEC","url":"https:\/\/nuevo-renacer.com\/","logo":{"@type":"ImageObject","inLanguage":"pt-BR","@id":"https:\/\/nuevo-renacer.com\/#\/schema\/logo\/image\/","url":"https:\/\/nuevo-renacer.com\/wp-content\/uploads\/2024\/05\/cropped-LOGO-TERMINADO1-3-3.png","contentUrl":"https:\/\/nuevo-renacer.com\/wp-content\/uploads\/2024\/05\/cropped-LOGO-TERMINADO1-3-3.png","width":512,"height":512,"caption":"UFEC"},"image":{"@id":"https:\/\/nuevo-renacer.com\/#\/schema\/logo\/image\/"},"sameAs":["https:\/\/www.facebook.com\/groups\/3431398063740829"]}]}},"uagb_featured_image_src":{"full":false,"thumbnail":false,"medium":false,"medium_large":false,"large":false,"1536x1536":false,"2048x2048":false,"trp-custom-language-flag":false},"uagb_author_info":{"display_name":"adbv0","author_link":"https:\/\/nuevo-renacer.com\/pt\/author\/adbv0\/"},"uagb_comment_info":0,"uagb_excerpt":"L\u00e9on Denis \u2013 el successor de Kardec\u00a0 L\u00e9on Denis fue el incuestionable sucesor de la obra de Allan kardec e incansable divulgador de la Doctrina Esp\u00edrita. Naci\u00f3 cerca de la ciudad de Toul, en Francia, el 1\u00ba de enero de 1846. Sus padres eran personas humildes pero muy espiritualizadas, sobre todo su madre, Do\u00f1a Ana&hellip;","jetpack_sharing_enabled":true,"_links":{"self":[{"href":"https:\/\/nuevo-renacer.com\/pt\/wp-json\/wp\/v2\/pages\/3111","targetHints":{"allow":["GET"]}}],"collection":[{"href":"https:\/\/nuevo-renacer.com\/pt\/wp-json\/wp\/v2\/pages"}],"about":[{"href":"https:\/\/nuevo-renacer.com\/pt\/wp-json\/wp\/v2\/types\/page"}],"author":[{"embeddable":true,"href":"https:\/\/nuevo-renacer.com\/pt\/wp-json\/wp\/v2\/users\/1"}],"replies":[{"embeddable":true,"href":"https:\/\/nuevo-renacer.com\/pt\/wp-json\/wp\/v2\/comments?post=3111"}],"version-history":[{"count":6,"href":"https:\/\/nuevo-renacer.com\/pt\/wp-json\/wp\/v2\/pages\/3111\/revisions"}],"predecessor-version":[{"id":8719,"href":"https:\/\/nuevo-renacer.com\/pt\/wp-json\/wp\/v2\/pages\/3111\/revisions\/8719"}],"wp:attachment":[{"href":"https:\/\/nuevo-renacer.com\/pt\/wp-json\/wp\/v2\/media?parent=3111"}],"curies":[{"name":"wp","href":"https:\/\/api.w.org\/{rel}","templated":true}]}}