{"id":3088,"date":"2024-07-06T11:51:16","date_gmt":"2024-07-06T11:51:16","guid":{"rendered":"https:\/\/ufec-mundial.com\/?page_id=3088"},"modified":"2025-06-13T10:16:27","modified_gmt":"2025-06-13T10:16:27","slug":"jaime-galte","status":"publish","type":"page","link":"https:\/\/nuevo-renacer.com\/pt\/jaime-galte\/","title":{"rendered":"Jaime Galt\u00e9"},"content":{"rendered":"<div class=\"wp-block-uagb-container uagb-block-395ecf87 alignfull uagb-is-root-container\"><div class=\"uagb-container-inner-blocks-wrap\">\n<p class=\"has-black-color has-text-color has-link-color has-medium-font-size wp-elements-5726bbcd3ee41b1344ef38e32fd5bcc7\"><strong>Jaime Galt\u00e9 \u2013 O m\u00e9dium mais famoso do Chile<\/strong>&nbsp;<\/p>\n<\/div><\/div>\n\n\n\n<div class=\"wp-block-uagb-container uagb-block-deb1d4ec alignfull uagb-is-root-container\"><div class=\"uagb-container-inner-blocks-wrap\">\n<div class=\"wp-block-uagb-image alignleft uagb-block-59e0a893 wp-block-uagb-image--layout-default wp-block-uagb-image--effect-static wp-block-uagb-image--align-left\"><figure class=\"wp-block-uagb-image__figure\"><img loading=\"lazy\" decoding=\"async\" srcset=\"https:\/\/nuevo-renacer.com\/wp-content\/uploads\/2024\/07\/Jaime-Galte-1.jpg ,https:\/\/ufec-mundial.com\/wp-content\/uploads\/2024\/07\/Jaime-Galte-1.jpg 780w, https:\/\/nuevo-renacer.com\/wp-content\/uploads\/2024\/07\/Jaime-Galte-1.jpg 360w\" sizes=\"auto, (max-width: 480px) 150px\" src=\"https:\/\/nuevo-renacer.com\/wp-content\/uploads\/2024\/07\/Jaime-Galte-1.jpg\" alt=\"\" class=\"uag-image-3091\" width=\"510\" height=\"383\" title=\"Jaime-Galte\" role=\"img\"\/><\/figure><\/div>\n<\/div><\/div>\n\n\n\n<div class=\"wp-block-uagb-container uagb-block-a9af9baf alignfull uagb-is-root-container\"><div class=\"uagb-container-inner-blocks-wrap\">\n<p class=\"has-black-color has-text-color has-link-color has-small-font-size wp-elements-4ac89399d59b3395e08e98a6bc73ac7b\">Jaime Galt\u00e9 nasceu em 24 de maio de 1903 em Santiago do Chile e morreu aos 62 anos em 1965. Foi um advogado brilhante e um excelente pai de fam\u00edlia. Ocupou cargos importantes, entre eles: professor de Direito Processual, diretor da Faculdade de Direito de Valpara\u00edso, advogado da empresa jornal\u00edstica La Naci\u00f3n e procurador da Controladoria Geral da Rep\u00fablica do Chile.&nbsp;<\/p>\n\n\n\n<p class=\"has-black-color has-text-color has-link-color has-small-font-size wp-elements-df583e86182b8375cfa6892e68f1c154\">Sua hist\u00f3ria como m\u00e9dium come\u00e7ou um dia, quando ele era jovem. Ele estava viajando de trem para Valpara\u00edso, uma cidade desconhecida para ele, para resolver alguns problemas familiares. Seu pai havia desencarnado pouco tempo antes, deixando a fam\u00edlia em uma situa\u00e7\u00e3o financeira muito dif\u00edcil. Galt\u00e9 adormece e sonha que chega a Valpara\u00edso, atravessa uma pra\u00e7a, chega a um determinado hotel e conversa com seu propriet\u00e1rio. Ele pergunta pelo pai e \u00e9 informado de que ele est\u00e1 hospedado no quarto n\u00famero 26. Ele sobe as escadas e o encontra. Surpreso, ele pergunta como \u00e9 poss\u00edvel que ele esteja l\u00e1, se j\u00e1 est\u00e1 enterrado h\u00e1 algum tempo. O pai lhe diz que h\u00e1 apenas um corpo no caix\u00e3o e lhe d\u00e1 o nome de um advogado que tem certos t\u00edtulos e instru\u00e7\u00f5es sobre a heran\u00e7a para a fam\u00edlia.&nbsp;<\/p>\n\n\n\n<p class=\"has-black-color has-text-color has-link-color has-small-font-size wp-elements-3fa7b433f5071e4747a3ed669dde2627\">Quando Galt\u00e9 chegou a Valpara\u00edso, ele seguiu as informa\u00e7\u00f5es recebidas no sonho e conseguiu encontrar o hotel. A pra\u00e7a e o advogado que lhe deu os documentos da heran\u00e7a paterna. Ele ficou surpreso, mas n\u00e3o procurou respostas.&nbsp;<\/p>\n\n\n\n<p class=\"has-black-color has-text-color has-link-color has-small-font-size wp-elements-78c59b11885612141727245f52faae5e\">Algum tempo depois, seu amigo Ricardo Prat (irm\u00e3o do her\u00f3i chileno) o convenceu de que esse era um dom que ele deveria desenvolver e colocar a servi\u00e7o dos outros, e o convidou para uma reuni\u00e3o medi\u00fanica. Naquela primeira reuni\u00e3o, Galt\u00e9 entrou em transe e psicografou a mensagem enviada por um cozinheiro do navio Itata, que estava afundando, pedindo-lhe que desse algum dinheiro \u00e0 mulher que amava e \u00e0 m\u00e3e dela. O amigo de Prat consultou as autoridades mar\u00edtimas, mas foi informado de que o navio continuava navegando normalmente em \u00e1guas chilenas. Ap\u00f3s o t\u00e9rmino da reuni\u00e3o, os dois amigos foram embora, preocupados com a mensagem recebida e com o aparente fracasso da mediunidade. Entretanto, quando passaram pelo jornal El Mercurio, em Valpara\u00edso, ficaram chocados ao ler a seguinte not\u00edcia: \u201cO navio Itata acaba de afundar\u201d.&nbsp;<\/p>\n\n\n\n<p class=\"has-black-color has-text-color has-link-color has-small-font-size wp-elements-4e395b62d156525f40abf221c21b8f05\">Pouco tempo depois, verificaram a exist\u00eancia do marinheiro que havia transmitido a mensagem, encontraram a casa que ele havia indicado e atenderam ao seu pedido de dividir o dinheiro entre as duas mulheres. A partir daquele dia, Galt\u00e9 se comprometeu com o Mundo Espiritual e se dedicou \u00e0 leitura, ao estudo e \u00e0 participa\u00e7\u00e3o em grupos medi\u00fanicos. Ele se juntou \u00e0 Sociedade Cient\u00edfica existente em Santiago e foi um dos fundadores da Sociedade Chilena de Parapsicologia. Nos anos seguintes, Galt\u00e9 recebeu v\u00e1rios esp\u00edritos que lhe ditaram p\u00e1ginas belas e s\u00e1bias, como o conhecido Mister Lowe, fil\u00f3sofo e conselheiro. Infelizmente, esses escritos publicados na \u00e9poca est\u00e3o esgotados e s\u00e3o muito dif\u00edceis de encontrar. Talvez o mais famoso dos esp\u00edritos incorporados por Galt\u00e9 tenha sido o Dr. Eric Halfanne, que realizou in\u00fameras curas com a ajuda do m\u00e9dium.&nbsp;&nbsp;<\/p>\n\n\n\n<p class=\"has-black-color has-text-color has-link-color has-small-font-size wp-elements-82b3396909eafc98d5f508b070c0987c\">Eric Halfanne foi, na vida terrena, um m\u00e9dico su\u00ed\u00e7o-alem\u00e3o que trabalhou na Am\u00e9rica e desencarnou na Bol\u00edvia em 1906. \u00c9 curioso como ele se apresentou pela primeira vez, segundo S\u00f4nia, filha de Galt\u00e9. Um dia, a filhinha do casal Bachelet, amigos do m\u00e9dium, estava muito doente e seus pais pediram a Galt\u00e9 que invocasse o esp\u00edrito de seu pediatra, que havia desencarnado alguns meses antes. Quando o m\u00e9dium entra em transe, ele diz que o m\u00e9dico n\u00e3o pode vir porque est\u00e1 ocupado com outros trabalhos no mundo espiritual, mas que outro m\u00e9dico vir\u00e1 para ajudar. Ent\u00e3o o Dr. Eric Halfanne aparece. Suas curas s\u00e3o contadas \u00e0s dezenas. Ele diagnosticou com precis\u00e3o e prescreveu rem\u00e9dios homeop\u00e1ticos complementares.&nbsp;<\/p>\n\n\n\n<p class=\"has-black-color has-text-color has-link-color has-small-font-size wp-elements-72d42022fdd33c979ef987c6910c36dc\">Galt\u00e9 entrava em transe sentado em uma poltrona e come\u00e7ava a diagnosticar doen\u00e7as e a prescrever rem\u00e9dios. Sua fam\u00edlia guarda muitos dos escritos psicografados dessa \u00e9poca. Galt\u00e9 atendia livremente a qualquer pessoa que solicitasse seus servi\u00e7os, com amor e desinteresse como um bom crist\u00e3o. Nunca se recusou a ajudar, mesmo quando estava gravemente doente, no final de seus dias. Ele foi um ap\u00f3stolo do servi\u00e7o ao pr\u00f3ximo.&nbsp;<\/p>\n\n\n\n<p class=\"has-black-color has-text-color has-link-color has-small-font-size wp-elements-463b207033328483ae868ac3b034a267\">Depois de alguns anos, Galt\u00e9 p\u00f4de trabalhar mediunicamente \u00e0 dist\u00e2ncia. Ele recebia o nome da pessoa doente e seus sintomas. Ele se desdobrava e ia em esp\u00edrito at\u00e9 a casa do paciente, acompanhado pelo Dr. Eric, que era obviamente quem fazia as curas. Galt\u00e9 era um m\u00e9dium clarividente, psic\u00f3grafo, curador e incorporador. Ele tamb\u00e9m podia pintar belos quadros e tocar piano divinamente quando estava em transe, j\u00e1 que pessoalmente ignorava essas artes. Ele tinha vis\u00f5es claras do futuro e sua palavra amiga e consoladora chegava a todos igualmente.&nbsp;<\/p>\n\n\n\n<p class=\"has-black-color has-text-color has-link-color has-small-font-size wp-elements-c6fc632c80f96f0007e6f23a89ba1d0f\">Jaime Galt\u00e9 despertou no povo chileno a necessidade de conhecimento espiritual e a aproxima\u00e7\u00e3o com o mundo espiritual. Que Deus permita que muitos se lembrem dele e sigam seu exemplo de bondade e servi\u00e7o.&nbsp;<\/p>\n<\/div><\/div>\n\n\n\n<div class=\"wp-block-uagb-container uagb-block-a58ab44d alignfull uagb-is-root-container\"><div class=\"uagb-container-inner-blocks-wrap\"><\/div><\/div>\n\n\n\n<div class=\"wp-block-uagb-container uagb-block-212610c4 alignfull uagb-is-root-container\"><div class=\"uagb-container-inner-blocks-wrap\"><\/div><\/div>","protected":false},"excerpt":{"rendered":"<p>Jaime Galt\u00e9 \u2013 el medium m\u00e1s famoso de Chile&nbsp; Jaime Galt\u00e9 naci\u00f3 el 24 de mayo de 1903 en Santiago de Chile y falleci\u00f3 a los 62 a\u00f1os de edad, en 1965. Fue un brillante abogado y excelente padre de familia. Ocup\u00f3 cargos importantes, entre ellos: profesor de Derecho Procesal, Director de la Escuela de [&hellip;]<\/p>","protected":false},"author":1,"featured_media":0,"parent":0,"menu_order":0,"comment_status":"closed","ping_status":"closed","template":"","meta":{"_uag_custom_page_level_css":"","site-sidebar-layout":"default","site-content-layout":"","ast-site-content-layout":"default","site-content-style":"default","site-sidebar-style":"default","ast-global-header-display":"","ast-banner-title-visibility":"","ast-main-header-display":"","ast-hfb-above-header-display":"","ast-hfb-below-header-display":"","ast-hfb-mobile-header-display":"","site-post-title":"disabled","ast-breadcrumbs-content":"","ast-featured-img":"","footer-sml-layout":"","theme-transparent-header-meta":"","adv-header-id-meta":"","stick-header-meta":"","header-above-stick-meta":"","header-main-stick-meta":"","header-below-stick-meta":"","astra-migrate-meta-layouts":"set","ast-page-background-enabled":"default","ast-page-background-meta":{"desktop":{"background-color":"var(--ast-global-color-4)","background-image":"","background-repeat":"repeat","background-position":"center center","background-size":"auto","background-attachment":"scroll","background-type":"","background-media":"","overlay-type":"","overlay-color":"","overlay-opacity":"","overlay-gradient":""},"tablet":{"background-color":"","background-image":"","background-repeat":"repeat","background-position":"center center","background-size":"auto","background-attachment":"scroll","background-type":"","background-media":"","overlay-type":"","overlay-color":"","overlay-opacity":"","overlay-gradient":""},"mobile":{"background-color":"","background-image":"","background-repeat":"repeat","background-position":"center center","background-size":"auto","background-attachment":"scroll","background-type":"","background-media":"","overlay-type":"","overlay-color":"","overlay-opacity":"","overlay-gradient":""}},"ast-content-background-meta":{"desktop":{"background-color":"var(--ast-global-color-5)","background-image":"","background-repeat":"repeat","background-position":"center center","background-size":"auto","background-attachment":"scroll","background-type":"","background-media":"","overlay-type":"","overlay-color":"","overlay-opacity":"","overlay-gradient":""},"tablet":{"background-color":"var(--ast-global-color-5)","background-image":"","background-repeat":"repeat","background-position":"center center","background-size":"auto","background-attachment":"scroll","background-type":"","background-media":"","overlay-type":"","overlay-color":"","overlay-opacity":"","overlay-gradient":""},"mobile":{"background-color":"var(--ast-global-color-5)","background-image":"","background-repeat":"repeat","background-position":"center center","background-size":"auto","background-attachment":"scroll","background-type":"","background-media":"","overlay-type":"","overlay-color":"","overlay-opacity":"","overlay-gradient":""}},"footnotes":""},"class_list":["post-3088","page","type-page","status-publish","hentry"],"yoast_head":"<!-- This site is optimized with the Yoast SEO Premium plugin v24.2 (Yoast SEO v24.6) - https:\/\/yoast.com\/wordpress\/plugins\/seo\/ -->\n<title>Jaime Galt\u00e9 - Uni\u00f3n Esp\u00edrita<\/title>\n<meta name=\"robots\" content=\"index, follow, max-snippet:-1, max-image-preview:large, max-video-preview:-1\" \/>\n<link rel=\"canonical\" href=\"https:\/\/nuevo-renacer.com\/pt\/jaime-galte\/\" \/>\n<meta property=\"og:locale\" content=\"pt_BR\" \/>\n<meta property=\"og:type\" content=\"article\" \/>\n<meta property=\"og:title\" content=\"Jaime Galt\u00e9\" \/>\n<meta property=\"og:description\" content=\"Jaime Galt\u00e9 \u2013 el medium m\u00e1s famoso de Chile&nbsp; Jaime Galt\u00e9 naci\u00f3 el 24 de mayo de 1903 en Santiago de Chile y falleci\u00f3 a los 62 a\u00f1os de edad, en 1965. Fue un brillante abogado y excelente padre de familia. Ocup\u00f3 cargos importantes, entre ellos: profesor de Derecho Procesal, Director de la Escuela de [&hellip;]\" \/>\n<meta property=\"og:url\" content=\"https:\/\/nuevo-renacer.com\/pt\/jaime-galte\/\" \/>\n<meta property=\"og:site_name\" content=\"Uni\u00f3n Esp\u00edrita\" \/>\n<meta property=\"article:publisher\" content=\"https:\/\/www.facebook.com\/groups\/3431398063740829\" \/>\n<meta property=\"article:modified_time\" content=\"2025-06-13T10:16:27+00:00\" \/>\n<meta property=\"og:image\" content=\"https:\/\/nuevo-renacer.com\/wp-content\/uploads\/2024\/07\/Jaime-Galte-1.jpg\" \/>\n<meta name=\"twitter:card\" content=\"summary_large_image\" \/>\n<meta name=\"twitter:label1\" content=\"Est. tempo de leitura\" \/>\n\t<meta name=\"twitter:data1\" content=\"5 minutos\" \/>\n<script type=\"application\/ld+json\" class=\"yoast-schema-graph\">{\"@context\":\"https:\/\/schema.org\",\"@graph\":[{\"@type\":\"WebPage\",\"@id\":\"https:\/\/nuevo-renacer.com\/jaime-galte\/\",\"url\":\"https:\/\/nuevo-renacer.com\/jaime-galte\/\",\"name\":\"Jaime Galt\u00e9 - Uni\u00f3n Esp\u00edrita\",\"isPartOf\":{\"@id\":\"https:\/\/nuevo-renacer.com\/#website\"},\"primaryImageOfPage\":{\"@id\":\"https:\/\/nuevo-renacer.com\/jaime-galte\/#primaryimage\"},\"image\":{\"@id\":\"https:\/\/nuevo-renacer.com\/jaime-galte\/#primaryimage\"},\"thumbnailUrl\":\"https:\/\/nuevo-renacer.com\/wp-content\/uploads\/2024\/07\/Jaime-Galte-1.jpg\",\"datePublished\":\"2024-07-06T11:51:16+00:00\",\"dateModified\":\"2025-06-13T10:16:27+00:00\",\"breadcrumb\":{\"@id\":\"https:\/\/nuevo-renacer.com\/jaime-galte\/#breadcrumb\"},\"inLanguage\":\"pt-BR\",\"potentialAction\":[{\"@type\":\"ReadAction\",\"target\":[\"https:\/\/nuevo-renacer.com\/jaime-galte\/\"]}]},{\"@type\":\"ImageObject\",\"inLanguage\":\"pt-BR\",\"@id\":\"https:\/\/nuevo-renacer.com\/jaime-galte\/#primaryimage\",\"url\":\"https:\/\/nuevo-renacer.com\/wp-content\/uploads\/2024\/07\/Jaime-Galte-1.jpg\",\"contentUrl\":\"https:\/\/nuevo-renacer.com\/wp-content\/uploads\/2024\/07\/Jaime-Galte-1.jpg\"},{\"@type\":\"BreadcrumbList\",\"@id\":\"https:\/\/nuevo-renacer.com\/jaime-galte\/#breadcrumb\",\"itemListElement\":[{\"@type\":\"ListItem\",\"position\":1,\"name\":\"Startseite\",\"item\":\"https:\/\/nuevo-renacer.com\/\"},{\"@type\":\"ListItem\",\"position\":2,\"name\":\"Jaime Galt\u00e9\"}]},{\"@type\":\"WebSite\",\"@id\":\"https:\/\/nuevo-renacer.com\/#website\",\"url\":\"https:\/\/nuevo-renacer.com\/\",\"name\":\"Uni\u00f3n Esp\u00edrita\",\"description\":\"Nuevo Renacer\",\"publisher\":{\"@id\":\"https:\/\/nuevo-renacer.com\/#organization\"},\"potentialAction\":[{\"@type\":\"SearchAction\",\"target\":{\"@type\":\"EntryPoint\",\"urlTemplate\":\"https:\/\/nuevo-renacer.com\/?s={search_term_string}\"},\"query-input\":{\"@type\":\"PropertyValueSpecification\",\"valueRequired\":true,\"valueName\":\"search_term_string\"}}],\"inLanguage\":\"pt-BR\"},{\"@type\":\"Organization\",\"@id\":\"https:\/\/nuevo-renacer.com\/#organization\",\"name\":\"UFEC\",\"url\":\"https:\/\/nuevo-renacer.com\/\",\"logo\":{\"@type\":\"ImageObject\",\"inLanguage\":\"pt-BR\",\"@id\":\"https:\/\/nuevo-renacer.com\/#\/schema\/logo\/image\/\",\"url\":\"https:\/\/nuevo-renacer.com\/wp-content\/uploads\/2024\/05\/cropped-LOGO-TERMINADO1-3-3.png\",\"contentUrl\":\"https:\/\/nuevo-renacer.com\/wp-content\/uploads\/2024\/05\/cropped-LOGO-TERMINADO1-3-3.png\",\"width\":512,\"height\":512,\"caption\":\"UFEC\"},\"image\":{\"@id\":\"https:\/\/nuevo-renacer.com\/#\/schema\/logo\/image\/\"},\"sameAs\":[\"https:\/\/www.facebook.com\/groups\/3431398063740829\"]}]}<\/script>\n<!-- \/ Yoast SEO Premium plugin. -->","yoast_head_json":{"title":"Jaime Galt\u00e9 - Uni\u00f3n Esp\u00edrita","robots":{"index":"index","follow":"follow","max-snippet":"max-snippet:-1","max-image-preview":"max-image-preview:large","max-video-preview":"max-video-preview:-1"},"canonical":"https:\/\/nuevo-renacer.com\/pt\/jaime-galte\/","og_locale":"pt_BR","og_type":"article","og_title":"Jaime Galt\u00e9","og_description":"Jaime Galt\u00e9 \u2013 el medium m\u00e1s famoso de Chile&nbsp; Jaime Galt\u00e9 naci\u00f3 el 24 de mayo de 1903 en Santiago de Chile y falleci\u00f3 a los 62 a\u00f1os de edad, en 1965. Fue un brillante abogado y excelente padre de familia. Ocup\u00f3 cargos importantes, entre ellos: profesor de Derecho Procesal, Director de la Escuela de [&hellip;]","og_url":"https:\/\/nuevo-renacer.com\/pt\/jaime-galte\/","og_site_name":"Uni\u00f3n Esp\u00edrita","article_publisher":"https:\/\/www.facebook.com\/groups\/3431398063740829","article_modified_time":"2025-06-13T10:16:27+00:00","og_image":[{"url":"https:\/\/nuevo-renacer.com\/wp-content\/uploads\/2024\/07\/Jaime-Galte-1.jpg","type":"","width":"","height":""}],"twitter_card":"summary_large_image","twitter_misc":{"Est. tempo de leitura":"5 minutos"},"schema":{"@context":"https:\/\/schema.org","@graph":[{"@type":"WebPage","@id":"https:\/\/nuevo-renacer.com\/jaime-galte\/","url":"https:\/\/nuevo-renacer.com\/jaime-galte\/","name":"Jaime Galt\u00e9 - Uni\u00f3n Esp\u00edrita","isPartOf":{"@id":"https:\/\/nuevo-renacer.com\/#website"},"primaryImageOfPage":{"@id":"https:\/\/nuevo-renacer.com\/jaime-galte\/#primaryimage"},"image":{"@id":"https:\/\/nuevo-renacer.com\/jaime-galte\/#primaryimage"},"thumbnailUrl":"https:\/\/nuevo-renacer.com\/wp-content\/uploads\/2024\/07\/Jaime-Galte-1.jpg","datePublished":"2024-07-06T11:51:16+00:00","dateModified":"2025-06-13T10:16:27+00:00","breadcrumb":{"@id":"https:\/\/nuevo-renacer.com\/jaime-galte\/#breadcrumb"},"inLanguage":"pt-BR","potentialAction":[{"@type":"ReadAction","target":["https:\/\/nuevo-renacer.com\/jaime-galte\/"]}]},{"@type":"ImageObject","inLanguage":"pt-BR","@id":"https:\/\/nuevo-renacer.com\/jaime-galte\/#primaryimage","url":"https:\/\/nuevo-renacer.com\/wp-content\/uploads\/2024\/07\/Jaime-Galte-1.jpg","contentUrl":"https:\/\/nuevo-renacer.com\/wp-content\/uploads\/2024\/07\/Jaime-Galte-1.jpg"},{"@type":"BreadcrumbList","@id":"https:\/\/nuevo-renacer.com\/jaime-galte\/#breadcrumb","itemListElement":[{"@type":"ListItem","position":1,"name":"Startseite","item":"https:\/\/nuevo-renacer.com\/"},{"@type":"ListItem","position":2,"name":"Jaime Galt\u00e9"}]},{"@type":"WebSite","@id":"https:\/\/nuevo-renacer.com\/#website","url":"https:\/\/nuevo-renacer.com\/","name":"Uni\u00f3n Esp\u00edrita","description":"Nuevo Renacer","publisher":{"@id":"https:\/\/nuevo-renacer.com\/#organization"},"potentialAction":[{"@type":"SearchAction","target":{"@type":"EntryPoint","urlTemplate":"https:\/\/nuevo-renacer.com\/?s={search_term_string}"},"query-input":{"@type":"PropertyValueSpecification","valueRequired":true,"valueName":"search_term_string"}}],"inLanguage":"pt-BR"},{"@type":"Organization","@id":"https:\/\/nuevo-renacer.com\/#organization","name":"UFEC","url":"https:\/\/nuevo-renacer.com\/","logo":{"@type":"ImageObject","inLanguage":"pt-BR","@id":"https:\/\/nuevo-renacer.com\/#\/schema\/logo\/image\/","url":"https:\/\/nuevo-renacer.com\/wp-content\/uploads\/2024\/05\/cropped-LOGO-TERMINADO1-3-3.png","contentUrl":"https:\/\/nuevo-renacer.com\/wp-content\/uploads\/2024\/05\/cropped-LOGO-TERMINADO1-3-3.png","width":512,"height":512,"caption":"UFEC"},"image":{"@id":"https:\/\/nuevo-renacer.com\/#\/schema\/logo\/image\/"},"sameAs":["https:\/\/www.facebook.com\/groups\/3431398063740829"]}]}},"uagb_featured_image_src":{"full":false,"thumbnail":false,"medium":false,"medium_large":false,"large":false,"1536x1536":false,"2048x2048":false,"trp-custom-language-flag":false},"uagb_author_info":{"display_name":"adbv0","author_link":"https:\/\/nuevo-renacer.com\/pt\/author\/adbv0\/"},"uagb_comment_info":0,"uagb_excerpt":"Jaime Galt\u00e9 \u2013 el medium m\u00e1s famoso de Chile&nbsp; Jaime Galt\u00e9 naci\u00f3 el 24 de mayo de 1903 en Santiago de Chile y falleci\u00f3 a los 62 a\u00f1os de edad, en 1965. Fue un brillante abogado y excelente padre de familia. Ocup\u00f3 cargos importantes, entre ellos: profesor de Derecho Procesal, Director de la Escuela de&hellip;","jetpack_sharing_enabled":true,"_links":{"self":[{"href":"https:\/\/nuevo-renacer.com\/pt\/wp-json\/wp\/v2\/pages\/3088","targetHints":{"allow":["GET"]}}],"collection":[{"href":"https:\/\/nuevo-renacer.com\/pt\/wp-json\/wp\/v2\/pages"}],"about":[{"href":"https:\/\/nuevo-renacer.com\/pt\/wp-json\/wp\/v2\/types\/page"}],"author":[{"embeddable":true,"href":"https:\/\/nuevo-renacer.com\/pt\/wp-json\/wp\/v2\/users\/1"}],"replies":[{"embeddable":true,"href":"https:\/\/nuevo-renacer.com\/pt\/wp-json\/wp\/v2\/comments?post=3088"}],"version-history":[{"count":3,"href":"https:\/\/nuevo-renacer.com\/pt\/wp-json\/wp\/v2\/pages\/3088\/revisions"}],"predecessor-version":[{"id":8335,"href":"https:\/\/nuevo-renacer.com\/pt\/wp-json\/wp\/v2\/pages\/3088\/revisions\/8335"}],"wp:attachment":[{"href":"https:\/\/nuevo-renacer.com\/pt\/wp-json\/wp\/v2\/media?parent=3088"}],"curies":[{"name":"wp","href":"https:\/\/api.w.org\/{rel}","templated":true}]}}