{"id":3070,"date":"2024-07-06T11:32:18","date_gmt":"2024-07-06T11:32:18","guid":{"rendered":"https:\/\/ufec-mundial.com\/?page_id=3070"},"modified":"2025-06-13T10:10:20","modified_gmt":"2025-06-13T10:10:20","slug":"francisco-peixoto-lins","status":"publish","type":"page","link":"https:\/\/nuevo-renacer.com\/pt\/francisco-peixoto-lins\/","title":{"rendered":"Francisco Peixoto Lins"},"content":{"rendered":"<div class=\"wp-block-uagb-container uagb-block-93c301d2 alignfull uagb-is-root-container\"><div class=\"uagb-container-inner-blocks-wrap\">\n<p class=\"has-black-color has-text-color has-link-color has-medium-font-size wp-elements-55c713e62e0a139389aa2ea37f972aa5\"><strong>Francisco Peixoto Lins<\/strong>&nbsp;<\/p>\n<\/div><\/div>\n\n\n\n<div class=\"wp-block-uagb-container uagb-block-69efe0f9 alignfull uagb-is-root-container\"><div class=\"uagb-container-inner-blocks-wrap\">\n<div class=\"wp-block-uagb-image alignleft uagb-block-9840d3e4 wp-block-uagb-image--layout-default wp-block-uagb-image--effect-static wp-block-uagb-image--align-left\"><figure class=\"wp-block-uagb-image__figure\"><img loading=\"lazy\" decoding=\"async\" srcset=\"https:\/\/nuevo-renacer.com\/wp-content\/uploads\/2024\/07\/peixotinho_1-1.jpg ,https:\/\/ufec-mundial.com\/wp-content\/uploads\/2024\/07\/peixotinho_1-1.jpg 780w, https:\/\/nuevo-renacer.com\/wp-content\/uploads\/2024\/07\/peixotinho_1-1.jpg 360w\" sizes=\"auto, (max-width: 480px) 150px\" src=\"https:\/\/nuevo-renacer.com\/wp-content\/uploads\/2024\/07\/peixotinho_1-1.jpg\" alt=\"\" class=\"uag-image-3073\" width=\"300\" height=\"360\" title=\"peixotinho_1-1\" role=\"img\"\/><\/figure><\/div>\n<\/div><\/div>\n\n\n\n<div class=\"wp-block-uagb-container uagb-block-5c923011 alignfull uagb-is-root-container\"><div class=\"uagb-container-inner-blocks-wrap\">\n<p class=\"has-black-color has-text-color has-link-color has-small-font-size wp-elements-74ffe7d6e56c869171d71325d554602a\">Peixotinho, como era carinhosamente chamado, foi um dos m\u00e9diuns mais famosos do Brasil, especialmente como m\u00e9dium de efeitos f\u00edsicos. Seu nome completo \u00e9 Francisco Peixoto Lins. Nasceu na cidade de Pacatuba, estado do Cear\u00e1 (a mesma do querido Bezerra de Menezes), em 1\u00ba de fevereiro de 1905, e desencarnou em 16 de junho de 1966, em Campos, estado do Rio de Janeiro, Brasil.&nbsp;<\/p>\n\n\n\n<p class=\"has-black-color has-text-color has-link-color has-small-font-size wp-elements-4b553512f6c1981a624b07e77dda7938\">Sua vida, como a de todos os grandes homens, foi cercada de dificuldades. Lembremo-nos de que os inconvenientes da vida s\u00e3o simplesmente prova\u00e7\u00f5es que o Mundo Espiritual nos envia para lapidar nosso esp\u00edrito, fortalecer-nos e testar nossa f\u00e9. Passou sua inf\u00e2ncia na cidade de Fortaleza, cercado pelo carinho de seus tios, pois sua m\u00e3e havia desencarnado quando ele ainda era crian\u00e7a. Aos quatorze anos de idade, mudou-se para a Amaz\u00f4nia em busca de trabalho como seringueiro. Era o auge desse material para a constru\u00e7\u00e3o de novos itens, como pneus e outros pl\u00e1sticos. Durante esse per\u00edodo, a riqueza se espalhou por todo o Brasil.&nbsp;<\/p>\n\n\n\n<p class=\"has-black-color has-text-color has-link-color has-small-font-size wp-elements-9acbf2290720e9a9535b7feab210128c\">L\u00e1, na selva, enquanto trabalhava duro, sofreu problemas f\u00edsicos e emocionais que marcaram seu car\u00e1ter.  Depois de alguns anos, voltou ao Cear\u00e1, sua prov\u00edncia natal, e l\u00e1 sua mediunidade, que aparentemente estava adormecida, aflorou. No in\u00edcio, ele estava muito assustado, sem saber o que estava acontecendo com ele. Sentia-se cercado por esp\u00edritos sofredores que o perseguiam. Ele temia estar ficando louco. Al\u00e9m dessas vozes de sofrimento e da vis\u00e3o de figuras atormentadas, ele sofreu uma s\u00fabita paralisia dos membros inferiores.&nbsp;<\/p>\n\n\n\n<p class=\"has-black-color has-text-color has-link-color has-small-font-size wp-elements-325c4c014ca03be98f556305da6c8ed1\">Sua fam\u00edlia, muito cat\u00f3lica, n\u00e3o queria recorrer ao Espiritismo para resolver os problemas de sa\u00fade cada vez mais graves de Peixotinho. Seu estado de sa\u00fade piorava a cada dia, para desespero dele e de sua fam\u00edlia. Um dia, por\u00e9m, um grupo de trabalhadores esp\u00edritas que sabia de suas dificuldades foi at\u00e9 sua casa. Eles pertenciam \u00e0 \u201cFedera\u00e7\u00e3o Esp\u00edrita Cearense\u201d. Com passes, preces e \u00e1gua fluidificada, eles o libertaram dos esp\u00edritos sofredores que o torturavam. Era um caso claro de obsess\u00e3o.&nbsp;<\/p>\n\n\n\n<p class=\"has-black-color has-text-color has-link-color has-small-font-size wp-elements-d2e7267186bb728a6e69348426131c9e\">Nessa \u00e9poca, Peixotinho toma conhecimento do Espiritismo e come\u00e7a a estudar a Doutrina da Boa Nova. Aprende tamb\u00e9m sobre a mediunidade que traz nesta reencarna\u00e7\u00e3o e come\u00e7a a estudar para poder exerc\u00ea-la com a dignidade que lhe corresponde. Em 1926, mudou-se para o Rio de Janeiro, ent\u00e3o capital do pa\u00eds, e se alistou no ex\u00e9rcito. Foi transferido v\u00e1rias vezes, morando em diferentes partes do Brasil, em fun\u00e7\u00e3o de sua nova carreira militar.&nbsp;<\/p>\n\n\n\n<p class=\"has-black-color has-text-color has-link-color has-small-font-size wp-elements-af14c7861b81125fcb60f0b5820c2d08\">Casou-se com Benedita (Baby) Vieira em 1933 e teve 9 filhos, formando uma linda fam\u00edlia crist\u00e3. Em cada uma das cidades por onde passou, abriu grupos de estudo da Doutrina de Kardec, com a orienta\u00e7\u00e3o do amado Mestre Jesus.&nbsp;<\/p>\n\n\n\n<div class=\"wp-block-group is-layout-constrained wp-block-group-is-layout-constrained\">\n<p class=\"has-black-color has-text-color has-link-color has-small-font-size wp-elements-2c30194e143e6fb43e6e5a7add014fdf\">Em Maca\u00e9, ele fundou o \u201cGrupo Esp\u00edrita Pedro\u201d.&nbsp;<\/p>\n\n\n\n<p class=\"has-black-color has-text-color has-link-color has-small-font-size wp-elements-1beae96f65dfac805b293ce180c51b50\">No estado do Rio de Janeiro (S\u00e3o Jo\u00e3o), ele fundou o \u201cGrupo Esp\u00edrita Andr\u00e9 Luiz\u201d, que se reunia em sua casa todos os domingos.&nbsp;<\/p>\n\n\n\n<p class=\"has-black-color has-text-color has-link-color has-small-font-size wp-elements-3149a7d8fb0a19a2e07804d592f3437d\">Na cidade de Santos, fundou o \u201cCentro Esp\u00edrita Ism\u00eania de Jesus\u201d.&nbsp;<\/p>\n\n\n\n<p class=\"has-black-color has-text-color has-link-color has-small-font-size wp-elements-b15a6b398bd799c28659b864476bb634\">Em Campos, ele fundou o \u201cGrupo Esp\u00edrita Aracy\u201d (nome de seu guia espiritual) e tamb\u00e9m trabalhou no \u201cGrupo Esp\u00edrita Joanna de Arco\u201d.&nbsp;<\/p>\n<\/div>\n\n\n\n<p class=\"has-black-color has-text-color has-link-color has-small-font-size wp-elements-b130b4fb916e500603b478034ecc51f0\">Em 1948, teve o t\u00e3o sonhado e desejado encontro com o querido Chico Xavier. Juntos, participaram de muitas reuni\u00f5es sobre efeitos f\u00edsicos, especialmente a materializa\u00e7\u00e3o. Peixotinho era um homem de apar\u00eancia pequena, quase infantil, mas com vontade f\u00e9rrea, mente clara e grande senso de responsabilidade, principalmente com rela\u00e7\u00e3o \u00e0 pr\u00e1tica da mediunidade. Nunca deixou de atender a quem solicitasse seus servi\u00e7os e nunca recebeu dinheiro por isso, como todo bom esp\u00edrita.&nbsp;<\/p>\n\n\n\n<p class=\"has-black-color has-text-color has-link-color has-small-font-size wp-elements-69d99bea0ca7c9e55b640952c22157f9\">Em todos os Centros que fundou ou dos quais participou, ele sempre manteve os fundamentos da Doutrina de Kardec e de Jesus acima de tudo. Sua vida foi um exemplo de abnega\u00e7\u00e3o, dedica\u00e7\u00e3o, responsabilidade e amor ao pr\u00f3ximo. S\u00e3o famosos os casos, estudados por cientistas e incr\u00e9dulos, em que Peixotinho, amarrado de p\u00e9s e m\u00e3os, exalava ectoplasma em tal quantidade que materializava esp\u00edritos de desencarnados, que se comunicavam com os presentes nas reuni\u00f5es, movimentando-se e, \u00e0s vezes, falando. Ele tamb\u00e9m materializava flores, plantas e outros elementos.&nbsp;<\/p>\n\n\n\n<p class=\"has-black-color has-text-color has-link-color has-small-font-size wp-elements-f579890bf0291395f7fa18a3b7d9dc89\">Agradecemos a esse Esp\u00edrito por seu exemplo de amor e dedica\u00e7\u00e3o ao Evangelho do gentil Rabino de Jerusal\u00e9m.&nbsp;<\/p>\n<\/div><\/div>\n\n\n\n<div class=\"wp-block-uagb-container uagb-block-f40e4d39 alignfull uagb-is-root-container\"><div class=\"uagb-container-inner-blocks-wrap\"><\/div><\/div>\n\n\n\n<div class=\"wp-block-uagb-container uagb-block-8b792c05 alignfull uagb-is-root-container\"><div class=\"uagb-container-inner-blocks-wrap\"><\/div><\/div>","protected":false},"excerpt":{"rendered":"<p>Francisco Peixoto Lins&nbsp; Peixotinho, como cari\u00f1osamente se lo llamaba, fue uno de los m\u00e9diums m\u00e1s famosos de Brasil, especialmente como m\u00e9dium de efectos f\u00edsicos. Su nombre completo es Francisco Peixoto Lins.&nbsp;Naci\u00f3 en la ciudad de Pacatuba, estado de Cear\u00e1 (el mismo del querido Bezerra de Menezes), el 1\u00ba de febrero de 1905 y desencarn\u00f3 el [&hellip;]<\/p>","protected":false},"author":1,"featured_media":0,"parent":0,"menu_order":0,"comment_status":"closed","ping_status":"closed","template":"","meta":{"_uag_custom_page_level_css":"","site-sidebar-layout":"default","site-content-layout":"","ast-site-content-layout":"default","site-content-style":"default","site-sidebar-style":"default","ast-global-header-display":"","ast-banner-title-visibility":"","ast-main-header-display":"","ast-hfb-above-header-display":"","ast-hfb-below-header-display":"","ast-hfb-mobile-header-display":"","site-post-title":"disabled","ast-breadcrumbs-content":"","ast-featured-img":"","footer-sml-layout":"","theme-transparent-header-meta":"","adv-header-id-meta":"","stick-header-meta":"","header-above-stick-meta":"","header-main-stick-meta":"","header-below-stick-meta":"","astra-migrate-meta-layouts":"set","ast-page-background-enabled":"default","ast-page-background-meta":{"desktop":{"background-color":"var(--ast-global-color-4)","background-image":"","background-repeat":"repeat","background-position":"center center","background-size":"auto","background-attachment":"scroll","background-type":"","background-media":"","overlay-type":"","overlay-color":"","overlay-opacity":"","overlay-gradient":""},"tablet":{"background-color":"","background-image":"","background-repeat":"repeat","background-position":"center center","background-size":"auto","background-attachment":"scroll","background-type":"","background-media":"","overlay-type":"","overlay-color":"","overlay-opacity":"","overlay-gradient":""},"mobile":{"background-color":"","background-image":"","background-repeat":"repeat","background-position":"center center","background-size":"auto","background-attachment":"scroll","background-type":"","background-media":"","overlay-type":"","overlay-color":"","overlay-opacity":"","overlay-gradient":""}},"ast-content-background-meta":{"desktop":{"background-color":"var(--ast-global-color-5)","background-image":"","background-repeat":"repeat","background-position":"center center","background-size":"auto","background-attachment":"scroll","background-type":"","background-media":"","overlay-type":"","overlay-color":"","overlay-opacity":"","overlay-gradient":""},"tablet":{"background-color":"var(--ast-global-color-5)","background-image":"","background-repeat":"repeat","background-position":"center center","background-size":"auto","background-attachment":"scroll","background-type":"","background-media":"","overlay-type":"","overlay-color":"","overlay-opacity":"","overlay-gradient":""},"mobile":{"background-color":"var(--ast-global-color-5)","background-image":"","background-repeat":"repeat","background-position":"center center","background-size":"auto","background-attachment":"scroll","background-type":"","background-media":"","overlay-type":"","overlay-color":"","overlay-opacity":"","overlay-gradient":""}},"footnotes":""},"class_list":["post-3070","page","type-page","status-publish","hentry"],"yoast_head":"<!-- This site is optimized with the Yoast SEO Premium plugin v24.2 (Yoast SEO v24.6) - https:\/\/yoast.com\/wordpress\/plugins\/seo\/ -->\n<title>Francisco Peixoto Lins - Uni\u00f3n Esp\u00edrita<\/title>\n<meta name=\"robots\" content=\"index, follow, max-snippet:-1, max-image-preview:large, max-video-preview:-1\" \/>\n<link rel=\"canonical\" href=\"https:\/\/nuevo-renacer.com\/pt\/francisco-peixoto-lins\/\" \/>\n<meta property=\"og:locale\" content=\"pt_BR\" \/>\n<meta property=\"og:type\" content=\"article\" \/>\n<meta property=\"og:title\" content=\"Francisco Peixoto Lins\" \/>\n<meta property=\"og:description\" content=\"Francisco Peixoto Lins&nbsp; Peixotinho, como cari\u00f1osamente se lo llamaba, fue uno de los m\u00e9diums m\u00e1s famosos de Brasil, especialmente como m\u00e9dium de efectos f\u00edsicos. Su nombre completo es Francisco Peixoto Lins.&nbsp;Naci\u00f3 en la ciudad de Pacatuba, estado de Cear\u00e1 (el mismo del querido Bezerra de Menezes), el 1\u00ba de febrero de 1905 y desencarn\u00f3 el [&hellip;]\" \/>\n<meta property=\"og:url\" content=\"https:\/\/nuevo-renacer.com\/pt\/francisco-peixoto-lins\/\" \/>\n<meta property=\"og:site_name\" content=\"Uni\u00f3n Esp\u00edrita\" \/>\n<meta property=\"article:publisher\" content=\"https:\/\/www.facebook.com\/groups\/3431398063740829\" \/>\n<meta property=\"article:modified_time\" content=\"2025-06-13T10:10:20+00:00\" \/>\n<meta property=\"og:image\" content=\"https:\/\/nuevo-renacer.com\/wp-content\/uploads\/2024\/07\/peixotinho_1-1.jpg\" \/>\n<meta name=\"twitter:card\" content=\"summary_large_image\" \/>\n<meta name=\"twitter:label1\" content=\"Est. tempo de leitura\" \/>\n\t<meta name=\"twitter:data1\" content=\"5 minutos\" \/>\n<script type=\"application\/ld+json\" class=\"yoast-schema-graph\">{\"@context\":\"https:\/\/schema.org\",\"@graph\":[{\"@type\":\"WebPage\",\"@id\":\"https:\/\/nuevo-renacer.com\/francisco-peixoto-lins\/\",\"url\":\"https:\/\/nuevo-renacer.com\/francisco-peixoto-lins\/\",\"name\":\"Francisco Peixoto Lins - Uni\u00f3n Esp\u00edrita\",\"isPartOf\":{\"@id\":\"https:\/\/nuevo-renacer.com\/#website\"},\"primaryImageOfPage\":{\"@id\":\"https:\/\/nuevo-renacer.com\/francisco-peixoto-lins\/#primaryimage\"},\"image\":{\"@id\":\"https:\/\/nuevo-renacer.com\/francisco-peixoto-lins\/#primaryimage\"},\"thumbnailUrl\":\"https:\/\/nuevo-renacer.com\/wp-content\/uploads\/2024\/07\/peixotinho_1-1.jpg\",\"datePublished\":\"2024-07-06T11:32:18+00:00\",\"dateModified\":\"2025-06-13T10:10:20+00:00\",\"breadcrumb\":{\"@id\":\"https:\/\/nuevo-renacer.com\/francisco-peixoto-lins\/#breadcrumb\"},\"inLanguage\":\"pt-BR\",\"potentialAction\":[{\"@type\":\"ReadAction\",\"target\":[\"https:\/\/nuevo-renacer.com\/francisco-peixoto-lins\/\"]}]},{\"@type\":\"ImageObject\",\"inLanguage\":\"pt-BR\",\"@id\":\"https:\/\/nuevo-renacer.com\/francisco-peixoto-lins\/#primaryimage\",\"url\":\"https:\/\/nuevo-renacer.com\/wp-content\/uploads\/2024\/07\/peixotinho_1-1.jpg\",\"contentUrl\":\"https:\/\/nuevo-renacer.com\/wp-content\/uploads\/2024\/07\/peixotinho_1-1.jpg\"},{\"@type\":\"BreadcrumbList\",\"@id\":\"https:\/\/nuevo-renacer.com\/francisco-peixoto-lins\/#breadcrumb\",\"itemListElement\":[{\"@type\":\"ListItem\",\"position\":1,\"name\":\"Startseite\",\"item\":\"https:\/\/nuevo-renacer.com\/\"},{\"@type\":\"ListItem\",\"position\":2,\"name\":\"Francisco Peixoto Lins\"}]},{\"@type\":\"WebSite\",\"@id\":\"https:\/\/nuevo-renacer.com\/#website\",\"url\":\"https:\/\/nuevo-renacer.com\/\",\"name\":\"Uni\u00f3n Esp\u00edrita\",\"description\":\"Nuevo Renacer\",\"publisher\":{\"@id\":\"https:\/\/nuevo-renacer.com\/#organization\"},\"potentialAction\":[{\"@type\":\"SearchAction\",\"target\":{\"@type\":\"EntryPoint\",\"urlTemplate\":\"https:\/\/nuevo-renacer.com\/?s={search_term_string}\"},\"query-input\":{\"@type\":\"PropertyValueSpecification\",\"valueRequired\":true,\"valueName\":\"search_term_string\"}}],\"inLanguage\":\"pt-BR\"},{\"@type\":\"Organization\",\"@id\":\"https:\/\/nuevo-renacer.com\/#organization\",\"name\":\"UFEC\",\"url\":\"https:\/\/nuevo-renacer.com\/\",\"logo\":{\"@type\":\"ImageObject\",\"inLanguage\":\"pt-BR\",\"@id\":\"https:\/\/nuevo-renacer.com\/#\/schema\/logo\/image\/\",\"url\":\"https:\/\/nuevo-renacer.com\/wp-content\/uploads\/2024\/05\/cropped-LOGO-TERMINADO1-3-3.png\",\"contentUrl\":\"https:\/\/nuevo-renacer.com\/wp-content\/uploads\/2024\/05\/cropped-LOGO-TERMINADO1-3-3.png\",\"width\":512,\"height\":512,\"caption\":\"UFEC\"},\"image\":{\"@id\":\"https:\/\/nuevo-renacer.com\/#\/schema\/logo\/image\/\"},\"sameAs\":[\"https:\/\/www.facebook.com\/groups\/3431398063740829\"]}]}<\/script>\n<!-- \/ Yoast SEO Premium plugin. -->","yoast_head_json":{"title":"Francisco Peixoto Lins - Uni\u00f3n Esp\u00edrita","robots":{"index":"index","follow":"follow","max-snippet":"max-snippet:-1","max-image-preview":"max-image-preview:large","max-video-preview":"max-video-preview:-1"},"canonical":"https:\/\/nuevo-renacer.com\/pt\/francisco-peixoto-lins\/","og_locale":"pt_BR","og_type":"article","og_title":"Francisco Peixoto Lins","og_description":"Francisco Peixoto Lins&nbsp; Peixotinho, como cari\u00f1osamente se lo llamaba, fue uno de los m\u00e9diums m\u00e1s famosos de Brasil, especialmente como m\u00e9dium de efectos f\u00edsicos. Su nombre completo es Francisco Peixoto Lins.&nbsp;Naci\u00f3 en la ciudad de Pacatuba, estado de Cear\u00e1 (el mismo del querido Bezerra de Menezes), el 1\u00ba de febrero de 1905 y desencarn\u00f3 el [&hellip;]","og_url":"https:\/\/nuevo-renacer.com\/pt\/francisco-peixoto-lins\/","og_site_name":"Uni\u00f3n Esp\u00edrita","article_publisher":"https:\/\/www.facebook.com\/groups\/3431398063740829","article_modified_time":"2025-06-13T10:10:20+00:00","og_image":[{"url":"https:\/\/nuevo-renacer.com\/wp-content\/uploads\/2024\/07\/peixotinho_1-1.jpg","type":"","width":"","height":""}],"twitter_card":"summary_large_image","twitter_misc":{"Est. tempo de leitura":"5 minutos"},"schema":{"@context":"https:\/\/schema.org","@graph":[{"@type":"WebPage","@id":"https:\/\/nuevo-renacer.com\/francisco-peixoto-lins\/","url":"https:\/\/nuevo-renacer.com\/francisco-peixoto-lins\/","name":"Francisco Peixoto Lins - Uni\u00f3n Esp\u00edrita","isPartOf":{"@id":"https:\/\/nuevo-renacer.com\/#website"},"primaryImageOfPage":{"@id":"https:\/\/nuevo-renacer.com\/francisco-peixoto-lins\/#primaryimage"},"image":{"@id":"https:\/\/nuevo-renacer.com\/francisco-peixoto-lins\/#primaryimage"},"thumbnailUrl":"https:\/\/nuevo-renacer.com\/wp-content\/uploads\/2024\/07\/peixotinho_1-1.jpg","datePublished":"2024-07-06T11:32:18+00:00","dateModified":"2025-06-13T10:10:20+00:00","breadcrumb":{"@id":"https:\/\/nuevo-renacer.com\/francisco-peixoto-lins\/#breadcrumb"},"inLanguage":"pt-BR","potentialAction":[{"@type":"ReadAction","target":["https:\/\/nuevo-renacer.com\/francisco-peixoto-lins\/"]}]},{"@type":"ImageObject","inLanguage":"pt-BR","@id":"https:\/\/nuevo-renacer.com\/francisco-peixoto-lins\/#primaryimage","url":"https:\/\/nuevo-renacer.com\/wp-content\/uploads\/2024\/07\/peixotinho_1-1.jpg","contentUrl":"https:\/\/nuevo-renacer.com\/wp-content\/uploads\/2024\/07\/peixotinho_1-1.jpg"},{"@type":"BreadcrumbList","@id":"https:\/\/nuevo-renacer.com\/francisco-peixoto-lins\/#breadcrumb","itemListElement":[{"@type":"ListItem","position":1,"name":"Startseite","item":"https:\/\/nuevo-renacer.com\/"},{"@type":"ListItem","position":2,"name":"Francisco Peixoto Lins"}]},{"@type":"WebSite","@id":"https:\/\/nuevo-renacer.com\/#website","url":"https:\/\/nuevo-renacer.com\/","name":"Uni\u00f3n Esp\u00edrita","description":"Nuevo Renacer","publisher":{"@id":"https:\/\/nuevo-renacer.com\/#organization"},"potentialAction":[{"@type":"SearchAction","target":{"@type":"EntryPoint","urlTemplate":"https:\/\/nuevo-renacer.com\/?s={search_term_string}"},"query-input":{"@type":"PropertyValueSpecification","valueRequired":true,"valueName":"search_term_string"}}],"inLanguage":"pt-BR"},{"@type":"Organization","@id":"https:\/\/nuevo-renacer.com\/#organization","name":"UFEC","url":"https:\/\/nuevo-renacer.com\/","logo":{"@type":"ImageObject","inLanguage":"pt-BR","@id":"https:\/\/nuevo-renacer.com\/#\/schema\/logo\/image\/","url":"https:\/\/nuevo-renacer.com\/wp-content\/uploads\/2024\/05\/cropped-LOGO-TERMINADO1-3-3.png","contentUrl":"https:\/\/nuevo-renacer.com\/wp-content\/uploads\/2024\/05\/cropped-LOGO-TERMINADO1-3-3.png","width":512,"height":512,"caption":"UFEC"},"image":{"@id":"https:\/\/nuevo-renacer.com\/#\/schema\/logo\/image\/"},"sameAs":["https:\/\/www.facebook.com\/groups\/3431398063740829"]}]}},"uagb_featured_image_src":{"full":false,"thumbnail":false,"medium":false,"medium_large":false,"large":false,"1536x1536":false,"2048x2048":false,"trp-custom-language-flag":false},"uagb_author_info":{"display_name":"adbv0","author_link":"https:\/\/nuevo-renacer.com\/pt\/author\/adbv0\/"},"uagb_comment_info":0,"uagb_excerpt":"Francisco Peixoto Lins&nbsp; Peixotinho, como cari\u00f1osamente se lo llamaba, fue uno de los m\u00e9diums m\u00e1s famosos de Brasil, especialmente como m\u00e9dium de efectos f\u00edsicos. Su nombre completo es Francisco Peixoto Lins.&nbsp;Naci\u00f3 en la ciudad de Pacatuba, estado de Cear\u00e1 (el mismo del querido Bezerra de Menezes), el 1\u00ba de febrero de 1905 y desencarn\u00f3 el&hellip;","jetpack_sharing_enabled":true,"_links":{"self":[{"href":"https:\/\/nuevo-renacer.com\/pt\/wp-json\/wp\/v2\/pages\/3070","targetHints":{"allow":["GET"]}}],"collection":[{"href":"https:\/\/nuevo-renacer.com\/pt\/wp-json\/wp\/v2\/pages"}],"about":[{"href":"https:\/\/nuevo-renacer.com\/pt\/wp-json\/wp\/v2\/types\/page"}],"author":[{"embeddable":true,"href":"https:\/\/nuevo-renacer.com\/pt\/wp-json\/wp\/v2\/users\/1"}],"replies":[{"embeddable":true,"href":"https:\/\/nuevo-renacer.com\/pt\/wp-json\/wp\/v2\/comments?post=3070"}],"version-history":[{"count":3,"href":"https:\/\/nuevo-renacer.com\/pt\/wp-json\/wp\/v2\/pages\/3070\/revisions"}],"predecessor-version":[{"id":8331,"href":"https:\/\/nuevo-renacer.com\/pt\/wp-json\/wp\/v2\/pages\/3070\/revisions\/8331"}],"wp:attachment":[{"href":"https:\/\/nuevo-renacer.com\/pt\/wp-json\/wp\/v2\/media?parent=3070"}],"curies":[{"name":"wp","href":"https:\/\/api.w.org\/{rel}","templated":true}]}}