{"id":3066,"date":"2024-07-06T11:22:27","date_gmt":"2024-07-06T11:22:27","guid":{"rendered":"https:\/\/ufec-mundial.com\/?page_id=3066"},"modified":"2025-06-13T10:18:09","modified_gmt":"2025-06-13T10:18:09","slug":"johann-heinrich-pestalozzi","status":"publish","type":"page","link":"https:\/\/nuevo-renacer.com\/pt\/johann-heinrich-pestalozzi\/","title":{"rendered":"Johann Heinrich Pestalozzi"},"content":{"rendered":"<div class=\"wp-block-uagb-container uagb-block-49250629 alignfull uagb-is-root-container\"><div class=\"uagb-container-inner-blocks-wrap\">\n<p class=\"has-black-color has-text-color has-link-color has-medium-font-size wp-elements-9f2efc4a8104b157219567ba6511538b\"><strong>Johann Heinrich Pestalozzi <\/strong>( 1746 \u2013 1827&nbsp;)<\/p>\n<\/div><\/div>\n\n\n\n<div class=\"wp-block-uagb-container uagb-block-0bf46feb alignfull uagb-is-root-container\"><div class=\"uagb-container-inner-blocks-wrap\">\n<div class=\"wp-block-uagb-image alignleft uagb-block-3e2ab53a wp-block-uagb-image--layout-default wp-block-uagb-image--effect-static wp-block-uagb-image--align-left\"><figure class=\"wp-block-uagb-image__figure\"><img loading=\"lazy\" decoding=\"async\" srcset=\"https:\/\/nuevo-renacer.com\/wp-content\/uploads\/2024\/07\/Johann_Heinrich_Pestalozzi_Real_Academia_de_Bellas_Artes_de_San_Fernando_Madrid-1-785x1024.jpg ,https:\/\/ufec-mundial.com\/wp-content\/uploads\/2024\/07\/Johann_Heinrich_Pestalozzi_Real_Academia_de_Bellas_Artes_de_San_Fernando_Madrid-1-scaled.jpg 780w, https:\/\/nuevo-renacer.com\/wp-content\/uploads\/2024\/07\/Johann_Heinrich_Pestalozzi_Real_Academia_de_Bellas_Artes_de_San_Fernando_Madrid-1-785x1024.jpg 360w\" sizes=\"auto, (max-width: 480px) 150px\" src=\"https:\/\/nuevo-renacer.com\/wp-content\/uploads\/2024\/07\/Johann_Heinrich_Pestalozzi_Real_Academia_de_Bellas_Artes_de_San_Fernando_Madrid-1-785x1024.jpg\" alt=\"\" class=\"uag-image-3067\" width=\"341\" height=\"445\" title=\"Johann_Heinrich_Pestalozzi_Real_Academia_de_Bellas_Artes_de_San_Fernando_Madrid-1\" role=\"img\"\/><\/figure><\/div>\n<\/div><\/div>\n\n\n\n<div class=\"wp-block-uagb-container uagb-block-a30711e1 alignfull uagb-is-root-container\"><div class=\"uagb-container-inner-blocks-wrap\">\n<p class=\"has-black-color has-text-color has-link-color has-small-font-size wp-elements-e1bf05d1de512c5bec6a75c639cb3fec\">Johann Heinrich Pestalozzi, conhecido nos pa\u00edses de l\u00edngua inglesa como Enrique Pestalozzi, foi um pedagogo su\u00ed\u00e7o e reformador da pedagogia tradicional, que direcionou seu trabalho para a educa\u00e7\u00e3o popular. Ele foi o professor de Hippolyte Leon Denizard Rivail (Allan Kardec).&nbsp;<\/p>\n\n\n\n<p class=\"has-black-color has-text-color has-link-color has-small-font-size wp-elements-b1f746c156caac666214b443a77b6198\">Seu pai, um cirurgi\u00e3o, morreu quando ele tinha 6 anos de idade; portanto, a educa\u00e7\u00e3o da crian\u00e7a foi predominantemente maternal e desenvolveu nele um car\u00e1ter sentimental e t\u00edmido.&nbsp;<\/p>\n\n\n\n<p class=\"has-black-color has-text-color has-link-color has-small-font-size wp-elements-360e77508674da3ab16e18a596807a9b\">Aos 18 anos, ele frequenta a faculdade de ci\u00eancias humanas em Zurique e depois come\u00e7a a se formar em teologia, mas a leitura de Rousseau o faz abandonar seu objetivo eclesi\u00e1stico. Ele come\u00e7a a estudar jurisprud\u00eancia e depois passa um ano aprendendo t\u00e9cnicas agr\u00edcolas com um engenheiro.&nbsp;<\/p>\n\n\n\n<p class=\"has-black-color has-text-color has-link-color has-small-font-size wp-elements-dac8a6a4ec51803c11cb3b492f9c6c6e\">Em 1775, ele abriu uma escola para crian\u00e7as pobres em Neuhof, inspirada no Emile de Rousseau, cujos alunos n\u00e3o apenas eram instru\u00eddos por ele, mas tamb\u00e9m empregados em trabalhos remunerados. O projeto fracassou, assim como um projeto semelhante em Stans.&nbsp;<\/p>\n\n\n\n<p class=\"has-black-color has-text-color has-link-color has-small-font-size wp-elements-12479a70e67f299929b1957df2ad06b3\">Em 1797, publicou \u201cMy Inquiry into the Course of Nature in the Development of Mankind\u201d (Minha investiga\u00e7\u00e3o sobre o curso da natureza no desenvolvimento da humanidade), sua obra mais importante. Ele retomou sua pr\u00e1tica de ensino em um castelo em Berna, emprestado pelo governo, uma experi\u00eancia que refletiu em sua obra \u201cHow Gertrud Teaches Her Children\u201d (1801).&nbsp;<\/p>\n\n\n\n<p class=\"has-black-color has-text-color has-link-color has-small-font-size wp-elements-70c90f5fada324af07ca8a17570e70d3\">Ap\u00f3s a Revolu\u00e7\u00e3o Su\u00ed\u00e7a de 1798, o governo su\u00ed\u00e7o confia a Pestalozzi (que colaborou politicamente com ele) a educa\u00e7\u00e3o de \u00f3rf\u00e3os de guerra e crian\u00e7as pobres da regi\u00e3o. Com essa experi\u00eancia, que durou sete meses, Pestalozzi foi introduzido no mundo da educa\u00e7\u00e3o.&nbsp;<\/p>\n\n\n\n<p class=\"has-black-color has-text-color has-link-color has-small-font-size wp-elements-50e644c7f64fa9ed8384b65eddb8c6f7\">Em Yverdon (1804-1825), a institui\u00e7\u00e3o educacional de Pestalozzi atinge sua plenitude e reputa\u00e7\u00e3o internacional, ele aperfei\u00e7oa e difunde seu m\u00e9todo.&nbsp;<\/p>\n\n\n\n<p class=\"has-black-color has-text-color has-link-color has-small-font-size wp-elements-5c856daf45f2d04b6de06b0ff83b7a9b\">Em 1811, ele e seus colaboradores mencionam o sistema pestalozziano sob o nome de \u201ceduca\u00e7\u00e3o muito elementar\u201d, que consiste em fazer com que o processo de desenvolvimento humano (sens\u00edvel, intelectual e moral) siga o curso evolutivo da natureza da crian\u00e7a, sem antecip\u00e1-lo artificialmente. A educa\u00e7\u00e3o \u00e9 vista como uma \u201cajuda\u201d e a atividade educacional e de ensino como uma \u201carte\u201d. O n\u00facleo fundamental da educa\u00e7\u00e3o \u00e9 a fam\u00edlia.&nbsp;<\/p>\n\n\n\n<p class=\"has-black-color has-text-color has-link-color has-small-font-size wp-elements-581170ff173dcf228d9f1ef69dae2cac\">Para Pestalozzi, o objetivo da educa\u00e7\u00e3o \u00e9 desenvolver as habilidades humanas em sua tr\u00edplice atividade: Esp\u00edrito: vida intelectual, Cora\u00e7\u00e3o: vida moral, M\u00e3o: vida pr\u00e1tica. Ele tamb\u00e9m valorizava muito a educa\u00e7\u00e3o religiosa, desde que n\u00e3o fosse de car\u00e1ter dogm\u00e1tico ou confessional.&nbsp;<\/p>\n\n\n\n<p class=\"has-black-color has-text-color has-link-color has-small-font-size wp-elements-8186d6ec88d3a9e141be6d2f0205146b\">H\u00e1 tr\u00eas planos a serem destacados em seu pensamento: &nbsp;<\/p>\n\n\n\n<div class=\"wp-block-group is-layout-constrained wp-block-group-is-layout-constrained\">\n<p class=\"has-black-color has-text-color has-link-color has-small-font-size wp-elements-6c1850a2cb340e30102aaa9d99e8fad7\">1) Pedagogia naturalista: a crian\u00e7a deve ser educada em liberdade, para que possa agir \u00e0 sua maneira em contato com a natureza.<\/p>\n\n\n\n<p class=\"has-black-color has-text-color has-link-color has-small-font-size wp-elements-63afc54188381f3c2eab538d1e7ee432\">2) Um m\u00e9todo: intui\u00e7\u00e3o global<\/p>\n\n\n\n<p class=\"has-black-color has-text-color has-link-color has-small-font-size wp-elements-aa5743e4fa975b26d438cc3b455b1140\">3) O objetivo \u00e9 a educa\u00e7\u00e3o<\/p>\n<\/div>\n\n\n\n<p class=\"has-black-color has-text-color has-link-color has-small-font-size wp-elements-f82f62a7b14072b607fb97eb867c6fbb\">Em sua pedagogia naturalista, ele foi guiado por seu esp\u00edrito humanit\u00e1rio, sua dedica\u00e7\u00e3o ao povo e aos pobres. Ele foi o criador da escola popular, aberta a todos, regenerada em um esp\u00edrito social, nem p\u00fablico nem institucional.&nbsp;&nbsp;<\/p>\n\n\n\n<p class=\"has-black-color has-text-color has-link-color has-small-font-size wp-elements-363911ecde30585fc6828af1ec7b3d14\">Para Pestalozzi, a fun\u00e7\u00e3o social da educa\u00e7\u00e3o era integrar as crian\u00e7as pobres \u00e0 vida social, ensinando-lhes um of\u00edcio. Ele acreditava que seus pr\u00f3prios alunos, em longo prazo, seriam os educadores de amanh\u00e3. Para ele, a educa\u00e7\u00e3o tinha de ser igualit\u00e1ria, ou seja, educar as pessoas marginalizadas. Ele tinha plena confian\u00e7a nas virtudes da educa\u00e7\u00e3o popular.&nbsp;<\/p>\n\n\n\n<p class=\"has-black-color has-text-color has-link-color has-small-font-size wp-elements-4940fac4616f9682a916c7f15d7d8855\">Como um rousseauniano, ele colocou o naturalismo de Rousseau em pr\u00e1tica, por exemplo: n\u00e3o ensinou seus filhos a ler at\u00e9 os 11 anos de idade.&nbsp;<\/p>\n\n\n\n<p class=\"has-black-color has-text-color has-link-color has-small-font-size wp-elements-0419bff286c41979bdc5ca533386142c\">Com rela\u00e7\u00e3o ao m\u00e9todo intuitivo, ele escreveu: &nbsp;<\/p>\n\n\n\n<p class=\"has-black-color has-text-color has-link-color has-small-font-size wp-elements-61dc037a8ff290015e8f491b1896f35a\">&nbsp;<br>\u201cAcredito que n\u00e3o podemos sonhar em alcan\u00e7ar o progresso na instru\u00e7\u00e3o do povo at\u00e9 que tenhamos encontrado formas de ensino que fa\u00e7am do professor, pelo menos at\u00e9 o final dos estudos elementares, o simples instrumento mec\u00e2nico de um m\u00e9todo que deve seus resultados \u00e0 natureza de seus procedimentos, e n\u00e3o \u00e0 habilidade da pessoa que o pratica\u201d.&nbsp;<\/p>\n\n\n\n<p class=\"has-black-color has-text-color has-link-color has-small-font-size wp-elements-77269249113f2b97b38a2f004a15b30a\">Pestalozzi ainda exerce uma profunda influ\u00eancia em todos os aspectos da educa\u00e7\u00e3o atualmente e \u00e9 conhecido como \u201co educador da humanidade\u201d.&nbsp;&nbsp;<\/p>\n\n\n\n<p class=\"has-black-color has-text-color has-link-color has-small-font-size wp-elements-61b52d8514415ab56777f4a822f23462\">Como escritor, ele publicou os seguintes trabalhos:&nbsp;<\/p>\n\n\n\n<div class=\"wp-block-group is-layout-constrained wp-block-group-is-layout-constrained\">\n<p class=\"has-black-color has-text-color has-link-color has-small-font-size wp-elements-6ed73f13c3ea592cdac471e3aa90d1ab\">\u201cAs noites de um eremita\u201d (1780)&nbsp;<\/p>\n\n\n\n<p class=\"has-black-color has-text-color has-link-color has-small-font-size wp-elements-59e51dc2ea4a29552e0dce78455d2ec8\">\u201cLeonardo y Gertrudis\u201d (1781), um romance pedag\u00f3gico.&nbsp;<\/p>\n\n\n\n<p class=\"has-black-color has-text-color has-link-color has-small-font-size wp-elements-e42877f98e301b05f6cfc79ffa97659f\">\u201cChristopher e Elsa\u201d (1782)&nbsp;<\/p>\n\n\n\n<p class=\"has-black-color has-text-color has-link-color has-small-font-size wp-elements-9a812aca01eb08b4cbd72da6ed3d01ba\">\"Minhas pesquisas sobre a marcha da natureza no desenvolvimento do g\u00eanero humano\" (1797)&nbsp;<\/p>\n\n\n\n<p class=\"has-black-color has-text-color has-link-color has-small-font-size wp-elements-a8231f42b488f4e61434659f8a8dddd1\">\u201cComo Gertrude ensina seus filhos\u201d (1801)&nbsp;<\/p>\n\n\n\n<p class=\"has-black-color has-text-color has-link-color has-small-font-size wp-elements-a8b17ae1963972beba9d87b9f1ef9f17\">Em 1803, o governo publicou seus tr\u00eas livros elementares:&nbsp;<\/p>\n\n\n\n<p class=\"has-black-color has-text-color has-link-color has-small-font-size wp-elements-7d41b5b187326e10c570355b0d01e2a0\">\u201cO Livro das M\u00e3es\u201d&nbsp;<\/p>\n\n\n\n<p class=\"has-black-color has-text-color has-link-color has-small-font-size wp-elements-d8983f4c6c54b2c6e8a985271bd1721c\">\u201cA B C da intui\u00e7\u00e3o\u201d&nbsp;<\/p>\n\n\n\n<p class=\"has-black-color has-text-color has-link-color has-small-font-size wp-elements-36dca1ff98d2cdf3f8bddafff6102612\">\u201cO ensino intuitivo de rela\u00e7\u00f5es num\u00e9ricas\u201d&nbsp;<\/p>\n<\/div>\n\n\n\n<p class=\"has-black-color has-text-color has-link-color has-small-font-size wp-elements-6d6773e4b0991f135a2e07f309612aee\">Ele passou os \u00faltimos anos de sua vida em Neuhof. L\u00e1 escreveu \u201cThe Swan Song\u201d (O Canto do Cisne), uma obra em retrospecto que condensa os principais pontos de sua doutrina e destinos, na qual ele se refere \u00e0s experi\u00eancias, \u00e0s vezes amargas, de sua vida como educador.&nbsp;&nbsp;<\/p>\n\n\n\n<p class=\"has-black-color has-text-color has-link-color has-small-font-size wp-elements-bef8a2a47533e05f71def5181ab1d1b6\">Fundador da nova escola popular em Yverdon, com oitenta anos de vida dedicados ao servi\u00e7o do povo. Morreu em Brugg em 17 de fevereiro de 1827.<\/p>\n<\/div><\/div>\n\n\n\n<div class=\"wp-block-uagb-container uagb-block-9c775feb alignfull uagb-is-root-container\"><div class=\"uagb-container-inner-blocks-wrap\"><\/div><\/div>\n\n\n\n<div class=\"wp-block-uagb-container uagb-block-5e464727 alignfull uagb-is-root-container\"><div class=\"uagb-container-inner-blocks-wrap\"><\/div><\/div>","protected":false},"excerpt":{"rendered":"<p>Johann Heinrich Pestalozzi ( 1746 \u2013 1827&nbsp;) Johann Heinrich Pestalozzi conocido en los pa\u00edses de lengua espa\u00f1ola como Enrique Pestalozzi, fue un pedagogo suizo y reformador de la pedagog\u00eda tradicional, pues dirigi\u00f3 su labor hacia la educaci\u00f3n popular. Fue el profesor de Hippolyte Le\u00f3n Denizard Rivail (Allan kardec)&nbsp; Su padre, cirujano, falleci\u00f3 cuando \u00e9l ten\u00eda [&hellip;]<\/p>","protected":false},"author":1,"featured_media":0,"parent":0,"menu_order":0,"comment_status":"closed","ping_status":"closed","template":"","meta":{"_uag_custom_page_level_css":"","site-sidebar-layout":"default","site-content-layout":"","ast-site-content-layout":"default","site-content-style":"default","site-sidebar-style":"default","ast-global-header-display":"","ast-banner-title-visibility":"","ast-main-header-display":"","ast-hfb-above-header-display":"","ast-hfb-below-header-display":"","ast-hfb-mobile-header-display":"","site-post-title":"disabled","ast-breadcrumbs-content":"","ast-featured-img":"","footer-sml-layout":"","theme-transparent-header-meta":"","adv-header-id-meta":"","stick-header-meta":"","header-above-stick-meta":"","header-main-stick-meta":"","header-below-stick-meta":"","astra-migrate-meta-layouts":"set","ast-page-background-enabled":"default","ast-page-background-meta":{"desktop":{"background-color":"var(--ast-global-color-4)","background-image":"","background-repeat":"repeat","background-position":"center center","background-size":"auto","background-attachment":"scroll","background-type":"","background-media":"","overlay-type":"","overlay-color":"","overlay-opacity":"","overlay-gradient":""},"tablet":{"background-color":"","background-image":"","background-repeat":"repeat","background-position":"center center","background-size":"auto","background-attachment":"scroll","background-type":"","background-media":"","overlay-type":"","overlay-color":"","overlay-opacity":"","overlay-gradient":""},"mobile":{"background-color":"","background-image":"","background-repeat":"repeat","background-position":"center center","background-size":"auto","background-attachment":"scroll","background-type":"","background-media":"","overlay-type":"","overlay-color":"","overlay-opacity":"","overlay-gradient":""}},"ast-content-background-meta":{"desktop":{"background-color":"var(--ast-global-color-5)","background-image":"","background-repeat":"repeat","background-position":"center center","background-size":"auto","background-attachment":"scroll","background-type":"","background-media":"","overlay-type":"","overlay-color":"","overlay-opacity":"","overlay-gradient":""},"tablet":{"background-color":"var(--ast-global-color-5)","background-image":"","background-repeat":"repeat","background-position":"center center","background-size":"auto","background-attachment":"scroll","background-type":"","background-media":"","overlay-type":"","overlay-color":"","overlay-opacity":"","overlay-gradient":""},"mobile":{"background-color":"var(--ast-global-color-5)","background-image":"","background-repeat":"repeat","background-position":"center center","background-size":"auto","background-attachment":"scroll","background-type":"","background-media":"","overlay-type":"","overlay-color":"","overlay-opacity":"","overlay-gradient":""}},"footnotes":""},"class_list":["post-3066","page","type-page","status-publish","hentry"],"yoast_head":"<!-- This site is optimized with the Yoast SEO Premium plugin v24.2 (Yoast SEO v24.6) - https:\/\/yoast.com\/wordpress\/plugins\/seo\/ -->\n<title>Johann Heinrich Pestalozzi - Uni\u00f3n Esp\u00edrita<\/title>\n<meta name=\"robots\" content=\"index, follow, max-snippet:-1, max-image-preview:large, max-video-preview:-1\" \/>\n<link rel=\"canonical\" href=\"https:\/\/nuevo-renacer.com\/pt\/johann-heinrich-pestalozzi\/\" \/>\n<meta property=\"og:locale\" content=\"pt_BR\" \/>\n<meta property=\"og:type\" content=\"article\" \/>\n<meta property=\"og:title\" content=\"Johann Heinrich Pestalozzi\" \/>\n<meta property=\"og:description\" content=\"Johann Heinrich Pestalozzi ( 1746 \u2013 1827&nbsp;) Johann Heinrich Pestalozzi conocido en los pa\u00edses de lengua espa\u00f1ola como Enrique Pestalozzi, fue un pedagogo suizo y reformador de la pedagog\u00eda tradicional, pues dirigi\u00f3 su labor hacia la educaci\u00f3n popular. Fue el profesor de Hippolyte Le\u00f3n Denizard Rivail (Allan kardec)&nbsp; Su padre, cirujano, falleci\u00f3 cuando \u00e9l ten\u00eda [&hellip;]\" \/>\n<meta property=\"og:url\" content=\"https:\/\/nuevo-renacer.com\/pt\/johann-heinrich-pestalozzi\/\" \/>\n<meta property=\"og:site_name\" content=\"Uni\u00f3n Esp\u00edrita\" \/>\n<meta property=\"article:publisher\" content=\"https:\/\/www.facebook.com\/groups\/3431398063740829\" \/>\n<meta property=\"article:modified_time\" content=\"2025-06-13T10:18:09+00:00\" \/>\n<meta property=\"og:image\" content=\"https:\/\/nuevo-renacer.com\/wp-content\/uploads\/2024\/07\/Johann_Heinrich_Pestalozzi_Real_Academia_de_Bellas_Artes_de_San_Fernando_Madrid-1-785x1024.jpg\" \/>\n<meta name=\"twitter:card\" content=\"summary_large_image\" \/>\n<meta name=\"twitter:label1\" content=\"Est. tempo de leitura\" \/>\n\t<meta name=\"twitter:data1\" content=\"5 minutos\" \/>\n<script type=\"application\/ld+json\" class=\"yoast-schema-graph\">{\"@context\":\"https:\/\/schema.org\",\"@graph\":[{\"@type\":\"WebPage\",\"@id\":\"https:\/\/nuevo-renacer.com\/johann-heinrich-pestalozzi\/\",\"url\":\"https:\/\/nuevo-renacer.com\/johann-heinrich-pestalozzi\/\",\"name\":\"Johann Heinrich Pestalozzi - Uni\u00f3n Esp\u00edrita\",\"isPartOf\":{\"@id\":\"https:\/\/nuevo-renacer.com\/#website\"},\"primaryImageOfPage\":{\"@id\":\"https:\/\/nuevo-renacer.com\/johann-heinrich-pestalozzi\/#primaryimage\"},\"image\":{\"@id\":\"https:\/\/nuevo-renacer.com\/johann-heinrich-pestalozzi\/#primaryimage\"},\"thumbnailUrl\":\"https:\/\/nuevo-renacer.com\/wp-content\/uploads\/2024\/07\/Johann_Heinrich_Pestalozzi_Real_Academia_de_Bellas_Artes_de_San_Fernando_Madrid-1-785x1024.jpg\",\"datePublished\":\"2024-07-06T11:22:27+00:00\",\"dateModified\":\"2025-06-13T10:18:09+00:00\",\"breadcrumb\":{\"@id\":\"https:\/\/nuevo-renacer.com\/johann-heinrich-pestalozzi\/#breadcrumb\"},\"inLanguage\":\"pt-BR\",\"potentialAction\":[{\"@type\":\"ReadAction\",\"target\":[\"https:\/\/nuevo-renacer.com\/johann-heinrich-pestalozzi\/\"]}]},{\"@type\":\"ImageObject\",\"inLanguage\":\"pt-BR\",\"@id\":\"https:\/\/nuevo-renacer.com\/johann-heinrich-pestalozzi\/#primaryimage\",\"url\":\"https:\/\/nuevo-renacer.com\/wp-content\/uploads\/2024\/07\/Johann_Heinrich_Pestalozzi_Real_Academia_de_Bellas_Artes_de_San_Fernando_Madrid-1-785x1024.jpg\",\"contentUrl\":\"https:\/\/nuevo-renacer.com\/wp-content\/uploads\/2024\/07\/Johann_Heinrich_Pestalozzi_Real_Academia_de_Bellas_Artes_de_San_Fernando_Madrid-1-785x1024.jpg\"},{\"@type\":\"BreadcrumbList\",\"@id\":\"https:\/\/nuevo-renacer.com\/johann-heinrich-pestalozzi\/#breadcrumb\",\"itemListElement\":[{\"@type\":\"ListItem\",\"position\":1,\"name\":\"Startseite\",\"item\":\"https:\/\/nuevo-renacer.com\/\"},{\"@type\":\"ListItem\",\"position\":2,\"name\":\"Johann Heinrich Pestalozzi\"}]},{\"@type\":\"WebSite\",\"@id\":\"https:\/\/nuevo-renacer.com\/#website\",\"url\":\"https:\/\/nuevo-renacer.com\/\",\"name\":\"Uni\u00f3n Esp\u00edrita\",\"description\":\"Nuevo Renacer\",\"publisher\":{\"@id\":\"https:\/\/nuevo-renacer.com\/#organization\"},\"potentialAction\":[{\"@type\":\"SearchAction\",\"target\":{\"@type\":\"EntryPoint\",\"urlTemplate\":\"https:\/\/nuevo-renacer.com\/?s={search_term_string}\"},\"query-input\":{\"@type\":\"PropertyValueSpecification\",\"valueRequired\":true,\"valueName\":\"search_term_string\"}}],\"inLanguage\":\"pt-BR\"},{\"@type\":\"Organization\",\"@id\":\"https:\/\/nuevo-renacer.com\/#organization\",\"name\":\"UFEC\",\"url\":\"https:\/\/nuevo-renacer.com\/\",\"logo\":{\"@type\":\"ImageObject\",\"inLanguage\":\"pt-BR\",\"@id\":\"https:\/\/nuevo-renacer.com\/#\/schema\/logo\/image\/\",\"url\":\"https:\/\/nuevo-renacer.com\/wp-content\/uploads\/2024\/05\/cropped-LOGO-TERMINADO1-3-3.png\",\"contentUrl\":\"https:\/\/nuevo-renacer.com\/wp-content\/uploads\/2024\/05\/cropped-LOGO-TERMINADO1-3-3.png\",\"width\":512,\"height\":512,\"caption\":\"UFEC\"},\"image\":{\"@id\":\"https:\/\/nuevo-renacer.com\/#\/schema\/logo\/image\/\"},\"sameAs\":[\"https:\/\/www.facebook.com\/groups\/3431398063740829\"]}]}<\/script>\n<!-- \/ Yoast SEO Premium plugin. -->","yoast_head_json":{"title":"Johann Heinrich Pestalozzi - Uni\u00f3n Esp\u00edrita","robots":{"index":"index","follow":"follow","max-snippet":"max-snippet:-1","max-image-preview":"max-image-preview:large","max-video-preview":"max-video-preview:-1"},"canonical":"https:\/\/nuevo-renacer.com\/pt\/johann-heinrich-pestalozzi\/","og_locale":"pt_BR","og_type":"article","og_title":"Johann Heinrich Pestalozzi","og_description":"Johann Heinrich Pestalozzi ( 1746 \u2013 1827&nbsp;) Johann Heinrich Pestalozzi conocido en los pa\u00edses de lengua espa\u00f1ola como Enrique Pestalozzi, fue un pedagogo suizo y reformador de la pedagog\u00eda tradicional, pues dirigi\u00f3 su labor hacia la educaci\u00f3n popular. Fue el profesor de Hippolyte Le\u00f3n Denizard Rivail (Allan kardec)&nbsp; Su padre, cirujano, falleci\u00f3 cuando \u00e9l ten\u00eda [&hellip;]","og_url":"https:\/\/nuevo-renacer.com\/pt\/johann-heinrich-pestalozzi\/","og_site_name":"Uni\u00f3n Esp\u00edrita","article_publisher":"https:\/\/www.facebook.com\/groups\/3431398063740829","article_modified_time":"2025-06-13T10:18:09+00:00","og_image":[{"url":"https:\/\/nuevo-renacer.com\/wp-content\/uploads\/2024\/07\/Johann_Heinrich_Pestalozzi_Real_Academia_de_Bellas_Artes_de_San_Fernando_Madrid-1-785x1024.jpg","type":"","width":"","height":""}],"twitter_card":"summary_large_image","twitter_misc":{"Est. tempo de leitura":"5 minutos"},"schema":{"@context":"https:\/\/schema.org","@graph":[{"@type":"WebPage","@id":"https:\/\/nuevo-renacer.com\/johann-heinrich-pestalozzi\/","url":"https:\/\/nuevo-renacer.com\/johann-heinrich-pestalozzi\/","name":"Johann Heinrich Pestalozzi - Uni\u00f3n Esp\u00edrita","isPartOf":{"@id":"https:\/\/nuevo-renacer.com\/#website"},"primaryImageOfPage":{"@id":"https:\/\/nuevo-renacer.com\/johann-heinrich-pestalozzi\/#primaryimage"},"image":{"@id":"https:\/\/nuevo-renacer.com\/johann-heinrich-pestalozzi\/#primaryimage"},"thumbnailUrl":"https:\/\/nuevo-renacer.com\/wp-content\/uploads\/2024\/07\/Johann_Heinrich_Pestalozzi_Real_Academia_de_Bellas_Artes_de_San_Fernando_Madrid-1-785x1024.jpg","datePublished":"2024-07-06T11:22:27+00:00","dateModified":"2025-06-13T10:18:09+00:00","breadcrumb":{"@id":"https:\/\/nuevo-renacer.com\/johann-heinrich-pestalozzi\/#breadcrumb"},"inLanguage":"pt-BR","potentialAction":[{"@type":"ReadAction","target":["https:\/\/nuevo-renacer.com\/johann-heinrich-pestalozzi\/"]}]},{"@type":"ImageObject","inLanguage":"pt-BR","@id":"https:\/\/nuevo-renacer.com\/johann-heinrich-pestalozzi\/#primaryimage","url":"https:\/\/nuevo-renacer.com\/wp-content\/uploads\/2024\/07\/Johann_Heinrich_Pestalozzi_Real_Academia_de_Bellas_Artes_de_San_Fernando_Madrid-1-785x1024.jpg","contentUrl":"https:\/\/nuevo-renacer.com\/wp-content\/uploads\/2024\/07\/Johann_Heinrich_Pestalozzi_Real_Academia_de_Bellas_Artes_de_San_Fernando_Madrid-1-785x1024.jpg"},{"@type":"BreadcrumbList","@id":"https:\/\/nuevo-renacer.com\/johann-heinrich-pestalozzi\/#breadcrumb","itemListElement":[{"@type":"ListItem","position":1,"name":"Startseite","item":"https:\/\/nuevo-renacer.com\/"},{"@type":"ListItem","position":2,"name":"Johann Heinrich Pestalozzi"}]},{"@type":"WebSite","@id":"https:\/\/nuevo-renacer.com\/#website","url":"https:\/\/nuevo-renacer.com\/","name":"Uni\u00f3n Esp\u00edrita","description":"Nuevo Renacer","publisher":{"@id":"https:\/\/nuevo-renacer.com\/#organization"},"potentialAction":[{"@type":"SearchAction","target":{"@type":"EntryPoint","urlTemplate":"https:\/\/nuevo-renacer.com\/?s={search_term_string}"},"query-input":{"@type":"PropertyValueSpecification","valueRequired":true,"valueName":"search_term_string"}}],"inLanguage":"pt-BR"},{"@type":"Organization","@id":"https:\/\/nuevo-renacer.com\/#organization","name":"UFEC","url":"https:\/\/nuevo-renacer.com\/","logo":{"@type":"ImageObject","inLanguage":"pt-BR","@id":"https:\/\/nuevo-renacer.com\/#\/schema\/logo\/image\/","url":"https:\/\/nuevo-renacer.com\/wp-content\/uploads\/2024\/05\/cropped-LOGO-TERMINADO1-3-3.png","contentUrl":"https:\/\/nuevo-renacer.com\/wp-content\/uploads\/2024\/05\/cropped-LOGO-TERMINADO1-3-3.png","width":512,"height":512,"caption":"UFEC"},"image":{"@id":"https:\/\/nuevo-renacer.com\/#\/schema\/logo\/image\/"},"sameAs":["https:\/\/www.facebook.com\/groups\/3431398063740829"]}]}},"uagb_featured_image_src":{"full":false,"thumbnail":false,"medium":false,"medium_large":false,"large":false,"1536x1536":false,"2048x2048":false,"trp-custom-language-flag":false},"uagb_author_info":{"display_name":"adbv0","author_link":"https:\/\/nuevo-renacer.com\/pt\/author\/adbv0\/"},"uagb_comment_info":0,"uagb_excerpt":"Johann Heinrich Pestalozzi ( 1746 \u2013 1827&nbsp;) Johann Heinrich Pestalozzi conocido en los pa\u00edses de lengua espa\u00f1ola como Enrique Pestalozzi, fue un pedagogo suizo y reformador de la pedagog\u00eda tradicional, pues dirigi\u00f3 su labor hacia la educaci\u00f3n popular. Fue el profesor de Hippolyte Le\u00f3n Denizard Rivail (Allan kardec)&nbsp; Su padre, cirujano, falleci\u00f3 cuando \u00e9l ten\u00eda&hellip;","jetpack_sharing_enabled":true,"_links":{"self":[{"href":"https:\/\/nuevo-renacer.com\/pt\/wp-json\/wp\/v2\/pages\/3066","targetHints":{"allow":["GET"]}}],"collection":[{"href":"https:\/\/nuevo-renacer.com\/pt\/wp-json\/wp\/v2\/pages"}],"about":[{"href":"https:\/\/nuevo-renacer.com\/pt\/wp-json\/wp\/v2\/types\/page"}],"author":[{"embeddable":true,"href":"https:\/\/nuevo-renacer.com\/pt\/wp-json\/wp\/v2\/users\/1"}],"replies":[{"embeddable":true,"href":"https:\/\/nuevo-renacer.com\/pt\/wp-json\/wp\/v2\/comments?post=3066"}],"version-history":[{"count":6,"href":"https:\/\/nuevo-renacer.com\/pt\/wp-json\/wp\/v2\/pages\/3066\/revisions"}],"predecessor-version":[{"id":8336,"href":"https:\/\/nuevo-renacer.com\/pt\/wp-json\/wp\/v2\/pages\/3066\/revisions\/8336"}],"wp:attachment":[{"href":"https:\/\/nuevo-renacer.com\/pt\/wp-json\/wp\/v2\/media?parent=3066"}],"curies":[{"name":"wp","href":"https:\/\/api.w.org\/{rel}","templated":true}]}}